{"id":38486,"date":"2026-01-03T18:32:00","date_gmt":"2026-01-03T17:32:00","guid":{"rendered":"https:\/\/paragaleriedetalborjt.com\/?post_type=product&#038;p=38486"},"modified":"2026-01-03T20:15:01","modified_gmt":"2026-01-03T19:15:01","slug":"eucerin-hyaluron-filler-elasticity-nuit-50-ml","status":"publish","type":"product","link":"https:\/\/paragaleriedetalborjt.com\/en\/boutique\/eucerin-hyaluron-filler-elasticity-nuit-50-ml\/","title":{"rendered":"Eucerin  HYALURON FILLER + ELASTICITY NUIT 50 ML"},"content":{"rendered":"<div aria-labelledby=\"tab-title-description\" class=\"woocommerce-Tabs-panel woocommerce-Tabs-panel--description panel entry-content wc-tab\" id=\"tab-description\" role=\"tabpanel\" style=\"\">\n<h2>Description<\/h2>\n<p><strong>EUCERIN Hyaluron-Filler+ Elasticity, Anti-\u00e2ge, Am\u00e9liore l\u2019\u00e9lasticit\u00e9 de la peau, Comble les rides profondes, Soin de nuit, 50ml.<\/strong><br \/>\nLe Soin de Nuit peaux matures Hyaluron-Filler + Elasticity, sp\u00e9cialement formul\u00e9 pour att\u00e9nuer les signes avanc\u00e9s du vieillissement, acc\u00e9l\u00e8re et intensifie le renouvellement cellulaire pendant la nuit.<br \/>\nIl permet notamment :<br \/>\n\u2013 L\u2019am\u00e9lioration de l\u2019\u00e9lasticit\u00e9 : le Complexe Collag\u00e8ne-\u00c9lastine, une puissante combinaison d\u2019Arctiine et de Cr\u00e9atine, stimule la production naturelle de collag\u00e8ne** et augmente l\u2019\u00e9lasticit\u00e9 de la peau.<br \/>\n\u2013 La r\u00e9duction des taches brunes li\u00e9es \u00e0 l\u2019\u00e2ge : la formule au Thiamidol* r\u00e9duit de fa\u00e7on cliniquement prouv\u00e9e l\u2019apparence des taches brunes li\u00e9es \u00e0 l\u2019\u00e2ge (premiers r\u00e9sultats visibles d\u00e8s 2 semaines***).<br \/>\n\u2013 Le comblement des rides : la formule avec de l\u2019Acide hyaluronique de haut et bas poids mol\u00e9culaire hydrate et comble visiblement les rides, m\u00eame profondes.<br \/>\nLa formule avec de l\u2019Huile d\u2019Argan, riche en acides gras, aide \u00e0 r\u00e9g\u00e9n\u00e9rer et nourrit intens\u00e9ment la peau durant la nuit. L\u2019Huile d\u2019Argan contient jusqu\u2019\u00e0 80 % d\u2019acides gras essentiels (om\u00e9ga-9 et om\u00e9ga-6). Elle est \u00e9galement riche en Vitamine E (un puissant antioxydant), elle a des propri\u00e9t\u00e9s apaisantes et \u00e9mollientes (elle peut rendre la peau plus douce et plus lisse au toucher).<br \/>\nDes \u00e9tudes cliniques et dermatologiques le prouvent, le Soin de Nuit peaux matures Hyaluron-Filler + Elasticity vous garantit une excellente efficacit\u00e9 et une tr\u00e8s bonne tol\u00e9rance cutan\u00e9e.<br \/>\n*Thiamidol brevet\u00e9 (EP 2 758 381 B1) France, Belgique, Pays-Bas. **Tests in vitro.<br \/>\n***\u00c9tude clinique, 32 volontaires, 12 semaines, \u00e9valuation clinique et auto-\u00e9valuation.<br \/>\n<span style=\"color: #ff0000;\"><strong>COMPOSITIONS &amp; INGR\u00c9DIENTS :<\/strong><\/span><br \/>\nFormule INCI : Aqua, glycerin, cetearyl alcohol, butylene glycol, caprylic\/capric triglyceride, panthenol, glyceryl stearate citrate, hydroxypropyl starch phosphate, argania spinosa kernel oil, hydrogenated coco-glycerides, butyrospermum parkii butter, sodium hyaluronate, arctium lappa fruit extract, creatine, 1-methylhydantoin-2-imide, isobutylamido thiazolyl resorcinol, pantolactone, tocopherol, tapioca starch, xanthan gum, sodium hydroxide, citric acid, dimethicone, trisodium EDTA, caprylyl glycol, 1,2-hexanediol, phenoxyethanol, pentaerythrityl tetra-di-t-butyl hydroxy-hydrocinnamate, parfum.<br \/>\nEviter tout contact avec les yeux.<br \/>\nNe pas conserver ce produit \u00e0 plus de 25\u00b0C.<br \/>\nLa liste des ingr\u00e9dients peut \u00eatre soumise \u00e0 des variations, nous vous conseillons de toujours v\u00e9rifier la liste figurant sur le produit achet\u00e9.<br \/>\n<strong><span style=\"color: #ff0000;\">CONSEILS D\u2019UTILISATION :<\/span><\/strong><br \/>\nAppliquer une noisette de produit chaque soir sur le front, le menton, le nez et les joues pr\u00e9alablement nettoy\u00e9s. Faire p\u00e9n\u00e9trer en effectuant de l\u00e9gers massages circulaires.<\/p>\n<\/div>","protected":false},"excerpt":{"rendered":"<p>Highlights:EUCERIN Hyaluron-Filler+ Elasticity, Anti-\u00e2ge, Am\u00e9liore l\u2019\u00e9lasticit\u00e9 de la peau, Comble les rides profondes, Soin de nuit, 50ml.Le Soin de Nuit peaux matures Hyaluron-Filler + Elasticity, sp\u00e9cialement formul\u00e9 pour att\u00e9nuer les signes avanc\u00e9s du vieillissement, acc\u00e9l\u00e8re et intensifie le renouvellement cellulaire pendant la nuit.Il permet notamment :\u2013 L\u2019am\u00e9lioration de l\u2019\u00e9lasticit\u00e9 : le Complexe Collag\u00e8ne-\u00c9lastine, une puissante combinaison d\u2019Arctiine et de Cr\u00e9atine, stimule la production naturelle de collag\u00e8ne** et augmente l\u2019\u00e9lasticit\u00e9 de la peau.\u2013 La r\u00e9duction des taches brunes li\u00e9es \u00e0 l\u2019\u00e2ge : la formule au Thiamidol* r\u00e9duit de fa\u00e7on cliniquement prouv\u00e9e l\u2019apparence des taches brunes li\u00e9es \u00e0 l\u2019\u00e2ge (premiers r\u00e9sultats visibles d\u00e8s 2 semaines***).\u2013 Le comblement des rides : la formule avec de l\u2019Acide hyaluronique de haut et bas poids mol\u00e9culaire hydrate et comble visiblement les rides, m\u00eame profondes.La formule avec de l\u2019Huile d\u2019Argan, riche en acides gras, aide \u00e0 r\u00e9g\u00e9n\u00e9rer et nourrit intens\u00e9ment la peau durant la nuit. L\u2019Huile d\u2019Argan contient jusqu\u2019\u00e0 80 % d\u2019acides gras essentiels (om\u00e9ga-9 et om\u00e9ga-6). Elle est \u00e9galement riche en Vitamine E (un puissant antioxydant), elle a des propri\u00e9t\u00e9s apaisantes et \u00e9mollientes (elle peut rendre la peau plus douce et plus lisse au toucher).Des \u00e9tudes cliniques et dermatologiques le prouvent, le Soin de Nuit peaux matures Hyaluron-Filler + Elasticity vous garantit une excellente efficacit\u00e9 et une tr\u00e8s bonne tol\u00e9rance cutan\u00e9e.*Thiamidol brevet\u00e9 (EP 2 758 381 B1) France, Belgique, Pays-Bas. **Tests in vitro.***\u00c9tude clinique, 32 volontaires, 12 semaines, \u00e9valuation clinique et auto-\u00e9valuation.<\/p>","protected":false},"featured_media":38487,"comment_status":"open","ping_status":"closed","template":"","meta":[],"pwb-brand":[1582],"product_cat":[16],"product_tag":[],"class_list":{"0":"post-38486","1":"product","2":"type-product","3":"status-publish","4":"has-post-thumbnail","6":"pwb-brand-eucerin","7":"product_cat-non-classe","8":"pa_brands-eucerin","10":"first","11":"instock","12":"sale","13":"shipping-taxable","14":"purchasable","15":"product-type-simple"},"yoast_head":"<!-- This site is optimized with the Yoast SEO plugin v27.5 - https:\/\/yoast.com\/product\/yoast-seo-wordpress\/ -->\n<title>Eucerin HYALURON FILLER + ELASTICITY NUIT 50 ML - paragaleriedetalborjt<\/title>\n<meta name=\"robots\" content=\"index, follow, max-snippet:-1, max-image-preview:large, max-video-preview:-1\" \/>\n<link rel=\"canonical\" href=\"https:\/\/paragaleriedetalborjt.com\/en\/boutique\/eucerin-hyaluron-filler-elasticity-nuit-50-ml\/\" \/>\n<meta property=\"og:locale\" content=\"en_US\" \/>\n<meta property=\"og:type\" content=\"article\" \/>\n<meta property=\"og:title\" content=\"Eucerin HYALURON FILLER + ELASTICITY NUIT 50 ML - paragaleriedetalborjt\" \/>\n<meta property=\"og:description\" content=\"Highlights:EUCERIN Hyaluron-Filler+ Elasticity, Anti-\u00e2ge, Am\u00e9liore l\u2019\u00e9lasticit\u00e9 de la peau, Comble les rides profondes, Soin de nuit, 50ml.Le Soin de Nuit peaux matures Hyaluron-Filler + Elasticity, sp\u00e9cialement formul\u00e9 pour att\u00e9nuer les signes avanc\u00e9s du vieillissement, acc\u00e9l\u00e8re et intensifie le renouvellement cellulaire pendant la nuit.Il permet notamment :\u2013 L\u2019am\u00e9lioration de l\u2019\u00e9lasticit\u00e9 : le Complexe Collag\u00e8ne-\u00c9lastine, une puissante combinaison d\u2019Arctiine et de Cr\u00e9atine, stimule la production naturelle de collag\u00e8ne** et augmente l\u2019\u00e9lasticit\u00e9 de la peau.\u2013 La r\u00e9duction des taches brunes li\u00e9es \u00e0 l\u2019\u00e2ge : la formule au Thiamidol* r\u00e9duit de fa\u00e7on cliniquement prouv\u00e9e l\u2019apparence des taches brunes li\u00e9es \u00e0 l\u2019\u00e2ge (premiers r\u00e9sultats visibles d\u00e8s 2 semaines***).\u2013 Le comblement des rides : la formule avec de l\u2019Acide hyaluronique de haut et bas poids mol\u00e9culaire hydrate et comble visiblement les rides, m\u00eame profondes.La formule avec de l\u2019Huile d\u2019Argan, riche en acides gras, aide \u00e0 r\u00e9g\u00e9n\u00e9rer et nourrit intens\u00e9ment la peau durant la nuit. L\u2019Huile d\u2019Argan contient jusqu\u2019\u00e0 80 % d\u2019acides gras essentiels (om\u00e9ga-9 et om\u00e9ga-6). Elle est \u00e9galement riche en Vitamine E (un puissant antioxydant), elle a des propri\u00e9t\u00e9s apaisantes et \u00e9mollientes (elle peut rendre la peau plus douce et plus lisse au toucher).Des \u00e9tudes cliniques et dermatologiques le prouvent, le Soin de Nuit peaux matures Hyaluron-Filler + Elasticity vous garantit une excellente efficacit\u00e9 et une tr\u00e8s bonne tol\u00e9rance cutan\u00e9e.*Thiamidol brevet\u00e9 (EP 2 758 381 B1) France, Belgique, Pays-Bas. **Tests in vitro.***\u00c9tude clinique, 32 volontaires, 12 semaines, \u00e9valuation clinique et auto-\u00e9valuation.\" \/>\n<meta property=\"og:url\" content=\"https:\/\/paragaleriedetalborjt.com\/en\/boutique\/eucerin-hyaluron-filler-elasticity-nuit-50-ml\/\" \/>\n<meta property=\"og:site_name\" content=\"paragaleriedetalborjt\" \/>\n<meta property=\"article:modified_time\" content=\"2026-01-03T19:15:01+00:00\" \/>\n<meta property=\"og:image\" content=\"https:\/\/paragaleriedetalborjt.com\/wp-content\/uploads\/2026\/01\/1-38-600x600-1.jpg\" \/>\n\t<meta property=\"og:image:width\" content=\"600\" \/>\n\t<meta property=\"og:image:height\" content=\"600\" \/>\n\t<meta property=\"og:image:type\" content=\"image\/jpeg\" \/>\n<meta name=\"twitter:card\" content=\"summary_large_image\" \/>\n<meta name=\"twitter:label1\" content=\"Est. reading time\" \/>\n\t<meta name=\"twitter:data1\" content=\"2 minutes\" \/>\n<script type=\"application\/ld+json\" class=\"yoast-schema-graph\">{\"@context\":\"https:\\\/\\\/schema.org\",\"@graph\":[{\"@type\":\"WebPage\",\"@id\":\"https:\\\/\\\/paragaleriedetalborjt.com\\\/boutique\\\/eucerin-hyaluron-filler-elasticity-nuit-50-ml\\\/\",\"url\":\"https:\\\/\\\/paragaleriedetalborjt.com\\\/boutique\\\/eucerin-hyaluron-filler-elasticity-nuit-50-ml\\\/\",\"name\":\"Eucerin HYALURON FILLER + ELASTICITY NUIT 50 ML - paragaleriedetalborjt\",\"isPartOf\":{\"@id\":\"https:\\\/\\\/paragaleriedetalborjt.com\\\/#website\"},\"primaryImageOfPage\":{\"@id\":\"https:\\\/\\\/paragaleriedetalborjt.com\\\/boutique\\\/eucerin-hyaluron-filler-elasticity-nuit-50-ml\\\/#primaryimage\"},\"image\":{\"@id\":\"https:\\\/\\\/paragaleriedetalborjt.com\\\/boutique\\\/eucerin-hyaluron-filler-elasticity-nuit-50-ml\\\/#primaryimage\"},\"thumbnailUrl\":\"https:\\\/\\\/paragaleriedetalborjt.com\\\/wp-content\\\/uploads\\\/2026\\\/01\\\/1-38-600x600-1.jpg\",\"datePublished\":\"2026-01-03T17:32:00+00:00\",\"dateModified\":\"2026-01-03T19:15:01+00:00\",\"breadcrumb\":{\"@id\":\"https:\\\/\\\/paragaleriedetalborjt.com\\\/boutique\\\/eucerin-hyaluron-filler-elasticity-nuit-50-ml\\\/#breadcrumb\"},\"inLanguage\":\"en-US\",\"potentialAction\":[{\"@type\":\"ReadAction\",\"target\":[\"https:\\\/\\\/paragaleriedetalborjt.com\\\/boutique\\\/eucerin-hyaluron-filler-elasticity-nuit-50-ml\\\/\"]}]},{\"@type\":\"ImageObject\",\"inLanguage\":\"en-US\",\"@id\":\"https:\\\/\\\/paragaleriedetalborjt.com\\\/boutique\\\/eucerin-hyaluron-filler-elasticity-nuit-50-ml\\\/#primaryimage\",\"url\":\"https:\\\/\\\/paragaleriedetalborjt.com\\\/wp-content\\\/uploads\\\/2026\\\/01\\\/1-38-600x600-1.jpg\",\"contentUrl\":\"https:\\\/\\\/paragaleriedetalborjt.com\\\/wp-content\\\/uploads\\\/2026\\\/01\\\/1-38-600x600-1.jpg\",\"width\":600,\"height\":600},{\"@type\":\"BreadcrumbList\",\"@id\":\"https:\\\/\\\/paragaleriedetalborjt.com\\\/boutique\\\/eucerin-hyaluron-filler-elasticity-nuit-50-ml\\\/#breadcrumb\",\"itemListElement\":[{\"@type\":\"ListItem\",\"position\":1,\"name\":\"Accueil\",\"item\":\"https:\\\/\\\/paragaleriedetalborjt.com\\\/\"},{\"@type\":\"ListItem\",\"position\":2,\"name\":\"Boutique\",\"item\":\"https:\\\/\\\/paragaleriedetalborjt.com\\\/boutique\\\/\"},{\"@type\":\"ListItem\",\"position\":3,\"name\":\"Eucerin HYALURON FILLER + ELASTICITY NUIT 50 ML\"}]},{\"@type\":\"WebSite\",\"@id\":\"https:\\\/\\\/paragaleriedetalborjt.com\\\/#website\",\"url\":\"https:\\\/\\\/paragaleriedetalborjt.com\\\/\",\"name\":\"paragaleriedetalborjt\",\"description\":\"\",\"potentialAction\":[{\"@type\":\"SearchAction\",\"target\":{\"@type\":\"EntryPoint\",\"urlTemplate\":\"https:\\\/\\\/paragaleriedetalborjt.com\\\/?s={search_term_string}\"},\"query-input\":{\"@type\":\"PropertyValueSpecification\",\"valueRequired\":true,\"valueName\":\"search_term_string\"}}],\"inLanguage\":\"en-US\"}]}<\/script>\n<!-- \/ Yoast SEO plugin. -->","yoast_head_json":{"title":"Eucerin HYALURON FILLER + ELASTICITY NUIT 50 ML - paragaleriedetalborjt","robots":{"index":"index","follow":"follow","max-snippet":"max-snippet:-1","max-image-preview":"max-image-preview:large","max-video-preview":"max-video-preview:-1"},"canonical":"https:\/\/paragaleriedetalborjt.com\/en\/boutique\/eucerin-hyaluron-filler-elasticity-nuit-50-ml\/","og_locale":"en_US","og_type":"article","og_title":"Eucerin HYALURON FILLER + ELASTICITY NUIT 50 ML - paragaleriedetalborjt","og_description":"Highlights:EUCERIN Hyaluron-Filler+ Elasticity, Anti-\u00e2ge, Am\u00e9liore l\u2019\u00e9lasticit\u00e9 de la peau, Comble les rides profondes, Soin de nuit, 50ml.Le Soin de Nuit peaux matures Hyaluron-Filler + Elasticity, sp\u00e9cialement formul\u00e9 pour att\u00e9nuer les signes avanc\u00e9s du vieillissement, acc\u00e9l\u00e8re et intensifie le renouvellement cellulaire pendant la nuit.Il permet notamment :\u2013 L\u2019am\u00e9lioration de l\u2019\u00e9lasticit\u00e9 : le Complexe Collag\u00e8ne-\u00c9lastine, une puissante combinaison d\u2019Arctiine et de Cr\u00e9atine, stimule la production naturelle de collag\u00e8ne** et augmente l\u2019\u00e9lasticit\u00e9 de la peau.\u2013 La r\u00e9duction des taches brunes li\u00e9es \u00e0 l\u2019\u00e2ge : la formule au Thiamidol* r\u00e9duit de fa\u00e7on cliniquement prouv\u00e9e l\u2019apparence des taches brunes li\u00e9es \u00e0 l\u2019\u00e2ge (premiers r\u00e9sultats visibles d\u00e8s 2 semaines***).\u2013 Le comblement des rides : la formule avec de l\u2019Acide hyaluronique de haut et bas poids mol\u00e9culaire hydrate et comble visiblement les rides, m\u00eame profondes.La formule avec de l\u2019Huile d\u2019Argan, riche en acides gras, aide \u00e0 r\u00e9g\u00e9n\u00e9rer et nourrit intens\u00e9ment la peau durant la nuit. L\u2019Huile d\u2019Argan contient jusqu\u2019\u00e0 80 % d\u2019acides gras essentiels (om\u00e9ga-9 et om\u00e9ga-6). Elle est \u00e9galement riche en Vitamine E (un puissant antioxydant), elle a des propri\u00e9t\u00e9s apaisantes et \u00e9mollientes (elle peut rendre la peau plus douce et plus lisse au toucher).Des \u00e9tudes cliniques et dermatologiques le prouvent, le Soin de Nuit peaux matures Hyaluron-Filler + Elasticity vous garantit une excellente efficacit\u00e9 et une tr\u00e8s bonne tol\u00e9rance cutan\u00e9e.*Thiamidol brevet\u00e9 (EP 2 758 381 B1) France, Belgique, Pays-Bas. **Tests in vitro.***\u00c9tude clinique, 32 volontaires, 12 semaines, \u00e9valuation clinique et auto-\u00e9valuation.","og_url":"https:\/\/paragaleriedetalborjt.com\/en\/boutique\/eucerin-hyaluron-filler-elasticity-nuit-50-ml\/","og_site_name":"paragaleriedetalborjt","article_modified_time":"2026-01-03T19:15:01+00:00","og_image":[{"width":600,"height":600,"url":"https:\/\/paragaleriedetalborjt.com\/wp-content\/uploads\/2026\/01\/1-38-600x600-1.jpg","type":"image\/jpeg"}],"twitter_card":"summary_large_image","twitter_misc":{"Est. reading time":"2 minutes"},"schema":{"@context":"https:\/\/schema.org","@graph":[{"@type":"WebPage","@id":"https:\/\/paragaleriedetalborjt.com\/boutique\/eucerin-hyaluron-filler-elasticity-nuit-50-ml\/","url":"https:\/\/paragaleriedetalborjt.com\/boutique\/eucerin-hyaluron-filler-elasticity-nuit-50-ml\/","name":"Eucerin HYALURON FILLER + ELASTICITY NUIT 50 ML - paragaleriedetalborjt","isPartOf":{"@id":"https:\/\/paragaleriedetalborjt.com\/#website"},"primaryImageOfPage":{"@id":"https:\/\/paragaleriedetalborjt.com\/boutique\/eucerin-hyaluron-filler-elasticity-nuit-50-ml\/#primaryimage"},"image":{"@id":"https:\/\/paragaleriedetalborjt.com\/boutique\/eucerin-hyaluron-filler-elasticity-nuit-50-ml\/#primaryimage"},"thumbnailUrl":"https:\/\/paragaleriedetalborjt.com\/wp-content\/uploads\/2026\/01\/1-38-600x600-1.jpg","datePublished":"2026-01-03T17:32:00+00:00","dateModified":"2026-01-03T19:15:01+00:00","breadcrumb":{"@id":"https:\/\/paragaleriedetalborjt.com\/boutique\/eucerin-hyaluron-filler-elasticity-nuit-50-ml\/#breadcrumb"},"inLanguage":"en-US","potentialAction":[{"@type":"ReadAction","target":["https:\/\/paragaleriedetalborjt.com\/boutique\/eucerin-hyaluron-filler-elasticity-nuit-50-ml\/"]}]},{"@type":"ImageObject","inLanguage":"en-US","@id":"https:\/\/paragaleriedetalborjt.com\/boutique\/eucerin-hyaluron-filler-elasticity-nuit-50-ml\/#primaryimage","url":"https:\/\/paragaleriedetalborjt.com\/wp-content\/uploads\/2026\/01\/1-38-600x600-1.jpg","contentUrl":"https:\/\/paragaleriedetalborjt.com\/wp-content\/uploads\/2026\/01\/1-38-600x600-1.jpg","width":600,"height":600},{"@type":"BreadcrumbList","@id":"https:\/\/paragaleriedetalborjt.com\/boutique\/eucerin-hyaluron-filler-elasticity-nuit-50-ml\/#breadcrumb","itemListElement":[{"@type":"ListItem","position":1,"name":"Accueil","item":"https:\/\/paragaleriedetalborjt.com\/"},{"@type":"ListItem","position":2,"name":"Boutique","item":"https:\/\/paragaleriedetalborjt.com\/boutique\/"},{"@type":"ListItem","position":3,"name":"Eucerin HYALURON FILLER + ELASTICITY NUIT 50 ML"}]},{"@type":"WebSite","@id":"https:\/\/paragaleriedetalborjt.com\/#website","url":"https:\/\/paragaleriedetalborjt.com\/","name":"paragaleriedetalborjt","description":"","potentialAction":[{"@type":"SearchAction","target":{"@type":"EntryPoint","urlTemplate":"https:\/\/paragaleriedetalborjt.com\/?s={search_term_string}"},"query-input":{"@type":"PropertyValueSpecification","valueRequired":true,"valueName":"search_term_string"}}],"inLanguage":"en-US"}]}},"brands":[{"id":1582,"name":"EUCERIN","slug":"eucerin"}],"_links":{"self":[{"href":"https:\/\/paragaleriedetalborjt.com\/en\/wp-json\/wp\/v2\/product\/38486","targetHints":{"allow":["GET"]}}],"collection":[{"href":"https:\/\/paragaleriedetalborjt.com\/en\/wp-json\/wp\/v2\/product"}],"about":[{"href":"https:\/\/paragaleriedetalborjt.com\/en\/wp-json\/wp\/v2\/types\/product"}],"replies":[{"embeddable":true,"href":"https:\/\/paragaleriedetalborjt.com\/en\/wp-json\/wp\/v2\/comments?post=38486"}],"version-history":[{"count":1,"href":"https:\/\/paragaleriedetalborjt.com\/en\/wp-json\/wp\/v2\/product\/38486\/revisions"}],"predecessor-version":[{"id":38488,"href":"https:\/\/paragaleriedetalborjt.com\/en\/wp-json\/wp\/v2\/product\/38486\/revisions\/38488"}],"wp:featuredmedia":[{"embeddable":true,"href":"https:\/\/paragaleriedetalborjt.com\/en\/wp-json\/wp\/v2\/media\/38487"}],"wp:attachment":[{"href":"https:\/\/paragaleriedetalborjt.com\/en\/wp-json\/wp\/v2\/media?parent=38486"}],"wp:term":[{"taxonomy":"pwb-brand","embeddable":true,"href":"https:\/\/paragaleriedetalborjt.com\/en\/wp-json\/wp\/v2\/pwb-brand?post=38486"},{"taxonomy":"product_cat","embeddable":true,"href":"https:\/\/paragaleriedetalborjt.com\/en\/wp-json\/wp\/v2\/product_cat?post=38486"},{"taxonomy":"product_tag","embeddable":true,"href":"https:\/\/paragaleriedetalborjt.com\/en\/wp-json\/wp\/v2\/product_tag?post=38486"}],"curies":[{"name":"wp","href":"https:\/\/api.w.org\/{rel}","templated":true}]}}