{"id":38471,"date":"2026-01-03T18:31:33","date_gmt":"2026-01-03T17:31:33","guid":{"rendered":"https:\/\/paragaleriedetalborjt.com\/?post_type=product&#038;p=38471"},"modified":"2026-01-03T20:14:59","modified_gmt":"2026-01-03T19:14:59","slug":"ecodenta-dentifrice-blanchissant-au-charbon-actif-et-a-lorange-100ml","status":"publish","type":"product","link":"https:\/\/paragaleriedetalborjt.com\/en\/boutique\/ecodenta-dentifrice-blanchissant-au-charbon-actif-et-a-lorange-100ml\/","title":{"rendered":"ECODENTA Dentifrice Blanchissant au Charbon Actif et \u00e0 l\u2019Orange 100ml"},"content":{"rendered":"<div aria-labelledby=\"tab-title-description\" class=\"woocommerce-Tabs-panel woocommerce-Tabs-panel--description panel entry-content wc-tab\" id=\"tab-description\" role=\"tabpanel\" style=\"\">\n<h2>Description<\/h2>\n<p>Le dentifrice blanchissant ECODENTA au charbon actif et \u00e0 l\u2019orange est ce dentifrice noir d\u00e9j\u00e0 connu, mais il est maintenant disponible avec un d\u00e9licieux go\u00fbt d\u2019orange fra\u00eeche. Le dentifrice est tout aussi naturel et non conventionnel que le dentifrice noir standard qui garantit des dents plus blanches. Le charbon actif poss\u00e8de un puissant effet blanchissant. Le Teavigo\u2122 prot\u00e8ge contre le tartre, \u00e9limine efficacement la plaque dentaire et procure une sensation de fra\u00eecheur durable. Un dentifrice de couleur noire, que vous pouvez utiliser quotidiennement et qui rend vos dents vraiment plus blanches.<\/p>\n<ul>\n<li>De belles dents naturellement blanches<\/li>\n<li>Prot\u00e8ge contre le tartre et la plaque dentaire<\/li>\n<li>Go\u00fbt d\u2019orange fra\u00eeche<\/li>\n<li>Test\u00e9 par des dentistes<\/li>\n<li>Ne contient pas de fluorure<\/li>\n<\/ul>\n<p><strong>98% d\u2019ingr\u00e9dients d\u2019origine naturelle.<\/strong><\/p>\n<\/div>","protected":false},"excerpt":{"rendered":"<p>Highlights:De belles dents naturellement blanchesProt\u00e8ge contre le tartre et la plaque dentaireGo\u00fbt d\u2019orange fra\u00eecheTest\u00e9 par des dentistesNe contient pas de fluorure<\/p>","protected":false},"featured_media":38472,"comment_status":"open","ping_status":"closed","template":"","meta":[],"pwb-brand":[1604],"product_cat":[16],"product_tag":[],"class_list":{"0":"post-38471","1":"product","2":"type-product","3":"status-publish","4":"has-post-thumbnail","6":"pwb-brand-ecodenta","7":"product_cat-non-classe","8":"pa_brands-ecodenta","10":"first","11":"instock","12":"sale","13":"shipping-taxable","14":"purchasable","15":"product-type-simple"},"yoast_head":"<!-- This site is optimized with the Yoast SEO plugin v26.9 - https:\/\/yoast.com\/product\/yoast-seo-wordpress\/ -->\n<title>ECODENTA Dentifrice Blanchissant au Charbon Actif et \u00e0 l\u2019Orange 100ml - paragaleriedetalborjt<\/title>\n<meta name=\"robots\" content=\"index, follow, max-snippet:-1, max-image-preview:large, max-video-preview:-1\" \/>\n<link rel=\"canonical\" href=\"https:\/\/paragaleriedetalborjt.com\/en\/boutique\/ecodenta-dentifrice-blanchissant-au-charbon-actif-et-a-lorange-100ml\/\" \/>\n<meta property=\"og:locale\" content=\"en_US\" \/>\n<meta property=\"og:type\" content=\"article\" \/>\n<meta property=\"og:title\" content=\"ECODENTA Dentifrice Blanchissant au Charbon Actif et \u00e0 l\u2019Orange 100ml - paragaleriedetalborjt\" \/>\n<meta property=\"og:description\" content=\"Highlights:De belles dents naturellement blanchesProt\u00e8ge contre le tartre et la plaque dentaireGo\u00fbt d\u2019orange fra\u00eecheTest\u00e9 par des dentistesNe contient pas de fluorure\" \/>\n<meta property=\"og:url\" content=\"https:\/\/paragaleriedetalborjt.com\/en\/boutique\/ecodenta-dentifrice-blanchissant-au-charbon-actif-et-a-lorange-100ml\/\" \/>\n<meta property=\"og:site_name\" content=\"paragaleriedetalborjt\" \/>\n<meta property=\"article:modified_time\" content=\"2026-01-03T19:14:59+00:00\" \/>\n<meta property=\"og:image\" content=\"https:\/\/paragaleriedetalborjt.com\/wp-content\/uploads\/2026\/01\/ecodenta-dentifrice-black-orange-bio-parapharmacie-maroc.png\" \/>\n\t<meta property=\"og:image:width\" content=\"595\" \/>\n\t<meta property=\"og:image:height\" content=\"655\" \/>\n\t<meta property=\"og:image:type\" content=\"image\/png\" \/>\n<meta name=\"twitter:card\" content=\"summary_large_image\" \/>\n<meta name=\"twitter:label1\" content=\"Est. reading time\" \/>\n\t<meta name=\"twitter:data1\" content=\"1 minute\" \/>\n<script type=\"application\/ld+json\" class=\"yoast-schema-graph\">{\"@context\":\"https:\/\/schema.org\",\"@graph\":[{\"@type\":\"WebPage\",\"@id\":\"https:\/\/paragaleriedetalborjt.com\/boutique\/ecodenta-dentifrice-blanchissant-au-charbon-actif-et-a-lorange-100ml\/\",\"url\":\"https:\/\/paragaleriedetalborjt.com\/boutique\/ecodenta-dentifrice-blanchissant-au-charbon-actif-et-a-lorange-100ml\/\",\"name\":\"ECODENTA Dentifrice Blanchissant au Charbon Actif et \u00e0 l\u2019Orange 100ml - paragaleriedetalborjt\",\"isPartOf\":{\"@id\":\"https:\/\/paragaleriedetalborjt.com\/#website\"},\"primaryImageOfPage\":{\"@id\":\"https:\/\/paragaleriedetalborjt.com\/boutique\/ecodenta-dentifrice-blanchissant-au-charbon-actif-et-a-lorange-100ml\/#primaryimage\"},\"image\":{\"@id\":\"https:\/\/paragaleriedetalborjt.com\/boutique\/ecodenta-dentifrice-blanchissant-au-charbon-actif-et-a-lorange-100ml\/#primaryimage\"},\"thumbnailUrl\":\"https:\/\/paragaleriedetalborjt.com\/wp-content\/uploads\/2026\/01\/ecodenta-dentifrice-black-orange-bio-parapharmacie-maroc.png\",\"datePublished\":\"2026-01-03T17:31:33+00:00\",\"dateModified\":\"2026-01-03T19:14:59+00:00\",\"breadcrumb\":{\"@id\":\"https:\/\/paragaleriedetalborjt.com\/boutique\/ecodenta-dentifrice-blanchissant-au-charbon-actif-et-a-lorange-100ml\/#breadcrumb\"},\"inLanguage\":\"en-US\",\"potentialAction\":[{\"@type\":\"ReadAction\",\"target\":[\"https:\/\/paragaleriedetalborjt.com\/boutique\/ecodenta-dentifrice-blanchissant-au-charbon-actif-et-a-lorange-100ml\/\"]}]},{\"@type\":\"ImageObject\",\"inLanguage\":\"en-US\",\"@id\":\"https:\/\/paragaleriedetalborjt.com\/boutique\/ecodenta-dentifrice-blanchissant-au-charbon-actif-et-a-lorange-100ml\/#primaryimage\",\"url\":\"https:\/\/paragaleriedetalborjt.com\/wp-content\/uploads\/2026\/01\/ecodenta-dentifrice-black-orange-bio-parapharmacie-maroc.png\",\"contentUrl\":\"https:\/\/paragaleriedetalborjt.com\/wp-content\/uploads\/2026\/01\/ecodenta-dentifrice-black-orange-bio-parapharmacie-maroc.png\",\"width\":595,\"height\":655},{\"@type\":\"BreadcrumbList\",\"@id\":\"https:\/\/paragaleriedetalborjt.com\/boutique\/ecodenta-dentifrice-blanchissant-au-charbon-actif-et-a-lorange-100ml\/#breadcrumb\",\"itemListElement\":[{\"@type\":\"ListItem\",\"position\":1,\"name\":\"Accueil\",\"item\":\"https:\/\/paragaleriedetalborjt.com\/\"},{\"@type\":\"ListItem\",\"position\":2,\"name\":\"Boutique\",\"item\":\"https:\/\/paragaleriedetalborjt.com\/boutique\/\"},{\"@type\":\"ListItem\",\"position\":3,\"name\":\"ECODENTA Dentifrice Blanchissant au Charbon Actif et \u00e0 l\u2019Orange 100ml\"}]},{\"@type\":\"WebSite\",\"@id\":\"https:\/\/paragaleriedetalborjt.com\/#website\",\"url\":\"https:\/\/paragaleriedetalborjt.com\/\",\"name\":\"paragaleriedetalborjt\",\"description\":\"\",\"potentialAction\":[{\"@type\":\"SearchAction\",\"target\":{\"@type\":\"EntryPoint\",\"urlTemplate\":\"https:\/\/paragaleriedetalborjt.com\/?s={search_term_string}\"},\"query-input\":{\"@type\":\"PropertyValueSpecification\",\"valueRequired\":true,\"valueName\":\"search_term_string\"}}],\"inLanguage\":\"en-US\"}]}<\/script>\n<!-- \/ Yoast SEO plugin. -->","yoast_head_json":{"title":"ECODENTA Dentifrice Blanchissant au Charbon Actif et \u00e0 l\u2019Orange 100ml - paragaleriedetalborjt","robots":{"index":"index","follow":"follow","max-snippet":"max-snippet:-1","max-image-preview":"max-image-preview:large","max-video-preview":"max-video-preview:-1"},"canonical":"https:\/\/paragaleriedetalborjt.com\/en\/boutique\/ecodenta-dentifrice-blanchissant-au-charbon-actif-et-a-lorange-100ml\/","og_locale":"en_US","og_type":"article","og_title":"ECODENTA Dentifrice Blanchissant au Charbon Actif et \u00e0 l\u2019Orange 100ml - paragaleriedetalborjt","og_description":"Highlights:De belles dents naturellement blanchesProt\u00e8ge contre le tartre et la plaque dentaireGo\u00fbt d\u2019orange fra\u00eecheTest\u00e9 par des dentistesNe contient pas de fluorure","og_url":"https:\/\/paragaleriedetalborjt.com\/en\/boutique\/ecodenta-dentifrice-blanchissant-au-charbon-actif-et-a-lorange-100ml\/","og_site_name":"paragaleriedetalborjt","article_modified_time":"2026-01-03T19:14:59+00:00","og_image":[{"width":595,"height":655,"url":"https:\/\/paragaleriedetalborjt.com\/wp-content\/uploads\/2026\/01\/ecodenta-dentifrice-black-orange-bio-parapharmacie-maroc.png","type":"image\/png"}],"twitter_card":"summary_large_image","twitter_misc":{"Est. reading time":"1 minute"},"schema":{"@context":"https:\/\/schema.org","@graph":[{"@type":"WebPage","@id":"https:\/\/paragaleriedetalborjt.com\/boutique\/ecodenta-dentifrice-blanchissant-au-charbon-actif-et-a-lorange-100ml\/","url":"https:\/\/paragaleriedetalborjt.com\/boutique\/ecodenta-dentifrice-blanchissant-au-charbon-actif-et-a-lorange-100ml\/","name":"ECODENTA Dentifrice Blanchissant au Charbon Actif et \u00e0 l\u2019Orange 100ml - paragaleriedetalborjt","isPartOf":{"@id":"https:\/\/paragaleriedetalborjt.com\/#website"},"primaryImageOfPage":{"@id":"https:\/\/paragaleriedetalborjt.com\/boutique\/ecodenta-dentifrice-blanchissant-au-charbon-actif-et-a-lorange-100ml\/#primaryimage"},"image":{"@id":"https:\/\/paragaleriedetalborjt.com\/boutique\/ecodenta-dentifrice-blanchissant-au-charbon-actif-et-a-lorange-100ml\/#primaryimage"},"thumbnailUrl":"https:\/\/paragaleriedetalborjt.com\/wp-content\/uploads\/2026\/01\/ecodenta-dentifrice-black-orange-bio-parapharmacie-maroc.png","datePublished":"2026-01-03T17:31:33+00:00","dateModified":"2026-01-03T19:14:59+00:00","breadcrumb":{"@id":"https:\/\/paragaleriedetalborjt.com\/boutique\/ecodenta-dentifrice-blanchissant-au-charbon-actif-et-a-lorange-100ml\/#breadcrumb"},"inLanguage":"en-US","potentialAction":[{"@type":"ReadAction","target":["https:\/\/paragaleriedetalborjt.com\/boutique\/ecodenta-dentifrice-blanchissant-au-charbon-actif-et-a-lorange-100ml\/"]}]},{"@type":"ImageObject","inLanguage":"en-US","@id":"https:\/\/paragaleriedetalborjt.com\/boutique\/ecodenta-dentifrice-blanchissant-au-charbon-actif-et-a-lorange-100ml\/#primaryimage","url":"https:\/\/paragaleriedetalborjt.com\/wp-content\/uploads\/2026\/01\/ecodenta-dentifrice-black-orange-bio-parapharmacie-maroc.png","contentUrl":"https:\/\/paragaleriedetalborjt.com\/wp-content\/uploads\/2026\/01\/ecodenta-dentifrice-black-orange-bio-parapharmacie-maroc.png","width":595,"height":655},{"@type":"BreadcrumbList","@id":"https:\/\/paragaleriedetalborjt.com\/boutique\/ecodenta-dentifrice-blanchissant-au-charbon-actif-et-a-lorange-100ml\/#breadcrumb","itemListElement":[{"@type":"ListItem","position":1,"name":"Accueil","item":"https:\/\/paragaleriedetalborjt.com\/"},{"@type":"ListItem","position":2,"name":"Boutique","item":"https:\/\/paragaleriedetalborjt.com\/boutique\/"},{"@type":"ListItem","position":3,"name":"ECODENTA Dentifrice Blanchissant au Charbon Actif et \u00e0 l\u2019Orange 100ml"}]},{"@type":"WebSite","@id":"https:\/\/paragaleriedetalborjt.com\/#website","url":"https:\/\/paragaleriedetalborjt.com\/","name":"paragaleriedetalborjt","description":"","potentialAction":[{"@type":"SearchAction","target":{"@type":"EntryPoint","urlTemplate":"https:\/\/paragaleriedetalborjt.com\/?s={search_term_string}"},"query-input":{"@type":"PropertyValueSpecification","valueRequired":true,"valueName":"search_term_string"}}],"inLanguage":"en-US"}]}},"brands":[{"id":1604,"name":"ECODENTA","slug":"ecodenta"}],"_links":{"self":[{"href":"https:\/\/paragaleriedetalborjt.com\/en\/wp-json\/wp\/v2\/product\/38471","targetHints":{"allow":["GET"]}}],"collection":[{"href":"https:\/\/paragaleriedetalborjt.com\/en\/wp-json\/wp\/v2\/product"}],"about":[{"href":"https:\/\/paragaleriedetalborjt.com\/en\/wp-json\/wp\/v2\/types\/product"}],"replies":[{"embeddable":true,"href":"https:\/\/paragaleriedetalborjt.com\/en\/wp-json\/wp\/v2\/comments?post=38471"}],"version-history":[{"count":1,"href":"https:\/\/paragaleriedetalborjt.com\/en\/wp-json\/wp\/v2\/product\/38471\/revisions"}],"predecessor-version":[{"id":38473,"href":"https:\/\/paragaleriedetalborjt.com\/en\/wp-json\/wp\/v2\/product\/38471\/revisions\/38473"}],"wp:featuredmedia":[{"embeddable":true,"href":"https:\/\/paragaleriedetalborjt.com\/en\/wp-json\/wp\/v2\/media\/38472"}],"wp:attachment":[{"href":"https:\/\/paragaleriedetalborjt.com\/en\/wp-json\/wp\/v2\/media?parent=38471"}],"wp:term":[{"taxonomy":"pwb-brand","embeddable":true,"href":"https:\/\/paragaleriedetalborjt.com\/en\/wp-json\/wp\/v2\/pwb-brand?post=38471"},{"taxonomy":"product_cat","embeddable":true,"href":"https:\/\/paragaleriedetalborjt.com\/en\/wp-json\/wp\/v2\/product_cat?post=38471"},{"taxonomy":"product_tag","embeddable":true,"href":"https:\/\/paragaleriedetalborjt.com\/en\/wp-json\/wp\/v2\/product_tag?post=38471"}],"curies":[{"name":"wp","href":"https:\/\/api.w.org\/{rel}","templated":true}]}}