{"id":38450,"date":"2026-01-03T18:30:56","date_gmt":"2026-01-03T17:30:56","guid":{"rendered":"https:\/\/paragaleriedetalborjt.com\/?post_type=product&#038;p=38450"},"modified":"2026-01-03T20:14:58","modified_gmt":"2026-01-03T19:14:58","slug":"eucerin-hyaluron-filler-3x-effect-soin-de-jour-peau-seche-spf-15","status":"publish","type":"product","link":"https:\/\/paragaleriedetalborjt.com\/en\/boutique\/eucerin-hyaluron-filler-3x-effect-soin-de-jour-peau-seche-spf-15\/","title":{"rendered":"EUCERIN HYALURON-FILLER + 3x EFFECT Soin de Jour Peau S\u00e8che SPF 15"},"content":{"rendered":"<div aria-labelledby=\"tab-title-description\" class=\"woocommerce-Tabs-panel woocommerce-Tabs-panel--description panel entry-content wc-tab\" id=\"tab-description\" role=\"tabpanel\" style=\"\">\n<h2>Description<\/h2>\n<p><strong>EUCERIN, Hyaluron-Filler +3x Effect. Soin de jour SPF 15, peaux s\u00e8ches, 50ml.<\/strong><br \/>\nLe\u00a0Soin de Jour Peau s\u00e8che SPF 15 HYALURON-FILLER + 3x EFFECT\u00a0aide \u00e0 ralentir la baisse de production naturelle d\u2019Acide Hyaluronique de la peau.<br \/>\n<span style=\"color: #ff0000;\"><strong>SA FORMULE AUX TRIPLE B\u00c9N\u00c9FICE :<\/strong><\/span><br \/>\n1.\u00a0Comble\u00a0: la peau est hydrat\u00e9e et les rides combl\u00e9es gr\u00e2ce \u00e0 l\u2019Acide Hyaluronique de haut et bas poids mol\u00e9culaire.<br \/>\n2.\u00a0Stimule\u00a0: la production naturelle d\u2019Acide Hyaluronique est stimul\u00e9e gr\u00e2ce la Saponine.<br \/>\n3.\u00a0Prot\u00e8ge\u00a0: le taux de d\u00e9gradation de l\u2019Acide Hyaluronique est diminu\u00e9 gr\u00e2ce \u00e0 l\u2019Enoxolone.<br \/>\nLe Soin de Jour Peau S\u00e8che SPF 15 HYALURON-FILLER + 3x EFFECT agit sur les premiers signes de l\u2019\u00e2ge des peaux s\u00e8ches en repulpant m\u00eame les rides les plus profondes, pour une peau \u00e0 l\u2019apparence plus jeune. Il pr\u00e9vient le vieillissement cutan\u00e9 pr\u00e9matur\u00e9 d\u00fb au soleil (photovieillissement) induit par les UV, emp\u00eache les rides de devenir plus profondes et prot\u00e8ge la peau des radicaux libres.<br \/>\n<span style=\"color: #ff0000;\"><strong>COMPOSITIONS &amp; INGR\u00c9DIENTS<\/strong><\/span><br \/>\nLa liste des ingr\u00e9dients peut \u00eatre soumise \u00e0 des variations, nous vous conseillons de toujours v\u00e9rifier la liste figurant sur le produit achet\u00e9.<br \/>\nFormule INCI : Aqua, Glycerin, Butylene Glycol Dicaprylate\/Dicaprate, Ethylhexyl Salicylate, Butylene Glycol, Glyceryl Stearate Citrate, Hydrogenated Coco-Glycerides, Butyrospermum Parkii Blutter, Butyl Methoxydibenzoylmethane, Ethylhexyl Triazone, Methylpropanediol, Bis-Ethylhexyloxyphenol Methoxyphenyl Triazine, Cetyl Alcohol, Stearyl Alcohol, Hydroxypropyl Starch Phosphate, Phenylbenzimidazole Sulfonic Acid | Sodium Hyaluronate, Glycine Soja Germ Extract, Glycyrrhetinic Acid, Mica, Silica, Xanthan Gum, Sodium Hydroxide, Trisodium EDTA, 1,2-Hexanediol, Phenoxyethanol, Pentaerythrityl Tetra-di-t-butyl Hydroxyhydrocinnamate, Parfum, CI 77891? Ne pas conserver \u00e0 plus de 25\u00b0C.<br \/>\n\u00c9vitez le contact avec les yeux.<span style=\"color: #ff0000;\"><strong>CONSEILS D\u2019UTILISATION :<\/strong><\/span><br \/>\nLe matin sur une peau propre, appliquer une noisette de produit sur le visage, le cou et le d\u00e9collet\u00e9. Masser jusqu\u2019\u00e0 absorption. Eviter le contact avec les yeux.<br \/>\n<span style=\"color: #ff0000;\"><strong>LES B\u00c9N\u00c9FICES D\u2019UN SOINDE JOUR ANTI-\u00c2GE :<\/strong><\/span><br \/>\nUn soin de jour anti-\u00e2ge est une partie de la routine skincare essentielle pour maintenir une peau saine et jeune. Les produits anti-\u00e2ge sont con\u00e7us pour aider \u00e0 pr\u00e9venir les signes du vieillissement tels que les rides, les ridules, la perte d\u2019\u00e9lasticit\u00e9 et la d\u00e9coloration de la peau. Le principal avantage d\u2019un soin de jour anti-\u00e2ge est qu\u2019il aide \u00e0 prot\u00e9ger la peau contre les dommages caus\u00e9s par les rayons UV et d\u2019autres facteurs environnementaux nocifs. Les produits anti-\u00e2ge contiennent souvent des ingr\u00e9dients tels que des antioxydants et des filtres solaires qui aident \u00e0 pr\u00e9venir les dommages caus\u00e9s par les radicaux libres et les rayons UV, qui peuvent endommager la peau et acc\u00e9l\u00e9rer le processus de vieillissement.<br \/>\nEn plus de prot\u00e9ger contre les dommages environnementaux, les soins de jour anti-\u00e2ge peuvent aider \u00e0 nourrir et hydrater la peau. Ces produits sont souvent formul\u00e9s avec des ingr\u00e9dients tels que l\u2019acide hyaluronique, la vitamine C, le r\u00e9tinol et les peptides, qui aident \u00e0 hydrater la peau, stimuler la production de collag\u00e8ne et am\u00e9liorer la texture et l\u2019apparence globale de la peau.<br \/>\nLes soins de jour anti-\u00e2ge peuvent \u00e9galement aider \u00e0 r\u00e9duire l\u2019apparence des rides et des ridules. Les ingr\u00e9dients anti-\u00e2ge tels que le r\u00e9tinol, les peptides et les acides alpha-hydroxy aident \u00e0 stimuler la production de collag\u00e8ne et d\u2019\u00e9lastine, deux prot\u00e9ines importantes pour maintenir la fermet\u00e9 et l\u2019\u00e9lasticit\u00e9 de la peau. En augmentant la production de ces prot\u00e9ines, ces soins peuvent aider \u00e0 r\u00e9duire l\u2019apparence des rides et des ridules et \u00e0 raffermir la peau.<br \/>\nEn dernier lieu, les soins de jour anti-\u00e2ge peuvent aider \u00e0 am\u00e9liorer la texture et la couleur de la peau. Les ingr\u00e9dients tels que la vitamine C, l\u2019acide kojique et l\u2019acide glycolique peuvent aider \u00e0 \u00e9claircir les taches brunes et \u00e0 uniformiser le teint de la peau, pour un teint plus lumineux et plus \u00e9clatant.<\/p>\n<\/div>","protected":false},"excerpt":{"rendered":"<p>Highlights:EUCERIN, Hyaluron-Filler +3x Effect. Soin de jour SPF 15, peaux s\u00e8ches, 50ml.Le\u00a0Soin de Jour Peau s\u00e8che SPF 15 HYALURON-FILLER + 3x EFFECT\u00a0aide \u00e0 ralentir la baisse de production naturelle d\u2019Acide Hyaluronique de la peau.<\/p>","protected":false},"featured_media":38451,"comment_status":"open","ping_status":"closed","template":"","meta":[],"pwb-brand":[1582],"product_cat":[16],"product_tag":[],"class_list":{"0":"post-38450","1":"product","2":"type-product","3":"status-publish","4":"has-post-thumbnail","6":"pwb-brand-eucerin","7":"product_cat-non-classe","8":"pa_brands-eucerin","10":"first","11":"instock","12":"sale","13":"shipping-taxable","14":"purchasable","15":"product-type-simple"},"yoast_head":"<!-- This site is optimized with the Yoast SEO plugin v27.5 - https:\/\/yoast.com\/product\/yoast-seo-wordpress\/ -->\n<title>EUCERIN HYALURON-FILLER + 3x EFFECT Soin de Jour Peau S\u00e8che SPF 15 - paragaleriedetalborjt<\/title>\n<meta name=\"robots\" content=\"index, follow, max-snippet:-1, max-image-preview:large, max-video-preview:-1\" \/>\n<link rel=\"canonical\" href=\"https:\/\/paragaleriedetalborjt.com\/en\/boutique\/eucerin-hyaluron-filler-3x-effect-soin-de-jour-peau-seche-spf-15\/\" \/>\n<meta property=\"og:locale\" content=\"en_US\" \/>\n<meta property=\"og:type\" content=\"article\" \/>\n<meta property=\"og:title\" content=\"EUCERIN HYALURON-FILLER + 3x EFFECT Soin de Jour Peau S\u00e8che SPF 15 - paragaleriedetalborjt\" \/>\n<meta property=\"og:description\" content=\"Highlights:EUCERIN, Hyaluron-Filler +3x Effect. Soin de jour SPF 15, peaux s\u00e8ches, 50ml.Le\u00a0Soin de Jour Peau s\u00e8che SPF 15 HYALURON-FILLER + 3x EFFECT\u00a0aide \u00e0 ralentir la baisse de production naturelle d\u2019Acide Hyaluronique de la peau.\" \/>\n<meta property=\"og:url\" content=\"https:\/\/paragaleriedetalborjt.com\/en\/boutique\/eucerin-hyaluron-filler-3x-effect-soin-de-jour-peau-seche-spf-15\/\" \/>\n<meta property=\"og:site_name\" content=\"paragaleriedetalborjt\" \/>\n<meta property=\"article:modified_time\" content=\"2026-01-03T19:14:58+00:00\" \/>\n<meta property=\"og:image\" content=\"https:\/\/paragaleriedetalborjt.com\/wp-content\/uploads\/2026\/01\/1-1-600x600-1.jpg\" \/>\n\t<meta property=\"og:image:width\" content=\"600\" \/>\n\t<meta property=\"og:image:height\" content=\"600\" \/>\n\t<meta property=\"og:image:type\" content=\"image\/jpeg\" \/>\n<meta name=\"twitter:card\" content=\"summary_large_image\" \/>\n<meta name=\"twitter:label1\" content=\"Est. reading time\" \/>\n\t<meta name=\"twitter:data1\" content=\"3 minutes\" \/>\n<script type=\"application\/ld+json\" class=\"yoast-schema-graph\">{\"@context\":\"https:\\\/\\\/schema.org\",\"@graph\":[{\"@type\":\"WebPage\",\"@id\":\"https:\\\/\\\/paragaleriedetalborjt.com\\\/boutique\\\/eucerin-hyaluron-filler-3x-effect-soin-de-jour-peau-seche-spf-15\\\/\",\"url\":\"https:\\\/\\\/paragaleriedetalborjt.com\\\/boutique\\\/eucerin-hyaluron-filler-3x-effect-soin-de-jour-peau-seche-spf-15\\\/\",\"name\":\"EUCERIN HYALURON-FILLER + 3x EFFECT Soin de Jour Peau S\u00e8che SPF 15 - paragaleriedetalborjt\",\"isPartOf\":{\"@id\":\"https:\\\/\\\/paragaleriedetalborjt.com\\\/#website\"},\"primaryImageOfPage\":{\"@id\":\"https:\\\/\\\/paragaleriedetalborjt.com\\\/boutique\\\/eucerin-hyaluron-filler-3x-effect-soin-de-jour-peau-seche-spf-15\\\/#primaryimage\"},\"image\":{\"@id\":\"https:\\\/\\\/paragaleriedetalborjt.com\\\/boutique\\\/eucerin-hyaluron-filler-3x-effect-soin-de-jour-peau-seche-spf-15\\\/#primaryimage\"},\"thumbnailUrl\":\"https:\\\/\\\/paragaleriedetalborjt.com\\\/wp-content\\\/uploads\\\/2026\\\/01\\\/1-1-600x600-1.jpg\",\"datePublished\":\"2026-01-03T17:30:56+00:00\",\"dateModified\":\"2026-01-03T19:14:58+00:00\",\"breadcrumb\":{\"@id\":\"https:\\\/\\\/paragaleriedetalborjt.com\\\/boutique\\\/eucerin-hyaluron-filler-3x-effect-soin-de-jour-peau-seche-spf-15\\\/#breadcrumb\"},\"inLanguage\":\"en-US\",\"potentialAction\":[{\"@type\":\"ReadAction\",\"target\":[\"https:\\\/\\\/paragaleriedetalborjt.com\\\/boutique\\\/eucerin-hyaluron-filler-3x-effect-soin-de-jour-peau-seche-spf-15\\\/\"]}]},{\"@type\":\"ImageObject\",\"inLanguage\":\"en-US\",\"@id\":\"https:\\\/\\\/paragaleriedetalborjt.com\\\/boutique\\\/eucerin-hyaluron-filler-3x-effect-soin-de-jour-peau-seche-spf-15\\\/#primaryimage\",\"url\":\"https:\\\/\\\/paragaleriedetalborjt.com\\\/wp-content\\\/uploads\\\/2026\\\/01\\\/1-1-600x600-1.jpg\",\"contentUrl\":\"https:\\\/\\\/paragaleriedetalborjt.com\\\/wp-content\\\/uploads\\\/2026\\\/01\\\/1-1-600x600-1.jpg\",\"width\":600,\"height\":600},{\"@type\":\"BreadcrumbList\",\"@id\":\"https:\\\/\\\/paragaleriedetalborjt.com\\\/boutique\\\/eucerin-hyaluron-filler-3x-effect-soin-de-jour-peau-seche-spf-15\\\/#breadcrumb\",\"itemListElement\":[{\"@type\":\"ListItem\",\"position\":1,\"name\":\"Accueil\",\"item\":\"https:\\\/\\\/paragaleriedetalborjt.com\\\/\"},{\"@type\":\"ListItem\",\"position\":2,\"name\":\"Boutique\",\"item\":\"https:\\\/\\\/paragaleriedetalborjt.com\\\/boutique\\\/\"},{\"@type\":\"ListItem\",\"position\":3,\"name\":\"EUCERIN HYALURON-FILLER + 3x EFFECT Soin de Jour Peau S\u00e8che SPF 15\"}]},{\"@type\":\"WebSite\",\"@id\":\"https:\\\/\\\/paragaleriedetalborjt.com\\\/#website\",\"url\":\"https:\\\/\\\/paragaleriedetalborjt.com\\\/\",\"name\":\"paragaleriedetalborjt\",\"description\":\"\",\"potentialAction\":[{\"@type\":\"SearchAction\",\"target\":{\"@type\":\"EntryPoint\",\"urlTemplate\":\"https:\\\/\\\/paragaleriedetalborjt.com\\\/?s={search_term_string}\"},\"query-input\":{\"@type\":\"PropertyValueSpecification\",\"valueRequired\":true,\"valueName\":\"search_term_string\"}}],\"inLanguage\":\"en-US\"}]}<\/script>\n<!-- \/ Yoast SEO plugin. -->","yoast_head_json":{"title":"EUCERIN HYALURON-FILLER + 3x EFFECT Soin de Jour Peau S\u00e8che SPF 15 - paragaleriedetalborjt","robots":{"index":"index","follow":"follow","max-snippet":"max-snippet:-1","max-image-preview":"max-image-preview:large","max-video-preview":"max-video-preview:-1"},"canonical":"https:\/\/paragaleriedetalborjt.com\/en\/boutique\/eucerin-hyaluron-filler-3x-effect-soin-de-jour-peau-seche-spf-15\/","og_locale":"en_US","og_type":"article","og_title":"EUCERIN HYALURON-FILLER + 3x EFFECT Soin de Jour Peau S\u00e8che SPF 15 - paragaleriedetalborjt","og_description":"Highlights:EUCERIN, Hyaluron-Filler +3x Effect. Soin de jour SPF 15, peaux s\u00e8ches, 50ml.Le\u00a0Soin de Jour Peau s\u00e8che SPF 15 HYALURON-FILLER + 3x EFFECT\u00a0aide \u00e0 ralentir la baisse de production naturelle d\u2019Acide Hyaluronique de la peau.","og_url":"https:\/\/paragaleriedetalborjt.com\/en\/boutique\/eucerin-hyaluron-filler-3x-effect-soin-de-jour-peau-seche-spf-15\/","og_site_name":"paragaleriedetalborjt","article_modified_time":"2026-01-03T19:14:58+00:00","og_image":[{"width":600,"height":600,"url":"https:\/\/paragaleriedetalborjt.com\/wp-content\/uploads\/2026\/01\/1-1-600x600-1.jpg","type":"image\/jpeg"}],"twitter_card":"summary_large_image","twitter_misc":{"Est. reading time":"3 minutes"},"schema":{"@context":"https:\/\/schema.org","@graph":[{"@type":"WebPage","@id":"https:\/\/paragaleriedetalborjt.com\/boutique\/eucerin-hyaluron-filler-3x-effect-soin-de-jour-peau-seche-spf-15\/","url":"https:\/\/paragaleriedetalborjt.com\/boutique\/eucerin-hyaluron-filler-3x-effect-soin-de-jour-peau-seche-spf-15\/","name":"EUCERIN HYALURON-FILLER + 3x EFFECT Soin de Jour Peau S\u00e8che SPF 15 - paragaleriedetalborjt","isPartOf":{"@id":"https:\/\/paragaleriedetalborjt.com\/#website"},"primaryImageOfPage":{"@id":"https:\/\/paragaleriedetalborjt.com\/boutique\/eucerin-hyaluron-filler-3x-effect-soin-de-jour-peau-seche-spf-15\/#primaryimage"},"image":{"@id":"https:\/\/paragaleriedetalborjt.com\/boutique\/eucerin-hyaluron-filler-3x-effect-soin-de-jour-peau-seche-spf-15\/#primaryimage"},"thumbnailUrl":"https:\/\/paragaleriedetalborjt.com\/wp-content\/uploads\/2026\/01\/1-1-600x600-1.jpg","datePublished":"2026-01-03T17:30:56+00:00","dateModified":"2026-01-03T19:14:58+00:00","breadcrumb":{"@id":"https:\/\/paragaleriedetalborjt.com\/boutique\/eucerin-hyaluron-filler-3x-effect-soin-de-jour-peau-seche-spf-15\/#breadcrumb"},"inLanguage":"en-US","potentialAction":[{"@type":"ReadAction","target":["https:\/\/paragaleriedetalborjt.com\/boutique\/eucerin-hyaluron-filler-3x-effect-soin-de-jour-peau-seche-spf-15\/"]}]},{"@type":"ImageObject","inLanguage":"en-US","@id":"https:\/\/paragaleriedetalborjt.com\/boutique\/eucerin-hyaluron-filler-3x-effect-soin-de-jour-peau-seche-spf-15\/#primaryimage","url":"https:\/\/paragaleriedetalborjt.com\/wp-content\/uploads\/2026\/01\/1-1-600x600-1.jpg","contentUrl":"https:\/\/paragaleriedetalborjt.com\/wp-content\/uploads\/2026\/01\/1-1-600x600-1.jpg","width":600,"height":600},{"@type":"BreadcrumbList","@id":"https:\/\/paragaleriedetalborjt.com\/boutique\/eucerin-hyaluron-filler-3x-effect-soin-de-jour-peau-seche-spf-15\/#breadcrumb","itemListElement":[{"@type":"ListItem","position":1,"name":"Accueil","item":"https:\/\/paragaleriedetalborjt.com\/"},{"@type":"ListItem","position":2,"name":"Boutique","item":"https:\/\/paragaleriedetalborjt.com\/boutique\/"},{"@type":"ListItem","position":3,"name":"EUCERIN HYALURON-FILLER + 3x EFFECT Soin de Jour Peau S\u00e8che SPF 15"}]},{"@type":"WebSite","@id":"https:\/\/paragaleriedetalborjt.com\/#website","url":"https:\/\/paragaleriedetalborjt.com\/","name":"paragaleriedetalborjt","description":"","potentialAction":[{"@type":"SearchAction","target":{"@type":"EntryPoint","urlTemplate":"https:\/\/paragaleriedetalborjt.com\/?s={search_term_string}"},"query-input":{"@type":"PropertyValueSpecification","valueRequired":true,"valueName":"search_term_string"}}],"inLanguage":"en-US"}]}},"brands":[{"id":1582,"name":"EUCERIN","slug":"eucerin"}],"_links":{"self":[{"href":"https:\/\/paragaleriedetalborjt.com\/en\/wp-json\/wp\/v2\/product\/38450","targetHints":{"allow":["GET"]}}],"collection":[{"href":"https:\/\/paragaleriedetalborjt.com\/en\/wp-json\/wp\/v2\/product"}],"about":[{"href":"https:\/\/paragaleriedetalborjt.com\/en\/wp-json\/wp\/v2\/types\/product"}],"replies":[{"embeddable":true,"href":"https:\/\/paragaleriedetalborjt.com\/en\/wp-json\/wp\/v2\/comments?post=38450"}],"version-history":[{"count":1,"href":"https:\/\/paragaleriedetalborjt.com\/en\/wp-json\/wp\/v2\/product\/38450\/revisions"}],"predecessor-version":[{"id":38452,"href":"https:\/\/paragaleriedetalborjt.com\/en\/wp-json\/wp\/v2\/product\/38450\/revisions\/38452"}],"wp:featuredmedia":[{"embeddable":true,"href":"https:\/\/paragaleriedetalborjt.com\/en\/wp-json\/wp\/v2\/media\/38451"}],"wp:attachment":[{"href":"https:\/\/paragaleriedetalborjt.com\/en\/wp-json\/wp\/v2\/media?parent=38450"}],"wp:term":[{"taxonomy":"pwb-brand","embeddable":true,"href":"https:\/\/paragaleriedetalborjt.com\/en\/wp-json\/wp\/v2\/pwb-brand?post=38450"},{"taxonomy":"product_cat","embeddable":true,"href":"https:\/\/paragaleriedetalborjt.com\/en\/wp-json\/wp\/v2\/product_cat?post=38450"},{"taxonomy":"product_tag","embeddable":true,"href":"https:\/\/paragaleriedetalborjt.com\/en\/wp-json\/wp\/v2\/product_tag?post=38450"}],"curies":[{"name":"wp","href":"https:\/\/api.w.org\/{rel}","templated":true}]}}