{"id":38438,"date":"2026-01-03T18:30:36","date_gmt":"2026-01-03T17:30:36","guid":{"rendered":"https:\/\/paragaleriedetalborjt.com\/?post_type=product&#038;p=38438"},"modified":"2026-01-03T20:14:57","modified_gmt":"2026-01-03T19:14:57","slug":"eau-thermale-avene-solaire-fluide-tres-haute-protection-spf-50-50ml","status":"publish","type":"product","link":"https:\/\/paragaleriedetalborjt.com\/en\/boutique\/eau-thermale-avene-solaire-fluide-tres-haute-protection-spf-50-50ml\/","title":{"rendered":"Eau Thermale Av\u00e8ne Solaire Fluide Tr\u00e8s Haute Protection \u2013 Spf 50+ \u2013 50ml"},"content":{"rendered":"<div aria-labelledby=\"tab-title-description\" class=\"woocommerce-Tabs-panel woocommerce-Tabs-panel--description panel entry-content wc-tab\" id=\"tab-description\" role=\"tabpanel\" style=\"\">\n<h2>Description<\/h2>\n<p>Le Fluide SPF 50+ offre une tr\u00e8s haute protection solaire \u00e0 la peau sensible normale \u00e0 mixte, expos\u00e9e \u00e0 un ensoleillement intense et\/ou toujours sujette aux coups de soleil. Sa texture l\u00e9g\u00e8re, Sensation peau nue, laisse un fini sec et non brillant, imperceptible sur la peau.<br \/>\nAu coeur du Fluide SPF 50+, fluide solaire, l\u2019association exclusive Sunsitive\u00ae protection, issue de la Recherche Pierre Fabre et compos\u00e9e :<br \/>\n\u2013 D\u2019un syst\u00e8me filtrant brevet\u00e9 contenant seulement quatre filtres solaires, pour une tr\u00e8s large protection UVB-UVA stable et une tol\u00e9rance cutan\u00e9e optimale.<br \/>\n\u2013 De Provitamine E (Pr\u00e9-tocoph\u00e9ryl), puissant antioxydant, pour une protection des cellules des radicaux libres.<br \/>\n\u2013 D\u2019Eau thermale d\u2019Av\u00e8ne reconnue pour ses propri\u00e9t\u00e9s apaisantes, anti-irritantes et adoucissantes.<br \/>\nExiste en version sans parfum.<br \/>\nSon tube-pompe airless pratique permet de doser facilement la juste quantit\u00e9 de produit \u00e0 appliquer.<\/p>\n<p><strong>Avantage :<\/strong><br \/>\n\u00ab\u00a0Un syst\u00e8me filtrant brevet\u00e9. Des formules \u00e9co-con\u00e7ues pour un minimum d\u2019impact sur l\u2019environnement.\u00a0\u00bb<\/p>\n<p><strong>B\u00e9n\u00e9fices :<\/strong><br \/>\n\u00ab\u00a0\u2022 PHOTOPROTECTEUR : des filtres UVB-UVA photostables qui luttent contre les effets nocifs du rayonnement solaire.\u2022 ANTIOXYDANT : contribue \u00e0 assurer une protection des cellules contre les radicaux libres.\u2022 R\u00c9SISTANT \u00c0 L\u2019EAU : prot\u00e8ge la peau des effets n\u00e9fastes du soleil m\u00eame lors de la baignade.\u2022 TOUCHER SEC : ne laisse pas de film gras sur la peau.\u2022 SANS EFFET BLANC : pour un teint naturel et une protection invisible.\u00a0\u00bb<\/p>\n<p><strong>Conseil d\u2019utilisation :<\/strong><br \/>\nAvant l\u2019exposition au soleil, appliquez un doigt* de produit sur le visage et le cou d\u2019un adulte ou d\u2019un enfant . Renouvelez fr\u00e9quemment l\u2019application pour maintenir la protection, surtout apr\u00e8s avoir transpir\u00e9, nag\u00e9 ou vous \u00eatre essuy\u00e9.<br \/>\n*En r\u00e9duisant cette quantit\u00e9, vous diminuez nettement le niveau de protection.<\/p>\n<\/div>","protected":false},"excerpt":{"rendered":"<p>Highlights:Une tr\u00e8s haute protection solaire pour la peau sensible normale \u00e0 mixte du visage.<\/p>","protected":false},"featured_media":38439,"comment_status":"open","ping_status":"closed","template":"","meta":[],"pwb-brand":[1771],"product_cat":[16],"product_tag":[],"class_list":{"0":"post-38438","1":"product","2":"type-product","3":"status-publish","4":"has-post-thumbnail","6":"pwb-brand-avene","7":"product_cat-non-classe","8":"pa_brands-avene","10":"first","11":"instock","12":"sale","13":"shipping-taxable","14":"purchasable","15":"product-type-simple"},"yoast_head":"<!-- This site is optimized with the Yoast SEO plugin v27.5 - https:\/\/yoast.com\/product\/yoast-seo-wordpress\/ -->\n<title>Eau Thermale Av\u00e8ne Solaire Fluide Tr\u00e8s Haute Protection \u2013 Spf 50+ \u2013 50ml - paragaleriedetalborjt<\/title>\n<meta name=\"robots\" content=\"index, follow, max-snippet:-1, max-image-preview:large, max-video-preview:-1\" \/>\n<link rel=\"canonical\" href=\"https:\/\/paragaleriedetalborjt.com\/en\/boutique\/eau-thermale-avene-solaire-fluide-tres-haute-protection-spf-50-50ml\/\" \/>\n<meta property=\"og:locale\" content=\"en_US\" \/>\n<meta property=\"og:type\" content=\"article\" \/>\n<meta property=\"og:title\" content=\"Eau Thermale Av\u00e8ne Solaire Fluide Tr\u00e8s Haute Protection \u2013 Spf 50+ \u2013 50ml - paragaleriedetalborjt\" \/>\n<meta property=\"og:description\" content=\"Highlights:Une tr\u00e8s haute protection solaire pour la peau sensible normale \u00e0 mixte du visage.\" \/>\n<meta property=\"og:url\" content=\"https:\/\/paragaleriedetalborjt.com\/en\/boutique\/eau-thermale-avene-solaire-fluide-tres-haute-protection-spf-50-50ml\/\" \/>\n<meta property=\"og:site_name\" content=\"paragaleriedetalborjt\" \/>\n<meta property=\"article:modified_time\" content=\"2026-01-03T19:14:57+00:00\" \/>\n<meta property=\"og:image\" content=\"https:\/\/paragaleriedetalborjt.com\/wp-content\/uploads\/2026\/01\/Eau-Thermale-Avene-Solaire-Fluide-Tres-Haute-Protection-Spf-50-50ml-600x600-1.png\" \/>\n\t<meta property=\"og:image:width\" content=\"600\" \/>\n\t<meta property=\"og:image:height\" content=\"600\" \/>\n\t<meta property=\"og:image:type\" content=\"image\/png\" \/>\n<meta name=\"twitter:card\" content=\"summary_large_image\" \/>\n<meta name=\"twitter:label1\" content=\"Est. reading time\" \/>\n\t<meta name=\"twitter:data1\" content=\"1 minute\" \/>\n<script type=\"application\/ld+json\" class=\"yoast-schema-graph\">{\"@context\":\"https:\\\/\\\/schema.org\",\"@graph\":[{\"@type\":\"WebPage\",\"@id\":\"https:\\\/\\\/paragaleriedetalborjt.com\\\/boutique\\\/eau-thermale-avene-solaire-fluide-tres-haute-protection-spf-50-50ml\\\/\",\"url\":\"https:\\\/\\\/paragaleriedetalborjt.com\\\/boutique\\\/eau-thermale-avene-solaire-fluide-tres-haute-protection-spf-50-50ml\\\/\",\"name\":\"Eau Thermale Av\u00e8ne Solaire Fluide Tr\u00e8s Haute Protection \u2013 Spf 50+ \u2013 50ml - paragaleriedetalborjt\",\"isPartOf\":{\"@id\":\"https:\\\/\\\/paragaleriedetalborjt.com\\\/#website\"},\"primaryImageOfPage\":{\"@id\":\"https:\\\/\\\/paragaleriedetalborjt.com\\\/boutique\\\/eau-thermale-avene-solaire-fluide-tres-haute-protection-spf-50-50ml\\\/#primaryimage\"},\"image\":{\"@id\":\"https:\\\/\\\/paragaleriedetalborjt.com\\\/boutique\\\/eau-thermale-avene-solaire-fluide-tres-haute-protection-spf-50-50ml\\\/#primaryimage\"},\"thumbnailUrl\":\"https:\\\/\\\/paragaleriedetalborjt.com\\\/wp-content\\\/uploads\\\/2026\\\/01\\\/Eau-Thermale-Avene-Solaire-Fluide-Tres-Haute-Protection-Spf-50-50ml-600x600-1.png\",\"datePublished\":\"2026-01-03T17:30:36+00:00\",\"dateModified\":\"2026-01-03T19:14:57+00:00\",\"breadcrumb\":{\"@id\":\"https:\\\/\\\/paragaleriedetalborjt.com\\\/boutique\\\/eau-thermale-avene-solaire-fluide-tres-haute-protection-spf-50-50ml\\\/#breadcrumb\"},\"inLanguage\":\"en-US\",\"potentialAction\":[{\"@type\":\"ReadAction\",\"target\":[\"https:\\\/\\\/paragaleriedetalborjt.com\\\/boutique\\\/eau-thermale-avene-solaire-fluide-tres-haute-protection-spf-50-50ml\\\/\"]}]},{\"@type\":\"ImageObject\",\"inLanguage\":\"en-US\",\"@id\":\"https:\\\/\\\/paragaleriedetalborjt.com\\\/boutique\\\/eau-thermale-avene-solaire-fluide-tres-haute-protection-spf-50-50ml\\\/#primaryimage\",\"url\":\"https:\\\/\\\/paragaleriedetalborjt.com\\\/wp-content\\\/uploads\\\/2026\\\/01\\\/Eau-Thermale-Avene-Solaire-Fluide-Tres-Haute-Protection-Spf-50-50ml-600x600-1.png\",\"contentUrl\":\"https:\\\/\\\/paragaleriedetalborjt.com\\\/wp-content\\\/uploads\\\/2026\\\/01\\\/Eau-Thermale-Avene-Solaire-Fluide-Tres-Haute-Protection-Spf-50-50ml-600x600-1.png\",\"width\":600,\"height\":600},{\"@type\":\"BreadcrumbList\",\"@id\":\"https:\\\/\\\/paragaleriedetalborjt.com\\\/boutique\\\/eau-thermale-avene-solaire-fluide-tres-haute-protection-spf-50-50ml\\\/#breadcrumb\",\"itemListElement\":[{\"@type\":\"ListItem\",\"position\":1,\"name\":\"Accueil\",\"item\":\"https:\\\/\\\/paragaleriedetalborjt.com\\\/\"},{\"@type\":\"ListItem\",\"position\":2,\"name\":\"Boutique\",\"item\":\"https:\\\/\\\/paragaleriedetalborjt.com\\\/boutique\\\/\"},{\"@type\":\"ListItem\",\"position\":3,\"name\":\"Eau Thermale Av\u00e8ne Solaire Fluide Tr\u00e8s Haute Protection \u2013 Spf 50+ \u2013 50ml\"}]},{\"@type\":\"WebSite\",\"@id\":\"https:\\\/\\\/paragaleriedetalborjt.com\\\/#website\",\"url\":\"https:\\\/\\\/paragaleriedetalborjt.com\\\/\",\"name\":\"paragaleriedetalborjt\",\"description\":\"\",\"potentialAction\":[{\"@type\":\"SearchAction\",\"target\":{\"@type\":\"EntryPoint\",\"urlTemplate\":\"https:\\\/\\\/paragaleriedetalborjt.com\\\/?s={search_term_string}\"},\"query-input\":{\"@type\":\"PropertyValueSpecification\",\"valueRequired\":true,\"valueName\":\"search_term_string\"}}],\"inLanguage\":\"en-US\"}]}<\/script>\n<!-- \/ Yoast SEO plugin. -->","yoast_head_json":{"title":"Eau Thermale Av\u00e8ne Solaire Fluide Tr\u00e8s Haute Protection \u2013 Spf 50+ \u2013 50ml - paragaleriedetalborjt","robots":{"index":"index","follow":"follow","max-snippet":"max-snippet:-1","max-image-preview":"max-image-preview:large","max-video-preview":"max-video-preview:-1"},"canonical":"https:\/\/paragaleriedetalborjt.com\/en\/boutique\/eau-thermale-avene-solaire-fluide-tres-haute-protection-spf-50-50ml\/","og_locale":"en_US","og_type":"article","og_title":"Eau Thermale Av\u00e8ne Solaire Fluide Tr\u00e8s Haute Protection \u2013 Spf 50+ \u2013 50ml - paragaleriedetalborjt","og_description":"Highlights:Une tr\u00e8s haute protection solaire pour la peau sensible normale \u00e0 mixte du visage.","og_url":"https:\/\/paragaleriedetalborjt.com\/en\/boutique\/eau-thermale-avene-solaire-fluide-tres-haute-protection-spf-50-50ml\/","og_site_name":"paragaleriedetalborjt","article_modified_time":"2026-01-03T19:14:57+00:00","og_image":[{"width":600,"height":600,"url":"https:\/\/paragaleriedetalborjt.com\/wp-content\/uploads\/2026\/01\/Eau-Thermale-Avene-Solaire-Fluide-Tres-Haute-Protection-Spf-50-50ml-600x600-1.png","type":"image\/png"}],"twitter_card":"summary_large_image","twitter_misc":{"Est. reading time":"1 minute"},"schema":{"@context":"https:\/\/schema.org","@graph":[{"@type":"WebPage","@id":"https:\/\/paragaleriedetalborjt.com\/boutique\/eau-thermale-avene-solaire-fluide-tres-haute-protection-spf-50-50ml\/","url":"https:\/\/paragaleriedetalborjt.com\/boutique\/eau-thermale-avene-solaire-fluide-tres-haute-protection-spf-50-50ml\/","name":"Eau Thermale Av\u00e8ne Solaire Fluide Tr\u00e8s Haute Protection \u2013 Spf 50+ \u2013 50ml - paragaleriedetalborjt","isPartOf":{"@id":"https:\/\/paragaleriedetalborjt.com\/#website"},"primaryImageOfPage":{"@id":"https:\/\/paragaleriedetalborjt.com\/boutique\/eau-thermale-avene-solaire-fluide-tres-haute-protection-spf-50-50ml\/#primaryimage"},"image":{"@id":"https:\/\/paragaleriedetalborjt.com\/boutique\/eau-thermale-avene-solaire-fluide-tres-haute-protection-spf-50-50ml\/#primaryimage"},"thumbnailUrl":"https:\/\/paragaleriedetalborjt.com\/wp-content\/uploads\/2026\/01\/Eau-Thermale-Avene-Solaire-Fluide-Tres-Haute-Protection-Spf-50-50ml-600x600-1.png","datePublished":"2026-01-03T17:30:36+00:00","dateModified":"2026-01-03T19:14:57+00:00","breadcrumb":{"@id":"https:\/\/paragaleriedetalborjt.com\/boutique\/eau-thermale-avene-solaire-fluide-tres-haute-protection-spf-50-50ml\/#breadcrumb"},"inLanguage":"en-US","potentialAction":[{"@type":"ReadAction","target":["https:\/\/paragaleriedetalborjt.com\/boutique\/eau-thermale-avene-solaire-fluide-tres-haute-protection-spf-50-50ml\/"]}]},{"@type":"ImageObject","inLanguage":"en-US","@id":"https:\/\/paragaleriedetalborjt.com\/boutique\/eau-thermale-avene-solaire-fluide-tres-haute-protection-spf-50-50ml\/#primaryimage","url":"https:\/\/paragaleriedetalborjt.com\/wp-content\/uploads\/2026\/01\/Eau-Thermale-Avene-Solaire-Fluide-Tres-Haute-Protection-Spf-50-50ml-600x600-1.png","contentUrl":"https:\/\/paragaleriedetalborjt.com\/wp-content\/uploads\/2026\/01\/Eau-Thermale-Avene-Solaire-Fluide-Tres-Haute-Protection-Spf-50-50ml-600x600-1.png","width":600,"height":600},{"@type":"BreadcrumbList","@id":"https:\/\/paragaleriedetalborjt.com\/boutique\/eau-thermale-avene-solaire-fluide-tres-haute-protection-spf-50-50ml\/#breadcrumb","itemListElement":[{"@type":"ListItem","position":1,"name":"Accueil","item":"https:\/\/paragaleriedetalborjt.com\/"},{"@type":"ListItem","position":2,"name":"Boutique","item":"https:\/\/paragaleriedetalborjt.com\/boutique\/"},{"@type":"ListItem","position":3,"name":"Eau Thermale Av\u00e8ne Solaire Fluide Tr\u00e8s Haute Protection \u2013 Spf 50+ \u2013 50ml"}]},{"@type":"WebSite","@id":"https:\/\/paragaleriedetalborjt.com\/#website","url":"https:\/\/paragaleriedetalborjt.com\/","name":"paragaleriedetalborjt","description":"","potentialAction":[{"@type":"SearchAction","target":{"@type":"EntryPoint","urlTemplate":"https:\/\/paragaleriedetalborjt.com\/?s={search_term_string}"},"query-input":{"@type":"PropertyValueSpecification","valueRequired":true,"valueName":"search_term_string"}}],"inLanguage":"en-US"}]}},"brands":[{"id":1771,"name":"AV\u00c8NE","slug":"avene"}],"_links":{"self":[{"href":"https:\/\/paragaleriedetalborjt.com\/en\/wp-json\/wp\/v2\/product\/38438","targetHints":{"allow":["GET"]}}],"collection":[{"href":"https:\/\/paragaleriedetalborjt.com\/en\/wp-json\/wp\/v2\/product"}],"about":[{"href":"https:\/\/paragaleriedetalborjt.com\/en\/wp-json\/wp\/v2\/types\/product"}],"replies":[{"embeddable":true,"href":"https:\/\/paragaleriedetalborjt.com\/en\/wp-json\/wp\/v2\/comments?post=38438"}],"version-history":[{"count":1,"href":"https:\/\/paragaleriedetalborjt.com\/en\/wp-json\/wp\/v2\/product\/38438\/revisions"}],"predecessor-version":[{"id":38440,"href":"https:\/\/paragaleriedetalborjt.com\/en\/wp-json\/wp\/v2\/product\/38438\/revisions\/38440"}],"wp:featuredmedia":[{"embeddable":true,"href":"https:\/\/paragaleriedetalborjt.com\/en\/wp-json\/wp\/v2\/media\/38439"}],"wp:attachment":[{"href":"https:\/\/paragaleriedetalborjt.com\/en\/wp-json\/wp\/v2\/media?parent=38438"}],"wp:term":[{"taxonomy":"pwb-brand","embeddable":true,"href":"https:\/\/paragaleriedetalborjt.com\/en\/wp-json\/wp\/v2\/pwb-brand?post=38438"},{"taxonomy":"product_cat","embeddable":true,"href":"https:\/\/paragaleriedetalborjt.com\/en\/wp-json\/wp\/v2\/product_cat?post=38438"},{"taxonomy":"product_tag","embeddable":true,"href":"https:\/\/paragaleriedetalborjt.com\/en\/wp-json\/wp\/v2\/product_tag?post=38438"}],"curies":[{"name":"wp","href":"https:\/\/api.w.org\/{rel}","templated":true}]}}