{"id":38420,"date":"2026-01-03T18:30:03","date_gmt":"2026-01-03T17:30:03","guid":{"rendered":"https:\/\/paragaleriedetalborjt.com\/?post_type=product&#038;p=38420"},"modified":"2026-01-03T20:14:55","modified_gmt":"2026-01-03T19:14:55","slug":"rr-compresse-steriles-2020-boite-de-10-pieces","status":"publish","type":"product","link":"https:\/\/paragaleriedetalborjt.com\/en\/boutique\/rr-compresse-steriles-2020-boite-de-10-pieces\/","title":{"rendered":"RR Compresse Steriles 20*20 Boite de 10 Pi\u00e8ces"},"content":{"rendered":"<div aria-labelledby=\"tab-title-description\" class=\"woocommerce-Tabs-panel woocommerce-Tabs-panel--description panel entry-content wc-tab\" id=\"tab-description\" role=\"tabpanel\" style=\"\">\n<h2>Description<\/h2>\n<div class=\"woocommerce-product-details__short-description\">\n<p><span style=\"font-size: 1rem;\">\u2013 Les compresses RR sont con\u00e7ues avec du gaze en pur coton procurant une sensation agr\u00e9able et apaisante au toucher. Elles sont st\u00e9riles<\/span><\/p>\n<\/div>\n<form action=\"https:\/\/paraval.ma\/boutique-2\/paramedical\/desinfectants-et-soins\/rr-compresses-steriles-20cmx20cm-10-unites\/\" class=\"cart\" enctype=\"multipart\/form-data\" method=\"post\">\n<div class=\"quantity\">\u2013 Tr\u00e8s mall\u00e9ables et pourtant d\u2019une grande r\u00e9sistance, les fibres soyeuses et blanchies qui les constituent leur permettent de traiter toutes les surfaces du corps.<br \/>\n\u2013 Pour les soins m\u00e9dicaux, ces compresses st\u00e9riles offrent l\u2019avantage d\u2019une utilisation toujours aseptique.<br \/>\n-Leur caract\u00e9ristique r\u00e9side dans le fait qu\u2019elles repr\u00e9sentent un outil indispensable pour panser et traiter les blessures.<br \/>\n-Elles peuvent \u00e9galement \u00eatre utilis\u00e9es pour les traitements param\u00e9dicaux comme le nettoyage du visage et l\u2019application de produits cosm\u00e9tiques.<br \/>\n\u2013 Leur propri\u00e9t\u00e9 hydrophile en fait un produit ass\u00e9chant efficace.<\/div>\n<\/form>\n<\/div>","protected":false},"excerpt":{"rendered":"<p>Highlights:Les compresses RR permettent le nettoyage et la protection des plaies.\u00a0elles repr\u00e9sentent un outil indispensable pour panser et traiter les blessures.<\/p>","protected":false},"featured_media":38421,"comment_status":"open","ping_status":"closed","template":"","meta":[],"pwb-brand":[1598],"product_cat":[16],"product_tag":[],"class_list":{"0":"post-38420","1":"product","2":"type-product","3":"status-publish","4":"has-post-thumbnail","6":"pwb-brand-rr","7":"product_cat-non-classe","8":"pa_brands-rr","10":"first","11":"instock","12":"sale","13":"shipping-taxable","14":"purchasable","15":"product-type-simple"},"yoast_head":"<!-- This site is optimized with the Yoast SEO plugin v26.9 - https:\/\/yoast.com\/product\/yoast-seo-wordpress\/ -->\n<title>RR Compresse Steriles 20*20 Boite de 10 Pi\u00e8ces - paragaleriedetalborjt<\/title>\n<meta name=\"robots\" content=\"index, follow, max-snippet:-1, max-image-preview:large, max-video-preview:-1\" \/>\n<link rel=\"canonical\" href=\"https:\/\/paragaleriedetalborjt.com\/en\/boutique\/rr-compresse-steriles-2020-boite-de-10-pieces\/\" \/>\n<meta property=\"og:locale\" content=\"en_US\" \/>\n<meta property=\"og:type\" content=\"article\" \/>\n<meta property=\"og:title\" content=\"RR Compresse Steriles 20*20 Boite de 10 Pi\u00e8ces - paragaleriedetalborjt\" \/>\n<meta property=\"og:description\" content=\"Highlights:Les compresses RR permettent le nettoyage et la protection des plaies.\u00a0elles repr\u00e9sentent un outil indispensable pour panser et traiter les blessures.\" \/>\n<meta property=\"og:url\" content=\"https:\/\/paragaleriedetalborjt.com\/en\/boutique\/rr-compresse-steriles-2020-boite-de-10-pieces\/\" \/>\n<meta property=\"og:site_name\" content=\"paragaleriedetalborjt\" \/>\n<meta property=\"article:modified_time\" content=\"2026-01-03T19:14:55+00:00\" \/>\n<meta property=\"og:image\" content=\"https:\/\/paragaleriedetalborjt.com\/wp-content\/uploads\/2026\/01\/RR-Compresses-Steriles-20Cmx20Cm-10-Unites.jpg\" \/>\n\t<meta property=\"og:image:width\" content=\"595\" \/>\n\t<meta property=\"og:image:height\" content=\"655\" \/>\n\t<meta property=\"og:image:type\" content=\"image\/jpeg\" \/>\n<meta name=\"twitter:card\" content=\"summary_large_image\" \/>\n<meta name=\"twitter:label1\" content=\"Est. reading time\" \/>\n\t<meta name=\"twitter:data1\" content=\"1 minute\" \/>\n<script type=\"application\/ld+json\" class=\"yoast-schema-graph\">{\"@context\":\"https:\/\/schema.org\",\"@graph\":[{\"@type\":\"WebPage\",\"@id\":\"https:\/\/paragaleriedetalborjt.com\/en\/boutique\/rr-compresse-steriles-2020-boite-de-10-pieces\/\",\"url\":\"https:\/\/paragaleriedetalborjt.com\/en\/boutique\/rr-compresse-steriles-2020-boite-de-10-pieces\/\",\"name\":\"RR Compresse Steriles 20*20 Boite de 10 Pi\u00e8ces - paragaleriedetalborjt\",\"isPartOf\":{\"@id\":\"https:\/\/paragaleriedetalborjt.com\/#website\"},\"primaryImageOfPage\":{\"@id\":\"https:\/\/paragaleriedetalborjt.com\/en\/boutique\/rr-compresse-steriles-2020-boite-de-10-pieces\/#primaryimage\"},\"image\":{\"@id\":\"https:\/\/paragaleriedetalborjt.com\/en\/boutique\/rr-compresse-steriles-2020-boite-de-10-pieces\/#primaryimage\"},\"thumbnailUrl\":\"https:\/\/paragaleriedetalborjt.com\/wp-content\/uploads\/2026\/01\/RR-Compresses-Steriles-20Cmx20Cm-10-Unites.jpg\",\"datePublished\":\"2026-01-03T17:30:03+00:00\",\"dateModified\":\"2026-01-03T19:14:55+00:00\",\"breadcrumb\":{\"@id\":\"https:\/\/paragaleriedetalborjt.com\/en\/boutique\/rr-compresse-steriles-2020-boite-de-10-pieces\/#breadcrumb\"},\"inLanguage\":\"en-US\",\"potentialAction\":[{\"@type\":\"ReadAction\",\"target\":[\"https:\/\/paragaleriedetalborjt.com\/en\/boutique\/rr-compresse-steriles-2020-boite-de-10-pieces\/\"]}]},{\"@type\":\"ImageObject\",\"inLanguage\":\"en-US\",\"@id\":\"https:\/\/paragaleriedetalborjt.com\/en\/boutique\/rr-compresse-steriles-2020-boite-de-10-pieces\/#primaryimage\",\"url\":\"https:\/\/paragaleriedetalborjt.com\/wp-content\/uploads\/2026\/01\/RR-Compresses-Steriles-20Cmx20Cm-10-Unites.jpg\",\"contentUrl\":\"https:\/\/paragaleriedetalborjt.com\/wp-content\/uploads\/2026\/01\/RR-Compresses-Steriles-20Cmx20Cm-10-Unites.jpg\",\"width\":595,\"height\":655},{\"@type\":\"BreadcrumbList\",\"@id\":\"https:\/\/paragaleriedetalborjt.com\/en\/boutique\/rr-compresse-steriles-2020-boite-de-10-pieces\/#breadcrumb\",\"itemListElement\":[{\"@type\":\"ListItem\",\"position\":1,\"name\":\"Accueil\",\"item\":\"https:\/\/paragaleriedetalborjt.com\/\"},{\"@type\":\"ListItem\",\"position\":2,\"name\":\"Boutique\",\"item\":\"https:\/\/paragaleriedetalborjt.com\/boutique\/\"},{\"@type\":\"ListItem\",\"position\":3,\"name\":\"RR Compresse Steriles 20*20 Boite de 10 Pi\u00e8ces\"}]},{\"@type\":\"WebSite\",\"@id\":\"https:\/\/paragaleriedetalborjt.com\/#website\",\"url\":\"https:\/\/paragaleriedetalborjt.com\/\",\"name\":\"paragaleriedetalborjt\",\"description\":\"\",\"potentialAction\":[{\"@type\":\"SearchAction\",\"target\":{\"@type\":\"EntryPoint\",\"urlTemplate\":\"https:\/\/paragaleriedetalborjt.com\/?s={search_term_string}\"},\"query-input\":{\"@type\":\"PropertyValueSpecification\",\"valueRequired\":true,\"valueName\":\"search_term_string\"}}],\"inLanguage\":\"en-US\"}]}<\/script>\n<!-- \/ Yoast SEO plugin. -->","yoast_head_json":{"title":"RR Compresse Steriles 20*20 Boite de 10 Pi\u00e8ces - paragaleriedetalborjt","robots":{"index":"index","follow":"follow","max-snippet":"max-snippet:-1","max-image-preview":"max-image-preview:large","max-video-preview":"max-video-preview:-1"},"canonical":"https:\/\/paragaleriedetalborjt.com\/en\/boutique\/rr-compresse-steriles-2020-boite-de-10-pieces\/","og_locale":"en_US","og_type":"article","og_title":"RR Compresse Steriles 20*20 Boite de 10 Pi\u00e8ces - paragaleriedetalborjt","og_description":"Highlights:Les compresses RR permettent le nettoyage et la protection des plaies.\u00a0elles repr\u00e9sentent un outil indispensable pour panser et traiter les blessures.","og_url":"https:\/\/paragaleriedetalborjt.com\/en\/boutique\/rr-compresse-steriles-2020-boite-de-10-pieces\/","og_site_name":"paragaleriedetalborjt","article_modified_time":"2026-01-03T19:14:55+00:00","og_image":[{"width":595,"height":655,"url":"https:\/\/paragaleriedetalborjt.com\/wp-content\/uploads\/2026\/01\/RR-Compresses-Steriles-20Cmx20Cm-10-Unites.jpg","type":"image\/jpeg"}],"twitter_card":"summary_large_image","twitter_misc":{"Est. reading time":"1 minute"},"schema":{"@context":"https:\/\/schema.org","@graph":[{"@type":"WebPage","@id":"https:\/\/paragaleriedetalborjt.com\/en\/boutique\/rr-compresse-steriles-2020-boite-de-10-pieces\/","url":"https:\/\/paragaleriedetalborjt.com\/en\/boutique\/rr-compresse-steriles-2020-boite-de-10-pieces\/","name":"RR Compresse Steriles 20*20 Boite de 10 Pi\u00e8ces - paragaleriedetalborjt","isPartOf":{"@id":"https:\/\/paragaleriedetalborjt.com\/#website"},"primaryImageOfPage":{"@id":"https:\/\/paragaleriedetalborjt.com\/en\/boutique\/rr-compresse-steriles-2020-boite-de-10-pieces\/#primaryimage"},"image":{"@id":"https:\/\/paragaleriedetalborjt.com\/en\/boutique\/rr-compresse-steriles-2020-boite-de-10-pieces\/#primaryimage"},"thumbnailUrl":"https:\/\/paragaleriedetalborjt.com\/wp-content\/uploads\/2026\/01\/RR-Compresses-Steriles-20Cmx20Cm-10-Unites.jpg","datePublished":"2026-01-03T17:30:03+00:00","dateModified":"2026-01-03T19:14:55+00:00","breadcrumb":{"@id":"https:\/\/paragaleriedetalborjt.com\/en\/boutique\/rr-compresse-steriles-2020-boite-de-10-pieces\/#breadcrumb"},"inLanguage":"en-US","potentialAction":[{"@type":"ReadAction","target":["https:\/\/paragaleriedetalborjt.com\/en\/boutique\/rr-compresse-steriles-2020-boite-de-10-pieces\/"]}]},{"@type":"ImageObject","inLanguage":"en-US","@id":"https:\/\/paragaleriedetalborjt.com\/en\/boutique\/rr-compresse-steriles-2020-boite-de-10-pieces\/#primaryimage","url":"https:\/\/paragaleriedetalborjt.com\/wp-content\/uploads\/2026\/01\/RR-Compresses-Steriles-20Cmx20Cm-10-Unites.jpg","contentUrl":"https:\/\/paragaleriedetalborjt.com\/wp-content\/uploads\/2026\/01\/RR-Compresses-Steriles-20Cmx20Cm-10-Unites.jpg","width":595,"height":655},{"@type":"BreadcrumbList","@id":"https:\/\/paragaleriedetalborjt.com\/en\/boutique\/rr-compresse-steriles-2020-boite-de-10-pieces\/#breadcrumb","itemListElement":[{"@type":"ListItem","position":1,"name":"Accueil","item":"https:\/\/paragaleriedetalborjt.com\/"},{"@type":"ListItem","position":2,"name":"Boutique","item":"https:\/\/paragaleriedetalborjt.com\/boutique\/"},{"@type":"ListItem","position":3,"name":"RR Compresse Steriles 20*20 Boite de 10 Pi\u00e8ces"}]},{"@type":"WebSite","@id":"https:\/\/paragaleriedetalborjt.com\/#website","url":"https:\/\/paragaleriedetalborjt.com\/","name":"paragaleriedetalborjt","description":"","potentialAction":[{"@type":"SearchAction","target":{"@type":"EntryPoint","urlTemplate":"https:\/\/paragaleriedetalborjt.com\/?s={search_term_string}"},"query-input":{"@type":"PropertyValueSpecification","valueRequired":true,"valueName":"search_term_string"}}],"inLanguage":"en-US"}]}},"brands":[{"id":1598,"name":"RR","slug":"rr"}],"_links":{"self":[{"href":"https:\/\/paragaleriedetalborjt.com\/en\/wp-json\/wp\/v2\/product\/38420","targetHints":{"allow":["GET"]}}],"collection":[{"href":"https:\/\/paragaleriedetalborjt.com\/en\/wp-json\/wp\/v2\/product"}],"about":[{"href":"https:\/\/paragaleriedetalborjt.com\/en\/wp-json\/wp\/v2\/types\/product"}],"replies":[{"embeddable":true,"href":"https:\/\/paragaleriedetalborjt.com\/en\/wp-json\/wp\/v2\/comments?post=38420"}],"version-history":[{"count":1,"href":"https:\/\/paragaleriedetalborjt.com\/en\/wp-json\/wp\/v2\/product\/38420\/revisions"}],"predecessor-version":[{"id":38422,"href":"https:\/\/paragaleriedetalborjt.com\/en\/wp-json\/wp\/v2\/product\/38420\/revisions\/38422"}],"wp:featuredmedia":[{"embeddable":true,"href":"https:\/\/paragaleriedetalborjt.com\/en\/wp-json\/wp\/v2\/media\/38421"}],"wp:attachment":[{"href":"https:\/\/paragaleriedetalborjt.com\/en\/wp-json\/wp\/v2\/media?parent=38420"}],"wp:term":[{"taxonomy":"pwb-brand","embeddable":true,"href":"https:\/\/paragaleriedetalborjt.com\/en\/wp-json\/wp\/v2\/pwb-brand?post=38420"},{"taxonomy":"product_cat","embeddable":true,"href":"https:\/\/paragaleriedetalborjt.com\/en\/wp-json\/wp\/v2\/product_cat?post=38420"},{"taxonomy":"product_tag","embeddable":true,"href":"https:\/\/paragaleriedetalborjt.com\/en\/wp-json\/wp\/v2\/product_tag?post=38420"}],"curies":[{"name":"wp","href":"https:\/\/api.w.org\/{rel}","templated":true}]}}