{"id":38386,"date":"2026-01-03T18:28:59","date_gmt":"2026-01-03T17:28:59","guid":{"rendered":"https:\/\/paragaleriedetalborjt.com\/?post_type=product&#038;p=38386"},"modified":"2026-01-03T20:14:52","modified_gmt":"2026-01-03T19:14:52","slug":"eucerin-hyaluron-filler-elasticity-jour-50-ml","status":"publish","type":"product","link":"https:\/\/paragaleriedetalborjt.com\/en\/boutique\/eucerin-hyaluron-filler-elasticity-jour-50-ml\/","title":{"rendered":"Eucerin  HYALURON FILLER + ELASTICITY JOUR \u2013  50 ML"},"content":{"rendered":"<div aria-labelledby=\"tab-title-description\" class=\"woocommerce-Tabs-panel woocommerce-Tabs-panel--description panel entry-content wc-tab\" id=\"tab-description\" role=\"tabpanel\" style=\"\">\n<h2>Description<\/h2>\n<p><strong>EUCERIN\u00a0Hyaluron-filler\u00a0+ Elasticity, Soin de jour SPF30, Anti-\u00e2ge.\u00a0<\/strong><br \/>\n<strong>R\u00e9duit les rides, m\u00eame profondes, R\u00e9duit les taches brunes,Elasticit\u00e9 et \u00e9clat 50ml.<\/strong><br \/>\nEucerin Hyaluron-Filler + Elasticity Soin de Jour peaux matures SPF 30 renforce la structure de la peau en am\u00e9liorant son \u00e9lasticit\u00e9 et comble les rides profondes. Il est sp\u00e9cialement formul\u00e9 pour att\u00e9nuer les signes avanc\u00e9s du vieillissement :<br \/>\n\u2013\u00a0Le comblement des rides\u00a0: la formule innovante d\u2019Eucerin est compos\u00e9e d\u2019Acide hyaluronique de bas et haut poids mol\u00e9culaire pour cibler les rides profondes. L\u2019Acide hyaluronique de haut poids mol\u00e9culaire contribue \u00e0 am\u00e9liorer l\u2019hydratation de la couche superficielle de l\u2019\u00e9piderme (d\u2019o\u00f9 proviennent les rides et ridules), tandis que l\u2019Acide hyaluronique de bas poids mol\u00e9culaire, 40 fois plus petit, p\u00e9n\u00e8tre plus profond\u00e9ment dans les couches \u00e9pidermiques pour stimuler la production d\u2019Acide hyaluronique de la peau, l\u00e0 o\u00f9 se forment les rides les plus profondes.<br \/>\n\u2013\u00a0L\u2019am\u00e9lioration de l\u2019\u00e9lasticit\u00e9\u00a0: le Complexe Collag\u00e8ne-\u00c9lastine, une puissante combinaison d\u2019Arctiine et de Cr\u00e9atine, stimule la production naturelle de collag\u00e8ne** et augmente l\u2019\u00e9lasticit\u00e9 de la peau.<br \/>\n\u2013\u00a0La r\u00e9duction des taches brunes li\u00e9es \u00e0 l\u2019\u00e2ge\u00a0: la formule au Thiamidol* r\u00e9duit de fa\u00e7on cliniquement prouv\u00e9e l\u2019apparence des taches brunes li\u00e9es \u00e0 l\u2019\u00e2ge (premiers r\u00e9sultats visibles d\u00e8s 2 semaines***).<br \/>\nR\u00e9sultats : Une peau \u00e0 l\u2019apparence plus jeune, plus lisse et \u00e9clatante.<br \/>\nLa peau du visage est plus expos\u00e9e au soleil que la peau du reste du corps et elle est donc plus vuln\u00e9rable aux rayons UVA et UVB qui peuvent provoquer un vieillissement pr\u00e9matur\u00e9. Ainsi protection anti-UVB (SPF 30) et anti-UVA pr\u00e9vient efficacement le vieillissement cutan\u00e9 pr\u00e9matur\u00e9 et l\u2019accentuation des rides induits par les UV.<br \/>\n*Thiamidol brevet\u00e9 (EP 2 758 381 B1) France, Belgique, Pays-Bas. **Tests in vitro. ***\u00c9tude clinique, 40 volontaires, 12 semaines, \u00e9valuation clinique et auto-\u00e9valuation.<br \/>\n<span style=\"color: #ff0000;\"><strong>COMPOSITIONS &amp; INGR\u00c9DIENTS :<\/strong><\/span><br \/>\nFormule INCI : Aqua, glycerin, alcohol denat., C12-15 alkyl benzoate, butyl methoxydibenzoylmethane, butylene glycol dicaprylate\/dicaprate, ethylhexyl salicylate, bis-ethylhexyloxyphenol methoxyphenyl triazine, cetearyl alcohol, dibutyl adipate, ethylhexyl triazone, phenylbenzimidazole sulfonic acid, tapioca starch, behenyl alcohol, silybum marianum seed oil, sodium hyaluronate, arctium lappa fruit extract, glyceryl stearate, sodium stearoyl glutamate, xanthan gum, acrylates\/C10-30 alkyl acrylate crosspolymer, carbomer, pentaerythrityl terat-di-t-butyl hydroxyhydrocinnamate trisodium EDTA, sodium chloride, sodium hydroxide, dimethicone, ehylhexylglycerin, phenoxyethanol, parfum.<br \/>\nLa liste des ingr\u00e9dients peut \u00eatre soumise \u00e0 des variations, nous vous conseillons de toujours v\u00e9rifier la liste figurant sur le produit achet\u00e9.<br \/>\n<span style=\"color: #ff0000;\"><strong>CONSEILS D\u2019UTILISATION :<\/strong><\/span><br \/>\nAppliquer une noisette de produit chaque matin sur visage, cou et d\u00e9collet\u00e9 propres et secs en effectuant de l\u00e9gers massages circulaires : commencer par un doux massage autour des yeux avant d\u2019effectuer des mouvements de l\u2019int\u00e9rieur du visage vers l\u2019ext\u00e9rieur.<br \/>\nIl convient d\u2019utiliser une protection solaire compl\u00e9mentaire en cas d\u2019exposition prolong\u00e9e au soleil.<br \/>\n<span style=\"color: #ff0000;\"><strong>Zoom sur la marque Eucerin<\/strong><\/span><br \/>\nEucerin est une marque de la soci\u00e9t\u00e9 Beiersdorf. En plus de proposer des soins du corps et du visage, Eucerin est aujourd\u2019hui une marque mondialement reconnue en terme de produits solaires et nettoyants. De nombreux articles disponibles aujourd\u2019hui en pharmacie, tels que les pommades, les cr\u00e8mes ou les lotions sp\u00e9ciales pour peaux sensibles, trouvent leur origine dans un seul ingr\u00e9dient de base : Eucerin. La base de pommade r\u00e9alis\u00e9e \u00e0 partir de l\u2019agent \u00e9mulsifiant Eucerit (inspir\u00e9 du grec ancien signifiant \u00ab\u00a0la belle cire\u00a0\u00bb ) permet d\u2019appliquer des principes actifs sous forme de pommade directement sur la peau. M\u00eame si \u00e9norm\u00e9ment de chemin a \u00e9t\u00e9 parcouru depuis, c\u2019est dans cette substance que le produit\u00a0Eucerin hyaluron filler + elasticity\u00a0trouve son origine.<br \/>\nLes bases th\u00e9oriques de l\u2019Eucerit ont \u00e9t\u00e9 r\u00e9alis\u00e9es par le Dr Isaac Lifsch\u00fctz en 1898. Apr\u00e8s des tests approfondis, il a d\u00e9pos\u00e9 une demande de brevet pour ce nouvel agent \u00e9mulsifiant en 1900, et il a \u00e9t\u00e9 accord\u00e9 en 1902. M\u00e9lang\u00e9 \u00e0 des graisses min\u00e9rales, le compos\u00e9 d\u00e9velopp\u00e9 par Lifsch\u00fctz,\u00a0Eucerinum anhydricum, devient une base de pommade hydrophile qui se conserve ind\u00e9finiment. Le produit est devenu un succ\u00e8s apr\u00e8s que Lifsch\u00fctz a vendu son brevet \u00e0 Beiersdorf en 1911 et a rejoint l\u2019entreprise en tant que chimiste.<\/p>\n<\/div>","protected":false},"excerpt":{"rendered":"<p>Highlights:EUCERIN\u00a0Hyaluron-filler\u00a0+ Elasticity, Soin de jour SPF30, Anti-\u00e2ge.R\u00e9duit les rides, m\u00eame profondes, R\u00e9duit les taches brunes,Elasticit\u00e9 et \u00e9clat 50ml.Eucerin Hyaluron-Filler + Elasticity Soin de Jour peaux matures SPF 30 renforce la structure de la peau en am\u00e9liorant son \u00e9lasticit\u00e9 et comble les rides profondes. Il est sp\u00e9cialement formul\u00e9 pour att\u00e9nuer les signes avanc\u00e9s du vieillissement :\u2013\u00a0Le comblement des rides\u00a0: la formule innovante d\u2019Eucerin est compos\u00e9e d\u2019Acide hyaluronique de bas et haut poids mol\u00e9culaire pour cibler les rides profondes. L\u2019Acide hyaluronique de haut poids mol\u00e9culaire contribue \u00e0 am\u00e9liorer l\u2019hydratation de la couche superficielle de l\u2019\u00e9piderme (d\u2019o\u00f9 proviennent les rides et ridules), tandis que l\u2019Acide hyaluronique de bas poids mol\u00e9culaire, 40 fois plus petit, p\u00e9n\u00e8tre plus profond\u00e9ment dans les couches \u00e9pidermiques pour stimuler la production d\u2019Acide hyaluronique de la peau, l\u00e0 o\u00f9 se forment les rides les plus profondes.\u2013\u00a0L\u2019am\u00e9lioration de l\u2019\u00e9lasticit\u00e9\u00a0: le Complexe Collag\u00e8ne-\u00c9lastine, une puissante combinaison d\u2019Arctiine et de Cr\u00e9atine, stimule la production naturelle de collag\u00e8ne** et augmente l\u2019\u00e9lasticit\u00e9 de la peau.\u2013\u00a0La r\u00e9duction des taches brunes li\u00e9es \u00e0 l\u2019\u00e2ge\u00a0: la formule au Thiamidol* r\u00e9duit de fa\u00e7on cliniquement prouv\u00e9e l\u2019apparence des taches brunes li\u00e9es \u00e0 l\u2019\u00e2ge (premiers r\u00e9sultats visibles d\u00e8s 2 semaines***).R\u00e9sultats : Une peau \u00e0 l\u2019apparence plus jeune, plus lisse et \u00e9clatante.La peau du visage est plus expos\u00e9e au soleil que la peau du reste du corps et elle est donc plus vuln\u00e9rable aux rayons UVA et UVB qui peuvent provoquer un vieillissement pr\u00e9matur\u00e9. Ainsi protection anti-UVB (SPF 30) et anti-UVA pr\u00e9vient efficacement le vieillissement cutan\u00e9 pr\u00e9matur\u00e9 et l\u2019accentuation des rides induits par les UV.*Thiamidol brevet\u00e9 (EP 2 758 381 B1) France, Belgique, Pays-Bas. **Tests in vitro. ***\u00c9tude clinique, 40 volontaires, 12 semaines, \u00e9valuation clinique et auto-\u00e9valuation.<\/p>","protected":false},"featured_media":38387,"comment_status":"open","ping_status":"closed","template":"","meta":[],"pwb-brand":[1582],"product_cat":[16],"product_tag":[],"class_list":{"0":"post-38386","1":"product","2":"type-product","3":"status-publish","4":"has-post-thumbnail","6":"pwb-brand-eucerin","7":"product_cat-non-classe","8":"pa_brands-eucerin","10":"first","11":"instock","12":"sale","13":"shipping-taxable","14":"purchasable","15":"product-type-simple"},"yoast_head":"<!-- This site is optimized with the Yoast SEO plugin v27.5 - https:\/\/yoast.com\/product\/yoast-seo-wordpress\/ -->\n<title>Eucerin HYALURON FILLER + ELASTICITY JOUR \u2013 50 ML - paragaleriedetalborjt<\/title>\n<meta name=\"robots\" content=\"index, follow, max-snippet:-1, max-image-preview:large, max-video-preview:-1\" \/>\n<link rel=\"canonical\" href=\"https:\/\/paragaleriedetalborjt.com\/en\/boutique\/eucerin-hyaluron-filler-elasticity-jour-50-ml\/\" \/>\n<meta property=\"og:locale\" content=\"en_US\" \/>\n<meta property=\"og:type\" content=\"article\" \/>\n<meta property=\"og:title\" content=\"Eucerin HYALURON FILLER + ELASTICITY JOUR \u2013 50 ML - paragaleriedetalborjt\" \/>\n<meta property=\"og:description\" content=\"Highlights:EUCERIN\u00a0Hyaluron-filler\u00a0+ Elasticity, Soin de jour SPF30, Anti-\u00e2ge.R\u00e9duit les rides, m\u00eame profondes, R\u00e9duit les taches brunes,Elasticit\u00e9 et \u00e9clat 50ml.Eucerin Hyaluron-Filler + Elasticity Soin de Jour peaux matures SPF 30 renforce la structure de la peau en am\u00e9liorant son \u00e9lasticit\u00e9 et comble les rides profondes. Il est sp\u00e9cialement formul\u00e9 pour att\u00e9nuer les signes avanc\u00e9s du vieillissement :\u2013\u00a0Le comblement des rides\u00a0: la formule innovante d\u2019Eucerin est compos\u00e9e d\u2019Acide hyaluronique de bas et haut poids mol\u00e9culaire pour cibler les rides profondes. L\u2019Acide hyaluronique de haut poids mol\u00e9culaire contribue \u00e0 am\u00e9liorer l\u2019hydratation de la couche superficielle de l\u2019\u00e9piderme (d\u2019o\u00f9 proviennent les rides et ridules), tandis que l\u2019Acide hyaluronique de bas poids mol\u00e9culaire, 40 fois plus petit, p\u00e9n\u00e8tre plus profond\u00e9ment dans les couches \u00e9pidermiques pour stimuler la production d\u2019Acide hyaluronique de la peau, l\u00e0 o\u00f9 se forment les rides les plus profondes.\u2013\u00a0L\u2019am\u00e9lioration de l\u2019\u00e9lasticit\u00e9\u00a0: le Complexe Collag\u00e8ne-\u00c9lastine, une puissante combinaison d\u2019Arctiine et de Cr\u00e9atine, stimule la production naturelle de collag\u00e8ne** et augmente l\u2019\u00e9lasticit\u00e9 de la peau.\u2013\u00a0La r\u00e9duction des taches brunes li\u00e9es \u00e0 l\u2019\u00e2ge\u00a0: la formule au Thiamidol* r\u00e9duit de fa\u00e7on cliniquement prouv\u00e9e l\u2019apparence des taches brunes li\u00e9es \u00e0 l\u2019\u00e2ge (premiers r\u00e9sultats visibles d\u00e8s 2 semaines***).R\u00e9sultats : Une peau \u00e0 l\u2019apparence plus jeune, plus lisse et \u00e9clatante.La peau du visage est plus expos\u00e9e au soleil que la peau du reste du corps et elle est donc plus vuln\u00e9rable aux rayons UVA et UVB qui peuvent provoquer un vieillissement pr\u00e9matur\u00e9. Ainsi protection anti-UVB (SPF 30) et anti-UVA pr\u00e9vient efficacement le vieillissement cutan\u00e9 pr\u00e9matur\u00e9 et l\u2019accentuation des rides induits par les UV.*Thiamidol brevet\u00e9 (EP 2 758 381 B1) France, Belgique, Pays-Bas. **Tests in vitro. ***\u00c9tude clinique, 40 volontaires, 12 semaines, \u00e9valuation clinique et auto-\u00e9valuation.\" \/>\n<meta property=\"og:url\" content=\"https:\/\/paragaleriedetalborjt.com\/en\/boutique\/eucerin-hyaluron-filler-elasticity-jour-50-ml\/\" \/>\n<meta property=\"og:site_name\" content=\"paragaleriedetalborjt\" \/>\n<meta property=\"article:modified_time\" content=\"2026-01-03T19:14:52+00:00\" \/>\n<meta property=\"og:image\" content=\"https:\/\/paragaleriedetalborjt.com\/wp-content\/uploads\/2026\/01\/1-37-600x600-1.jpg\" \/>\n\t<meta property=\"og:image:width\" content=\"600\" \/>\n\t<meta property=\"og:image:height\" content=\"600\" \/>\n\t<meta property=\"og:image:type\" content=\"image\/jpeg\" \/>\n<meta name=\"twitter:card\" content=\"summary_large_image\" \/>\n<meta name=\"twitter:label1\" content=\"Est. reading time\" \/>\n\t<meta name=\"twitter:data1\" content=\"4 minutes\" \/>\n<script type=\"application\/ld+json\" class=\"yoast-schema-graph\">{\"@context\":\"https:\\\/\\\/schema.org\",\"@graph\":[{\"@type\":\"WebPage\",\"@id\":\"https:\\\/\\\/paragaleriedetalborjt.com\\\/boutique\\\/eucerin-hyaluron-filler-elasticity-jour-50-ml\\\/\",\"url\":\"https:\\\/\\\/paragaleriedetalborjt.com\\\/boutique\\\/eucerin-hyaluron-filler-elasticity-jour-50-ml\\\/\",\"name\":\"Eucerin HYALURON FILLER + ELASTICITY JOUR \u2013 50 ML - paragaleriedetalborjt\",\"isPartOf\":{\"@id\":\"https:\\\/\\\/paragaleriedetalborjt.com\\\/#website\"},\"primaryImageOfPage\":{\"@id\":\"https:\\\/\\\/paragaleriedetalborjt.com\\\/boutique\\\/eucerin-hyaluron-filler-elasticity-jour-50-ml\\\/#primaryimage\"},\"image\":{\"@id\":\"https:\\\/\\\/paragaleriedetalborjt.com\\\/boutique\\\/eucerin-hyaluron-filler-elasticity-jour-50-ml\\\/#primaryimage\"},\"thumbnailUrl\":\"https:\\\/\\\/paragaleriedetalborjt.com\\\/wp-content\\\/uploads\\\/2026\\\/01\\\/1-37-600x600-1.jpg\",\"datePublished\":\"2026-01-03T17:28:59+00:00\",\"dateModified\":\"2026-01-03T19:14:52+00:00\",\"breadcrumb\":{\"@id\":\"https:\\\/\\\/paragaleriedetalborjt.com\\\/boutique\\\/eucerin-hyaluron-filler-elasticity-jour-50-ml\\\/#breadcrumb\"},\"inLanguage\":\"en-US\",\"potentialAction\":[{\"@type\":\"ReadAction\",\"target\":[\"https:\\\/\\\/paragaleriedetalborjt.com\\\/boutique\\\/eucerin-hyaluron-filler-elasticity-jour-50-ml\\\/\"]}]},{\"@type\":\"ImageObject\",\"inLanguage\":\"en-US\",\"@id\":\"https:\\\/\\\/paragaleriedetalborjt.com\\\/boutique\\\/eucerin-hyaluron-filler-elasticity-jour-50-ml\\\/#primaryimage\",\"url\":\"https:\\\/\\\/paragaleriedetalborjt.com\\\/wp-content\\\/uploads\\\/2026\\\/01\\\/1-37-600x600-1.jpg\",\"contentUrl\":\"https:\\\/\\\/paragaleriedetalborjt.com\\\/wp-content\\\/uploads\\\/2026\\\/01\\\/1-37-600x600-1.jpg\",\"width\":600,\"height\":600},{\"@type\":\"BreadcrumbList\",\"@id\":\"https:\\\/\\\/paragaleriedetalborjt.com\\\/boutique\\\/eucerin-hyaluron-filler-elasticity-jour-50-ml\\\/#breadcrumb\",\"itemListElement\":[{\"@type\":\"ListItem\",\"position\":1,\"name\":\"Accueil\",\"item\":\"https:\\\/\\\/paragaleriedetalborjt.com\\\/\"},{\"@type\":\"ListItem\",\"position\":2,\"name\":\"Boutique\",\"item\":\"https:\\\/\\\/paragaleriedetalborjt.com\\\/boutique\\\/\"},{\"@type\":\"ListItem\",\"position\":3,\"name\":\"Eucerin HYALURON FILLER + ELASTICITY JOUR \u2013 50 ML\"}]},{\"@type\":\"WebSite\",\"@id\":\"https:\\\/\\\/paragaleriedetalborjt.com\\\/#website\",\"url\":\"https:\\\/\\\/paragaleriedetalborjt.com\\\/\",\"name\":\"paragaleriedetalborjt\",\"description\":\"\",\"potentialAction\":[{\"@type\":\"SearchAction\",\"target\":{\"@type\":\"EntryPoint\",\"urlTemplate\":\"https:\\\/\\\/paragaleriedetalborjt.com\\\/?s={search_term_string}\"},\"query-input\":{\"@type\":\"PropertyValueSpecification\",\"valueRequired\":true,\"valueName\":\"search_term_string\"}}],\"inLanguage\":\"en-US\"}]}<\/script>\n<!-- \/ Yoast SEO plugin. -->","yoast_head_json":{"title":"Eucerin HYALURON FILLER + ELASTICITY JOUR \u2013 50 ML - paragaleriedetalborjt","robots":{"index":"index","follow":"follow","max-snippet":"max-snippet:-1","max-image-preview":"max-image-preview:large","max-video-preview":"max-video-preview:-1"},"canonical":"https:\/\/paragaleriedetalborjt.com\/en\/boutique\/eucerin-hyaluron-filler-elasticity-jour-50-ml\/","og_locale":"en_US","og_type":"article","og_title":"Eucerin HYALURON FILLER + ELASTICITY JOUR \u2013 50 ML - paragaleriedetalborjt","og_description":"Highlights:EUCERIN\u00a0Hyaluron-filler\u00a0+ Elasticity, Soin de jour SPF30, Anti-\u00e2ge.R\u00e9duit les rides, m\u00eame profondes, R\u00e9duit les taches brunes,Elasticit\u00e9 et \u00e9clat 50ml.Eucerin Hyaluron-Filler + Elasticity Soin de Jour peaux matures SPF 30 renforce la structure de la peau en am\u00e9liorant son \u00e9lasticit\u00e9 et comble les rides profondes. Il est sp\u00e9cialement formul\u00e9 pour att\u00e9nuer les signes avanc\u00e9s du vieillissement :\u2013\u00a0Le comblement des rides\u00a0: la formule innovante d\u2019Eucerin est compos\u00e9e d\u2019Acide hyaluronique de bas et haut poids mol\u00e9culaire pour cibler les rides profondes. L\u2019Acide hyaluronique de haut poids mol\u00e9culaire contribue \u00e0 am\u00e9liorer l\u2019hydratation de la couche superficielle de l\u2019\u00e9piderme (d\u2019o\u00f9 proviennent les rides et ridules), tandis que l\u2019Acide hyaluronique de bas poids mol\u00e9culaire, 40 fois plus petit, p\u00e9n\u00e8tre plus profond\u00e9ment dans les couches \u00e9pidermiques pour stimuler la production d\u2019Acide hyaluronique de la peau, l\u00e0 o\u00f9 se forment les rides les plus profondes.\u2013\u00a0L\u2019am\u00e9lioration de l\u2019\u00e9lasticit\u00e9\u00a0: le Complexe Collag\u00e8ne-\u00c9lastine, une puissante combinaison d\u2019Arctiine et de Cr\u00e9atine, stimule la production naturelle de collag\u00e8ne** et augmente l\u2019\u00e9lasticit\u00e9 de la peau.\u2013\u00a0La r\u00e9duction des taches brunes li\u00e9es \u00e0 l\u2019\u00e2ge\u00a0: la formule au Thiamidol* r\u00e9duit de fa\u00e7on cliniquement prouv\u00e9e l\u2019apparence des taches brunes li\u00e9es \u00e0 l\u2019\u00e2ge (premiers r\u00e9sultats visibles d\u00e8s 2 semaines***).R\u00e9sultats : Une peau \u00e0 l\u2019apparence plus jeune, plus lisse et \u00e9clatante.La peau du visage est plus expos\u00e9e au soleil que la peau du reste du corps et elle est donc plus vuln\u00e9rable aux rayons UVA et UVB qui peuvent provoquer un vieillissement pr\u00e9matur\u00e9. Ainsi protection anti-UVB (SPF 30) et anti-UVA pr\u00e9vient efficacement le vieillissement cutan\u00e9 pr\u00e9matur\u00e9 et l\u2019accentuation des rides induits par les UV.*Thiamidol brevet\u00e9 (EP 2 758 381 B1) France, Belgique, Pays-Bas. **Tests in vitro. ***\u00c9tude clinique, 40 volontaires, 12 semaines, \u00e9valuation clinique et auto-\u00e9valuation.","og_url":"https:\/\/paragaleriedetalborjt.com\/en\/boutique\/eucerin-hyaluron-filler-elasticity-jour-50-ml\/","og_site_name":"paragaleriedetalborjt","article_modified_time":"2026-01-03T19:14:52+00:00","og_image":[{"width":600,"height":600,"url":"https:\/\/paragaleriedetalborjt.com\/wp-content\/uploads\/2026\/01\/1-37-600x600-1.jpg","type":"image\/jpeg"}],"twitter_card":"summary_large_image","twitter_misc":{"Est. reading time":"4 minutes"},"schema":{"@context":"https:\/\/schema.org","@graph":[{"@type":"WebPage","@id":"https:\/\/paragaleriedetalborjt.com\/boutique\/eucerin-hyaluron-filler-elasticity-jour-50-ml\/","url":"https:\/\/paragaleriedetalborjt.com\/boutique\/eucerin-hyaluron-filler-elasticity-jour-50-ml\/","name":"Eucerin HYALURON FILLER + ELASTICITY JOUR \u2013 50 ML - paragaleriedetalborjt","isPartOf":{"@id":"https:\/\/paragaleriedetalborjt.com\/#website"},"primaryImageOfPage":{"@id":"https:\/\/paragaleriedetalborjt.com\/boutique\/eucerin-hyaluron-filler-elasticity-jour-50-ml\/#primaryimage"},"image":{"@id":"https:\/\/paragaleriedetalborjt.com\/boutique\/eucerin-hyaluron-filler-elasticity-jour-50-ml\/#primaryimage"},"thumbnailUrl":"https:\/\/paragaleriedetalborjt.com\/wp-content\/uploads\/2026\/01\/1-37-600x600-1.jpg","datePublished":"2026-01-03T17:28:59+00:00","dateModified":"2026-01-03T19:14:52+00:00","breadcrumb":{"@id":"https:\/\/paragaleriedetalborjt.com\/boutique\/eucerin-hyaluron-filler-elasticity-jour-50-ml\/#breadcrumb"},"inLanguage":"en-US","potentialAction":[{"@type":"ReadAction","target":["https:\/\/paragaleriedetalborjt.com\/boutique\/eucerin-hyaluron-filler-elasticity-jour-50-ml\/"]}]},{"@type":"ImageObject","inLanguage":"en-US","@id":"https:\/\/paragaleriedetalborjt.com\/boutique\/eucerin-hyaluron-filler-elasticity-jour-50-ml\/#primaryimage","url":"https:\/\/paragaleriedetalborjt.com\/wp-content\/uploads\/2026\/01\/1-37-600x600-1.jpg","contentUrl":"https:\/\/paragaleriedetalborjt.com\/wp-content\/uploads\/2026\/01\/1-37-600x600-1.jpg","width":600,"height":600},{"@type":"BreadcrumbList","@id":"https:\/\/paragaleriedetalborjt.com\/boutique\/eucerin-hyaluron-filler-elasticity-jour-50-ml\/#breadcrumb","itemListElement":[{"@type":"ListItem","position":1,"name":"Accueil","item":"https:\/\/paragaleriedetalborjt.com\/"},{"@type":"ListItem","position":2,"name":"Boutique","item":"https:\/\/paragaleriedetalborjt.com\/boutique\/"},{"@type":"ListItem","position":3,"name":"Eucerin HYALURON FILLER + ELASTICITY JOUR \u2013 50 ML"}]},{"@type":"WebSite","@id":"https:\/\/paragaleriedetalborjt.com\/#website","url":"https:\/\/paragaleriedetalborjt.com\/","name":"paragaleriedetalborjt","description":"","potentialAction":[{"@type":"SearchAction","target":{"@type":"EntryPoint","urlTemplate":"https:\/\/paragaleriedetalborjt.com\/?s={search_term_string}"},"query-input":{"@type":"PropertyValueSpecification","valueRequired":true,"valueName":"search_term_string"}}],"inLanguage":"en-US"}]}},"brands":[{"id":1582,"name":"EUCERIN","slug":"eucerin"}],"_links":{"self":[{"href":"https:\/\/paragaleriedetalborjt.com\/en\/wp-json\/wp\/v2\/product\/38386","targetHints":{"allow":["GET"]}}],"collection":[{"href":"https:\/\/paragaleriedetalborjt.com\/en\/wp-json\/wp\/v2\/product"}],"about":[{"href":"https:\/\/paragaleriedetalborjt.com\/en\/wp-json\/wp\/v2\/types\/product"}],"replies":[{"embeddable":true,"href":"https:\/\/paragaleriedetalborjt.com\/en\/wp-json\/wp\/v2\/comments?post=38386"}],"version-history":[{"count":1,"href":"https:\/\/paragaleriedetalborjt.com\/en\/wp-json\/wp\/v2\/product\/38386\/revisions"}],"predecessor-version":[{"id":38388,"href":"https:\/\/paragaleriedetalborjt.com\/en\/wp-json\/wp\/v2\/product\/38386\/revisions\/38388"}],"wp:featuredmedia":[{"embeddable":true,"href":"https:\/\/paragaleriedetalborjt.com\/en\/wp-json\/wp\/v2\/media\/38387"}],"wp:attachment":[{"href":"https:\/\/paragaleriedetalborjt.com\/en\/wp-json\/wp\/v2\/media?parent=38386"}],"wp:term":[{"taxonomy":"pwb-brand","embeddable":true,"href":"https:\/\/paragaleriedetalborjt.com\/en\/wp-json\/wp\/v2\/pwb-brand?post=38386"},{"taxonomy":"product_cat","embeddable":true,"href":"https:\/\/paragaleriedetalborjt.com\/en\/wp-json\/wp\/v2\/product_cat?post=38386"},{"taxonomy":"product_tag","embeddable":true,"href":"https:\/\/paragaleriedetalborjt.com\/en\/wp-json\/wp\/v2\/product_tag?post=38386"}],"curies":[{"name":"wp","href":"https:\/\/api.w.org\/{rel}","templated":true}]}}