{"id":38359,"date":"2026-01-03T18:28:18","date_gmt":"2026-01-03T17:28:18","guid":{"rendered":"https:\/\/paragaleriedetalborjt.com\/?post_type=product&#038;p=38359"},"modified":"2026-01-03T20:14:50","modified_gmt":"2026-01-03T19:14:50","slug":"eau-thermale-avene-b-protect-spf-50-30-ml","status":"publish","type":"product","link":"https:\/\/paragaleriedetalborjt.com\/en\/boutique\/eau-thermale-avene-b-protect-spf-50-30-ml\/","title":{"rendered":"Eau Thermale Av\u00e8ne \u2013 B-Protect SPF 50+ 30 ml"},"content":{"rendered":"<div aria-labelledby=\"tab-title-description\" class=\"woocommerce-Tabs-panel woocommerce-Tabs-panel--description panel entry-content wc-tab\" id=\"tab-description\" role=\"tabpanel\" style=\"\">\n<h2>Description<\/h2>\n<p>B-Protect SPF 50+ est parfaitement adapt\u00e9 \u00e0 toutes les peaux sensibles \u00e0 la recherche d\u2019un soin protecteur. Sa formule int\u00e8gre des micro-pigments encapsul\u00e9s teint\u00e9s qui se lib\u00e8rent d\u00e8s l\u2019application et r\u00e9v\u00e8lent un teint frais et lumineux. Un soin solaire qui apporte beaut\u00e9 et protection. Une action 3-en-1 in\u00e9dite : B-Protect SPF 50+ offre \u00e0 la peau une large protection UVB-UVA, anti-pollution et un effet embellisseur imm\u00e9diat.<\/p>\n<p>\u2022 PHOTOPROTECTEUR : des filtres UVB-UVA photostables qui luttent contre les effets nocifs du rayonnement solaire.<br \/>\n\u2022 ANTIOXYDANT : contribue \u00e0 assurer une protection des cellules contre les radicaux libres.<br \/>\n\u2022 ANTI-POLLUTION : pour une protection parfaitement adapt\u00e9e \u00e0 un usage urbain.<br \/>\n\u2022 EMBELLISSEUR : un fini lumineux et un effet homog\u00e8ne.<\/p>\n<p><strong>Conseils d\u2019utilisation :<\/strong><\/p>\n<p>Avant l\u2019exposition au soleil, appliquez 1 doigt de produit sur le visage et le cou. Renouvelez fr\u00e9quemment pour maintenir la protection, surtout apr\u00e8s avoir transpir\u00e9, nag\u00e9 ou vous \u00eatre essuy\u00e9.<\/p>\n<\/div>","protected":false},"excerpt":{"rendered":"<p>Highlights:B-Protect SPF 50+ est parfaitement adapt\u00e9 \u00e0 toutes les peaux sensibles \u00e0 la recherche d\u2019un soin protecteur. Sa formule int\u00e8gre des micro-pigments encapsul\u00e9s teint\u00e9s qui se lib\u00e8rent d\u00e8s l\u2019application et r\u00e9v\u00e8lent un teint frais et lumineux.<\/p>","protected":false},"featured_media":38360,"comment_status":"open","ping_status":"closed","template":"","meta":[],"pwb-brand":[1771],"product_cat":[16],"product_tag":[],"class_list":{"0":"post-38359","1":"product","2":"type-product","3":"status-publish","4":"has-post-thumbnail","6":"pwb-brand-avene","7":"product_cat-non-classe","8":"pa_brands-avene","10":"first","11":"instock","12":"sale","13":"shipping-taxable","14":"purchasable","15":"product-type-simple"},"yoast_head":"<!-- This site is optimized with the Yoast SEO plugin v27.5 - https:\/\/yoast.com\/product\/yoast-seo-wordpress\/ -->\n<title>Eau Thermale Av\u00e8ne \u2013 B-Protect SPF 50+ 30 ml - paragaleriedetalborjt<\/title>\n<meta name=\"robots\" content=\"index, follow, max-snippet:-1, max-image-preview:large, max-video-preview:-1\" \/>\n<link rel=\"canonical\" href=\"https:\/\/paragaleriedetalborjt.com\/en\/boutique\/eau-thermale-avene-b-protect-spf-50-30-ml\/\" \/>\n<meta property=\"og:locale\" content=\"en_US\" \/>\n<meta property=\"og:type\" content=\"article\" \/>\n<meta property=\"og:title\" content=\"Eau Thermale Av\u00e8ne \u2013 B-Protect SPF 50+ 30 ml - paragaleriedetalborjt\" \/>\n<meta property=\"og:description\" content=\"Highlights:B-Protect SPF 50+ est parfaitement adapt\u00e9 \u00e0 toutes les peaux sensibles \u00e0 la recherche d\u2019un soin protecteur. Sa formule int\u00e8gre des micro-pigments encapsul\u00e9s teint\u00e9s qui se lib\u00e8rent d\u00e8s l\u2019application et r\u00e9v\u00e8lent un teint frais et lumineux.\" \/>\n<meta property=\"og:url\" content=\"https:\/\/paragaleriedetalborjt.com\/en\/boutique\/eau-thermale-avene-b-protect-spf-50-30-ml\/\" \/>\n<meta property=\"og:site_name\" content=\"paragaleriedetalborjt\" \/>\n<meta property=\"article:modified_time\" content=\"2026-01-03T19:14:50+00:00\" \/>\n<meta property=\"og:image\" content=\"https:\/\/paragaleriedetalborjt.com\/wp-content\/uploads\/2026\/01\/avene-b-protect.jpg\" \/>\n\t<meta property=\"og:image:width\" content=\"595\" \/>\n\t<meta property=\"og:image:height\" content=\"655\" \/>\n\t<meta property=\"og:image:type\" content=\"image\/jpeg\" \/>\n<meta name=\"twitter:card\" content=\"summary_large_image\" \/>\n<meta name=\"twitter:label1\" content=\"Est. reading time\" \/>\n\t<meta name=\"twitter:data1\" content=\"1 minute\" \/>\n<script type=\"application\/ld+json\" class=\"yoast-schema-graph\">{\"@context\":\"https:\\\/\\\/schema.org\",\"@graph\":[{\"@type\":\"WebPage\",\"@id\":\"https:\\\/\\\/paragaleriedetalborjt.com\\\/boutique\\\/eau-thermale-avene-b-protect-spf-50-30-ml\\\/\",\"url\":\"https:\\\/\\\/paragaleriedetalborjt.com\\\/boutique\\\/eau-thermale-avene-b-protect-spf-50-30-ml\\\/\",\"name\":\"Eau Thermale Av\u00e8ne \u2013 B-Protect SPF 50+ 30 ml - paragaleriedetalborjt\",\"isPartOf\":{\"@id\":\"https:\\\/\\\/paragaleriedetalborjt.com\\\/#website\"},\"primaryImageOfPage\":{\"@id\":\"https:\\\/\\\/paragaleriedetalborjt.com\\\/boutique\\\/eau-thermale-avene-b-protect-spf-50-30-ml\\\/#primaryimage\"},\"image\":{\"@id\":\"https:\\\/\\\/paragaleriedetalborjt.com\\\/boutique\\\/eau-thermale-avene-b-protect-spf-50-30-ml\\\/#primaryimage\"},\"thumbnailUrl\":\"https:\\\/\\\/paragaleriedetalborjt.com\\\/wp-content\\\/uploads\\\/2026\\\/01\\\/avene-b-protect.jpg\",\"datePublished\":\"2026-01-03T17:28:18+00:00\",\"dateModified\":\"2026-01-03T19:14:50+00:00\",\"breadcrumb\":{\"@id\":\"https:\\\/\\\/paragaleriedetalborjt.com\\\/boutique\\\/eau-thermale-avene-b-protect-spf-50-30-ml\\\/#breadcrumb\"},\"inLanguage\":\"en-US\",\"potentialAction\":[{\"@type\":\"ReadAction\",\"target\":[\"https:\\\/\\\/paragaleriedetalborjt.com\\\/boutique\\\/eau-thermale-avene-b-protect-spf-50-30-ml\\\/\"]}]},{\"@type\":\"ImageObject\",\"inLanguage\":\"en-US\",\"@id\":\"https:\\\/\\\/paragaleriedetalborjt.com\\\/boutique\\\/eau-thermale-avene-b-protect-spf-50-30-ml\\\/#primaryimage\",\"url\":\"https:\\\/\\\/paragaleriedetalborjt.com\\\/wp-content\\\/uploads\\\/2026\\\/01\\\/avene-b-protect.jpg\",\"contentUrl\":\"https:\\\/\\\/paragaleriedetalborjt.com\\\/wp-content\\\/uploads\\\/2026\\\/01\\\/avene-b-protect.jpg\",\"width\":595,\"height\":655},{\"@type\":\"BreadcrumbList\",\"@id\":\"https:\\\/\\\/paragaleriedetalborjt.com\\\/boutique\\\/eau-thermale-avene-b-protect-spf-50-30-ml\\\/#breadcrumb\",\"itemListElement\":[{\"@type\":\"ListItem\",\"position\":1,\"name\":\"Accueil\",\"item\":\"https:\\\/\\\/paragaleriedetalborjt.com\\\/\"},{\"@type\":\"ListItem\",\"position\":2,\"name\":\"Boutique\",\"item\":\"https:\\\/\\\/paragaleriedetalborjt.com\\\/boutique\\\/\"},{\"@type\":\"ListItem\",\"position\":3,\"name\":\"Eau Thermale Av\u00e8ne \u2013 B-Protect SPF 50+ 30 ml\"}]},{\"@type\":\"WebSite\",\"@id\":\"https:\\\/\\\/paragaleriedetalborjt.com\\\/#website\",\"url\":\"https:\\\/\\\/paragaleriedetalborjt.com\\\/\",\"name\":\"paragaleriedetalborjt\",\"description\":\"\",\"potentialAction\":[{\"@type\":\"SearchAction\",\"target\":{\"@type\":\"EntryPoint\",\"urlTemplate\":\"https:\\\/\\\/paragaleriedetalborjt.com\\\/?s={search_term_string}\"},\"query-input\":{\"@type\":\"PropertyValueSpecification\",\"valueRequired\":true,\"valueName\":\"search_term_string\"}}],\"inLanguage\":\"en-US\"}]}<\/script>\n<!-- \/ Yoast SEO plugin. -->","yoast_head_json":{"title":"Eau Thermale Av\u00e8ne \u2013 B-Protect SPF 50+ 30 ml - paragaleriedetalborjt","robots":{"index":"index","follow":"follow","max-snippet":"max-snippet:-1","max-image-preview":"max-image-preview:large","max-video-preview":"max-video-preview:-1"},"canonical":"https:\/\/paragaleriedetalborjt.com\/en\/boutique\/eau-thermale-avene-b-protect-spf-50-30-ml\/","og_locale":"en_US","og_type":"article","og_title":"Eau Thermale Av\u00e8ne \u2013 B-Protect SPF 50+ 30 ml - paragaleriedetalborjt","og_description":"Highlights:B-Protect SPF 50+ est parfaitement adapt\u00e9 \u00e0 toutes les peaux sensibles \u00e0 la recherche d\u2019un soin protecteur. Sa formule int\u00e8gre des micro-pigments encapsul\u00e9s teint\u00e9s qui se lib\u00e8rent d\u00e8s l\u2019application et r\u00e9v\u00e8lent un teint frais et lumineux.","og_url":"https:\/\/paragaleriedetalborjt.com\/en\/boutique\/eau-thermale-avene-b-protect-spf-50-30-ml\/","og_site_name":"paragaleriedetalborjt","article_modified_time":"2026-01-03T19:14:50+00:00","og_image":[{"width":595,"height":655,"url":"https:\/\/paragaleriedetalborjt.com\/wp-content\/uploads\/2026\/01\/avene-b-protect.jpg","type":"image\/jpeg"}],"twitter_card":"summary_large_image","twitter_misc":{"Est. reading time":"1 minute"},"schema":{"@context":"https:\/\/schema.org","@graph":[{"@type":"WebPage","@id":"https:\/\/paragaleriedetalborjt.com\/boutique\/eau-thermale-avene-b-protect-spf-50-30-ml\/","url":"https:\/\/paragaleriedetalborjt.com\/boutique\/eau-thermale-avene-b-protect-spf-50-30-ml\/","name":"Eau Thermale Av\u00e8ne \u2013 B-Protect SPF 50+ 30 ml - paragaleriedetalborjt","isPartOf":{"@id":"https:\/\/paragaleriedetalborjt.com\/#website"},"primaryImageOfPage":{"@id":"https:\/\/paragaleriedetalborjt.com\/boutique\/eau-thermale-avene-b-protect-spf-50-30-ml\/#primaryimage"},"image":{"@id":"https:\/\/paragaleriedetalborjt.com\/boutique\/eau-thermale-avene-b-protect-spf-50-30-ml\/#primaryimage"},"thumbnailUrl":"https:\/\/paragaleriedetalborjt.com\/wp-content\/uploads\/2026\/01\/avene-b-protect.jpg","datePublished":"2026-01-03T17:28:18+00:00","dateModified":"2026-01-03T19:14:50+00:00","breadcrumb":{"@id":"https:\/\/paragaleriedetalborjt.com\/boutique\/eau-thermale-avene-b-protect-spf-50-30-ml\/#breadcrumb"},"inLanguage":"en-US","potentialAction":[{"@type":"ReadAction","target":["https:\/\/paragaleriedetalborjt.com\/boutique\/eau-thermale-avene-b-protect-spf-50-30-ml\/"]}]},{"@type":"ImageObject","inLanguage":"en-US","@id":"https:\/\/paragaleriedetalborjt.com\/boutique\/eau-thermale-avene-b-protect-spf-50-30-ml\/#primaryimage","url":"https:\/\/paragaleriedetalborjt.com\/wp-content\/uploads\/2026\/01\/avene-b-protect.jpg","contentUrl":"https:\/\/paragaleriedetalborjt.com\/wp-content\/uploads\/2026\/01\/avene-b-protect.jpg","width":595,"height":655},{"@type":"BreadcrumbList","@id":"https:\/\/paragaleriedetalborjt.com\/boutique\/eau-thermale-avene-b-protect-spf-50-30-ml\/#breadcrumb","itemListElement":[{"@type":"ListItem","position":1,"name":"Accueil","item":"https:\/\/paragaleriedetalborjt.com\/"},{"@type":"ListItem","position":2,"name":"Boutique","item":"https:\/\/paragaleriedetalborjt.com\/boutique\/"},{"@type":"ListItem","position":3,"name":"Eau Thermale Av\u00e8ne \u2013 B-Protect SPF 50+ 30 ml"}]},{"@type":"WebSite","@id":"https:\/\/paragaleriedetalborjt.com\/#website","url":"https:\/\/paragaleriedetalborjt.com\/","name":"paragaleriedetalborjt","description":"","potentialAction":[{"@type":"SearchAction","target":{"@type":"EntryPoint","urlTemplate":"https:\/\/paragaleriedetalborjt.com\/?s={search_term_string}"},"query-input":{"@type":"PropertyValueSpecification","valueRequired":true,"valueName":"search_term_string"}}],"inLanguage":"en-US"}]}},"brands":[{"id":1771,"name":"AV\u00c8NE","slug":"avene"}],"_links":{"self":[{"href":"https:\/\/paragaleriedetalborjt.com\/en\/wp-json\/wp\/v2\/product\/38359","targetHints":{"allow":["GET"]}}],"collection":[{"href":"https:\/\/paragaleriedetalborjt.com\/en\/wp-json\/wp\/v2\/product"}],"about":[{"href":"https:\/\/paragaleriedetalborjt.com\/en\/wp-json\/wp\/v2\/types\/product"}],"replies":[{"embeddable":true,"href":"https:\/\/paragaleriedetalborjt.com\/en\/wp-json\/wp\/v2\/comments?post=38359"}],"version-history":[{"count":1,"href":"https:\/\/paragaleriedetalborjt.com\/en\/wp-json\/wp\/v2\/product\/38359\/revisions"}],"predecessor-version":[{"id":38361,"href":"https:\/\/paragaleriedetalborjt.com\/en\/wp-json\/wp\/v2\/product\/38359\/revisions\/38361"}],"wp:featuredmedia":[{"embeddable":true,"href":"https:\/\/paragaleriedetalborjt.com\/en\/wp-json\/wp\/v2\/media\/38360"}],"wp:attachment":[{"href":"https:\/\/paragaleriedetalborjt.com\/en\/wp-json\/wp\/v2\/media?parent=38359"}],"wp:term":[{"taxonomy":"pwb-brand","embeddable":true,"href":"https:\/\/paragaleriedetalborjt.com\/en\/wp-json\/wp\/v2\/pwb-brand?post=38359"},{"taxonomy":"product_cat","embeddable":true,"href":"https:\/\/paragaleriedetalborjt.com\/en\/wp-json\/wp\/v2\/product_cat?post=38359"},{"taxonomy":"product_tag","embeddable":true,"href":"https:\/\/paragaleriedetalborjt.com\/en\/wp-json\/wp\/v2\/product_tag?post=38359"}],"curies":[{"name":"wp","href":"https:\/\/api.w.org\/{rel}","templated":true}]}}