{"id":38326,"date":"2026-01-03T18:27:14","date_gmt":"2026-01-03T17:27:14","guid":{"rendered":"https:\/\/paragaleriedetalborjt.com\/?post_type=product&#038;p=38326"},"modified":"2026-01-03T20:14:47","modified_gmt":"2026-01-03T19:14:47","slug":"ducray-fluide-anti-imperfections-keracnyl-uv-50-ml","status":"publish","type":"product","link":"https:\/\/paragaleriedetalborjt.com\/en\/boutique\/ducray-fluide-anti-imperfections-keracnyl-uv-50-ml\/","title":{"rendered":"Ducray Fluide Anti-Imperfections KERACNYL UV 50 ml"},"content":{"rendered":"<div aria-labelledby=\"tab-title-description\" class=\"woocommerce-Tabs-panel woocommerce-Tabs-panel--description panel entry-content wc-tab\" id=\"tab-description\" role=\"tabpanel\" style=\"\">\n<h2>Description<\/h2>\n<div class=\"block-content\">\n<p>\u2022 Le SOIN SOLAIRE\u00a0KERACNYL UV Fluide anti-imperfections offre une tr\u00e8s haute protection \u00e0 la peau gr\u00e2ce \u00e0 son SPF50+<br \/>\n\u2022 Il favorise la disparition des imperfections et limite leur r\u00e9apparition apr\u00e8s l\u2019arr\u00eat de l\u2019exposition aux UV : \u00ab\u00a0l\u2019effet rebond\u00a0\u00bb*<br \/>\n\u2022 Il convient aux adultes et adolescents d\u00e8s l\u2019\u00e2ge de 12 ans<\/p>\n<p>*Limite la r\u00e9apparition des imperfections 1 mois apr\u00e8s l\u2019arr\u00eat de l\u2019exposition solaire<\/p>\n<p>\u2022 PROT\u00c8GE la peau \u00e0 tendance acn\u00e9ique des effets d\u00e9l\u00e9t\u00e8res du soleil gr\u00e2ce \u00e0 sa protection solaire UVA\/UVB<br \/>\n\u2022 CIBLE l\u2019origine des imperfections et favorise leur \u00e9limination<br \/>\n\u2022 LIMITE \u00ab\u00a0l\u2019effet rebond\u00a0\u00bb* : la r\u00e9apparition des imperfections apr\u00e8s l\u2019arr\u00eat de l\u2019exposition aux UV<\/p>\n<p>\u2022 Avant toute exposition solaire, appliquer un doigt de produit (2mg\/cm2) sur le visage<br \/>\n\u2022 Renouvelez fr\u00e9quemment pour maintenir la protection, surtout apr\u00e8s vous \u00eatre baign\u00e9 ou essuy\u00e9 et avoir transpir\u00e9<\/p>\n<p>Pr\u00e9caution d\u2019emploi :<br \/>\n\u2022 Ne restez pas trop longtemps au soleil, m\u00eame si vous utilisez un produit solaire. L\u2019abus de soleil est dangereux.<\/p>\n<p>Attention : r\u00e9duire la quantit\u00e9 conseill\u00e9e diminue de fa\u00e7on significative la protection apport\u00e9e<\/p>\n<\/div>\n<\/div>","protected":false},"excerpt":{"rendered":"<p>Highlights:\u2022 Le SOIN SOLAIRE\u00a0KERACNYL UV Fluide anti-imperfections offre une tr\u00e8s haute protection \u00e0 la peau gr\u00e2ce \u00e0 son SPF50+<\/p>","protected":false},"featured_media":38327,"comment_status":"open","ping_status":"closed","template":"","meta":[],"pwb-brand":[1583],"product_cat":[16],"product_tag":[],"class_list":{"0":"post-38326","1":"product","2":"type-product","3":"status-publish","4":"has-post-thumbnail","6":"pwb-brand-ducray","7":"product_cat-non-classe","8":"pa_brands-ducray","10":"first","11":"instock","12":"sale","13":"shipping-taxable","14":"purchasable","15":"product-type-simple"},"yoast_head":"<!-- This site is optimized with the Yoast SEO plugin v27.5 - https:\/\/yoast.com\/product\/yoast-seo-wordpress\/ -->\n<title>Ducray Fluide Anti-Imperfections KERACNYL UV 50 ml - paragaleriedetalborjt<\/title>\n<meta name=\"robots\" content=\"index, follow, max-snippet:-1, max-image-preview:large, max-video-preview:-1\" \/>\n<link rel=\"canonical\" href=\"https:\/\/paragaleriedetalborjt.com\/en\/boutique\/ducray-fluide-anti-imperfections-keracnyl-uv-50-ml\/\" \/>\n<meta property=\"og:locale\" content=\"en_US\" \/>\n<meta property=\"og:type\" content=\"article\" \/>\n<meta property=\"og:title\" content=\"Ducray Fluide Anti-Imperfections KERACNYL UV 50 ml - paragaleriedetalborjt\" \/>\n<meta property=\"og:description\" content=\"Highlights:\u2022 Le SOIN SOLAIRE\u00a0KERACNYL UV Fluide anti-imperfections offre une tr\u00e8s haute protection \u00e0 la peau gr\u00e2ce \u00e0 son SPF50+\" \/>\n<meta property=\"og:url\" content=\"https:\/\/paragaleriedetalborjt.com\/en\/boutique\/ducray-fluide-anti-imperfections-keracnyl-uv-50-ml\/\" \/>\n<meta property=\"og:site_name\" content=\"paragaleriedetalborjt\" \/>\n<meta property=\"article:modified_time\" content=\"2026-01-03T19:14:47+00:00\" \/>\n<meta property=\"og:image\" content=\"https:\/\/paragaleriedetalborjt.com\/wp-content\/uploads\/2026\/01\/Duc-keracnyl-UV-fluide-anti-imperfection-50ml.jpg\" \/>\n\t<meta property=\"og:image:width\" content=\"595\" \/>\n\t<meta property=\"og:image:height\" content=\"655\" \/>\n\t<meta property=\"og:image:type\" content=\"image\/jpeg\" \/>\n<meta name=\"twitter:card\" content=\"summary_large_image\" \/>\n<meta name=\"twitter:label1\" content=\"Est. reading time\" \/>\n\t<meta name=\"twitter:data1\" content=\"1 minute\" \/>\n<script type=\"application\/ld+json\" class=\"yoast-schema-graph\">{\"@context\":\"https:\\\/\\\/schema.org\",\"@graph\":[{\"@type\":\"WebPage\",\"@id\":\"https:\\\/\\\/paragaleriedetalborjt.com\\\/boutique\\\/ducray-fluide-anti-imperfections-keracnyl-uv-50-ml\\\/\",\"url\":\"https:\\\/\\\/paragaleriedetalborjt.com\\\/boutique\\\/ducray-fluide-anti-imperfections-keracnyl-uv-50-ml\\\/\",\"name\":\"Ducray Fluide Anti-Imperfections KERACNYL UV 50 ml - paragaleriedetalborjt\",\"isPartOf\":{\"@id\":\"https:\\\/\\\/paragaleriedetalborjt.com\\\/#website\"},\"primaryImageOfPage\":{\"@id\":\"https:\\\/\\\/paragaleriedetalborjt.com\\\/boutique\\\/ducray-fluide-anti-imperfections-keracnyl-uv-50-ml\\\/#primaryimage\"},\"image\":{\"@id\":\"https:\\\/\\\/paragaleriedetalborjt.com\\\/boutique\\\/ducray-fluide-anti-imperfections-keracnyl-uv-50-ml\\\/#primaryimage\"},\"thumbnailUrl\":\"https:\\\/\\\/paragaleriedetalborjt.com\\\/wp-content\\\/uploads\\\/2026\\\/01\\\/Duc-keracnyl-UV-fluide-anti-imperfection-50ml.jpg\",\"datePublished\":\"2026-01-03T17:27:14+00:00\",\"dateModified\":\"2026-01-03T19:14:47+00:00\",\"breadcrumb\":{\"@id\":\"https:\\\/\\\/paragaleriedetalborjt.com\\\/boutique\\\/ducray-fluide-anti-imperfections-keracnyl-uv-50-ml\\\/#breadcrumb\"},\"inLanguage\":\"en-US\",\"potentialAction\":[{\"@type\":\"ReadAction\",\"target\":[\"https:\\\/\\\/paragaleriedetalborjt.com\\\/boutique\\\/ducray-fluide-anti-imperfections-keracnyl-uv-50-ml\\\/\"]}]},{\"@type\":\"ImageObject\",\"inLanguage\":\"en-US\",\"@id\":\"https:\\\/\\\/paragaleriedetalborjt.com\\\/boutique\\\/ducray-fluide-anti-imperfections-keracnyl-uv-50-ml\\\/#primaryimage\",\"url\":\"https:\\\/\\\/paragaleriedetalborjt.com\\\/wp-content\\\/uploads\\\/2026\\\/01\\\/Duc-keracnyl-UV-fluide-anti-imperfection-50ml.jpg\",\"contentUrl\":\"https:\\\/\\\/paragaleriedetalborjt.com\\\/wp-content\\\/uploads\\\/2026\\\/01\\\/Duc-keracnyl-UV-fluide-anti-imperfection-50ml.jpg\",\"width\":595,\"height\":655},{\"@type\":\"BreadcrumbList\",\"@id\":\"https:\\\/\\\/paragaleriedetalborjt.com\\\/boutique\\\/ducray-fluide-anti-imperfections-keracnyl-uv-50-ml\\\/#breadcrumb\",\"itemListElement\":[{\"@type\":\"ListItem\",\"position\":1,\"name\":\"Accueil\",\"item\":\"https:\\\/\\\/paragaleriedetalborjt.com\\\/\"},{\"@type\":\"ListItem\",\"position\":2,\"name\":\"Boutique\",\"item\":\"https:\\\/\\\/paragaleriedetalborjt.com\\\/boutique\\\/\"},{\"@type\":\"ListItem\",\"position\":3,\"name\":\"Ducray Fluide Anti-Imperfections KERACNYL UV 50 ml\"}]},{\"@type\":\"WebSite\",\"@id\":\"https:\\\/\\\/paragaleriedetalborjt.com\\\/#website\",\"url\":\"https:\\\/\\\/paragaleriedetalborjt.com\\\/\",\"name\":\"paragaleriedetalborjt\",\"description\":\"\",\"potentialAction\":[{\"@type\":\"SearchAction\",\"target\":{\"@type\":\"EntryPoint\",\"urlTemplate\":\"https:\\\/\\\/paragaleriedetalborjt.com\\\/?s={search_term_string}\"},\"query-input\":{\"@type\":\"PropertyValueSpecification\",\"valueRequired\":true,\"valueName\":\"search_term_string\"}}],\"inLanguage\":\"en-US\"}]}<\/script>\n<!-- \/ Yoast SEO plugin. -->","yoast_head_json":{"title":"Ducray Fluide Anti-Imperfections KERACNYL UV 50 ml - paragaleriedetalborjt","robots":{"index":"index","follow":"follow","max-snippet":"max-snippet:-1","max-image-preview":"max-image-preview:large","max-video-preview":"max-video-preview:-1"},"canonical":"https:\/\/paragaleriedetalborjt.com\/en\/boutique\/ducray-fluide-anti-imperfections-keracnyl-uv-50-ml\/","og_locale":"en_US","og_type":"article","og_title":"Ducray Fluide Anti-Imperfections KERACNYL UV 50 ml - paragaleriedetalborjt","og_description":"Highlights:\u2022 Le SOIN SOLAIRE\u00a0KERACNYL UV Fluide anti-imperfections offre une tr\u00e8s haute protection \u00e0 la peau gr\u00e2ce \u00e0 son SPF50+","og_url":"https:\/\/paragaleriedetalborjt.com\/en\/boutique\/ducray-fluide-anti-imperfections-keracnyl-uv-50-ml\/","og_site_name":"paragaleriedetalborjt","article_modified_time":"2026-01-03T19:14:47+00:00","og_image":[{"width":595,"height":655,"url":"https:\/\/paragaleriedetalborjt.com\/wp-content\/uploads\/2026\/01\/Duc-keracnyl-UV-fluide-anti-imperfection-50ml.jpg","type":"image\/jpeg"}],"twitter_card":"summary_large_image","twitter_misc":{"Est. reading time":"1 minute"},"schema":{"@context":"https:\/\/schema.org","@graph":[{"@type":"WebPage","@id":"https:\/\/paragaleriedetalborjt.com\/boutique\/ducray-fluide-anti-imperfections-keracnyl-uv-50-ml\/","url":"https:\/\/paragaleriedetalborjt.com\/boutique\/ducray-fluide-anti-imperfections-keracnyl-uv-50-ml\/","name":"Ducray Fluide Anti-Imperfections KERACNYL UV 50 ml - paragaleriedetalborjt","isPartOf":{"@id":"https:\/\/paragaleriedetalborjt.com\/#website"},"primaryImageOfPage":{"@id":"https:\/\/paragaleriedetalborjt.com\/boutique\/ducray-fluide-anti-imperfections-keracnyl-uv-50-ml\/#primaryimage"},"image":{"@id":"https:\/\/paragaleriedetalborjt.com\/boutique\/ducray-fluide-anti-imperfections-keracnyl-uv-50-ml\/#primaryimage"},"thumbnailUrl":"https:\/\/paragaleriedetalborjt.com\/wp-content\/uploads\/2026\/01\/Duc-keracnyl-UV-fluide-anti-imperfection-50ml.jpg","datePublished":"2026-01-03T17:27:14+00:00","dateModified":"2026-01-03T19:14:47+00:00","breadcrumb":{"@id":"https:\/\/paragaleriedetalborjt.com\/boutique\/ducray-fluide-anti-imperfections-keracnyl-uv-50-ml\/#breadcrumb"},"inLanguage":"en-US","potentialAction":[{"@type":"ReadAction","target":["https:\/\/paragaleriedetalborjt.com\/boutique\/ducray-fluide-anti-imperfections-keracnyl-uv-50-ml\/"]}]},{"@type":"ImageObject","inLanguage":"en-US","@id":"https:\/\/paragaleriedetalborjt.com\/boutique\/ducray-fluide-anti-imperfections-keracnyl-uv-50-ml\/#primaryimage","url":"https:\/\/paragaleriedetalborjt.com\/wp-content\/uploads\/2026\/01\/Duc-keracnyl-UV-fluide-anti-imperfection-50ml.jpg","contentUrl":"https:\/\/paragaleriedetalborjt.com\/wp-content\/uploads\/2026\/01\/Duc-keracnyl-UV-fluide-anti-imperfection-50ml.jpg","width":595,"height":655},{"@type":"BreadcrumbList","@id":"https:\/\/paragaleriedetalborjt.com\/boutique\/ducray-fluide-anti-imperfections-keracnyl-uv-50-ml\/#breadcrumb","itemListElement":[{"@type":"ListItem","position":1,"name":"Accueil","item":"https:\/\/paragaleriedetalborjt.com\/"},{"@type":"ListItem","position":2,"name":"Boutique","item":"https:\/\/paragaleriedetalborjt.com\/boutique\/"},{"@type":"ListItem","position":3,"name":"Ducray Fluide Anti-Imperfections KERACNYL UV 50 ml"}]},{"@type":"WebSite","@id":"https:\/\/paragaleriedetalborjt.com\/#website","url":"https:\/\/paragaleriedetalborjt.com\/","name":"paragaleriedetalborjt","description":"","potentialAction":[{"@type":"SearchAction","target":{"@type":"EntryPoint","urlTemplate":"https:\/\/paragaleriedetalborjt.com\/?s={search_term_string}"},"query-input":{"@type":"PropertyValueSpecification","valueRequired":true,"valueName":"search_term_string"}}],"inLanguage":"en-US"}]}},"brands":[{"id":1583,"name":"DUCRAY","slug":"ducray"}],"_links":{"self":[{"href":"https:\/\/paragaleriedetalborjt.com\/en\/wp-json\/wp\/v2\/product\/38326","targetHints":{"allow":["GET"]}}],"collection":[{"href":"https:\/\/paragaleriedetalborjt.com\/en\/wp-json\/wp\/v2\/product"}],"about":[{"href":"https:\/\/paragaleriedetalborjt.com\/en\/wp-json\/wp\/v2\/types\/product"}],"replies":[{"embeddable":true,"href":"https:\/\/paragaleriedetalborjt.com\/en\/wp-json\/wp\/v2\/comments?post=38326"}],"version-history":[{"count":1,"href":"https:\/\/paragaleriedetalborjt.com\/en\/wp-json\/wp\/v2\/product\/38326\/revisions"}],"predecessor-version":[{"id":38328,"href":"https:\/\/paragaleriedetalborjt.com\/en\/wp-json\/wp\/v2\/product\/38326\/revisions\/38328"}],"wp:featuredmedia":[{"embeddable":true,"href":"https:\/\/paragaleriedetalborjt.com\/en\/wp-json\/wp\/v2\/media\/38327"}],"wp:attachment":[{"href":"https:\/\/paragaleriedetalborjt.com\/en\/wp-json\/wp\/v2\/media?parent=38326"}],"wp:term":[{"taxonomy":"pwb-brand","embeddable":true,"href":"https:\/\/paragaleriedetalborjt.com\/en\/wp-json\/wp\/v2\/pwb-brand?post=38326"},{"taxonomy":"product_cat","embeddable":true,"href":"https:\/\/paragaleriedetalborjt.com\/en\/wp-json\/wp\/v2\/product_cat?post=38326"},{"taxonomy":"product_tag","embeddable":true,"href":"https:\/\/paragaleriedetalborjt.com\/en\/wp-json\/wp\/v2\/product_tag?post=38326"}],"curies":[{"name":"wp","href":"https:\/\/api.w.org\/{rel}","templated":true}]}}