{"id":38323,"date":"2026-01-03T18:27:09","date_gmt":"2026-01-03T17:27:09","guid":{"rendered":"https:\/\/paragaleriedetalborjt.com\/?post_type=product&#038;p=38323"},"modified":"2026-01-03T20:14:47","modified_gmt":"2026-01-03T19:14:47","slug":"eucerin-anti-pigment-contour-des-yeux-15-ml","status":"publish","type":"product","link":"https:\/\/paragaleriedetalborjt.com\/en\/boutique\/eucerin-anti-pigment-contour-des-yeux-15-ml\/","title":{"rendered":"Eucerin ANTI-PIGMENT CONTOUR DES YEUX 15 ML"},"content":{"rendered":"<div aria-labelledby=\"tab-title-description\" class=\"woocommerce-Tabs-panel woocommerce-Tabs-panel--description panel entry-content wc-tab\" id=\"tab-description\" role=\"tabpanel\" style=\"\">\n<h2>Description<\/h2>\n<p><span style=\"color: #000000\"><strong>EUCERIN Anti-Pigment\u00a0 Soin contour des yeux illuminateur, Correcteur de cernes \u2013 15ml.<\/strong><\/span><br \/>\nLe Eucerin ANTI-PIGMENT Soin Contour des Yeux Illuminateur Correcteur de Cernes corrige et r\u00e9duit les cernes. 92% le constatent : les cernes sont r\u00e9duits d\u00e8s 2 semaines !***<br \/>\nFormul\u00e9 avec du Thiamidol\u00ae brevet\u00e9* pour corriger et r\u00e9duire tous types de cernes gr\u00e2ce \u00e0 un usage r\u00e9gulier.<br \/>\nLes pigments r\u00e9fl\u00e9chissant la lumi\u00e8re illuminent le contour de l\u2019oeil.<br \/>\nAvec sa texture fra\u00eeche et l\u00e9g\u00e8re, la formule \u00e0 l\u2019Acide Hyaluronique r\u00e9duit les poches et lisse les ridules.<br \/>\nLes Oligopeptides stimulent le r\u00e9seau de collag\u00e8ne, pour une peau \u00e0 la structure plus ferme. L\u2019applicateur m\u00e9tallique est rafra\u00eechissant pour des performances optimales.<br \/>\n\u2013 Corrige et r\u00e9duit les cernes<br \/>\n\u2013 Illumine le contour de l\u2019oeil<br \/>\n\u2013 R\u00e9duit les poches et lisse les ridules<br \/>\n\u2013 Stimule le r\u00e9seau de collag\u00e8ne, pour une peau \u00e0 la structure plus ferme<br \/>\n\u2013 Applicateur m\u00e9tallique rafra\u00eechissant pour des performances optimales<br \/>\nR\u00e9sultats : Le regard para\u00eet imm\u00e9diatement frais et \u00e9veill\u00e9 et les cernes sont corrig\u00e9s sur le long terme avec des premiers r\u00e9sultats visibles d\u00e8s 2 semaines.**<br \/>\n*Thiamidol brevet\u00e9 (EP 2758 381 B1) FR, BE, NL<br \/>\n**\u00c9valuation clinique, 33 femmes,12 semaines.<br \/>\n***Test consommateurs, 4 semaines,120 femmes, % de satisfaction.<br \/>\nDes \u00e9tudes cliniques et dermatologiques le prouvent : tr\u00e8s bonne efficacit\u00e9 et tol\u00e9rance cutan\u00e9e. Convient \u00e0 tous types de cernes et de peaux. Convient aux porteurs de lentilles de contact. Compatibilit\u00e9 avec les yeux test\u00e9e sous contr\u00f4le ophtalmologique.<\/p>\n<p><span style=\"color: #ff0000\"><strong>COMPOSITIONS &amp; INGR\u00c9DIENTS :<\/strong><\/span><br \/>\nLa liste des ingr\u00e9dients peut \u00eatre soumise \u00e0 des variations, nous vous conseillons de toujours v\u00e9rifier la liste figurant sur le produit achet\u00e9.<br \/>\nFormule INCI: Aqua, glycerin, caprylic\/capric triglyceride, alcohol denat, cocoglycerides, cetearyl alcohol, cetyl palmitate, isopropyl palmitate, glyceryl stearate, diisopropyl adipate, butyrospermum parkii butter, lauroyl lysine isobutylamido thiazolyl resorcinol (thiamidol), sodium hyaluronate, glycyrrhiza inflata root extract, pimpinella anisum fruit extract, xanthan gum, sodium stearoyl glutamate, sodium chloride, citric acid, sodium hydroxide, phenoxyethanol, ethylhexylglycerin, synthetic fluorphlogopite, trisodium edta, tin oxide, Cl 77891, Cl 77492, Cl 77491, Cl 77499.<br \/>\nUtiliser des produits pour le visage avec du Thiamidol\u00ae au maximum 4 fois par jour.<\/p>\n<p><span style=\"color: #ff0000\"><strong>CONSEILS D\u2019UTILISATION :<\/strong><\/span><br \/>\n1. Pr\u00e9levez une quantit\u00e9 de la taille d\u2019un petit pois sur l\u2019applicateur m\u00e9tallique et appliquez sur le contour de l\u2019oeil.<br \/>\n2. Massez l\u00e9g\u00e8rement le contour de l\u2019oeil de l\u2019int\u00e9rieur vers l\u2019ext\u00e9rieur.<br \/>\n3. Tapotez d\u00e9licatement avec les doigts jusqu\u2019\u00e0 ce que la formule soit enti\u00e8rement absorb\u00e9e.<\/p>\n<\/div>","protected":false},"excerpt":{"rendered":"<p>Highlights:EUCERIN Anti-Pigment\u00a0 Soin contour des yeux illuminateur, Correcteur de cernes \u2013 15ml.Le Eucerin ANTI-PIGMENT Soin Contour des Yeux Illuminateur Correcteur de Cernes corrige et r\u00e9duit les cernes. 92% le constatent : les cernes sont r\u00e9duits d\u00e8s 2 semaines !***Formul\u00e9 avec du Thiamidol\u00ae brevet\u00e9* pour corriger et r\u00e9duire tous types de cernes gr\u00e2ce \u00e0 un usage r\u00e9gulier.Les pigments r\u00e9fl\u00e9chissant la lumi\u00e8re illuminent le contour de l\u2019oeil.Avec sa texture fra\u00eeche et l\u00e9g\u00e8re, la formule \u00e0 l\u2019Acide Hyaluronique r\u00e9duit les poches et lisse les ridules.<\/p>","protected":false},"featured_media":38324,"comment_status":"open","ping_status":"closed","template":"","meta":[],"pwb-brand":[1582],"product_cat":[16],"product_tag":[],"class_list":{"0":"post-38323","1":"product","2":"type-product","3":"status-publish","4":"has-post-thumbnail","6":"pwb-brand-eucerin","7":"product_cat-non-classe","8":"pa_brands-eucerin","10":"first","11":"instock","12":"sale","13":"shipping-taxable","14":"purchasable","15":"product-type-simple"},"yoast_head":"<!-- This site is optimized with the Yoast SEO plugin v26.9 - https:\/\/yoast.com\/product\/yoast-seo-wordpress\/ -->\n<title>Eucerin ANTI-PIGMENT CONTOUR DES YEUX 15 ML - paragaleriedetalborjt<\/title>\n<meta name=\"robots\" content=\"index, follow, max-snippet:-1, max-image-preview:large, max-video-preview:-1\" \/>\n<link rel=\"canonical\" href=\"https:\/\/paragaleriedetalborjt.com\/en\/boutique\/eucerin-anti-pigment-contour-des-yeux-15-ml\/\" \/>\n<meta property=\"og:locale\" content=\"en_US\" \/>\n<meta property=\"og:type\" content=\"article\" \/>\n<meta property=\"og:title\" content=\"Eucerin ANTI-PIGMENT CONTOUR DES YEUX 15 ML - paragaleriedetalborjt\" \/>\n<meta property=\"og:description\" content=\"Highlights:EUCERIN Anti-Pigment\u00a0 Soin contour des yeux illuminateur, Correcteur de cernes \u2013 15ml.Le Eucerin ANTI-PIGMENT Soin Contour des Yeux Illuminateur Correcteur de Cernes corrige et r\u00e9duit les cernes. 92% le constatent : les cernes sont r\u00e9duits d\u00e8s 2 semaines !***Formul\u00e9 avec du Thiamidol\u00ae brevet\u00e9* pour corriger et r\u00e9duire tous types de cernes gr\u00e2ce \u00e0 un usage r\u00e9gulier.Les pigments r\u00e9fl\u00e9chissant la lumi\u00e8re illuminent le contour de l\u2019oeil.Avec sa texture fra\u00eeche et l\u00e9g\u00e8re, la formule \u00e0 l\u2019Acide Hyaluronique r\u00e9duit les poches et lisse les ridules.\" \/>\n<meta property=\"og:url\" content=\"https:\/\/paragaleriedetalborjt.com\/en\/boutique\/eucerin-anti-pigment-contour-des-yeux-15-ml\/\" \/>\n<meta property=\"og:site_name\" content=\"paragaleriedetalborjt\" \/>\n<meta property=\"article:modified_time\" content=\"2026-01-03T19:14:47+00:00\" \/>\n<meta property=\"og:image\" content=\"https:\/\/paragaleriedetalborjt.com\/wp-content\/uploads\/2026\/01\/1-3-600x600-1.jpg\" \/>\n\t<meta property=\"og:image:width\" content=\"600\" \/>\n\t<meta property=\"og:image:height\" content=\"600\" \/>\n\t<meta property=\"og:image:type\" content=\"image\/jpeg\" \/>\n<meta name=\"twitter:card\" content=\"summary_large_image\" \/>\n<meta name=\"twitter:label1\" content=\"Est. reading time\" \/>\n\t<meta name=\"twitter:data1\" content=\"2 minutes\" \/>\n<script type=\"application\/ld+json\" class=\"yoast-schema-graph\">{\"@context\":\"https:\/\/schema.org\",\"@graph\":[{\"@type\":\"WebPage\",\"@id\":\"https:\/\/paragaleriedetalborjt.com\/boutique\/eucerin-anti-pigment-contour-des-yeux-15-ml\/\",\"url\":\"https:\/\/paragaleriedetalborjt.com\/boutique\/eucerin-anti-pigment-contour-des-yeux-15-ml\/\",\"name\":\"Eucerin ANTI-PIGMENT CONTOUR DES YEUX 15 ML - paragaleriedetalborjt\",\"isPartOf\":{\"@id\":\"https:\/\/paragaleriedetalborjt.com\/#website\"},\"primaryImageOfPage\":{\"@id\":\"https:\/\/paragaleriedetalborjt.com\/boutique\/eucerin-anti-pigment-contour-des-yeux-15-ml\/#primaryimage\"},\"image\":{\"@id\":\"https:\/\/paragaleriedetalborjt.com\/boutique\/eucerin-anti-pigment-contour-des-yeux-15-ml\/#primaryimage\"},\"thumbnailUrl\":\"https:\/\/paragaleriedetalborjt.com\/wp-content\/uploads\/2026\/01\/1-3-600x600-1.jpg\",\"datePublished\":\"2026-01-03T17:27:09+00:00\",\"dateModified\":\"2026-01-03T19:14:47+00:00\",\"breadcrumb\":{\"@id\":\"https:\/\/paragaleriedetalborjt.com\/boutique\/eucerin-anti-pigment-contour-des-yeux-15-ml\/#breadcrumb\"},\"inLanguage\":\"en-US\",\"potentialAction\":[{\"@type\":\"ReadAction\",\"target\":[\"https:\/\/paragaleriedetalborjt.com\/boutique\/eucerin-anti-pigment-contour-des-yeux-15-ml\/\"]}]},{\"@type\":\"ImageObject\",\"inLanguage\":\"en-US\",\"@id\":\"https:\/\/paragaleriedetalborjt.com\/boutique\/eucerin-anti-pigment-contour-des-yeux-15-ml\/#primaryimage\",\"url\":\"https:\/\/paragaleriedetalborjt.com\/wp-content\/uploads\/2026\/01\/1-3-600x600-1.jpg\",\"contentUrl\":\"https:\/\/paragaleriedetalborjt.com\/wp-content\/uploads\/2026\/01\/1-3-600x600-1.jpg\",\"width\":600,\"height\":600},{\"@type\":\"BreadcrumbList\",\"@id\":\"https:\/\/paragaleriedetalborjt.com\/boutique\/eucerin-anti-pigment-contour-des-yeux-15-ml\/#breadcrumb\",\"itemListElement\":[{\"@type\":\"ListItem\",\"position\":1,\"name\":\"Accueil\",\"item\":\"https:\/\/paragaleriedetalborjt.com\/\"},{\"@type\":\"ListItem\",\"position\":2,\"name\":\"Boutique\",\"item\":\"https:\/\/paragaleriedetalborjt.com\/boutique\/\"},{\"@type\":\"ListItem\",\"position\":3,\"name\":\"Eucerin ANTI-PIGMENT CONTOUR DES YEUX 15 ML\"}]},{\"@type\":\"WebSite\",\"@id\":\"https:\/\/paragaleriedetalborjt.com\/#website\",\"url\":\"https:\/\/paragaleriedetalborjt.com\/\",\"name\":\"paragaleriedetalborjt\",\"description\":\"\",\"potentialAction\":[{\"@type\":\"SearchAction\",\"target\":{\"@type\":\"EntryPoint\",\"urlTemplate\":\"https:\/\/paragaleriedetalborjt.com\/?s={search_term_string}\"},\"query-input\":{\"@type\":\"PropertyValueSpecification\",\"valueRequired\":true,\"valueName\":\"search_term_string\"}}],\"inLanguage\":\"en-US\"}]}<\/script>\n<!-- \/ Yoast SEO plugin. -->","yoast_head_json":{"title":"Eucerin ANTI-PIGMENT CONTOUR DES YEUX 15 ML - paragaleriedetalborjt","robots":{"index":"index","follow":"follow","max-snippet":"max-snippet:-1","max-image-preview":"max-image-preview:large","max-video-preview":"max-video-preview:-1"},"canonical":"https:\/\/paragaleriedetalborjt.com\/en\/boutique\/eucerin-anti-pigment-contour-des-yeux-15-ml\/","og_locale":"en_US","og_type":"article","og_title":"Eucerin ANTI-PIGMENT CONTOUR DES YEUX 15 ML - paragaleriedetalborjt","og_description":"Highlights:EUCERIN Anti-Pigment\u00a0 Soin contour des yeux illuminateur, Correcteur de cernes \u2013 15ml.Le Eucerin ANTI-PIGMENT Soin Contour des Yeux Illuminateur Correcteur de Cernes corrige et r\u00e9duit les cernes. 92% le constatent : les cernes sont r\u00e9duits d\u00e8s 2 semaines !***Formul\u00e9 avec du Thiamidol\u00ae brevet\u00e9* pour corriger et r\u00e9duire tous types de cernes gr\u00e2ce \u00e0 un usage r\u00e9gulier.Les pigments r\u00e9fl\u00e9chissant la lumi\u00e8re illuminent le contour de l\u2019oeil.Avec sa texture fra\u00eeche et l\u00e9g\u00e8re, la formule \u00e0 l\u2019Acide Hyaluronique r\u00e9duit les poches et lisse les ridules.","og_url":"https:\/\/paragaleriedetalborjt.com\/en\/boutique\/eucerin-anti-pigment-contour-des-yeux-15-ml\/","og_site_name":"paragaleriedetalborjt","article_modified_time":"2026-01-03T19:14:47+00:00","og_image":[{"width":600,"height":600,"url":"https:\/\/paragaleriedetalborjt.com\/wp-content\/uploads\/2026\/01\/1-3-600x600-1.jpg","type":"image\/jpeg"}],"twitter_card":"summary_large_image","twitter_misc":{"Est. reading time":"2 minutes"},"schema":{"@context":"https:\/\/schema.org","@graph":[{"@type":"WebPage","@id":"https:\/\/paragaleriedetalborjt.com\/boutique\/eucerin-anti-pigment-contour-des-yeux-15-ml\/","url":"https:\/\/paragaleriedetalborjt.com\/boutique\/eucerin-anti-pigment-contour-des-yeux-15-ml\/","name":"Eucerin ANTI-PIGMENT CONTOUR DES YEUX 15 ML - paragaleriedetalborjt","isPartOf":{"@id":"https:\/\/paragaleriedetalborjt.com\/#website"},"primaryImageOfPage":{"@id":"https:\/\/paragaleriedetalborjt.com\/boutique\/eucerin-anti-pigment-contour-des-yeux-15-ml\/#primaryimage"},"image":{"@id":"https:\/\/paragaleriedetalborjt.com\/boutique\/eucerin-anti-pigment-contour-des-yeux-15-ml\/#primaryimage"},"thumbnailUrl":"https:\/\/paragaleriedetalborjt.com\/wp-content\/uploads\/2026\/01\/1-3-600x600-1.jpg","datePublished":"2026-01-03T17:27:09+00:00","dateModified":"2026-01-03T19:14:47+00:00","breadcrumb":{"@id":"https:\/\/paragaleriedetalborjt.com\/boutique\/eucerin-anti-pigment-contour-des-yeux-15-ml\/#breadcrumb"},"inLanguage":"en-US","potentialAction":[{"@type":"ReadAction","target":["https:\/\/paragaleriedetalborjt.com\/boutique\/eucerin-anti-pigment-contour-des-yeux-15-ml\/"]}]},{"@type":"ImageObject","inLanguage":"en-US","@id":"https:\/\/paragaleriedetalborjt.com\/boutique\/eucerin-anti-pigment-contour-des-yeux-15-ml\/#primaryimage","url":"https:\/\/paragaleriedetalborjt.com\/wp-content\/uploads\/2026\/01\/1-3-600x600-1.jpg","contentUrl":"https:\/\/paragaleriedetalborjt.com\/wp-content\/uploads\/2026\/01\/1-3-600x600-1.jpg","width":600,"height":600},{"@type":"BreadcrumbList","@id":"https:\/\/paragaleriedetalborjt.com\/boutique\/eucerin-anti-pigment-contour-des-yeux-15-ml\/#breadcrumb","itemListElement":[{"@type":"ListItem","position":1,"name":"Accueil","item":"https:\/\/paragaleriedetalborjt.com\/"},{"@type":"ListItem","position":2,"name":"Boutique","item":"https:\/\/paragaleriedetalborjt.com\/boutique\/"},{"@type":"ListItem","position":3,"name":"Eucerin ANTI-PIGMENT CONTOUR DES YEUX 15 ML"}]},{"@type":"WebSite","@id":"https:\/\/paragaleriedetalborjt.com\/#website","url":"https:\/\/paragaleriedetalborjt.com\/","name":"paragaleriedetalborjt","description":"","potentialAction":[{"@type":"SearchAction","target":{"@type":"EntryPoint","urlTemplate":"https:\/\/paragaleriedetalborjt.com\/?s={search_term_string}"},"query-input":{"@type":"PropertyValueSpecification","valueRequired":true,"valueName":"search_term_string"}}],"inLanguage":"en-US"}]}},"brands":[{"id":1582,"name":"EUCERIN","slug":"eucerin"}],"_links":{"self":[{"href":"https:\/\/paragaleriedetalborjt.com\/en\/wp-json\/wp\/v2\/product\/38323","targetHints":{"allow":["GET"]}}],"collection":[{"href":"https:\/\/paragaleriedetalborjt.com\/en\/wp-json\/wp\/v2\/product"}],"about":[{"href":"https:\/\/paragaleriedetalborjt.com\/en\/wp-json\/wp\/v2\/types\/product"}],"replies":[{"embeddable":true,"href":"https:\/\/paragaleriedetalborjt.com\/en\/wp-json\/wp\/v2\/comments?post=38323"}],"version-history":[{"count":1,"href":"https:\/\/paragaleriedetalborjt.com\/en\/wp-json\/wp\/v2\/product\/38323\/revisions"}],"predecessor-version":[{"id":38325,"href":"https:\/\/paragaleriedetalborjt.com\/en\/wp-json\/wp\/v2\/product\/38323\/revisions\/38325"}],"wp:featuredmedia":[{"embeddable":true,"href":"https:\/\/paragaleriedetalborjt.com\/en\/wp-json\/wp\/v2\/media\/38324"}],"wp:attachment":[{"href":"https:\/\/paragaleriedetalborjt.com\/en\/wp-json\/wp\/v2\/media?parent=38323"}],"wp:term":[{"taxonomy":"pwb-brand","embeddable":true,"href":"https:\/\/paragaleriedetalborjt.com\/en\/wp-json\/wp\/v2\/pwb-brand?post=38323"},{"taxonomy":"product_cat","embeddable":true,"href":"https:\/\/paragaleriedetalborjt.com\/en\/wp-json\/wp\/v2\/product_cat?post=38323"},{"taxonomy":"product_tag","embeddable":true,"href":"https:\/\/paragaleriedetalborjt.com\/en\/wp-json\/wp\/v2\/product_tag?post=38323"}],"curies":[{"name":"wp","href":"https:\/\/api.w.org\/{rel}","templated":true}]}}