{"id":38297,"date":"2026-01-03T18:26:22","date_gmt":"2026-01-03T17:26:22","guid":{"rendered":"https:\/\/paragaleriedetalborjt.com\/?post_type=product&#038;p=38297"},"modified":"2026-01-03T20:14:44","modified_gmt":"2026-01-03T19:14:44","slug":"revox-lip-filler-acide-hyaluronique","status":"publish","type":"product","link":"https:\/\/paragaleriedetalborjt.com\/en\/boutique\/revox-lip-filler-acide-hyaluronique\/","title":{"rendered":"REVOX LIP FILLER Acide Hyaluronique"},"content":{"rendered":"<div aria-labelledby=\"tab-title-description\" class=\"woocommerce-Tabs-panel woocommerce-Tabs-panel--description panel entry-content wc-tab\" id=\"tab-description\" role=\"tabpanel\" style=\"\">\n<h2>Description<\/h2>\n<div class=\"tt-collapse-title\"><span class=\"Apple-converted-space\">\u00a0 <\/span>L\u2019acide hyaluronique hydrate instantan\u00e9ment les l\u00e8vres et les rend visiblement plus pulpeuses. Il aide \u00e0 r\u00e9duire les ridules et les ger\u00e7ures, laissant les l\u00e8vres velout\u00e9es. Enrichi d\u2019huiles nourrissantes, d\u2019antioxydants et d\u2019ingr\u00e9dients anti-\u00e2ge, ce Lip Filler am\u00e9liore la texture tout en procurant un effet volumateur aux l\u00e8vres. Ils ont l\u2019air irr\u00e9sistiblement plus pleins, avec une forme et une brillance accentu\u00e9es.<\/div>\n<div class=\"tt-collapse-content\">En raison de son niveau de pH sans danger pour la peau, ce produit convient \u00e0 un usage quotidien.<\/div>\n<div class=\"tt-collapse-content\"><strong>Mode<\/strong>\u00a0d\u2019emploi : Le matin : appliquer sur la peau propre de la bouche. Vous pouvez ensuite utiliser votre rouge \u00e0 l\u00e8vres ou votre brillant \u00e0 l\u00e8vres pr\u00e9f\u00e9r\u00e9. Renouveler l\u2019application plusieurs fois dans la journ\u00e9e selon les besoins. Le soir : appliquer sur la peau propre de la bouche et laisser agir toute la nuit comme un masque hydratant pour les l\u00e8vres. Une sensation de picotement temporaire est attendue.<\/div>\n<div class=\"tt-collapse-content\"><strong>Ingr\u00e9dients\/Ingr\u00e9dients<\/strong>\u00a0:<span class=\"Apple-converted-space\">\u00a0\u00a0<\/span>Eau \/<span class=\"Apple-converted-space\">\u00a0\u00a0<\/span>Aqua, Huile min\u00e9rale \/ Paraffinum Liquidum, Glyc\u00e9rine, Beurre de Karit\u00e9 \/ Beurre de Butyrospermum Parkii, Huile de Graine de Tournesol \/ Huile de Graine d\u2019Helianthus Annuus, Isost\u00e9arate de Sorbitan (et) Polyricinol\u00e9ate de Polyglyc\u00e9ryle-3, Acide Hydroxyst\u00e9arique (et) Cire Synth\u00e9tique (et) Triisost\u00e9arine (et) Polybut\u00e8ne (et) T\u00e9traisost\u00e9arate de penta\u00e9rythrityle, triglyc\u00e9ride caprylique\/caprique, sulfate de magn\u00e9sium, ph\u00e9noxy\u00e9thanol (et) \u00e9thylhexylglyc\u00e9rine, DMDM hydanto\u00efne, collag\u00e8ne hydrolys\u00e9, hyaluronate de sodium, ac\u00e9tate de vitamine E\/ac\u00e9tate de tocoph\u00e9ryle, hydroxytolu\u00e8ne butyl\u00e9\/BHT, parfum\/parfum, r\u00e9sine de capsicum frutescens\/ Capsicum Frutescens, Nicotinate de Benzyle, Hexyl Cinnamal, Linalol, Eug\u00e9nol.<\/div>\n<\/div>","protected":false},"excerpt":{"rendered":"<p>Highlights:REVOX B77 HYALURONIC ACID LIP FILLERest une alternative aux m\u00e9thodes invasives d\u2019augmentation des l\u00e8vres.<\/p>","protected":false},"featured_media":38298,"comment_status":"open","ping_status":"closed","template":"","meta":[],"pwb-brand":[1574],"product_cat":[16],"product_tag":[],"class_list":{"0":"post-38297","1":"product","2":"type-product","3":"status-publish","4":"has-post-thumbnail","6":"pwb-brand-revox","7":"product_cat-non-classe","8":"pa_brands-revox","10":"first","11":"instock","12":"sale","13":"shipping-taxable","14":"purchasable","15":"product-type-simple"},"yoast_head":"<!-- This site is optimized with the Yoast SEO plugin v26.9 - https:\/\/yoast.com\/product\/yoast-seo-wordpress\/ -->\n<title>REVOX LIP FILLER Acide Hyaluronique - paragaleriedetalborjt<\/title>\n<meta name=\"robots\" content=\"index, follow, max-snippet:-1, max-image-preview:large, max-video-preview:-1\" \/>\n<link rel=\"canonical\" href=\"https:\/\/paragaleriedetalborjt.com\/en\/boutique\/revox-lip-filler-acide-hyaluronique\/\" \/>\n<meta property=\"og:locale\" content=\"en_US\" \/>\n<meta property=\"og:type\" content=\"article\" \/>\n<meta property=\"og:title\" content=\"REVOX LIP FILLER Acide Hyaluronique - paragaleriedetalborjt\" \/>\n<meta property=\"og:description\" content=\"Highlights:REVOX B77 HYALURONIC ACID LIP FILLERest une alternative aux m\u00e9thodes invasives d\u2019augmentation des l\u00e8vres.\" \/>\n<meta property=\"og:url\" content=\"https:\/\/paragaleriedetalborjt.com\/en\/boutique\/revox-lip-filler-acide-hyaluronique\/\" \/>\n<meta property=\"og:site_name\" content=\"paragaleriedetalborjt\" \/>\n<meta property=\"article:modified_time\" content=\"2026-01-03T19:14:44+00:00\" \/>\n<meta property=\"og:image\" content=\"https:\/\/paragaleriedetalborjt.com\/wp-content\/uploads\/2026\/01\/LIP-FILLER-Acide-Hyaluronique-600x600-1.png\" \/>\n\t<meta property=\"og:image:width\" content=\"600\" \/>\n\t<meta property=\"og:image:height\" content=\"600\" \/>\n\t<meta property=\"og:image:type\" content=\"image\/png\" \/>\n<meta name=\"twitter:card\" content=\"summary_large_image\" \/>\n<meta name=\"twitter:label1\" content=\"Est. reading time\" \/>\n\t<meta name=\"twitter:data1\" content=\"1 minute\" \/>\n<script type=\"application\/ld+json\" class=\"yoast-schema-graph\">{\"@context\":\"https:\/\/schema.org\",\"@graph\":[{\"@type\":\"WebPage\",\"@id\":\"https:\/\/paragaleriedetalborjt.com\/boutique\/revox-lip-filler-acide-hyaluronique\/\",\"url\":\"https:\/\/paragaleriedetalborjt.com\/boutique\/revox-lip-filler-acide-hyaluronique\/\",\"name\":\"REVOX LIP FILLER Acide Hyaluronique - paragaleriedetalborjt\",\"isPartOf\":{\"@id\":\"https:\/\/paragaleriedetalborjt.com\/#website\"},\"primaryImageOfPage\":{\"@id\":\"https:\/\/paragaleriedetalborjt.com\/boutique\/revox-lip-filler-acide-hyaluronique\/#primaryimage\"},\"image\":{\"@id\":\"https:\/\/paragaleriedetalborjt.com\/boutique\/revox-lip-filler-acide-hyaluronique\/#primaryimage\"},\"thumbnailUrl\":\"https:\/\/paragaleriedetalborjt.com\/wp-content\/uploads\/2026\/01\/LIP-FILLER-Acide-Hyaluronique-600x600-1.png\",\"datePublished\":\"2026-01-03T17:26:22+00:00\",\"dateModified\":\"2026-01-03T19:14:44+00:00\",\"breadcrumb\":{\"@id\":\"https:\/\/paragaleriedetalborjt.com\/boutique\/revox-lip-filler-acide-hyaluronique\/#breadcrumb\"},\"inLanguage\":\"en-US\",\"potentialAction\":[{\"@type\":\"ReadAction\",\"target\":[\"https:\/\/paragaleriedetalborjt.com\/boutique\/revox-lip-filler-acide-hyaluronique\/\"]}]},{\"@type\":\"ImageObject\",\"inLanguage\":\"en-US\",\"@id\":\"https:\/\/paragaleriedetalborjt.com\/boutique\/revox-lip-filler-acide-hyaluronique\/#primaryimage\",\"url\":\"https:\/\/paragaleriedetalborjt.com\/wp-content\/uploads\/2026\/01\/LIP-FILLER-Acide-Hyaluronique-600x600-1.png\",\"contentUrl\":\"https:\/\/paragaleriedetalborjt.com\/wp-content\/uploads\/2026\/01\/LIP-FILLER-Acide-Hyaluronique-600x600-1.png\",\"width\":600,\"height\":600},{\"@type\":\"BreadcrumbList\",\"@id\":\"https:\/\/paragaleriedetalborjt.com\/boutique\/revox-lip-filler-acide-hyaluronique\/#breadcrumb\",\"itemListElement\":[{\"@type\":\"ListItem\",\"position\":1,\"name\":\"Accueil\",\"item\":\"https:\/\/paragaleriedetalborjt.com\/\"},{\"@type\":\"ListItem\",\"position\":2,\"name\":\"Boutique\",\"item\":\"https:\/\/paragaleriedetalborjt.com\/boutique\/\"},{\"@type\":\"ListItem\",\"position\":3,\"name\":\"REVOX LIP FILLER Acide Hyaluronique\"}]},{\"@type\":\"WebSite\",\"@id\":\"https:\/\/paragaleriedetalborjt.com\/#website\",\"url\":\"https:\/\/paragaleriedetalborjt.com\/\",\"name\":\"paragaleriedetalborjt\",\"description\":\"\",\"potentialAction\":[{\"@type\":\"SearchAction\",\"target\":{\"@type\":\"EntryPoint\",\"urlTemplate\":\"https:\/\/paragaleriedetalborjt.com\/?s={search_term_string}\"},\"query-input\":{\"@type\":\"PropertyValueSpecification\",\"valueRequired\":true,\"valueName\":\"search_term_string\"}}],\"inLanguage\":\"en-US\"}]}<\/script>\n<!-- \/ Yoast SEO plugin. -->","yoast_head_json":{"title":"REVOX LIP FILLER Acide Hyaluronique - paragaleriedetalborjt","robots":{"index":"index","follow":"follow","max-snippet":"max-snippet:-1","max-image-preview":"max-image-preview:large","max-video-preview":"max-video-preview:-1"},"canonical":"https:\/\/paragaleriedetalborjt.com\/en\/boutique\/revox-lip-filler-acide-hyaluronique\/","og_locale":"en_US","og_type":"article","og_title":"REVOX LIP FILLER Acide Hyaluronique - paragaleriedetalborjt","og_description":"Highlights:REVOX B77 HYALURONIC ACID LIP FILLERest une alternative aux m\u00e9thodes invasives d\u2019augmentation des l\u00e8vres.","og_url":"https:\/\/paragaleriedetalborjt.com\/en\/boutique\/revox-lip-filler-acide-hyaluronique\/","og_site_name":"paragaleriedetalborjt","article_modified_time":"2026-01-03T19:14:44+00:00","og_image":[{"width":600,"height":600,"url":"https:\/\/paragaleriedetalborjt.com\/wp-content\/uploads\/2026\/01\/LIP-FILLER-Acide-Hyaluronique-600x600-1.png","type":"image\/png"}],"twitter_card":"summary_large_image","twitter_misc":{"Est. reading time":"1 minute"},"schema":{"@context":"https:\/\/schema.org","@graph":[{"@type":"WebPage","@id":"https:\/\/paragaleriedetalborjt.com\/boutique\/revox-lip-filler-acide-hyaluronique\/","url":"https:\/\/paragaleriedetalborjt.com\/boutique\/revox-lip-filler-acide-hyaluronique\/","name":"REVOX LIP FILLER Acide Hyaluronique - paragaleriedetalborjt","isPartOf":{"@id":"https:\/\/paragaleriedetalborjt.com\/#website"},"primaryImageOfPage":{"@id":"https:\/\/paragaleriedetalborjt.com\/boutique\/revox-lip-filler-acide-hyaluronique\/#primaryimage"},"image":{"@id":"https:\/\/paragaleriedetalborjt.com\/boutique\/revox-lip-filler-acide-hyaluronique\/#primaryimage"},"thumbnailUrl":"https:\/\/paragaleriedetalborjt.com\/wp-content\/uploads\/2026\/01\/LIP-FILLER-Acide-Hyaluronique-600x600-1.png","datePublished":"2026-01-03T17:26:22+00:00","dateModified":"2026-01-03T19:14:44+00:00","breadcrumb":{"@id":"https:\/\/paragaleriedetalborjt.com\/boutique\/revox-lip-filler-acide-hyaluronique\/#breadcrumb"},"inLanguage":"en-US","potentialAction":[{"@type":"ReadAction","target":["https:\/\/paragaleriedetalborjt.com\/boutique\/revox-lip-filler-acide-hyaluronique\/"]}]},{"@type":"ImageObject","inLanguage":"en-US","@id":"https:\/\/paragaleriedetalborjt.com\/boutique\/revox-lip-filler-acide-hyaluronique\/#primaryimage","url":"https:\/\/paragaleriedetalborjt.com\/wp-content\/uploads\/2026\/01\/LIP-FILLER-Acide-Hyaluronique-600x600-1.png","contentUrl":"https:\/\/paragaleriedetalborjt.com\/wp-content\/uploads\/2026\/01\/LIP-FILLER-Acide-Hyaluronique-600x600-1.png","width":600,"height":600},{"@type":"BreadcrumbList","@id":"https:\/\/paragaleriedetalborjt.com\/boutique\/revox-lip-filler-acide-hyaluronique\/#breadcrumb","itemListElement":[{"@type":"ListItem","position":1,"name":"Accueil","item":"https:\/\/paragaleriedetalborjt.com\/"},{"@type":"ListItem","position":2,"name":"Boutique","item":"https:\/\/paragaleriedetalborjt.com\/boutique\/"},{"@type":"ListItem","position":3,"name":"REVOX LIP FILLER Acide Hyaluronique"}]},{"@type":"WebSite","@id":"https:\/\/paragaleriedetalborjt.com\/#website","url":"https:\/\/paragaleriedetalborjt.com\/","name":"paragaleriedetalborjt","description":"","potentialAction":[{"@type":"SearchAction","target":{"@type":"EntryPoint","urlTemplate":"https:\/\/paragaleriedetalborjt.com\/?s={search_term_string}"},"query-input":{"@type":"PropertyValueSpecification","valueRequired":true,"valueName":"search_term_string"}}],"inLanguage":"en-US"}]}},"brands":[{"id":1574,"name":"REVOX","slug":"revox"}],"_links":{"self":[{"href":"https:\/\/paragaleriedetalborjt.com\/en\/wp-json\/wp\/v2\/product\/38297","targetHints":{"allow":["GET"]}}],"collection":[{"href":"https:\/\/paragaleriedetalborjt.com\/en\/wp-json\/wp\/v2\/product"}],"about":[{"href":"https:\/\/paragaleriedetalborjt.com\/en\/wp-json\/wp\/v2\/types\/product"}],"replies":[{"embeddable":true,"href":"https:\/\/paragaleriedetalborjt.com\/en\/wp-json\/wp\/v2\/comments?post=38297"}],"version-history":[{"count":1,"href":"https:\/\/paragaleriedetalborjt.com\/en\/wp-json\/wp\/v2\/product\/38297\/revisions"}],"predecessor-version":[{"id":38299,"href":"https:\/\/paragaleriedetalborjt.com\/en\/wp-json\/wp\/v2\/product\/38297\/revisions\/38299"}],"wp:featuredmedia":[{"embeddable":true,"href":"https:\/\/paragaleriedetalborjt.com\/en\/wp-json\/wp\/v2\/media\/38298"}],"wp:attachment":[{"href":"https:\/\/paragaleriedetalborjt.com\/en\/wp-json\/wp\/v2\/media?parent=38297"}],"wp:term":[{"taxonomy":"pwb-brand","embeddable":true,"href":"https:\/\/paragaleriedetalborjt.com\/en\/wp-json\/wp\/v2\/pwb-brand?post=38297"},{"taxonomy":"product_cat","embeddable":true,"href":"https:\/\/paragaleriedetalborjt.com\/en\/wp-json\/wp\/v2\/product_cat?post=38297"},{"taxonomy":"product_tag","embeddable":true,"href":"https:\/\/paragaleriedetalborjt.com\/en\/wp-json\/wp\/v2\/product_tag?post=38297"}],"curies":[{"name":"wp","href":"https:\/\/api.w.org\/{rel}","templated":true}]}}