{"id":38294,"date":"2026-01-03T18:26:18","date_gmt":"2026-01-03T17:26:18","guid":{"rendered":"https:\/\/paragaleriedetalborjt.com\/?post_type=product&#038;p=38294"},"modified":"2026-01-03T20:14:44","modified_gmt":"2026-01-03T19:14:44","slug":"revox-buzz-gel-nettoyant-visage","status":"publish","type":"product","link":"https:\/\/paragaleriedetalborjt.com\/en\/boutique\/revox-buzz-gel-nettoyant-visage\/","title":{"rendered":"REVOX BUZZ Gel Nettoyant Visage"},"content":{"rendered":"<div aria-labelledby=\"tab-title-description\" class=\"woocommerce-Tabs-panel woocommerce-Tabs-panel--description panel entry-content wc-tab\" id=\"tab-description\" role=\"tabpanel\" style=\"\">\n<h2>Description<\/h2>\n<p><strong>REVOX B77 BUZZ FACE CLEANSING GEL\u00a0<\/strong><\/p>\n<p class=\"p1\">REVOX B77 BUZZ est une gamme de soins qui nourrit les peaux fatigu\u00e9es et ternes. D\u00e9velopp\u00e9 pour lui fournir de l\u2019\u00e9nergie, cibler le teint irr\u00e9gulier et aider \u00e0 restaurer son \u00e9clat naturel.<\/p>\n<p class=\"p1\">Un gel doux aux excellentes propri\u00e9t\u00e9s nettoyantes. Il ne dess\u00e8che pas et ne tire pas sur la peau. Le gel au miel associ\u00e9 \u00e0 l\u2019eau cr\u00e9e une mousse active qui \u00e9limine les impuret\u00e9s et hydrate la peau.<\/p>\n<p class=\"p1\">Principes actifs : L\u2019Extrait de Miel est un \u00e9lixir de beaut\u00e9 naturelle. Riche en prot\u00e9ines et en min\u00e9raux, il aide \u00e0 hydrater et \u00e0 sublimer l\u2019\u00e9clat naturel de la peau. Le citron, source de vitamine C, aide \u00e0 uniformiser le teint. La gluconolactone hydrate efficacement et aide \u00e0 r\u00e9parer la barri\u00e8re cutan\u00e9e.<\/p>\n<p class=\"p1\"><b>Mode d\u2019emploi :<\/b>\u00a0Appliquez une ou deux pressions du gel sur la peau mouill\u00e9e, en \u00e9vitant le contour des yeux, et massez doucement pour faire mousser. Rincez abondamment \u00e0 l\u2019eau ti\u00e8de.<\/p>\n<p class=\"p1\"><b>Ingr\u00e9dients :<\/b>\u00a0Eau \/ Aqua, Sodium Laureth Sulfate, Coco \u2013 Glucoside, Lauroyl Methyl Glucamide, Cocamide DEA, Polyquaternium-7, Glyc\u00e9rine, Extrait de zeste de citron \/ Extrait de zeste de citron citron, Propyl\u00e8ne glycol, Extrait de miel \/ Extrait de mel, Provitamine B5 \/ Panth\u00e9nol, Polyquaternium-10, Chlorure de Sodium, Ph\u00e9noxy\u00e9thanol, Fragrance \/ Parfum, Gluconolactone, Acide Citrique, Benzoate de Sodium, Sorbate de Potassium, Gluconate de Calcium, Hexyl Cinnamal.<\/p>\n<p class=\"p1\"><b>Attention :<\/b>\u00a0Avant la premi\u00e8re utilisation, il est recommand\u00e9 d\u2019effectuer un test de sensibilit\u00e9. En cas d\u2019inconfort, cesser d\u2019utiliser le produit.<span class=\"Apple-converted-space\">\u00a0<\/span><\/p>\n<\/div>","protected":false},"excerpt":{"rendered":"<p>Highlights:REVOX B77 BUZZ est une gamme de soins qui nourrit les peaux fatigu\u00e9es et ternes. D\u00e9velopp\u00e9 pour lui fournir de l\u2019\u00e9nergie, cibler le teint irr\u00e9gulier et aider \u00e0 restaurer son \u00e9clat naturel.<\/p>","protected":false},"featured_media":38295,"comment_status":"open","ping_status":"closed","template":"","meta":[],"pwb-brand":[1574],"product_cat":[16],"product_tag":[],"class_list":{"0":"post-38294","1":"product","2":"type-product","3":"status-publish","4":"has-post-thumbnail","6":"pwb-brand-revox","7":"product_cat-non-classe","8":"pa_brands-revox","10":"first","11":"instock","12":"sale","13":"shipping-taxable","14":"purchasable","15":"product-type-simple"},"yoast_head":"<!-- This site is optimized with the Yoast SEO plugin v26.9 - https:\/\/yoast.com\/product\/yoast-seo-wordpress\/ -->\n<title>REVOX BUZZ Gel Nettoyant Visage - paragaleriedetalborjt<\/title>\n<meta name=\"robots\" content=\"index, follow, max-snippet:-1, max-image-preview:large, max-video-preview:-1\" \/>\n<link rel=\"canonical\" href=\"https:\/\/paragaleriedetalborjt.com\/en\/boutique\/revox-buzz-gel-nettoyant-visage\/\" \/>\n<meta property=\"og:locale\" content=\"en_US\" \/>\n<meta property=\"og:type\" content=\"article\" \/>\n<meta property=\"og:title\" content=\"REVOX BUZZ Gel Nettoyant Visage - paragaleriedetalborjt\" \/>\n<meta property=\"og:description\" content=\"Highlights:REVOX B77 BUZZ est une gamme de soins qui nourrit les peaux fatigu\u00e9es et ternes. D\u00e9velopp\u00e9 pour lui fournir de l\u2019\u00e9nergie, cibler le teint irr\u00e9gulier et aider \u00e0 restaurer son \u00e9clat naturel.\" \/>\n<meta property=\"og:url\" content=\"https:\/\/paragaleriedetalborjt.com\/en\/boutique\/revox-buzz-gel-nettoyant-visage\/\" \/>\n<meta property=\"og:site_name\" content=\"paragaleriedetalborjt\" \/>\n<meta property=\"article:modified_time\" content=\"2026-01-03T19:14:44+00:00\" \/>\n<meta property=\"og:image\" content=\"https:\/\/paragaleriedetalborjt.com\/wp-content\/uploads\/2026\/01\/BUZZ-Gel-Nettoyant-Visage-600x600-1.png\" \/>\n\t<meta property=\"og:image:width\" content=\"600\" \/>\n\t<meta property=\"og:image:height\" content=\"600\" \/>\n\t<meta property=\"og:image:type\" content=\"image\/png\" \/>\n<meta name=\"twitter:card\" content=\"summary_large_image\" \/>\n<meta name=\"twitter:label1\" content=\"Est. reading time\" \/>\n\t<meta name=\"twitter:data1\" content=\"1 minute\" \/>\n<script type=\"application\/ld+json\" class=\"yoast-schema-graph\">{\"@context\":\"https:\/\/schema.org\",\"@graph\":[{\"@type\":\"WebPage\",\"@id\":\"https:\/\/paragaleriedetalborjt.com\/boutique\/revox-buzz-gel-nettoyant-visage\/\",\"url\":\"https:\/\/paragaleriedetalborjt.com\/boutique\/revox-buzz-gel-nettoyant-visage\/\",\"name\":\"REVOX BUZZ Gel Nettoyant Visage - paragaleriedetalborjt\",\"isPartOf\":{\"@id\":\"https:\/\/paragaleriedetalborjt.com\/#website\"},\"primaryImageOfPage\":{\"@id\":\"https:\/\/paragaleriedetalborjt.com\/boutique\/revox-buzz-gel-nettoyant-visage\/#primaryimage\"},\"image\":{\"@id\":\"https:\/\/paragaleriedetalborjt.com\/boutique\/revox-buzz-gel-nettoyant-visage\/#primaryimage\"},\"thumbnailUrl\":\"https:\/\/paragaleriedetalborjt.com\/wp-content\/uploads\/2026\/01\/BUZZ-Gel-Nettoyant-Visage-600x600-1.png\",\"datePublished\":\"2026-01-03T17:26:18+00:00\",\"dateModified\":\"2026-01-03T19:14:44+00:00\",\"breadcrumb\":{\"@id\":\"https:\/\/paragaleriedetalborjt.com\/boutique\/revox-buzz-gel-nettoyant-visage\/#breadcrumb\"},\"inLanguage\":\"en-US\",\"potentialAction\":[{\"@type\":\"ReadAction\",\"target\":[\"https:\/\/paragaleriedetalborjt.com\/boutique\/revox-buzz-gel-nettoyant-visage\/\"]}]},{\"@type\":\"ImageObject\",\"inLanguage\":\"en-US\",\"@id\":\"https:\/\/paragaleriedetalborjt.com\/boutique\/revox-buzz-gel-nettoyant-visage\/#primaryimage\",\"url\":\"https:\/\/paragaleriedetalborjt.com\/wp-content\/uploads\/2026\/01\/BUZZ-Gel-Nettoyant-Visage-600x600-1.png\",\"contentUrl\":\"https:\/\/paragaleriedetalborjt.com\/wp-content\/uploads\/2026\/01\/BUZZ-Gel-Nettoyant-Visage-600x600-1.png\",\"width\":600,\"height\":600},{\"@type\":\"BreadcrumbList\",\"@id\":\"https:\/\/paragaleriedetalborjt.com\/boutique\/revox-buzz-gel-nettoyant-visage\/#breadcrumb\",\"itemListElement\":[{\"@type\":\"ListItem\",\"position\":1,\"name\":\"Accueil\",\"item\":\"https:\/\/paragaleriedetalborjt.com\/\"},{\"@type\":\"ListItem\",\"position\":2,\"name\":\"Boutique\",\"item\":\"https:\/\/paragaleriedetalborjt.com\/boutique\/\"},{\"@type\":\"ListItem\",\"position\":3,\"name\":\"REVOX BUZZ Gel Nettoyant Visage\"}]},{\"@type\":\"WebSite\",\"@id\":\"https:\/\/paragaleriedetalborjt.com\/#website\",\"url\":\"https:\/\/paragaleriedetalborjt.com\/\",\"name\":\"paragaleriedetalborjt\",\"description\":\"\",\"potentialAction\":[{\"@type\":\"SearchAction\",\"target\":{\"@type\":\"EntryPoint\",\"urlTemplate\":\"https:\/\/paragaleriedetalborjt.com\/?s={search_term_string}\"},\"query-input\":{\"@type\":\"PropertyValueSpecification\",\"valueRequired\":true,\"valueName\":\"search_term_string\"}}],\"inLanguage\":\"en-US\"}]}<\/script>\n<!-- \/ Yoast SEO plugin. -->","yoast_head_json":{"title":"REVOX BUZZ Gel Nettoyant Visage - paragaleriedetalborjt","robots":{"index":"index","follow":"follow","max-snippet":"max-snippet:-1","max-image-preview":"max-image-preview:large","max-video-preview":"max-video-preview:-1"},"canonical":"https:\/\/paragaleriedetalborjt.com\/en\/boutique\/revox-buzz-gel-nettoyant-visage\/","og_locale":"en_US","og_type":"article","og_title":"REVOX BUZZ Gel Nettoyant Visage - paragaleriedetalborjt","og_description":"Highlights:REVOX B77 BUZZ est une gamme de soins qui nourrit les peaux fatigu\u00e9es et ternes. D\u00e9velopp\u00e9 pour lui fournir de l\u2019\u00e9nergie, cibler le teint irr\u00e9gulier et aider \u00e0 restaurer son \u00e9clat naturel.","og_url":"https:\/\/paragaleriedetalborjt.com\/en\/boutique\/revox-buzz-gel-nettoyant-visage\/","og_site_name":"paragaleriedetalborjt","article_modified_time":"2026-01-03T19:14:44+00:00","og_image":[{"width":600,"height":600,"url":"https:\/\/paragaleriedetalborjt.com\/wp-content\/uploads\/2026\/01\/BUZZ-Gel-Nettoyant-Visage-600x600-1.png","type":"image\/png"}],"twitter_card":"summary_large_image","twitter_misc":{"Est. reading time":"1 minute"},"schema":{"@context":"https:\/\/schema.org","@graph":[{"@type":"WebPage","@id":"https:\/\/paragaleriedetalborjt.com\/boutique\/revox-buzz-gel-nettoyant-visage\/","url":"https:\/\/paragaleriedetalborjt.com\/boutique\/revox-buzz-gel-nettoyant-visage\/","name":"REVOX BUZZ Gel Nettoyant Visage - paragaleriedetalborjt","isPartOf":{"@id":"https:\/\/paragaleriedetalborjt.com\/#website"},"primaryImageOfPage":{"@id":"https:\/\/paragaleriedetalborjt.com\/boutique\/revox-buzz-gel-nettoyant-visage\/#primaryimage"},"image":{"@id":"https:\/\/paragaleriedetalborjt.com\/boutique\/revox-buzz-gel-nettoyant-visage\/#primaryimage"},"thumbnailUrl":"https:\/\/paragaleriedetalborjt.com\/wp-content\/uploads\/2026\/01\/BUZZ-Gel-Nettoyant-Visage-600x600-1.png","datePublished":"2026-01-03T17:26:18+00:00","dateModified":"2026-01-03T19:14:44+00:00","breadcrumb":{"@id":"https:\/\/paragaleriedetalborjt.com\/boutique\/revox-buzz-gel-nettoyant-visage\/#breadcrumb"},"inLanguage":"en-US","potentialAction":[{"@type":"ReadAction","target":["https:\/\/paragaleriedetalborjt.com\/boutique\/revox-buzz-gel-nettoyant-visage\/"]}]},{"@type":"ImageObject","inLanguage":"en-US","@id":"https:\/\/paragaleriedetalborjt.com\/boutique\/revox-buzz-gel-nettoyant-visage\/#primaryimage","url":"https:\/\/paragaleriedetalborjt.com\/wp-content\/uploads\/2026\/01\/BUZZ-Gel-Nettoyant-Visage-600x600-1.png","contentUrl":"https:\/\/paragaleriedetalborjt.com\/wp-content\/uploads\/2026\/01\/BUZZ-Gel-Nettoyant-Visage-600x600-1.png","width":600,"height":600},{"@type":"BreadcrumbList","@id":"https:\/\/paragaleriedetalborjt.com\/boutique\/revox-buzz-gel-nettoyant-visage\/#breadcrumb","itemListElement":[{"@type":"ListItem","position":1,"name":"Accueil","item":"https:\/\/paragaleriedetalborjt.com\/"},{"@type":"ListItem","position":2,"name":"Boutique","item":"https:\/\/paragaleriedetalborjt.com\/boutique\/"},{"@type":"ListItem","position":3,"name":"REVOX BUZZ Gel Nettoyant Visage"}]},{"@type":"WebSite","@id":"https:\/\/paragaleriedetalborjt.com\/#website","url":"https:\/\/paragaleriedetalborjt.com\/","name":"paragaleriedetalborjt","description":"","potentialAction":[{"@type":"SearchAction","target":{"@type":"EntryPoint","urlTemplate":"https:\/\/paragaleriedetalborjt.com\/?s={search_term_string}"},"query-input":{"@type":"PropertyValueSpecification","valueRequired":true,"valueName":"search_term_string"}}],"inLanguage":"en-US"}]}},"brands":[{"id":1574,"name":"REVOX","slug":"revox"}],"_links":{"self":[{"href":"https:\/\/paragaleriedetalborjt.com\/en\/wp-json\/wp\/v2\/product\/38294","targetHints":{"allow":["GET"]}}],"collection":[{"href":"https:\/\/paragaleriedetalborjt.com\/en\/wp-json\/wp\/v2\/product"}],"about":[{"href":"https:\/\/paragaleriedetalborjt.com\/en\/wp-json\/wp\/v2\/types\/product"}],"replies":[{"embeddable":true,"href":"https:\/\/paragaleriedetalborjt.com\/en\/wp-json\/wp\/v2\/comments?post=38294"}],"version-history":[{"count":1,"href":"https:\/\/paragaleriedetalborjt.com\/en\/wp-json\/wp\/v2\/product\/38294\/revisions"}],"predecessor-version":[{"id":38296,"href":"https:\/\/paragaleriedetalborjt.com\/en\/wp-json\/wp\/v2\/product\/38294\/revisions\/38296"}],"wp:featuredmedia":[{"embeddable":true,"href":"https:\/\/paragaleriedetalborjt.com\/en\/wp-json\/wp\/v2\/media\/38295"}],"wp:attachment":[{"href":"https:\/\/paragaleriedetalborjt.com\/en\/wp-json\/wp\/v2\/media?parent=38294"}],"wp:term":[{"taxonomy":"pwb-brand","embeddable":true,"href":"https:\/\/paragaleriedetalborjt.com\/en\/wp-json\/wp\/v2\/pwb-brand?post=38294"},{"taxonomy":"product_cat","embeddable":true,"href":"https:\/\/paragaleriedetalborjt.com\/en\/wp-json\/wp\/v2\/product_cat?post=38294"},{"taxonomy":"product_tag","embeddable":true,"href":"https:\/\/paragaleriedetalborjt.com\/en\/wp-json\/wp\/v2\/product_tag?post=38294"}],"curies":[{"name":"wp","href":"https:\/\/api.w.org\/{rel}","templated":true}]}}