{"id":38189,"date":"2026-01-03T16:57:42","date_gmt":"2026-01-03T15:57:42","guid":{"rendered":"https:\/\/paragaleriedetalborjt.com\/?post_type=product&#038;p=38189"},"modified":"2026-01-03T16:57:42","modified_gmt":"2026-01-03T15:57:42","slug":"actinica-lotion-80-g","status":"publish","type":"product","link":"https:\/\/paragaleriedetalborjt.com\/en\/boutique\/actinica-lotion-80-g\/","title":{"rendered":"Actinica Lotion \u2013 80 g"},"content":{"rendered":"<div aria-labelledby=\"tab-title-description\" class=\"woocommerce-Tabs-panel woocommerce-Tabs-panel--description panel entry-content wc-tab\" id=\"tab-description\" role=\"tabpanel\" style=\"\">\n<h2>Description<\/h2>\n<p>Actinica Lotion SPF50+\u00a0est un dispositif m\u00e9dical pour la pr\u00e9vention de diff\u00e9rentes formes du cancer de la peau non m\u00e9lanome chez les patients \u00e0 risque (immunosupprim\u00e9s). Il s\u2019agit d\u2019une tr\u00e8s haute protection contre les UV.<br \/>\nDans une \u00e9tude de deux ans men\u00e9e sur des patients immunosupprim\u00e9s \u00e0 haut risque (ayant subi une greffe d\u2019organe) pour le cancer de la\u00a0peau non m\u00e9lanome. Actinica Lotion\u00a0s\u2019est av\u00e9r\u00e9e efficace dans la pr\u00e9vention des k\u00e9ratoses actiniques et des carcinomes \u00e9pidermo\u00efdes.<\/p>\n<p>Actinica Lotion SPF 50+\u00a0prot\u00e8ge non seulement contre les rayons\u00a0UVB,\u00a0mais \u00e9galement contre les rayons\u00a0UVA. Actinica lotion\u00a0contient des filtres \u00e0 large spectre photostables et r\u00e9siste \u00e0 l\u2019eau. Elle hydrate et entretien la peau. Etant donn\u00e9 que la lotion est exempte de parfums et d\u2019\u00e9mulsifiants PEG traditionnels, elle est bien tol\u00e9r\u00e9e et peut \u00eatre \u00e9galement sur une peau tr\u00e8s sensible.<\/p>\n<p><strong>Conseils d\u2019utilisation :<\/strong><\/p>\n<p>Lorsque Actinica Lotion est utilis\u00e9e avec des protections anti-moustique, il est indispensable de commencer par appliquer Actinica Lotion. Attendez ensuite environ 20 minutes avant d\u2019utiliser la protection anti-moustique. Attention toutefois : les vertus de protection de Actinica Lotion, dans ce cas pr\u00e9cis, perdre en intensit\u00e9.<\/p>\n<\/div>","protected":false},"excerpt":{"rendered":"<p>Highlights:Produit m\u00e9dical pour la pr\u00e9vention de diff\u00e9rentes formes de cancer de la peau non m\u00e9lanome chez les patients \u00e0 risque<\/p>","protected":false},"featured_media":38190,"comment_status":"open","ping_status":"closed","template":"","meta":[],"pwb-brand":[],"product_cat":[16],"product_tag":[],"class_list":{"0":"post-38189","1":"product","2":"type-product","3":"status-publish","4":"has-post-thumbnail","6":"product_cat-non-classe","7":"pa_brands-daylong","9":"first","10":"instock","11":"sale","12":"shipping-taxable","13":"purchasable","14":"product-type-simple"},"yoast_head":"<!-- This site is optimized with the Yoast SEO plugin v26.9 - https:\/\/yoast.com\/product\/yoast-seo-wordpress\/ -->\n<title>Actinica Lotion \u2013 80 g - paragaleriedetalborjt<\/title>\n<meta name=\"robots\" content=\"index, follow, max-snippet:-1, max-image-preview:large, max-video-preview:-1\" \/>\n<link rel=\"canonical\" href=\"https:\/\/paragaleriedetalborjt.com\/en\/boutique\/actinica-lotion-80-g\/\" \/>\n<meta property=\"og:locale\" content=\"en_US\" \/>\n<meta property=\"og:type\" content=\"article\" \/>\n<meta property=\"og:title\" content=\"Actinica Lotion \u2013 80 g - paragaleriedetalborjt\" \/>\n<meta property=\"og:description\" content=\"Highlights:Produit m\u00e9dical pour la pr\u00e9vention de diff\u00e9rentes formes de cancer de la peau non m\u00e9lanome chez les patients \u00e0 risque\" \/>\n<meta property=\"og:url\" content=\"https:\/\/paragaleriedetalborjt.com\/en\/boutique\/actinica-lotion-80-g\/\" \/>\n<meta property=\"og:site_name\" content=\"paragaleriedetalborjt\" \/>\n<meta property=\"og:image\" content=\"https:\/\/paragaleriedetalborjt.com\/wp-content\/uploads\/2026\/01\/7612076396470.jpg\" \/>\n\t<meta property=\"og:image:width\" content=\"595\" \/>\n\t<meta property=\"og:image:height\" content=\"655\" \/>\n\t<meta property=\"og:image:type\" content=\"image\/jpeg\" \/>\n<meta name=\"twitter:card\" content=\"summary_large_image\" \/>\n<meta name=\"twitter:label1\" content=\"Est. reading time\" \/>\n\t<meta name=\"twitter:data1\" content=\"1 minute\" \/>\n<script type=\"application\/ld+json\" class=\"yoast-schema-graph\">{\"@context\":\"https:\/\/schema.org\",\"@graph\":[{\"@type\":\"WebPage\",\"@id\":\"https:\/\/paragaleriedetalborjt.com\/boutique\/actinica-lotion-80-g\/\",\"url\":\"https:\/\/paragaleriedetalborjt.com\/boutique\/actinica-lotion-80-g\/\",\"name\":\"Actinica Lotion \u2013 80 g - paragaleriedetalborjt\",\"isPartOf\":{\"@id\":\"https:\/\/paragaleriedetalborjt.com\/#website\"},\"primaryImageOfPage\":{\"@id\":\"https:\/\/paragaleriedetalborjt.com\/boutique\/actinica-lotion-80-g\/#primaryimage\"},\"image\":{\"@id\":\"https:\/\/paragaleriedetalborjt.com\/boutique\/actinica-lotion-80-g\/#primaryimage\"},\"thumbnailUrl\":\"https:\/\/paragaleriedetalborjt.com\/wp-content\/uploads\/2026\/01\/7612076396470.jpg\",\"datePublished\":\"2026-01-03T15:57:42+00:00\",\"breadcrumb\":{\"@id\":\"https:\/\/paragaleriedetalborjt.com\/boutique\/actinica-lotion-80-g\/#breadcrumb\"},\"inLanguage\":\"en-US\",\"potentialAction\":[{\"@type\":\"ReadAction\",\"target\":[\"https:\/\/paragaleriedetalborjt.com\/boutique\/actinica-lotion-80-g\/\"]}]},{\"@type\":\"ImageObject\",\"inLanguage\":\"en-US\",\"@id\":\"https:\/\/paragaleriedetalborjt.com\/boutique\/actinica-lotion-80-g\/#primaryimage\",\"url\":\"https:\/\/paragaleriedetalborjt.com\/wp-content\/uploads\/2026\/01\/7612076396470.jpg\",\"contentUrl\":\"https:\/\/paragaleriedetalborjt.com\/wp-content\/uploads\/2026\/01\/7612076396470.jpg\",\"width\":595,\"height\":655},{\"@type\":\"BreadcrumbList\",\"@id\":\"https:\/\/paragaleriedetalborjt.com\/boutique\/actinica-lotion-80-g\/#breadcrumb\",\"itemListElement\":[{\"@type\":\"ListItem\",\"position\":1,\"name\":\"Accueil\",\"item\":\"https:\/\/paragaleriedetalborjt.com\/\"},{\"@type\":\"ListItem\",\"position\":2,\"name\":\"Boutique\",\"item\":\"https:\/\/paragaleriedetalborjt.com\/boutique\/\"},{\"@type\":\"ListItem\",\"position\":3,\"name\":\"Actinica Lotion \u2013 80 g\"}]},{\"@type\":\"WebSite\",\"@id\":\"https:\/\/paragaleriedetalborjt.com\/#website\",\"url\":\"https:\/\/paragaleriedetalborjt.com\/\",\"name\":\"paragaleriedetalborjt\",\"description\":\"\",\"potentialAction\":[{\"@type\":\"SearchAction\",\"target\":{\"@type\":\"EntryPoint\",\"urlTemplate\":\"https:\/\/paragaleriedetalborjt.com\/?s={search_term_string}\"},\"query-input\":{\"@type\":\"PropertyValueSpecification\",\"valueRequired\":true,\"valueName\":\"search_term_string\"}}],\"inLanguage\":\"en-US\"}]}<\/script>\n<!-- \/ Yoast SEO plugin. -->","yoast_head_json":{"title":"Actinica Lotion \u2013 80 g - paragaleriedetalborjt","robots":{"index":"index","follow":"follow","max-snippet":"max-snippet:-1","max-image-preview":"max-image-preview:large","max-video-preview":"max-video-preview:-1"},"canonical":"https:\/\/paragaleriedetalborjt.com\/en\/boutique\/actinica-lotion-80-g\/","og_locale":"en_US","og_type":"article","og_title":"Actinica Lotion \u2013 80 g - paragaleriedetalborjt","og_description":"Highlights:Produit m\u00e9dical pour la pr\u00e9vention de diff\u00e9rentes formes de cancer de la peau non m\u00e9lanome chez les patients \u00e0 risque","og_url":"https:\/\/paragaleriedetalborjt.com\/en\/boutique\/actinica-lotion-80-g\/","og_site_name":"paragaleriedetalborjt","og_image":[{"width":595,"height":655,"url":"https:\/\/paragaleriedetalborjt.com\/wp-content\/uploads\/2026\/01\/7612076396470.jpg","type":"image\/jpeg"}],"twitter_card":"summary_large_image","twitter_misc":{"Est. reading time":"1 minute"},"schema":{"@context":"https:\/\/schema.org","@graph":[{"@type":"WebPage","@id":"https:\/\/paragaleriedetalborjt.com\/boutique\/actinica-lotion-80-g\/","url":"https:\/\/paragaleriedetalborjt.com\/boutique\/actinica-lotion-80-g\/","name":"Actinica Lotion \u2013 80 g - paragaleriedetalborjt","isPartOf":{"@id":"https:\/\/paragaleriedetalborjt.com\/#website"},"primaryImageOfPage":{"@id":"https:\/\/paragaleriedetalborjt.com\/boutique\/actinica-lotion-80-g\/#primaryimage"},"image":{"@id":"https:\/\/paragaleriedetalborjt.com\/boutique\/actinica-lotion-80-g\/#primaryimage"},"thumbnailUrl":"https:\/\/paragaleriedetalborjt.com\/wp-content\/uploads\/2026\/01\/7612076396470.jpg","datePublished":"2026-01-03T15:57:42+00:00","breadcrumb":{"@id":"https:\/\/paragaleriedetalborjt.com\/boutique\/actinica-lotion-80-g\/#breadcrumb"},"inLanguage":"en-US","potentialAction":[{"@type":"ReadAction","target":["https:\/\/paragaleriedetalborjt.com\/boutique\/actinica-lotion-80-g\/"]}]},{"@type":"ImageObject","inLanguage":"en-US","@id":"https:\/\/paragaleriedetalborjt.com\/boutique\/actinica-lotion-80-g\/#primaryimage","url":"https:\/\/paragaleriedetalborjt.com\/wp-content\/uploads\/2026\/01\/7612076396470.jpg","contentUrl":"https:\/\/paragaleriedetalborjt.com\/wp-content\/uploads\/2026\/01\/7612076396470.jpg","width":595,"height":655},{"@type":"BreadcrumbList","@id":"https:\/\/paragaleriedetalborjt.com\/boutique\/actinica-lotion-80-g\/#breadcrumb","itemListElement":[{"@type":"ListItem","position":1,"name":"Accueil","item":"https:\/\/paragaleriedetalborjt.com\/"},{"@type":"ListItem","position":2,"name":"Boutique","item":"https:\/\/paragaleriedetalborjt.com\/boutique\/"},{"@type":"ListItem","position":3,"name":"Actinica Lotion \u2013 80 g"}]},{"@type":"WebSite","@id":"https:\/\/paragaleriedetalborjt.com\/#website","url":"https:\/\/paragaleriedetalborjt.com\/","name":"paragaleriedetalborjt","description":"","potentialAction":[{"@type":"SearchAction","target":{"@type":"EntryPoint","urlTemplate":"https:\/\/paragaleriedetalborjt.com\/?s={search_term_string}"},"query-input":{"@type":"PropertyValueSpecification","valueRequired":true,"valueName":"search_term_string"}}],"inLanguage":"en-US"}]}},"brands":[],"_links":{"self":[{"href":"https:\/\/paragaleriedetalborjt.com\/en\/wp-json\/wp\/v2\/product\/38189","targetHints":{"allow":["GET"]}}],"collection":[{"href":"https:\/\/paragaleriedetalborjt.com\/en\/wp-json\/wp\/v2\/product"}],"about":[{"href":"https:\/\/paragaleriedetalborjt.com\/en\/wp-json\/wp\/v2\/types\/product"}],"replies":[{"embeddable":true,"href":"https:\/\/paragaleriedetalborjt.com\/en\/wp-json\/wp\/v2\/comments?post=38189"}],"version-history":[{"count":1,"href":"https:\/\/paragaleriedetalborjt.com\/en\/wp-json\/wp\/v2\/product\/38189\/revisions"}],"predecessor-version":[{"id":38191,"href":"https:\/\/paragaleriedetalborjt.com\/en\/wp-json\/wp\/v2\/product\/38189\/revisions\/38191"}],"wp:featuredmedia":[{"embeddable":true,"href":"https:\/\/paragaleriedetalborjt.com\/en\/wp-json\/wp\/v2\/media\/38190"}],"wp:attachment":[{"href":"https:\/\/paragaleriedetalborjt.com\/en\/wp-json\/wp\/v2\/media?parent=38189"}],"wp:term":[{"taxonomy":"pwb-brand","embeddable":true,"href":"https:\/\/paragaleriedetalborjt.com\/en\/wp-json\/wp\/v2\/pwb-brand?post=38189"},{"taxonomy":"product_cat","embeddable":true,"href":"https:\/\/paragaleriedetalborjt.com\/en\/wp-json\/wp\/v2\/product_cat?post=38189"},{"taxonomy":"product_tag","embeddable":true,"href":"https:\/\/paragaleriedetalborjt.com\/en\/wp-json\/wp\/v2\/product_tag?post=38189"}],"curies":[{"name":"wp","href":"https:\/\/api.w.org\/{rel}","templated":true}]}}