{"id":38159,"date":"2026-01-03T16:56:52","date_gmt":"2026-01-03T15:56:52","guid":{"rendered":"https:\/\/paragaleriedetalborjt.com\/?post_type=product&#038;p=38159"},"modified":"2026-01-03T16:56:52","modified_gmt":"2026-01-03T15:56:52","slug":"eucerin-aquaphor-reparateur-levres-sos-10-ml","status":"publish","type":"product","link":"https:\/\/paragaleriedetalborjt.com\/en\/boutique\/eucerin-aquaphor-reparateur-levres-sos-10-ml\/","title":{"rendered":"EUCERIN AQUAPHOR REPARATEUR L\u00c8VRES SOS 10 ML"},"content":{"rendered":"<div aria-labelledby=\"tab-title-description\" class=\"woocommerce-Tabs-panel woocommerce-Tabs-panel--description panel entry-content wc-tab\" id=\"tab-description\" role=\"tabpanel\" style=\"\">\n<h2>Description<\/h2>\n<p><strong>EUCERIN Aquaphor. R\u00e9parateur l\u00e8vres SOS \u2013 10ml.<\/strong><br \/>\nEucerin Aquaphor R\u00e9parateur L\u00e8vres SOS apaise les l\u00e8vres en 60 secondes. Il est cliniquement prouv\u00e9 pour r\u00e9parer et apaiser les l\u00e8vres s\u00e8ches, craquel\u00e9es et cr\u00e9e une barri\u00e8re de protection id\u00e9ale. Ce baume \u00e0 l\u00e8vres favorise la r\u00e9g\u00e9n\u00e9ration rapide de la peau des l\u00e8vres, pour des l\u00e8vres douces et souples. Non parfum\u00e9 et sans conservateur. Convient aux enfants de trois ans et plus.<\/p>\n<p><span style=\"color: #ff0000;\"><strong>COMPOSITIONS &amp; INGR\u00c9DIENTS :<\/strong><\/span><br \/>\nLa liste des ingr\u00e9dients peut \u00eatre soumise \u00e0 des variations, nous vous conseillons de toujours v\u00e9rifier la liste figurant sur le produit achet\u00e9.<br \/>\nFormule INCI : Octyldodecanol, C18-38 Alkyl Hydroxystearoyl Stearate, Ricinus Communis Seed Oil, Caprylic\/Capric Triglyceride, Glycerin, Panthenol, Bis-Diglyceryl Polyacyladipate-2, Aqua, Polyglyceryl-3 Diisostearate, Butyrospermum Parkii Butter, Hydrogenated Castor Oil, Tocopherol, Tocopheryl Acetate, Sodium Ascorbyl Phosphate, Cera Alba, Bisabolol, C20-40 Alkyl Stearate, Magnesium Stearate, Magnesium Sulfate<\/p>\n<p><span style=\"color: #ff0000;\"><strong>CONSEILS D\u2019UTILISATION :<\/strong><\/span><br \/>\nAppliquez aussi souvent que n\u00e9cessaire.<\/p>\n<\/div>","protected":false},"excerpt":{"rendered":"<p>Highlights:EUCERIN Aquaphor. R\u00e9parateur l\u00e8vres SOS \u2013 10ml.Eucerin Aquaphor R\u00e9parateur L\u00e8vres SOS apaise les l\u00e8vres en 60 secondes. Il est cliniquement prouv\u00e9 pour r\u00e9parer et apaiser les l\u00e8vres s\u00e8ches, craquel\u00e9es et cr\u00e9e une barri\u00e8re de protection id\u00e9ale. Ce baume \u00e0 l\u00e8vres favorise la r\u00e9g\u00e9n\u00e9ration rapide de la peau des l\u00e8vres, pour des l\u00e8vres douces et souples. Non parfum\u00e9 et sans conservateur. Convient aux enfants de trois ans et plus.<\/p>","protected":false},"featured_media":38160,"comment_status":"open","ping_status":"closed","template":"","meta":[],"pwb-brand":[],"product_cat":[16],"product_tag":[],"class_list":{"0":"post-38159","1":"product","2":"type-product","3":"status-publish","4":"has-post-thumbnail","6":"product_cat-non-classe","7":"pa_brands-eucerin","9":"first","10":"instock","11":"sale","12":"shipping-taxable","13":"purchasable","14":"product-type-simple"},"yoast_head":"<!-- This site is optimized with the Yoast SEO plugin v27.5 - https:\/\/yoast.com\/product\/yoast-seo-wordpress\/ -->\n<title>EUCERIN AQUAPHOR REPARATEUR L\u00c8VRES SOS 10 ML - paragaleriedetalborjt<\/title>\n<meta name=\"robots\" content=\"index, follow, max-snippet:-1, max-image-preview:large, max-video-preview:-1\" \/>\n<link rel=\"canonical\" href=\"https:\/\/paragaleriedetalborjt.com\/en\/boutique\/eucerin-aquaphor-reparateur-levres-sos-10-ml\/\" \/>\n<meta property=\"og:locale\" content=\"en_US\" \/>\n<meta property=\"og:type\" content=\"article\" \/>\n<meta property=\"og:title\" content=\"EUCERIN AQUAPHOR REPARATEUR L\u00c8VRES SOS 10 ML - paragaleriedetalborjt\" \/>\n<meta property=\"og:description\" content=\"Highlights:EUCERIN Aquaphor. R\u00e9parateur l\u00e8vres SOS \u2013 10ml.Eucerin Aquaphor R\u00e9parateur L\u00e8vres SOS apaise les l\u00e8vres en 60 secondes. Il est cliniquement prouv\u00e9 pour r\u00e9parer et apaiser les l\u00e8vres s\u00e8ches, craquel\u00e9es et cr\u00e9e une barri\u00e8re de protection id\u00e9ale. Ce baume \u00e0 l\u00e8vres favorise la r\u00e9g\u00e9n\u00e9ration rapide de la peau des l\u00e8vres, pour des l\u00e8vres douces et souples. Non parfum\u00e9 et sans conservateur. Convient aux enfants de trois ans et plus.\" \/>\n<meta property=\"og:url\" content=\"https:\/\/paragaleriedetalborjt.com\/en\/boutique\/eucerin-aquaphor-reparateur-levres-sos-10-ml\/\" \/>\n<meta property=\"og:site_name\" content=\"paragaleriedetalborjt\" \/>\n<meta property=\"og:image\" content=\"https:\/\/paragaleriedetalborjt.com\/wp-content\/uploads\/2026\/01\/1-18-600x600-1.jpg\" \/>\n\t<meta property=\"og:image:width\" content=\"600\" \/>\n\t<meta property=\"og:image:height\" content=\"600\" \/>\n\t<meta property=\"og:image:type\" content=\"image\/jpeg\" \/>\n<meta name=\"twitter:card\" content=\"summary_large_image\" \/>\n<meta name=\"twitter:label1\" content=\"Est. reading time\" \/>\n\t<meta name=\"twitter:data1\" content=\"1 minute\" \/>\n<script type=\"application\/ld+json\" class=\"yoast-schema-graph\">{\"@context\":\"https:\\\/\\\/schema.org\",\"@graph\":[{\"@type\":\"WebPage\",\"@id\":\"https:\\\/\\\/paragaleriedetalborjt.com\\\/boutique\\\/eucerin-aquaphor-reparateur-levres-sos-10-ml\\\/\",\"url\":\"https:\\\/\\\/paragaleriedetalborjt.com\\\/boutique\\\/eucerin-aquaphor-reparateur-levres-sos-10-ml\\\/\",\"name\":\"EUCERIN AQUAPHOR REPARATEUR L\u00c8VRES SOS 10 ML - paragaleriedetalborjt\",\"isPartOf\":{\"@id\":\"https:\\\/\\\/paragaleriedetalborjt.com\\\/#website\"},\"primaryImageOfPage\":{\"@id\":\"https:\\\/\\\/paragaleriedetalborjt.com\\\/boutique\\\/eucerin-aquaphor-reparateur-levres-sos-10-ml\\\/#primaryimage\"},\"image\":{\"@id\":\"https:\\\/\\\/paragaleriedetalborjt.com\\\/boutique\\\/eucerin-aquaphor-reparateur-levres-sos-10-ml\\\/#primaryimage\"},\"thumbnailUrl\":\"https:\\\/\\\/paragaleriedetalborjt.com\\\/wp-content\\\/uploads\\\/2026\\\/01\\\/1-18-600x600-1.jpg\",\"datePublished\":\"2026-01-03T15:56:52+00:00\",\"breadcrumb\":{\"@id\":\"https:\\\/\\\/paragaleriedetalborjt.com\\\/boutique\\\/eucerin-aquaphor-reparateur-levres-sos-10-ml\\\/#breadcrumb\"},\"inLanguage\":\"en-US\",\"potentialAction\":[{\"@type\":\"ReadAction\",\"target\":[\"https:\\\/\\\/paragaleriedetalborjt.com\\\/boutique\\\/eucerin-aquaphor-reparateur-levres-sos-10-ml\\\/\"]}]},{\"@type\":\"ImageObject\",\"inLanguage\":\"en-US\",\"@id\":\"https:\\\/\\\/paragaleriedetalborjt.com\\\/boutique\\\/eucerin-aquaphor-reparateur-levres-sos-10-ml\\\/#primaryimage\",\"url\":\"https:\\\/\\\/paragaleriedetalborjt.com\\\/wp-content\\\/uploads\\\/2026\\\/01\\\/1-18-600x600-1.jpg\",\"contentUrl\":\"https:\\\/\\\/paragaleriedetalborjt.com\\\/wp-content\\\/uploads\\\/2026\\\/01\\\/1-18-600x600-1.jpg\",\"width\":600,\"height\":600},{\"@type\":\"BreadcrumbList\",\"@id\":\"https:\\\/\\\/paragaleriedetalborjt.com\\\/boutique\\\/eucerin-aquaphor-reparateur-levres-sos-10-ml\\\/#breadcrumb\",\"itemListElement\":[{\"@type\":\"ListItem\",\"position\":1,\"name\":\"Accueil\",\"item\":\"https:\\\/\\\/paragaleriedetalborjt.com\\\/\"},{\"@type\":\"ListItem\",\"position\":2,\"name\":\"Boutique\",\"item\":\"https:\\\/\\\/paragaleriedetalborjt.com\\\/boutique\\\/\"},{\"@type\":\"ListItem\",\"position\":3,\"name\":\"EUCERIN AQUAPHOR REPARATEUR L\u00c8VRES SOS 10 ML\"}]},{\"@type\":\"WebSite\",\"@id\":\"https:\\\/\\\/paragaleriedetalborjt.com\\\/#website\",\"url\":\"https:\\\/\\\/paragaleriedetalborjt.com\\\/\",\"name\":\"paragaleriedetalborjt\",\"description\":\"\",\"potentialAction\":[{\"@type\":\"SearchAction\",\"target\":{\"@type\":\"EntryPoint\",\"urlTemplate\":\"https:\\\/\\\/paragaleriedetalborjt.com\\\/?s={search_term_string}\"},\"query-input\":{\"@type\":\"PropertyValueSpecification\",\"valueRequired\":true,\"valueName\":\"search_term_string\"}}],\"inLanguage\":\"en-US\"}]}<\/script>\n<!-- \/ Yoast SEO plugin. -->","yoast_head_json":{"title":"EUCERIN AQUAPHOR REPARATEUR L\u00c8VRES SOS 10 ML - paragaleriedetalborjt","robots":{"index":"index","follow":"follow","max-snippet":"max-snippet:-1","max-image-preview":"max-image-preview:large","max-video-preview":"max-video-preview:-1"},"canonical":"https:\/\/paragaleriedetalborjt.com\/en\/boutique\/eucerin-aquaphor-reparateur-levres-sos-10-ml\/","og_locale":"en_US","og_type":"article","og_title":"EUCERIN AQUAPHOR REPARATEUR L\u00c8VRES SOS 10 ML - paragaleriedetalborjt","og_description":"Highlights:EUCERIN Aquaphor. R\u00e9parateur l\u00e8vres SOS \u2013 10ml.Eucerin Aquaphor R\u00e9parateur L\u00e8vres SOS apaise les l\u00e8vres en 60 secondes. Il est cliniquement prouv\u00e9 pour r\u00e9parer et apaiser les l\u00e8vres s\u00e8ches, craquel\u00e9es et cr\u00e9e une barri\u00e8re de protection id\u00e9ale. Ce baume \u00e0 l\u00e8vres favorise la r\u00e9g\u00e9n\u00e9ration rapide de la peau des l\u00e8vres, pour des l\u00e8vres douces et souples. Non parfum\u00e9 et sans conservateur. Convient aux enfants de trois ans et plus.","og_url":"https:\/\/paragaleriedetalborjt.com\/en\/boutique\/eucerin-aquaphor-reparateur-levres-sos-10-ml\/","og_site_name":"paragaleriedetalborjt","og_image":[{"width":600,"height":600,"url":"https:\/\/paragaleriedetalborjt.com\/wp-content\/uploads\/2026\/01\/1-18-600x600-1.jpg","type":"image\/jpeg"}],"twitter_card":"summary_large_image","twitter_misc":{"Est. reading time":"1 minute"},"schema":{"@context":"https:\/\/schema.org","@graph":[{"@type":"WebPage","@id":"https:\/\/paragaleriedetalborjt.com\/boutique\/eucerin-aquaphor-reparateur-levres-sos-10-ml\/","url":"https:\/\/paragaleriedetalborjt.com\/boutique\/eucerin-aquaphor-reparateur-levres-sos-10-ml\/","name":"EUCERIN AQUAPHOR REPARATEUR L\u00c8VRES SOS 10 ML - paragaleriedetalborjt","isPartOf":{"@id":"https:\/\/paragaleriedetalborjt.com\/#website"},"primaryImageOfPage":{"@id":"https:\/\/paragaleriedetalborjt.com\/boutique\/eucerin-aquaphor-reparateur-levres-sos-10-ml\/#primaryimage"},"image":{"@id":"https:\/\/paragaleriedetalborjt.com\/boutique\/eucerin-aquaphor-reparateur-levres-sos-10-ml\/#primaryimage"},"thumbnailUrl":"https:\/\/paragaleriedetalborjt.com\/wp-content\/uploads\/2026\/01\/1-18-600x600-1.jpg","datePublished":"2026-01-03T15:56:52+00:00","breadcrumb":{"@id":"https:\/\/paragaleriedetalborjt.com\/boutique\/eucerin-aquaphor-reparateur-levres-sos-10-ml\/#breadcrumb"},"inLanguage":"en-US","potentialAction":[{"@type":"ReadAction","target":["https:\/\/paragaleriedetalborjt.com\/boutique\/eucerin-aquaphor-reparateur-levres-sos-10-ml\/"]}]},{"@type":"ImageObject","inLanguage":"en-US","@id":"https:\/\/paragaleriedetalborjt.com\/boutique\/eucerin-aquaphor-reparateur-levres-sos-10-ml\/#primaryimage","url":"https:\/\/paragaleriedetalborjt.com\/wp-content\/uploads\/2026\/01\/1-18-600x600-1.jpg","contentUrl":"https:\/\/paragaleriedetalborjt.com\/wp-content\/uploads\/2026\/01\/1-18-600x600-1.jpg","width":600,"height":600},{"@type":"BreadcrumbList","@id":"https:\/\/paragaleriedetalborjt.com\/boutique\/eucerin-aquaphor-reparateur-levres-sos-10-ml\/#breadcrumb","itemListElement":[{"@type":"ListItem","position":1,"name":"Accueil","item":"https:\/\/paragaleriedetalborjt.com\/"},{"@type":"ListItem","position":2,"name":"Boutique","item":"https:\/\/paragaleriedetalborjt.com\/boutique\/"},{"@type":"ListItem","position":3,"name":"EUCERIN AQUAPHOR REPARATEUR L\u00c8VRES SOS 10 ML"}]},{"@type":"WebSite","@id":"https:\/\/paragaleriedetalborjt.com\/#website","url":"https:\/\/paragaleriedetalborjt.com\/","name":"paragaleriedetalborjt","description":"","potentialAction":[{"@type":"SearchAction","target":{"@type":"EntryPoint","urlTemplate":"https:\/\/paragaleriedetalborjt.com\/?s={search_term_string}"},"query-input":{"@type":"PropertyValueSpecification","valueRequired":true,"valueName":"search_term_string"}}],"inLanguage":"en-US"}]}},"brands":[],"_links":{"self":[{"href":"https:\/\/paragaleriedetalborjt.com\/en\/wp-json\/wp\/v2\/product\/38159","targetHints":{"allow":["GET"]}}],"collection":[{"href":"https:\/\/paragaleriedetalborjt.com\/en\/wp-json\/wp\/v2\/product"}],"about":[{"href":"https:\/\/paragaleriedetalborjt.com\/en\/wp-json\/wp\/v2\/types\/product"}],"replies":[{"embeddable":true,"href":"https:\/\/paragaleriedetalborjt.com\/en\/wp-json\/wp\/v2\/comments?post=38159"}],"version-history":[{"count":1,"href":"https:\/\/paragaleriedetalborjt.com\/en\/wp-json\/wp\/v2\/product\/38159\/revisions"}],"predecessor-version":[{"id":38161,"href":"https:\/\/paragaleriedetalborjt.com\/en\/wp-json\/wp\/v2\/product\/38159\/revisions\/38161"}],"wp:featuredmedia":[{"embeddable":true,"href":"https:\/\/paragaleriedetalborjt.com\/en\/wp-json\/wp\/v2\/media\/38160"}],"wp:attachment":[{"href":"https:\/\/paragaleriedetalborjt.com\/en\/wp-json\/wp\/v2\/media?parent=38159"}],"wp:term":[{"taxonomy":"pwb-brand","embeddable":true,"href":"https:\/\/paragaleriedetalborjt.com\/en\/wp-json\/wp\/v2\/pwb-brand?post=38159"},{"taxonomy":"product_cat","embeddable":true,"href":"https:\/\/paragaleriedetalborjt.com\/en\/wp-json\/wp\/v2\/product_cat?post=38159"},{"taxonomy":"product_tag","embeddable":true,"href":"https:\/\/paragaleriedetalborjt.com\/en\/wp-json\/wp\/v2\/product_tag?post=38159"}],"curies":[{"name":"wp","href":"https:\/\/api.w.org\/{rel}","templated":true}]}}