{"id":38123,"date":"2026-01-03T16:55:54","date_gmt":"2026-01-03T15:55:54","guid":{"rendered":"https:\/\/paragaleriedetalborjt.com\/?post_type=product&#038;p=38123"},"modified":"2026-01-03T16:55:54","modified_gmt":"2026-01-03T15:55:54","slug":"cerave-gel-creme-hydratant-oil-control-visage-52-ml","status":"publish","type":"product","link":"https:\/\/paragaleriedetalborjt.com\/en\/boutique\/cerave-gel-creme-hydratant-oil-control-visage-52-ml\/","title":{"rendered":"Cerave Gel-Cr\u00e8me Hydratant Oil Control Visage 52 ml"},"content":{"rendered":"<div aria-labelledby=\"tab-title-description\" class=\"woocommerce-Tabs-panel woocommerce-Tabs-panel--description panel entry-content wc-tab\" id=\"tab-description\" role=\"tabpanel\" style=\"\">\n<h2>Description<\/h2>\n<p class=\"product-details__main-benefit\">Gel-Cr\u00e8me Hydratant Oil Control Visage pour les peaux mixtes \u00e0 grasses<\/p>\n<div class=\"product-details__description\">\n<p>D\u00e9velopp\u00e9e avec des dermatologues, le Gel-Cr\u00e8me Hydratant Oil Control Visage CeraVe matifie, r\u00e9\u00e9quilibre et hydrate la peau au quotidien.<\/p>\n<p>Ce soin visage et cou enrichi aux 3 c\u00e9ramides essentiels naturellement pr\u00e9sents dans la peau et \u00e0 l\u2019acide hyaluronique restaure la barri\u00e8re cutan\u00e9e. Au niacinamide, actif anti-inflammatoire pour apaiser la peau. La Technologie MVE\u00ae, v\u00e9ritable prouesse technique et scientifique, contenu dans le Gel-Cr\u00e8me Hydratant Oil Control permet d\u2019encapsuler les actifs et de les diffuser de mani\u00e8re prolong\u00e9e dans la peau pour une hydratation toute la journ\u00e9e.<\/p>\n<p>Formules id\u00e9ale pour les peaux mixtes \u00e0 grasses. Sans parfum. Hypoallerg\u00e9nique. Non com\u00e9dog\u00e8ne. Texture l\u00e9g\u00e8re non collante.<\/p>\n<div class=\"product-details__accordions\">\n<div class=\"accordion\">\n<div class=\"accordion__title\">\n<p><strong>Ingr\u00e9dients<\/strong><\/p>\n<div class=\"icon-trigger icon-trigger--turn\"><\/div>\n<\/div>\n<div class=\"accordion__content\" id=\"accordion-ingredients-9824\">\n<p>2021650 31 \u2013 INGREDIENTS: AQUA \/ WATER \u2022 NIACINAMIDE \u2022 GLYCERIN \u2022 CETEARYL ISONONANOATE \u2022 C14-22 ALCOHOLS \u2022 ISOPROPYL MYRISTATE \u2022 ZEA MAYS STARCH \/ CORN STARCH \u2022 CERAMIDE NP \u2022 CERAMIDE AP \u2022 CERAMIDE EOP \u2022 CARBOMER \u2022 CETEARYL ALCOHOL \u2022 BEHENTRIMONIUM METHOSULFATE \u2022 TRIETHYL CITRATE \u2022 SILICA \u2022 SODIUM HYDROXIDE \u2022 SODIUM HYALURONATE \u2022 SODIUM LAUROYL LACTYLATE \u2022 CHOLESTEROL \u2022 PHENOXYETHANOL \u2022 CITRIC ACID \u2022 CAPRYLYL GLYCOL \u2022 TRISODIUM ETHYLENEDIAMINE DISUCCINATE \u2022 XANTHAN GUM \u2022 PHYTOSPHINGOSINE \u2022 POLYACRYLATE CROSSPOLYMER-6 \u2022 BENZOIC ACID \u2022 C12-20 ALKYL GLUCOSIDE (F.I.L. Z70040235\/1)<\/p>\n<div class=\"accordion\">\n<div class=\"accordion__title\">\n<p><strong>B\u00e9n\u00e9fices<\/strong><\/p>\n<div class=\"icon-trigger icon-trigger--turn\"><\/div>\n<\/div>\n<div class=\"accordion__content\" id=\"accordion-benefices-3187\">Cette formule est :<\/p>\n<ul>\n<li>Id\u00e9ale pour les peaux peaux mixtes \u00e0 grasses<\/li>\n<li>Sans parfum, hypoallerg\u00e9nique, non com\u00e9dog\u00e8ne et sa texture est l\u00e9g\u00e8re non collante<\/li>\n<li>D\u00e9velopp\u00e9e avec des dermatologues<\/li>\n<\/ul>\n<p>Cette formule contient :<\/p>\n<ul>\n<li>Niacinamide : actif anti-inflammatoire pour apaiser la peau<\/li>\n<li>Technologie MVE\u00ae : diffusion prolong\u00e9e des actifs pour une hydratation continue toute la journ\u00e9e<\/li>\n<li>Enrichie aux 3 c\u00e9ramides essentiels et \u00e0 l\u2019acide hyaluronique : pour restaurer la barri\u00e8re cutan\u00e9e\n<div class=\"accordion__content\" id=\"accordion-comment-utiliser-5298\"><\/div>\n<div class=\"accordion__title\">\n<p><strong>Comment utiliser<\/strong><\/p>\n<div class=\"icon-trigger icon-trigger--turn\"><\/div>\n<\/div>\n<div class=\"accordion__content\" id=\"accordion-comment-utiliser-5298\">\n<ul>\n<li>Appliquer g\u00e9n\u00e9reusement sur le visage et le cou tous les jours.<\/li>\n<li>\u00c9viter le contact direct avec les yeux. En cas de contact, rincer abondamment \u00e0 l\u2019eau.<\/li>\n<li>Le matin, appliquer ensuite un \u00e9cran solaire \u00e0 large spectre<\/li>\n<\/ul>\n<\/div>\n<\/li>\n<\/ul>\n<\/div>\n<\/div>\n<\/div>\n<\/div>\n<\/div>\n<\/div>\n<\/div>","protected":false},"excerpt":{"rendered":"<p>Highlights:Gel-Cr\u00e8me Hydratant Oil Control Visage pour les peaux mixtes \u00e0 grassesPOUR LES PEAUX MIXTES \u00c0 GRASSESSANS PARFUM, HYPOALLERG\u00c9NIQUE, NON COM\u00c9DOG\u00c8NE<\/p>","protected":false},"featured_media":38124,"comment_status":"open","ping_status":"closed","template":"","meta":[],"pwb-brand":[],"product_cat":[16],"product_tag":[],"class_list":{"0":"post-38123","1":"product","2":"type-product","3":"status-publish","4":"has-post-thumbnail","6":"product_cat-non-classe","7":"pa_brands-cerave","9":"first","10":"instock","11":"sale","12":"shipping-taxable","13":"purchasable","14":"product-type-simple"},"yoast_head":"<!-- This site is optimized with the Yoast SEO plugin v26.9 - https:\/\/yoast.com\/product\/yoast-seo-wordpress\/ -->\n<title>Cerave Gel-Cr\u00e8me Hydratant Oil Control Visage 52 ml - paragaleriedetalborjt<\/title>\n<meta name=\"robots\" content=\"index, follow, max-snippet:-1, max-image-preview:large, max-video-preview:-1\" \/>\n<link rel=\"canonical\" href=\"https:\/\/paragaleriedetalborjt.com\/en\/boutique\/cerave-gel-creme-hydratant-oil-control-visage-52-ml\/\" \/>\n<meta property=\"og:locale\" content=\"en_US\" \/>\n<meta property=\"og:type\" content=\"article\" \/>\n<meta property=\"og:title\" content=\"Cerave Gel-Cr\u00e8me Hydratant Oil Control Visage 52 ml - paragaleriedetalborjt\" \/>\n<meta property=\"og:description\" content=\"Highlights:Gel-Cr\u00e8me Hydratant Oil Control Visage pour les peaux mixtes \u00e0 grassesPOUR LES PEAUX MIXTES \u00c0 GRASSESSANS PARFUM, HYPOALLERG\u00c9NIQUE, NON COM\u00c9DOG\u00c8NE\" \/>\n<meta property=\"og:url\" content=\"https:\/\/paragaleriedetalborjt.com\/en\/boutique\/cerave-gel-creme-hydratant-oil-control-visage-52-ml\/\" \/>\n<meta property=\"og:site_name\" content=\"paragaleriedetalborjt\" \/>\n<meta property=\"og:image\" content=\"https:\/\/paragaleriedetalborjt.com\/wp-content\/uploads\/2026\/01\/Cerave-gel-creme-hydratant-oil-Control-Pmg-52ml-600x600-1.jpg\" \/>\n\t<meta property=\"og:image:width\" content=\"600\" \/>\n\t<meta property=\"og:image:height\" content=\"600\" \/>\n\t<meta property=\"og:image:type\" content=\"image\/jpeg\" \/>\n<meta name=\"twitter:card\" content=\"summary_large_image\" \/>\n<meta name=\"twitter:label1\" content=\"Est. reading time\" \/>\n\t<meta name=\"twitter:data1\" content=\"2 minutes\" \/>\n<script type=\"application\/ld+json\" class=\"yoast-schema-graph\">{\"@context\":\"https:\/\/schema.org\",\"@graph\":[{\"@type\":\"WebPage\",\"@id\":\"https:\/\/paragaleriedetalborjt.com\/boutique\/cerave-gel-creme-hydratant-oil-control-visage-52-ml\/\",\"url\":\"https:\/\/paragaleriedetalborjt.com\/boutique\/cerave-gel-creme-hydratant-oil-control-visage-52-ml\/\",\"name\":\"Cerave Gel-Cr\u00e8me Hydratant Oil Control Visage 52 ml - paragaleriedetalborjt\",\"isPartOf\":{\"@id\":\"https:\/\/paragaleriedetalborjt.com\/#website\"},\"primaryImageOfPage\":{\"@id\":\"https:\/\/paragaleriedetalborjt.com\/boutique\/cerave-gel-creme-hydratant-oil-control-visage-52-ml\/#primaryimage\"},\"image\":{\"@id\":\"https:\/\/paragaleriedetalborjt.com\/boutique\/cerave-gel-creme-hydratant-oil-control-visage-52-ml\/#primaryimage\"},\"thumbnailUrl\":\"https:\/\/paragaleriedetalborjt.com\/wp-content\/uploads\/2026\/01\/Cerave-gel-creme-hydratant-oil-Control-Pmg-52ml-600x600-1.jpg\",\"datePublished\":\"2026-01-03T15:55:54+00:00\",\"breadcrumb\":{\"@id\":\"https:\/\/paragaleriedetalborjt.com\/boutique\/cerave-gel-creme-hydratant-oil-control-visage-52-ml\/#breadcrumb\"},\"inLanguage\":\"en-US\",\"potentialAction\":[{\"@type\":\"ReadAction\",\"target\":[\"https:\/\/paragaleriedetalborjt.com\/boutique\/cerave-gel-creme-hydratant-oil-control-visage-52-ml\/\"]}]},{\"@type\":\"ImageObject\",\"inLanguage\":\"en-US\",\"@id\":\"https:\/\/paragaleriedetalborjt.com\/boutique\/cerave-gel-creme-hydratant-oil-control-visage-52-ml\/#primaryimage\",\"url\":\"https:\/\/paragaleriedetalborjt.com\/wp-content\/uploads\/2026\/01\/Cerave-gel-creme-hydratant-oil-Control-Pmg-52ml-600x600-1.jpg\",\"contentUrl\":\"https:\/\/paragaleriedetalborjt.com\/wp-content\/uploads\/2026\/01\/Cerave-gel-creme-hydratant-oil-Control-Pmg-52ml-600x600-1.jpg\",\"width\":600,\"height\":600},{\"@type\":\"BreadcrumbList\",\"@id\":\"https:\/\/paragaleriedetalborjt.com\/boutique\/cerave-gel-creme-hydratant-oil-control-visage-52-ml\/#breadcrumb\",\"itemListElement\":[{\"@type\":\"ListItem\",\"position\":1,\"name\":\"Accueil\",\"item\":\"https:\/\/paragaleriedetalborjt.com\/\"},{\"@type\":\"ListItem\",\"position\":2,\"name\":\"Boutique\",\"item\":\"https:\/\/paragaleriedetalborjt.com\/boutique\/\"},{\"@type\":\"ListItem\",\"position\":3,\"name\":\"Cerave Gel-Cr\u00e8me Hydratant Oil Control Visage 52 ml\"}]},{\"@type\":\"WebSite\",\"@id\":\"https:\/\/paragaleriedetalborjt.com\/#website\",\"url\":\"https:\/\/paragaleriedetalborjt.com\/\",\"name\":\"paragaleriedetalborjt\",\"description\":\"\",\"potentialAction\":[{\"@type\":\"SearchAction\",\"target\":{\"@type\":\"EntryPoint\",\"urlTemplate\":\"https:\/\/paragaleriedetalborjt.com\/?s={search_term_string}\"},\"query-input\":{\"@type\":\"PropertyValueSpecification\",\"valueRequired\":true,\"valueName\":\"search_term_string\"}}],\"inLanguage\":\"en-US\"}]}<\/script>\n<!-- \/ Yoast SEO plugin. -->","yoast_head_json":{"title":"Cerave Gel-Cr\u00e8me Hydratant Oil Control Visage 52 ml - paragaleriedetalborjt","robots":{"index":"index","follow":"follow","max-snippet":"max-snippet:-1","max-image-preview":"max-image-preview:large","max-video-preview":"max-video-preview:-1"},"canonical":"https:\/\/paragaleriedetalborjt.com\/en\/boutique\/cerave-gel-creme-hydratant-oil-control-visage-52-ml\/","og_locale":"en_US","og_type":"article","og_title":"Cerave Gel-Cr\u00e8me Hydratant Oil Control Visage 52 ml - paragaleriedetalborjt","og_description":"Highlights:Gel-Cr\u00e8me Hydratant Oil Control Visage pour les peaux mixtes \u00e0 grassesPOUR LES PEAUX MIXTES \u00c0 GRASSESSANS PARFUM, HYPOALLERG\u00c9NIQUE, NON COM\u00c9DOG\u00c8NE","og_url":"https:\/\/paragaleriedetalborjt.com\/en\/boutique\/cerave-gel-creme-hydratant-oil-control-visage-52-ml\/","og_site_name":"paragaleriedetalborjt","og_image":[{"width":600,"height":600,"url":"https:\/\/paragaleriedetalborjt.com\/wp-content\/uploads\/2026\/01\/Cerave-gel-creme-hydratant-oil-Control-Pmg-52ml-600x600-1.jpg","type":"image\/jpeg"}],"twitter_card":"summary_large_image","twitter_misc":{"Est. reading time":"2 minutes"},"schema":{"@context":"https:\/\/schema.org","@graph":[{"@type":"WebPage","@id":"https:\/\/paragaleriedetalborjt.com\/boutique\/cerave-gel-creme-hydratant-oil-control-visage-52-ml\/","url":"https:\/\/paragaleriedetalborjt.com\/boutique\/cerave-gel-creme-hydratant-oil-control-visage-52-ml\/","name":"Cerave Gel-Cr\u00e8me Hydratant Oil Control Visage 52 ml - paragaleriedetalborjt","isPartOf":{"@id":"https:\/\/paragaleriedetalborjt.com\/#website"},"primaryImageOfPage":{"@id":"https:\/\/paragaleriedetalborjt.com\/boutique\/cerave-gel-creme-hydratant-oil-control-visage-52-ml\/#primaryimage"},"image":{"@id":"https:\/\/paragaleriedetalborjt.com\/boutique\/cerave-gel-creme-hydratant-oil-control-visage-52-ml\/#primaryimage"},"thumbnailUrl":"https:\/\/paragaleriedetalborjt.com\/wp-content\/uploads\/2026\/01\/Cerave-gel-creme-hydratant-oil-Control-Pmg-52ml-600x600-1.jpg","datePublished":"2026-01-03T15:55:54+00:00","breadcrumb":{"@id":"https:\/\/paragaleriedetalborjt.com\/boutique\/cerave-gel-creme-hydratant-oil-control-visage-52-ml\/#breadcrumb"},"inLanguage":"en-US","potentialAction":[{"@type":"ReadAction","target":["https:\/\/paragaleriedetalborjt.com\/boutique\/cerave-gel-creme-hydratant-oil-control-visage-52-ml\/"]}]},{"@type":"ImageObject","inLanguage":"en-US","@id":"https:\/\/paragaleriedetalborjt.com\/boutique\/cerave-gel-creme-hydratant-oil-control-visage-52-ml\/#primaryimage","url":"https:\/\/paragaleriedetalborjt.com\/wp-content\/uploads\/2026\/01\/Cerave-gel-creme-hydratant-oil-Control-Pmg-52ml-600x600-1.jpg","contentUrl":"https:\/\/paragaleriedetalborjt.com\/wp-content\/uploads\/2026\/01\/Cerave-gel-creme-hydratant-oil-Control-Pmg-52ml-600x600-1.jpg","width":600,"height":600},{"@type":"BreadcrumbList","@id":"https:\/\/paragaleriedetalborjt.com\/boutique\/cerave-gel-creme-hydratant-oil-control-visage-52-ml\/#breadcrumb","itemListElement":[{"@type":"ListItem","position":1,"name":"Accueil","item":"https:\/\/paragaleriedetalborjt.com\/"},{"@type":"ListItem","position":2,"name":"Boutique","item":"https:\/\/paragaleriedetalborjt.com\/boutique\/"},{"@type":"ListItem","position":3,"name":"Cerave Gel-Cr\u00e8me Hydratant Oil Control Visage 52 ml"}]},{"@type":"WebSite","@id":"https:\/\/paragaleriedetalborjt.com\/#website","url":"https:\/\/paragaleriedetalborjt.com\/","name":"paragaleriedetalborjt","description":"","potentialAction":[{"@type":"SearchAction","target":{"@type":"EntryPoint","urlTemplate":"https:\/\/paragaleriedetalborjt.com\/?s={search_term_string}"},"query-input":{"@type":"PropertyValueSpecification","valueRequired":true,"valueName":"search_term_string"}}],"inLanguage":"en-US"}]}},"brands":[],"_links":{"self":[{"href":"https:\/\/paragaleriedetalborjt.com\/en\/wp-json\/wp\/v2\/product\/38123","targetHints":{"allow":["GET"]}}],"collection":[{"href":"https:\/\/paragaleriedetalborjt.com\/en\/wp-json\/wp\/v2\/product"}],"about":[{"href":"https:\/\/paragaleriedetalborjt.com\/en\/wp-json\/wp\/v2\/types\/product"}],"replies":[{"embeddable":true,"href":"https:\/\/paragaleriedetalborjt.com\/en\/wp-json\/wp\/v2\/comments?post=38123"}],"version-history":[{"count":1,"href":"https:\/\/paragaleriedetalborjt.com\/en\/wp-json\/wp\/v2\/product\/38123\/revisions"}],"predecessor-version":[{"id":38125,"href":"https:\/\/paragaleriedetalborjt.com\/en\/wp-json\/wp\/v2\/product\/38123\/revisions\/38125"}],"wp:featuredmedia":[{"embeddable":true,"href":"https:\/\/paragaleriedetalborjt.com\/en\/wp-json\/wp\/v2\/media\/38124"}],"wp:attachment":[{"href":"https:\/\/paragaleriedetalborjt.com\/en\/wp-json\/wp\/v2\/media?parent=38123"}],"wp:term":[{"taxonomy":"pwb-brand","embeddable":true,"href":"https:\/\/paragaleriedetalborjt.com\/en\/wp-json\/wp\/v2\/pwb-brand?post=38123"},{"taxonomy":"product_cat","embeddable":true,"href":"https:\/\/paragaleriedetalborjt.com\/en\/wp-json\/wp\/v2\/product_cat?post=38123"},{"taxonomy":"product_tag","embeddable":true,"href":"https:\/\/paragaleriedetalborjt.com\/en\/wp-json\/wp\/v2\/product_tag?post=38123"}],"curies":[{"name":"wp","href":"https:\/\/api.w.org\/{rel}","templated":true}]}}