{"id":38087,"date":"2026-01-03T16:54:52","date_gmt":"2026-01-03T15:54:52","guid":{"rendered":"https:\/\/paragaleriedetalborjt.com\/?post_type=product&#038;p=38087"},"modified":"2026-01-03T16:54:52","modified_gmt":"2026-01-03T15:54:52","slug":"the-ordinary-acide-hyaluronique-2-b5-30ml","status":"publish","type":"product","link":"https:\/\/paragaleriedetalborjt.com\/en\/boutique\/the-ordinary-acide-hyaluronique-2-b5-30ml\/","title":{"rendered":"The Ordinary Acide Hyaluronique 2% + B5 30ml"},"content":{"rendered":"<div aria-labelledby=\"tab-title-description\" class=\"woocommerce-Tabs-panel woocommerce-Tabs-panel--description panel entry-content wc-tab\" id=\"tab-description\" role=\"tabpanel\" style=\"\">\n<h2>Description<\/h2>\n<p>Cette formule contient 3 poids mol\u00e9culaires d\u2019Acide Hyaluronique (haut, moyen et bas), ainsi qu\u2019un polym\u00e8re r\u00e9ticul\u00e9 d\u2019Acide Hyaluronique de nouvelle g\u00e9n\u00e9ration, offrant une hydratation multicouche (en surface et en profondeur), sans huile. Cette concentration de 2% d\u2019Acide Hyaluronique est soutenue par la pr\u00e9sence de Vitamine B5 qui renforce l\u2019hydratation de la surface de la peau.<\/p>\n<p><strong>Conseils d\u2019utilisation :<\/strong><\/p>\n<p>Appliquer quelques gouttes sur le visage matin et soir avant les cre\u0300mes.<\/p>\n<p>En cas d\u2019irritation, cesser l\u2019utilisation et consulter un me\u0301decin. Utiliser uniquement conforme\u0301ment au mode d\u2019emploi sur une peau intacte. Il est conseille\u0301 d\u2019effectuer un test cutane\u0301 avant l\u2019utilisation.<\/p>\n<\/div>","protected":false},"excerpt":{"rendered":"<p>Highlights:Une formule\u00a0vegan\u00a0hydratante \u00e0 base d\u2019Acide Hyaluronique ultra-pur. Le poids mol\u00e9culaire de l\u2019Acide Hyaluronique d\u00e9termine sa capacit\u00e9 \u00e0 agir en profondeur dans la peau.<\/p>","protected":false},"featured_media":38088,"comment_status":"open","ping_status":"closed","template":"","meta":[],"pwb-brand":[],"product_cat":[16],"product_tag":[],"class_list":{"0":"post-38087","1":"product","2":"type-product","3":"status-publish","4":"has-post-thumbnail","6":"product_cat-non-classe","7":"pa_brands-the-ordinary","9":"first","10":"instock","11":"sale","12":"shipping-taxable","13":"purchasable","14":"product-type-simple"},"yoast_head":"<!-- This site is optimized with the Yoast SEO plugin v27.5 - https:\/\/yoast.com\/product\/yoast-seo-wordpress\/ -->\n<title>The Ordinary Acide Hyaluronique 2% + B5 30ml - paragaleriedetalborjt<\/title>\n<meta name=\"robots\" content=\"index, follow, max-snippet:-1, max-image-preview:large, max-video-preview:-1\" \/>\n<link rel=\"canonical\" href=\"https:\/\/paragaleriedetalborjt.com\/en\/boutique\/the-ordinary-acide-hyaluronique-2-b5-30ml\/\" \/>\n<meta property=\"og:locale\" content=\"en_US\" \/>\n<meta property=\"og:type\" content=\"article\" \/>\n<meta property=\"og:title\" content=\"The Ordinary Acide Hyaluronique 2% + B5 30ml - paragaleriedetalborjt\" \/>\n<meta property=\"og:description\" content=\"Highlights:Une formule\u00a0vegan\u00a0hydratante \u00e0 base d\u2019Acide Hyaluronique ultra-pur. Le poids mol\u00e9culaire de l\u2019Acide Hyaluronique d\u00e9termine sa capacit\u00e9 \u00e0 agir en profondeur dans la peau.\" \/>\n<meta property=\"og:url\" content=\"https:\/\/paragaleriedetalborjt.com\/en\/boutique\/the-ordinary-acide-hyaluronique-2-b5-30ml\/\" \/>\n<meta property=\"og:site_name\" content=\"paragaleriedetalborjt\" \/>\n<meta property=\"og:image\" content=\"https:\/\/paragaleriedetalborjt.com\/wp-content\/uploads\/2026\/01\/THE-ORDINARY-Acide-Hyaluronique-2-B5.jpg\" \/>\n\t<meta property=\"og:image:width\" content=\"594\" \/>\n\t<meta property=\"og:image:height\" content=\"654\" \/>\n\t<meta property=\"og:image:type\" content=\"image\/jpeg\" \/>\n<meta name=\"twitter:card\" content=\"summary_large_image\" \/>\n<meta name=\"twitter:label1\" content=\"Est. reading time\" \/>\n\t<meta name=\"twitter:data1\" content=\"1 minute\" \/>\n<script type=\"application\/ld+json\" class=\"yoast-schema-graph\">{\"@context\":\"https:\\\/\\\/schema.org\",\"@graph\":[{\"@type\":\"WebPage\",\"@id\":\"https:\\\/\\\/paragaleriedetalborjt.com\\\/boutique\\\/the-ordinary-acide-hyaluronique-2-b5-30ml\\\/\",\"url\":\"https:\\\/\\\/paragaleriedetalborjt.com\\\/boutique\\\/the-ordinary-acide-hyaluronique-2-b5-30ml\\\/\",\"name\":\"The Ordinary Acide Hyaluronique 2% + B5 30ml - paragaleriedetalborjt\",\"isPartOf\":{\"@id\":\"https:\\\/\\\/paragaleriedetalborjt.com\\\/#website\"},\"primaryImageOfPage\":{\"@id\":\"https:\\\/\\\/paragaleriedetalborjt.com\\\/boutique\\\/the-ordinary-acide-hyaluronique-2-b5-30ml\\\/#primaryimage\"},\"image\":{\"@id\":\"https:\\\/\\\/paragaleriedetalborjt.com\\\/boutique\\\/the-ordinary-acide-hyaluronique-2-b5-30ml\\\/#primaryimage\"},\"thumbnailUrl\":\"https:\\\/\\\/paragaleriedetalborjt.com\\\/wp-content\\\/uploads\\\/2026\\\/01\\\/THE-ORDINARY-Acide-Hyaluronique-2-B5.jpg\",\"datePublished\":\"2026-01-03T15:54:52+00:00\",\"breadcrumb\":{\"@id\":\"https:\\\/\\\/paragaleriedetalborjt.com\\\/boutique\\\/the-ordinary-acide-hyaluronique-2-b5-30ml\\\/#breadcrumb\"},\"inLanguage\":\"en-US\",\"potentialAction\":[{\"@type\":\"ReadAction\",\"target\":[\"https:\\\/\\\/paragaleriedetalborjt.com\\\/boutique\\\/the-ordinary-acide-hyaluronique-2-b5-30ml\\\/\"]}]},{\"@type\":\"ImageObject\",\"inLanguage\":\"en-US\",\"@id\":\"https:\\\/\\\/paragaleriedetalborjt.com\\\/boutique\\\/the-ordinary-acide-hyaluronique-2-b5-30ml\\\/#primaryimage\",\"url\":\"https:\\\/\\\/paragaleriedetalborjt.com\\\/wp-content\\\/uploads\\\/2026\\\/01\\\/THE-ORDINARY-Acide-Hyaluronique-2-B5.jpg\",\"contentUrl\":\"https:\\\/\\\/paragaleriedetalborjt.com\\\/wp-content\\\/uploads\\\/2026\\\/01\\\/THE-ORDINARY-Acide-Hyaluronique-2-B5.jpg\",\"width\":594,\"height\":654},{\"@type\":\"BreadcrumbList\",\"@id\":\"https:\\\/\\\/paragaleriedetalborjt.com\\\/boutique\\\/the-ordinary-acide-hyaluronique-2-b5-30ml\\\/#breadcrumb\",\"itemListElement\":[{\"@type\":\"ListItem\",\"position\":1,\"name\":\"Accueil\",\"item\":\"https:\\\/\\\/paragaleriedetalborjt.com\\\/\"},{\"@type\":\"ListItem\",\"position\":2,\"name\":\"Boutique\",\"item\":\"https:\\\/\\\/paragaleriedetalborjt.com\\\/boutique\\\/\"},{\"@type\":\"ListItem\",\"position\":3,\"name\":\"The Ordinary Acide Hyaluronique 2% + B5 30ml\"}]},{\"@type\":\"WebSite\",\"@id\":\"https:\\\/\\\/paragaleriedetalborjt.com\\\/#website\",\"url\":\"https:\\\/\\\/paragaleriedetalborjt.com\\\/\",\"name\":\"paragaleriedetalborjt\",\"description\":\"\",\"potentialAction\":[{\"@type\":\"SearchAction\",\"target\":{\"@type\":\"EntryPoint\",\"urlTemplate\":\"https:\\\/\\\/paragaleriedetalborjt.com\\\/?s={search_term_string}\"},\"query-input\":{\"@type\":\"PropertyValueSpecification\",\"valueRequired\":true,\"valueName\":\"search_term_string\"}}],\"inLanguage\":\"en-US\"}]}<\/script>\n<!-- \/ Yoast SEO plugin. -->","yoast_head_json":{"title":"The Ordinary Acide Hyaluronique 2% + B5 30ml - paragaleriedetalborjt","robots":{"index":"index","follow":"follow","max-snippet":"max-snippet:-1","max-image-preview":"max-image-preview:large","max-video-preview":"max-video-preview:-1"},"canonical":"https:\/\/paragaleriedetalborjt.com\/en\/boutique\/the-ordinary-acide-hyaluronique-2-b5-30ml\/","og_locale":"en_US","og_type":"article","og_title":"The Ordinary Acide Hyaluronique 2% + B5 30ml - paragaleriedetalborjt","og_description":"Highlights:Une formule\u00a0vegan\u00a0hydratante \u00e0 base d\u2019Acide Hyaluronique ultra-pur. Le poids mol\u00e9culaire de l\u2019Acide Hyaluronique d\u00e9termine sa capacit\u00e9 \u00e0 agir en profondeur dans la peau.","og_url":"https:\/\/paragaleriedetalborjt.com\/en\/boutique\/the-ordinary-acide-hyaluronique-2-b5-30ml\/","og_site_name":"paragaleriedetalborjt","og_image":[{"width":594,"height":654,"url":"https:\/\/paragaleriedetalborjt.com\/wp-content\/uploads\/2026\/01\/THE-ORDINARY-Acide-Hyaluronique-2-B5.jpg","type":"image\/jpeg"}],"twitter_card":"summary_large_image","twitter_misc":{"Est. reading time":"1 minute"},"schema":{"@context":"https:\/\/schema.org","@graph":[{"@type":"WebPage","@id":"https:\/\/paragaleriedetalborjt.com\/boutique\/the-ordinary-acide-hyaluronique-2-b5-30ml\/","url":"https:\/\/paragaleriedetalborjt.com\/boutique\/the-ordinary-acide-hyaluronique-2-b5-30ml\/","name":"The Ordinary Acide Hyaluronique 2% + B5 30ml - paragaleriedetalborjt","isPartOf":{"@id":"https:\/\/paragaleriedetalborjt.com\/#website"},"primaryImageOfPage":{"@id":"https:\/\/paragaleriedetalborjt.com\/boutique\/the-ordinary-acide-hyaluronique-2-b5-30ml\/#primaryimage"},"image":{"@id":"https:\/\/paragaleriedetalborjt.com\/boutique\/the-ordinary-acide-hyaluronique-2-b5-30ml\/#primaryimage"},"thumbnailUrl":"https:\/\/paragaleriedetalborjt.com\/wp-content\/uploads\/2026\/01\/THE-ORDINARY-Acide-Hyaluronique-2-B5.jpg","datePublished":"2026-01-03T15:54:52+00:00","breadcrumb":{"@id":"https:\/\/paragaleriedetalborjt.com\/boutique\/the-ordinary-acide-hyaluronique-2-b5-30ml\/#breadcrumb"},"inLanguage":"en-US","potentialAction":[{"@type":"ReadAction","target":["https:\/\/paragaleriedetalborjt.com\/boutique\/the-ordinary-acide-hyaluronique-2-b5-30ml\/"]}]},{"@type":"ImageObject","inLanguage":"en-US","@id":"https:\/\/paragaleriedetalborjt.com\/boutique\/the-ordinary-acide-hyaluronique-2-b5-30ml\/#primaryimage","url":"https:\/\/paragaleriedetalborjt.com\/wp-content\/uploads\/2026\/01\/THE-ORDINARY-Acide-Hyaluronique-2-B5.jpg","contentUrl":"https:\/\/paragaleriedetalborjt.com\/wp-content\/uploads\/2026\/01\/THE-ORDINARY-Acide-Hyaluronique-2-B5.jpg","width":594,"height":654},{"@type":"BreadcrumbList","@id":"https:\/\/paragaleriedetalborjt.com\/boutique\/the-ordinary-acide-hyaluronique-2-b5-30ml\/#breadcrumb","itemListElement":[{"@type":"ListItem","position":1,"name":"Accueil","item":"https:\/\/paragaleriedetalborjt.com\/"},{"@type":"ListItem","position":2,"name":"Boutique","item":"https:\/\/paragaleriedetalborjt.com\/boutique\/"},{"@type":"ListItem","position":3,"name":"The Ordinary Acide Hyaluronique 2% + B5 30ml"}]},{"@type":"WebSite","@id":"https:\/\/paragaleriedetalborjt.com\/#website","url":"https:\/\/paragaleriedetalborjt.com\/","name":"paragaleriedetalborjt","description":"","potentialAction":[{"@type":"SearchAction","target":{"@type":"EntryPoint","urlTemplate":"https:\/\/paragaleriedetalborjt.com\/?s={search_term_string}"},"query-input":{"@type":"PropertyValueSpecification","valueRequired":true,"valueName":"search_term_string"}}],"inLanguage":"en-US"}]}},"brands":[],"_links":{"self":[{"href":"https:\/\/paragaleriedetalborjt.com\/en\/wp-json\/wp\/v2\/product\/38087","targetHints":{"allow":["GET"]}}],"collection":[{"href":"https:\/\/paragaleriedetalborjt.com\/en\/wp-json\/wp\/v2\/product"}],"about":[{"href":"https:\/\/paragaleriedetalborjt.com\/en\/wp-json\/wp\/v2\/types\/product"}],"replies":[{"embeddable":true,"href":"https:\/\/paragaleriedetalborjt.com\/en\/wp-json\/wp\/v2\/comments?post=38087"}],"version-history":[{"count":1,"href":"https:\/\/paragaleriedetalborjt.com\/en\/wp-json\/wp\/v2\/product\/38087\/revisions"}],"predecessor-version":[{"id":38089,"href":"https:\/\/paragaleriedetalborjt.com\/en\/wp-json\/wp\/v2\/product\/38087\/revisions\/38089"}],"wp:featuredmedia":[{"embeddable":true,"href":"https:\/\/paragaleriedetalborjt.com\/en\/wp-json\/wp\/v2\/media\/38088"}],"wp:attachment":[{"href":"https:\/\/paragaleriedetalborjt.com\/en\/wp-json\/wp\/v2\/media?parent=38087"}],"wp:term":[{"taxonomy":"pwb-brand","embeddable":true,"href":"https:\/\/paragaleriedetalborjt.com\/en\/wp-json\/wp\/v2\/pwb-brand?post=38087"},{"taxonomy":"product_cat","embeddable":true,"href":"https:\/\/paragaleriedetalborjt.com\/en\/wp-json\/wp\/v2\/product_cat?post=38087"},{"taxonomy":"product_tag","embeddable":true,"href":"https:\/\/paragaleriedetalborjt.com\/en\/wp-json\/wp\/v2\/product_tag?post=38087"}],"curies":[{"name":"wp","href":"https:\/\/api.w.org\/{rel}","templated":true}]}}