{"id":38072,"date":"2026-01-03T16:54:28","date_gmt":"2026-01-03T15:54:28","guid":{"rendered":"https:\/\/paragaleriedetalborjt.com\/?post_type=product&#038;p=38072"},"modified":"2026-01-03T16:54:28","modified_gmt":"2026-01-03T15:54:28","slug":"soleil-biafine-lait-solaire-50-spf-150ml","status":"publish","type":"product","link":"https:\/\/paragaleriedetalborjt.com\/en\/boutique\/soleil-biafine-lait-solaire-50-spf-150ml\/","title":{"rendered":"Soleil Biafine Lait Solaire 50 SPF 150Ml"},"content":{"rendered":"<div aria-labelledby=\"tab-title-description\" class=\"woocommerce-Tabs-panel woocommerce-Tabs-panel--description panel entry-content wc-tab\" id=\"tab-description\" role=\"tabpanel\" style=\"\">\n<h2>Description<\/h2>\n<div class=\"product-tabs\">\n<div class=\"std new-std\">\n<div class=\"product-tabs\">\n<div class=\"std new-std\">\n<p>Le\u00a0<strong>Lait Solaire D\u00e9salt\u00e9rant Toucher Doux Soleil Biafine<\/strong>\u00a0prot\u00e8ge votre corps gr\u00e2ce \u00e0 son indice de haute protection\u00a0<strong>SPF50<\/strong>\u00a0des rayons UVA et UVB.<br \/>\nIl va assurer une\u00a0<strong>protection<\/strong>\u00a0<strong>optimale<\/strong>\u00a0de la peau contre les coups de soleil et<strong>\u00a0autres dommages cutan\u00e9s<\/strong>\u00a0provoqu\u00e9s par l\u2019exposition solaire.<br \/>\nLe lait solaire va\u00a0<strong>hydrater<\/strong>\u00a0en profondeur et d\u00e9salt\u00e9rer la peau.<br \/>\nSa texture est particuli\u00e8rement\u00a0<strong>l\u00e9g\u00e8re<\/strong>\u00a0afin de p\u00e9n\u00e9trer rapidement.<br \/>\nElle ne laisse aucun film gras et ne colle pas.<br \/>\nLe Lait solaire ne fait aucune trace blanche.<br \/>\nCe soin solaire r\u00e9siste \u00e0 l\u2019eau et \u00e0 la transpiration.<\/p>\n<p>Convient parfaitement aux\u00a0<strong>peaux s\u00e8ches ou sensibles<\/strong>.<\/p>\n<\/div>\n<\/div>\n<div class=\"product-tabs\">\n<h3 class=\"tabs-title\">Conseils d\u2019utilisation<\/h3>\n<div class=\"std new-std\">\n<p>Avant toute exposition au soleil, appliquez de fa\u00e7on g\u00e9n\u00e9reuse sur l\u2019ensemble de votre corps le lait solaire.<br \/>\nApr\u00e8s avoir transpir\u00e9, nag\u00e9 ou vous \u00eatre essuy\u00e9, renouveler l\u2019application.<\/p>\n<\/div>\n<\/div>\n<\/div>\n<\/div>\n<\/div>","protected":false},"excerpt":{"rendered":"<p>Highlights:Daylong Face Sensitive Gel-Fluide SPF 50+ 50 ml est un soin solaire dermatologique adapt\u00e9 \u00e0 une protection solaire quotidienne et comme base de maquillage.<\/p>","protected":false},"featured_media":38073,"comment_status":"open","ping_status":"closed","template":"","meta":[],"pwb-brand":[],"product_cat":[16],"product_tag":[],"class_list":{"0":"post-38072","1":"product","2":"type-product","3":"status-publish","4":"has-post-thumbnail","6":"product_cat-non-classe","7":"pa_brands-biafine","9":"first","10":"instock","11":"sale","12":"shipping-taxable","13":"purchasable","14":"product-type-simple"},"yoast_head":"<!-- This site is optimized with the Yoast SEO plugin v26.9 - https:\/\/yoast.com\/product\/yoast-seo-wordpress\/ -->\n<title>Soleil Biafine Lait Solaire 50 SPF 150Ml - paragaleriedetalborjt<\/title>\n<meta name=\"robots\" content=\"index, follow, max-snippet:-1, max-image-preview:large, max-video-preview:-1\" \/>\n<link rel=\"canonical\" href=\"https:\/\/paragaleriedetalborjt.com\/en\/boutique\/soleil-biafine-lait-solaire-50-spf-150ml\/\" \/>\n<meta property=\"og:locale\" content=\"en_US\" \/>\n<meta property=\"og:type\" content=\"article\" \/>\n<meta property=\"og:title\" content=\"Soleil Biafine Lait Solaire 50 SPF 150Ml - paragaleriedetalborjt\" \/>\n<meta property=\"og:description\" content=\"Highlights:Daylong Face Sensitive Gel-Fluide SPF 50+ 50 ml est un soin solaire dermatologique adapt\u00e9 \u00e0 une protection solaire quotidienne et comme base de maquillage.\" \/>\n<meta property=\"og:url\" content=\"https:\/\/paragaleriedetalborjt.com\/en\/boutique\/soleil-biafine-lait-solaire-50-spf-150ml\/\" \/>\n<meta property=\"og:site_name\" content=\"paragaleriedetalborjt\" \/>\n<meta property=\"og:image\" content=\"https:\/\/paragaleriedetalborjt.com\/wp-content\/uploads\/2026\/01\/lait-solaire-desalterant-toucher-doux-spf50_-150ml-peaux-seches-ou-sensibles-soleil-biafine.jpg\" \/>\n\t<meta property=\"og:image:width\" content=\"595\" \/>\n\t<meta property=\"og:image:height\" content=\"655\" \/>\n\t<meta property=\"og:image:type\" content=\"image\/jpeg\" \/>\n<meta name=\"twitter:card\" content=\"summary_large_image\" \/>\n<meta name=\"twitter:label1\" content=\"Est. reading time\" \/>\n\t<meta name=\"twitter:data1\" content=\"1 minute\" \/>\n<script type=\"application\/ld+json\" class=\"yoast-schema-graph\">{\"@context\":\"https:\/\/schema.org\",\"@graph\":[{\"@type\":\"WebPage\",\"@id\":\"https:\/\/paragaleriedetalborjt.com\/boutique\/soleil-biafine-lait-solaire-50-spf-150ml\/\",\"url\":\"https:\/\/paragaleriedetalborjt.com\/boutique\/soleil-biafine-lait-solaire-50-spf-150ml\/\",\"name\":\"Soleil Biafine Lait Solaire 50 SPF 150Ml - paragaleriedetalborjt\",\"isPartOf\":{\"@id\":\"https:\/\/paragaleriedetalborjt.com\/#website\"},\"primaryImageOfPage\":{\"@id\":\"https:\/\/paragaleriedetalborjt.com\/boutique\/soleil-biafine-lait-solaire-50-spf-150ml\/#primaryimage\"},\"image\":{\"@id\":\"https:\/\/paragaleriedetalborjt.com\/boutique\/soleil-biafine-lait-solaire-50-spf-150ml\/#primaryimage\"},\"thumbnailUrl\":\"https:\/\/paragaleriedetalborjt.com\/wp-content\/uploads\/2026\/01\/lait-solaire-desalterant-toucher-doux-spf50_-150ml-peaux-seches-ou-sensibles-soleil-biafine.jpg\",\"datePublished\":\"2026-01-03T15:54:28+00:00\",\"breadcrumb\":{\"@id\":\"https:\/\/paragaleriedetalborjt.com\/boutique\/soleil-biafine-lait-solaire-50-spf-150ml\/#breadcrumb\"},\"inLanguage\":\"en-US\",\"potentialAction\":[{\"@type\":\"ReadAction\",\"target\":[\"https:\/\/paragaleriedetalborjt.com\/boutique\/soleil-biafine-lait-solaire-50-spf-150ml\/\"]}]},{\"@type\":\"ImageObject\",\"inLanguage\":\"en-US\",\"@id\":\"https:\/\/paragaleriedetalborjt.com\/boutique\/soleil-biafine-lait-solaire-50-spf-150ml\/#primaryimage\",\"url\":\"https:\/\/paragaleriedetalborjt.com\/wp-content\/uploads\/2026\/01\/lait-solaire-desalterant-toucher-doux-spf50_-150ml-peaux-seches-ou-sensibles-soleil-biafine.jpg\",\"contentUrl\":\"https:\/\/paragaleriedetalborjt.com\/wp-content\/uploads\/2026\/01\/lait-solaire-desalterant-toucher-doux-spf50_-150ml-peaux-seches-ou-sensibles-soleil-biafine.jpg\",\"width\":595,\"height\":655},{\"@type\":\"BreadcrumbList\",\"@id\":\"https:\/\/paragaleriedetalborjt.com\/boutique\/soleil-biafine-lait-solaire-50-spf-150ml\/#breadcrumb\",\"itemListElement\":[{\"@type\":\"ListItem\",\"position\":1,\"name\":\"Accueil\",\"item\":\"https:\/\/paragaleriedetalborjt.com\/\"},{\"@type\":\"ListItem\",\"position\":2,\"name\":\"Boutique\",\"item\":\"https:\/\/paragaleriedetalborjt.com\/boutique\/\"},{\"@type\":\"ListItem\",\"position\":3,\"name\":\"Soleil Biafine Lait Solaire 50 SPF 150Ml\"}]},{\"@type\":\"WebSite\",\"@id\":\"https:\/\/paragaleriedetalborjt.com\/#website\",\"url\":\"https:\/\/paragaleriedetalborjt.com\/\",\"name\":\"paragaleriedetalborjt\",\"description\":\"\",\"potentialAction\":[{\"@type\":\"SearchAction\",\"target\":{\"@type\":\"EntryPoint\",\"urlTemplate\":\"https:\/\/paragaleriedetalborjt.com\/?s={search_term_string}\"},\"query-input\":{\"@type\":\"PropertyValueSpecification\",\"valueRequired\":true,\"valueName\":\"search_term_string\"}}],\"inLanguage\":\"en-US\"}]}<\/script>\n<!-- \/ Yoast SEO plugin. -->","yoast_head_json":{"title":"Soleil Biafine Lait Solaire 50 SPF 150Ml - paragaleriedetalborjt","robots":{"index":"index","follow":"follow","max-snippet":"max-snippet:-1","max-image-preview":"max-image-preview:large","max-video-preview":"max-video-preview:-1"},"canonical":"https:\/\/paragaleriedetalborjt.com\/en\/boutique\/soleil-biafine-lait-solaire-50-spf-150ml\/","og_locale":"en_US","og_type":"article","og_title":"Soleil Biafine Lait Solaire 50 SPF 150Ml - paragaleriedetalborjt","og_description":"Highlights:Daylong Face Sensitive Gel-Fluide SPF 50+ 50 ml est un soin solaire dermatologique adapt\u00e9 \u00e0 une protection solaire quotidienne et comme base de maquillage.","og_url":"https:\/\/paragaleriedetalborjt.com\/en\/boutique\/soleil-biafine-lait-solaire-50-spf-150ml\/","og_site_name":"paragaleriedetalborjt","og_image":[{"width":595,"height":655,"url":"https:\/\/paragaleriedetalborjt.com\/wp-content\/uploads\/2026\/01\/lait-solaire-desalterant-toucher-doux-spf50_-150ml-peaux-seches-ou-sensibles-soleil-biafine.jpg","type":"image\/jpeg"}],"twitter_card":"summary_large_image","twitter_misc":{"Est. reading time":"1 minute"},"schema":{"@context":"https:\/\/schema.org","@graph":[{"@type":"WebPage","@id":"https:\/\/paragaleriedetalborjt.com\/boutique\/soleil-biafine-lait-solaire-50-spf-150ml\/","url":"https:\/\/paragaleriedetalborjt.com\/boutique\/soleil-biafine-lait-solaire-50-spf-150ml\/","name":"Soleil Biafine Lait Solaire 50 SPF 150Ml - paragaleriedetalborjt","isPartOf":{"@id":"https:\/\/paragaleriedetalborjt.com\/#website"},"primaryImageOfPage":{"@id":"https:\/\/paragaleriedetalborjt.com\/boutique\/soleil-biafine-lait-solaire-50-spf-150ml\/#primaryimage"},"image":{"@id":"https:\/\/paragaleriedetalborjt.com\/boutique\/soleil-biafine-lait-solaire-50-spf-150ml\/#primaryimage"},"thumbnailUrl":"https:\/\/paragaleriedetalborjt.com\/wp-content\/uploads\/2026\/01\/lait-solaire-desalterant-toucher-doux-spf50_-150ml-peaux-seches-ou-sensibles-soleil-biafine.jpg","datePublished":"2026-01-03T15:54:28+00:00","breadcrumb":{"@id":"https:\/\/paragaleriedetalborjt.com\/boutique\/soleil-biafine-lait-solaire-50-spf-150ml\/#breadcrumb"},"inLanguage":"en-US","potentialAction":[{"@type":"ReadAction","target":["https:\/\/paragaleriedetalborjt.com\/boutique\/soleil-biafine-lait-solaire-50-spf-150ml\/"]}]},{"@type":"ImageObject","inLanguage":"en-US","@id":"https:\/\/paragaleriedetalborjt.com\/boutique\/soleil-biafine-lait-solaire-50-spf-150ml\/#primaryimage","url":"https:\/\/paragaleriedetalborjt.com\/wp-content\/uploads\/2026\/01\/lait-solaire-desalterant-toucher-doux-spf50_-150ml-peaux-seches-ou-sensibles-soleil-biafine.jpg","contentUrl":"https:\/\/paragaleriedetalborjt.com\/wp-content\/uploads\/2026\/01\/lait-solaire-desalterant-toucher-doux-spf50_-150ml-peaux-seches-ou-sensibles-soleil-biafine.jpg","width":595,"height":655},{"@type":"BreadcrumbList","@id":"https:\/\/paragaleriedetalborjt.com\/boutique\/soleil-biafine-lait-solaire-50-spf-150ml\/#breadcrumb","itemListElement":[{"@type":"ListItem","position":1,"name":"Accueil","item":"https:\/\/paragaleriedetalborjt.com\/"},{"@type":"ListItem","position":2,"name":"Boutique","item":"https:\/\/paragaleriedetalborjt.com\/boutique\/"},{"@type":"ListItem","position":3,"name":"Soleil Biafine Lait Solaire 50 SPF 150Ml"}]},{"@type":"WebSite","@id":"https:\/\/paragaleriedetalborjt.com\/#website","url":"https:\/\/paragaleriedetalborjt.com\/","name":"paragaleriedetalborjt","description":"","potentialAction":[{"@type":"SearchAction","target":{"@type":"EntryPoint","urlTemplate":"https:\/\/paragaleriedetalborjt.com\/?s={search_term_string}"},"query-input":{"@type":"PropertyValueSpecification","valueRequired":true,"valueName":"search_term_string"}}],"inLanguage":"en-US"}]}},"brands":[],"_links":{"self":[{"href":"https:\/\/paragaleriedetalborjt.com\/en\/wp-json\/wp\/v2\/product\/38072","targetHints":{"allow":["GET"]}}],"collection":[{"href":"https:\/\/paragaleriedetalborjt.com\/en\/wp-json\/wp\/v2\/product"}],"about":[{"href":"https:\/\/paragaleriedetalborjt.com\/en\/wp-json\/wp\/v2\/types\/product"}],"replies":[{"embeddable":true,"href":"https:\/\/paragaleriedetalborjt.com\/en\/wp-json\/wp\/v2\/comments?post=38072"}],"version-history":[{"count":1,"href":"https:\/\/paragaleriedetalborjt.com\/en\/wp-json\/wp\/v2\/product\/38072\/revisions"}],"predecessor-version":[{"id":38074,"href":"https:\/\/paragaleriedetalborjt.com\/en\/wp-json\/wp\/v2\/product\/38072\/revisions\/38074"}],"wp:featuredmedia":[{"embeddable":true,"href":"https:\/\/paragaleriedetalborjt.com\/en\/wp-json\/wp\/v2\/media\/38073"}],"wp:attachment":[{"href":"https:\/\/paragaleriedetalborjt.com\/en\/wp-json\/wp\/v2\/media?parent=38072"}],"wp:term":[{"taxonomy":"pwb-brand","embeddable":true,"href":"https:\/\/paragaleriedetalborjt.com\/en\/wp-json\/wp\/v2\/pwb-brand?post=38072"},{"taxonomy":"product_cat","embeddable":true,"href":"https:\/\/paragaleriedetalborjt.com\/en\/wp-json\/wp\/v2\/product_cat?post=38072"},{"taxonomy":"product_tag","embeddable":true,"href":"https:\/\/paragaleriedetalborjt.com\/en\/wp-json\/wp\/v2\/product_tag?post=38072"}],"curies":[{"name":"wp","href":"https:\/\/api.w.org\/{rel}","templated":true}]}}