{"id":38047,"date":"2026-01-03T16:53:51","date_gmt":"2026-01-03T15:53:51","guid":{"rendered":"https:\/\/paragaleriedetalborjt.com\/?post_type=product&#038;p=38047"},"modified":"2026-01-03T16:53:51","modified_gmt":"2026-01-03T15:53:51","slug":"daylong-extreme-spf-50-50-ml","status":"publish","type":"product","link":"https:\/\/paragaleriedetalborjt.com\/en\/boutique\/daylong-extreme-spf-50-50-ml\/","title":{"rendered":"DAYLONG EXTR\u00caME SPF 50+ 50 ML"},"content":{"rendered":"<div aria-labelledby=\"tab-title-description\" class=\"woocommerce-Tabs-panel woocommerce-Tabs-panel--description panel entry-content wc-tab\" id=\"tab-description\" role=\"tabpanel\" style=\"\">\n<h2>Description<\/h2>\n<p>Daylong\u00a0extr\u00eame SPF50+ est un lait de protection solaire liposomal qui offre une tr\u00e8s haute protection anti-UVA et anti-UVB aux peaux les plus sensibles au soleil.<\/p>\n<p>Daylong\u2122 extr\u00eame SPF 50+ est un lait de protection solaire liposomal qui offre une tr\u00e8s haute protection de longue dur\u00e9e aux peaux les plus sensibles , et r\u00e9actives au soleil .<br \/>\n*Tr\u00e8s haute protection SPF 50+ avec filtres photostables \u00e0 large spectre contre les UVA\/UVB et infra-rouges (IR)<br \/>\n*Pr\u00e9vient les dommages cellulaires et le vieillissement cutan\u00e9 pr\u00e9matur\u00e9 *Prot\u00e8ge, et hydrate, restaure, et nourrit la peau gr\u00e2ce \u00e0 la vitamine E.<br \/>\n*Id\u00e9al pour les expositions au soleil, les activit\u00e9s sportives et aquatiques<br \/>\n*Un aspect invisible et ne laisse pas de traces blanches<br \/>\n*Ne pique pas les yeux<br \/>\n*Une texture agr\u00e9able<br \/>\n*Une Absorption rapide<br \/>\n*R\u00e9sistant \u00e0 l\u2019eau<br \/>\n*Haute tol\u00e9rance ,Hypoallerg\u00e9nique et non com\u00e9dog\u00e8ne<br \/>\n*sans parfum, sans parab\u00e8nes, sans octocryl\u00e8ne<\/p>\n<\/div>","protected":false},"excerpt":{"rendered":"<p>Highlights:Daylong\u2122 extr\u00eame SPF 50+ est un lait de protection solaire liposomal qui offre une tr\u00e8s haute protection de longue dur\u00e9e aux peaux les plus sensibles , et r\u00e9actives au soleil .<\/p>","protected":false},"featured_media":38048,"comment_status":"open","ping_status":"closed","template":"","meta":[],"pwb-brand":[],"product_cat":[16],"product_tag":[],"class_list":{"0":"post-38047","1":"product","2":"type-product","3":"status-publish","4":"has-post-thumbnail","6":"product_cat-non-classe","7":"pa_brands-daylong","9":"first","10":"instock","11":"sale","12":"shipping-taxable","13":"purchasable","14":"product-type-simple"},"yoast_head":"<!-- This site is optimized with the Yoast SEO plugin v26.9 - https:\/\/yoast.com\/product\/yoast-seo-wordpress\/ -->\n<title>DAYLONG EXTR\u00caME SPF 50+ 50 ML - paragaleriedetalborjt<\/title>\n<meta name=\"robots\" content=\"index, follow, max-snippet:-1, max-image-preview:large, max-video-preview:-1\" \/>\n<link rel=\"canonical\" href=\"https:\/\/paragaleriedetalborjt.com\/en\/boutique\/daylong-extreme-spf-50-50-ml\/\" \/>\n<meta property=\"og:locale\" content=\"en_US\" \/>\n<meta property=\"og:type\" content=\"article\" \/>\n<meta property=\"og:title\" content=\"DAYLONG EXTR\u00caME SPF 50+ 50 ML - paragaleriedetalborjt\" \/>\n<meta property=\"og:description\" content=\"Highlights:Daylong\u2122 extr\u00eame SPF 50+ est un lait de protection solaire liposomal qui offre une tr\u00e8s haute protection de longue dur\u00e9e aux peaux les plus sensibles , et r\u00e9actives au soleil .\" \/>\n<meta property=\"og:url\" content=\"https:\/\/paragaleriedetalborjt.com\/en\/boutique\/daylong-extreme-spf-50-50-ml\/\" \/>\n<meta property=\"og:site_name\" content=\"paragaleriedetalborjt\" \/>\n<meta property=\"og:image\" content=\"https:\/\/paragaleriedetalborjt.com\/wp-content\/uploads\/2026\/01\/7612076448254.jpg\" \/>\n\t<meta property=\"og:image:width\" content=\"595\" \/>\n\t<meta property=\"og:image:height\" content=\"655\" \/>\n\t<meta property=\"og:image:type\" content=\"image\/jpeg\" \/>\n<meta name=\"twitter:card\" content=\"summary_large_image\" \/>\n<meta name=\"twitter:label1\" content=\"Est. reading time\" \/>\n\t<meta name=\"twitter:data1\" content=\"1 minute\" \/>\n<script type=\"application\/ld+json\" class=\"yoast-schema-graph\">{\"@context\":\"https:\/\/schema.org\",\"@graph\":[{\"@type\":\"WebPage\",\"@id\":\"https:\/\/paragaleriedetalborjt.com\/boutique\/daylong-extreme-spf-50-50-ml\/\",\"url\":\"https:\/\/paragaleriedetalborjt.com\/boutique\/daylong-extreme-spf-50-50-ml\/\",\"name\":\"DAYLONG EXTR\u00caME SPF 50+ 50 ML - paragaleriedetalborjt\",\"isPartOf\":{\"@id\":\"https:\/\/paragaleriedetalborjt.com\/#website\"},\"primaryImageOfPage\":{\"@id\":\"https:\/\/paragaleriedetalborjt.com\/boutique\/daylong-extreme-spf-50-50-ml\/#primaryimage\"},\"image\":{\"@id\":\"https:\/\/paragaleriedetalborjt.com\/boutique\/daylong-extreme-spf-50-50-ml\/#primaryimage\"},\"thumbnailUrl\":\"https:\/\/paragaleriedetalborjt.com\/wp-content\/uploads\/2026\/01\/7612076448254.jpg\",\"datePublished\":\"2026-01-03T15:53:51+00:00\",\"breadcrumb\":{\"@id\":\"https:\/\/paragaleriedetalborjt.com\/boutique\/daylong-extreme-spf-50-50-ml\/#breadcrumb\"},\"inLanguage\":\"en-US\",\"potentialAction\":[{\"@type\":\"ReadAction\",\"target\":[\"https:\/\/paragaleriedetalborjt.com\/boutique\/daylong-extreme-spf-50-50-ml\/\"]}]},{\"@type\":\"ImageObject\",\"inLanguage\":\"en-US\",\"@id\":\"https:\/\/paragaleriedetalborjt.com\/boutique\/daylong-extreme-spf-50-50-ml\/#primaryimage\",\"url\":\"https:\/\/paragaleriedetalborjt.com\/wp-content\/uploads\/2026\/01\/7612076448254.jpg\",\"contentUrl\":\"https:\/\/paragaleriedetalborjt.com\/wp-content\/uploads\/2026\/01\/7612076448254.jpg\",\"width\":595,\"height\":655},{\"@type\":\"BreadcrumbList\",\"@id\":\"https:\/\/paragaleriedetalborjt.com\/boutique\/daylong-extreme-spf-50-50-ml\/#breadcrumb\",\"itemListElement\":[{\"@type\":\"ListItem\",\"position\":1,\"name\":\"Accueil\",\"item\":\"https:\/\/paragaleriedetalborjt.com\/\"},{\"@type\":\"ListItem\",\"position\":2,\"name\":\"Boutique\",\"item\":\"https:\/\/paragaleriedetalborjt.com\/boutique\/\"},{\"@type\":\"ListItem\",\"position\":3,\"name\":\"DAYLONG EXTR\u00caME SPF 50+ 50 ML\"}]},{\"@type\":\"WebSite\",\"@id\":\"https:\/\/paragaleriedetalborjt.com\/#website\",\"url\":\"https:\/\/paragaleriedetalborjt.com\/\",\"name\":\"paragaleriedetalborjt\",\"description\":\"\",\"potentialAction\":[{\"@type\":\"SearchAction\",\"target\":{\"@type\":\"EntryPoint\",\"urlTemplate\":\"https:\/\/paragaleriedetalborjt.com\/?s={search_term_string}\"},\"query-input\":{\"@type\":\"PropertyValueSpecification\",\"valueRequired\":true,\"valueName\":\"search_term_string\"}}],\"inLanguage\":\"en-US\"}]}<\/script>\n<!-- \/ Yoast SEO plugin. -->","yoast_head_json":{"title":"DAYLONG EXTR\u00caME SPF 50+ 50 ML - paragaleriedetalborjt","robots":{"index":"index","follow":"follow","max-snippet":"max-snippet:-1","max-image-preview":"max-image-preview:large","max-video-preview":"max-video-preview:-1"},"canonical":"https:\/\/paragaleriedetalborjt.com\/en\/boutique\/daylong-extreme-spf-50-50-ml\/","og_locale":"en_US","og_type":"article","og_title":"DAYLONG EXTR\u00caME SPF 50+ 50 ML - paragaleriedetalborjt","og_description":"Highlights:Daylong\u2122 extr\u00eame SPF 50+ est un lait de protection solaire liposomal qui offre une tr\u00e8s haute protection de longue dur\u00e9e aux peaux les plus sensibles , et r\u00e9actives au soleil .","og_url":"https:\/\/paragaleriedetalborjt.com\/en\/boutique\/daylong-extreme-spf-50-50-ml\/","og_site_name":"paragaleriedetalborjt","og_image":[{"width":595,"height":655,"url":"https:\/\/paragaleriedetalborjt.com\/wp-content\/uploads\/2026\/01\/7612076448254.jpg","type":"image\/jpeg"}],"twitter_card":"summary_large_image","twitter_misc":{"Est. reading time":"1 minute"},"schema":{"@context":"https:\/\/schema.org","@graph":[{"@type":"WebPage","@id":"https:\/\/paragaleriedetalborjt.com\/boutique\/daylong-extreme-spf-50-50-ml\/","url":"https:\/\/paragaleriedetalborjt.com\/boutique\/daylong-extreme-spf-50-50-ml\/","name":"DAYLONG EXTR\u00caME SPF 50+ 50 ML - paragaleriedetalborjt","isPartOf":{"@id":"https:\/\/paragaleriedetalborjt.com\/#website"},"primaryImageOfPage":{"@id":"https:\/\/paragaleriedetalborjt.com\/boutique\/daylong-extreme-spf-50-50-ml\/#primaryimage"},"image":{"@id":"https:\/\/paragaleriedetalborjt.com\/boutique\/daylong-extreme-spf-50-50-ml\/#primaryimage"},"thumbnailUrl":"https:\/\/paragaleriedetalborjt.com\/wp-content\/uploads\/2026\/01\/7612076448254.jpg","datePublished":"2026-01-03T15:53:51+00:00","breadcrumb":{"@id":"https:\/\/paragaleriedetalborjt.com\/boutique\/daylong-extreme-spf-50-50-ml\/#breadcrumb"},"inLanguage":"en-US","potentialAction":[{"@type":"ReadAction","target":["https:\/\/paragaleriedetalborjt.com\/boutique\/daylong-extreme-spf-50-50-ml\/"]}]},{"@type":"ImageObject","inLanguage":"en-US","@id":"https:\/\/paragaleriedetalborjt.com\/boutique\/daylong-extreme-spf-50-50-ml\/#primaryimage","url":"https:\/\/paragaleriedetalborjt.com\/wp-content\/uploads\/2026\/01\/7612076448254.jpg","contentUrl":"https:\/\/paragaleriedetalborjt.com\/wp-content\/uploads\/2026\/01\/7612076448254.jpg","width":595,"height":655},{"@type":"BreadcrumbList","@id":"https:\/\/paragaleriedetalborjt.com\/boutique\/daylong-extreme-spf-50-50-ml\/#breadcrumb","itemListElement":[{"@type":"ListItem","position":1,"name":"Accueil","item":"https:\/\/paragaleriedetalborjt.com\/"},{"@type":"ListItem","position":2,"name":"Boutique","item":"https:\/\/paragaleriedetalborjt.com\/boutique\/"},{"@type":"ListItem","position":3,"name":"DAYLONG EXTR\u00caME SPF 50+ 50 ML"}]},{"@type":"WebSite","@id":"https:\/\/paragaleriedetalborjt.com\/#website","url":"https:\/\/paragaleriedetalborjt.com\/","name":"paragaleriedetalborjt","description":"","potentialAction":[{"@type":"SearchAction","target":{"@type":"EntryPoint","urlTemplate":"https:\/\/paragaleriedetalborjt.com\/?s={search_term_string}"},"query-input":{"@type":"PropertyValueSpecification","valueRequired":true,"valueName":"search_term_string"}}],"inLanguage":"en-US"}]}},"brands":[],"_links":{"self":[{"href":"https:\/\/paragaleriedetalborjt.com\/en\/wp-json\/wp\/v2\/product\/38047","targetHints":{"allow":["GET"]}}],"collection":[{"href":"https:\/\/paragaleriedetalborjt.com\/en\/wp-json\/wp\/v2\/product"}],"about":[{"href":"https:\/\/paragaleriedetalborjt.com\/en\/wp-json\/wp\/v2\/types\/product"}],"replies":[{"embeddable":true,"href":"https:\/\/paragaleriedetalborjt.com\/en\/wp-json\/wp\/v2\/comments?post=38047"}],"version-history":[{"count":1,"href":"https:\/\/paragaleriedetalborjt.com\/en\/wp-json\/wp\/v2\/product\/38047\/revisions"}],"predecessor-version":[{"id":38049,"href":"https:\/\/paragaleriedetalborjt.com\/en\/wp-json\/wp\/v2\/product\/38047\/revisions\/38049"}],"wp:featuredmedia":[{"embeddable":true,"href":"https:\/\/paragaleriedetalborjt.com\/en\/wp-json\/wp\/v2\/media\/38048"}],"wp:attachment":[{"href":"https:\/\/paragaleriedetalborjt.com\/en\/wp-json\/wp\/v2\/media?parent=38047"}],"wp:term":[{"taxonomy":"pwb-brand","embeddable":true,"href":"https:\/\/paragaleriedetalborjt.com\/en\/wp-json\/wp\/v2\/pwb-brand?post=38047"},{"taxonomy":"product_cat","embeddable":true,"href":"https:\/\/paragaleriedetalborjt.com\/en\/wp-json\/wp\/v2\/product_cat?post=38047"},{"taxonomy":"product_tag","embeddable":true,"href":"https:\/\/paragaleriedetalborjt.com\/en\/wp-json\/wp\/v2\/product_tag?post=38047"}],"curies":[{"name":"wp","href":"https:\/\/api.w.org\/{rel}","templated":true}]}}