{"id":37985,"date":"2026-01-03T16:52:04","date_gmt":"2026-01-03T15:52:04","guid":{"rendered":"https:\/\/paragaleriedetalborjt.com\/?post_type=product&#038;p=37985"},"modified":"2026-01-03T16:52:04","modified_gmt":"2026-01-03T15:52:04","slug":"caditar-shampoing-cheveux-gras-150-ml","status":"publish","type":"product","link":"https:\/\/paragaleriedetalborjt.com\/en\/boutique\/caditar-shampoing-cheveux-gras-150-ml\/","title":{"rendered":"Caditar Shampoing Cheveux Gras \u2013 150 ml"},"content":{"rendered":"<div aria-labelledby=\"tab-title-description\" class=\"woocommerce-Tabs-panel woocommerce-Tabs-panel--description panel entry-content wc-tab\" id=\"tab-description\" role=\"tabpanel\" style=\"\">\n<h2>Description<\/h2>\n<p>Description<br \/>\nLe shampooing Caditar cheveux gras permet de r\u00e9duire consid\u00e9rablement le s\u00e9bum.<br \/>\nIl va purifier le cuir chevelu et l\u2019apaiser.<br \/>\nLes racines sont moins grasses et le cuir chevelu est assaini.<br \/>\nGr\u00e2ce \u00e0 la formule enrichie en extrait de lavande et de camomille romaine, les cheveux sont propres et doux.<\/p>\n<p>Conseils d\u2019utilisation<br \/>\nAppliquer sur les cheveux humides faire mousser, laisser agir gr\u00e2ce \u00e0 un temps de pause de 5 minutes, rincer.<\/p>\n<\/div>","protected":false},"excerpt":{"rendered":"<p>Highlights:Caditar shampoing gras anti s\u00e9borrh\u00e9ique purifie, apaise et normalise le cuir chevelu, de plus sa base lavante extr\u00eamement douce aux extrait de lavande et de camomille romaine respecte les cheveux et les rend faciles \u00e0 coiffer teste sous contr\u00f4le dermatologique .<\/p>","protected":false},"featured_media":37986,"comment_status":"open","ping_status":"closed","template":"","meta":[],"pwb-brand":[],"product_cat":[16],"product_tag":[],"class_list":{"0":"post-37985","1":"product","2":"type-product","3":"status-publish","4":"has-post-thumbnail","6":"product_cat-non-classe","7":"pa_brands-caditar","9":"first","10":"instock","11":"sale","12":"shipping-taxable","13":"purchasable","14":"product-type-simple"},"yoast_head":"<!-- This site is optimized with the Yoast SEO plugin v26.9 - https:\/\/yoast.com\/product\/yoast-seo-wordpress\/ -->\n<title>Caditar Shampoing Cheveux Gras \u2013 150 ml - paragaleriedetalborjt<\/title>\n<meta name=\"robots\" content=\"index, follow, max-snippet:-1, max-image-preview:large, max-video-preview:-1\" \/>\n<link rel=\"canonical\" href=\"https:\/\/paragaleriedetalborjt.com\/en\/boutique\/caditar-shampoing-cheveux-gras-150-ml\/\" \/>\n<meta property=\"og:locale\" content=\"en_US\" \/>\n<meta property=\"og:type\" content=\"article\" \/>\n<meta property=\"og:title\" content=\"Caditar Shampoing Cheveux Gras \u2013 150 ml - paragaleriedetalborjt\" \/>\n<meta property=\"og:description\" content=\"Highlights:Caditar shampoing gras anti s\u00e9borrh\u00e9ique purifie, apaise et normalise le cuir chevelu, de plus sa base lavante extr\u00eamement douce aux extrait de lavande et de camomille romaine respecte les cheveux et les rend faciles \u00e0 coiffer teste sous contr\u00f4le dermatologique .\" \/>\n<meta property=\"og:url\" content=\"https:\/\/paragaleriedetalborjt.com\/en\/boutique\/caditar-shampoing-cheveux-gras-150-ml\/\" \/>\n<meta property=\"og:site_name\" content=\"paragaleriedetalborjt\" \/>\n<meta property=\"og:image\" content=\"https:\/\/paragaleriedetalborjt.com\/wp-content\/uploads\/2026\/01\/3760274570032.jpg\" \/>\n\t<meta property=\"og:image:width\" content=\"595\" \/>\n\t<meta property=\"og:image:height\" content=\"655\" \/>\n\t<meta property=\"og:image:type\" content=\"image\/jpeg\" \/>\n<meta name=\"twitter:card\" content=\"summary_large_image\" \/>\n<script type=\"application\/ld+json\" class=\"yoast-schema-graph\">{\"@context\":\"https:\/\/schema.org\",\"@graph\":[{\"@type\":\"WebPage\",\"@id\":\"https:\/\/paragaleriedetalborjt.com\/boutique\/caditar-shampoing-cheveux-gras-150-ml\/\",\"url\":\"https:\/\/paragaleriedetalborjt.com\/boutique\/caditar-shampoing-cheveux-gras-150-ml\/\",\"name\":\"Caditar Shampoing Cheveux Gras \u2013 150 ml - paragaleriedetalborjt\",\"isPartOf\":{\"@id\":\"https:\/\/paragaleriedetalborjt.com\/#website\"},\"primaryImageOfPage\":{\"@id\":\"https:\/\/paragaleriedetalborjt.com\/boutique\/caditar-shampoing-cheveux-gras-150-ml\/#primaryimage\"},\"image\":{\"@id\":\"https:\/\/paragaleriedetalborjt.com\/boutique\/caditar-shampoing-cheveux-gras-150-ml\/#primaryimage\"},\"thumbnailUrl\":\"https:\/\/paragaleriedetalborjt.com\/wp-content\/uploads\/2026\/01\/3760274570032.jpg\",\"datePublished\":\"2026-01-03T15:52:04+00:00\",\"breadcrumb\":{\"@id\":\"https:\/\/paragaleriedetalborjt.com\/boutique\/caditar-shampoing-cheveux-gras-150-ml\/#breadcrumb\"},\"inLanguage\":\"en-US\",\"potentialAction\":[{\"@type\":\"ReadAction\",\"target\":[\"https:\/\/paragaleriedetalborjt.com\/boutique\/caditar-shampoing-cheveux-gras-150-ml\/\"]}]},{\"@type\":\"ImageObject\",\"inLanguage\":\"en-US\",\"@id\":\"https:\/\/paragaleriedetalborjt.com\/boutique\/caditar-shampoing-cheveux-gras-150-ml\/#primaryimage\",\"url\":\"https:\/\/paragaleriedetalborjt.com\/wp-content\/uploads\/2026\/01\/3760274570032.jpg\",\"contentUrl\":\"https:\/\/paragaleriedetalborjt.com\/wp-content\/uploads\/2026\/01\/3760274570032.jpg\",\"width\":595,\"height\":655},{\"@type\":\"BreadcrumbList\",\"@id\":\"https:\/\/paragaleriedetalborjt.com\/boutique\/caditar-shampoing-cheveux-gras-150-ml\/#breadcrumb\",\"itemListElement\":[{\"@type\":\"ListItem\",\"position\":1,\"name\":\"Accueil\",\"item\":\"https:\/\/paragaleriedetalborjt.com\/\"},{\"@type\":\"ListItem\",\"position\":2,\"name\":\"Boutique\",\"item\":\"https:\/\/paragaleriedetalborjt.com\/boutique\/\"},{\"@type\":\"ListItem\",\"position\":3,\"name\":\"Caditar Shampoing Cheveux Gras \u2013 150 ml\"}]},{\"@type\":\"WebSite\",\"@id\":\"https:\/\/paragaleriedetalborjt.com\/#website\",\"url\":\"https:\/\/paragaleriedetalborjt.com\/\",\"name\":\"paragaleriedetalborjt\",\"description\":\"\",\"potentialAction\":[{\"@type\":\"SearchAction\",\"target\":{\"@type\":\"EntryPoint\",\"urlTemplate\":\"https:\/\/paragaleriedetalborjt.com\/?s={search_term_string}\"},\"query-input\":{\"@type\":\"PropertyValueSpecification\",\"valueRequired\":true,\"valueName\":\"search_term_string\"}}],\"inLanguage\":\"en-US\"}]}<\/script>\n<!-- \/ Yoast SEO plugin. -->","yoast_head_json":{"title":"Caditar Shampoing Cheveux Gras \u2013 150 ml - paragaleriedetalborjt","robots":{"index":"index","follow":"follow","max-snippet":"max-snippet:-1","max-image-preview":"max-image-preview:large","max-video-preview":"max-video-preview:-1"},"canonical":"https:\/\/paragaleriedetalborjt.com\/en\/boutique\/caditar-shampoing-cheveux-gras-150-ml\/","og_locale":"en_US","og_type":"article","og_title":"Caditar Shampoing Cheveux Gras \u2013 150 ml - paragaleriedetalborjt","og_description":"Highlights:Caditar shampoing gras anti s\u00e9borrh\u00e9ique purifie, apaise et normalise le cuir chevelu, de plus sa base lavante extr\u00eamement douce aux extrait de lavande et de camomille romaine respecte les cheveux et les rend faciles \u00e0 coiffer teste sous contr\u00f4le dermatologique .","og_url":"https:\/\/paragaleriedetalborjt.com\/en\/boutique\/caditar-shampoing-cheveux-gras-150-ml\/","og_site_name":"paragaleriedetalborjt","og_image":[{"width":595,"height":655,"url":"https:\/\/paragaleriedetalborjt.com\/wp-content\/uploads\/2026\/01\/3760274570032.jpg","type":"image\/jpeg"}],"twitter_card":"summary_large_image","schema":{"@context":"https:\/\/schema.org","@graph":[{"@type":"WebPage","@id":"https:\/\/paragaleriedetalborjt.com\/boutique\/caditar-shampoing-cheveux-gras-150-ml\/","url":"https:\/\/paragaleriedetalborjt.com\/boutique\/caditar-shampoing-cheveux-gras-150-ml\/","name":"Caditar Shampoing Cheveux Gras \u2013 150 ml - paragaleriedetalborjt","isPartOf":{"@id":"https:\/\/paragaleriedetalborjt.com\/#website"},"primaryImageOfPage":{"@id":"https:\/\/paragaleriedetalborjt.com\/boutique\/caditar-shampoing-cheveux-gras-150-ml\/#primaryimage"},"image":{"@id":"https:\/\/paragaleriedetalborjt.com\/boutique\/caditar-shampoing-cheveux-gras-150-ml\/#primaryimage"},"thumbnailUrl":"https:\/\/paragaleriedetalborjt.com\/wp-content\/uploads\/2026\/01\/3760274570032.jpg","datePublished":"2026-01-03T15:52:04+00:00","breadcrumb":{"@id":"https:\/\/paragaleriedetalborjt.com\/boutique\/caditar-shampoing-cheveux-gras-150-ml\/#breadcrumb"},"inLanguage":"en-US","potentialAction":[{"@type":"ReadAction","target":["https:\/\/paragaleriedetalborjt.com\/boutique\/caditar-shampoing-cheveux-gras-150-ml\/"]}]},{"@type":"ImageObject","inLanguage":"en-US","@id":"https:\/\/paragaleriedetalborjt.com\/boutique\/caditar-shampoing-cheveux-gras-150-ml\/#primaryimage","url":"https:\/\/paragaleriedetalborjt.com\/wp-content\/uploads\/2026\/01\/3760274570032.jpg","contentUrl":"https:\/\/paragaleriedetalborjt.com\/wp-content\/uploads\/2026\/01\/3760274570032.jpg","width":595,"height":655},{"@type":"BreadcrumbList","@id":"https:\/\/paragaleriedetalborjt.com\/boutique\/caditar-shampoing-cheveux-gras-150-ml\/#breadcrumb","itemListElement":[{"@type":"ListItem","position":1,"name":"Accueil","item":"https:\/\/paragaleriedetalborjt.com\/"},{"@type":"ListItem","position":2,"name":"Boutique","item":"https:\/\/paragaleriedetalborjt.com\/boutique\/"},{"@type":"ListItem","position":3,"name":"Caditar Shampoing Cheveux Gras \u2013 150 ml"}]},{"@type":"WebSite","@id":"https:\/\/paragaleriedetalborjt.com\/#website","url":"https:\/\/paragaleriedetalborjt.com\/","name":"paragaleriedetalborjt","description":"","potentialAction":[{"@type":"SearchAction","target":{"@type":"EntryPoint","urlTemplate":"https:\/\/paragaleriedetalborjt.com\/?s={search_term_string}"},"query-input":{"@type":"PropertyValueSpecification","valueRequired":true,"valueName":"search_term_string"}}],"inLanguage":"en-US"}]}},"brands":[],"_links":{"self":[{"href":"https:\/\/paragaleriedetalborjt.com\/en\/wp-json\/wp\/v2\/product\/37985","targetHints":{"allow":["GET"]}}],"collection":[{"href":"https:\/\/paragaleriedetalborjt.com\/en\/wp-json\/wp\/v2\/product"}],"about":[{"href":"https:\/\/paragaleriedetalborjt.com\/en\/wp-json\/wp\/v2\/types\/product"}],"replies":[{"embeddable":true,"href":"https:\/\/paragaleriedetalborjt.com\/en\/wp-json\/wp\/v2\/comments?post=37985"}],"version-history":[{"count":1,"href":"https:\/\/paragaleriedetalborjt.com\/en\/wp-json\/wp\/v2\/product\/37985\/revisions"}],"predecessor-version":[{"id":37987,"href":"https:\/\/paragaleriedetalborjt.com\/en\/wp-json\/wp\/v2\/product\/37985\/revisions\/37987"}],"wp:featuredmedia":[{"embeddable":true,"href":"https:\/\/paragaleriedetalborjt.com\/en\/wp-json\/wp\/v2\/media\/37986"}],"wp:attachment":[{"href":"https:\/\/paragaleriedetalborjt.com\/en\/wp-json\/wp\/v2\/media?parent=37985"}],"wp:term":[{"taxonomy":"pwb-brand","embeddable":true,"href":"https:\/\/paragaleriedetalborjt.com\/en\/wp-json\/wp\/v2\/pwb-brand?post=37985"},{"taxonomy":"product_cat","embeddable":true,"href":"https:\/\/paragaleriedetalborjt.com\/en\/wp-json\/wp\/v2\/product_cat?post=37985"},{"taxonomy":"product_tag","embeddable":true,"href":"https:\/\/paragaleriedetalborjt.com\/en\/wp-json\/wp\/v2\/product_tag?post=37985"}],"curies":[{"name":"wp","href":"https:\/\/api.w.org\/{rel}","templated":true}]}}