{"id":37958,"date":"2026-01-03T16:51:26","date_gmt":"2026-01-03T15:51:26","guid":{"rendered":"https:\/\/paragaleriedetalborjt.com\/?post_type=product&#038;p=37958"},"modified":"2026-01-03T16:51:27","modified_gmt":"2026-01-03T15:51:27","slug":"eucerin-anti-pigment-soin-de-jour-spf-30-50-ml","status":"publish","type":"product","link":"https:\/\/paragaleriedetalborjt.com\/en\/boutique\/eucerin-anti-pigment-soin-de-jour-spf-30-50-ml\/","title":{"rendered":"Eucerin ANTI-PIGMENT SOIN DE JOUR SPF 30 \u2013 50 ML"},"content":{"rendered":"<div aria-labelledby=\"tab-title-description\" class=\"woocommerce-Tabs-panel woocommerce-Tabs-panel--description panel entry-content wc-tab\" id=\"tab-description\" role=\"tabpanel\" style=\"\">\n<h2>Description<\/h2>\n<p><strong>EUCERIN Anti-Pigment Soin de Jour\u00a0SPF30 \u2013 50ml.\u00a0<\/strong><br \/>\nLa solution Soin de Jour SPF 30 ANTI-PIGMENT d\u2019Eucerin permet de r\u00e9duire efficacement les taches brunes sur le visage et d\u2019emp\u00eacher leur r\u00e9apparition.<br \/>\nD\u00e9couvrez le soin Eucerin ANTI-PIGMENT Soin de Jour SPF 30<br \/>\nEucerin ANTI-PIGMENT Soin de Jour SPF 30 dispose d\u2019\u00e9l\u00e9ments agissant comme filtre UVB (SPF 30) et UVA pour prot\u00e9ger la peau des diff\u00e9rents types de taches brunes\u00a0(taches brunes, taches de vieillesse, melasma ou masque de grossesse). Ce soin permet de retrouver une peau plus uniforme et plus \u00e9clatante gr\u00e2ce \u00e0 son action anti-taches brunes.<br \/>\nLe Soin de Jour Eucerin ANTI-PIGMENT SPF 30 hydratant contient :<br \/>\n\u2022 Du\u00a0Thiamidol*, actif brevet\u00e9 et efficace pour lutter contre l\u2019hyperpigmentation en r\u00e9duisant la production de m\u00e9lanine qui responsable de l\u2019apparition des taches brunes ;<br \/>\n\u2022 D\u2019autres actifs et composants qui permettent de favoriser la p\u00e9n\u00e9tration du soin dans la peau et de l\u2019hydrater ;<br \/>\nM\u00eame par temps nuageux, les rayons du soleil peuvent provoquer une hyperpigmentation et un photovieillissement. Avec les filtres UVA et UVB (SPF 30), ce Soin de Jour hydratant Eucerin prot\u00e8ge efficacement du soleil et r\u00e9duit les risques d\u2019apparition des taches brunes. La peau para\u00eet plus uniforme et plus \u00e9clatante.<br \/>\nPour \u00eatre efficace, le Soin de Jour SPF 30 ANTI-PIGMENT Eucerin n\u00e9cessite une utilisation r\u00e9guli\u00e8re. Pour des r\u00e9sultats optimaux, il est conseill\u00e9 d\u2019appliquer r\u00e9guli\u00e8rement ce produit combin\u00e9 avec le S\u00e9rum \u00c9clat ANTI-PIGMENT Eucerin.<br \/>\nDes \u00e9tudes cliniques et dermatologiques d\u00e9montrent une tr\u00e8s bonne efficacit\u00e9 et une bonne tol\u00e9rance \u00e0 la peau, ainsi que des r\u00e9sultats d\u00e8s 2 semaines d\u2019application**.<br \/>\n*Thiamidol brevet\u00e9 (EP 2 758 381 B1) France, Belgique, Pays-Bas<br \/>\n** Test d\u2019usage, 120 femmes \u00e2g\u00e9es de 25 \u00e0 55 ans, Novembre 2017.<\/p>\n<p><strong><span style=\"color: #ff0000;\">COMPOSITIONS &amp; INGR\u00c9DIENTS :<\/span><\/strong><br \/>\nFormule INCI : Aqua, Homosalate, Octocrylene, Glycerin, Butyl Methoxydibenzoylmethane, Ethylhexyl Salicylate, Glyceryl Glucoside, Glyceryl Stearate Citrate, Cetearyl Alcohol, Phenylbenzimidazole Sulfonic Acid, Butyrospermum Parkii Butter, Lauroyl Lysine Butylresorcinol, Glycyrrhetinic Acid, Dimethicone, Alkyl Acrylate Crosspolymer, Sodium Carbomer, Trisodium EDTA, 1-2-Hexanediol, Phenoxyethanol, piroctone-olamine, Parfum.<br \/>\nLa liste des ingr\u00e9dients peut \u00eatre soumise \u00e0 des variations, nous vous conseillons de toujours v\u00e9rifier la liste figurant sur le produit achet\u00e9.<\/p>\n<p><span style=\"color: #ff0000;\"><strong>CONSEILS D\u2019UTILISATION :<\/strong><\/span><br \/>\nCe soin est \u00e0 utiliser lorsque vous constatez l\u2019apparition de taches brunes sur votre peau, ou bien si le teint de votre visage est terne ou non uniforme. Appliquez le soin d\u00e9licatement chaque matin en massant doucement votre peau pour aider le soin \u00e0 p\u00e9n\u00e9trer votre \u00e9piderme.<br \/>\nPour lutter contre les UV nocifs, souvent \u00e0 l\u2019origine des taches pigmentaires, ce soin dot\u00e9 d\u2019un SPF 30 saura prouver son efficacit\u00e9 en r\u00e9fl\u00e9chissant les rayons UVA et UVB. Il permet \u00e9galement d\u2019att\u00e9nuer les taches brunes et d\u2019avoir un teint plus \u00e9clatant et plus uniforme.<br \/>\nDes essais cliniques montrent aussi que le Soin de Jour SPF 30 ANTI-PIGMENT d\u2019Eucerin emp\u00eache la r\u00e9apparition de taches brunes.<br \/>\nId\u00e9al pour obtenir un teint lumineux, ce soin est \u00e9galement parfait pour profiter pleinement de l\u2019\u00e9t\u00e9 et prot\u00e9ger votre visage de l\u2019apparition des taches.<br \/>\nPour de meilleurs r\u00e9sultats, utilisez ce s\u00e9rum en association avec Eucerin ANTI-PIGMENT S\u00e9rum Duo, Eucerin ANTI-PIGMENT Soin de Nuit et Eucerin ANTI-PIGMENT Correcteur de Taches.<br \/>\nAppliquez chaque produit une fois par jour. Nous vous conseillons de ne pas d\u00e9passer quatre applications de produits contenant du Thiamidol par jour.<\/p>\n<p><span style=\"color: #ff0000;\"><strong>Comment emp\u00eacher l\u2019apparition de t\u00e2ches brunes sur le visage ?<\/strong><\/span><br \/>\nLes\u00a0taches brunes\u00a0sont l\u2019un des probl\u00e8mes de peau les plus courants chez les personnes de tous \u00e2ges et de tous types de peau. Elles sont souvent caus\u00e9es par l\u2019exposition au soleil, l\u2019\u00e2ge, les hormones et d\u2019autres facteurs. Les taches brunes sur le visage peuvent \u00eatre inesth\u00e9tiques et difficiles \u00e0 camoufler avec du maquillage. Heureusement, il existe des moyens de pr\u00e9venir leur apparition et de r\u00e9duire l\u2019apparence de celles qui existent d\u00e9j\u00e0. La premi\u00e8re \u00e9tape pour pr\u00e9venir les taches brunes est de prot\u00e9ger votre peau du soleil. Utilisez toujours un \u00e9cran solaire avec un FPS de 30 ou plus lorsque vous sortez \u00e0 l\u2019ext\u00e9rieur. Vous pouvez aussi porter un chapeau et des v\u00eatements de protection solaire pour \u00e9viter une exposition excessive. Limitez \u00e9galement votre temps d\u2019exposition au soleil et \u00e9vitez de sortir pendant les heures les plus chaudes de la journ\u00e9e.<br \/>\nEn plus de la protection solaire, une bonne routine de soins de la peau peut aider \u00e0 pr\u00e9venir les taches brunes. Assurez-vous de nettoyer votre visage r\u00e9guli\u00e8rement pour \u00e9liminer les impuret\u00e9s et les cellules mortes de la peau. Utilisez des produits qui contiennent des ingr\u00e9dients favorisant l\u2019\u00e9clat tels que la vitamine C, l\u2019acide kojique et l\u2019acide glycolique. Ces ingr\u00e9dients peuvent aider \u00e0\u00a0r\u00e9duire la pigmentation de la peau\u00a0et \u00e0 pr\u00e9venir les taches brunes. Si vous avez d\u00e9j\u00e0 des taches brunes sur le visage, il existe des traitements efficaces pour les r\u00e9duire.<br \/>\nLe\u00a0Thiamidol est un ingr\u00e9dient actif brevet\u00e9 employ\u00e9 par la marque Eucerin\u00a0pour aider \u00e0 r\u00e9duire les taches brunes et \u00e0 pr\u00e9venir leur r\u00e9apparition. Il agit en inhibant la production de m\u00e9lanine dans la peau, ce qui \u00e9claircit les taches brunes existantes. Plusieurs \u00e9tudes cliniques ont montr\u00e9 que le Thiamidol est tr\u00e8s efficace pour r\u00e9duire l\u2019apparence des taches brunes sur le visage. Il a \u00e9t\u00e9 d\u00e9montr\u00e9 qu\u2019il r\u00e9duisait la production de m\u00e9lanine dans la peau de mani\u00e8re significative et qu\u2019il aidait \u00e0 \u00e9claircir les taches brunes existantes.<\/p>\n<\/div>","protected":false},"excerpt":{"rendered":"<p>Highlights:EUCERIN Anti-Pigment Soin de Jour\u00a0SPF30 \u2013 50ml.La solution Soin de Jour SPF 30 ANTI-PIGMENT d\u2019Eucerin permet de r\u00e9duire efficacement les taches brunes sur le visage et d\u2019emp\u00eacher leur r\u00e9apparition.D\u00e9couvrez le soin Eucerin ANTI-PIGMENT Soin de Jour SPF 30Eucerin ANTI-PIGMENT Soin de Jour SPF 30 dispose d\u2019\u00e9l\u00e9ments agissant comme filtre UVB (SPF 30) et UVA pour prot\u00e9ger la peau des diff\u00e9rents types de taches brunes\u00a0(taches brunes, taches de vieillesse, melasma ou masque de grossesse). Ce soin permet de retrouver une peau plus uniforme et plus \u00e9clatante gr\u00e2ce \u00e0 son action anti-taches brunes.Le Soin de Jour Eucerin ANTI-PIGMENT SPF 30 hydratant contient :\u2022 Du\u00a0Thiamidol*, actif brevet\u00e9 et efficace pour lutter contre l\u2019hyperpigmentation en r\u00e9duisant la production de m\u00e9lanine qui responsable de l\u2019apparition des taches brunes ;\u2022 D\u2019autres actifs et composants qui permettent de favoriser la p\u00e9n\u00e9tration du soin dans la peau et de l\u2019hydrater ;M\u00eame par temps nuageux, les rayons du soleil peuvent provoquer une hyperpigmentation et un photovieillissement. Avec les filtres UVA et UVB (SPF 30), ce Soin de Jour hydratant Eucerin prot\u00e8ge efficacement du soleil et r\u00e9duit les risques d\u2019apparition des taches brunes. La peau para\u00eet plus uniforme et plus \u00e9clatante.Pour \u00eatre efficace, le Soin de Jour SPF 30 ANTI-PIGMENT Eucerin n\u00e9cessite une utilisation r\u00e9guli\u00e8re. Pour des r\u00e9sultats optimaux, il est conseill\u00e9 d\u2019appliquer r\u00e9guli\u00e8rement ce produit combin\u00e9 avec le S\u00e9rum \u00c9clat ANTI-PIGMENT Eucerin.Des \u00e9tudes cliniques et dermatologiques d\u00e9montrent une tr\u00e8s bonne efficacit\u00e9 et une bonne tol\u00e9rance \u00e0 la peau, ainsi que des r\u00e9sultats d\u00e8s 2 semaines d\u2019application**.*Thiamidol brevet\u00e9 (EP 2 758 381 B1) France, Belgique, Pays-Bas** Test d\u2019usage, 120 femmes \u00e2g\u00e9es de 25 \u00e0 55 ans, Novembre 2017.<\/p>","protected":false},"featured_media":37959,"comment_status":"open","ping_status":"closed","template":"","meta":[],"pwb-brand":[],"product_cat":[16],"product_tag":[],"class_list":{"0":"post-37958","1":"product","2":"type-product","3":"status-publish","4":"has-post-thumbnail","6":"product_cat-non-classe","7":"pa_brands-eucerin","9":"first","10":"instock","11":"sale","12":"shipping-taxable","13":"purchasable","14":"product-type-simple"},"yoast_head":"<!-- This site is optimized with the Yoast SEO plugin v26.9 - https:\/\/yoast.com\/product\/yoast-seo-wordpress\/ -->\n<title>Eucerin ANTI-PIGMENT SOIN DE JOUR SPF 30 \u2013 50 ML - paragaleriedetalborjt<\/title>\n<meta name=\"robots\" content=\"index, follow, max-snippet:-1, max-image-preview:large, max-video-preview:-1\" \/>\n<link rel=\"canonical\" href=\"https:\/\/paragaleriedetalborjt.com\/en\/boutique\/eucerin-anti-pigment-soin-de-jour-spf-30-50-ml\/\" \/>\n<meta property=\"og:locale\" content=\"en_US\" \/>\n<meta property=\"og:type\" content=\"article\" \/>\n<meta property=\"og:title\" content=\"Eucerin ANTI-PIGMENT SOIN DE JOUR SPF 30 \u2013 50 ML - paragaleriedetalborjt\" \/>\n<meta property=\"og:description\" content=\"Highlights:EUCERIN Anti-Pigment Soin de Jour\u00a0SPF30 \u2013 50ml.La solution Soin de Jour SPF 30 ANTI-PIGMENT d\u2019Eucerin permet de r\u00e9duire efficacement les taches brunes sur le visage et d\u2019emp\u00eacher leur r\u00e9apparition.D\u00e9couvrez le soin Eucerin ANTI-PIGMENT Soin de Jour SPF 30Eucerin ANTI-PIGMENT Soin de Jour SPF 30 dispose d\u2019\u00e9l\u00e9ments agissant comme filtre UVB (SPF 30) et UVA pour prot\u00e9ger la peau des diff\u00e9rents types de taches brunes\u00a0(taches brunes, taches de vieillesse, melasma ou masque de grossesse). Ce soin permet de retrouver une peau plus uniforme et plus \u00e9clatante gr\u00e2ce \u00e0 son action anti-taches brunes.Le Soin de Jour Eucerin ANTI-PIGMENT SPF 30 hydratant contient :\u2022 Du\u00a0Thiamidol*, actif brevet\u00e9 et efficace pour lutter contre l\u2019hyperpigmentation en r\u00e9duisant la production de m\u00e9lanine qui responsable de l\u2019apparition des taches brunes ;\u2022 D\u2019autres actifs et composants qui permettent de favoriser la p\u00e9n\u00e9tration du soin dans la peau et de l\u2019hydrater ;M\u00eame par temps nuageux, les rayons du soleil peuvent provoquer une hyperpigmentation et un photovieillissement. Avec les filtres UVA et UVB (SPF 30), ce Soin de Jour hydratant Eucerin prot\u00e8ge efficacement du soleil et r\u00e9duit les risques d\u2019apparition des taches brunes. La peau para\u00eet plus uniforme et plus \u00e9clatante.Pour \u00eatre efficace, le Soin de Jour SPF 30 ANTI-PIGMENT Eucerin n\u00e9cessite une utilisation r\u00e9guli\u00e8re. Pour des r\u00e9sultats optimaux, il est conseill\u00e9 d\u2019appliquer r\u00e9guli\u00e8rement ce produit combin\u00e9 avec le S\u00e9rum \u00c9clat ANTI-PIGMENT Eucerin.Des \u00e9tudes cliniques et dermatologiques d\u00e9montrent une tr\u00e8s bonne efficacit\u00e9 et une bonne tol\u00e9rance \u00e0 la peau, ainsi que des r\u00e9sultats d\u00e8s 2 semaines d\u2019application**.*Thiamidol brevet\u00e9 (EP 2 758 381 B1) France, Belgique, Pays-Bas** Test d\u2019usage, 120 femmes \u00e2g\u00e9es de 25 \u00e0 55 ans, Novembre 2017.\" \/>\n<meta property=\"og:url\" content=\"https:\/\/paragaleriedetalborjt.com\/en\/boutique\/eucerin-anti-pigment-soin-de-jour-spf-30-50-ml\/\" \/>\n<meta property=\"og:site_name\" content=\"paragaleriedetalborjt\" \/>\n<meta property=\"article:modified_time\" content=\"2026-01-03T15:51:27+00:00\" \/>\n<meta property=\"og:image\" content=\"https:\/\/paragaleriedetalborjt.com\/wp-content\/uploads\/2026\/01\/1-28-600x600-1.jpg\" \/>\n\t<meta property=\"og:image:width\" content=\"600\" \/>\n\t<meta property=\"og:image:height\" content=\"600\" \/>\n\t<meta property=\"og:image:type\" content=\"image\/jpeg\" \/>\n<meta name=\"twitter:card\" content=\"summary_large_image\" \/>\n<meta name=\"twitter:label1\" content=\"Est. reading time\" \/>\n\t<meta name=\"twitter:data1\" content=\"5 minutes\" \/>\n<script type=\"application\/ld+json\" class=\"yoast-schema-graph\">{\"@context\":\"https:\/\/schema.org\",\"@graph\":[{\"@type\":\"WebPage\",\"@id\":\"https:\/\/paragaleriedetalborjt.com\/boutique\/eucerin-anti-pigment-soin-de-jour-spf-30-50-ml\/\",\"url\":\"https:\/\/paragaleriedetalborjt.com\/boutique\/eucerin-anti-pigment-soin-de-jour-spf-30-50-ml\/\",\"name\":\"Eucerin ANTI-PIGMENT SOIN DE JOUR SPF 30 \u2013 50 ML - paragaleriedetalborjt\",\"isPartOf\":{\"@id\":\"https:\/\/paragaleriedetalborjt.com\/#website\"},\"primaryImageOfPage\":{\"@id\":\"https:\/\/paragaleriedetalborjt.com\/boutique\/eucerin-anti-pigment-soin-de-jour-spf-30-50-ml\/#primaryimage\"},\"image\":{\"@id\":\"https:\/\/paragaleriedetalborjt.com\/boutique\/eucerin-anti-pigment-soin-de-jour-spf-30-50-ml\/#primaryimage\"},\"thumbnailUrl\":\"https:\/\/paragaleriedetalborjt.com\/wp-content\/uploads\/2026\/01\/1-28-600x600-1.jpg\",\"datePublished\":\"2026-01-03T15:51:26+00:00\",\"dateModified\":\"2026-01-03T15:51:27+00:00\",\"breadcrumb\":{\"@id\":\"https:\/\/paragaleriedetalborjt.com\/boutique\/eucerin-anti-pigment-soin-de-jour-spf-30-50-ml\/#breadcrumb\"},\"inLanguage\":\"en-US\",\"potentialAction\":[{\"@type\":\"ReadAction\",\"target\":[\"https:\/\/paragaleriedetalborjt.com\/boutique\/eucerin-anti-pigment-soin-de-jour-spf-30-50-ml\/\"]}]},{\"@type\":\"ImageObject\",\"inLanguage\":\"en-US\",\"@id\":\"https:\/\/paragaleriedetalborjt.com\/boutique\/eucerin-anti-pigment-soin-de-jour-spf-30-50-ml\/#primaryimage\",\"url\":\"https:\/\/paragaleriedetalborjt.com\/wp-content\/uploads\/2026\/01\/1-28-600x600-1.jpg\",\"contentUrl\":\"https:\/\/paragaleriedetalborjt.com\/wp-content\/uploads\/2026\/01\/1-28-600x600-1.jpg\",\"width\":600,\"height\":600},{\"@type\":\"BreadcrumbList\",\"@id\":\"https:\/\/paragaleriedetalborjt.com\/boutique\/eucerin-anti-pigment-soin-de-jour-spf-30-50-ml\/#breadcrumb\",\"itemListElement\":[{\"@type\":\"ListItem\",\"position\":1,\"name\":\"Accueil\",\"item\":\"https:\/\/paragaleriedetalborjt.com\/\"},{\"@type\":\"ListItem\",\"position\":2,\"name\":\"Boutique\",\"item\":\"https:\/\/paragaleriedetalborjt.com\/boutique\/\"},{\"@type\":\"ListItem\",\"position\":3,\"name\":\"Eucerin ANTI-PIGMENT SOIN DE JOUR SPF 30 \u2013 50 ML\"}]},{\"@type\":\"WebSite\",\"@id\":\"https:\/\/paragaleriedetalborjt.com\/#website\",\"url\":\"https:\/\/paragaleriedetalborjt.com\/\",\"name\":\"paragaleriedetalborjt\",\"description\":\"\",\"potentialAction\":[{\"@type\":\"SearchAction\",\"target\":{\"@type\":\"EntryPoint\",\"urlTemplate\":\"https:\/\/paragaleriedetalborjt.com\/?s={search_term_string}\"},\"query-input\":{\"@type\":\"PropertyValueSpecification\",\"valueRequired\":true,\"valueName\":\"search_term_string\"}}],\"inLanguage\":\"en-US\"}]}<\/script>\n<!-- \/ Yoast SEO plugin. -->","yoast_head_json":{"title":"Eucerin ANTI-PIGMENT SOIN DE JOUR SPF 30 \u2013 50 ML - paragaleriedetalborjt","robots":{"index":"index","follow":"follow","max-snippet":"max-snippet:-1","max-image-preview":"max-image-preview:large","max-video-preview":"max-video-preview:-1"},"canonical":"https:\/\/paragaleriedetalborjt.com\/en\/boutique\/eucerin-anti-pigment-soin-de-jour-spf-30-50-ml\/","og_locale":"en_US","og_type":"article","og_title":"Eucerin ANTI-PIGMENT SOIN DE JOUR SPF 30 \u2013 50 ML - paragaleriedetalborjt","og_description":"Highlights:EUCERIN Anti-Pigment Soin de Jour\u00a0SPF30 \u2013 50ml.La solution Soin de Jour SPF 30 ANTI-PIGMENT d\u2019Eucerin permet de r\u00e9duire efficacement les taches brunes sur le visage et d\u2019emp\u00eacher leur r\u00e9apparition.D\u00e9couvrez le soin Eucerin ANTI-PIGMENT Soin de Jour SPF 30Eucerin ANTI-PIGMENT Soin de Jour SPF 30 dispose d\u2019\u00e9l\u00e9ments agissant comme filtre UVB (SPF 30) et UVA pour prot\u00e9ger la peau des diff\u00e9rents types de taches brunes\u00a0(taches brunes, taches de vieillesse, melasma ou masque de grossesse). Ce soin permet de retrouver une peau plus uniforme et plus \u00e9clatante gr\u00e2ce \u00e0 son action anti-taches brunes.Le Soin de Jour Eucerin ANTI-PIGMENT SPF 30 hydratant contient :\u2022 Du\u00a0Thiamidol*, actif brevet\u00e9 et efficace pour lutter contre l\u2019hyperpigmentation en r\u00e9duisant la production de m\u00e9lanine qui responsable de l\u2019apparition des taches brunes ;\u2022 D\u2019autres actifs et composants qui permettent de favoriser la p\u00e9n\u00e9tration du soin dans la peau et de l\u2019hydrater ;M\u00eame par temps nuageux, les rayons du soleil peuvent provoquer une hyperpigmentation et un photovieillissement. Avec les filtres UVA et UVB (SPF 30), ce Soin de Jour hydratant Eucerin prot\u00e8ge efficacement du soleil et r\u00e9duit les risques d\u2019apparition des taches brunes. La peau para\u00eet plus uniforme et plus \u00e9clatante.Pour \u00eatre efficace, le Soin de Jour SPF 30 ANTI-PIGMENT Eucerin n\u00e9cessite une utilisation r\u00e9guli\u00e8re. Pour des r\u00e9sultats optimaux, il est conseill\u00e9 d\u2019appliquer r\u00e9guli\u00e8rement ce produit combin\u00e9 avec le S\u00e9rum \u00c9clat ANTI-PIGMENT Eucerin.Des \u00e9tudes cliniques et dermatologiques d\u00e9montrent une tr\u00e8s bonne efficacit\u00e9 et une bonne tol\u00e9rance \u00e0 la peau, ainsi que des r\u00e9sultats d\u00e8s 2 semaines d\u2019application**.*Thiamidol brevet\u00e9 (EP 2 758 381 B1) France, Belgique, Pays-Bas** Test d\u2019usage, 120 femmes \u00e2g\u00e9es de 25 \u00e0 55 ans, Novembre 2017.","og_url":"https:\/\/paragaleriedetalborjt.com\/en\/boutique\/eucerin-anti-pigment-soin-de-jour-spf-30-50-ml\/","og_site_name":"paragaleriedetalborjt","article_modified_time":"2026-01-03T15:51:27+00:00","og_image":[{"width":600,"height":600,"url":"https:\/\/paragaleriedetalborjt.com\/wp-content\/uploads\/2026\/01\/1-28-600x600-1.jpg","type":"image\/jpeg"}],"twitter_card":"summary_large_image","twitter_misc":{"Est. reading time":"5 minutes"},"schema":{"@context":"https:\/\/schema.org","@graph":[{"@type":"WebPage","@id":"https:\/\/paragaleriedetalborjt.com\/boutique\/eucerin-anti-pigment-soin-de-jour-spf-30-50-ml\/","url":"https:\/\/paragaleriedetalborjt.com\/boutique\/eucerin-anti-pigment-soin-de-jour-spf-30-50-ml\/","name":"Eucerin ANTI-PIGMENT SOIN DE JOUR SPF 30 \u2013 50 ML - paragaleriedetalborjt","isPartOf":{"@id":"https:\/\/paragaleriedetalborjt.com\/#website"},"primaryImageOfPage":{"@id":"https:\/\/paragaleriedetalborjt.com\/boutique\/eucerin-anti-pigment-soin-de-jour-spf-30-50-ml\/#primaryimage"},"image":{"@id":"https:\/\/paragaleriedetalborjt.com\/boutique\/eucerin-anti-pigment-soin-de-jour-spf-30-50-ml\/#primaryimage"},"thumbnailUrl":"https:\/\/paragaleriedetalborjt.com\/wp-content\/uploads\/2026\/01\/1-28-600x600-1.jpg","datePublished":"2026-01-03T15:51:26+00:00","dateModified":"2026-01-03T15:51:27+00:00","breadcrumb":{"@id":"https:\/\/paragaleriedetalborjt.com\/boutique\/eucerin-anti-pigment-soin-de-jour-spf-30-50-ml\/#breadcrumb"},"inLanguage":"en-US","potentialAction":[{"@type":"ReadAction","target":["https:\/\/paragaleriedetalborjt.com\/boutique\/eucerin-anti-pigment-soin-de-jour-spf-30-50-ml\/"]}]},{"@type":"ImageObject","inLanguage":"en-US","@id":"https:\/\/paragaleriedetalborjt.com\/boutique\/eucerin-anti-pigment-soin-de-jour-spf-30-50-ml\/#primaryimage","url":"https:\/\/paragaleriedetalborjt.com\/wp-content\/uploads\/2026\/01\/1-28-600x600-1.jpg","contentUrl":"https:\/\/paragaleriedetalborjt.com\/wp-content\/uploads\/2026\/01\/1-28-600x600-1.jpg","width":600,"height":600},{"@type":"BreadcrumbList","@id":"https:\/\/paragaleriedetalborjt.com\/boutique\/eucerin-anti-pigment-soin-de-jour-spf-30-50-ml\/#breadcrumb","itemListElement":[{"@type":"ListItem","position":1,"name":"Accueil","item":"https:\/\/paragaleriedetalborjt.com\/"},{"@type":"ListItem","position":2,"name":"Boutique","item":"https:\/\/paragaleriedetalborjt.com\/boutique\/"},{"@type":"ListItem","position":3,"name":"Eucerin ANTI-PIGMENT SOIN DE JOUR SPF 30 \u2013 50 ML"}]},{"@type":"WebSite","@id":"https:\/\/paragaleriedetalborjt.com\/#website","url":"https:\/\/paragaleriedetalborjt.com\/","name":"paragaleriedetalborjt","description":"","potentialAction":[{"@type":"SearchAction","target":{"@type":"EntryPoint","urlTemplate":"https:\/\/paragaleriedetalborjt.com\/?s={search_term_string}"},"query-input":{"@type":"PropertyValueSpecification","valueRequired":true,"valueName":"search_term_string"}}],"inLanguage":"en-US"}]}},"brands":[],"_links":{"self":[{"href":"https:\/\/paragaleriedetalborjt.com\/en\/wp-json\/wp\/v2\/product\/37958","targetHints":{"allow":["GET"]}}],"collection":[{"href":"https:\/\/paragaleriedetalborjt.com\/en\/wp-json\/wp\/v2\/product"}],"about":[{"href":"https:\/\/paragaleriedetalborjt.com\/en\/wp-json\/wp\/v2\/types\/product"}],"replies":[{"embeddable":true,"href":"https:\/\/paragaleriedetalborjt.com\/en\/wp-json\/wp\/v2\/comments?post=37958"}],"version-history":[{"count":1,"href":"https:\/\/paragaleriedetalborjt.com\/en\/wp-json\/wp\/v2\/product\/37958\/revisions"}],"predecessor-version":[{"id":37960,"href":"https:\/\/paragaleriedetalborjt.com\/en\/wp-json\/wp\/v2\/product\/37958\/revisions\/37960"}],"wp:featuredmedia":[{"embeddable":true,"href":"https:\/\/paragaleriedetalborjt.com\/en\/wp-json\/wp\/v2\/media\/37959"}],"wp:attachment":[{"href":"https:\/\/paragaleriedetalborjt.com\/en\/wp-json\/wp\/v2\/media?parent=37958"}],"wp:term":[{"taxonomy":"pwb-brand","embeddable":true,"href":"https:\/\/paragaleriedetalborjt.com\/en\/wp-json\/wp\/v2\/pwb-brand?post=37958"},{"taxonomy":"product_cat","embeddable":true,"href":"https:\/\/paragaleriedetalborjt.com\/en\/wp-json\/wp\/v2\/product_cat?post=37958"},{"taxonomy":"product_tag","embeddable":true,"href":"https:\/\/paragaleriedetalborjt.com\/en\/wp-json\/wp\/v2\/product_tag?post=37958"}],"curies":[{"name":"wp","href":"https:\/\/api.w.org\/{rel}","templated":true}]}}