{"id":37922,"date":"2026-01-03T16:50:26","date_gmt":"2026-01-03T15:50:26","guid":{"rendered":"https:\/\/paragaleriedetalborjt.com\/?post_type=product&#038;p=37922"},"modified":"2026-01-03T16:50:26","modified_gmt":"2026-01-03T15:50:26","slug":"cetaphil-lotion-nettoyante-500-ml","status":"publish","type":"product","link":"https:\/\/paragaleriedetalborjt.com\/en\/boutique\/cetaphil-lotion-nettoyante-500-ml\/","title":{"rendered":"Cetaphil \u2013 Lotion nettoyante \u2013 500 ml"},"content":{"rendered":"<div aria-labelledby=\"tab-title-description\" class=\"woocommerce-Tabs-panel woocommerce-Tabs-panel--description panel entry-content wc-tab\" id=\"tab-description\" role=\"tabpanel\" style=\"\">\n<h2>Description<\/h2>\n<p>Soyez doux avec votre peau sensible avec la lotion nettoyante Cetaphil, un nettoyant quotidien cr\u00e9meux et non moussant pour le visage, id\u00e9al pour les peaux s\u00e8ches \u00e0 normales.<\/p>\n<p>Le nettoyant pour le visage doux mais efficace utilise la technologie micellaire pour \u00e9liminer la salet\u00e9, le maquillage et les impuret\u00e9s tout en hydratant la peau.Formul\u00e9 avec un nouveau m\u00e9lange d\u2019ingr\u00e9dients cl\u00e9s : glyc\u00e9rine hydratante, panth\u00e9nol (pro-vitamine B5) pour hydrater, apaiser et pr\u00e9server la barri\u00e8re cutan\u00e9e, et la niacinamide (vitamine B3) pour aider \u00e0 lisser la texture de la peau et retenir la barri\u00e8re d\u2019hydratation de la peau.<\/p>\n<p>Il hydrate et apaise tout en nettoyant pour maintenir la barri\u00e8re d\u2019hydratation naturelle de la peau et fournir 48 heures d\u2019hydratation une fois essuy\u00e9, aidant \u00e0 se d\u00e9fendre contre 5 signes de la peau sensible. Hypoallerg\u00e9nique, sans savon, sans parfum, sans paraben et sans sulfate pour nettoyer sans irritation et sans obstruer les pores, laissant votre peau douce et lisse.<\/p>\n<p>Test\u00e9 cliniquement m\u00eame pour les peaux les plus sensibles.<\/p>\n<\/div>","protected":false},"excerpt":{"rendered":"<p>Highlights:\u2022 NETTOYANT DOUX POUR LA PEAU CETAPHIL: prouv\u00e9 cliniquement qu\u2019il nettoie tout en hydratant, procurant 48 heures d\u2019hydratation lorsqu\u2019il est essuy\u00e9 au lieu de rinc\u00e9\u2022 ID\u00c9AL POUR LES PEAUX NORMALES \u00c0 S\u00c8CHES ET SENSIBLES : Hydrate et apaise tout en nettoyant, pr\u00e9servant la barri\u00e8re d\u2019hydratation de la peau, m\u00eame apr\u00e8s plusieurs lavages\u2022 NOUVEAU M\u00c9LANGE D\u2019INGR\u00c9DIENTS AM\u00c9LIOR\u00c9S\u00a0: maintenant avec de la glyc\u00e9rine hydratante et de la vitamine B3 essentielle pour la peau (niacinamide) et de la provitamine B5 (panth\u00e9nol)\u2022 D\u00c9VELOPP\u00c9 M\u00caME POUR LES PEAUX LES PLUS SENSIBLES\u00a0: la formule hypoallerg\u00e9nique et non com\u00e9dog\u00e8ne est sans parfums, parab\u00e8nes et sulfates\u2022 N\u00b01 RECOMMAND\u00c9E PAR LES DERMATOLOGUES POUR LES PEAUX SENSIBLES>\u2022 D\u00c9FEND CONTRE LES 5 SIGNES DE LA PEAU SENSIBLE :S\u00e9cheresse, irritation, rugosit\u00e9, tiraillement et barri\u00e8re cutan\u00e9e alt\u00e9r\u00e9e.<\/p>","protected":false},"featured_media":37923,"comment_status":"open","ping_status":"closed","template":"","meta":[],"pwb-brand":[],"product_cat":[16],"product_tag":[],"class_list":{"0":"post-37922","1":"product","2":"type-product","3":"status-publish","4":"has-post-thumbnail","6":"product_cat-non-classe","7":"pa_brands-cetaphil","9":"first","10":"instock","11":"sale","12":"shipping-taxable","13":"purchasable","14":"product-type-simple"},"yoast_head":"<!-- This site is optimized with the Yoast SEO plugin v27.5 - https:\/\/yoast.com\/product\/yoast-seo-wordpress\/ -->\n<title>Cetaphil \u2013 Lotion nettoyante \u2013 500 ml - paragaleriedetalborjt<\/title>\n<meta name=\"robots\" content=\"index, follow, max-snippet:-1, max-image-preview:large, max-video-preview:-1\" \/>\n<link rel=\"canonical\" href=\"https:\/\/paragaleriedetalborjt.com\/en\/boutique\/cetaphil-lotion-nettoyante-500-ml\/\" \/>\n<meta property=\"og:locale\" content=\"en_US\" \/>\n<meta property=\"og:type\" content=\"article\" \/>\n<meta property=\"og:title\" content=\"Cetaphil \u2013 Lotion nettoyante \u2013 500 ml - paragaleriedetalborjt\" \/>\n<meta property=\"og:description\" content=\"Highlights:\u2022 NETTOYANT DOUX POUR LA PEAU CETAPHIL: prouv\u00e9 cliniquement qu\u2019il nettoie tout en hydratant, procurant 48 heures d\u2019hydratation lorsqu\u2019il est essuy\u00e9 au lieu de rinc\u00e9\u2022 ID\u00c9AL POUR LES PEAUX NORMALES \u00c0 S\u00c8CHES ET SENSIBLES : Hydrate et apaise tout en nettoyant, pr\u00e9servant la barri\u00e8re d\u2019hydratation de la peau, m\u00eame apr\u00e8s plusieurs lavages\u2022 NOUVEAU M\u00c9LANGE D\u2019INGR\u00c9DIENTS AM\u00c9LIOR\u00c9S\u00a0: maintenant avec de la glyc\u00e9rine hydratante et de la vitamine B3 essentielle pour la peau (niacinamide) et de la provitamine B5 (panth\u00e9nol)\u2022 D\u00c9VELOPP\u00c9 M\u00caME POUR LES PEAUX LES PLUS SENSIBLES\u00a0: la formule hypoallerg\u00e9nique et non com\u00e9dog\u00e8ne est sans parfums, parab\u00e8nes et sulfates\u2022 N\u00b01 RECOMMAND\u00c9E PAR LES DERMATOLOGUES POUR LES PEAUX SENSIBLES&gt;\u2022 D\u00c9FEND CONTRE LES 5 SIGNES DE LA PEAU SENSIBLE :S\u00e9cheresse, irritation, rugosit\u00e9, tiraillement et barri\u00e8re cutan\u00e9e alt\u00e9r\u00e9e.\" \/>\n<meta property=\"og:url\" content=\"https:\/\/paragaleriedetalborjt.com\/en\/boutique\/cetaphil-lotion-nettoyante-500-ml\/\" \/>\n<meta property=\"og:site_name\" content=\"paragaleriedetalborjt\" \/>\n<meta property=\"og:image\" content=\"https:\/\/paragaleriedetalborjt.com\/wp-content\/uploads\/2026\/01\/3499320012430-1.jpg\" \/>\n\t<meta property=\"og:image:width\" content=\"595\" \/>\n\t<meta property=\"og:image:height\" content=\"655\" \/>\n\t<meta property=\"og:image:type\" content=\"image\/jpeg\" \/>\n<meta name=\"twitter:card\" content=\"summary_large_image\" \/>\n<meta name=\"twitter:label1\" content=\"Est. reading time\" \/>\n\t<meta name=\"twitter:data1\" content=\"1 minute\" \/>\n<script type=\"application\/ld+json\" class=\"yoast-schema-graph\">{\"@context\":\"https:\\\/\\\/schema.org\",\"@graph\":[{\"@type\":\"WebPage\",\"@id\":\"https:\\\/\\\/paragaleriedetalborjt.com\\\/boutique\\\/cetaphil-lotion-nettoyante-500-ml\\\/\",\"url\":\"https:\\\/\\\/paragaleriedetalborjt.com\\\/boutique\\\/cetaphil-lotion-nettoyante-500-ml\\\/\",\"name\":\"Cetaphil \u2013 Lotion nettoyante \u2013 500 ml - paragaleriedetalborjt\",\"isPartOf\":{\"@id\":\"https:\\\/\\\/paragaleriedetalborjt.com\\\/#website\"},\"primaryImageOfPage\":{\"@id\":\"https:\\\/\\\/paragaleriedetalborjt.com\\\/boutique\\\/cetaphil-lotion-nettoyante-500-ml\\\/#primaryimage\"},\"image\":{\"@id\":\"https:\\\/\\\/paragaleriedetalborjt.com\\\/boutique\\\/cetaphil-lotion-nettoyante-500-ml\\\/#primaryimage\"},\"thumbnailUrl\":\"https:\\\/\\\/paragaleriedetalborjt.com\\\/wp-content\\\/uploads\\\/2026\\\/01\\\/3499320012430-1.jpg\",\"datePublished\":\"2026-01-03T15:50:26+00:00\",\"breadcrumb\":{\"@id\":\"https:\\\/\\\/paragaleriedetalborjt.com\\\/boutique\\\/cetaphil-lotion-nettoyante-500-ml\\\/#breadcrumb\"},\"inLanguage\":\"en-US\",\"potentialAction\":[{\"@type\":\"ReadAction\",\"target\":[\"https:\\\/\\\/paragaleriedetalborjt.com\\\/boutique\\\/cetaphil-lotion-nettoyante-500-ml\\\/\"]}]},{\"@type\":\"ImageObject\",\"inLanguage\":\"en-US\",\"@id\":\"https:\\\/\\\/paragaleriedetalborjt.com\\\/boutique\\\/cetaphil-lotion-nettoyante-500-ml\\\/#primaryimage\",\"url\":\"https:\\\/\\\/paragaleriedetalborjt.com\\\/wp-content\\\/uploads\\\/2026\\\/01\\\/3499320012430-1.jpg\",\"contentUrl\":\"https:\\\/\\\/paragaleriedetalborjt.com\\\/wp-content\\\/uploads\\\/2026\\\/01\\\/3499320012430-1.jpg\",\"width\":595,\"height\":655},{\"@type\":\"BreadcrumbList\",\"@id\":\"https:\\\/\\\/paragaleriedetalborjt.com\\\/boutique\\\/cetaphil-lotion-nettoyante-500-ml\\\/#breadcrumb\",\"itemListElement\":[{\"@type\":\"ListItem\",\"position\":1,\"name\":\"Accueil\",\"item\":\"https:\\\/\\\/paragaleriedetalborjt.com\\\/\"},{\"@type\":\"ListItem\",\"position\":2,\"name\":\"Boutique\",\"item\":\"https:\\\/\\\/paragaleriedetalborjt.com\\\/boutique\\\/\"},{\"@type\":\"ListItem\",\"position\":3,\"name\":\"Cetaphil \u2013 Lotion nettoyante \u2013 500 ml\"}]},{\"@type\":\"WebSite\",\"@id\":\"https:\\\/\\\/paragaleriedetalborjt.com\\\/#website\",\"url\":\"https:\\\/\\\/paragaleriedetalborjt.com\\\/\",\"name\":\"paragaleriedetalborjt\",\"description\":\"\",\"potentialAction\":[{\"@type\":\"SearchAction\",\"target\":{\"@type\":\"EntryPoint\",\"urlTemplate\":\"https:\\\/\\\/paragaleriedetalborjt.com\\\/?s={search_term_string}\"},\"query-input\":{\"@type\":\"PropertyValueSpecification\",\"valueRequired\":true,\"valueName\":\"search_term_string\"}}],\"inLanguage\":\"en-US\"}]}<\/script>\n<!-- \/ Yoast SEO plugin. -->","yoast_head_json":{"title":"Cetaphil \u2013 Lotion nettoyante \u2013 500 ml - paragaleriedetalborjt","robots":{"index":"index","follow":"follow","max-snippet":"max-snippet:-1","max-image-preview":"max-image-preview:large","max-video-preview":"max-video-preview:-1"},"canonical":"https:\/\/paragaleriedetalborjt.com\/en\/boutique\/cetaphil-lotion-nettoyante-500-ml\/","og_locale":"en_US","og_type":"article","og_title":"Cetaphil \u2013 Lotion nettoyante \u2013 500 ml - paragaleriedetalborjt","og_description":"Highlights:\u2022 NETTOYANT DOUX POUR LA PEAU CETAPHIL: prouv\u00e9 cliniquement qu\u2019il nettoie tout en hydratant, procurant 48 heures d\u2019hydratation lorsqu\u2019il est essuy\u00e9 au lieu de rinc\u00e9\u2022 ID\u00c9AL POUR LES PEAUX NORMALES \u00c0 S\u00c8CHES ET SENSIBLES : Hydrate et apaise tout en nettoyant, pr\u00e9servant la barri\u00e8re d\u2019hydratation de la peau, m\u00eame apr\u00e8s plusieurs lavages\u2022 NOUVEAU M\u00c9LANGE D\u2019INGR\u00c9DIENTS AM\u00c9LIOR\u00c9S\u00a0: maintenant avec de la glyc\u00e9rine hydratante et de la vitamine B3 essentielle pour la peau (niacinamide) et de la provitamine B5 (panth\u00e9nol)\u2022 D\u00c9VELOPP\u00c9 M\u00caME POUR LES PEAUX LES PLUS SENSIBLES\u00a0: la formule hypoallerg\u00e9nique et non com\u00e9dog\u00e8ne est sans parfums, parab\u00e8nes et sulfates\u2022 N\u00b01 RECOMMAND\u00c9E PAR LES DERMATOLOGUES POUR LES PEAUX SENSIBLES>\u2022 D\u00c9FEND CONTRE LES 5 SIGNES DE LA PEAU SENSIBLE :S\u00e9cheresse, irritation, rugosit\u00e9, tiraillement et barri\u00e8re cutan\u00e9e alt\u00e9r\u00e9e.","og_url":"https:\/\/paragaleriedetalborjt.com\/en\/boutique\/cetaphil-lotion-nettoyante-500-ml\/","og_site_name":"paragaleriedetalborjt","og_image":[{"width":595,"height":655,"url":"https:\/\/paragaleriedetalborjt.com\/wp-content\/uploads\/2026\/01\/3499320012430-1.jpg","type":"image\/jpeg"}],"twitter_card":"summary_large_image","twitter_misc":{"Est. reading time":"1 minute"},"schema":{"@context":"https:\/\/schema.org","@graph":[{"@type":"WebPage","@id":"https:\/\/paragaleriedetalborjt.com\/boutique\/cetaphil-lotion-nettoyante-500-ml\/","url":"https:\/\/paragaleriedetalborjt.com\/boutique\/cetaphil-lotion-nettoyante-500-ml\/","name":"Cetaphil \u2013 Lotion nettoyante \u2013 500 ml - paragaleriedetalborjt","isPartOf":{"@id":"https:\/\/paragaleriedetalborjt.com\/#website"},"primaryImageOfPage":{"@id":"https:\/\/paragaleriedetalborjt.com\/boutique\/cetaphil-lotion-nettoyante-500-ml\/#primaryimage"},"image":{"@id":"https:\/\/paragaleriedetalborjt.com\/boutique\/cetaphil-lotion-nettoyante-500-ml\/#primaryimage"},"thumbnailUrl":"https:\/\/paragaleriedetalborjt.com\/wp-content\/uploads\/2026\/01\/3499320012430-1.jpg","datePublished":"2026-01-03T15:50:26+00:00","breadcrumb":{"@id":"https:\/\/paragaleriedetalborjt.com\/boutique\/cetaphil-lotion-nettoyante-500-ml\/#breadcrumb"},"inLanguage":"en-US","potentialAction":[{"@type":"ReadAction","target":["https:\/\/paragaleriedetalborjt.com\/boutique\/cetaphil-lotion-nettoyante-500-ml\/"]}]},{"@type":"ImageObject","inLanguage":"en-US","@id":"https:\/\/paragaleriedetalborjt.com\/boutique\/cetaphil-lotion-nettoyante-500-ml\/#primaryimage","url":"https:\/\/paragaleriedetalborjt.com\/wp-content\/uploads\/2026\/01\/3499320012430-1.jpg","contentUrl":"https:\/\/paragaleriedetalborjt.com\/wp-content\/uploads\/2026\/01\/3499320012430-1.jpg","width":595,"height":655},{"@type":"BreadcrumbList","@id":"https:\/\/paragaleriedetalborjt.com\/boutique\/cetaphil-lotion-nettoyante-500-ml\/#breadcrumb","itemListElement":[{"@type":"ListItem","position":1,"name":"Accueil","item":"https:\/\/paragaleriedetalborjt.com\/"},{"@type":"ListItem","position":2,"name":"Boutique","item":"https:\/\/paragaleriedetalborjt.com\/boutique\/"},{"@type":"ListItem","position":3,"name":"Cetaphil \u2013 Lotion nettoyante \u2013 500 ml"}]},{"@type":"WebSite","@id":"https:\/\/paragaleriedetalborjt.com\/#website","url":"https:\/\/paragaleriedetalborjt.com\/","name":"paragaleriedetalborjt","description":"","potentialAction":[{"@type":"SearchAction","target":{"@type":"EntryPoint","urlTemplate":"https:\/\/paragaleriedetalborjt.com\/?s={search_term_string}"},"query-input":{"@type":"PropertyValueSpecification","valueRequired":true,"valueName":"search_term_string"}}],"inLanguage":"en-US"}]}},"brands":[],"_links":{"self":[{"href":"https:\/\/paragaleriedetalborjt.com\/en\/wp-json\/wp\/v2\/product\/37922","targetHints":{"allow":["GET"]}}],"collection":[{"href":"https:\/\/paragaleriedetalborjt.com\/en\/wp-json\/wp\/v2\/product"}],"about":[{"href":"https:\/\/paragaleriedetalborjt.com\/en\/wp-json\/wp\/v2\/types\/product"}],"replies":[{"embeddable":true,"href":"https:\/\/paragaleriedetalborjt.com\/en\/wp-json\/wp\/v2\/comments?post=37922"}],"version-history":[{"count":1,"href":"https:\/\/paragaleriedetalborjt.com\/en\/wp-json\/wp\/v2\/product\/37922\/revisions"}],"predecessor-version":[{"id":37924,"href":"https:\/\/paragaleriedetalborjt.com\/en\/wp-json\/wp\/v2\/product\/37922\/revisions\/37924"}],"wp:featuredmedia":[{"embeddable":true,"href":"https:\/\/paragaleriedetalborjt.com\/en\/wp-json\/wp\/v2\/media\/37923"}],"wp:attachment":[{"href":"https:\/\/paragaleriedetalborjt.com\/en\/wp-json\/wp\/v2\/media?parent=37922"}],"wp:term":[{"taxonomy":"pwb-brand","embeddable":true,"href":"https:\/\/paragaleriedetalborjt.com\/en\/wp-json\/wp\/v2\/pwb-brand?post=37922"},{"taxonomy":"product_cat","embeddable":true,"href":"https:\/\/paragaleriedetalborjt.com\/en\/wp-json\/wp\/v2\/product_cat?post=37922"},{"taxonomy":"product_tag","embeddable":true,"href":"https:\/\/paragaleriedetalborjt.com\/en\/wp-json\/wp\/v2\/product_tag?post=37922"}],"curies":[{"name":"wp","href":"https:\/\/api.w.org\/{rel}","templated":true}]}}