{"id":37910,"date":"2026-01-03T16:50:05","date_gmt":"2026-01-03T15:50:05","guid":{"rendered":"https:\/\/paragaleriedetalborjt.com\/?post_type=product&#038;p=37910"},"modified":"2026-01-03T16:50:05","modified_gmt":"2026-01-03T15:50:05","slug":"eucerin-dermopure-gommage-100-ml","status":"publish","type":"product","link":"https:\/\/paragaleriedetalborjt.com\/en\/boutique\/eucerin-dermopure-gommage-100-ml\/","title":{"rendered":"Eucerin DERMOPURE GOMMAGE 100 ML"},"content":{"rendered":"<div aria-labelledby=\"tab-title-description\" class=\"woocommerce-Tabs-panel woocommerce-Tabs-panel--description panel entry-content wc-tab\" id=\"tab-description\" role=\"tabpanel\" style=\"\">\n<h2>Description<\/h2>\n<p><strong>EUCERIN DermoPure, Gommage Anti Imperfections, D\u00e9sobstrue les pores. Affine le grain de peau.Peaux \u00e0 imperfections, 100ml.<\/strong><br \/>\nGr\u00e2ce \u00e0 sa formule enrichie en Acide lactique et qui renferme des microparticules, Eucerin DermoPure Gommage anti-imperfections d\u00e9sobstrue les pores, contribue \u00e0 combattre les points noirs et les imperfections et affine le grain de peau. L\u2019Acide lactique limite la formation de com\u00e9dons et pr\u00e9vient donc leur r\u00e9apparition. Facteur naturel d\u2019hydratation, il r\u00e9gule \u00e9galement le pH de la peau et r\u00e9duit ainsi les exc\u00e8s de s\u00e9bum.<br \/>\nGommage pour les peaux grasses \u00e0 tendance acn\u00e9ique<br \/>\nLa gamme Eucerin DERMOPURE a \u00e9t\u00e9 sp\u00e9cialement formul\u00e9e pour cibler les principales causes et pr\u00e9occupations de l\u2019acn\u00e9 et des peaux grasses \u00e0 imperfections\u00a0:<br \/>\n\u2022 La\u00a0micro-inflammation\u00a0: la cause profonde du cycle de l\u2019acn\u00e9 ;<br \/>\n\u2022 La\u00a0production excessive de s\u00e9bum, \u00e9galement appel\u00e9e s\u00e9borrh\u00e9e ;<br \/>\n\u2022 L\u2019hyperk\u00e9ratose\u00a0(\u00e9paississement des couches externes de la peau) entra\u00eenant la formation de points noirs et de points blancs ;<br \/>\n\u2022 La\u00a0colonisation microbienne\u00a0(augmentation de la prolif\u00e9ration bact\u00e9rienne), entra\u00eenant une inflammation visible sous forme de papules et de pustules.<\/p>\n<p><span style=\"color: #ff0000;\"><strong>COMPOSITIONS &amp; INGR\u00c9DIENTS :<\/strong><\/span><br \/>\nFormule INCI :\u00a0Aqua Coco Glucoside Coco-Betaine Microcrystalline Cellulose Acrylates\/C10-30 Alkyl Acrylate Crosspolymer Lactic Acid Sodium Chloride Sodium Hydroxide Cellulose Mannitol Polyquaternium-10 Sodium Benzoate Phenoxyethanol Benzophenone-4 Parfum CI 77289.<br \/>\nNon com\u00e9dog\u00e8ne.<br \/>\nLa liste des ingr\u00e9dients peut \u00eatre soumise \u00e0 des variations, nous vous conseillons de toujours v\u00e9rifier la liste figurant sur le produit achet\u00e9.<\/p>\n<p><span style=\"color: #ff0000;\"><strong>CONSEILS D\u2019UTILISATION :<\/strong><\/span><br \/>\nUtilisez le gommage une fois par semaine, ou plus souvent si n\u00e9cessaire.<br \/>\nMouillez votre peau et\/ou votre corps et versez le produit dans vos mains.<br \/>\nMassez d\u00e9licatement le visage et\/ou le corps et rincez abondamment, puis utilisez un produit de soin appropri\u00e9, comme le fluide matifiant Eucerin DermoPure, par exemple.<br \/>\n\u00c9viter tout contact avec les yeux. Convient \u00e0 un usage quotidien.<\/p>\n<\/div>","protected":false},"excerpt":{"rendered":"<p>Highlights:EUCERIN DermoPure, Gommage Anti Imperfections, D\u00e9sobstrue les pores. Affine le grain de peau.Peaux \u00e0 imperfections, 100ml.Gr\u00e2ce \u00e0 sa formule enrichie en Acide lactique et qui renferme des microparticules, Eucerin DermoPure Gommage anti-imperfections d\u00e9sobstrue les pores, contribue \u00e0 combattre les points noirs et les imperfections et affine le grain de peau. L\u2019Acide lactique limite la formation de com\u00e9dons et pr\u00e9vient donc leur r\u00e9apparition. Facteur naturel d\u2019hydratation, il r\u00e9gule \u00e9galement le pH de la peau et r\u00e9duit ainsi les exc\u00e8s de s\u00e9bum.Gommage pour les peaux grasses \u00e0 tendance acn\u00e9iqueLa gamme Eucerin DERMOPURE a \u00e9t\u00e9 sp\u00e9cialement formul\u00e9e pour cibler les principales causes et pr\u00e9occupations de l\u2019acn\u00e9 et des peaux grasses \u00e0 imperfections\u00a0:\u2022 La\u00a0micro-inflammation\u00a0: la cause profonde du cycle de l\u2019acn\u00e9 ;\u2022 La\u00a0production excessive de s\u00e9bum, \u00e9galement appel\u00e9e s\u00e9borrh\u00e9e ;\u2022 L\u2019hyperk\u00e9ratose\u00a0(\u00e9paississement des couches externes de la peau) entra\u00eenant la formation de points noirs et de points blancs ;\u2022 La\u00a0colonisation microbienne\u00a0(augmentation de la prolif\u00e9ration bact\u00e9rienne), entra\u00eenant une inflammation visible sous forme de papules et de pustules.<\/p>","protected":false},"featured_media":37911,"comment_status":"open","ping_status":"closed","template":"","meta":[],"pwb-brand":[],"product_cat":[16],"product_tag":[],"class_list":{"0":"post-37910","1":"product","2":"type-product","3":"status-publish","4":"has-post-thumbnail","6":"product_cat-non-classe","7":"pa_brands-eucerin","9":"first","10":"instock","11":"sale","12":"shipping-taxable","13":"purchasable","14":"product-type-simple"},"yoast_head":"<!-- This site is optimized with the Yoast SEO plugin v27.5 - https:\/\/yoast.com\/product\/yoast-seo-wordpress\/ -->\n<title>Eucerin DERMOPURE GOMMAGE 100 ML - paragaleriedetalborjt<\/title>\n<meta name=\"robots\" content=\"index, follow, max-snippet:-1, max-image-preview:large, max-video-preview:-1\" \/>\n<link rel=\"canonical\" href=\"https:\/\/paragaleriedetalborjt.com\/en\/boutique\/eucerin-dermopure-gommage-100-ml\/\" \/>\n<meta property=\"og:locale\" content=\"en_US\" \/>\n<meta property=\"og:type\" content=\"article\" \/>\n<meta property=\"og:title\" content=\"Eucerin DERMOPURE GOMMAGE 100 ML - paragaleriedetalborjt\" \/>\n<meta property=\"og:description\" content=\"Highlights:EUCERIN DermoPure, Gommage Anti Imperfections, D\u00e9sobstrue les pores. Affine le grain de peau.Peaux \u00e0 imperfections, 100ml.Gr\u00e2ce \u00e0 sa formule enrichie en Acide lactique et qui renferme des microparticules, Eucerin DermoPure Gommage anti-imperfections d\u00e9sobstrue les pores, contribue \u00e0 combattre les points noirs et les imperfections et affine le grain de peau. L\u2019Acide lactique limite la formation de com\u00e9dons et pr\u00e9vient donc leur r\u00e9apparition. Facteur naturel d\u2019hydratation, il r\u00e9gule \u00e9galement le pH de la peau et r\u00e9duit ainsi les exc\u00e8s de s\u00e9bum.Gommage pour les peaux grasses \u00e0 tendance acn\u00e9iqueLa gamme Eucerin DERMOPURE a \u00e9t\u00e9 sp\u00e9cialement formul\u00e9e pour cibler les principales causes et pr\u00e9occupations de l\u2019acn\u00e9 et des peaux grasses \u00e0 imperfections\u00a0:\u2022 La\u00a0micro-inflammation\u00a0: la cause profonde du cycle de l\u2019acn\u00e9 ;\u2022 La\u00a0production excessive de s\u00e9bum, \u00e9galement appel\u00e9e s\u00e9borrh\u00e9e ;\u2022 L\u2019hyperk\u00e9ratose\u00a0(\u00e9paississement des couches externes de la peau) entra\u00eenant la formation de points noirs et de points blancs ;\u2022 La\u00a0colonisation microbienne\u00a0(augmentation de la prolif\u00e9ration bact\u00e9rienne), entra\u00eenant une inflammation visible sous forme de papules et de pustules.\" \/>\n<meta property=\"og:url\" content=\"https:\/\/paragaleriedetalborjt.com\/en\/boutique\/eucerin-dermopure-gommage-100-ml\/\" \/>\n<meta property=\"og:site_name\" content=\"paragaleriedetalborjt\" \/>\n<meta property=\"og:image\" content=\"https:\/\/paragaleriedetalborjt.com\/wp-content\/uploads\/2026\/01\/1-31-600x600-1.jpg\" \/>\n\t<meta property=\"og:image:width\" content=\"600\" \/>\n\t<meta property=\"og:image:height\" content=\"600\" \/>\n\t<meta property=\"og:image:type\" content=\"image\/jpeg\" \/>\n<meta name=\"twitter:card\" content=\"summary_large_image\" \/>\n<meta name=\"twitter:label1\" content=\"Est. reading time\" \/>\n\t<meta name=\"twitter:data1\" content=\"2 minutes\" \/>\n<script type=\"application\/ld+json\" class=\"yoast-schema-graph\">{\"@context\":\"https:\\\/\\\/schema.org\",\"@graph\":[{\"@type\":\"WebPage\",\"@id\":\"https:\\\/\\\/paragaleriedetalborjt.com\\\/boutique\\\/eucerin-dermopure-gommage-100-ml\\\/\",\"url\":\"https:\\\/\\\/paragaleriedetalborjt.com\\\/boutique\\\/eucerin-dermopure-gommage-100-ml\\\/\",\"name\":\"Eucerin DERMOPURE GOMMAGE 100 ML - paragaleriedetalborjt\",\"isPartOf\":{\"@id\":\"https:\\\/\\\/paragaleriedetalborjt.com\\\/#website\"},\"primaryImageOfPage\":{\"@id\":\"https:\\\/\\\/paragaleriedetalborjt.com\\\/boutique\\\/eucerin-dermopure-gommage-100-ml\\\/#primaryimage\"},\"image\":{\"@id\":\"https:\\\/\\\/paragaleriedetalborjt.com\\\/boutique\\\/eucerin-dermopure-gommage-100-ml\\\/#primaryimage\"},\"thumbnailUrl\":\"https:\\\/\\\/paragaleriedetalborjt.com\\\/wp-content\\\/uploads\\\/2026\\\/01\\\/1-31-600x600-1.jpg\",\"datePublished\":\"2026-01-03T15:50:05+00:00\",\"breadcrumb\":{\"@id\":\"https:\\\/\\\/paragaleriedetalborjt.com\\\/boutique\\\/eucerin-dermopure-gommage-100-ml\\\/#breadcrumb\"},\"inLanguage\":\"en-US\",\"potentialAction\":[{\"@type\":\"ReadAction\",\"target\":[\"https:\\\/\\\/paragaleriedetalborjt.com\\\/boutique\\\/eucerin-dermopure-gommage-100-ml\\\/\"]}]},{\"@type\":\"ImageObject\",\"inLanguage\":\"en-US\",\"@id\":\"https:\\\/\\\/paragaleriedetalborjt.com\\\/boutique\\\/eucerin-dermopure-gommage-100-ml\\\/#primaryimage\",\"url\":\"https:\\\/\\\/paragaleriedetalborjt.com\\\/wp-content\\\/uploads\\\/2026\\\/01\\\/1-31-600x600-1.jpg\",\"contentUrl\":\"https:\\\/\\\/paragaleriedetalborjt.com\\\/wp-content\\\/uploads\\\/2026\\\/01\\\/1-31-600x600-1.jpg\",\"width\":600,\"height\":600},{\"@type\":\"BreadcrumbList\",\"@id\":\"https:\\\/\\\/paragaleriedetalborjt.com\\\/boutique\\\/eucerin-dermopure-gommage-100-ml\\\/#breadcrumb\",\"itemListElement\":[{\"@type\":\"ListItem\",\"position\":1,\"name\":\"Accueil\",\"item\":\"https:\\\/\\\/paragaleriedetalborjt.com\\\/\"},{\"@type\":\"ListItem\",\"position\":2,\"name\":\"Boutique\",\"item\":\"https:\\\/\\\/paragaleriedetalborjt.com\\\/boutique\\\/\"},{\"@type\":\"ListItem\",\"position\":3,\"name\":\"Eucerin DERMOPURE GOMMAGE 100 ML\"}]},{\"@type\":\"WebSite\",\"@id\":\"https:\\\/\\\/paragaleriedetalborjt.com\\\/#website\",\"url\":\"https:\\\/\\\/paragaleriedetalborjt.com\\\/\",\"name\":\"paragaleriedetalborjt\",\"description\":\"\",\"potentialAction\":[{\"@type\":\"SearchAction\",\"target\":{\"@type\":\"EntryPoint\",\"urlTemplate\":\"https:\\\/\\\/paragaleriedetalborjt.com\\\/?s={search_term_string}\"},\"query-input\":{\"@type\":\"PropertyValueSpecification\",\"valueRequired\":true,\"valueName\":\"search_term_string\"}}],\"inLanguage\":\"en-US\"}]}<\/script>\n<!-- \/ Yoast SEO plugin. -->","yoast_head_json":{"title":"Eucerin DERMOPURE GOMMAGE 100 ML - paragaleriedetalborjt","robots":{"index":"index","follow":"follow","max-snippet":"max-snippet:-1","max-image-preview":"max-image-preview:large","max-video-preview":"max-video-preview:-1"},"canonical":"https:\/\/paragaleriedetalborjt.com\/en\/boutique\/eucerin-dermopure-gommage-100-ml\/","og_locale":"en_US","og_type":"article","og_title":"Eucerin DERMOPURE GOMMAGE 100 ML - paragaleriedetalborjt","og_description":"Highlights:EUCERIN DermoPure, Gommage Anti Imperfections, D\u00e9sobstrue les pores. Affine le grain de peau.Peaux \u00e0 imperfections, 100ml.Gr\u00e2ce \u00e0 sa formule enrichie en Acide lactique et qui renferme des microparticules, Eucerin DermoPure Gommage anti-imperfections d\u00e9sobstrue les pores, contribue \u00e0 combattre les points noirs et les imperfections et affine le grain de peau. L\u2019Acide lactique limite la formation de com\u00e9dons et pr\u00e9vient donc leur r\u00e9apparition. Facteur naturel d\u2019hydratation, il r\u00e9gule \u00e9galement le pH de la peau et r\u00e9duit ainsi les exc\u00e8s de s\u00e9bum.Gommage pour les peaux grasses \u00e0 tendance acn\u00e9iqueLa gamme Eucerin DERMOPURE a \u00e9t\u00e9 sp\u00e9cialement formul\u00e9e pour cibler les principales causes et pr\u00e9occupations de l\u2019acn\u00e9 et des peaux grasses \u00e0 imperfections\u00a0:\u2022 La\u00a0micro-inflammation\u00a0: la cause profonde du cycle de l\u2019acn\u00e9 ;\u2022 La\u00a0production excessive de s\u00e9bum, \u00e9galement appel\u00e9e s\u00e9borrh\u00e9e ;\u2022 L\u2019hyperk\u00e9ratose\u00a0(\u00e9paississement des couches externes de la peau) entra\u00eenant la formation de points noirs et de points blancs ;\u2022 La\u00a0colonisation microbienne\u00a0(augmentation de la prolif\u00e9ration bact\u00e9rienne), entra\u00eenant une inflammation visible sous forme de papules et de pustules.","og_url":"https:\/\/paragaleriedetalborjt.com\/en\/boutique\/eucerin-dermopure-gommage-100-ml\/","og_site_name":"paragaleriedetalborjt","og_image":[{"width":600,"height":600,"url":"https:\/\/paragaleriedetalborjt.com\/wp-content\/uploads\/2026\/01\/1-31-600x600-1.jpg","type":"image\/jpeg"}],"twitter_card":"summary_large_image","twitter_misc":{"Est. reading time":"2 minutes"},"schema":{"@context":"https:\/\/schema.org","@graph":[{"@type":"WebPage","@id":"https:\/\/paragaleriedetalborjt.com\/boutique\/eucerin-dermopure-gommage-100-ml\/","url":"https:\/\/paragaleriedetalborjt.com\/boutique\/eucerin-dermopure-gommage-100-ml\/","name":"Eucerin DERMOPURE GOMMAGE 100 ML - paragaleriedetalborjt","isPartOf":{"@id":"https:\/\/paragaleriedetalborjt.com\/#website"},"primaryImageOfPage":{"@id":"https:\/\/paragaleriedetalborjt.com\/boutique\/eucerin-dermopure-gommage-100-ml\/#primaryimage"},"image":{"@id":"https:\/\/paragaleriedetalborjt.com\/boutique\/eucerin-dermopure-gommage-100-ml\/#primaryimage"},"thumbnailUrl":"https:\/\/paragaleriedetalborjt.com\/wp-content\/uploads\/2026\/01\/1-31-600x600-1.jpg","datePublished":"2026-01-03T15:50:05+00:00","breadcrumb":{"@id":"https:\/\/paragaleriedetalborjt.com\/boutique\/eucerin-dermopure-gommage-100-ml\/#breadcrumb"},"inLanguage":"en-US","potentialAction":[{"@type":"ReadAction","target":["https:\/\/paragaleriedetalborjt.com\/boutique\/eucerin-dermopure-gommage-100-ml\/"]}]},{"@type":"ImageObject","inLanguage":"en-US","@id":"https:\/\/paragaleriedetalborjt.com\/boutique\/eucerin-dermopure-gommage-100-ml\/#primaryimage","url":"https:\/\/paragaleriedetalborjt.com\/wp-content\/uploads\/2026\/01\/1-31-600x600-1.jpg","contentUrl":"https:\/\/paragaleriedetalborjt.com\/wp-content\/uploads\/2026\/01\/1-31-600x600-1.jpg","width":600,"height":600},{"@type":"BreadcrumbList","@id":"https:\/\/paragaleriedetalborjt.com\/boutique\/eucerin-dermopure-gommage-100-ml\/#breadcrumb","itemListElement":[{"@type":"ListItem","position":1,"name":"Accueil","item":"https:\/\/paragaleriedetalborjt.com\/"},{"@type":"ListItem","position":2,"name":"Boutique","item":"https:\/\/paragaleriedetalborjt.com\/boutique\/"},{"@type":"ListItem","position":3,"name":"Eucerin DERMOPURE GOMMAGE 100 ML"}]},{"@type":"WebSite","@id":"https:\/\/paragaleriedetalborjt.com\/#website","url":"https:\/\/paragaleriedetalborjt.com\/","name":"paragaleriedetalborjt","description":"","potentialAction":[{"@type":"SearchAction","target":{"@type":"EntryPoint","urlTemplate":"https:\/\/paragaleriedetalborjt.com\/?s={search_term_string}"},"query-input":{"@type":"PropertyValueSpecification","valueRequired":true,"valueName":"search_term_string"}}],"inLanguage":"en-US"}]}},"brands":[],"_links":{"self":[{"href":"https:\/\/paragaleriedetalborjt.com\/en\/wp-json\/wp\/v2\/product\/37910","targetHints":{"allow":["GET"]}}],"collection":[{"href":"https:\/\/paragaleriedetalborjt.com\/en\/wp-json\/wp\/v2\/product"}],"about":[{"href":"https:\/\/paragaleriedetalborjt.com\/en\/wp-json\/wp\/v2\/types\/product"}],"replies":[{"embeddable":true,"href":"https:\/\/paragaleriedetalborjt.com\/en\/wp-json\/wp\/v2\/comments?post=37910"}],"version-history":[{"count":1,"href":"https:\/\/paragaleriedetalborjt.com\/en\/wp-json\/wp\/v2\/product\/37910\/revisions"}],"predecessor-version":[{"id":37912,"href":"https:\/\/paragaleriedetalborjt.com\/en\/wp-json\/wp\/v2\/product\/37910\/revisions\/37912"}],"wp:featuredmedia":[{"embeddable":true,"href":"https:\/\/paragaleriedetalborjt.com\/en\/wp-json\/wp\/v2\/media\/37911"}],"wp:attachment":[{"href":"https:\/\/paragaleriedetalborjt.com\/en\/wp-json\/wp\/v2\/media?parent=37910"}],"wp:term":[{"taxonomy":"pwb-brand","embeddable":true,"href":"https:\/\/paragaleriedetalborjt.com\/en\/wp-json\/wp\/v2\/pwb-brand?post=37910"},{"taxonomy":"product_cat","embeddable":true,"href":"https:\/\/paragaleriedetalborjt.com\/en\/wp-json\/wp\/v2\/product_cat?post=37910"},{"taxonomy":"product_tag","embeddable":true,"href":"https:\/\/paragaleriedetalborjt.com\/en\/wp-json\/wp\/v2\/product_tag?post=37910"}],"curies":[{"name":"wp","href":"https:\/\/api.w.org\/{rel}","templated":true}]}}