{"id":37847,"date":"2026-01-03T16:48:28","date_gmt":"2026-01-03T15:48:28","guid":{"rendered":"https:\/\/paragaleriedetalborjt.com\/?post_type=product&#038;p=37847"},"modified":"2026-01-03T16:48:28","modified_gmt":"2026-01-03T15:48:28","slug":"eucerin-anti-pigment-soin-de-nuit-50-ml","status":"publish","type":"product","link":"https:\/\/paragaleriedetalborjt.com\/en\/boutique\/eucerin-anti-pigment-soin-de-nuit-50-ml\/","title":{"rendered":"EUCERIN ANTI-PIGMENT SOIN DE NUIT 50 ML"},"content":{"rendered":"<div aria-labelledby=\"tab-title-description\" class=\"woocommerce-Tabs-panel woocommerce-Tabs-panel--description panel entry-content wc-tab\" id=\"tab-description\" role=\"tabpanel\" style=\"\">\n<h2>Description<\/h2>\n<p><strong>EUCERIN Anti-Pigment Soin de Nuit \u2013 50ml.<\/strong><br \/>\nL\u2019hyperpigmentation peut \u00eatre per\u00e7ue comme inesth\u00e9tique, difficile \u00e0 assumer et complexe souvent les personnes qui en sont atteintes. Les femmes sujettes aux taches (taches de vieillesse, melasma ou masque de grossesse, taches brunes) ont souvent l\u2019impression de para\u00eetre plus \u00e2g\u00e9es et consid\u00e8rent que leur peau a perdu de son \u00e9clat.<br \/>\nLe Soin de Nuit ANTI-PIGMENT Eucerin permet de r\u00e9duire les taches brunes, les taches de vieillesse et pr\u00e9vient leur apparition. Il va uniformiser la peau, la rendre plus \u00e9clatante et radieuse.<br \/>\nEucerin ANTI-PIGMENT Soin De Nuit r\u00e9duit efficacement les taches brunes et emp\u00eache leur r\u00e9apparition<br \/>\nEucerin ANTI-PIGMENT Soin De Nuit contient du\u00a0Thiamidol*, un ingr\u00e9dient unique et brevet\u00e9, afin d\u2019agir en profondeur sur l\u2019hyperpigmentation et de r\u00e9duire la production de m\u00e9lanine, un pigment naturel responsable du changement de couleur de la peau. Les r\u00e9sultats sont imm\u00e9diats avec une r\u00e9duction des taches brunes au bout de quelques semaines d\u2019application<br \/>\nSa formule est aussi compos\u00e9e \u00e0 base Dexpanth\u00e9nol, un actif pour permettre \u00e0 la peau de se r\u00e9g\u00e9n\u00e9rer la nuit. La peau para\u00eet plus uniforme et plus radieuse. D\u00e8s les premi\u00e8res semaines, les r\u00e9sultats d\u2019Eucerin ANTI-PIGMENT Soin De Nuit sont visibles.<br \/>\nLa texture de ce soin est non grasse, elle p\u00e9n\u00e8tre rapidement. Son parfum est l\u00e9ger et agr\u00e9able.<br \/>\nUne cr\u00e8me de nuit r\u00e9g\u00e9n\u00e9ratrice pour une peau uniforme et radieuse.<br \/>\nCe flacon de 50 ml contient une solution bas\u00e9e sur :<br \/>\n\u2022 du Thiamidol* pour lutter contre l\u2019hyperpigmentation<br \/>\n\u2022 du Dexpanth\u00e9nol pour aider la peau \u00e0 se r\u00e9g\u00e9n\u00e9rer pendant la nuit<br \/>\nDes \u00e9tudes cliniques et dermatologiques d\u00e9montrent une tr\u00e8s bonne efficacit\u00e9 et une bonne tol\u00e9rance \u00e0 la peau.<br \/>\n*Thiamidol brevet\u00e9 (EP 2 758 381 B1) France, Belgique, Pays-Bas, Maroc.<\/p>\n<p><span style=\"color: #ff0000;\"><strong>COMPOSITIONS &amp; INGR\u00c9DIENTS :<\/strong><\/span><br \/>\nFormule INCI :\u00a0Aqua, Glycerin,\u00a0Isopropyl Palmitate,\u00a0Alcohol Denat,\u00a0Cetearyl Isononanoate,\u00a0Squalane, Panthenol,\u00a0Glyceryl Stearate Citrate,\u00a0Cetearyl Alcohol,\u00a0Hydrogenated Coco-Glycerides, Butyrospermum Parkii Butter , Methylpropanediol, Lauroyl Lysine, Isobutylamido Thiazolyl Resorcinol, Glycyrrhiza Inflata Root Extract, Tocopherol, Glucosylrutin, Carbomer, Chondrus Crispus Extract,\u00a0Sodium Hydroxide,\u00a0Isoquercitrin,\u00a0Trisodium EDTA, Phenoxyethanol, Parfum.<br \/>\nLa liste des ingr\u00e9dients peut \u00eatre soumise \u00e0 des variations, nous vous conseillons de toujours v\u00e9rifier la liste figurant sur le produit achet\u00e9.<\/p>\n<p><span style=\"color: #ff0000;\"><strong>CONSEILS D\u2019UTILISATION :<\/strong><\/span><br \/>\nEucerin ANTI-PIGMENT Soin de Nuit est utilis\u00e9 pour r\u00e9duire de nombreux types d\u2019hyperpigmentation li\u00e9s \u00e0 une trop forte concentration de m\u00e9lanine. Des \u00e9tudes dermatologiques ont permis de montrer son efficacit\u00e9 tout en s\u2019adaptant \u00e0 tous types de peau.<br \/>\nPour une efficacit\u00e9 optimale et une r\u00e9duction rapide des taches brunes du visage, proc\u00e9dez comme suit :<br \/>\n? Dans un premier temps, nettoyez doucement la peau avec une lotion pour avoir une peau saine, sans transpiration ni impuret\u00e9s<br \/>\n? Appliquez ensuite le soir le soin sur le visage et le cou<br \/>\n? \u00c9talez le soin sur l\u2019ensemble du visage et du cou en massant d\u00e9licatement pour en faciliter la p\u00e9n\u00e9tration<br \/>\n? Laissez agir la nuit avant de vous laver le visage le matin<br \/>\nCe Soin de Nuit peut \u00eatre utilis\u00e9 en compl\u00e9ment du Soin de Jour SPF 30 et du S\u00e9rum Duo de la gamme ANTI-PIGMENT d\u2019Eucerin. Ce produit est id\u00e9al pour r\u00e9duire efficacement les taches brunes, emp\u00eacher leur r\u00e9apparition et uniformiser le teint de la peau avec ses propri\u00e9t\u00e9s r\u00e9g\u00e9n\u00e9ratrices.<br \/>\nAppliquez chaque produit une fois par jour. Nous vous conseillons de ne pas d\u00e9passer quatre applications de produits contenant du Thiamidol par jour.<\/p>\n<p><span style=\"color: #ff0000;\"><strong>Comment att\u00e9nuer les t\u00e2ches brunes ?<\/strong><\/span><br \/>\nLes taches brunes sur le visage peuvent provenir d\u2019une\u00a0hyperpigmentation, une affection cutan\u00e9e courante qui se produit lorsque la peau produit trop de\u00a0m\u00e9lanine. L\u2019hyperpigmentation peut \u00eatre due \u00e0 l\u2019exposition au soleil, \u00e0 des cicatrices ou encore tout simplement d\u00fb au vieillissement. Pour r\u00e9duire l\u2019apparence de ces t\u00e2ches sombres, des traitements topiques peuvent aider et ils contiennent des ingr\u00e9dients actifs comme par exemple des r\u00e9tino\u00efdes ou de la vitamine C.<br \/>\nEucerin Anti pigment soin de nuit\u00a0est une cr\u00e8me de nuit hydratante qui\u00a0r\u00e9duit efficacement les taches brunes\u00a0et \u00e9vite leur r\u00e9apparition. Cette cr\u00e8me anti-pigmentaire aide \u00e0 corriger les effets n\u00e9fastes de l\u2019exposition au soleil et du vieillissement gr\u00e2ce \u00e0 un ingr\u00e9dient actif, le\u00a0Thiamidol, un ingr\u00e9dient brevet\u00e9 qui agit \u00e0 la racine de cette hyperpigmentation en r\u00e9duisant la production de m\u00e9lanine. Eucerin Anti pigment soin de nuit contient aussi du dexpanth\u00e9nol, qui am\u00e9liore la r\u00e9g\u00e9n\u00e9ration de la peau pendant la nuit, afin de d\u2019obtenir une peau plus uniforme et plus \u00e9clatante.<br \/>\nLe saviez-vous ? La meilleure solution consiste g\u00e9n\u00e9ralement \u00e0 \u00e9viter les l\u00e9sions cutan\u00e9es d\u00e8s le d\u00e9part et votre premi\u00e8re ligne de d\u00e9fense est la\u00a0cr\u00e8me solaire\u00a0pour \u00e9viter les taches brunes. Les experts de sant\u00e9 conseillent d\u2019appliquer sur le visage un SPF 30 tous les jours et d\u2019en remettre toutes les deux heures. En prenant soin de votre peau m\u00eame apr\u00e8s l\u2019apparition des taches, vous les emp\u00eacher de s\u2019aggraver.<\/p>\n<\/div>","protected":false},"excerpt":{"rendered":"<p>Highlights:EUCERIN Anti-Pigment Soin de Nuit \u2013 50ml.L\u2019hyperpigmentation peut \u00eatre per\u00e7ue comme inesth\u00e9tique, difficile \u00e0 assumer et complexe souvent les personnes qui en sont atteintes. Les femmes sujettes aux taches (taches de vieillesse, melasma ou masque de grossesse, taches brunes) ont souvent l\u2019impression de para\u00eetre plus \u00e2g\u00e9es et consid\u00e8rent que leur peau a perdu de son \u00e9clat.Le Soin de Nuit ANTI-PIGMENT Eucerin permet de r\u00e9duire les taches brunes, les taches de vieillesse et pr\u00e9vient leur apparition. Il va uniformiser la peau, la rendre plus \u00e9clatante et radieuse.Eucerin ANTI-PIGMENT Soin De Nuit r\u00e9duit efficacement les taches brunes et emp\u00eache leur r\u00e9apparitionEucerin ANTI-PIGMENT Soin De Nuit contient du\u00a0Thiamidol*, un ingr\u00e9dient unique et brevet\u00e9, afin d\u2019agir en profondeur sur l\u2019hyperpigmentation et de r\u00e9duire la production de m\u00e9lanine, un pigment naturel responsable du changement de couleur de la peau. Les r\u00e9sultats sont imm\u00e9diats avec une r\u00e9duction des taches brunes au bout de quelques semaines d\u2019applicationSa formule est aussi compos\u00e9e \u00e0 base Dexpanth\u00e9nol, un actif pour permettre \u00e0 la peau de se r\u00e9g\u00e9n\u00e9rer la nuit. La peau para\u00eet plus uniforme et plus radieuse. D\u00e8s les premi\u00e8res semaines, les r\u00e9sultats d\u2019Eucerin ANTI-PIGMENT Soin De Nuit sont visibles.La texture de ce soin est non grasse, elle p\u00e9n\u00e8tre rapidement. Son parfum est l\u00e9ger et agr\u00e9able.Une cr\u00e8me de nuit r\u00e9g\u00e9n\u00e9ratrice pour une peau uniforme et radieuse.Ce flacon de 50 ml contient une solution bas\u00e9e sur :\u2022 du Thiamidol* pour lutter contre l\u2019hyperpigmentation\u2022 du Dexpanth\u00e9nol pour aider la peau \u00e0 se r\u00e9g\u00e9n\u00e9rer pendant la nuitDes \u00e9tudes cliniques et dermatologiques d\u00e9montrent une tr\u00e8s bonne efficacit\u00e9 et une bonne tol\u00e9rance \u00e0 la peau.*Thiamidol brevet\u00e9 (EP 2 758 381 B1) France, Belgique, Pays-Bas, Maroc.<\/p>","protected":false},"featured_media":37848,"comment_status":"open","ping_status":"closed","template":"","meta":[],"pwb-brand":[],"product_cat":[16],"product_tag":[],"class_list":{"0":"post-37847","1":"product","2":"type-product","3":"status-publish","4":"has-post-thumbnail","6":"product_cat-non-classe","7":"pa_brands-eucerin","9":"first","10":"instock","11":"sale","12":"shipping-taxable","13":"purchasable","14":"product-type-simple"},"yoast_head":"<!-- This site is optimized with the Yoast SEO plugin v26.9 - https:\/\/yoast.com\/product\/yoast-seo-wordpress\/ -->\n<title>EUCERIN ANTI-PIGMENT SOIN DE NUIT 50 ML - paragaleriedetalborjt<\/title>\n<meta name=\"robots\" content=\"index, follow, max-snippet:-1, max-image-preview:large, max-video-preview:-1\" \/>\n<link rel=\"canonical\" href=\"https:\/\/paragaleriedetalborjt.com\/en\/boutique\/eucerin-anti-pigment-soin-de-nuit-50-ml\/\" \/>\n<meta property=\"og:locale\" content=\"en_US\" \/>\n<meta property=\"og:type\" content=\"article\" \/>\n<meta property=\"og:title\" content=\"EUCERIN ANTI-PIGMENT SOIN DE NUIT 50 ML - paragaleriedetalborjt\" \/>\n<meta property=\"og:description\" content=\"Highlights:EUCERIN Anti-Pigment Soin de Nuit \u2013 50ml.L\u2019hyperpigmentation peut \u00eatre per\u00e7ue comme inesth\u00e9tique, difficile \u00e0 assumer et complexe souvent les personnes qui en sont atteintes. Les femmes sujettes aux taches (taches de vieillesse, melasma ou masque de grossesse, taches brunes) ont souvent l\u2019impression de para\u00eetre plus \u00e2g\u00e9es et consid\u00e8rent que leur peau a perdu de son \u00e9clat.Le Soin de Nuit ANTI-PIGMENT Eucerin permet de r\u00e9duire les taches brunes, les taches de vieillesse et pr\u00e9vient leur apparition. Il va uniformiser la peau, la rendre plus \u00e9clatante et radieuse.Eucerin ANTI-PIGMENT Soin De Nuit r\u00e9duit efficacement les taches brunes et emp\u00eache leur r\u00e9apparitionEucerin ANTI-PIGMENT Soin De Nuit contient du\u00a0Thiamidol*, un ingr\u00e9dient unique et brevet\u00e9, afin d\u2019agir en profondeur sur l\u2019hyperpigmentation et de r\u00e9duire la production de m\u00e9lanine, un pigment naturel responsable du changement de couleur de la peau. Les r\u00e9sultats sont imm\u00e9diats avec une r\u00e9duction des taches brunes au bout de quelques semaines d\u2019applicationSa formule est aussi compos\u00e9e \u00e0 base Dexpanth\u00e9nol, un actif pour permettre \u00e0 la peau de se r\u00e9g\u00e9n\u00e9rer la nuit. La peau para\u00eet plus uniforme et plus radieuse. D\u00e8s les premi\u00e8res semaines, les r\u00e9sultats d\u2019Eucerin ANTI-PIGMENT Soin De Nuit sont visibles.La texture de ce soin est non grasse, elle p\u00e9n\u00e8tre rapidement. Son parfum est l\u00e9ger et agr\u00e9able.Une cr\u00e8me de nuit r\u00e9g\u00e9n\u00e9ratrice pour une peau uniforme et radieuse.Ce flacon de 50 ml contient une solution bas\u00e9e sur :\u2022 du Thiamidol* pour lutter contre l\u2019hyperpigmentation\u2022 du Dexpanth\u00e9nol pour aider la peau \u00e0 se r\u00e9g\u00e9n\u00e9rer pendant la nuitDes \u00e9tudes cliniques et dermatologiques d\u00e9montrent une tr\u00e8s bonne efficacit\u00e9 et une bonne tol\u00e9rance \u00e0 la peau.*Thiamidol brevet\u00e9 (EP 2 758 381 B1) France, Belgique, Pays-Bas, Maroc.\" \/>\n<meta property=\"og:url\" content=\"https:\/\/paragaleriedetalborjt.com\/en\/boutique\/eucerin-anti-pigment-soin-de-nuit-50-ml\/\" \/>\n<meta property=\"og:site_name\" content=\"paragaleriedetalborjt\" \/>\n<meta property=\"og:image\" content=\"https:\/\/paragaleriedetalborjt.com\/wp-content\/uploads\/2026\/01\/eucerin-anti-pigment-nuit-600x600-1.jpg\" \/>\n\t<meta property=\"og:image:width\" content=\"600\" \/>\n\t<meta property=\"og:image:height\" content=\"600\" \/>\n\t<meta property=\"og:image:type\" content=\"image\/jpeg\" \/>\n<meta name=\"twitter:card\" content=\"summary_large_image\" \/>\n<meta name=\"twitter:label1\" content=\"Est. reading time\" \/>\n\t<meta name=\"twitter:data1\" content=\"4 minutes\" \/>\n<script type=\"application\/ld+json\" class=\"yoast-schema-graph\">{\"@context\":\"https:\/\/schema.org\",\"@graph\":[{\"@type\":\"WebPage\",\"@id\":\"https:\/\/paragaleriedetalborjt.com\/boutique\/eucerin-anti-pigment-soin-de-nuit-50-ml\/\",\"url\":\"https:\/\/paragaleriedetalborjt.com\/boutique\/eucerin-anti-pigment-soin-de-nuit-50-ml\/\",\"name\":\"EUCERIN ANTI-PIGMENT SOIN DE NUIT 50 ML - paragaleriedetalborjt\",\"isPartOf\":{\"@id\":\"https:\/\/paragaleriedetalborjt.com\/#website\"},\"primaryImageOfPage\":{\"@id\":\"https:\/\/paragaleriedetalborjt.com\/boutique\/eucerin-anti-pigment-soin-de-nuit-50-ml\/#primaryimage\"},\"image\":{\"@id\":\"https:\/\/paragaleriedetalborjt.com\/boutique\/eucerin-anti-pigment-soin-de-nuit-50-ml\/#primaryimage\"},\"thumbnailUrl\":\"https:\/\/paragaleriedetalborjt.com\/wp-content\/uploads\/2026\/01\/eucerin-anti-pigment-nuit-600x600-1.jpg\",\"datePublished\":\"2026-01-03T15:48:28+00:00\",\"breadcrumb\":{\"@id\":\"https:\/\/paragaleriedetalborjt.com\/boutique\/eucerin-anti-pigment-soin-de-nuit-50-ml\/#breadcrumb\"},\"inLanguage\":\"en-US\",\"potentialAction\":[{\"@type\":\"ReadAction\",\"target\":[\"https:\/\/paragaleriedetalborjt.com\/boutique\/eucerin-anti-pigment-soin-de-nuit-50-ml\/\"]}]},{\"@type\":\"ImageObject\",\"inLanguage\":\"en-US\",\"@id\":\"https:\/\/paragaleriedetalborjt.com\/boutique\/eucerin-anti-pigment-soin-de-nuit-50-ml\/#primaryimage\",\"url\":\"https:\/\/paragaleriedetalborjt.com\/wp-content\/uploads\/2026\/01\/eucerin-anti-pigment-nuit-600x600-1.jpg\",\"contentUrl\":\"https:\/\/paragaleriedetalborjt.com\/wp-content\/uploads\/2026\/01\/eucerin-anti-pigment-nuit-600x600-1.jpg\",\"width\":600,\"height\":600},{\"@type\":\"BreadcrumbList\",\"@id\":\"https:\/\/paragaleriedetalborjt.com\/boutique\/eucerin-anti-pigment-soin-de-nuit-50-ml\/#breadcrumb\",\"itemListElement\":[{\"@type\":\"ListItem\",\"position\":1,\"name\":\"Accueil\",\"item\":\"https:\/\/paragaleriedetalborjt.com\/\"},{\"@type\":\"ListItem\",\"position\":2,\"name\":\"Boutique\",\"item\":\"https:\/\/paragaleriedetalborjt.com\/boutique\/\"},{\"@type\":\"ListItem\",\"position\":3,\"name\":\"EUCERIN ANTI-PIGMENT SOIN DE NUIT 50 ML\"}]},{\"@type\":\"WebSite\",\"@id\":\"https:\/\/paragaleriedetalborjt.com\/#website\",\"url\":\"https:\/\/paragaleriedetalborjt.com\/\",\"name\":\"paragaleriedetalborjt\",\"description\":\"\",\"potentialAction\":[{\"@type\":\"SearchAction\",\"target\":{\"@type\":\"EntryPoint\",\"urlTemplate\":\"https:\/\/paragaleriedetalborjt.com\/?s={search_term_string}\"},\"query-input\":{\"@type\":\"PropertyValueSpecification\",\"valueRequired\":true,\"valueName\":\"search_term_string\"}}],\"inLanguage\":\"en-US\"}]}<\/script>\n<!-- \/ Yoast SEO plugin. -->","yoast_head_json":{"title":"EUCERIN ANTI-PIGMENT SOIN DE NUIT 50 ML - paragaleriedetalborjt","robots":{"index":"index","follow":"follow","max-snippet":"max-snippet:-1","max-image-preview":"max-image-preview:large","max-video-preview":"max-video-preview:-1"},"canonical":"https:\/\/paragaleriedetalborjt.com\/en\/boutique\/eucerin-anti-pigment-soin-de-nuit-50-ml\/","og_locale":"en_US","og_type":"article","og_title":"EUCERIN ANTI-PIGMENT SOIN DE NUIT 50 ML - paragaleriedetalborjt","og_description":"Highlights:EUCERIN Anti-Pigment Soin de Nuit \u2013 50ml.L\u2019hyperpigmentation peut \u00eatre per\u00e7ue comme inesth\u00e9tique, difficile \u00e0 assumer et complexe souvent les personnes qui en sont atteintes. Les femmes sujettes aux taches (taches de vieillesse, melasma ou masque de grossesse, taches brunes) ont souvent l\u2019impression de para\u00eetre plus \u00e2g\u00e9es et consid\u00e8rent que leur peau a perdu de son \u00e9clat.Le Soin de Nuit ANTI-PIGMENT Eucerin permet de r\u00e9duire les taches brunes, les taches de vieillesse et pr\u00e9vient leur apparition. Il va uniformiser la peau, la rendre plus \u00e9clatante et radieuse.Eucerin ANTI-PIGMENT Soin De Nuit r\u00e9duit efficacement les taches brunes et emp\u00eache leur r\u00e9apparitionEucerin ANTI-PIGMENT Soin De Nuit contient du\u00a0Thiamidol*, un ingr\u00e9dient unique et brevet\u00e9, afin d\u2019agir en profondeur sur l\u2019hyperpigmentation et de r\u00e9duire la production de m\u00e9lanine, un pigment naturel responsable du changement de couleur de la peau. Les r\u00e9sultats sont imm\u00e9diats avec une r\u00e9duction des taches brunes au bout de quelques semaines d\u2019applicationSa formule est aussi compos\u00e9e \u00e0 base Dexpanth\u00e9nol, un actif pour permettre \u00e0 la peau de se r\u00e9g\u00e9n\u00e9rer la nuit. La peau para\u00eet plus uniforme et plus radieuse. D\u00e8s les premi\u00e8res semaines, les r\u00e9sultats d\u2019Eucerin ANTI-PIGMENT Soin De Nuit sont visibles.La texture de ce soin est non grasse, elle p\u00e9n\u00e8tre rapidement. Son parfum est l\u00e9ger et agr\u00e9able.Une cr\u00e8me de nuit r\u00e9g\u00e9n\u00e9ratrice pour une peau uniforme et radieuse.Ce flacon de 50 ml contient une solution bas\u00e9e sur :\u2022 du Thiamidol* pour lutter contre l\u2019hyperpigmentation\u2022 du Dexpanth\u00e9nol pour aider la peau \u00e0 se r\u00e9g\u00e9n\u00e9rer pendant la nuitDes \u00e9tudes cliniques et dermatologiques d\u00e9montrent une tr\u00e8s bonne efficacit\u00e9 et une bonne tol\u00e9rance \u00e0 la peau.*Thiamidol brevet\u00e9 (EP 2 758 381 B1) France, Belgique, Pays-Bas, Maroc.","og_url":"https:\/\/paragaleriedetalborjt.com\/en\/boutique\/eucerin-anti-pigment-soin-de-nuit-50-ml\/","og_site_name":"paragaleriedetalborjt","og_image":[{"width":600,"height":600,"url":"https:\/\/paragaleriedetalborjt.com\/wp-content\/uploads\/2026\/01\/eucerin-anti-pigment-nuit-600x600-1.jpg","type":"image\/jpeg"}],"twitter_card":"summary_large_image","twitter_misc":{"Est. reading time":"4 minutes"},"schema":{"@context":"https:\/\/schema.org","@graph":[{"@type":"WebPage","@id":"https:\/\/paragaleriedetalborjt.com\/boutique\/eucerin-anti-pigment-soin-de-nuit-50-ml\/","url":"https:\/\/paragaleriedetalborjt.com\/boutique\/eucerin-anti-pigment-soin-de-nuit-50-ml\/","name":"EUCERIN ANTI-PIGMENT SOIN DE NUIT 50 ML - paragaleriedetalborjt","isPartOf":{"@id":"https:\/\/paragaleriedetalborjt.com\/#website"},"primaryImageOfPage":{"@id":"https:\/\/paragaleriedetalborjt.com\/boutique\/eucerin-anti-pigment-soin-de-nuit-50-ml\/#primaryimage"},"image":{"@id":"https:\/\/paragaleriedetalborjt.com\/boutique\/eucerin-anti-pigment-soin-de-nuit-50-ml\/#primaryimage"},"thumbnailUrl":"https:\/\/paragaleriedetalborjt.com\/wp-content\/uploads\/2026\/01\/eucerin-anti-pigment-nuit-600x600-1.jpg","datePublished":"2026-01-03T15:48:28+00:00","breadcrumb":{"@id":"https:\/\/paragaleriedetalborjt.com\/boutique\/eucerin-anti-pigment-soin-de-nuit-50-ml\/#breadcrumb"},"inLanguage":"en-US","potentialAction":[{"@type":"ReadAction","target":["https:\/\/paragaleriedetalborjt.com\/boutique\/eucerin-anti-pigment-soin-de-nuit-50-ml\/"]}]},{"@type":"ImageObject","inLanguage":"en-US","@id":"https:\/\/paragaleriedetalborjt.com\/boutique\/eucerin-anti-pigment-soin-de-nuit-50-ml\/#primaryimage","url":"https:\/\/paragaleriedetalborjt.com\/wp-content\/uploads\/2026\/01\/eucerin-anti-pigment-nuit-600x600-1.jpg","contentUrl":"https:\/\/paragaleriedetalborjt.com\/wp-content\/uploads\/2026\/01\/eucerin-anti-pigment-nuit-600x600-1.jpg","width":600,"height":600},{"@type":"BreadcrumbList","@id":"https:\/\/paragaleriedetalborjt.com\/boutique\/eucerin-anti-pigment-soin-de-nuit-50-ml\/#breadcrumb","itemListElement":[{"@type":"ListItem","position":1,"name":"Accueil","item":"https:\/\/paragaleriedetalborjt.com\/"},{"@type":"ListItem","position":2,"name":"Boutique","item":"https:\/\/paragaleriedetalborjt.com\/boutique\/"},{"@type":"ListItem","position":3,"name":"EUCERIN ANTI-PIGMENT SOIN DE NUIT 50 ML"}]},{"@type":"WebSite","@id":"https:\/\/paragaleriedetalborjt.com\/#website","url":"https:\/\/paragaleriedetalborjt.com\/","name":"paragaleriedetalborjt","description":"","potentialAction":[{"@type":"SearchAction","target":{"@type":"EntryPoint","urlTemplate":"https:\/\/paragaleriedetalborjt.com\/?s={search_term_string}"},"query-input":{"@type":"PropertyValueSpecification","valueRequired":true,"valueName":"search_term_string"}}],"inLanguage":"en-US"}]}},"brands":[],"_links":{"self":[{"href":"https:\/\/paragaleriedetalborjt.com\/en\/wp-json\/wp\/v2\/product\/37847","targetHints":{"allow":["GET"]}}],"collection":[{"href":"https:\/\/paragaleriedetalborjt.com\/en\/wp-json\/wp\/v2\/product"}],"about":[{"href":"https:\/\/paragaleriedetalborjt.com\/en\/wp-json\/wp\/v2\/types\/product"}],"replies":[{"embeddable":true,"href":"https:\/\/paragaleriedetalborjt.com\/en\/wp-json\/wp\/v2\/comments?post=37847"}],"version-history":[{"count":1,"href":"https:\/\/paragaleriedetalborjt.com\/en\/wp-json\/wp\/v2\/product\/37847\/revisions"}],"predecessor-version":[{"id":37849,"href":"https:\/\/paragaleriedetalborjt.com\/en\/wp-json\/wp\/v2\/product\/37847\/revisions\/37849"}],"wp:featuredmedia":[{"embeddable":true,"href":"https:\/\/paragaleriedetalborjt.com\/en\/wp-json\/wp\/v2\/media\/37848"}],"wp:attachment":[{"href":"https:\/\/paragaleriedetalborjt.com\/en\/wp-json\/wp\/v2\/media?parent=37847"}],"wp:term":[{"taxonomy":"pwb-brand","embeddable":true,"href":"https:\/\/paragaleriedetalborjt.com\/en\/wp-json\/wp\/v2\/pwb-brand?post=37847"},{"taxonomy":"product_cat","embeddable":true,"href":"https:\/\/paragaleriedetalborjt.com\/en\/wp-json\/wp\/v2\/product_cat?post=37847"},{"taxonomy":"product_tag","embeddable":true,"href":"https:\/\/paragaleriedetalborjt.com\/en\/wp-json\/wp\/v2\/product_tag?post=37847"}],"curies":[{"name":"wp","href":"https:\/\/api.w.org\/{rel}","templated":true}]}}