{"id":37790,"date":"2026-01-03T16:46:59","date_gmt":"2026-01-03T15:46:59","guid":{"rendered":"https:\/\/paragaleriedetalborjt.com\/?post_type=product&#038;p=37790"},"modified":"2026-01-03T16:46:59","modified_gmt":"2026-01-03T15:46:59","slug":"cerave-creme-hydratante-visage-spf30-52ml-peaux-normales-a-seches","status":"publish","type":"product","link":"https:\/\/paragaleriedetalborjt.com\/en\/boutique\/cerave-creme-hydratante-visage-spf30-52ml-peaux-normales-a-seches\/","title":{"rendered":"Cerave Cr\u00e8me Hydratante Visage SPF30 52ml Peaux Normales \u00e0 S\u00e8ches"},"content":{"rendered":"<div aria-labelledby=\"tab-title-description\" class=\"woocommerce-Tabs-panel woocommerce-Tabs-panel--description panel entry-content wc-tab\" id=\"tab-description\" role=\"tabpanel\" style=\"\">\n<h2>Description<\/h2>\n<p>\u2013 Restaure la barri\u00e8re cutan\u00e9e gr\u00e2ce \u00e0 sa formule aux 3 c\u00e9ramides et \u00e0 l\u2019acide hyaluronique<br \/>\n\u2013 Apaise la peau gr\u00e2ce aux propri\u00e9t\u00e9s anti-inflammatoires de la niacinamide<br \/>\n\u2013 Prot\u00e8ge la peau des rayons UVA et UVB gr\u00e2ce \u00e0 son indice de protection UV SPF30<\/p>\n<p><strong>La Cr\u00e8me Hydratante Visage SFP30 s\u2019adresse aux peaux normales \u00e0 s\u00e8che et est m\u00eame adapt\u00e9e aux peaux dess\u00e9ch\u00e9es par les traitements anti-acn\u00e9.<\/strong><\/p>\n<p>Ce soin hydratant d\u00e9velopp\u00e9 par des dermatologues est :<br \/>\n\u2013 sans parfum,<br \/>\n\u2013 hypoallerg\u00e9nique,<br \/>\n\u2013 non com\u00e9dog\u00e8ne<br \/>\nIl offre une texture l\u00e9g\u00e8re et non grasse<\/p>\n<p><strong>Conseils d\u2019utilisation :<\/strong><\/p>\n<p>Appliquer le matin g\u00e9n\u00e9reusement sur le visage et le cou.<br \/>\nEviter le contact direct avec les yeux. En cas de contact, rincer abondamment et instantan\u00e9ment \u00e0 l\u2019eau.<\/p>\n<\/div>","protected":false},"excerpt":{"rendered":"<p>Highlights:Cr\u00e8me Hydratante VisageSPF30UVB + UVA3 C\u00e9ramides essentielsAcide NiacinamideAcide HyaluroniqueHydrate et restaure la barri\u00e8re protectrice de la peauPeaux s\u00e8ches \u00e0 tr\u00e8s s\u00e8ches<\/p>","protected":false},"featured_media":37791,"comment_status":"open","ping_status":"closed","template":"","meta":[],"pwb-brand":[],"product_cat":[16],"product_tag":[],"class_list":{"0":"post-37790","1":"product","2":"type-product","3":"status-publish","4":"has-post-thumbnail","6":"product_cat-non-classe","7":"pa_brands-cerave","9":"first","10":"instock","11":"sale","12":"shipping-taxable","13":"purchasable","14":"product-type-simple"},"yoast_head":"<!-- This site is optimized with the Yoast SEO plugin v26.9 - https:\/\/yoast.com\/product\/yoast-seo-wordpress\/ -->\n<title>Cerave Cr\u00e8me Hydratante Visage SPF30 52ml Peaux Normales \u00e0 S\u00e8ches - paragaleriedetalborjt<\/title>\n<meta name=\"robots\" content=\"index, follow, max-snippet:-1, max-image-preview:large, max-video-preview:-1\" \/>\n<link rel=\"canonical\" href=\"https:\/\/paragaleriedetalborjt.com\/en\/boutique\/cerave-creme-hydratante-visage-spf30-52ml-peaux-normales-a-seches\/\" \/>\n<meta property=\"og:locale\" content=\"en_US\" \/>\n<meta property=\"og:type\" content=\"article\" \/>\n<meta property=\"og:title\" content=\"Cerave Cr\u00e8me Hydratante Visage SPF30 52ml Peaux Normales \u00e0 S\u00e8ches - paragaleriedetalborjt\" \/>\n<meta property=\"og:description\" content=\"Highlights:Cr\u00e8me Hydratante VisageSPF30UVB + UVA3 C\u00e9ramides essentielsAcide NiacinamideAcide HyaluroniqueHydrate et restaure la barri\u00e8re protectrice de la peauPeaux s\u00e8ches \u00e0 tr\u00e8s s\u00e8ches\" \/>\n<meta property=\"og:url\" content=\"https:\/\/paragaleriedetalborjt.com\/en\/boutique\/cerave-creme-hydratante-visage-spf30-52ml-peaux-normales-a-seches\/\" \/>\n<meta property=\"og:site_name\" content=\"paragaleriedetalborjt\" \/>\n<meta property=\"og:image\" content=\"https:\/\/paragaleriedetalborjt.com\/wp-content\/uploads\/2026\/01\/cerave-creme-hydratante-visage-spf-30-peaux-normales-a-seches-52-ml.jpg\" \/>\n\t<meta property=\"og:image:width\" content=\"595\" \/>\n\t<meta property=\"og:image:height\" content=\"655\" \/>\n\t<meta property=\"og:image:type\" content=\"image\/jpeg\" \/>\n<meta name=\"twitter:card\" content=\"summary_large_image\" \/>\n<meta name=\"twitter:label1\" content=\"Est. reading time\" \/>\n\t<meta name=\"twitter:data1\" content=\"1 minute\" \/>\n<script type=\"application\/ld+json\" class=\"yoast-schema-graph\">{\"@context\":\"https:\/\/schema.org\",\"@graph\":[{\"@type\":\"WebPage\",\"@id\":\"https:\/\/paragaleriedetalborjt.com\/boutique\/cerave-creme-hydratante-visage-spf30-52ml-peaux-normales-a-seches\/\",\"url\":\"https:\/\/paragaleriedetalborjt.com\/boutique\/cerave-creme-hydratante-visage-spf30-52ml-peaux-normales-a-seches\/\",\"name\":\"Cerave Cr\u00e8me Hydratante Visage SPF30 52ml Peaux Normales \u00e0 S\u00e8ches - paragaleriedetalborjt\",\"isPartOf\":{\"@id\":\"https:\/\/paragaleriedetalborjt.com\/#website\"},\"primaryImageOfPage\":{\"@id\":\"https:\/\/paragaleriedetalborjt.com\/boutique\/cerave-creme-hydratante-visage-spf30-52ml-peaux-normales-a-seches\/#primaryimage\"},\"image\":{\"@id\":\"https:\/\/paragaleriedetalborjt.com\/boutique\/cerave-creme-hydratante-visage-spf30-52ml-peaux-normales-a-seches\/#primaryimage\"},\"thumbnailUrl\":\"https:\/\/paragaleriedetalborjt.com\/wp-content\/uploads\/2026\/01\/cerave-creme-hydratante-visage-spf-30-peaux-normales-a-seches-52-ml.jpg\",\"datePublished\":\"2026-01-03T15:46:59+00:00\",\"breadcrumb\":{\"@id\":\"https:\/\/paragaleriedetalborjt.com\/boutique\/cerave-creme-hydratante-visage-spf30-52ml-peaux-normales-a-seches\/#breadcrumb\"},\"inLanguage\":\"en-US\",\"potentialAction\":[{\"@type\":\"ReadAction\",\"target\":[\"https:\/\/paragaleriedetalborjt.com\/boutique\/cerave-creme-hydratante-visage-spf30-52ml-peaux-normales-a-seches\/\"]}]},{\"@type\":\"ImageObject\",\"inLanguage\":\"en-US\",\"@id\":\"https:\/\/paragaleriedetalborjt.com\/boutique\/cerave-creme-hydratante-visage-spf30-52ml-peaux-normales-a-seches\/#primaryimage\",\"url\":\"https:\/\/paragaleriedetalborjt.com\/wp-content\/uploads\/2026\/01\/cerave-creme-hydratante-visage-spf-30-peaux-normales-a-seches-52-ml.jpg\",\"contentUrl\":\"https:\/\/paragaleriedetalborjt.com\/wp-content\/uploads\/2026\/01\/cerave-creme-hydratante-visage-spf-30-peaux-normales-a-seches-52-ml.jpg\",\"width\":595,\"height\":655},{\"@type\":\"BreadcrumbList\",\"@id\":\"https:\/\/paragaleriedetalborjt.com\/boutique\/cerave-creme-hydratante-visage-spf30-52ml-peaux-normales-a-seches\/#breadcrumb\",\"itemListElement\":[{\"@type\":\"ListItem\",\"position\":1,\"name\":\"Accueil\",\"item\":\"https:\/\/paragaleriedetalborjt.com\/\"},{\"@type\":\"ListItem\",\"position\":2,\"name\":\"Boutique\",\"item\":\"https:\/\/paragaleriedetalborjt.com\/boutique\/\"},{\"@type\":\"ListItem\",\"position\":3,\"name\":\"Cerave Cr\u00e8me Hydratante Visage SPF30 52ml Peaux Normales \u00e0 S\u00e8ches\"}]},{\"@type\":\"WebSite\",\"@id\":\"https:\/\/paragaleriedetalborjt.com\/#website\",\"url\":\"https:\/\/paragaleriedetalborjt.com\/\",\"name\":\"paragaleriedetalborjt\",\"description\":\"\",\"potentialAction\":[{\"@type\":\"SearchAction\",\"target\":{\"@type\":\"EntryPoint\",\"urlTemplate\":\"https:\/\/paragaleriedetalborjt.com\/?s={search_term_string}\"},\"query-input\":{\"@type\":\"PropertyValueSpecification\",\"valueRequired\":true,\"valueName\":\"search_term_string\"}}],\"inLanguage\":\"en-US\"}]}<\/script>\n<!-- \/ Yoast SEO plugin. -->","yoast_head_json":{"title":"Cerave Cr\u00e8me Hydratante Visage SPF30 52ml Peaux Normales \u00e0 S\u00e8ches - paragaleriedetalborjt","robots":{"index":"index","follow":"follow","max-snippet":"max-snippet:-1","max-image-preview":"max-image-preview:large","max-video-preview":"max-video-preview:-1"},"canonical":"https:\/\/paragaleriedetalborjt.com\/en\/boutique\/cerave-creme-hydratante-visage-spf30-52ml-peaux-normales-a-seches\/","og_locale":"en_US","og_type":"article","og_title":"Cerave Cr\u00e8me Hydratante Visage SPF30 52ml Peaux Normales \u00e0 S\u00e8ches - paragaleriedetalborjt","og_description":"Highlights:Cr\u00e8me Hydratante VisageSPF30UVB + UVA3 C\u00e9ramides essentielsAcide NiacinamideAcide HyaluroniqueHydrate et restaure la barri\u00e8re protectrice de la peauPeaux s\u00e8ches \u00e0 tr\u00e8s s\u00e8ches","og_url":"https:\/\/paragaleriedetalborjt.com\/en\/boutique\/cerave-creme-hydratante-visage-spf30-52ml-peaux-normales-a-seches\/","og_site_name":"paragaleriedetalborjt","og_image":[{"width":595,"height":655,"url":"https:\/\/paragaleriedetalborjt.com\/wp-content\/uploads\/2026\/01\/cerave-creme-hydratante-visage-spf-30-peaux-normales-a-seches-52-ml.jpg","type":"image\/jpeg"}],"twitter_card":"summary_large_image","twitter_misc":{"Est. reading time":"1 minute"},"schema":{"@context":"https:\/\/schema.org","@graph":[{"@type":"WebPage","@id":"https:\/\/paragaleriedetalborjt.com\/boutique\/cerave-creme-hydratante-visage-spf30-52ml-peaux-normales-a-seches\/","url":"https:\/\/paragaleriedetalborjt.com\/boutique\/cerave-creme-hydratante-visage-spf30-52ml-peaux-normales-a-seches\/","name":"Cerave Cr\u00e8me Hydratante Visage SPF30 52ml Peaux Normales \u00e0 S\u00e8ches - paragaleriedetalborjt","isPartOf":{"@id":"https:\/\/paragaleriedetalborjt.com\/#website"},"primaryImageOfPage":{"@id":"https:\/\/paragaleriedetalborjt.com\/boutique\/cerave-creme-hydratante-visage-spf30-52ml-peaux-normales-a-seches\/#primaryimage"},"image":{"@id":"https:\/\/paragaleriedetalborjt.com\/boutique\/cerave-creme-hydratante-visage-spf30-52ml-peaux-normales-a-seches\/#primaryimage"},"thumbnailUrl":"https:\/\/paragaleriedetalborjt.com\/wp-content\/uploads\/2026\/01\/cerave-creme-hydratante-visage-spf-30-peaux-normales-a-seches-52-ml.jpg","datePublished":"2026-01-03T15:46:59+00:00","breadcrumb":{"@id":"https:\/\/paragaleriedetalborjt.com\/boutique\/cerave-creme-hydratante-visage-spf30-52ml-peaux-normales-a-seches\/#breadcrumb"},"inLanguage":"en-US","potentialAction":[{"@type":"ReadAction","target":["https:\/\/paragaleriedetalborjt.com\/boutique\/cerave-creme-hydratante-visage-spf30-52ml-peaux-normales-a-seches\/"]}]},{"@type":"ImageObject","inLanguage":"en-US","@id":"https:\/\/paragaleriedetalborjt.com\/boutique\/cerave-creme-hydratante-visage-spf30-52ml-peaux-normales-a-seches\/#primaryimage","url":"https:\/\/paragaleriedetalborjt.com\/wp-content\/uploads\/2026\/01\/cerave-creme-hydratante-visage-spf-30-peaux-normales-a-seches-52-ml.jpg","contentUrl":"https:\/\/paragaleriedetalborjt.com\/wp-content\/uploads\/2026\/01\/cerave-creme-hydratante-visage-spf-30-peaux-normales-a-seches-52-ml.jpg","width":595,"height":655},{"@type":"BreadcrumbList","@id":"https:\/\/paragaleriedetalborjt.com\/boutique\/cerave-creme-hydratante-visage-spf30-52ml-peaux-normales-a-seches\/#breadcrumb","itemListElement":[{"@type":"ListItem","position":1,"name":"Accueil","item":"https:\/\/paragaleriedetalborjt.com\/"},{"@type":"ListItem","position":2,"name":"Boutique","item":"https:\/\/paragaleriedetalborjt.com\/boutique\/"},{"@type":"ListItem","position":3,"name":"Cerave Cr\u00e8me Hydratante Visage SPF30 52ml Peaux Normales \u00e0 S\u00e8ches"}]},{"@type":"WebSite","@id":"https:\/\/paragaleriedetalborjt.com\/#website","url":"https:\/\/paragaleriedetalborjt.com\/","name":"paragaleriedetalborjt","description":"","potentialAction":[{"@type":"SearchAction","target":{"@type":"EntryPoint","urlTemplate":"https:\/\/paragaleriedetalborjt.com\/?s={search_term_string}"},"query-input":{"@type":"PropertyValueSpecification","valueRequired":true,"valueName":"search_term_string"}}],"inLanguage":"en-US"}]}},"brands":[],"_links":{"self":[{"href":"https:\/\/paragaleriedetalborjt.com\/en\/wp-json\/wp\/v2\/product\/37790","targetHints":{"allow":["GET"]}}],"collection":[{"href":"https:\/\/paragaleriedetalborjt.com\/en\/wp-json\/wp\/v2\/product"}],"about":[{"href":"https:\/\/paragaleriedetalborjt.com\/en\/wp-json\/wp\/v2\/types\/product"}],"replies":[{"embeddable":true,"href":"https:\/\/paragaleriedetalborjt.com\/en\/wp-json\/wp\/v2\/comments?post=37790"}],"version-history":[{"count":1,"href":"https:\/\/paragaleriedetalborjt.com\/en\/wp-json\/wp\/v2\/product\/37790\/revisions"}],"predecessor-version":[{"id":37792,"href":"https:\/\/paragaleriedetalborjt.com\/en\/wp-json\/wp\/v2\/product\/37790\/revisions\/37792"}],"wp:featuredmedia":[{"embeddable":true,"href":"https:\/\/paragaleriedetalborjt.com\/en\/wp-json\/wp\/v2\/media\/37791"}],"wp:attachment":[{"href":"https:\/\/paragaleriedetalborjt.com\/en\/wp-json\/wp\/v2\/media?parent=37790"}],"wp:term":[{"taxonomy":"pwb-brand","embeddable":true,"href":"https:\/\/paragaleriedetalborjt.com\/en\/wp-json\/wp\/v2\/pwb-brand?post=37790"},{"taxonomy":"product_cat","embeddable":true,"href":"https:\/\/paragaleriedetalborjt.com\/en\/wp-json\/wp\/v2\/product_cat?post=37790"},{"taxonomy":"product_tag","embeddable":true,"href":"https:\/\/paragaleriedetalborjt.com\/en\/wp-json\/wp\/v2\/product_tag?post=37790"}],"curies":[{"name":"wp","href":"https:\/\/api.w.org\/{rel}","templated":true}]}}