{"id":37745,"date":"2026-01-03T16:45:51","date_gmt":"2026-01-03T15:45:51","guid":{"rendered":"https:\/\/paragaleriedetalborjt.com\/?post_type=product&#038;p=37745"},"modified":"2026-01-03T16:45:52","modified_gmt":"2026-01-03T15:45:52","slug":"photo-white-ecran-invisible-spf-50-ah-cream-30ml-offert","status":"publish","type":"product","link":"https:\/\/paragaleriedetalborjt.com\/en\/boutique\/photo-white-ecran-invisible-spf-50-ah-cream-30ml-offert\/","title":{"rendered":"Photo White Ecran Invisible Spf 50+ = AH Cream 30ml Offert"},"content":{"rendered":"<div aria-labelledby=\"tab-title-description\" class=\"woocommerce-Tabs-panel woocommerce-Tabs-panel--description panel entry-content wc-tab\" id=\"tab-description\" role=\"tabpanel\" style=\"\">\n<h2>Description<\/h2>\n<p>Cr\u00e8me solaire \u00e0 large spectre \u00e0 texture l\u00e9g\u00e8re, adapt\u00e9e aux peaux sensibles ayant tendance \u00e0 d\u00e9velopper des taches cutan\u00e9es et des intol\u00e9rances au soleil.\u00a0Une utilisation quotidienne permet une protection intensive contre l\u2019action des radicaux libres induite par les rayons UV et donc un traitement efficace contre le photo-vieillissement.\u00a0La pr\u00e9sence d\u2019un inhibiteur de l\u2019enzyme tyrosinase neutralise la formation de taches cutan\u00e9es photo-induites.<\/p>\n<\/div>","protected":false},"excerpt":{"rendered":"<p>Highlights:Texture l\u00e9g\u00e8re invisible sur la peauAction antioxydanteAction \u00e9clairante<\/p>","protected":false},"featured_media":37746,"comment_status":"open","ping_status":"closed","template":"","meta":[],"pwb-brand":[],"product_cat":[16],"product_tag":[],"class_list":{"0":"post-37745","1":"product","2":"type-product","3":"status-publish","4":"has-post-thumbnail","6":"product_cat-non-classe","7":"pa_brands-photo-white","9":"first","10":"instock","11":"sale","12":"shipping-taxable","13":"purchasable","14":"product-type-simple"},"yoast_head":"<!-- This site is optimized with the Yoast SEO plugin v27.5 - https:\/\/yoast.com\/product\/yoast-seo-wordpress\/ -->\n<title>Photo White Ecran Invisible Spf 50+ = AH Cream 30ml Offert - paragaleriedetalborjt<\/title>\n<meta name=\"robots\" content=\"index, follow, max-snippet:-1, max-image-preview:large, max-video-preview:-1\" \/>\n<link rel=\"canonical\" href=\"https:\/\/paragaleriedetalborjt.com\/en\/boutique\/photo-white-ecran-invisible-spf-50-ah-cream-30ml-offert\/\" \/>\n<meta property=\"og:locale\" content=\"en_US\" \/>\n<meta property=\"og:type\" content=\"article\" \/>\n<meta property=\"og:title\" content=\"Photo White Ecran Invisible Spf 50+ = AH Cream 30ml Offert - paragaleriedetalborjt\" \/>\n<meta property=\"og:description\" content=\"Highlights:Texture l\u00e9g\u00e8re invisible sur la peauAction antioxydanteAction \u00e9clairante\" \/>\n<meta property=\"og:url\" content=\"https:\/\/paragaleriedetalborjt.com\/en\/boutique\/photo-white-ecran-invisible-spf-50-ah-cream-30ml-offert\/\" \/>\n<meta property=\"og:site_name\" content=\"paragaleriedetalborjt\" \/>\n<meta property=\"article:modified_time\" content=\"2026-01-03T15:45:52+00:00\" \/>\n<meta property=\"og:image\" content=\"https:\/\/paragaleriedetalborjt.com\/wp-content\/uploads\/2026\/01\/PHOTOWHITE-INVISIBLE-1-1-600x600-1.png\" \/>\n\t<meta property=\"og:image:width\" content=\"600\" \/>\n\t<meta property=\"og:image:height\" content=\"600\" \/>\n\t<meta property=\"og:image:type\" content=\"image\/png\" \/>\n<meta name=\"twitter:card\" content=\"summary_large_image\" \/>\n<script type=\"application\/ld+json\" class=\"yoast-schema-graph\">{\"@context\":\"https:\\\/\\\/schema.org\",\"@graph\":[{\"@type\":\"WebPage\",\"@id\":\"https:\\\/\\\/paragaleriedetalborjt.com\\\/boutique\\\/photo-white-ecran-invisible-spf-50-ah-cream-30ml-offert\\\/\",\"url\":\"https:\\\/\\\/paragaleriedetalborjt.com\\\/boutique\\\/photo-white-ecran-invisible-spf-50-ah-cream-30ml-offert\\\/\",\"name\":\"Photo White Ecran Invisible Spf 50+ = AH Cream 30ml Offert - paragaleriedetalborjt\",\"isPartOf\":{\"@id\":\"https:\\\/\\\/paragaleriedetalborjt.com\\\/#website\"},\"primaryImageOfPage\":{\"@id\":\"https:\\\/\\\/paragaleriedetalborjt.com\\\/boutique\\\/photo-white-ecran-invisible-spf-50-ah-cream-30ml-offert\\\/#primaryimage\"},\"image\":{\"@id\":\"https:\\\/\\\/paragaleriedetalborjt.com\\\/boutique\\\/photo-white-ecran-invisible-spf-50-ah-cream-30ml-offert\\\/#primaryimage\"},\"thumbnailUrl\":\"https:\\\/\\\/paragaleriedetalborjt.com\\\/wp-content\\\/uploads\\\/2026\\\/01\\\/PHOTOWHITE-INVISIBLE-1-1-600x600-1.png\",\"datePublished\":\"2026-01-03T15:45:51+00:00\",\"dateModified\":\"2026-01-03T15:45:52+00:00\",\"breadcrumb\":{\"@id\":\"https:\\\/\\\/paragaleriedetalborjt.com\\\/boutique\\\/photo-white-ecran-invisible-spf-50-ah-cream-30ml-offert\\\/#breadcrumb\"},\"inLanguage\":\"en-US\",\"potentialAction\":[{\"@type\":\"ReadAction\",\"target\":[\"https:\\\/\\\/paragaleriedetalborjt.com\\\/boutique\\\/photo-white-ecran-invisible-spf-50-ah-cream-30ml-offert\\\/\"]}]},{\"@type\":\"ImageObject\",\"inLanguage\":\"en-US\",\"@id\":\"https:\\\/\\\/paragaleriedetalborjt.com\\\/boutique\\\/photo-white-ecran-invisible-spf-50-ah-cream-30ml-offert\\\/#primaryimage\",\"url\":\"https:\\\/\\\/paragaleriedetalborjt.com\\\/wp-content\\\/uploads\\\/2026\\\/01\\\/PHOTOWHITE-INVISIBLE-1-1-600x600-1.png\",\"contentUrl\":\"https:\\\/\\\/paragaleriedetalborjt.com\\\/wp-content\\\/uploads\\\/2026\\\/01\\\/PHOTOWHITE-INVISIBLE-1-1-600x600-1.png\",\"width\":600,\"height\":600},{\"@type\":\"BreadcrumbList\",\"@id\":\"https:\\\/\\\/paragaleriedetalborjt.com\\\/boutique\\\/photo-white-ecran-invisible-spf-50-ah-cream-30ml-offert\\\/#breadcrumb\",\"itemListElement\":[{\"@type\":\"ListItem\",\"position\":1,\"name\":\"Accueil\",\"item\":\"https:\\\/\\\/paragaleriedetalborjt.com\\\/\"},{\"@type\":\"ListItem\",\"position\":2,\"name\":\"Boutique\",\"item\":\"https:\\\/\\\/paragaleriedetalborjt.com\\\/boutique\\\/\"},{\"@type\":\"ListItem\",\"position\":3,\"name\":\"Photo White Ecran Invisible Spf 50+ = AH Cream 30ml Offert\"}]},{\"@type\":\"WebSite\",\"@id\":\"https:\\\/\\\/paragaleriedetalborjt.com\\\/#website\",\"url\":\"https:\\\/\\\/paragaleriedetalborjt.com\\\/\",\"name\":\"paragaleriedetalborjt\",\"description\":\"\",\"potentialAction\":[{\"@type\":\"SearchAction\",\"target\":{\"@type\":\"EntryPoint\",\"urlTemplate\":\"https:\\\/\\\/paragaleriedetalborjt.com\\\/?s={search_term_string}\"},\"query-input\":{\"@type\":\"PropertyValueSpecification\",\"valueRequired\":true,\"valueName\":\"search_term_string\"}}],\"inLanguage\":\"en-US\"}]}<\/script>\n<!-- \/ Yoast SEO plugin. -->","yoast_head_json":{"title":"Photo White Ecran Invisible Spf 50+ = AH Cream 30ml Offert - paragaleriedetalborjt","robots":{"index":"index","follow":"follow","max-snippet":"max-snippet:-1","max-image-preview":"max-image-preview:large","max-video-preview":"max-video-preview:-1"},"canonical":"https:\/\/paragaleriedetalborjt.com\/en\/boutique\/photo-white-ecran-invisible-spf-50-ah-cream-30ml-offert\/","og_locale":"en_US","og_type":"article","og_title":"Photo White Ecran Invisible Spf 50+ = AH Cream 30ml Offert - paragaleriedetalborjt","og_description":"Highlights:Texture l\u00e9g\u00e8re invisible sur la peauAction antioxydanteAction \u00e9clairante","og_url":"https:\/\/paragaleriedetalborjt.com\/en\/boutique\/photo-white-ecran-invisible-spf-50-ah-cream-30ml-offert\/","og_site_name":"paragaleriedetalborjt","article_modified_time":"2026-01-03T15:45:52+00:00","og_image":[{"width":600,"height":600,"url":"https:\/\/paragaleriedetalborjt.com\/wp-content\/uploads\/2026\/01\/PHOTOWHITE-INVISIBLE-1-1-600x600-1.png","type":"image\/png"}],"twitter_card":"summary_large_image","schema":{"@context":"https:\/\/schema.org","@graph":[{"@type":"WebPage","@id":"https:\/\/paragaleriedetalborjt.com\/boutique\/photo-white-ecran-invisible-spf-50-ah-cream-30ml-offert\/","url":"https:\/\/paragaleriedetalborjt.com\/boutique\/photo-white-ecran-invisible-spf-50-ah-cream-30ml-offert\/","name":"Photo White Ecran Invisible Spf 50+ = AH Cream 30ml Offert - paragaleriedetalborjt","isPartOf":{"@id":"https:\/\/paragaleriedetalborjt.com\/#website"},"primaryImageOfPage":{"@id":"https:\/\/paragaleriedetalborjt.com\/boutique\/photo-white-ecran-invisible-spf-50-ah-cream-30ml-offert\/#primaryimage"},"image":{"@id":"https:\/\/paragaleriedetalborjt.com\/boutique\/photo-white-ecran-invisible-spf-50-ah-cream-30ml-offert\/#primaryimage"},"thumbnailUrl":"https:\/\/paragaleriedetalborjt.com\/wp-content\/uploads\/2026\/01\/PHOTOWHITE-INVISIBLE-1-1-600x600-1.png","datePublished":"2026-01-03T15:45:51+00:00","dateModified":"2026-01-03T15:45:52+00:00","breadcrumb":{"@id":"https:\/\/paragaleriedetalborjt.com\/boutique\/photo-white-ecran-invisible-spf-50-ah-cream-30ml-offert\/#breadcrumb"},"inLanguage":"en-US","potentialAction":[{"@type":"ReadAction","target":["https:\/\/paragaleriedetalborjt.com\/boutique\/photo-white-ecran-invisible-spf-50-ah-cream-30ml-offert\/"]}]},{"@type":"ImageObject","inLanguage":"en-US","@id":"https:\/\/paragaleriedetalborjt.com\/boutique\/photo-white-ecran-invisible-spf-50-ah-cream-30ml-offert\/#primaryimage","url":"https:\/\/paragaleriedetalborjt.com\/wp-content\/uploads\/2026\/01\/PHOTOWHITE-INVISIBLE-1-1-600x600-1.png","contentUrl":"https:\/\/paragaleriedetalborjt.com\/wp-content\/uploads\/2026\/01\/PHOTOWHITE-INVISIBLE-1-1-600x600-1.png","width":600,"height":600},{"@type":"BreadcrumbList","@id":"https:\/\/paragaleriedetalborjt.com\/boutique\/photo-white-ecran-invisible-spf-50-ah-cream-30ml-offert\/#breadcrumb","itemListElement":[{"@type":"ListItem","position":1,"name":"Accueil","item":"https:\/\/paragaleriedetalborjt.com\/"},{"@type":"ListItem","position":2,"name":"Boutique","item":"https:\/\/paragaleriedetalborjt.com\/boutique\/"},{"@type":"ListItem","position":3,"name":"Photo White Ecran Invisible Spf 50+ = AH Cream 30ml Offert"}]},{"@type":"WebSite","@id":"https:\/\/paragaleriedetalborjt.com\/#website","url":"https:\/\/paragaleriedetalborjt.com\/","name":"paragaleriedetalborjt","description":"","potentialAction":[{"@type":"SearchAction","target":{"@type":"EntryPoint","urlTemplate":"https:\/\/paragaleriedetalborjt.com\/?s={search_term_string}"},"query-input":{"@type":"PropertyValueSpecification","valueRequired":true,"valueName":"search_term_string"}}],"inLanguage":"en-US"}]}},"brands":[],"_links":{"self":[{"href":"https:\/\/paragaleriedetalborjt.com\/en\/wp-json\/wp\/v2\/product\/37745","targetHints":{"allow":["GET"]}}],"collection":[{"href":"https:\/\/paragaleriedetalborjt.com\/en\/wp-json\/wp\/v2\/product"}],"about":[{"href":"https:\/\/paragaleriedetalborjt.com\/en\/wp-json\/wp\/v2\/types\/product"}],"replies":[{"embeddable":true,"href":"https:\/\/paragaleriedetalborjt.com\/en\/wp-json\/wp\/v2\/comments?post=37745"}],"version-history":[{"count":1,"href":"https:\/\/paragaleriedetalborjt.com\/en\/wp-json\/wp\/v2\/product\/37745\/revisions"}],"predecessor-version":[{"id":37747,"href":"https:\/\/paragaleriedetalborjt.com\/en\/wp-json\/wp\/v2\/product\/37745\/revisions\/37747"}],"wp:featuredmedia":[{"embeddable":true,"href":"https:\/\/paragaleriedetalborjt.com\/en\/wp-json\/wp\/v2\/media\/37746"}],"wp:attachment":[{"href":"https:\/\/paragaleriedetalborjt.com\/en\/wp-json\/wp\/v2\/media?parent=37745"}],"wp:term":[{"taxonomy":"pwb-brand","embeddable":true,"href":"https:\/\/paragaleriedetalborjt.com\/en\/wp-json\/wp\/v2\/pwb-brand?post=37745"},{"taxonomy":"product_cat","embeddable":true,"href":"https:\/\/paragaleriedetalborjt.com\/en\/wp-json\/wp\/v2\/product_cat?post=37745"},{"taxonomy":"product_tag","embeddable":true,"href":"https:\/\/paragaleriedetalborjt.com\/en\/wp-json\/wp\/v2\/product_tag?post=37745"}],"curies":[{"name":"wp","href":"https:\/\/api.w.org\/{rel}","templated":true}]}}