{"id":37717,"date":"2026-01-03T16:45:11","date_gmt":"2026-01-03T15:45:11","guid":{"rendered":"https:\/\/paragaleriedetalborjt.com\/?post_type=product&#038;p=37717"},"modified":"2026-01-03T16:45:11","modified_gmt":"2026-01-03T15:45:11","slug":"cerave-huile-lavante-moussante-hydratante-peau-tres-seche-a-atopique-473ml","status":"publish","type":"product","link":"https:\/\/paragaleriedetalborjt.com\/en\/boutique\/cerave-huile-lavante-moussante-hydratante-peau-tres-seche-a-atopique-473ml\/","title":{"rendered":"CeraVe Huile Lavante Moussante Hydratante Peau Tr\u00e8s S\u00e8che \u00e0 Atopique | 473ml"},"content":{"rendered":"<div aria-labelledby=\"tab-title-description\" class=\"woocommerce-Tabs-panel woocommerce-Tabs-panel--description panel entry-content wc-tab\" id=\"tab-description\" role=\"tabpanel\" style=\"\">\n<h2>Description<\/h2>\n<p><strong>Caract\u00e9ristiques :<\/strong><\/p>\n<p>D\u00e9velopp\u00e9e avec des dermatologues, l\u2019Huile Lavante Moussante Hydratante CeraVe nettoie en douceur, relipide et nourrit les peaux normales \u00e0 tr\u00e8s s\u00e8ches et les peaux \u00e0 tendance atopique. V\u00e9ritable soin lavant, sa formule enrichie aux 3 c\u00e9ramides essentiels et \u00e0 l\u2019acide hyaluronique restaure la barri\u00e8re cutan\u00e9e et hydrate la peau sous la douche. Formul\u00e9e \u00e0 partir d\u2019un complexe unique de triglyc\u00e9rides et de squalane, lipides cl\u00e9s naturellement pr\u00e9sents dans la peau, d\u00e9ficitaires dans les peaux les plus s\u00e8ches, et d\u2019une base lavante douce formul\u00e9e \u00e0 partir d\u2019acides amin\u00e9s, l\u2019Huile Lavante Moussante Hydratante CeraVe nettoie tout en relipidant la peau. Sa texture huile moussante enveloppante, nettoie sans laisser de film gras et apaise imm\u00e9diatement sous la douche.<\/p>\n<p><strong>S\u00e9curit\u00e9 :<\/strong><br \/>\n-Sans parfum<br \/>\n-Non com\u00e9dog\u00e8ne<br \/>\n-Haute tol\u00e9rance pour convenir aux peaux les plus fragiles<br \/>\n-Formule visage &amp; corps, y compris pour les zones intimes.<br \/>\n-Test\u00e9e sous contr\u00f4le gyn\u00e9cologique.<br \/>\n-Convient pour une utilisation pour toute la famille : nourrissons d\u00e8s 1 mois, enfants &amp; adultes<br \/>\nIngr\u00e9dients et principes actifs cl\u00e9s :<br \/>\n-C\u00e9ramides 1, 3 et 6-II qui aident \u00e0 restaurer la barri\u00e8re cutan\u00e9e<br \/>\n-Les triglyc\u00e9rides et l\u2019huile de squalane nettoient et hydratent la peau tout en la relipidant<br \/>\n-Syst\u00e8me tensioactif \u00e0 base d\u2019acides amin\u00e9es qui sont \u00e0 l\u2019origine de la texture mousseuse qui hydrate sans laisser de film gras sur la peau<br \/>\n\u2013 Technologie brevet\u00e9e de diffusion MVE : lib\u00e9ration contr\u00f4l\u00e9e et prolong\u00e9e d\u2019actifs pour une hydratation continue pendant 24h<\/p>\n<p><strong>Conseil d\u2019utilisation :<\/strong><br \/>\nUsage quotidien.<br \/>\nSous la douche, appliquer sur peau mouill\u00e9e, faire mousser. Rincer et s\u00e9cher d\u00e9licatement sans frotter.<br \/>\nPour le bain, verser l\u2019\u00e9quivalent de 5 pressions pendant le remplissage de la baignoire. Rincer et s\u00e9cher d\u00e9licatement sans frotter.<br \/>\nSe rince facilement. Ne laisse pas de r\u00e9sidus gras, collants.<br \/>\n-Texture Huile Moussante : S\u2019applique comme une huile et se transforme en une mousse sur la peau mouill\u00e9e.<br \/>\n-Huile Relipidante :Formul\u00e9e \u00e0 partir d\u2019un complexe unique de triglyc\u00e9rides et de squalane, l\u2019Huile Lavante Moussante Hydratante CeraVe nettoie et hydrate tout en relipidant la peau.<\/p>\n<p><strong>Efficacit\u00e9 :<\/strong><br \/>\n-Nettoie en douceur gr\u00e2ce \u00e0 sa base lavante douce<br \/>\n-Enl\u00e8ve imm\u00e9diatement les salet\u00e9s, les impuret\u00e9s et la pollution : 81%*<br \/>\n-Soulage imm\u00e9diatement les tiraillements : 83%*<br \/>\n-Relipide et hydrate<br \/>\n-Apaise les peaux tr\u00e8s s\u00e8ches \u00e0 atopiques<br \/>\n-Restaure la barri\u00e8re cutan\u00e9e<br \/>\n-Convient aux zones intimes (Test\u00e9e sous contr\u00f4le gyn\u00e9cologique<br \/>\n-Facile \u00e0 rincer<br \/>\n-Ne laisse pas de r\u00e9sidus gras ou collant<\/p>\n<p>*R\u00e9sultats apr\u00e8s 2 semaines d\u2019un panel d\u2019utilisateurs compos\u00e9 de 56 femmes, \u00e2g\u00e9es de 18 \u00e0 65 ans ayant une peau normale \u00e0 tr\u00e8s s\u00e8che.<\/p>\n<p><strong>Composition :<\/strong><br \/>\nAQUA\/WATER, GLYCERIN, PEG-200 HYDROGENATED GLYCERYL PALMATE, COCO-BETAINE, DISODIUM COCOYL GLUTAMATE, PEG-120 METHYL GLUCOSE DIOLEATE, POLYSORBATE 20, PEG-7 GLYCERYL COCOATE, PEG-150 PENTAERYTHRITYL TETRASTEARATE, PPG-5- CETETH-20, PEG-6 CAPRYLIC\/CAPRIC GLYCERIDES, SQUALANE, CERAMIDE NP, CERAMIDE AP, CERAMIDE EOP, CARBOMER, TRIETHYL CITRATE, SODIUM CHLORIDE, SODIUM HYDROXIDE, SODIUM COCOYL GLUTAMATE, SODIUM LAUROYL LACTYLATE, SODIUM HYALURONATE, CHOLESTEROL, CITRIC ACID, CAPRYLOYL GLYCINE, HYDROXYACETOPHENONE, CAPRYLYL GLYCOL, CAPRYLIC\/ CAPRIC TRIGLYCERIDE, TRISODIUM ETHYLENEDIAMINE DISUCCINATE, PHYTOSPHINGOSINE, XANTHAN GUM, BENZOIC ACID.<\/p>\n<p>Les listes d\u2019ingr\u00e9dients entrant dans la composition des produits de notre marque sont r\u00e9guli\u00e8rement mises \u00e0 jour. Avant d\u2019utiliser un produit de notre marque, vous \u00eates invit\u00e9s \u00e0 lire la liste d\u2019ingr\u00e9dients figurant sur son emballage afin de vous assurer que les ingr\u00e9dients sont adapt\u00e9s \u00e0 votre utilisation personnelle<\/p>\n<\/div>","protected":false},"excerpt":{"rendered":"<p>Highlights:Nettoie en douceur, relipide et hydrate les peaux normales \u00e0 tr\u00e8s s\u00e8ches et les peaux \u00e0 tendance atopique tout en restaurant la barri\u00e8re cutan\u00e9e sous la douche.\u2022Besoin :Nettoie | Hydrate | Relipide | Apaise les peaux tr\u00e8s s\u00e8ches \u00e0 atopiques\u2022Ingr\u00e9dients :Triglyc\u00e9rides | Squalane | 3 C\u00e9ramides (1, 3, 6-II) | Acide Hyaluronique\u2022S\u00e9curit\u00e9 :Formule haute tol\u00e9rance au ph physiologique respectueuse de la peau | Sans parfum | non com\u00e9dog\u00e8ne | d\u00e9velopp\u00e9e pour les peaux les plus fragiles | Test\u00e9e sous contr\u00f4le gyn\u00e9cologique\u2022Utilisation :Appliquer l\u2019Huile Lavante sur peau mouill\u00e9e sous la douche et faire mousser. Rincer et s\u00e9cher d\u00e9licatement sans frotter. Se rince facilement. Nettoyant visage et corps<\/p>","protected":false},"featured_media":37718,"comment_status":"open","ping_status":"closed","template":"","meta":[],"pwb-brand":[],"product_cat":[16],"product_tag":[],"class_list":{"0":"post-37717","1":"product","2":"type-product","3":"status-publish","4":"has-post-thumbnail","6":"product_cat-non-classe","7":"pa_brands-cerave","9":"first","10":"instock","11":"sale","12":"shipping-taxable","13":"purchasable","14":"product-type-simple"},"yoast_head":"<!-- This site is optimized with the Yoast SEO plugin v26.9 - https:\/\/yoast.com\/product\/yoast-seo-wordpress\/ -->\n<title>CeraVe Huile Lavante Moussante Hydratante Peau Tr\u00e8s S\u00e8che \u00e0 Atopique | 473ml - paragaleriedetalborjt<\/title>\n<meta name=\"robots\" content=\"index, follow, max-snippet:-1, max-image-preview:large, max-video-preview:-1\" \/>\n<link rel=\"canonical\" href=\"https:\/\/paragaleriedetalborjt.com\/en\/boutique\/cerave-huile-lavante-moussante-hydratante-peau-tres-seche-a-atopique-473ml\/\" \/>\n<meta property=\"og:locale\" content=\"en_US\" \/>\n<meta property=\"og:type\" content=\"article\" \/>\n<meta property=\"og:title\" content=\"CeraVe Huile Lavante Moussante Hydratante Peau Tr\u00e8s S\u00e8che \u00e0 Atopique | 473ml - paragaleriedetalborjt\" \/>\n<meta property=\"og:description\" content=\"Highlights:Nettoie en douceur, relipide et hydrate les peaux normales \u00e0 tr\u00e8s s\u00e8ches et les peaux \u00e0 tendance atopique tout en restaurant la barri\u00e8re cutan\u00e9e sous la douche.\u2022Besoin :Nettoie | Hydrate | Relipide | Apaise les peaux tr\u00e8s s\u00e8ches \u00e0 atopiques\u2022Ingr\u00e9dients :Triglyc\u00e9rides | Squalane | 3 C\u00e9ramides (1, 3, 6-II) | Acide Hyaluronique\u2022S\u00e9curit\u00e9 :Formule haute tol\u00e9rance au ph physiologique respectueuse de la peau | Sans parfum | non com\u00e9dog\u00e8ne | d\u00e9velopp\u00e9e pour les peaux les plus fragiles | Test\u00e9e sous contr\u00f4le gyn\u00e9cologique\u2022Utilisation :Appliquer l\u2019Huile Lavante sur peau mouill\u00e9e sous la douche et faire mousser. Rincer et s\u00e9cher d\u00e9licatement sans frotter. Se rince facilement. Nettoyant visage et corps\" \/>\n<meta property=\"og:url\" content=\"https:\/\/paragaleriedetalborjt.com\/en\/boutique\/cerave-huile-lavante-moussante-hydratante-peau-tres-seche-a-atopique-473ml\/\" \/>\n<meta property=\"og:site_name\" content=\"paragaleriedetalborjt\" \/>\n<meta property=\"og:image\" content=\"https:\/\/paragaleriedetalborjt.com\/wp-content\/uploads\/2026\/01\/cerave_huile_lavante_473ml.jpg\" \/>\n\t<meta property=\"og:image:width\" content=\"595\" \/>\n\t<meta property=\"og:image:height\" content=\"655\" \/>\n\t<meta property=\"og:image:type\" content=\"image\/jpeg\" \/>\n<meta name=\"twitter:card\" content=\"summary_large_image\" \/>\n<meta name=\"twitter:label1\" content=\"Est. reading time\" \/>\n\t<meta name=\"twitter:data1\" content=\"3 minutes\" \/>\n<script type=\"application\/ld+json\" class=\"yoast-schema-graph\">{\"@context\":\"https:\/\/schema.org\",\"@graph\":[{\"@type\":\"WebPage\",\"@id\":\"https:\/\/paragaleriedetalborjt.com\/boutique\/cerave-huile-lavante-moussante-hydratante-peau-tres-seche-a-atopique-473ml\/\",\"url\":\"https:\/\/paragaleriedetalborjt.com\/boutique\/cerave-huile-lavante-moussante-hydratante-peau-tres-seche-a-atopique-473ml\/\",\"name\":\"CeraVe Huile Lavante Moussante Hydratante Peau Tr\u00e8s S\u00e8che \u00e0 Atopique | 473ml - paragaleriedetalborjt\",\"isPartOf\":{\"@id\":\"https:\/\/paragaleriedetalborjt.com\/#website\"},\"primaryImageOfPage\":{\"@id\":\"https:\/\/paragaleriedetalborjt.com\/boutique\/cerave-huile-lavante-moussante-hydratante-peau-tres-seche-a-atopique-473ml\/#primaryimage\"},\"image\":{\"@id\":\"https:\/\/paragaleriedetalborjt.com\/boutique\/cerave-huile-lavante-moussante-hydratante-peau-tres-seche-a-atopique-473ml\/#primaryimage\"},\"thumbnailUrl\":\"https:\/\/paragaleriedetalborjt.com\/wp-content\/uploads\/2026\/01\/cerave_huile_lavante_473ml.jpg\",\"datePublished\":\"2026-01-03T15:45:11+00:00\",\"breadcrumb\":{\"@id\":\"https:\/\/paragaleriedetalborjt.com\/boutique\/cerave-huile-lavante-moussante-hydratante-peau-tres-seche-a-atopique-473ml\/#breadcrumb\"},\"inLanguage\":\"en-US\",\"potentialAction\":[{\"@type\":\"ReadAction\",\"target\":[\"https:\/\/paragaleriedetalborjt.com\/boutique\/cerave-huile-lavante-moussante-hydratante-peau-tres-seche-a-atopique-473ml\/\"]}]},{\"@type\":\"ImageObject\",\"inLanguage\":\"en-US\",\"@id\":\"https:\/\/paragaleriedetalborjt.com\/boutique\/cerave-huile-lavante-moussante-hydratante-peau-tres-seche-a-atopique-473ml\/#primaryimage\",\"url\":\"https:\/\/paragaleriedetalborjt.com\/wp-content\/uploads\/2026\/01\/cerave_huile_lavante_473ml.jpg\",\"contentUrl\":\"https:\/\/paragaleriedetalborjt.com\/wp-content\/uploads\/2026\/01\/cerave_huile_lavante_473ml.jpg\",\"width\":595,\"height\":655},{\"@type\":\"BreadcrumbList\",\"@id\":\"https:\/\/paragaleriedetalborjt.com\/boutique\/cerave-huile-lavante-moussante-hydratante-peau-tres-seche-a-atopique-473ml\/#breadcrumb\",\"itemListElement\":[{\"@type\":\"ListItem\",\"position\":1,\"name\":\"Accueil\",\"item\":\"https:\/\/paragaleriedetalborjt.com\/\"},{\"@type\":\"ListItem\",\"position\":2,\"name\":\"Boutique\",\"item\":\"https:\/\/paragaleriedetalborjt.com\/boutique\/\"},{\"@type\":\"ListItem\",\"position\":3,\"name\":\"CeraVe Huile Lavante Moussante Hydratante Peau Tr\u00e8s S\u00e8che \u00e0 Atopique | 473ml\"}]},{\"@type\":\"WebSite\",\"@id\":\"https:\/\/paragaleriedetalborjt.com\/#website\",\"url\":\"https:\/\/paragaleriedetalborjt.com\/\",\"name\":\"paragaleriedetalborjt\",\"description\":\"\",\"potentialAction\":[{\"@type\":\"SearchAction\",\"target\":{\"@type\":\"EntryPoint\",\"urlTemplate\":\"https:\/\/paragaleriedetalborjt.com\/?s={search_term_string}\"},\"query-input\":{\"@type\":\"PropertyValueSpecification\",\"valueRequired\":true,\"valueName\":\"search_term_string\"}}],\"inLanguage\":\"en-US\"}]}<\/script>\n<!-- \/ Yoast SEO plugin. -->","yoast_head_json":{"title":"CeraVe Huile Lavante Moussante Hydratante Peau Tr\u00e8s S\u00e8che \u00e0 Atopique | 473ml - paragaleriedetalborjt","robots":{"index":"index","follow":"follow","max-snippet":"max-snippet:-1","max-image-preview":"max-image-preview:large","max-video-preview":"max-video-preview:-1"},"canonical":"https:\/\/paragaleriedetalborjt.com\/en\/boutique\/cerave-huile-lavante-moussante-hydratante-peau-tres-seche-a-atopique-473ml\/","og_locale":"en_US","og_type":"article","og_title":"CeraVe Huile Lavante Moussante Hydratante Peau Tr\u00e8s S\u00e8che \u00e0 Atopique | 473ml - paragaleriedetalborjt","og_description":"Highlights:Nettoie en douceur, relipide et hydrate les peaux normales \u00e0 tr\u00e8s s\u00e8ches et les peaux \u00e0 tendance atopique tout en restaurant la barri\u00e8re cutan\u00e9e sous la douche.\u2022Besoin :Nettoie | Hydrate | Relipide | Apaise les peaux tr\u00e8s s\u00e8ches \u00e0 atopiques\u2022Ingr\u00e9dients :Triglyc\u00e9rides | Squalane | 3 C\u00e9ramides (1, 3, 6-II) | Acide Hyaluronique\u2022S\u00e9curit\u00e9 :Formule haute tol\u00e9rance au ph physiologique respectueuse de la peau | Sans parfum | non com\u00e9dog\u00e8ne | d\u00e9velopp\u00e9e pour les peaux les plus fragiles | Test\u00e9e sous contr\u00f4le gyn\u00e9cologique\u2022Utilisation :Appliquer l\u2019Huile Lavante sur peau mouill\u00e9e sous la douche et faire mousser. Rincer et s\u00e9cher d\u00e9licatement sans frotter. Se rince facilement. Nettoyant visage et corps","og_url":"https:\/\/paragaleriedetalborjt.com\/en\/boutique\/cerave-huile-lavante-moussante-hydratante-peau-tres-seche-a-atopique-473ml\/","og_site_name":"paragaleriedetalborjt","og_image":[{"width":595,"height":655,"url":"https:\/\/paragaleriedetalborjt.com\/wp-content\/uploads\/2026\/01\/cerave_huile_lavante_473ml.jpg","type":"image\/jpeg"}],"twitter_card":"summary_large_image","twitter_misc":{"Est. reading time":"3 minutes"},"schema":{"@context":"https:\/\/schema.org","@graph":[{"@type":"WebPage","@id":"https:\/\/paragaleriedetalborjt.com\/boutique\/cerave-huile-lavante-moussante-hydratante-peau-tres-seche-a-atopique-473ml\/","url":"https:\/\/paragaleriedetalborjt.com\/boutique\/cerave-huile-lavante-moussante-hydratante-peau-tres-seche-a-atopique-473ml\/","name":"CeraVe Huile Lavante Moussante Hydratante Peau Tr\u00e8s S\u00e8che \u00e0 Atopique | 473ml - paragaleriedetalborjt","isPartOf":{"@id":"https:\/\/paragaleriedetalborjt.com\/#website"},"primaryImageOfPage":{"@id":"https:\/\/paragaleriedetalborjt.com\/boutique\/cerave-huile-lavante-moussante-hydratante-peau-tres-seche-a-atopique-473ml\/#primaryimage"},"image":{"@id":"https:\/\/paragaleriedetalborjt.com\/boutique\/cerave-huile-lavante-moussante-hydratante-peau-tres-seche-a-atopique-473ml\/#primaryimage"},"thumbnailUrl":"https:\/\/paragaleriedetalborjt.com\/wp-content\/uploads\/2026\/01\/cerave_huile_lavante_473ml.jpg","datePublished":"2026-01-03T15:45:11+00:00","breadcrumb":{"@id":"https:\/\/paragaleriedetalborjt.com\/boutique\/cerave-huile-lavante-moussante-hydratante-peau-tres-seche-a-atopique-473ml\/#breadcrumb"},"inLanguage":"en-US","potentialAction":[{"@type":"ReadAction","target":["https:\/\/paragaleriedetalborjt.com\/boutique\/cerave-huile-lavante-moussante-hydratante-peau-tres-seche-a-atopique-473ml\/"]}]},{"@type":"ImageObject","inLanguage":"en-US","@id":"https:\/\/paragaleriedetalborjt.com\/boutique\/cerave-huile-lavante-moussante-hydratante-peau-tres-seche-a-atopique-473ml\/#primaryimage","url":"https:\/\/paragaleriedetalborjt.com\/wp-content\/uploads\/2026\/01\/cerave_huile_lavante_473ml.jpg","contentUrl":"https:\/\/paragaleriedetalborjt.com\/wp-content\/uploads\/2026\/01\/cerave_huile_lavante_473ml.jpg","width":595,"height":655},{"@type":"BreadcrumbList","@id":"https:\/\/paragaleriedetalborjt.com\/boutique\/cerave-huile-lavante-moussante-hydratante-peau-tres-seche-a-atopique-473ml\/#breadcrumb","itemListElement":[{"@type":"ListItem","position":1,"name":"Accueil","item":"https:\/\/paragaleriedetalborjt.com\/"},{"@type":"ListItem","position":2,"name":"Boutique","item":"https:\/\/paragaleriedetalborjt.com\/boutique\/"},{"@type":"ListItem","position":3,"name":"CeraVe Huile Lavante Moussante Hydratante Peau Tr\u00e8s S\u00e8che \u00e0 Atopique | 473ml"}]},{"@type":"WebSite","@id":"https:\/\/paragaleriedetalborjt.com\/#website","url":"https:\/\/paragaleriedetalborjt.com\/","name":"paragaleriedetalborjt","description":"","potentialAction":[{"@type":"SearchAction","target":{"@type":"EntryPoint","urlTemplate":"https:\/\/paragaleriedetalborjt.com\/?s={search_term_string}"},"query-input":{"@type":"PropertyValueSpecification","valueRequired":true,"valueName":"search_term_string"}}],"inLanguage":"en-US"}]}},"brands":[],"_links":{"self":[{"href":"https:\/\/paragaleriedetalborjt.com\/en\/wp-json\/wp\/v2\/product\/37717","targetHints":{"allow":["GET"]}}],"collection":[{"href":"https:\/\/paragaleriedetalborjt.com\/en\/wp-json\/wp\/v2\/product"}],"about":[{"href":"https:\/\/paragaleriedetalborjt.com\/en\/wp-json\/wp\/v2\/types\/product"}],"replies":[{"embeddable":true,"href":"https:\/\/paragaleriedetalborjt.com\/en\/wp-json\/wp\/v2\/comments?post=37717"}],"version-history":[{"count":1,"href":"https:\/\/paragaleriedetalborjt.com\/en\/wp-json\/wp\/v2\/product\/37717\/revisions"}],"predecessor-version":[{"id":37719,"href":"https:\/\/paragaleriedetalborjt.com\/en\/wp-json\/wp\/v2\/product\/37717\/revisions\/37719"}],"wp:featuredmedia":[{"embeddable":true,"href":"https:\/\/paragaleriedetalborjt.com\/en\/wp-json\/wp\/v2\/media\/37718"}],"wp:attachment":[{"href":"https:\/\/paragaleriedetalborjt.com\/en\/wp-json\/wp\/v2\/media?parent=37717"}],"wp:term":[{"taxonomy":"pwb-brand","embeddable":true,"href":"https:\/\/paragaleriedetalborjt.com\/en\/wp-json\/wp\/v2\/pwb-brand?post=37717"},{"taxonomy":"product_cat","embeddable":true,"href":"https:\/\/paragaleriedetalborjt.com\/en\/wp-json\/wp\/v2\/product_cat?post=37717"},{"taxonomy":"product_tag","embeddable":true,"href":"https:\/\/paragaleriedetalborjt.com\/en\/wp-json\/wp\/v2\/product_tag?post=37717"}],"curies":[{"name":"wp","href":"https:\/\/api.w.org\/{rel}","templated":true}]}}