{"id":37663,"date":"2026-01-03T16:43:37","date_gmt":"2026-01-03T15:43:37","guid":{"rendered":"https:\/\/paragaleriedetalborjt.com\/?post_type=product&#038;p=37663"},"modified":"2026-01-03T16:43:37","modified_gmt":"2026-01-03T15:43:37","slug":"the-ordinary-niacinamide-10-zinc-1-30ml","status":"publish","type":"product","link":"https:\/\/paragaleriedetalborjt.com\/en\/boutique\/the-ordinary-niacinamide-10-zinc-1-30ml\/","title":{"rendered":"THE ORDINARY Niacinamide 10% + Zinc 1% 30ml"},"content":{"rendered":"<div aria-labelledby=\"tab-title-description\" class=\"woocommerce-Tabs-panel woocommerce-Tabs-panel--description panel entry-content wc-tab\" id=\"tab-description\" role=\"tabpanel\" style=\"\">\n<h2>Description<\/h2>\n<p>La Niacinamide (Vitamine B3), ici fortement concentr\u00e9e (10%), r\u00e9duit l\u2019apparence des imperfections et des pores dilat\u00e9s. Cette formule contient aussi du sel de zinc d\u2019acide pyrrolidone carboxylique qui permet de\u00a0r\u00e9guler la production de s\u00e9bum.<\/p>\n<p><strong>Conseils d\u2019utilisation :<\/strong><\/p>\n<div class=\"product-info product-accordion product-info-tabs\" id=\"product-info\">\n<div class=\"tabs-content\" data-tabs-content=\"6ymmdn-responsiveaccordiontabs\">\n<div aria-labelledby=\"rpmhhk-accordion-label\" class=\"tabs-panel is-active\" data-tab-content=\"\" id=\"rpmhhk-accordion\" role=\"tabpanel\">\n<p>Appliquer sur le visage matin et soir avant toute cre\u0300me plus e\u0301paisse.<\/p>\n<p>En cas d\u2019irritation, cesser l\u2019utilisation et consulter un me\u0301decin. Utiliser uniquement conforme\u0301ment au mode d\u2019emploi sur une peau intacte. Il est conseille\u0301 d\u2019effectuer un test cutane\u0301 avant l\u2019utilisation.<br \/>\nPour un guide de\u0301taille\u0301 sur la proce\u0301dure a\u0300 suivre pour effectuer un test cutane\u0301.<\/p>\n<p>Un s\u00e9rum hydratant l\u00e9ger qui am\u00e9liore visiblement l\u2019\u00e9clat et la luminosit\u00e9 de la peau.<br \/>\nUne peau hydrat\u00e9e avec une barri\u00e8re cutan\u00e9e renforc\u00e9e en 7 jours seulement.<br \/>\nUne peau plus lisse apr\u00e8s 8 semaines d\u2019utilisation.<\/p>\n<\/div>\n<p>\u00a0<\/p>\n<\/div>\n<\/div>\n<div class=\"routine-wrapper\" data-pid=\"502450\"><\/div>\n<\/div>","protected":false},"excerpt":{"rendered":"<p>Highlights:Une formule\u00a0vegan\u00a0ultra-concentr\u00e9e en vitamines et min\u00e9raux pour lutter contre les imperfections et les inflammations cutan\u00e9es.<\/p>","protected":false},"featured_media":37664,"comment_status":"open","ping_status":"closed","template":"","meta":[],"pwb-brand":[],"product_cat":[16],"product_tag":[],"class_list":{"0":"post-37663","1":"product","2":"type-product","3":"status-publish","4":"has-post-thumbnail","6":"product_cat-non-classe","7":"pa_brands-the-ordinary","9":"first","10":"instock","11":"sale","12":"shipping-taxable","13":"purchasable","14":"product-type-simple"},"yoast_head":"<!-- This site is optimized with the Yoast SEO plugin v27.5 - https:\/\/yoast.com\/product\/yoast-seo-wordpress\/ -->\n<title>THE ORDINARY Niacinamide 10% + Zinc 1% 30ml - paragaleriedetalborjt<\/title>\n<meta name=\"robots\" content=\"index, follow, max-snippet:-1, max-image-preview:large, max-video-preview:-1\" \/>\n<link rel=\"canonical\" href=\"https:\/\/paragaleriedetalborjt.com\/en\/boutique\/the-ordinary-niacinamide-10-zinc-1-30ml\/\" \/>\n<meta property=\"og:locale\" content=\"en_US\" \/>\n<meta property=\"og:type\" content=\"article\" \/>\n<meta property=\"og:title\" content=\"THE ORDINARY Niacinamide 10% + Zinc 1% 30ml - paragaleriedetalborjt\" \/>\n<meta property=\"og:description\" content=\"Highlights:Une formule\u00a0vegan\u00a0ultra-concentr\u00e9e en vitamines et min\u00e9raux pour lutter contre les imperfections et les inflammations cutan\u00e9es.\" \/>\n<meta property=\"og:url\" content=\"https:\/\/paragaleriedetalborjt.com\/en\/boutique\/the-ordinary-niacinamide-10-zinc-1-30ml\/\" \/>\n<meta property=\"og:site_name\" content=\"paragaleriedetalborjt\" \/>\n<meta property=\"og:image\" content=\"https:\/\/paragaleriedetalborjt.com\/wp-content\/uploads\/2026\/01\/The-Ordinary-Niacinamide-10-Zinc-1.jpg\" \/>\n\t<meta property=\"og:image:width\" content=\"595\" \/>\n\t<meta property=\"og:image:height\" content=\"655\" \/>\n\t<meta property=\"og:image:type\" content=\"image\/jpeg\" \/>\n<meta name=\"twitter:card\" content=\"summary_large_image\" \/>\n<meta name=\"twitter:label1\" content=\"Est. reading time\" \/>\n\t<meta name=\"twitter:data1\" content=\"1 minute\" \/>\n<script type=\"application\/ld+json\" class=\"yoast-schema-graph\">{\"@context\":\"https:\\\/\\\/schema.org\",\"@graph\":[{\"@type\":\"WebPage\",\"@id\":\"https:\\\/\\\/paragaleriedetalborjt.com\\\/boutique\\\/the-ordinary-niacinamide-10-zinc-1-30ml\\\/\",\"url\":\"https:\\\/\\\/paragaleriedetalborjt.com\\\/boutique\\\/the-ordinary-niacinamide-10-zinc-1-30ml\\\/\",\"name\":\"THE ORDINARY Niacinamide 10% + Zinc 1% 30ml - paragaleriedetalborjt\",\"isPartOf\":{\"@id\":\"https:\\\/\\\/paragaleriedetalborjt.com\\\/#website\"},\"primaryImageOfPage\":{\"@id\":\"https:\\\/\\\/paragaleriedetalborjt.com\\\/boutique\\\/the-ordinary-niacinamide-10-zinc-1-30ml\\\/#primaryimage\"},\"image\":{\"@id\":\"https:\\\/\\\/paragaleriedetalborjt.com\\\/boutique\\\/the-ordinary-niacinamide-10-zinc-1-30ml\\\/#primaryimage\"},\"thumbnailUrl\":\"https:\\\/\\\/paragaleriedetalborjt.com\\\/wp-content\\\/uploads\\\/2026\\\/01\\\/The-Ordinary-Niacinamide-10-Zinc-1.jpg\",\"datePublished\":\"2026-01-03T15:43:37+00:00\",\"breadcrumb\":{\"@id\":\"https:\\\/\\\/paragaleriedetalborjt.com\\\/boutique\\\/the-ordinary-niacinamide-10-zinc-1-30ml\\\/#breadcrumb\"},\"inLanguage\":\"en-US\",\"potentialAction\":[{\"@type\":\"ReadAction\",\"target\":[\"https:\\\/\\\/paragaleriedetalborjt.com\\\/boutique\\\/the-ordinary-niacinamide-10-zinc-1-30ml\\\/\"]}]},{\"@type\":\"ImageObject\",\"inLanguage\":\"en-US\",\"@id\":\"https:\\\/\\\/paragaleriedetalborjt.com\\\/boutique\\\/the-ordinary-niacinamide-10-zinc-1-30ml\\\/#primaryimage\",\"url\":\"https:\\\/\\\/paragaleriedetalborjt.com\\\/wp-content\\\/uploads\\\/2026\\\/01\\\/The-Ordinary-Niacinamide-10-Zinc-1.jpg\",\"contentUrl\":\"https:\\\/\\\/paragaleriedetalborjt.com\\\/wp-content\\\/uploads\\\/2026\\\/01\\\/The-Ordinary-Niacinamide-10-Zinc-1.jpg\",\"width\":595,\"height\":655},{\"@type\":\"BreadcrumbList\",\"@id\":\"https:\\\/\\\/paragaleriedetalborjt.com\\\/boutique\\\/the-ordinary-niacinamide-10-zinc-1-30ml\\\/#breadcrumb\",\"itemListElement\":[{\"@type\":\"ListItem\",\"position\":1,\"name\":\"Accueil\",\"item\":\"https:\\\/\\\/paragaleriedetalborjt.com\\\/\"},{\"@type\":\"ListItem\",\"position\":2,\"name\":\"Boutique\",\"item\":\"https:\\\/\\\/paragaleriedetalborjt.com\\\/boutique\\\/\"},{\"@type\":\"ListItem\",\"position\":3,\"name\":\"THE ORDINARY Niacinamide 10% + Zinc 1% 30ml\"}]},{\"@type\":\"WebSite\",\"@id\":\"https:\\\/\\\/paragaleriedetalborjt.com\\\/#website\",\"url\":\"https:\\\/\\\/paragaleriedetalborjt.com\\\/\",\"name\":\"paragaleriedetalborjt\",\"description\":\"\",\"potentialAction\":[{\"@type\":\"SearchAction\",\"target\":{\"@type\":\"EntryPoint\",\"urlTemplate\":\"https:\\\/\\\/paragaleriedetalborjt.com\\\/?s={search_term_string}\"},\"query-input\":{\"@type\":\"PropertyValueSpecification\",\"valueRequired\":true,\"valueName\":\"search_term_string\"}}],\"inLanguage\":\"en-US\"}]}<\/script>\n<!-- \/ Yoast SEO plugin. -->","yoast_head_json":{"title":"THE ORDINARY Niacinamide 10% + Zinc 1% 30ml - paragaleriedetalborjt","robots":{"index":"index","follow":"follow","max-snippet":"max-snippet:-1","max-image-preview":"max-image-preview:large","max-video-preview":"max-video-preview:-1"},"canonical":"https:\/\/paragaleriedetalborjt.com\/en\/boutique\/the-ordinary-niacinamide-10-zinc-1-30ml\/","og_locale":"en_US","og_type":"article","og_title":"THE ORDINARY Niacinamide 10% + Zinc 1% 30ml - paragaleriedetalborjt","og_description":"Highlights:Une formule\u00a0vegan\u00a0ultra-concentr\u00e9e en vitamines et min\u00e9raux pour lutter contre les imperfections et les inflammations cutan\u00e9es.","og_url":"https:\/\/paragaleriedetalborjt.com\/en\/boutique\/the-ordinary-niacinamide-10-zinc-1-30ml\/","og_site_name":"paragaleriedetalborjt","og_image":[{"width":595,"height":655,"url":"https:\/\/paragaleriedetalborjt.com\/wp-content\/uploads\/2026\/01\/The-Ordinary-Niacinamide-10-Zinc-1.jpg","type":"image\/jpeg"}],"twitter_card":"summary_large_image","twitter_misc":{"Est. reading time":"1 minute"},"schema":{"@context":"https:\/\/schema.org","@graph":[{"@type":"WebPage","@id":"https:\/\/paragaleriedetalborjt.com\/boutique\/the-ordinary-niacinamide-10-zinc-1-30ml\/","url":"https:\/\/paragaleriedetalborjt.com\/boutique\/the-ordinary-niacinamide-10-zinc-1-30ml\/","name":"THE ORDINARY Niacinamide 10% + Zinc 1% 30ml - paragaleriedetalborjt","isPartOf":{"@id":"https:\/\/paragaleriedetalborjt.com\/#website"},"primaryImageOfPage":{"@id":"https:\/\/paragaleriedetalborjt.com\/boutique\/the-ordinary-niacinamide-10-zinc-1-30ml\/#primaryimage"},"image":{"@id":"https:\/\/paragaleriedetalborjt.com\/boutique\/the-ordinary-niacinamide-10-zinc-1-30ml\/#primaryimage"},"thumbnailUrl":"https:\/\/paragaleriedetalborjt.com\/wp-content\/uploads\/2026\/01\/The-Ordinary-Niacinamide-10-Zinc-1.jpg","datePublished":"2026-01-03T15:43:37+00:00","breadcrumb":{"@id":"https:\/\/paragaleriedetalborjt.com\/boutique\/the-ordinary-niacinamide-10-zinc-1-30ml\/#breadcrumb"},"inLanguage":"en-US","potentialAction":[{"@type":"ReadAction","target":["https:\/\/paragaleriedetalborjt.com\/boutique\/the-ordinary-niacinamide-10-zinc-1-30ml\/"]}]},{"@type":"ImageObject","inLanguage":"en-US","@id":"https:\/\/paragaleriedetalborjt.com\/boutique\/the-ordinary-niacinamide-10-zinc-1-30ml\/#primaryimage","url":"https:\/\/paragaleriedetalborjt.com\/wp-content\/uploads\/2026\/01\/The-Ordinary-Niacinamide-10-Zinc-1.jpg","contentUrl":"https:\/\/paragaleriedetalborjt.com\/wp-content\/uploads\/2026\/01\/The-Ordinary-Niacinamide-10-Zinc-1.jpg","width":595,"height":655},{"@type":"BreadcrumbList","@id":"https:\/\/paragaleriedetalborjt.com\/boutique\/the-ordinary-niacinamide-10-zinc-1-30ml\/#breadcrumb","itemListElement":[{"@type":"ListItem","position":1,"name":"Accueil","item":"https:\/\/paragaleriedetalborjt.com\/"},{"@type":"ListItem","position":2,"name":"Boutique","item":"https:\/\/paragaleriedetalborjt.com\/boutique\/"},{"@type":"ListItem","position":3,"name":"THE ORDINARY Niacinamide 10% + Zinc 1% 30ml"}]},{"@type":"WebSite","@id":"https:\/\/paragaleriedetalborjt.com\/#website","url":"https:\/\/paragaleriedetalborjt.com\/","name":"paragaleriedetalborjt","description":"","potentialAction":[{"@type":"SearchAction","target":{"@type":"EntryPoint","urlTemplate":"https:\/\/paragaleriedetalborjt.com\/?s={search_term_string}"},"query-input":{"@type":"PropertyValueSpecification","valueRequired":true,"valueName":"search_term_string"}}],"inLanguage":"en-US"}]}},"brands":[],"_links":{"self":[{"href":"https:\/\/paragaleriedetalborjt.com\/en\/wp-json\/wp\/v2\/product\/37663","targetHints":{"allow":["GET"]}}],"collection":[{"href":"https:\/\/paragaleriedetalborjt.com\/en\/wp-json\/wp\/v2\/product"}],"about":[{"href":"https:\/\/paragaleriedetalborjt.com\/en\/wp-json\/wp\/v2\/types\/product"}],"replies":[{"embeddable":true,"href":"https:\/\/paragaleriedetalborjt.com\/en\/wp-json\/wp\/v2\/comments?post=37663"}],"version-history":[{"count":1,"href":"https:\/\/paragaleriedetalborjt.com\/en\/wp-json\/wp\/v2\/product\/37663\/revisions"}],"predecessor-version":[{"id":37665,"href":"https:\/\/paragaleriedetalborjt.com\/en\/wp-json\/wp\/v2\/product\/37663\/revisions\/37665"}],"wp:featuredmedia":[{"embeddable":true,"href":"https:\/\/paragaleriedetalborjt.com\/en\/wp-json\/wp\/v2\/media\/37664"}],"wp:attachment":[{"href":"https:\/\/paragaleriedetalborjt.com\/en\/wp-json\/wp\/v2\/media?parent=37663"}],"wp:term":[{"taxonomy":"pwb-brand","embeddable":true,"href":"https:\/\/paragaleriedetalborjt.com\/en\/wp-json\/wp\/v2\/pwb-brand?post=37663"},{"taxonomy":"product_cat","embeddable":true,"href":"https:\/\/paragaleriedetalborjt.com\/en\/wp-json\/wp\/v2\/product_cat?post=37663"},{"taxonomy":"product_tag","embeddable":true,"href":"https:\/\/paragaleriedetalborjt.com\/en\/wp-json\/wp\/v2\/product_tag?post=37663"}],"curies":[{"name":"wp","href":"https:\/\/api.w.org\/{rel}","templated":true}]}}