{"id":37579,"date":"2026-01-03T16:41:12","date_gmt":"2026-01-03T15:41:12","guid":{"rendered":"https:\/\/paragaleriedetalborjt.com\/?post_type=product&#038;p=37579"},"modified":"2026-01-03T16:41:12","modified_gmt":"2026-01-03T15:41:12","slug":"novahair-huile-precieuse-antichute-100ml","status":"publish","type":"product","link":"https:\/\/paragaleriedetalborjt.com\/en\/boutique\/novahair-huile-precieuse-antichute-100ml\/","title":{"rendered":"NOVAHAIR Huile Pr\u00e9cieuse Antichute 100ml"},"content":{"rendered":"<div aria-labelledby=\"tab-title-description\" class=\"woocommerce-Tabs-panel woocommerce-Tabs-panel--description panel entry-content wc-tab\" id=\"tab-description\" role=\"tabpanel\" style=\"\">\n<h2>Description<\/h2>\n<p>Novahair Huile Pr\u00e9cieuse Antichute est une formule riche et nourrissante, \u00e9labor\u00e9e \u00e0 partir de recettes de grand-m\u00e8re et enrichie par des recherches scientifiques. Con\u00e7ue pour lutter efficacement contre la chute des cheveux tout en favorisant leur croissance saine, cette huile combine 19 huiles v\u00e9g\u00e9tales et essentielles soigneusement s\u00e9lectionn\u00e9es ainsi que du procapil. Elle p\u00e9n\u00e8tre en profondeur pour nourrir le cuir chevelu, renforcer les follicules pileux et am\u00e9liorer la sant\u00e9 g\u00e9n\u00e9rale des cheveux.<\/p>\n<p>Les Atouts de Notre huile pr\u00e9cieuse antichute :<\/p>\n<p>Stimulation de la Croissance :Huile de Ricin, Procapil, Huile de Moutarde et Huile Essentielle de Romarin : Favorisent la croissance des cheveux, renforcent les racines et pr\u00e9viennent la chute.<\/p>\n<p>Hydratation et Nourrissement :Les huiles comme l\u2019huile d\u2019argan bio, l\u2019huile d\u2019avocat et l\u2019huile de jojoba hydratent et nourrissent les cheveux, ce qui est essentiel apr\u00e8s un traitement \u00e0 la k\u00e9ratine.<\/p>\n<p>Protection et R\u00e9paration :Les huiles de p\u00e9pins de raisin et de germe de bl\u00e9 prot\u00e8gent les cheveux des agressions ext\u00e9rieures et aident \u00e0 r\u00e9parer les dommages.<\/p>\n<p>Brillance et \u00c9clat :Les huiles d\u2019amande douce et de p\u00e9pins de raisin ajoutent de la brillance et de l\u2019\u00e9clat, ce qui peut am\u00e9liorer l\u2019apparence lisse et brillante des cheveux apr\u00e8s un traitement \u00e0 la k\u00e9ratine.<\/p>\n<p>Apaisement du Cuir Chevelu :Les extraits de lavande et de sauge apaisent le cuir chevelu, r\u00e9duisant les irritations possibles caus\u00e9es par les traitements chimiques.<\/p>\n<p>Utilis\u00e9e r\u00e9guli\u00e8rement, elle aide \u00e0 revitaliser les cheveux secs et ab\u00eem\u00e9s, \u00e0 r\u00e9duire la chute et \u00e0 promouvoir une chevelure plus dense et plus forte.<\/p>\n<\/div>","protected":false},"excerpt":{"rendered":"<p>Highlights:Les colorations BioKap Nutricolor Delicato conviennent m\u00eame aux cuirs chevelus les plus sensibles. Les ingr\u00e9dients naturels prot\u00e8gent le cuir chevelu, nourrissent et r\u00e9parent les cheveux pendant l\u2019application. Les colorations couvrent les cheveux blancs d\u00e8s la premi\u00e8re application.<\/p>","protected":false},"featured_media":37580,"comment_status":"open","ping_status":"closed","template":"","meta":[],"pwb-brand":[],"product_cat":[16],"product_tag":[],"class_list":{"0":"post-37579","1":"product","2":"type-product","3":"status-publish","4":"has-post-thumbnail","6":"product_cat-non-classe","7":"pa_brands-novahair","9":"first","10":"instock","11":"sale","12":"shipping-taxable","13":"purchasable","14":"product-type-simple"},"yoast_head":"<!-- This site is optimized with the Yoast SEO plugin v27.5 - https:\/\/yoast.com\/product\/yoast-seo-wordpress\/ -->\n<title>NOVAHAIR Huile Pr\u00e9cieuse Antichute 100ml - paragaleriedetalborjt<\/title>\n<meta name=\"robots\" content=\"index, follow, max-snippet:-1, max-image-preview:large, max-video-preview:-1\" \/>\n<link rel=\"canonical\" href=\"https:\/\/paragaleriedetalborjt.com\/en\/boutique\/novahair-huile-precieuse-antichute-100ml\/\" \/>\n<meta property=\"og:locale\" content=\"en_US\" \/>\n<meta property=\"og:type\" content=\"article\" \/>\n<meta property=\"og:title\" content=\"NOVAHAIR Huile Pr\u00e9cieuse Antichute 100ml - paragaleriedetalborjt\" \/>\n<meta property=\"og:description\" content=\"Highlights:Les colorations BioKap Nutricolor Delicato conviennent m\u00eame aux cuirs chevelus les plus sensibles. Les ingr\u00e9dients naturels prot\u00e8gent le cuir chevelu, nourrissent et r\u00e9parent les cheveux pendant l\u2019application. Les colorations couvrent les cheveux blancs d\u00e8s la premi\u00e8re application.\" \/>\n<meta property=\"og:url\" content=\"https:\/\/paragaleriedetalborjt.com\/en\/boutique\/novahair-huile-precieuse-antichute-100ml\/\" \/>\n<meta property=\"og:site_name\" content=\"paragaleriedetalborjt\" \/>\n<meta property=\"og:image\" content=\"https:\/\/paragaleriedetalborjt.com\/wp-content\/uploads\/2026\/01\/WhatsApp-Image-2024-07-17-at-17.12.58-2-600x850-1.jpeg\" \/>\n\t<meta property=\"og:image:width\" content=\"600\" \/>\n\t<meta property=\"og:image:height\" content=\"850\" \/>\n\t<meta property=\"og:image:type\" content=\"image\/jpeg\" \/>\n<meta name=\"twitter:card\" content=\"summary_large_image\" \/>\n<meta name=\"twitter:label1\" content=\"Est. reading time\" \/>\n\t<meta name=\"twitter:data1\" content=\"1 minute\" \/>\n<script type=\"application\/ld+json\" class=\"yoast-schema-graph\">{\"@context\":\"https:\\\/\\\/schema.org\",\"@graph\":[{\"@type\":\"WebPage\",\"@id\":\"https:\\\/\\\/paragaleriedetalborjt.com\\\/boutique\\\/novahair-huile-precieuse-antichute-100ml\\\/\",\"url\":\"https:\\\/\\\/paragaleriedetalborjt.com\\\/boutique\\\/novahair-huile-precieuse-antichute-100ml\\\/\",\"name\":\"NOVAHAIR Huile Pr\u00e9cieuse Antichute 100ml - paragaleriedetalborjt\",\"isPartOf\":{\"@id\":\"https:\\\/\\\/paragaleriedetalborjt.com\\\/#website\"},\"primaryImageOfPage\":{\"@id\":\"https:\\\/\\\/paragaleriedetalborjt.com\\\/boutique\\\/novahair-huile-precieuse-antichute-100ml\\\/#primaryimage\"},\"image\":{\"@id\":\"https:\\\/\\\/paragaleriedetalborjt.com\\\/boutique\\\/novahair-huile-precieuse-antichute-100ml\\\/#primaryimage\"},\"thumbnailUrl\":\"https:\\\/\\\/paragaleriedetalborjt.com\\\/wp-content\\\/uploads\\\/2026\\\/01\\\/WhatsApp-Image-2024-07-17-at-17.12.58-2-600x850-1.jpeg\",\"datePublished\":\"2026-01-03T15:41:12+00:00\",\"breadcrumb\":{\"@id\":\"https:\\\/\\\/paragaleriedetalborjt.com\\\/boutique\\\/novahair-huile-precieuse-antichute-100ml\\\/#breadcrumb\"},\"inLanguage\":\"en-US\",\"potentialAction\":[{\"@type\":\"ReadAction\",\"target\":[\"https:\\\/\\\/paragaleriedetalborjt.com\\\/boutique\\\/novahair-huile-precieuse-antichute-100ml\\\/\"]}]},{\"@type\":\"ImageObject\",\"inLanguage\":\"en-US\",\"@id\":\"https:\\\/\\\/paragaleriedetalborjt.com\\\/boutique\\\/novahair-huile-precieuse-antichute-100ml\\\/#primaryimage\",\"url\":\"https:\\\/\\\/paragaleriedetalborjt.com\\\/wp-content\\\/uploads\\\/2026\\\/01\\\/WhatsApp-Image-2024-07-17-at-17.12.58-2-600x850-1.jpeg\",\"contentUrl\":\"https:\\\/\\\/paragaleriedetalborjt.com\\\/wp-content\\\/uploads\\\/2026\\\/01\\\/WhatsApp-Image-2024-07-17-at-17.12.58-2-600x850-1.jpeg\",\"width\":600,\"height\":850},{\"@type\":\"BreadcrumbList\",\"@id\":\"https:\\\/\\\/paragaleriedetalborjt.com\\\/boutique\\\/novahair-huile-precieuse-antichute-100ml\\\/#breadcrumb\",\"itemListElement\":[{\"@type\":\"ListItem\",\"position\":1,\"name\":\"Accueil\",\"item\":\"https:\\\/\\\/paragaleriedetalborjt.com\\\/\"},{\"@type\":\"ListItem\",\"position\":2,\"name\":\"Boutique\",\"item\":\"https:\\\/\\\/paragaleriedetalborjt.com\\\/boutique\\\/\"},{\"@type\":\"ListItem\",\"position\":3,\"name\":\"NOVAHAIR Huile Pr\u00e9cieuse Antichute 100ml\"}]},{\"@type\":\"WebSite\",\"@id\":\"https:\\\/\\\/paragaleriedetalborjt.com\\\/#website\",\"url\":\"https:\\\/\\\/paragaleriedetalborjt.com\\\/\",\"name\":\"paragaleriedetalborjt\",\"description\":\"\",\"potentialAction\":[{\"@type\":\"SearchAction\",\"target\":{\"@type\":\"EntryPoint\",\"urlTemplate\":\"https:\\\/\\\/paragaleriedetalborjt.com\\\/?s={search_term_string}\"},\"query-input\":{\"@type\":\"PropertyValueSpecification\",\"valueRequired\":true,\"valueName\":\"search_term_string\"}}],\"inLanguage\":\"en-US\"}]}<\/script>\n<!-- \/ Yoast SEO plugin. -->","yoast_head_json":{"title":"NOVAHAIR Huile Pr\u00e9cieuse Antichute 100ml - paragaleriedetalborjt","robots":{"index":"index","follow":"follow","max-snippet":"max-snippet:-1","max-image-preview":"max-image-preview:large","max-video-preview":"max-video-preview:-1"},"canonical":"https:\/\/paragaleriedetalborjt.com\/en\/boutique\/novahair-huile-precieuse-antichute-100ml\/","og_locale":"en_US","og_type":"article","og_title":"NOVAHAIR Huile Pr\u00e9cieuse Antichute 100ml - paragaleriedetalborjt","og_description":"Highlights:Les colorations BioKap Nutricolor Delicato conviennent m\u00eame aux cuirs chevelus les plus sensibles. Les ingr\u00e9dients naturels prot\u00e8gent le cuir chevelu, nourrissent et r\u00e9parent les cheveux pendant l\u2019application. Les colorations couvrent les cheveux blancs d\u00e8s la premi\u00e8re application.","og_url":"https:\/\/paragaleriedetalborjt.com\/en\/boutique\/novahair-huile-precieuse-antichute-100ml\/","og_site_name":"paragaleriedetalborjt","og_image":[{"width":600,"height":850,"url":"https:\/\/paragaleriedetalborjt.com\/wp-content\/uploads\/2026\/01\/WhatsApp-Image-2024-07-17-at-17.12.58-2-600x850-1.jpeg","type":"image\/jpeg"}],"twitter_card":"summary_large_image","twitter_misc":{"Est. reading time":"1 minute"},"schema":{"@context":"https:\/\/schema.org","@graph":[{"@type":"WebPage","@id":"https:\/\/paragaleriedetalborjt.com\/boutique\/novahair-huile-precieuse-antichute-100ml\/","url":"https:\/\/paragaleriedetalborjt.com\/boutique\/novahair-huile-precieuse-antichute-100ml\/","name":"NOVAHAIR Huile Pr\u00e9cieuse Antichute 100ml - paragaleriedetalborjt","isPartOf":{"@id":"https:\/\/paragaleriedetalborjt.com\/#website"},"primaryImageOfPage":{"@id":"https:\/\/paragaleriedetalborjt.com\/boutique\/novahair-huile-precieuse-antichute-100ml\/#primaryimage"},"image":{"@id":"https:\/\/paragaleriedetalborjt.com\/boutique\/novahair-huile-precieuse-antichute-100ml\/#primaryimage"},"thumbnailUrl":"https:\/\/paragaleriedetalborjt.com\/wp-content\/uploads\/2026\/01\/WhatsApp-Image-2024-07-17-at-17.12.58-2-600x850-1.jpeg","datePublished":"2026-01-03T15:41:12+00:00","breadcrumb":{"@id":"https:\/\/paragaleriedetalborjt.com\/boutique\/novahair-huile-precieuse-antichute-100ml\/#breadcrumb"},"inLanguage":"en-US","potentialAction":[{"@type":"ReadAction","target":["https:\/\/paragaleriedetalborjt.com\/boutique\/novahair-huile-precieuse-antichute-100ml\/"]}]},{"@type":"ImageObject","inLanguage":"en-US","@id":"https:\/\/paragaleriedetalborjt.com\/boutique\/novahair-huile-precieuse-antichute-100ml\/#primaryimage","url":"https:\/\/paragaleriedetalborjt.com\/wp-content\/uploads\/2026\/01\/WhatsApp-Image-2024-07-17-at-17.12.58-2-600x850-1.jpeg","contentUrl":"https:\/\/paragaleriedetalborjt.com\/wp-content\/uploads\/2026\/01\/WhatsApp-Image-2024-07-17-at-17.12.58-2-600x850-1.jpeg","width":600,"height":850},{"@type":"BreadcrumbList","@id":"https:\/\/paragaleriedetalborjt.com\/boutique\/novahair-huile-precieuse-antichute-100ml\/#breadcrumb","itemListElement":[{"@type":"ListItem","position":1,"name":"Accueil","item":"https:\/\/paragaleriedetalborjt.com\/"},{"@type":"ListItem","position":2,"name":"Boutique","item":"https:\/\/paragaleriedetalborjt.com\/boutique\/"},{"@type":"ListItem","position":3,"name":"NOVAHAIR Huile Pr\u00e9cieuse Antichute 100ml"}]},{"@type":"WebSite","@id":"https:\/\/paragaleriedetalborjt.com\/#website","url":"https:\/\/paragaleriedetalborjt.com\/","name":"paragaleriedetalborjt","description":"","potentialAction":[{"@type":"SearchAction","target":{"@type":"EntryPoint","urlTemplate":"https:\/\/paragaleriedetalborjt.com\/?s={search_term_string}"},"query-input":{"@type":"PropertyValueSpecification","valueRequired":true,"valueName":"search_term_string"}}],"inLanguage":"en-US"}]}},"brands":[],"_links":{"self":[{"href":"https:\/\/paragaleriedetalborjt.com\/en\/wp-json\/wp\/v2\/product\/37579","targetHints":{"allow":["GET"]}}],"collection":[{"href":"https:\/\/paragaleriedetalborjt.com\/en\/wp-json\/wp\/v2\/product"}],"about":[{"href":"https:\/\/paragaleriedetalborjt.com\/en\/wp-json\/wp\/v2\/types\/product"}],"replies":[{"embeddable":true,"href":"https:\/\/paragaleriedetalborjt.com\/en\/wp-json\/wp\/v2\/comments?post=37579"}],"version-history":[{"count":1,"href":"https:\/\/paragaleriedetalborjt.com\/en\/wp-json\/wp\/v2\/product\/37579\/revisions"}],"predecessor-version":[{"id":37581,"href":"https:\/\/paragaleriedetalborjt.com\/en\/wp-json\/wp\/v2\/product\/37579\/revisions\/37581"}],"wp:featuredmedia":[{"embeddable":true,"href":"https:\/\/paragaleriedetalborjt.com\/en\/wp-json\/wp\/v2\/media\/37580"}],"wp:attachment":[{"href":"https:\/\/paragaleriedetalborjt.com\/en\/wp-json\/wp\/v2\/media?parent=37579"}],"wp:term":[{"taxonomy":"pwb-brand","embeddable":true,"href":"https:\/\/paragaleriedetalborjt.com\/en\/wp-json\/wp\/v2\/pwb-brand?post=37579"},{"taxonomy":"product_cat","embeddable":true,"href":"https:\/\/paragaleriedetalborjt.com\/en\/wp-json\/wp\/v2\/product_cat?post=37579"},{"taxonomy":"product_tag","embeddable":true,"href":"https:\/\/paragaleriedetalborjt.com\/en\/wp-json\/wp\/v2\/product_tag?post=37579"}],"curies":[{"name":"wp","href":"https:\/\/api.w.org\/{rel}","templated":true}]}}