{"id":37543,"date":"2026-01-03T16:40:21","date_gmt":"2026-01-03T15:40:21","guid":{"rendered":"https:\/\/paragaleriedetalborjt.com\/?post_type=product&#038;p=37543"},"modified":"2026-01-03T16:40:22","modified_gmt":"2026-01-03T15:40:22","slug":"cerave-sa-gel-nettoyant-anti-rugosites-peau-seche-et-rugueuse-473ml","status":"publish","type":"product","link":"https:\/\/paragaleriedetalborjt.com\/en\/boutique\/cerave-sa-gel-nettoyant-anti-rugosites-peau-seche-et-rugueuse-473ml\/","title":{"rendered":"CeraVe SA Gel Nettoyant Anti-Rugosit\u00e9s | Peau S\u00e8che Et Rugueuse | 473ml"},"content":{"rendered":"<div aria-labelledby=\"tab-title-description\" class=\"woocommerce-Tabs-panel woocommerce-Tabs-panel--description panel entry-content wc-tab\" id=\"tab-description\" role=\"tabpanel\" style=\"\">\n<h2>Description<\/h2>\n<p><strong>Caract\u00e9ristiques :<\/strong><\/p>\n<p>D\u00e9velopp\u00e9e avec des dermatologues, cette formule lissante sans grains, aux 3 c\u00e9ramides essentiels, acide salicylique et acide hyaluronique, nettoie en douceur et favorise l\u2019\u00e9limination des rugosit\u00e9s des peaux s\u00e8ches sans alt\u00e9rer la barri\u00e8re protectrice de la peau.<\/p>\n<p>\u2013 Texture gel exfoliante et hydratante.<\/p>\n<p><strong>S\u00e9curit\u00e9 :<\/strong><\/p>\n<p>\u2013 Hypoallerg\u00e9nique.<br \/>\n\u2013 Non-Com\u00e9dog\u00e8ne : ne bouche pas les pores.<br \/>\n\u2013 Sans Parfum.<br \/>\n\u2013 Sans Parab\u00e8ne.<br \/>\n\u2013 Convient aux peaux sensibles.<\/p>\n<p><strong>Ingr\u00e9dients &amp; Principes Actifs Cl\u00e9s :<\/strong><\/p>\n<p>\u2013 3 C\u00e9ramides Essentiels : tous les produits CeraVe contiennent les 3 c\u00e9ramides essentiels (1, 3 et 6-II) dont une peau saine a besoin pour restaurer et maintenir sa barri\u00e8re protectrice naturelle.<br \/>\n\u2013 Technologie brevet\u00e9e de diffusion MVE : lib\u00e9ration contr\u00f4l\u00e9e et prolong\u00e9e d\u2019actifs pour une hydratation continue pendant 24h.<br \/>\n\u2013 Acide salicylique : exfolie la peau en douceur.<\/p>\n<p><strong>Conseils d\u2019Utilisation :<\/strong><\/p>\n<p>\u2013 Appliquez quotidiennement le gel nettoyant sur peau humide puis d\u00e9posez une pression dans le creux de votre main et faites mousser en massant d\u00e9licatement votre peau par petits mouvements circulaires.<br \/>\n\u2013 Insister sur les zones s\u00e8ches, ab\u00eem\u00e9es et\/ou rugueuses. Eviter le contour des yeux. Ensuite, rincer abondamment \u00e0 l\u2019eau claire.<\/p>\n<p>Parfaitement nettoy\u00e9e et exfoli\u00e9e en douceur, votre peau est lisse et pr\u00eate \u00e0 recevoir vos soins.<\/p>\n<p><strong>Efficacit\u00e9 :<\/strong><\/p>\n<p>Efficacit\u00e9 imm\u00e9diate : +94% d\u2019hydratation apr\u00e8s la premi\u00e8re application*<\/p>\n<p>Efficacit\u00e9 cliniquement prouv\u00e9e apr\u00e8s 8 semaines : -76% de sympt\u00f4mes de s\u00e9cheresses cutan\u00e9es, la peau est plus lisse +39,5%**<\/p>\n<p>*Etude TEWL corn\u00e9om\u00e8tre, r\u00e9sultats d\u2019efficacit\u00e9 apr\u00e8s 1 application de la cr\u00e8me SA Anti-rugosit\u00e9s<\/p>\n<p>** Etude Clinique men\u00e9e sur 45 patientes, \u00e2g\u00e9es de 18 \u00e0 50 ans, atteintes de K\u00e9ratose Pilaire sur les bras et les avants bras. 1 application du Gel Nettoyant SA Anti-rugosit\u00e9s, 2 applications de la Cr\u00e8me SA Anti-rugosit\u00e9s par jour pendant 8 semaines. Auto-\u00e9valuation.<\/p>\n<p><strong>Composition :<\/strong><\/p>\n<p>AQUA \/ WATER, SODIUM LAUROYL SARCOSINATE, COCAMIDOPROPYL HYDROXYSULTAINE, GLYCERIN, NIACINAMIDE, GLUCONOLACTONE, SODIUM METHYL COCOYL TAURATE, PEG-150 PENTAERYTHRITYL TETRASTEARATE, CERAMIDE NP, CERAMIDE AP, CERAMIDE EOP, CARBOMER, CALCIUM GLUCONATE, SALICYLIC ACID, SODIUM BENZOATE, SODIUM LAUROYL LACTYLATE, CHOLESTEROL, PHENOXYETHANOL, DISODIUM EDTA, TETRASODIUM EDTA, HYDROLYZED HYALURONIC ACID, PHYTOSPHINGOSINE, XANTHAN GUM, ETHYLHEXYLGLYCERIN<\/p>\n<p>Les listes d\u2019ingr\u00e9dients entrant dans la composition des produits de notre marque sont r\u00e9guli\u00e8rement mises \u00e0 jour. Avant d\u2019utiliser un produit de notre marque, vous \u00eates invit\u00e9s \u00e0 lire la liste d\u2019ingr\u00e9dients figurant sur son emballage afin de vous assurer que les ingr\u00e9dients sont adapt\u00e9s \u00e0 votre utilisation personnelle.<\/p>\n<\/div>","protected":false},"excerpt":{"rendered":"<p>Highlights:Exfolie, adoucit et lisse les rugosit\u00e9s. Aide \u00e0 restaurer la barri\u00e8re cutan\u00e9e.\u2022 Besoin :Nettoyer | Exfolier | Hydrater | Peaux s\u00e8ches, rugueuses et squameuses.\u2022 Ingr\u00e9dients Cl\u00e9s :C\u00e9ramides (1, 3 et 6-II) pour prot\u00e9ger et nourrir | Acide Salicylique pour exfolier en douceur.\u2022 S\u00e9curit\u00e9 :Non-Irritant | Sans Parfum | Hypoallerg\u00e9nique | Non-Com\u00e9dog\u00e8ne.\u2022 Utilisation :Appliquer sur une peau humidifi\u00e9e, puis rincer. Visage et corps.<\/p>","protected":false},"featured_media":37544,"comment_status":"open","ping_status":"closed","template":"","meta":[],"pwb-brand":[],"product_cat":[16],"product_tag":[],"class_list":{"0":"post-37543","1":"product","2":"type-product","3":"status-publish","4":"has-post-thumbnail","6":"product_cat-non-classe","7":"pa_brands-cerave","9":"first","10":"instock","11":"sale","12":"shipping-taxable","13":"purchasable","14":"product-type-simple"},"yoast_head":"<!-- This site is optimized with the Yoast SEO plugin v26.9 - https:\/\/yoast.com\/product\/yoast-seo-wordpress\/ -->\n<title>CeraVe SA Gel Nettoyant Anti-Rugosit\u00e9s | Peau S\u00e8che Et Rugueuse | 473ml - paragaleriedetalborjt<\/title>\n<meta name=\"robots\" content=\"index, follow, max-snippet:-1, max-image-preview:large, max-video-preview:-1\" \/>\n<link rel=\"canonical\" href=\"https:\/\/paragaleriedetalborjt.com\/en\/boutique\/cerave-sa-gel-nettoyant-anti-rugosites-peau-seche-et-rugueuse-473ml\/\" \/>\n<meta property=\"og:locale\" content=\"en_US\" \/>\n<meta property=\"og:type\" content=\"article\" \/>\n<meta property=\"og:title\" content=\"CeraVe SA Gel Nettoyant Anti-Rugosit\u00e9s | Peau S\u00e8che Et Rugueuse | 473ml - paragaleriedetalborjt\" \/>\n<meta property=\"og:description\" content=\"Highlights:Exfolie, adoucit et lisse les rugosit\u00e9s. Aide \u00e0 restaurer la barri\u00e8re cutan\u00e9e.\u2022 Besoin :Nettoyer | Exfolier | Hydrater | Peaux s\u00e8ches, rugueuses et squameuses.\u2022 Ingr\u00e9dients Cl\u00e9s :C\u00e9ramides (1, 3 et 6-II) pour prot\u00e9ger et nourrir | Acide Salicylique pour exfolier en douceur.\u2022 S\u00e9curit\u00e9 :Non-Irritant | Sans Parfum | Hypoallerg\u00e9nique | Non-Com\u00e9dog\u00e8ne.\u2022 Utilisation :Appliquer sur une peau humidifi\u00e9e, puis rincer. Visage et corps.\" \/>\n<meta property=\"og:url\" content=\"https:\/\/paragaleriedetalborjt.com\/en\/boutique\/cerave-sa-gel-nettoyant-anti-rugosites-peau-seche-et-rugueuse-473ml\/\" \/>\n<meta property=\"og:site_name\" content=\"paragaleriedetalborjt\" \/>\n<meta property=\"article:modified_time\" content=\"2026-01-03T15:40:22+00:00\" \/>\n<meta property=\"og:image\" content=\"https:\/\/paragaleriedetalborjt.com\/wp-content\/uploads\/2026\/01\/CeraVe-SA-Gel-Nettoyant-Anti-Rugosites-473ml-1-600x600-1.jpeg\" \/>\n\t<meta property=\"og:image:width\" content=\"600\" \/>\n\t<meta property=\"og:image:height\" content=\"600\" \/>\n\t<meta property=\"og:image:type\" content=\"image\/jpeg\" \/>\n<meta name=\"twitter:card\" content=\"summary_large_image\" \/>\n<meta name=\"twitter:label1\" content=\"Est. reading time\" \/>\n\t<meta name=\"twitter:data1\" content=\"2 minutes\" \/>\n<script type=\"application\/ld+json\" class=\"yoast-schema-graph\">{\"@context\":\"https:\/\/schema.org\",\"@graph\":[{\"@type\":\"WebPage\",\"@id\":\"https:\/\/paragaleriedetalborjt.com\/boutique\/cerave-sa-gel-nettoyant-anti-rugosites-peau-seche-et-rugueuse-473ml\/\",\"url\":\"https:\/\/paragaleriedetalborjt.com\/boutique\/cerave-sa-gel-nettoyant-anti-rugosites-peau-seche-et-rugueuse-473ml\/\",\"name\":\"CeraVe SA Gel Nettoyant Anti-Rugosit\u00e9s | Peau S\u00e8che Et Rugueuse | 473ml - paragaleriedetalborjt\",\"isPartOf\":{\"@id\":\"https:\/\/paragaleriedetalborjt.com\/#website\"},\"primaryImageOfPage\":{\"@id\":\"https:\/\/paragaleriedetalborjt.com\/boutique\/cerave-sa-gel-nettoyant-anti-rugosites-peau-seche-et-rugueuse-473ml\/#primaryimage\"},\"image\":{\"@id\":\"https:\/\/paragaleriedetalborjt.com\/boutique\/cerave-sa-gel-nettoyant-anti-rugosites-peau-seche-et-rugueuse-473ml\/#primaryimage\"},\"thumbnailUrl\":\"https:\/\/paragaleriedetalborjt.com\/wp-content\/uploads\/2026\/01\/CeraVe-SA-Gel-Nettoyant-Anti-Rugosites-473ml-1-600x600-1.jpeg\",\"datePublished\":\"2026-01-03T15:40:21+00:00\",\"dateModified\":\"2026-01-03T15:40:22+00:00\",\"breadcrumb\":{\"@id\":\"https:\/\/paragaleriedetalborjt.com\/boutique\/cerave-sa-gel-nettoyant-anti-rugosites-peau-seche-et-rugueuse-473ml\/#breadcrumb\"},\"inLanguage\":\"en-US\",\"potentialAction\":[{\"@type\":\"ReadAction\",\"target\":[\"https:\/\/paragaleriedetalborjt.com\/boutique\/cerave-sa-gel-nettoyant-anti-rugosites-peau-seche-et-rugueuse-473ml\/\"]}]},{\"@type\":\"ImageObject\",\"inLanguage\":\"en-US\",\"@id\":\"https:\/\/paragaleriedetalborjt.com\/boutique\/cerave-sa-gel-nettoyant-anti-rugosites-peau-seche-et-rugueuse-473ml\/#primaryimage\",\"url\":\"https:\/\/paragaleriedetalborjt.com\/wp-content\/uploads\/2026\/01\/CeraVe-SA-Gel-Nettoyant-Anti-Rugosites-473ml-1-600x600-1.jpeg\",\"contentUrl\":\"https:\/\/paragaleriedetalborjt.com\/wp-content\/uploads\/2026\/01\/CeraVe-SA-Gel-Nettoyant-Anti-Rugosites-473ml-1-600x600-1.jpeg\",\"width\":600,\"height\":600},{\"@type\":\"BreadcrumbList\",\"@id\":\"https:\/\/paragaleriedetalborjt.com\/boutique\/cerave-sa-gel-nettoyant-anti-rugosites-peau-seche-et-rugueuse-473ml\/#breadcrumb\",\"itemListElement\":[{\"@type\":\"ListItem\",\"position\":1,\"name\":\"Accueil\",\"item\":\"https:\/\/paragaleriedetalborjt.com\/\"},{\"@type\":\"ListItem\",\"position\":2,\"name\":\"Boutique\",\"item\":\"https:\/\/paragaleriedetalborjt.com\/boutique\/\"},{\"@type\":\"ListItem\",\"position\":3,\"name\":\"CeraVe SA Gel Nettoyant Anti-Rugosit\u00e9s | Peau S\u00e8che Et Rugueuse | 473ml\"}]},{\"@type\":\"WebSite\",\"@id\":\"https:\/\/paragaleriedetalborjt.com\/#website\",\"url\":\"https:\/\/paragaleriedetalborjt.com\/\",\"name\":\"paragaleriedetalborjt\",\"description\":\"\",\"potentialAction\":[{\"@type\":\"SearchAction\",\"target\":{\"@type\":\"EntryPoint\",\"urlTemplate\":\"https:\/\/paragaleriedetalborjt.com\/?s={search_term_string}\"},\"query-input\":{\"@type\":\"PropertyValueSpecification\",\"valueRequired\":true,\"valueName\":\"search_term_string\"}}],\"inLanguage\":\"en-US\"}]}<\/script>\n<!-- \/ Yoast SEO plugin. -->","yoast_head_json":{"title":"CeraVe SA Gel Nettoyant Anti-Rugosit\u00e9s | Peau S\u00e8che Et Rugueuse | 473ml - paragaleriedetalborjt","robots":{"index":"index","follow":"follow","max-snippet":"max-snippet:-1","max-image-preview":"max-image-preview:large","max-video-preview":"max-video-preview:-1"},"canonical":"https:\/\/paragaleriedetalborjt.com\/en\/boutique\/cerave-sa-gel-nettoyant-anti-rugosites-peau-seche-et-rugueuse-473ml\/","og_locale":"en_US","og_type":"article","og_title":"CeraVe SA Gel Nettoyant Anti-Rugosit\u00e9s | Peau S\u00e8che Et Rugueuse | 473ml - paragaleriedetalborjt","og_description":"Highlights:Exfolie, adoucit et lisse les rugosit\u00e9s. Aide \u00e0 restaurer la barri\u00e8re cutan\u00e9e.\u2022 Besoin :Nettoyer | Exfolier | Hydrater | Peaux s\u00e8ches, rugueuses et squameuses.\u2022 Ingr\u00e9dients Cl\u00e9s :C\u00e9ramides (1, 3 et 6-II) pour prot\u00e9ger et nourrir | Acide Salicylique pour exfolier en douceur.\u2022 S\u00e9curit\u00e9 :Non-Irritant | Sans Parfum | Hypoallerg\u00e9nique | Non-Com\u00e9dog\u00e8ne.\u2022 Utilisation :Appliquer sur une peau humidifi\u00e9e, puis rincer. Visage et corps.","og_url":"https:\/\/paragaleriedetalborjt.com\/en\/boutique\/cerave-sa-gel-nettoyant-anti-rugosites-peau-seche-et-rugueuse-473ml\/","og_site_name":"paragaleriedetalborjt","article_modified_time":"2026-01-03T15:40:22+00:00","og_image":[{"width":600,"height":600,"url":"https:\/\/paragaleriedetalborjt.com\/wp-content\/uploads\/2026\/01\/CeraVe-SA-Gel-Nettoyant-Anti-Rugosites-473ml-1-600x600-1.jpeg","type":"image\/jpeg"}],"twitter_card":"summary_large_image","twitter_misc":{"Est. reading time":"2 minutes"},"schema":{"@context":"https:\/\/schema.org","@graph":[{"@type":"WebPage","@id":"https:\/\/paragaleriedetalborjt.com\/boutique\/cerave-sa-gel-nettoyant-anti-rugosites-peau-seche-et-rugueuse-473ml\/","url":"https:\/\/paragaleriedetalborjt.com\/boutique\/cerave-sa-gel-nettoyant-anti-rugosites-peau-seche-et-rugueuse-473ml\/","name":"CeraVe SA Gel Nettoyant Anti-Rugosit\u00e9s | Peau S\u00e8che Et Rugueuse | 473ml - paragaleriedetalborjt","isPartOf":{"@id":"https:\/\/paragaleriedetalborjt.com\/#website"},"primaryImageOfPage":{"@id":"https:\/\/paragaleriedetalborjt.com\/boutique\/cerave-sa-gel-nettoyant-anti-rugosites-peau-seche-et-rugueuse-473ml\/#primaryimage"},"image":{"@id":"https:\/\/paragaleriedetalborjt.com\/boutique\/cerave-sa-gel-nettoyant-anti-rugosites-peau-seche-et-rugueuse-473ml\/#primaryimage"},"thumbnailUrl":"https:\/\/paragaleriedetalborjt.com\/wp-content\/uploads\/2026\/01\/CeraVe-SA-Gel-Nettoyant-Anti-Rugosites-473ml-1-600x600-1.jpeg","datePublished":"2026-01-03T15:40:21+00:00","dateModified":"2026-01-03T15:40:22+00:00","breadcrumb":{"@id":"https:\/\/paragaleriedetalborjt.com\/boutique\/cerave-sa-gel-nettoyant-anti-rugosites-peau-seche-et-rugueuse-473ml\/#breadcrumb"},"inLanguage":"en-US","potentialAction":[{"@type":"ReadAction","target":["https:\/\/paragaleriedetalborjt.com\/boutique\/cerave-sa-gel-nettoyant-anti-rugosites-peau-seche-et-rugueuse-473ml\/"]}]},{"@type":"ImageObject","inLanguage":"en-US","@id":"https:\/\/paragaleriedetalborjt.com\/boutique\/cerave-sa-gel-nettoyant-anti-rugosites-peau-seche-et-rugueuse-473ml\/#primaryimage","url":"https:\/\/paragaleriedetalborjt.com\/wp-content\/uploads\/2026\/01\/CeraVe-SA-Gel-Nettoyant-Anti-Rugosites-473ml-1-600x600-1.jpeg","contentUrl":"https:\/\/paragaleriedetalborjt.com\/wp-content\/uploads\/2026\/01\/CeraVe-SA-Gel-Nettoyant-Anti-Rugosites-473ml-1-600x600-1.jpeg","width":600,"height":600},{"@type":"BreadcrumbList","@id":"https:\/\/paragaleriedetalborjt.com\/boutique\/cerave-sa-gel-nettoyant-anti-rugosites-peau-seche-et-rugueuse-473ml\/#breadcrumb","itemListElement":[{"@type":"ListItem","position":1,"name":"Accueil","item":"https:\/\/paragaleriedetalborjt.com\/"},{"@type":"ListItem","position":2,"name":"Boutique","item":"https:\/\/paragaleriedetalborjt.com\/boutique\/"},{"@type":"ListItem","position":3,"name":"CeraVe SA Gel Nettoyant Anti-Rugosit\u00e9s | Peau S\u00e8che Et Rugueuse | 473ml"}]},{"@type":"WebSite","@id":"https:\/\/paragaleriedetalborjt.com\/#website","url":"https:\/\/paragaleriedetalborjt.com\/","name":"paragaleriedetalborjt","description":"","potentialAction":[{"@type":"SearchAction","target":{"@type":"EntryPoint","urlTemplate":"https:\/\/paragaleriedetalborjt.com\/?s={search_term_string}"},"query-input":{"@type":"PropertyValueSpecification","valueRequired":true,"valueName":"search_term_string"}}],"inLanguage":"en-US"}]}},"brands":[],"_links":{"self":[{"href":"https:\/\/paragaleriedetalborjt.com\/en\/wp-json\/wp\/v2\/product\/37543","targetHints":{"allow":["GET"]}}],"collection":[{"href":"https:\/\/paragaleriedetalborjt.com\/en\/wp-json\/wp\/v2\/product"}],"about":[{"href":"https:\/\/paragaleriedetalborjt.com\/en\/wp-json\/wp\/v2\/types\/product"}],"replies":[{"embeddable":true,"href":"https:\/\/paragaleriedetalborjt.com\/en\/wp-json\/wp\/v2\/comments?post=37543"}],"version-history":[{"count":1,"href":"https:\/\/paragaleriedetalborjt.com\/en\/wp-json\/wp\/v2\/product\/37543\/revisions"}],"predecessor-version":[{"id":37545,"href":"https:\/\/paragaleriedetalborjt.com\/en\/wp-json\/wp\/v2\/product\/37543\/revisions\/37545"}],"wp:featuredmedia":[{"embeddable":true,"href":"https:\/\/paragaleriedetalborjt.com\/en\/wp-json\/wp\/v2\/media\/37544"}],"wp:attachment":[{"href":"https:\/\/paragaleriedetalborjt.com\/en\/wp-json\/wp\/v2\/media?parent=37543"}],"wp:term":[{"taxonomy":"pwb-brand","embeddable":true,"href":"https:\/\/paragaleriedetalborjt.com\/en\/wp-json\/wp\/v2\/pwb-brand?post=37543"},{"taxonomy":"product_cat","embeddable":true,"href":"https:\/\/paragaleriedetalborjt.com\/en\/wp-json\/wp\/v2\/product_cat?post=37543"},{"taxonomy":"product_tag","embeddable":true,"href":"https:\/\/paragaleriedetalborjt.com\/en\/wp-json\/wp\/v2\/product_tag?post=37543"}],"curies":[{"name":"wp","href":"https:\/\/api.w.org\/{rel}","templated":true}]}}