{"id":37409,"date":"2026-01-03T16:36:49","date_gmt":"2026-01-03T15:36:49","guid":{"rendered":"https:\/\/paragaleriedetalborjt.com\/?post_type=product&#038;p=37409"},"modified":"2026-01-03T16:36:49","modified_gmt":"2026-01-03T15:36:49","slug":"avent-biberon-natural-3-0-teat-1m-125ml-scy903-01","status":"publish","type":"product","link":"https:\/\/paragaleriedetalborjt.com\/en\/boutique\/avent-biberon-natural-3-0-teat-1m-125ml-scy903-01\/","title":{"rendered":"AVENT BIBERON NATURAL 3.0 TEAT 1M+ 125ML  SCY903\/01"},"content":{"rendered":"<div aria-labelledby=\"tab-title-description\" class=\"woocommerce-Tabs-panel woocommerce-Tabs-panel--description panel entry-content wc-tab\" id=\"tab-description\" role=\"tabpanel\" style=\"\">\n<h2>Description<\/h2>\n<div class=\"p-s01__pdp-overview-wraper\" id=\"see-all-benefits\">\n<div class=\"s01highlight s01-highlights-banner component-base\">\n<section class=\"p-s01-highlights\">\n<div class=\"p-row-gutter p-comp-spacing-bottom\">\n<p>\u00a0<\/p>\n<p>\u2022 T\u00e9tine \u00e0 R\u00e9ponse Naturelle : la t\u00e9tine de ce biberon Philips Avent permet au b\u00e9b\u00e9 de t\u00e9ter et de se nourrir confortablement \u00e0 son propre rythme.<br \/>\n\u2022 Fonctionne comme le sein : la t\u00e9tine lib\u00e8re le lait lorsque le b\u00e9b\u00e9 t\u00e8te activement, ce qui est diff\u00e9rent des t\u00e9tines traditionnelles \u00e0 d\u00e9bit libre. Comme pour l\u2019allaitement, il faut du temps pour que le b\u00e9b\u00e9 s\u2019y habitue.<br \/>\n\u2022 Valve anti-coliques : les biberons Philips Avent sont con\u00e7us pour emp\u00eacher l\u2019air d\u2019entrer dans le ventre du b\u00e9b\u00e9 pendant la t\u00e9t\u00e9e.<br \/>\n\u2022 Le bon d\u00e9bit pour la t\u00e9tine : trouvez le d\u00e9bit id\u00e9al pour votre b\u00e9b\u00e9 et personnalisez votre biberon Philips Avent.<br \/>\n\u2022 T\u00e9tine anti-goutte : l\u2019ouverture de la t\u00e9tine du biberon lib\u00e8re le lait uniquement lorsque le b\u00e9b\u00e9 t\u00e8te.<\/p>\n<\/div>\n<\/section>\n<\/div>\n<\/div>\n<\/div>","protected":false},"excerpt":{"rendered":"<p>Highlights:Respecte le rythme de consommation de chaque b\u00e9b\u00e9La t\u00e9tine \u00e0 R\u00e9ponse Naturelle laisse le lait s\u2019\u00e9couler uniquement lorsque b\u00e9b\u00e9 boit activement. Les b\u00e9b\u00e9s peuvent boire, d\u00e9glutir et respirer \u00e0 leur rythme naturel, comme au sein, ce qui facilite l\u2019alternance sein\/biberon.<\/p>","protected":false},"featured_media":37410,"comment_status":"open","ping_status":"closed","template":"","meta":[],"pwb-brand":[],"product_cat":[16],"product_tag":[],"class_list":{"0":"post-37409","1":"product","2":"type-product","3":"status-publish","4":"has-post-thumbnail","6":"product_cat-non-classe","7":"pa_brands-avent","9":"first","10":"instock","11":"sale","12":"shipping-taxable","13":"purchasable","14":"product-type-simple"},"yoast_head":"<!-- This site is optimized with the Yoast SEO plugin v27.5 - https:\/\/yoast.com\/product\/yoast-seo-wordpress\/ -->\n<title>AVENT BIBERON NATURAL 3.0 TEAT 1M+ 125ML SCY903\/01 - paragaleriedetalborjt<\/title>\n<meta name=\"robots\" content=\"index, follow, max-snippet:-1, max-image-preview:large, max-video-preview:-1\" \/>\n<link rel=\"canonical\" href=\"https:\/\/paragaleriedetalborjt.com\/en\/boutique\/avent-biberon-natural-3-0-teat-1m-125ml-scy903-01\/\" \/>\n<meta property=\"og:locale\" content=\"en_US\" \/>\n<meta property=\"og:type\" content=\"article\" \/>\n<meta property=\"og:title\" content=\"AVENT BIBERON NATURAL 3.0 TEAT 1M+ 125ML SCY903\/01 - paragaleriedetalborjt\" \/>\n<meta property=\"og:description\" content=\"Highlights:Respecte le rythme de consommation de chaque b\u00e9b\u00e9La t\u00e9tine \u00e0 R\u00e9ponse Naturelle laisse le lait s\u2019\u00e9couler uniquement lorsque b\u00e9b\u00e9 boit activement. Les b\u00e9b\u00e9s peuvent boire, d\u00e9glutir et respirer \u00e0 leur rythme naturel, comme au sein, ce qui facilite l\u2019alternance sein\/biberon.\" \/>\n<meta property=\"og:url\" content=\"https:\/\/paragaleriedetalborjt.com\/en\/boutique\/avent-biberon-natural-3-0-teat-1m-125ml-scy903-01\/\" \/>\n<meta property=\"og:site_name\" content=\"paragaleriedetalborjt\" \/>\n<meta property=\"og:image\" content=\"https:\/\/paragaleriedetalborjt.com\/wp-content\/uploads\/2026\/01\/Carroussel2-BIBERON-NATURAL-3.0-TEAT-1M-260ML.jpg\" \/>\n\t<meta property=\"og:image:width\" content=\"522\" \/>\n\t<meta property=\"og:image:height\" content=\"697\" \/>\n\t<meta property=\"og:image:type\" content=\"image\/jpeg\" \/>\n<meta name=\"twitter:card\" content=\"summary_large_image\" \/>\n<meta name=\"twitter:label1\" content=\"Est. reading time\" \/>\n\t<meta name=\"twitter:data1\" content=\"1 minute\" \/>\n<script type=\"application\/ld+json\" class=\"yoast-schema-graph\">{\"@context\":\"https:\\\/\\\/schema.org\",\"@graph\":[{\"@type\":\"WebPage\",\"@id\":\"https:\\\/\\\/paragaleriedetalborjt.com\\\/boutique\\\/avent-biberon-natural-3-0-teat-1m-125ml-scy903-01\\\/\",\"url\":\"https:\\\/\\\/paragaleriedetalborjt.com\\\/boutique\\\/avent-biberon-natural-3-0-teat-1m-125ml-scy903-01\\\/\",\"name\":\"AVENT BIBERON NATURAL 3.0 TEAT 1M+ 125ML SCY903\\\/01 - paragaleriedetalborjt\",\"isPartOf\":{\"@id\":\"https:\\\/\\\/paragaleriedetalborjt.com\\\/#website\"},\"primaryImageOfPage\":{\"@id\":\"https:\\\/\\\/paragaleriedetalborjt.com\\\/boutique\\\/avent-biberon-natural-3-0-teat-1m-125ml-scy903-01\\\/#primaryimage\"},\"image\":{\"@id\":\"https:\\\/\\\/paragaleriedetalborjt.com\\\/boutique\\\/avent-biberon-natural-3-0-teat-1m-125ml-scy903-01\\\/#primaryimage\"},\"thumbnailUrl\":\"https:\\\/\\\/paragaleriedetalborjt.com\\\/wp-content\\\/uploads\\\/2026\\\/01\\\/Carroussel2-BIBERON-NATURAL-3.0-TEAT-1M-260ML.jpg\",\"datePublished\":\"2026-01-03T15:36:49+00:00\",\"breadcrumb\":{\"@id\":\"https:\\\/\\\/paragaleriedetalborjt.com\\\/boutique\\\/avent-biberon-natural-3-0-teat-1m-125ml-scy903-01\\\/#breadcrumb\"},\"inLanguage\":\"en-US\",\"potentialAction\":[{\"@type\":\"ReadAction\",\"target\":[\"https:\\\/\\\/paragaleriedetalborjt.com\\\/boutique\\\/avent-biberon-natural-3-0-teat-1m-125ml-scy903-01\\\/\"]}]},{\"@type\":\"ImageObject\",\"inLanguage\":\"en-US\",\"@id\":\"https:\\\/\\\/paragaleriedetalborjt.com\\\/boutique\\\/avent-biberon-natural-3-0-teat-1m-125ml-scy903-01\\\/#primaryimage\",\"url\":\"https:\\\/\\\/paragaleriedetalborjt.com\\\/wp-content\\\/uploads\\\/2026\\\/01\\\/Carroussel2-BIBERON-NATURAL-3.0-TEAT-1M-260ML.jpg\",\"contentUrl\":\"https:\\\/\\\/paragaleriedetalborjt.com\\\/wp-content\\\/uploads\\\/2026\\\/01\\\/Carroussel2-BIBERON-NATURAL-3.0-TEAT-1M-260ML.jpg\",\"width\":522,\"height\":697},{\"@type\":\"BreadcrumbList\",\"@id\":\"https:\\\/\\\/paragaleriedetalborjt.com\\\/boutique\\\/avent-biberon-natural-3-0-teat-1m-125ml-scy903-01\\\/#breadcrumb\",\"itemListElement\":[{\"@type\":\"ListItem\",\"position\":1,\"name\":\"Accueil\",\"item\":\"https:\\\/\\\/paragaleriedetalborjt.com\\\/\"},{\"@type\":\"ListItem\",\"position\":2,\"name\":\"Boutique\",\"item\":\"https:\\\/\\\/paragaleriedetalborjt.com\\\/boutique\\\/\"},{\"@type\":\"ListItem\",\"position\":3,\"name\":\"AVENT BIBERON NATURAL 3.0 TEAT 1M+ 125ML SCY903\\\/01\"}]},{\"@type\":\"WebSite\",\"@id\":\"https:\\\/\\\/paragaleriedetalborjt.com\\\/#website\",\"url\":\"https:\\\/\\\/paragaleriedetalborjt.com\\\/\",\"name\":\"paragaleriedetalborjt\",\"description\":\"\",\"potentialAction\":[{\"@type\":\"SearchAction\",\"target\":{\"@type\":\"EntryPoint\",\"urlTemplate\":\"https:\\\/\\\/paragaleriedetalborjt.com\\\/?s={search_term_string}\"},\"query-input\":{\"@type\":\"PropertyValueSpecification\",\"valueRequired\":true,\"valueName\":\"search_term_string\"}}],\"inLanguage\":\"en-US\"}]}<\/script>\n<!-- \/ Yoast SEO plugin. -->","yoast_head_json":{"title":"AVENT BIBERON NATURAL 3.0 TEAT 1M+ 125ML SCY903\/01 - paragaleriedetalborjt","robots":{"index":"index","follow":"follow","max-snippet":"max-snippet:-1","max-image-preview":"max-image-preview:large","max-video-preview":"max-video-preview:-1"},"canonical":"https:\/\/paragaleriedetalborjt.com\/en\/boutique\/avent-biberon-natural-3-0-teat-1m-125ml-scy903-01\/","og_locale":"en_US","og_type":"article","og_title":"AVENT BIBERON NATURAL 3.0 TEAT 1M+ 125ML SCY903\/01 - paragaleriedetalborjt","og_description":"Highlights:Respecte le rythme de consommation de chaque b\u00e9b\u00e9La t\u00e9tine \u00e0 R\u00e9ponse Naturelle laisse le lait s\u2019\u00e9couler uniquement lorsque b\u00e9b\u00e9 boit activement. Les b\u00e9b\u00e9s peuvent boire, d\u00e9glutir et respirer \u00e0 leur rythme naturel, comme au sein, ce qui facilite l\u2019alternance sein\/biberon.","og_url":"https:\/\/paragaleriedetalborjt.com\/en\/boutique\/avent-biberon-natural-3-0-teat-1m-125ml-scy903-01\/","og_site_name":"paragaleriedetalborjt","og_image":[{"width":522,"height":697,"url":"https:\/\/paragaleriedetalborjt.com\/wp-content\/uploads\/2026\/01\/Carroussel2-BIBERON-NATURAL-3.0-TEAT-1M-260ML.jpg","type":"image\/jpeg"}],"twitter_card":"summary_large_image","twitter_misc":{"Est. reading time":"1 minute"},"schema":{"@context":"https:\/\/schema.org","@graph":[{"@type":"WebPage","@id":"https:\/\/paragaleriedetalborjt.com\/boutique\/avent-biberon-natural-3-0-teat-1m-125ml-scy903-01\/","url":"https:\/\/paragaleriedetalborjt.com\/boutique\/avent-biberon-natural-3-0-teat-1m-125ml-scy903-01\/","name":"AVENT BIBERON NATURAL 3.0 TEAT 1M+ 125ML SCY903\/01 - paragaleriedetalborjt","isPartOf":{"@id":"https:\/\/paragaleriedetalborjt.com\/#website"},"primaryImageOfPage":{"@id":"https:\/\/paragaleriedetalborjt.com\/boutique\/avent-biberon-natural-3-0-teat-1m-125ml-scy903-01\/#primaryimage"},"image":{"@id":"https:\/\/paragaleriedetalborjt.com\/boutique\/avent-biberon-natural-3-0-teat-1m-125ml-scy903-01\/#primaryimage"},"thumbnailUrl":"https:\/\/paragaleriedetalborjt.com\/wp-content\/uploads\/2026\/01\/Carroussel2-BIBERON-NATURAL-3.0-TEAT-1M-260ML.jpg","datePublished":"2026-01-03T15:36:49+00:00","breadcrumb":{"@id":"https:\/\/paragaleriedetalborjt.com\/boutique\/avent-biberon-natural-3-0-teat-1m-125ml-scy903-01\/#breadcrumb"},"inLanguage":"en-US","potentialAction":[{"@type":"ReadAction","target":["https:\/\/paragaleriedetalborjt.com\/boutique\/avent-biberon-natural-3-0-teat-1m-125ml-scy903-01\/"]}]},{"@type":"ImageObject","inLanguage":"en-US","@id":"https:\/\/paragaleriedetalborjt.com\/boutique\/avent-biberon-natural-3-0-teat-1m-125ml-scy903-01\/#primaryimage","url":"https:\/\/paragaleriedetalborjt.com\/wp-content\/uploads\/2026\/01\/Carroussel2-BIBERON-NATURAL-3.0-TEAT-1M-260ML.jpg","contentUrl":"https:\/\/paragaleriedetalborjt.com\/wp-content\/uploads\/2026\/01\/Carroussel2-BIBERON-NATURAL-3.0-TEAT-1M-260ML.jpg","width":522,"height":697},{"@type":"BreadcrumbList","@id":"https:\/\/paragaleriedetalborjt.com\/boutique\/avent-biberon-natural-3-0-teat-1m-125ml-scy903-01\/#breadcrumb","itemListElement":[{"@type":"ListItem","position":1,"name":"Accueil","item":"https:\/\/paragaleriedetalborjt.com\/"},{"@type":"ListItem","position":2,"name":"Boutique","item":"https:\/\/paragaleriedetalborjt.com\/boutique\/"},{"@type":"ListItem","position":3,"name":"AVENT BIBERON NATURAL 3.0 TEAT 1M+ 125ML SCY903\/01"}]},{"@type":"WebSite","@id":"https:\/\/paragaleriedetalborjt.com\/#website","url":"https:\/\/paragaleriedetalborjt.com\/","name":"paragaleriedetalborjt","description":"","potentialAction":[{"@type":"SearchAction","target":{"@type":"EntryPoint","urlTemplate":"https:\/\/paragaleriedetalborjt.com\/?s={search_term_string}"},"query-input":{"@type":"PropertyValueSpecification","valueRequired":true,"valueName":"search_term_string"}}],"inLanguage":"en-US"}]}},"brands":[],"_links":{"self":[{"href":"https:\/\/paragaleriedetalborjt.com\/en\/wp-json\/wp\/v2\/product\/37409","targetHints":{"allow":["GET"]}}],"collection":[{"href":"https:\/\/paragaleriedetalborjt.com\/en\/wp-json\/wp\/v2\/product"}],"about":[{"href":"https:\/\/paragaleriedetalborjt.com\/en\/wp-json\/wp\/v2\/types\/product"}],"replies":[{"embeddable":true,"href":"https:\/\/paragaleriedetalborjt.com\/en\/wp-json\/wp\/v2\/comments?post=37409"}],"version-history":[{"count":1,"href":"https:\/\/paragaleriedetalborjt.com\/en\/wp-json\/wp\/v2\/product\/37409\/revisions"}],"predecessor-version":[{"id":37411,"href":"https:\/\/paragaleriedetalborjt.com\/en\/wp-json\/wp\/v2\/product\/37409\/revisions\/37411"}],"wp:featuredmedia":[{"embeddable":true,"href":"https:\/\/paragaleriedetalborjt.com\/en\/wp-json\/wp\/v2\/media\/37410"}],"wp:attachment":[{"href":"https:\/\/paragaleriedetalborjt.com\/en\/wp-json\/wp\/v2\/media?parent=37409"}],"wp:term":[{"taxonomy":"pwb-brand","embeddable":true,"href":"https:\/\/paragaleriedetalborjt.com\/en\/wp-json\/wp\/v2\/pwb-brand?post=37409"},{"taxonomy":"product_cat","embeddable":true,"href":"https:\/\/paragaleriedetalborjt.com\/en\/wp-json\/wp\/v2\/product_cat?post=37409"},{"taxonomy":"product_tag","embeddable":true,"href":"https:\/\/paragaleriedetalborjt.com\/en\/wp-json\/wp\/v2\/product_tag?post=37409"}],"curies":[{"name":"wp","href":"https:\/\/api.w.org\/{rel}","templated":true}]}}