{"id":37403,"date":"2026-01-03T16:36:43","date_gmt":"2026-01-03T15:36:43","guid":{"rendered":"https:\/\/paragaleriedetalborjt.com\/?post_type=product&#038;p=37403"},"modified":"2026-01-03T16:36:43","modified_gmt":"2026-01-03T15:36:43","slug":"klorane-apaisant-shampoing-anti-irritation-et-protecteur-a-la-pivoine-bio-400-ml","status":"publish","type":"product","link":"https:\/\/paragaleriedetalborjt.com\/en\/boutique\/klorane-apaisant-shampoing-anti-irritation-et-protecteur-a-la-pivoine-bio-400-ml\/","title":{"rendered":"KLORANE APAISANT Shampoing Anti-irritation et Protecteur \u00e0 la Pivoine BIO 400 ml"},"content":{"rendered":"<div aria-labelledby=\"tab-title-description\" class=\"woocommerce-Tabs-panel woocommerce-Tabs-panel--description panel entry-content wc-tab\" id=\"tab-description\" role=\"tabpanel\" style=\"\">\n<h2>Description<\/h2>\n<h4>Product description<\/h4>\n<div>\n<p>Avec le Shampoing Apaisant \u00e0 la Pivoine BIO, Klorane offre aux cuirs chevelus sensibles un apaisement imm\u00e9diat* et pour 48H**, tout en respectant l\u2019\u00e9quilibre du cuir chevelu. Compos\u00e9 \u00e0 85 % d\u2019ingr\u00e9dients d\u2019origine naturelle, biod\u00e9gradable*** et v\u00e9gan****, ce shampoing tire sa force de l\u2019extrait de Pivoine de Chine BIO, une fleur cultiv\u00e9e dans un \u00e9cosyst\u00e8me pr\u00e9serv\u00e9, traditionnellement utilis\u00e9e pour ses vertues apaisantes. Sa formule au pH physiologique lave en douceur et prot\u00e8ge le cuir chevelu durablement, tout en apaisant imm\u00e9diatement les d\u00e9mangeaisons. Les cheveux sont doux et profitent d\u2019un parfum d\u00e9licat et relaxant. Le tout dans un flacon sans \u00e9tui en plastique 100 % recycl\u00e9 et recyclable. Un shampoing qui allie efficacit\u00e9 et \u00e9co-conception pour apaiser les cuirs chevelus sensibles.<\/p>\n<p>*Test d\u2019usage consommateur \u2013 Effets per\u00e7us aupr\u00e8s de 70 sujets apr\u00e8s 1 utilisation du shampoing liquide. % de satisfaction.<br \/>\n**Etude de tol\u00e9rance \u2013 Score d\u2019auto-\u00e9valuation de 33 sujets au cuir chevelu sensible. 1 application du shampoing liquide.<br \/>\n***Formule biod\u00e9gradable, selon test OCDE 301 B.<br \/>\n****Klorane info : sans ingr\u00e9dients d\u2019origine animale.<\/p>\n<\/div>\n<h4>Main benefits<\/h4>\n<div>\u2013 Lave : base lavante douce sans tensioactifs sulfat\u00e9s pour nettoyer d\u00e9licatement tous les cuirs chevelu sensible, d\u00e8s 3 ans.<br \/>\n\u2013 Prot\u00e8ge : shampoing au pH physiologique pour respecter l\u2019\u00e9quilibre du cuir chevelu et aider \u00e0 l\u2019\u00e9quilibre de son microbiome.<br \/>\n\u2013 Apaise : d\u00e8s la premi\u00e8re utilisation et pour 48H*.*Effet per\u00e7u, test d\u2019usage consommateur, X personnes : sensation d\u2019apaisement imm\u00e9diat et pendant 48 H (X % de satisfaction).<\/div>\n<h4>How to use<\/h4>\n<div>1 . APPLIQUER<br \/>\nAppliquer sur les cheveux et le cuir chevelu humides.2 . MOUSSER<br \/>\nFaire mousser le shampoing et masser d\u00e9licatement.3 . RINCER<br \/>\nRincer les cheveux et le cuir chevelu.<\/p>\n<\/div>\n<\/div>","protected":false},"excerpt":{"rendered":"<p>Highlights:APAISANT Shampoing Anti-irritation et Protecteur \u00e0 la Pivoine BIO 400 ml<\/p>","protected":false},"featured_media":37404,"comment_status":"open","ping_status":"closed","template":"","meta":[],"pwb-brand":[],"product_cat":[16],"product_tag":[],"class_list":{"0":"post-37403","1":"product","2":"type-product","3":"status-publish","4":"has-post-thumbnail","6":"product_cat-non-classe","7":"pa_brands-klorane","9":"first","10":"instock","11":"sale","12":"shipping-taxable","13":"purchasable","14":"product-type-simple"},"yoast_head":"<!-- This site is optimized with the Yoast SEO plugin v27.5 - https:\/\/yoast.com\/product\/yoast-seo-wordpress\/ -->\n<title>KLORANE APAISANT Shampoing Anti-irritation et Protecteur \u00e0 la Pivoine BIO 400 ml - paragaleriedetalborjt<\/title>\n<meta name=\"robots\" content=\"index, follow, max-snippet:-1, max-image-preview:large, max-video-preview:-1\" \/>\n<link rel=\"canonical\" href=\"https:\/\/paragaleriedetalborjt.com\/en\/boutique\/klorane-apaisant-shampoing-anti-irritation-et-protecteur-a-la-pivoine-bio-400-ml\/\" \/>\n<meta property=\"og:locale\" content=\"en_US\" \/>\n<meta property=\"og:type\" content=\"article\" \/>\n<meta property=\"og:title\" content=\"KLORANE APAISANT Shampoing Anti-irritation et Protecteur \u00e0 la Pivoine BIO 400 ml - paragaleriedetalborjt\" \/>\n<meta property=\"og:description\" content=\"Highlights:APAISANT Shampoing Anti-irritation et Protecteur \u00e0 la Pivoine BIO 400 ml\" \/>\n<meta property=\"og:url\" content=\"https:\/\/paragaleriedetalborjt.com\/en\/boutique\/klorane-apaisant-shampoing-anti-irritation-et-protecteur-a-la-pivoine-bio-400-ml\/\" \/>\n<meta property=\"og:site_name\" content=\"paragaleriedetalborjt\" \/>\n<meta property=\"og:image\" content=\"https:\/\/paragaleriedetalborjt.com\/wp-content\/uploads\/2026\/01\/Kl-shamp-apaisant-a-la-pivoine-400ml-600x600-1.jpg\" \/>\n\t<meta property=\"og:image:width\" content=\"600\" \/>\n\t<meta property=\"og:image:height\" content=\"600\" \/>\n\t<meta property=\"og:image:type\" content=\"image\/jpeg\" \/>\n<meta name=\"twitter:card\" content=\"summary_large_image\" \/>\n<meta name=\"twitter:label1\" content=\"Est. reading time\" \/>\n\t<meta name=\"twitter:data1\" content=\"1 minute\" \/>\n<script type=\"application\/ld+json\" class=\"yoast-schema-graph\">{\"@context\":\"https:\\\/\\\/schema.org\",\"@graph\":[{\"@type\":\"WebPage\",\"@id\":\"https:\\\/\\\/paragaleriedetalborjt.com\\\/boutique\\\/klorane-apaisant-shampoing-anti-irritation-et-protecteur-a-la-pivoine-bio-400-ml\\\/\",\"url\":\"https:\\\/\\\/paragaleriedetalborjt.com\\\/boutique\\\/klorane-apaisant-shampoing-anti-irritation-et-protecteur-a-la-pivoine-bio-400-ml\\\/\",\"name\":\"KLORANE APAISANT Shampoing Anti-irritation et Protecteur \u00e0 la Pivoine BIO 400 ml - paragaleriedetalborjt\",\"isPartOf\":{\"@id\":\"https:\\\/\\\/paragaleriedetalborjt.com\\\/#website\"},\"primaryImageOfPage\":{\"@id\":\"https:\\\/\\\/paragaleriedetalborjt.com\\\/boutique\\\/klorane-apaisant-shampoing-anti-irritation-et-protecteur-a-la-pivoine-bio-400-ml\\\/#primaryimage\"},\"image\":{\"@id\":\"https:\\\/\\\/paragaleriedetalborjt.com\\\/boutique\\\/klorane-apaisant-shampoing-anti-irritation-et-protecteur-a-la-pivoine-bio-400-ml\\\/#primaryimage\"},\"thumbnailUrl\":\"https:\\\/\\\/paragaleriedetalborjt.com\\\/wp-content\\\/uploads\\\/2026\\\/01\\\/Kl-shamp-apaisant-a-la-pivoine-400ml-600x600-1.jpg\",\"datePublished\":\"2026-01-03T15:36:43+00:00\",\"breadcrumb\":{\"@id\":\"https:\\\/\\\/paragaleriedetalborjt.com\\\/boutique\\\/klorane-apaisant-shampoing-anti-irritation-et-protecteur-a-la-pivoine-bio-400-ml\\\/#breadcrumb\"},\"inLanguage\":\"en-US\",\"potentialAction\":[{\"@type\":\"ReadAction\",\"target\":[\"https:\\\/\\\/paragaleriedetalborjt.com\\\/boutique\\\/klorane-apaisant-shampoing-anti-irritation-et-protecteur-a-la-pivoine-bio-400-ml\\\/\"]}]},{\"@type\":\"ImageObject\",\"inLanguage\":\"en-US\",\"@id\":\"https:\\\/\\\/paragaleriedetalborjt.com\\\/boutique\\\/klorane-apaisant-shampoing-anti-irritation-et-protecteur-a-la-pivoine-bio-400-ml\\\/#primaryimage\",\"url\":\"https:\\\/\\\/paragaleriedetalborjt.com\\\/wp-content\\\/uploads\\\/2026\\\/01\\\/Kl-shamp-apaisant-a-la-pivoine-400ml-600x600-1.jpg\",\"contentUrl\":\"https:\\\/\\\/paragaleriedetalborjt.com\\\/wp-content\\\/uploads\\\/2026\\\/01\\\/Kl-shamp-apaisant-a-la-pivoine-400ml-600x600-1.jpg\",\"width\":600,\"height\":600},{\"@type\":\"BreadcrumbList\",\"@id\":\"https:\\\/\\\/paragaleriedetalborjt.com\\\/boutique\\\/klorane-apaisant-shampoing-anti-irritation-et-protecteur-a-la-pivoine-bio-400-ml\\\/#breadcrumb\",\"itemListElement\":[{\"@type\":\"ListItem\",\"position\":1,\"name\":\"Accueil\",\"item\":\"https:\\\/\\\/paragaleriedetalborjt.com\\\/\"},{\"@type\":\"ListItem\",\"position\":2,\"name\":\"Boutique\",\"item\":\"https:\\\/\\\/paragaleriedetalborjt.com\\\/boutique\\\/\"},{\"@type\":\"ListItem\",\"position\":3,\"name\":\"KLORANE APAISANT Shampoing Anti-irritation et Protecteur \u00e0 la Pivoine BIO 400 ml\"}]},{\"@type\":\"WebSite\",\"@id\":\"https:\\\/\\\/paragaleriedetalborjt.com\\\/#website\",\"url\":\"https:\\\/\\\/paragaleriedetalborjt.com\\\/\",\"name\":\"paragaleriedetalborjt\",\"description\":\"\",\"potentialAction\":[{\"@type\":\"SearchAction\",\"target\":{\"@type\":\"EntryPoint\",\"urlTemplate\":\"https:\\\/\\\/paragaleriedetalborjt.com\\\/?s={search_term_string}\"},\"query-input\":{\"@type\":\"PropertyValueSpecification\",\"valueRequired\":true,\"valueName\":\"search_term_string\"}}],\"inLanguage\":\"en-US\"}]}<\/script>\n<!-- \/ Yoast SEO plugin. -->","yoast_head_json":{"title":"KLORANE APAISANT Shampoing Anti-irritation et Protecteur \u00e0 la Pivoine BIO 400 ml - paragaleriedetalborjt","robots":{"index":"index","follow":"follow","max-snippet":"max-snippet:-1","max-image-preview":"max-image-preview:large","max-video-preview":"max-video-preview:-1"},"canonical":"https:\/\/paragaleriedetalborjt.com\/en\/boutique\/klorane-apaisant-shampoing-anti-irritation-et-protecteur-a-la-pivoine-bio-400-ml\/","og_locale":"en_US","og_type":"article","og_title":"KLORANE APAISANT Shampoing Anti-irritation et Protecteur \u00e0 la Pivoine BIO 400 ml - paragaleriedetalborjt","og_description":"Highlights:APAISANT Shampoing Anti-irritation et Protecteur \u00e0 la Pivoine BIO 400 ml","og_url":"https:\/\/paragaleriedetalborjt.com\/en\/boutique\/klorane-apaisant-shampoing-anti-irritation-et-protecteur-a-la-pivoine-bio-400-ml\/","og_site_name":"paragaleriedetalborjt","og_image":[{"width":600,"height":600,"url":"https:\/\/paragaleriedetalborjt.com\/wp-content\/uploads\/2026\/01\/Kl-shamp-apaisant-a-la-pivoine-400ml-600x600-1.jpg","type":"image\/jpeg"}],"twitter_card":"summary_large_image","twitter_misc":{"Est. reading time":"1 minute"},"schema":{"@context":"https:\/\/schema.org","@graph":[{"@type":"WebPage","@id":"https:\/\/paragaleriedetalborjt.com\/boutique\/klorane-apaisant-shampoing-anti-irritation-et-protecteur-a-la-pivoine-bio-400-ml\/","url":"https:\/\/paragaleriedetalborjt.com\/boutique\/klorane-apaisant-shampoing-anti-irritation-et-protecteur-a-la-pivoine-bio-400-ml\/","name":"KLORANE APAISANT Shampoing Anti-irritation et Protecteur \u00e0 la Pivoine BIO 400 ml - paragaleriedetalborjt","isPartOf":{"@id":"https:\/\/paragaleriedetalborjt.com\/#website"},"primaryImageOfPage":{"@id":"https:\/\/paragaleriedetalborjt.com\/boutique\/klorane-apaisant-shampoing-anti-irritation-et-protecteur-a-la-pivoine-bio-400-ml\/#primaryimage"},"image":{"@id":"https:\/\/paragaleriedetalborjt.com\/boutique\/klorane-apaisant-shampoing-anti-irritation-et-protecteur-a-la-pivoine-bio-400-ml\/#primaryimage"},"thumbnailUrl":"https:\/\/paragaleriedetalborjt.com\/wp-content\/uploads\/2026\/01\/Kl-shamp-apaisant-a-la-pivoine-400ml-600x600-1.jpg","datePublished":"2026-01-03T15:36:43+00:00","breadcrumb":{"@id":"https:\/\/paragaleriedetalborjt.com\/boutique\/klorane-apaisant-shampoing-anti-irritation-et-protecteur-a-la-pivoine-bio-400-ml\/#breadcrumb"},"inLanguage":"en-US","potentialAction":[{"@type":"ReadAction","target":["https:\/\/paragaleriedetalborjt.com\/boutique\/klorane-apaisant-shampoing-anti-irritation-et-protecteur-a-la-pivoine-bio-400-ml\/"]}]},{"@type":"ImageObject","inLanguage":"en-US","@id":"https:\/\/paragaleriedetalborjt.com\/boutique\/klorane-apaisant-shampoing-anti-irritation-et-protecteur-a-la-pivoine-bio-400-ml\/#primaryimage","url":"https:\/\/paragaleriedetalborjt.com\/wp-content\/uploads\/2026\/01\/Kl-shamp-apaisant-a-la-pivoine-400ml-600x600-1.jpg","contentUrl":"https:\/\/paragaleriedetalborjt.com\/wp-content\/uploads\/2026\/01\/Kl-shamp-apaisant-a-la-pivoine-400ml-600x600-1.jpg","width":600,"height":600},{"@type":"BreadcrumbList","@id":"https:\/\/paragaleriedetalborjt.com\/boutique\/klorane-apaisant-shampoing-anti-irritation-et-protecteur-a-la-pivoine-bio-400-ml\/#breadcrumb","itemListElement":[{"@type":"ListItem","position":1,"name":"Accueil","item":"https:\/\/paragaleriedetalborjt.com\/"},{"@type":"ListItem","position":2,"name":"Boutique","item":"https:\/\/paragaleriedetalborjt.com\/boutique\/"},{"@type":"ListItem","position":3,"name":"KLORANE APAISANT Shampoing Anti-irritation et Protecteur \u00e0 la Pivoine BIO 400 ml"}]},{"@type":"WebSite","@id":"https:\/\/paragaleriedetalborjt.com\/#website","url":"https:\/\/paragaleriedetalborjt.com\/","name":"paragaleriedetalborjt","description":"","potentialAction":[{"@type":"SearchAction","target":{"@type":"EntryPoint","urlTemplate":"https:\/\/paragaleriedetalborjt.com\/?s={search_term_string}"},"query-input":{"@type":"PropertyValueSpecification","valueRequired":true,"valueName":"search_term_string"}}],"inLanguage":"en-US"}]}},"brands":[],"_links":{"self":[{"href":"https:\/\/paragaleriedetalborjt.com\/en\/wp-json\/wp\/v2\/product\/37403","targetHints":{"allow":["GET"]}}],"collection":[{"href":"https:\/\/paragaleriedetalborjt.com\/en\/wp-json\/wp\/v2\/product"}],"about":[{"href":"https:\/\/paragaleriedetalborjt.com\/en\/wp-json\/wp\/v2\/types\/product"}],"replies":[{"embeddable":true,"href":"https:\/\/paragaleriedetalborjt.com\/en\/wp-json\/wp\/v2\/comments?post=37403"}],"version-history":[{"count":1,"href":"https:\/\/paragaleriedetalborjt.com\/en\/wp-json\/wp\/v2\/product\/37403\/revisions"}],"predecessor-version":[{"id":37405,"href":"https:\/\/paragaleriedetalborjt.com\/en\/wp-json\/wp\/v2\/product\/37403\/revisions\/37405"}],"wp:featuredmedia":[{"embeddable":true,"href":"https:\/\/paragaleriedetalborjt.com\/en\/wp-json\/wp\/v2\/media\/37404"}],"wp:attachment":[{"href":"https:\/\/paragaleriedetalborjt.com\/en\/wp-json\/wp\/v2\/media?parent=37403"}],"wp:term":[{"taxonomy":"pwb-brand","embeddable":true,"href":"https:\/\/paragaleriedetalborjt.com\/en\/wp-json\/wp\/v2\/pwb-brand?post=37403"},{"taxonomy":"product_cat","embeddable":true,"href":"https:\/\/paragaleriedetalborjt.com\/en\/wp-json\/wp\/v2\/product_cat?post=37403"},{"taxonomy":"product_tag","embeddable":true,"href":"https:\/\/paragaleriedetalborjt.com\/en\/wp-json\/wp\/v2\/product_tag?post=37403"}],"curies":[{"name":"wp","href":"https:\/\/api.w.org\/{rel}","templated":true}]}}