{"id":37397,"date":"2026-01-03T16:36:31","date_gmt":"2026-01-03T15:36:31","guid":{"rendered":"https:\/\/paragaleriedetalborjt.com\/?post_type=product&#038;p=37397"},"modified":"2026-01-03T16:36:31","modified_gmt":"2026-01-03T15:36:31","slug":"transparent-clinic-exfoliante-facial-50ml","status":"publish","type":"product","link":"https:\/\/paragaleriedetalborjt.com\/en\/boutique\/transparent-clinic-exfoliante-facial-50ml\/","title":{"rendered":"Transparent Clinic Exfoliante Facial 50ml"},"content":{"rendered":"<div aria-labelledby=\"tab-title-description\" class=\"woocommerce-Tabs-panel woocommerce-Tabs-panel--description panel entry-content wc-tab\" id=\"tab-description\" role=\"tabpanel\" style=\"\">\n<h2>Description<\/h2>\n<h2>Gel exfoliant au noyau d\u2019abricot 50 ml.<\/h2>\n<p>L\u2019une des parties les plus importantes du nettoyage du visage (et que tout le monde ne fait pas) est le gommage\/exfoliation.<\/p>\n<p>Malheureusement, dans la plupart des peelings, on retrouve des micro-perles de plastique qui agissent comme exfoliant.<\/p>\n<p>Il faut savoir que chaque fois que nous nous exfolions avec un peeling contenant des micro-perles artificielles, nous \u00e9mettons plus de cinq mille particules de microplastiques dans la mer.<\/p>\n<p>Ces particules sont ind\u00e9tectables dans les installations d\u2019assainissement de l\u2019eau et on estime que plus de 300 tonnes pourraient polluer nos oc\u00e9ans.<\/p>\n<p>Le gel exfoliant de Transparent Clinic a une formulation r\u00e9volutionnaire qui utilise le pouvoir des\u00a0<b>microparticules de noyau d\u2019abricot\u00a0<\/b>qui, associ\u00e9es aux\u00a0<b>extraits de Calendula et de Camomille,<\/b>\u00a0donnent \u00e0 la peau un renouvellement total avec un effet apaisant et protecteur.<\/p>\n<p>Exfolie la peau du visage avec des particules naturelles biod\u00e9gradables, \u00e9limine les cellules mortes et am\u00e9liore le renouvellement cellulaire et la texture de la peau.<\/p>\n<p>C\u2019est aussi simple que cela<b>\u00a0sans aucune r\u00e9action allergique<\/b>\u00a0pour la peau et en contribuant \u00e0 pr\u00e9server\u00a0<b>l\u2019\u00e9cosyst\u00e8me des microplastiques hautement nocifs.<\/b><\/p>\n<p>Vous trouverez ci-dessous des informations plus techniques et d\u00e9taill\u00e9es pour r\u00e9pondre \u00e0 toutes vos questions.<\/p>\n<ul>\n<li>Formuler a partir d\u00b4ingr\u00e9dients naturels.<\/li>\n<li>Tous types de peaux.<\/li>\n<li>Sans microparticules de plastique dans sa formulation.<\/li>\n<li>Non test\u00e9s sur les animaux.<\/li>\n<\/ul>\n<\/div>","protected":false},"excerpt":{"rendered":"<p>Highlights:Gel exfoliant texture l\u00e9g\u00e8re avec des micro-granules de noyau d\u2019abricot naturel. Son grand pouvoir exfoliant permet d\u2019\u00e9liminer les cellules mortes et les impuret\u00e9s. Il stimule le renouvellement de la peau et procure une sensation de propret\u00e9 et de fra\u00eecheur. Le r\u00e9sultat est une peau lisse, illumin\u00e9e et au teint uniforme.<\/p>","protected":false},"featured_media":37398,"comment_status":"open","ping_status":"closed","template":"","meta":[],"pwb-brand":[],"product_cat":[16],"product_tag":[],"class_list":{"0":"post-37397","1":"product","2":"type-product","3":"status-publish","4":"has-post-thumbnail","6":"product_cat-non-classe","7":"pa_brands-transparent-clinic","9":"first","10":"instock","11":"sale","12":"shipping-taxable","13":"purchasable","14":"product-type-simple"},"yoast_head":"<!-- This site is optimized with the Yoast SEO plugin v27.5 - https:\/\/yoast.com\/product\/yoast-seo-wordpress\/ -->\n<title>Transparent Clinic Exfoliante Facial 50ml - paragaleriedetalborjt<\/title>\n<meta name=\"robots\" content=\"index, follow, max-snippet:-1, max-image-preview:large, max-video-preview:-1\" \/>\n<link rel=\"canonical\" href=\"https:\/\/paragaleriedetalborjt.com\/en\/boutique\/transparent-clinic-exfoliante-facial-50ml\/\" \/>\n<meta property=\"og:locale\" content=\"en_US\" \/>\n<meta property=\"og:type\" content=\"article\" \/>\n<meta property=\"og:title\" content=\"Transparent Clinic Exfoliante Facial 50ml - paragaleriedetalborjt\" \/>\n<meta property=\"og:description\" content=\"Highlights:Gel exfoliant texture l\u00e9g\u00e8re avec des micro-granules de noyau d\u2019abricot naturel. Son grand pouvoir exfoliant permet d\u2019\u00e9liminer les cellules mortes et les impuret\u00e9s. Il stimule le renouvellement de la peau et procure une sensation de propret\u00e9 et de fra\u00eecheur. Le r\u00e9sultat est une peau lisse, illumin\u00e9e et au teint uniforme.\" \/>\n<meta property=\"og:url\" content=\"https:\/\/paragaleriedetalborjt.com\/en\/boutique\/transparent-clinic-exfoliante-facial-50ml\/\" \/>\n<meta property=\"og:site_name\" content=\"paragaleriedetalborjt\" \/>\n<meta property=\"og:image\" content=\"https:\/\/paragaleriedetalborjt.com\/wp-content\/uploads\/2026\/01\/Transparent-clinic-Exfoliante-facial-50ml-600x600-1.jpg\" \/>\n\t<meta property=\"og:image:width\" content=\"600\" \/>\n\t<meta property=\"og:image:height\" content=\"600\" \/>\n\t<meta property=\"og:image:type\" content=\"image\/jpeg\" \/>\n<meta name=\"twitter:card\" content=\"summary_large_image\" \/>\n<meta name=\"twitter:label1\" content=\"Est. reading time\" \/>\n\t<meta name=\"twitter:data1\" content=\"1 minute\" \/>\n<script type=\"application\/ld+json\" class=\"yoast-schema-graph\">{\"@context\":\"https:\\\/\\\/schema.org\",\"@graph\":[{\"@type\":\"WebPage\",\"@id\":\"https:\\\/\\\/paragaleriedetalborjt.com\\\/boutique\\\/transparent-clinic-exfoliante-facial-50ml\\\/\",\"url\":\"https:\\\/\\\/paragaleriedetalborjt.com\\\/boutique\\\/transparent-clinic-exfoliante-facial-50ml\\\/\",\"name\":\"Transparent Clinic Exfoliante Facial 50ml - paragaleriedetalborjt\",\"isPartOf\":{\"@id\":\"https:\\\/\\\/paragaleriedetalborjt.com\\\/#website\"},\"primaryImageOfPage\":{\"@id\":\"https:\\\/\\\/paragaleriedetalborjt.com\\\/boutique\\\/transparent-clinic-exfoliante-facial-50ml\\\/#primaryimage\"},\"image\":{\"@id\":\"https:\\\/\\\/paragaleriedetalborjt.com\\\/boutique\\\/transparent-clinic-exfoliante-facial-50ml\\\/#primaryimage\"},\"thumbnailUrl\":\"https:\\\/\\\/paragaleriedetalborjt.com\\\/wp-content\\\/uploads\\\/2026\\\/01\\\/Transparent-clinic-Exfoliante-facial-50ml-600x600-1.jpg\",\"datePublished\":\"2026-01-03T15:36:31+00:00\",\"breadcrumb\":{\"@id\":\"https:\\\/\\\/paragaleriedetalborjt.com\\\/boutique\\\/transparent-clinic-exfoliante-facial-50ml\\\/#breadcrumb\"},\"inLanguage\":\"en-US\",\"potentialAction\":[{\"@type\":\"ReadAction\",\"target\":[\"https:\\\/\\\/paragaleriedetalborjt.com\\\/boutique\\\/transparent-clinic-exfoliante-facial-50ml\\\/\"]}]},{\"@type\":\"ImageObject\",\"inLanguage\":\"en-US\",\"@id\":\"https:\\\/\\\/paragaleriedetalborjt.com\\\/boutique\\\/transparent-clinic-exfoliante-facial-50ml\\\/#primaryimage\",\"url\":\"https:\\\/\\\/paragaleriedetalborjt.com\\\/wp-content\\\/uploads\\\/2026\\\/01\\\/Transparent-clinic-Exfoliante-facial-50ml-600x600-1.jpg\",\"contentUrl\":\"https:\\\/\\\/paragaleriedetalborjt.com\\\/wp-content\\\/uploads\\\/2026\\\/01\\\/Transparent-clinic-Exfoliante-facial-50ml-600x600-1.jpg\",\"width\":600,\"height\":600},{\"@type\":\"BreadcrumbList\",\"@id\":\"https:\\\/\\\/paragaleriedetalborjt.com\\\/boutique\\\/transparent-clinic-exfoliante-facial-50ml\\\/#breadcrumb\",\"itemListElement\":[{\"@type\":\"ListItem\",\"position\":1,\"name\":\"Accueil\",\"item\":\"https:\\\/\\\/paragaleriedetalborjt.com\\\/\"},{\"@type\":\"ListItem\",\"position\":2,\"name\":\"Boutique\",\"item\":\"https:\\\/\\\/paragaleriedetalborjt.com\\\/boutique\\\/\"},{\"@type\":\"ListItem\",\"position\":3,\"name\":\"Transparent Clinic Exfoliante Facial 50ml\"}]},{\"@type\":\"WebSite\",\"@id\":\"https:\\\/\\\/paragaleriedetalborjt.com\\\/#website\",\"url\":\"https:\\\/\\\/paragaleriedetalborjt.com\\\/\",\"name\":\"paragaleriedetalborjt\",\"description\":\"\",\"potentialAction\":[{\"@type\":\"SearchAction\",\"target\":{\"@type\":\"EntryPoint\",\"urlTemplate\":\"https:\\\/\\\/paragaleriedetalborjt.com\\\/?s={search_term_string}\"},\"query-input\":{\"@type\":\"PropertyValueSpecification\",\"valueRequired\":true,\"valueName\":\"search_term_string\"}}],\"inLanguage\":\"en-US\"}]}<\/script>\n<!-- \/ Yoast SEO plugin. -->","yoast_head_json":{"title":"Transparent Clinic Exfoliante Facial 50ml - paragaleriedetalborjt","robots":{"index":"index","follow":"follow","max-snippet":"max-snippet:-1","max-image-preview":"max-image-preview:large","max-video-preview":"max-video-preview:-1"},"canonical":"https:\/\/paragaleriedetalborjt.com\/en\/boutique\/transparent-clinic-exfoliante-facial-50ml\/","og_locale":"en_US","og_type":"article","og_title":"Transparent Clinic Exfoliante Facial 50ml - paragaleriedetalborjt","og_description":"Highlights:Gel exfoliant texture l\u00e9g\u00e8re avec des micro-granules de noyau d\u2019abricot naturel. Son grand pouvoir exfoliant permet d\u2019\u00e9liminer les cellules mortes et les impuret\u00e9s. Il stimule le renouvellement de la peau et procure une sensation de propret\u00e9 et de fra\u00eecheur. Le r\u00e9sultat est une peau lisse, illumin\u00e9e et au teint uniforme.","og_url":"https:\/\/paragaleriedetalborjt.com\/en\/boutique\/transparent-clinic-exfoliante-facial-50ml\/","og_site_name":"paragaleriedetalborjt","og_image":[{"width":600,"height":600,"url":"https:\/\/paragaleriedetalborjt.com\/wp-content\/uploads\/2026\/01\/Transparent-clinic-Exfoliante-facial-50ml-600x600-1.jpg","type":"image\/jpeg"}],"twitter_card":"summary_large_image","twitter_misc":{"Est. reading time":"1 minute"},"schema":{"@context":"https:\/\/schema.org","@graph":[{"@type":"WebPage","@id":"https:\/\/paragaleriedetalborjt.com\/boutique\/transparent-clinic-exfoliante-facial-50ml\/","url":"https:\/\/paragaleriedetalborjt.com\/boutique\/transparent-clinic-exfoliante-facial-50ml\/","name":"Transparent Clinic Exfoliante Facial 50ml - paragaleriedetalborjt","isPartOf":{"@id":"https:\/\/paragaleriedetalborjt.com\/#website"},"primaryImageOfPage":{"@id":"https:\/\/paragaleriedetalborjt.com\/boutique\/transparent-clinic-exfoliante-facial-50ml\/#primaryimage"},"image":{"@id":"https:\/\/paragaleriedetalborjt.com\/boutique\/transparent-clinic-exfoliante-facial-50ml\/#primaryimage"},"thumbnailUrl":"https:\/\/paragaleriedetalborjt.com\/wp-content\/uploads\/2026\/01\/Transparent-clinic-Exfoliante-facial-50ml-600x600-1.jpg","datePublished":"2026-01-03T15:36:31+00:00","breadcrumb":{"@id":"https:\/\/paragaleriedetalborjt.com\/boutique\/transparent-clinic-exfoliante-facial-50ml\/#breadcrumb"},"inLanguage":"en-US","potentialAction":[{"@type":"ReadAction","target":["https:\/\/paragaleriedetalborjt.com\/boutique\/transparent-clinic-exfoliante-facial-50ml\/"]}]},{"@type":"ImageObject","inLanguage":"en-US","@id":"https:\/\/paragaleriedetalborjt.com\/boutique\/transparent-clinic-exfoliante-facial-50ml\/#primaryimage","url":"https:\/\/paragaleriedetalborjt.com\/wp-content\/uploads\/2026\/01\/Transparent-clinic-Exfoliante-facial-50ml-600x600-1.jpg","contentUrl":"https:\/\/paragaleriedetalborjt.com\/wp-content\/uploads\/2026\/01\/Transparent-clinic-Exfoliante-facial-50ml-600x600-1.jpg","width":600,"height":600},{"@type":"BreadcrumbList","@id":"https:\/\/paragaleriedetalborjt.com\/boutique\/transparent-clinic-exfoliante-facial-50ml\/#breadcrumb","itemListElement":[{"@type":"ListItem","position":1,"name":"Accueil","item":"https:\/\/paragaleriedetalborjt.com\/"},{"@type":"ListItem","position":2,"name":"Boutique","item":"https:\/\/paragaleriedetalborjt.com\/boutique\/"},{"@type":"ListItem","position":3,"name":"Transparent Clinic Exfoliante Facial 50ml"}]},{"@type":"WebSite","@id":"https:\/\/paragaleriedetalborjt.com\/#website","url":"https:\/\/paragaleriedetalborjt.com\/","name":"paragaleriedetalborjt","description":"","potentialAction":[{"@type":"SearchAction","target":{"@type":"EntryPoint","urlTemplate":"https:\/\/paragaleriedetalborjt.com\/?s={search_term_string}"},"query-input":{"@type":"PropertyValueSpecification","valueRequired":true,"valueName":"search_term_string"}}],"inLanguage":"en-US"}]}},"brands":[],"_links":{"self":[{"href":"https:\/\/paragaleriedetalborjt.com\/en\/wp-json\/wp\/v2\/product\/37397","targetHints":{"allow":["GET"]}}],"collection":[{"href":"https:\/\/paragaleriedetalborjt.com\/en\/wp-json\/wp\/v2\/product"}],"about":[{"href":"https:\/\/paragaleriedetalborjt.com\/en\/wp-json\/wp\/v2\/types\/product"}],"replies":[{"embeddable":true,"href":"https:\/\/paragaleriedetalborjt.com\/en\/wp-json\/wp\/v2\/comments?post=37397"}],"version-history":[{"count":1,"href":"https:\/\/paragaleriedetalborjt.com\/en\/wp-json\/wp\/v2\/product\/37397\/revisions"}],"predecessor-version":[{"id":37399,"href":"https:\/\/paragaleriedetalborjt.com\/en\/wp-json\/wp\/v2\/product\/37397\/revisions\/37399"}],"wp:featuredmedia":[{"embeddable":true,"href":"https:\/\/paragaleriedetalborjt.com\/en\/wp-json\/wp\/v2\/media\/37398"}],"wp:attachment":[{"href":"https:\/\/paragaleriedetalborjt.com\/en\/wp-json\/wp\/v2\/media?parent=37397"}],"wp:term":[{"taxonomy":"pwb-brand","embeddable":true,"href":"https:\/\/paragaleriedetalborjt.com\/en\/wp-json\/wp\/v2\/pwb-brand?post=37397"},{"taxonomy":"product_cat","embeddable":true,"href":"https:\/\/paragaleriedetalborjt.com\/en\/wp-json\/wp\/v2\/product_cat?post=37397"},{"taxonomy":"product_tag","embeddable":true,"href":"https:\/\/paragaleriedetalborjt.com\/en\/wp-json\/wp\/v2\/product_tag?post=37397"}],"curies":[{"name":"wp","href":"https:\/\/api.w.org\/{rel}","templated":true}]}}