{"id":37234,"date":"2026-01-03T02:46:44","date_gmt":"2026-01-03T01:46:44","guid":{"rendered":"https:\/\/paragaleriedetalborjt.com\/?post_type=product&#038;p=37234"},"modified":"2026-01-03T16:33:59","modified_gmt":"2026-01-03T15:33:59","slug":"novaskin-creme-hydratante-peau-normale-a-mixte-50ml","status":"publish","type":"product","link":"https:\/\/paragaleriedetalborjt.com\/en\/boutique\/novaskin-creme-hydratante-peau-normale-a-mixte-50ml\/","title":{"rendered":"Novaskin Creme Hydratante peau normale a mixte 50ml"},"content":{"rendered":"<div aria-labelledby=\"tab-title-description\" class=\"woocommerce-Tabs-panel woocommerce-Tabs-panel--description panel entry-content wc-tab\" id=\"tab-description\" role=\"tabpanel\" style=\"\">\n<h2>Description<\/h2>\n<p>Novaskin Cr\u00e8me Hydratante Peaux normale \u00e0 Mixte 50ml Assure une hydratation et une protection de l\u2019epiderme au maximum pendant 24h. La peau bien hydrat\u00e9e et apais\u00e9e, retrouve sa douceur et sa luminosit\u00e9.<\/p>\n<p><strong>Conseils d\u2019utilisation:<\/strong><\/p>\n<p>Matin et soir , appliquer par l\u00e9gers effleurages sur contour des yeux parfaitement nettoy\u00e9 .<\/p>\n<\/div>","protected":false},"excerpt":{"rendered":"<p>Highlights:\u2022 LISSEles rides install\u00e9es gr\u00e2ce \u00e0 l\u2019Ascofilline\u2122 et \u00e0 l\u2019Acide Hyaluronique.\u2022 RAFFERMITla peau.\u2022 RAVIVEla luminosit\u00e9 et sublime le teint gr\u00e2ce aux micro-nacres pour une correction anti-fatigue.<\/p>","protected":false},"featured_media":37235,"comment_status":"open","ping_status":"closed","template":"","meta":[],"pwb-brand":[],"product_cat":[16],"product_tag":[],"class_list":{"0":"post-37234","1":"product","2":"type-product","3":"status-publish","4":"has-post-thumbnail","6":"product_cat-non-classe","7":"pa_brands-novaskin","9":"first","10":"instock","11":"sale","12":"shipping-taxable","13":"purchasable","14":"product-type-simple"},"yoast_head":"<!-- This site is optimized with the Yoast SEO plugin v26.9 - https:\/\/yoast.com\/product\/yoast-seo-wordpress\/ -->\n<title>Novaskin Creme Hydratante peau normale a mixte 50ml - paragaleriedetalborjt<\/title>\n<meta name=\"robots\" content=\"index, follow, max-snippet:-1, max-image-preview:large, max-video-preview:-1\" \/>\n<link rel=\"canonical\" href=\"https:\/\/paragaleriedetalborjt.com\/en\/boutique\/novaskin-creme-hydratante-peau-normale-a-mixte-50ml\/\" \/>\n<meta property=\"og:locale\" content=\"en_US\" \/>\n<meta property=\"og:type\" content=\"article\" \/>\n<meta property=\"og:title\" content=\"Novaskin Creme Hydratante peau normale a mixte 50ml - paragaleriedetalborjt\" \/>\n<meta property=\"og:description\" content=\"Highlights:\u2022 LISSEles rides install\u00e9es gr\u00e2ce \u00e0 l\u2019Ascofilline\u2122 et \u00e0 l\u2019Acide Hyaluronique.\u2022 RAFFERMITla peau.\u2022 RAVIVEla luminosit\u00e9 et sublime le teint gr\u00e2ce aux micro-nacres pour une correction anti-fatigue.\" \/>\n<meta property=\"og:url\" content=\"https:\/\/paragaleriedetalborjt.com\/en\/boutique\/novaskin-creme-hydratante-peau-normale-a-mixte-50ml\/\" \/>\n<meta property=\"og:site_name\" content=\"paragaleriedetalborjt\" \/>\n<meta property=\"article:modified_time\" content=\"2026-01-03T15:33:59+00:00\" \/>\n<meta property=\"og:image\" content=\"https:\/\/paragaleriedetalborjt.com\/wp-content\/uploads\/2026\/01\/novaskin-pnm.jpg\" \/>\n\t<meta property=\"og:image:width\" content=\"595\" \/>\n\t<meta property=\"og:image:height\" content=\"655\" \/>\n\t<meta property=\"og:image:type\" content=\"image\/jpeg\" \/>\n<meta name=\"twitter:card\" content=\"summary_large_image\" \/>\n<script type=\"application\/ld+json\" class=\"yoast-schema-graph\">{\"@context\":\"https:\/\/schema.org\",\"@graph\":[{\"@type\":\"WebPage\",\"@id\":\"https:\/\/paragaleriedetalborjt.com\/boutique\/novaskin-creme-hydratante-peau-normale-a-mixte-50ml\/\",\"url\":\"https:\/\/paragaleriedetalborjt.com\/boutique\/novaskin-creme-hydratante-peau-normale-a-mixte-50ml\/\",\"name\":\"Novaskin Creme Hydratante peau normale a mixte 50ml - paragaleriedetalborjt\",\"isPartOf\":{\"@id\":\"https:\/\/paragaleriedetalborjt.com\/#website\"},\"primaryImageOfPage\":{\"@id\":\"https:\/\/paragaleriedetalborjt.com\/boutique\/novaskin-creme-hydratante-peau-normale-a-mixte-50ml\/#primaryimage\"},\"image\":{\"@id\":\"https:\/\/paragaleriedetalborjt.com\/boutique\/novaskin-creme-hydratante-peau-normale-a-mixte-50ml\/#primaryimage\"},\"thumbnailUrl\":\"https:\/\/paragaleriedetalborjt.com\/wp-content\/uploads\/2026\/01\/novaskin-pnm.jpg\",\"datePublished\":\"2026-01-03T01:46:44+00:00\",\"dateModified\":\"2026-01-03T15:33:59+00:00\",\"breadcrumb\":{\"@id\":\"https:\/\/paragaleriedetalborjt.com\/boutique\/novaskin-creme-hydratante-peau-normale-a-mixte-50ml\/#breadcrumb\"},\"inLanguage\":\"en-US\",\"potentialAction\":[{\"@type\":\"ReadAction\",\"target\":[\"https:\/\/paragaleriedetalborjt.com\/boutique\/novaskin-creme-hydratante-peau-normale-a-mixte-50ml\/\"]}]},{\"@type\":\"ImageObject\",\"inLanguage\":\"en-US\",\"@id\":\"https:\/\/paragaleriedetalborjt.com\/boutique\/novaskin-creme-hydratante-peau-normale-a-mixte-50ml\/#primaryimage\",\"url\":\"https:\/\/paragaleriedetalborjt.com\/wp-content\/uploads\/2026\/01\/novaskin-pnm.jpg\",\"contentUrl\":\"https:\/\/paragaleriedetalborjt.com\/wp-content\/uploads\/2026\/01\/novaskin-pnm.jpg\",\"width\":595,\"height\":655},{\"@type\":\"BreadcrumbList\",\"@id\":\"https:\/\/paragaleriedetalborjt.com\/boutique\/novaskin-creme-hydratante-peau-normale-a-mixte-50ml\/#breadcrumb\",\"itemListElement\":[{\"@type\":\"ListItem\",\"position\":1,\"name\":\"Accueil\",\"item\":\"https:\/\/paragaleriedetalborjt.com\/\"},{\"@type\":\"ListItem\",\"position\":2,\"name\":\"Boutique\",\"item\":\"https:\/\/paragaleriedetalborjt.com\/boutique\/\"},{\"@type\":\"ListItem\",\"position\":3,\"name\":\"Novaskin Creme Hydratante peau normale a mixte 50ml\"}]},{\"@type\":\"WebSite\",\"@id\":\"https:\/\/paragaleriedetalborjt.com\/#website\",\"url\":\"https:\/\/paragaleriedetalborjt.com\/\",\"name\":\"paragaleriedetalborjt\",\"description\":\"\",\"potentialAction\":[{\"@type\":\"SearchAction\",\"target\":{\"@type\":\"EntryPoint\",\"urlTemplate\":\"https:\/\/paragaleriedetalborjt.com\/?s={search_term_string}\"},\"query-input\":{\"@type\":\"PropertyValueSpecification\",\"valueRequired\":true,\"valueName\":\"search_term_string\"}}],\"inLanguage\":\"en-US\"}]}<\/script>\n<!-- \/ Yoast SEO plugin. -->","yoast_head_json":{"title":"Novaskin Creme Hydratante peau normale a mixte 50ml - paragaleriedetalborjt","robots":{"index":"index","follow":"follow","max-snippet":"max-snippet:-1","max-image-preview":"max-image-preview:large","max-video-preview":"max-video-preview:-1"},"canonical":"https:\/\/paragaleriedetalborjt.com\/en\/boutique\/novaskin-creme-hydratante-peau-normale-a-mixte-50ml\/","og_locale":"en_US","og_type":"article","og_title":"Novaskin Creme Hydratante peau normale a mixte 50ml - paragaleriedetalborjt","og_description":"Highlights:\u2022 LISSEles rides install\u00e9es gr\u00e2ce \u00e0 l\u2019Ascofilline\u2122 et \u00e0 l\u2019Acide Hyaluronique.\u2022 RAFFERMITla peau.\u2022 RAVIVEla luminosit\u00e9 et sublime le teint gr\u00e2ce aux micro-nacres pour une correction anti-fatigue.","og_url":"https:\/\/paragaleriedetalborjt.com\/en\/boutique\/novaskin-creme-hydratante-peau-normale-a-mixte-50ml\/","og_site_name":"paragaleriedetalborjt","article_modified_time":"2026-01-03T15:33:59+00:00","og_image":[{"width":595,"height":655,"url":"https:\/\/paragaleriedetalborjt.com\/wp-content\/uploads\/2026\/01\/novaskin-pnm.jpg","type":"image\/jpeg"}],"twitter_card":"summary_large_image","schema":{"@context":"https:\/\/schema.org","@graph":[{"@type":"WebPage","@id":"https:\/\/paragaleriedetalborjt.com\/boutique\/novaskin-creme-hydratante-peau-normale-a-mixte-50ml\/","url":"https:\/\/paragaleriedetalborjt.com\/boutique\/novaskin-creme-hydratante-peau-normale-a-mixte-50ml\/","name":"Novaskin Creme Hydratante peau normale a mixte 50ml - paragaleriedetalborjt","isPartOf":{"@id":"https:\/\/paragaleriedetalborjt.com\/#website"},"primaryImageOfPage":{"@id":"https:\/\/paragaleriedetalborjt.com\/boutique\/novaskin-creme-hydratante-peau-normale-a-mixte-50ml\/#primaryimage"},"image":{"@id":"https:\/\/paragaleriedetalborjt.com\/boutique\/novaskin-creme-hydratante-peau-normale-a-mixte-50ml\/#primaryimage"},"thumbnailUrl":"https:\/\/paragaleriedetalborjt.com\/wp-content\/uploads\/2026\/01\/novaskin-pnm.jpg","datePublished":"2026-01-03T01:46:44+00:00","dateModified":"2026-01-03T15:33:59+00:00","breadcrumb":{"@id":"https:\/\/paragaleriedetalborjt.com\/boutique\/novaskin-creme-hydratante-peau-normale-a-mixte-50ml\/#breadcrumb"},"inLanguage":"en-US","potentialAction":[{"@type":"ReadAction","target":["https:\/\/paragaleriedetalborjt.com\/boutique\/novaskin-creme-hydratante-peau-normale-a-mixte-50ml\/"]}]},{"@type":"ImageObject","inLanguage":"en-US","@id":"https:\/\/paragaleriedetalborjt.com\/boutique\/novaskin-creme-hydratante-peau-normale-a-mixte-50ml\/#primaryimage","url":"https:\/\/paragaleriedetalborjt.com\/wp-content\/uploads\/2026\/01\/novaskin-pnm.jpg","contentUrl":"https:\/\/paragaleriedetalborjt.com\/wp-content\/uploads\/2026\/01\/novaskin-pnm.jpg","width":595,"height":655},{"@type":"BreadcrumbList","@id":"https:\/\/paragaleriedetalborjt.com\/boutique\/novaskin-creme-hydratante-peau-normale-a-mixte-50ml\/#breadcrumb","itemListElement":[{"@type":"ListItem","position":1,"name":"Accueil","item":"https:\/\/paragaleriedetalborjt.com\/"},{"@type":"ListItem","position":2,"name":"Boutique","item":"https:\/\/paragaleriedetalborjt.com\/boutique\/"},{"@type":"ListItem","position":3,"name":"Novaskin Creme Hydratante peau normale a mixte 50ml"}]},{"@type":"WebSite","@id":"https:\/\/paragaleriedetalborjt.com\/#website","url":"https:\/\/paragaleriedetalborjt.com\/","name":"paragaleriedetalborjt","description":"","potentialAction":[{"@type":"SearchAction","target":{"@type":"EntryPoint","urlTemplate":"https:\/\/paragaleriedetalborjt.com\/?s={search_term_string}"},"query-input":{"@type":"PropertyValueSpecification","valueRequired":true,"valueName":"search_term_string"}}],"inLanguage":"en-US"}]}},"brands":[],"_links":{"self":[{"href":"https:\/\/paragaleriedetalborjt.com\/en\/wp-json\/wp\/v2\/product\/37234","targetHints":{"allow":["GET"]}}],"collection":[{"href":"https:\/\/paragaleriedetalborjt.com\/en\/wp-json\/wp\/v2\/product"}],"about":[{"href":"https:\/\/paragaleriedetalborjt.com\/en\/wp-json\/wp\/v2\/types\/product"}],"replies":[{"embeddable":true,"href":"https:\/\/paragaleriedetalborjt.com\/en\/wp-json\/wp\/v2\/comments?post=37234"}],"version-history":[{"count":1,"href":"https:\/\/paragaleriedetalborjt.com\/en\/wp-json\/wp\/v2\/product\/37234\/revisions"}],"predecessor-version":[{"id":37236,"href":"https:\/\/paragaleriedetalborjt.com\/en\/wp-json\/wp\/v2\/product\/37234\/revisions\/37236"}],"wp:featuredmedia":[{"embeddable":true,"href":"https:\/\/paragaleriedetalborjt.com\/en\/wp-json\/wp\/v2\/media\/37235"}],"wp:attachment":[{"href":"https:\/\/paragaleriedetalborjt.com\/en\/wp-json\/wp\/v2\/media?parent=37234"}],"wp:term":[{"taxonomy":"pwb-brand","embeddable":true,"href":"https:\/\/paragaleriedetalborjt.com\/en\/wp-json\/wp\/v2\/pwb-brand?post=37234"},{"taxonomy":"product_cat","embeddable":true,"href":"https:\/\/paragaleriedetalborjt.com\/en\/wp-json\/wp\/v2\/product_cat?post=37234"},{"taxonomy":"product_tag","embeddable":true,"href":"https:\/\/paragaleriedetalborjt.com\/en\/wp-json\/wp\/v2\/product_tag?post=37234"}],"curies":[{"name":"wp","href":"https:\/\/api.w.org\/{rel}","templated":true}]}}