{"id":35946,"date":"2026-01-03T01:58:46","date_gmt":"2026-01-03T00:58:46","guid":{"rendered":"https:\/\/paragaleriedetalborjt.com\/?post_type=product&#038;p=35946"},"modified":"2026-01-03T16:32:19","modified_gmt":"2026-01-03T15:32:19","slug":"soul-sisters-creme-de-nuit-renovatrice-100ml-violet","status":"publish","type":"product","link":"https:\/\/paragaleriedetalborjt.com\/en\/boutique\/soul-sisters-creme-de-nuit-renovatrice-100ml-violet\/","title":{"rendered":"Soul Sisters Cr\u00e8me de Nuit R\u00e9novatrice 100ml Violet"},"content":{"rendered":"<div aria-labelledby=\"tab-title-description\" class=\"woocommerce-Tabs-panel woocommerce-Tabs-panel--description panel entry-content wc-tab\" id=\"tab-description\" role=\"tabpanel\" style=\"\">\n<h2>Description<\/h2>\n<div class=\"product__accordion\">\n<p><button aria-controls=\"ProductAccordion--page-utilisation-1-template--19848203206958__main\" aria-expanded=\"true\" class=\"product__accordion__title is-expanded\" data-collapsible-trigger=\"\">Utilisation<\/button><\/p>\n<div aria-expanded=\"true\" class=\"product__accordion__content is-expanded\" data-collapsible-container=\"\" id=\"ProductAccordion--page-utilisation-1-template--19848203206958__main\">\n<div class=\"product__accordion__inner rte\" data-collapsible-content=\"\">\n<p>Appliquer la cr\u00e8me de nuit hydratante le soir sur le visage et le cou propres et secs.<\/p>\n<p>Utiliser seul ou sur vos s\u00e9rums pr\u00e9f\u00e9r\u00e9s.<\/p>\n<\/div>\n<\/div>\n<\/div>\n<div class=\"product__accordion\"><button aria-controls=\"ProductAccordion--page-ingredients-2-template--19848203206958__main\" class=\"product__accordion__title\" data-collapsible-trigger=\"\">Ingr\u00e9dients<\/button><\/div>\n<div>\n<div class=\"product__accordion\">\n<div aria-expanded=\"true\" class=\"product__accordion__content is-expanded\" data-collapsible-container=\"\" id=\"ProductAccordion--page-ingredients-2-template--19848203206958__main\">\n<div class=\"product__accordion__inner rte\" data-collapsible-content=\"\">\n<p>Aqua, Cetearyl Alcohol, Dicaprylyl Ether, Glycerin, Glyceryl Stearate, Propanediol, Propylheptyl Caprylate, Cetyl Alcohol, Niacinamide, Hydrogenated Castor Oil, Jojoba Esters, Helianthus Annuus(Sunflower) Seed Wax, Acacia Decurrens Flower Wax, Polyglycerin-3, Helianthus Annuus (Sunflower) Seed Oil, Rubus Idaeus (Raspberry) Fruit Extract , Rosmarinus Officinalis (Rosemary) Leaf Extract, Rosa Centifolia Flower Extract, Ascorbyl Palmitate, Sodium Polyacrylate, Saccharide Isomerate,Citric Acid, Phenoxyethanol, Ethylhexylglycerin, Ethylhexyl Palmitate, Silica Dimethyl Silylate, Butylene Glycol, Pentylene Glycol, Sodium Hyaluronate, Parfum, Trihydroxystearin, Glucomannan, Sodium Stearoyl Glutamate, Sodium Citrate, Pentaerythrityl Tetra-di-t-butyl Hydroxyhydrocinnamate, Citric acid, BHT<\/p>\n<\/div>\n<\/div>\n<\/div>\n<div class=\"product__accordion\"><\/div>\n<\/div>\n<\/div>","protected":false},"excerpt":{"rendered":"<p>Highlights:Acide Hyaluronique, NiacinamideUne cr\u00e8me de nuit hydratante riche en antioxydants contenant une gamme de fruits pour offrir une hydratation en profondeur et transformer visiblement la peau fatigu\u00e9e en un \u00e9clat matinal. Contient des actifs qui repulpent, lissent et nourrissent votre peau pendant votre sommeil.<\/p>","protected":false},"featured_media":35947,"comment_status":"open","ping_status":"closed","template":"","meta":[],"pwb-brand":[],"product_cat":[16],"product_tag":[],"class_list":{"0":"post-35946","1":"product","2":"type-product","3":"status-publish","4":"has-post-thumbnail","6":"product_cat-non-classe","7":"pa_brands-soul-sisters","9":"first","10":"instock","11":"sale","12":"shipping-taxable","13":"purchasable","14":"product-type-simple"},"yoast_head":"<!-- This site is optimized with the Yoast SEO plugin v27.5 - https:\/\/yoast.com\/product\/yoast-seo-wordpress\/ -->\n<title>Soul Sisters Cr\u00e8me de Nuit R\u00e9novatrice 100ml Violet - paragaleriedetalborjt<\/title>\n<meta name=\"robots\" content=\"index, follow, max-snippet:-1, max-image-preview:large, max-video-preview:-1\" \/>\n<link rel=\"canonical\" href=\"https:\/\/paragaleriedetalborjt.com\/en\/boutique\/soul-sisters-creme-de-nuit-renovatrice-100ml-violet\/\" \/>\n<meta property=\"og:locale\" content=\"en_US\" \/>\n<meta property=\"og:type\" content=\"article\" \/>\n<meta property=\"og:title\" content=\"Soul Sisters Cr\u00e8me de Nuit R\u00e9novatrice 100ml Violet - paragaleriedetalborjt\" \/>\n<meta property=\"og:description\" content=\"Highlights:Acide Hyaluronique, NiacinamideUne cr\u00e8me de nuit hydratante riche en antioxydants contenant une gamme de fruits pour offrir une hydratation en profondeur et transformer visiblement la peau fatigu\u00e9e en un \u00e9clat matinal. Contient des actifs qui repulpent, lissent et nourrissent votre peau pendant votre sommeil.\" \/>\n<meta property=\"og:url\" content=\"https:\/\/paragaleriedetalborjt.com\/en\/boutique\/soul-sisters-creme-de-nuit-renovatrice-100ml-violet\/\" \/>\n<meta property=\"og:site_name\" content=\"paragaleriedetalborjt\" \/>\n<meta property=\"article:modified_time\" content=\"2026-01-03T15:32:19+00:00\" \/>\n<meta property=\"og:image\" content=\"https:\/\/paragaleriedetalborjt.com\/wp-content\/uploads\/2026\/01\/Soul-sisters-creme-de-nuit-renovatrice-100ml-violet-600x600-1.jpg\" \/>\n\t<meta property=\"og:image:width\" content=\"600\" \/>\n\t<meta property=\"og:image:height\" content=\"600\" \/>\n\t<meta property=\"og:image:type\" content=\"image\/jpeg\" \/>\n<meta name=\"twitter:card\" content=\"summary_large_image\" \/>\n<meta name=\"twitter:label1\" content=\"Est. reading time\" \/>\n\t<meta name=\"twitter:data1\" content=\"1 minute\" \/>\n<script type=\"application\/ld+json\" class=\"yoast-schema-graph\">{\"@context\":\"https:\\\/\\\/schema.org\",\"@graph\":[{\"@type\":\"WebPage\",\"@id\":\"https:\\\/\\\/paragaleriedetalborjt.com\\\/boutique\\\/soul-sisters-creme-de-nuit-renovatrice-100ml-violet\\\/\",\"url\":\"https:\\\/\\\/paragaleriedetalborjt.com\\\/boutique\\\/soul-sisters-creme-de-nuit-renovatrice-100ml-violet\\\/\",\"name\":\"Soul Sisters Cr\u00e8me de Nuit R\u00e9novatrice 100ml Violet - paragaleriedetalborjt\",\"isPartOf\":{\"@id\":\"https:\\\/\\\/paragaleriedetalborjt.com\\\/#website\"},\"primaryImageOfPage\":{\"@id\":\"https:\\\/\\\/paragaleriedetalborjt.com\\\/boutique\\\/soul-sisters-creme-de-nuit-renovatrice-100ml-violet\\\/#primaryimage\"},\"image\":{\"@id\":\"https:\\\/\\\/paragaleriedetalborjt.com\\\/boutique\\\/soul-sisters-creme-de-nuit-renovatrice-100ml-violet\\\/#primaryimage\"},\"thumbnailUrl\":\"https:\\\/\\\/paragaleriedetalborjt.com\\\/wp-content\\\/uploads\\\/2026\\\/01\\\/Soul-sisters-creme-de-nuit-renovatrice-100ml-violet-600x600-1.jpg\",\"datePublished\":\"2026-01-03T00:58:46+00:00\",\"dateModified\":\"2026-01-03T15:32:19+00:00\",\"breadcrumb\":{\"@id\":\"https:\\\/\\\/paragaleriedetalborjt.com\\\/boutique\\\/soul-sisters-creme-de-nuit-renovatrice-100ml-violet\\\/#breadcrumb\"},\"inLanguage\":\"en-US\",\"potentialAction\":[{\"@type\":\"ReadAction\",\"target\":[\"https:\\\/\\\/paragaleriedetalborjt.com\\\/boutique\\\/soul-sisters-creme-de-nuit-renovatrice-100ml-violet\\\/\"]}]},{\"@type\":\"ImageObject\",\"inLanguage\":\"en-US\",\"@id\":\"https:\\\/\\\/paragaleriedetalborjt.com\\\/boutique\\\/soul-sisters-creme-de-nuit-renovatrice-100ml-violet\\\/#primaryimage\",\"url\":\"https:\\\/\\\/paragaleriedetalborjt.com\\\/wp-content\\\/uploads\\\/2026\\\/01\\\/Soul-sisters-creme-de-nuit-renovatrice-100ml-violet-600x600-1.jpg\",\"contentUrl\":\"https:\\\/\\\/paragaleriedetalborjt.com\\\/wp-content\\\/uploads\\\/2026\\\/01\\\/Soul-sisters-creme-de-nuit-renovatrice-100ml-violet-600x600-1.jpg\",\"width\":600,\"height\":600},{\"@type\":\"BreadcrumbList\",\"@id\":\"https:\\\/\\\/paragaleriedetalborjt.com\\\/boutique\\\/soul-sisters-creme-de-nuit-renovatrice-100ml-violet\\\/#breadcrumb\",\"itemListElement\":[{\"@type\":\"ListItem\",\"position\":1,\"name\":\"Accueil\",\"item\":\"https:\\\/\\\/paragaleriedetalborjt.com\\\/\"},{\"@type\":\"ListItem\",\"position\":2,\"name\":\"Boutique\",\"item\":\"https:\\\/\\\/paragaleriedetalborjt.com\\\/boutique\\\/\"},{\"@type\":\"ListItem\",\"position\":3,\"name\":\"Soul Sisters Cr\u00e8me de Nuit R\u00e9novatrice 100ml Violet\"}]},{\"@type\":\"WebSite\",\"@id\":\"https:\\\/\\\/paragaleriedetalborjt.com\\\/#website\",\"url\":\"https:\\\/\\\/paragaleriedetalborjt.com\\\/\",\"name\":\"paragaleriedetalborjt\",\"description\":\"\",\"potentialAction\":[{\"@type\":\"SearchAction\",\"target\":{\"@type\":\"EntryPoint\",\"urlTemplate\":\"https:\\\/\\\/paragaleriedetalborjt.com\\\/?s={search_term_string}\"},\"query-input\":{\"@type\":\"PropertyValueSpecification\",\"valueRequired\":true,\"valueName\":\"search_term_string\"}}],\"inLanguage\":\"en-US\"}]}<\/script>\n<!-- \/ Yoast SEO plugin. -->","yoast_head_json":{"title":"Soul Sisters Cr\u00e8me de Nuit R\u00e9novatrice 100ml Violet - paragaleriedetalborjt","robots":{"index":"index","follow":"follow","max-snippet":"max-snippet:-1","max-image-preview":"max-image-preview:large","max-video-preview":"max-video-preview:-1"},"canonical":"https:\/\/paragaleriedetalborjt.com\/en\/boutique\/soul-sisters-creme-de-nuit-renovatrice-100ml-violet\/","og_locale":"en_US","og_type":"article","og_title":"Soul Sisters Cr\u00e8me de Nuit R\u00e9novatrice 100ml Violet - paragaleriedetalborjt","og_description":"Highlights:Acide Hyaluronique, NiacinamideUne cr\u00e8me de nuit hydratante riche en antioxydants contenant une gamme de fruits pour offrir une hydratation en profondeur et transformer visiblement la peau fatigu\u00e9e en un \u00e9clat matinal. Contient des actifs qui repulpent, lissent et nourrissent votre peau pendant votre sommeil.","og_url":"https:\/\/paragaleriedetalborjt.com\/en\/boutique\/soul-sisters-creme-de-nuit-renovatrice-100ml-violet\/","og_site_name":"paragaleriedetalborjt","article_modified_time":"2026-01-03T15:32:19+00:00","og_image":[{"width":600,"height":600,"url":"https:\/\/paragaleriedetalborjt.com\/wp-content\/uploads\/2026\/01\/Soul-sisters-creme-de-nuit-renovatrice-100ml-violet-600x600-1.jpg","type":"image\/jpeg"}],"twitter_card":"summary_large_image","twitter_misc":{"Est. reading time":"1 minute"},"schema":{"@context":"https:\/\/schema.org","@graph":[{"@type":"WebPage","@id":"https:\/\/paragaleriedetalborjt.com\/boutique\/soul-sisters-creme-de-nuit-renovatrice-100ml-violet\/","url":"https:\/\/paragaleriedetalborjt.com\/boutique\/soul-sisters-creme-de-nuit-renovatrice-100ml-violet\/","name":"Soul Sisters Cr\u00e8me de Nuit R\u00e9novatrice 100ml Violet - paragaleriedetalborjt","isPartOf":{"@id":"https:\/\/paragaleriedetalborjt.com\/#website"},"primaryImageOfPage":{"@id":"https:\/\/paragaleriedetalborjt.com\/boutique\/soul-sisters-creme-de-nuit-renovatrice-100ml-violet\/#primaryimage"},"image":{"@id":"https:\/\/paragaleriedetalborjt.com\/boutique\/soul-sisters-creme-de-nuit-renovatrice-100ml-violet\/#primaryimage"},"thumbnailUrl":"https:\/\/paragaleriedetalborjt.com\/wp-content\/uploads\/2026\/01\/Soul-sisters-creme-de-nuit-renovatrice-100ml-violet-600x600-1.jpg","datePublished":"2026-01-03T00:58:46+00:00","dateModified":"2026-01-03T15:32:19+00:00","breadcrumb":{"@id":"https:\/\/paragaleriedetalborjt.com\/boutique\/soul-sisters-creme-de-nuit-renovatrice-100ml-violet\/#breadcrumb"},"inLanguage":"en-US","potentialAction":[{"@type":"ReadAction","target":["https:\/\/paragaleriedetalborjt.com\/boutique\/soul-sisters-creme-de-nuit-renovatrice-100ml-violet\/"]}]},{"@type":"ImageObject","inLanguage":"en-US","@id":"https:\/\/paragaleriedetalborjt.com\/boutique\/soul-sisters-creme-de-nuit-renovatrice-100ml-violet\/#primaryimage","url":"https:\/\/paragaleriedetalborjt.com\/wp-content\/uploads\/2026\/01\/Soul-sisters-creme-de-nuit-renovatrice-100ml-violet-600x600-1.jpg","contentUrl":"https:\/\/paragaleriedetalborjt.com\/wp-content\/uploads\/2026\/01\/Soul-sisters-creme-de-nuit-renovatrice-100ml-violet-600x600-1.jpg","width":600,"height":600},{"@type":"BreadcrumbList","@id":"https:\/\/paragaleriedetalborjt.com\/boutique\/soul-sisters-creme-de-nuit-renovatrice-100ml-violet\/#breadcrumb","itemListElement":[{"@type":"ListItem","position":1,"name":"Accueil","item":"https:\/\/paragaleriedetalborjt.com\/"},{"@type":"ListItem","position":2,"name":"Boutique","item":"https:\/\/paragaleriedetalborjt.com\/boutique\/"},{"@type":"ListItem","position":3,"name":"Soul Sisters Cr\u00e8me de Nuit R\u00e9novatrice 100ml Violet"}]},{"@type":"WebSite","@id":"https:\/\/paragaleriedetalborjt.com\/#website","url":"https:\/\/paragaleriedetalborjt.com\/","name":"paragaleriedetalborjt","description":"","potentialAction":[{"@type":"SearchAction","target":{"@type":"EntryPoint","urlTemplate":"https:\/\/paragaleriedetalborjt.com\/?s={search_term_string}"},"query-input":{"@type":"PropertyValueSpecification","valueRequired":true,"valueName":"search_term_string"}}],"inLanguage":"en-US"}]}},"brands":[],"_links":{"self":[{"href":"https:\/\/paragaleriedetalborjt.com\/en\/wp-json\/wp\/v2\/product\/35946","targetHints":{"allow":["GET"]}}],"collection":[{"href":"https:\/\/paragaleriedetalborjt.com\/en\/wp-json\/wp\/v2\/product"}],"about":[{"href":"https:\/\/paragaleriedetalborjt.com\/en\/wp-json\/wp\/v2\/types\/product"}],"replies":[{"embeddable":true,"href":"https:\/\/paragaleriedetalborjt.com\/en\/wp-json\/wp\/v2\/comments?post=35946"}],"version-history":[{"count":1,"href":"https:\/\/paragaleriedetalborjt.com\/en\/wp-json\/wp\/v2\/product\/35946\/revisions"}],"predecessor-version":[{"id":35948,"href":"https:\/\/paragaleriedetalborjt.com\/en\/wp-json\/wp\/v2\/product\/35946\/revisions\/35948"}],"wp:featuredmedia":[{"embeddable":true,"href":"https:\/\/paragaleriedetalborjt.com\/en\/wp-json\/wp\/v2\/media\/35947"}],"wp:attachment":[{"href":"https:\/\/paragaleriedetalborjt.com\/en\/wp-json\/wp\/v2\/media?parent=35946"}],"wp:term":[{"taxonomy":"pwb-brand","embeddable":true,"href":"https:\/\/paragaleriedetalborjt.com\/en\/wp-json\/wp\/v2\/pwb-brand?post=35946"},{"taxonomy":"product_cat","embeddable":true,"href":"https:\/\/paragaleriedetalborjt.com\/en\/wp-json\/wp\/v2\/product_cat?post=35946"},{"taxonomy":"product_tag","embeddable":true,"href":"https:\/\/paragaleriedetalborjt.com\/en\/wp-json\/wp\/v2\/product_tag?post=35946"}],"curies":[{"name":"wp","href":"https:\/\/api.w.org\/{rel}","templated":true}]}}