{"id":35901,"date":"2026-01-03T01:57:20","date_gmt":"2026-01-03T00:57:20","guid":{"rendered":"https:\/\/paragaleriedetalborjt.com\/?post_type=product&#038;p=35901"},"modified":"2026-01-03T16:32:15","modified_gmt":"2026-01-03T15:32:15","slug":"anubis-w-whitening-emulsion-melatrx-50ml","status":"publish","type":"product","link":"https:\/\/paragaleriedetalborjt.com\/en\/boutique\/anubis-w-whitening-emulsion-melatrx-50ml\/","title":{"rendered":"Anubis W Whitening Emulsion Melatrx 50ml"},"content":{"rendered":"<div aria-labelledby=\"tab-title-description\" class=\"woocommerce-Tabs-panel woocommerce-Tabs-panel--description panel entry-content wc-tab\" id=\"tab-description\" role=\"tabpanel\" style=\"\">\n<h2>Description<\/h2>\n<p>Indiqu\u00e9 pour tous les types de peau, notamment :<\/p>\n<ul>\n<li>Peau hyperpigment\u00e9e.<\/li>\n<li>Peaux sujettes \u00e0 l\u2019apparition de taches.<\/li>\n<li>Peau jaun\u00e2tre et terne, avec un teint irr\u00e9gulier.<\/li>\n<li>Taches post-acn\u00e9iques.<\/li>\n<li>Peau asphyxi\u00e9e.<\/li>\n<\/ul>\n<\/div>","protected":false},"excerpt":{"rendered":"<p>Highlights:\u00c9mulsion blanchissante d\u00e9pigmentante.\u00c9mulsion \u00e0 effet ultra-\u00e9claircissant et blanchissant intensif. Inhibe la synth\u00e8se de m\u00e9lanine, r\u00e9duisant et pr\u00e9venant l\u2019apparition de taches au niveau \u00e9pidermique. Corrige les irr\u00e9gularit\u00e9s cutan\u00e9es et unifie le teint.<\/p>","protected":false},"featured_media":35902,"comment_status":"open","ping_status":"closed","template":"","meta":[],"pwb-brand":[],"product_cat":[16],"product_tag":[],"class_list":{"0":"post-35901","1":"product","2":"type-product","3":"status-publish","4":"has-post-thumbnail","6":"product_cat-non-classe","7":"pa_brands-anubis","9":"first","10":"instock","11":"sale","12":"shipping-taxable","13":"purchasable","14":"product-type-simple"},"yoast_head":"<!-- This site is optimized with the Yoast SEO plugin v27.5 - https:\/\/yoast.com\/product\/yoast-seo-wordpress\/ -->\n<title>Anubis W Whitening Emulsion Melatrx 50ml - paragaleriedetalborjt<\/title>\n<meta name=\"robots\" content=\"index, follow, max-snippet:-1, max-image-preview:large, max-video-preview:-1\" \/>\n<link rel=\"canonical\" href=\"https:\/\/paragaleriedetalborjt.com\/en\/boutique\/anubis-w-whitening-emulsion-melatrx-50ml\/\" \/>\n<meta property=\"og:locale\" content=\"en_US\" \/>\n<meta property=\"og:type\" content=\"article\" \/>\n<meta property=\"og:title\" content=\"Anubis W Whitening Emulsion Melatrx 50ml - paragaleriedetalborjt\" \/>\n<meta property=\"og:description\" content=\"Highlights:\u00c9mulsion blanchissante d\u00e9pigmentante.\u00c9mulsion \u00e0 effet ultra-\u00e9claircissant et blanchissant intensif. Inhibe la synth\u00e8se de m\u00e9lanine, r\u00e9duisant et pr\u00e9venant l\u2019apparition de taches au niveau \u00e9pidermique. Corrige les irr\u00e9gularit\u00e9s cutan\u00e9es et unifie le teint.\" \/>\n<meta property=\"og:url\" content=\"https:\/\/paragaleriedetalborjt.com\/en\/boutique\/anubis-w-whitening-emulsion-melatrx-50ml\/\" \/>\n<meta property=\"og:site_name\" content=\"paragaleriedetalborjt\" \/>\n<meta property=\"article:modified_time\" content=\"2026-01-03T15:32:15+00:00\" \/>\n<meta property=\"og:image\" content=\"https:\/\/paragaleriedetalborjt.com\/wp-content\/uploads\/2026\/01\/Anubis-W-whitening-emulsion-Melatrx-50ml-600x600-1.jpg\" \/>\n\t<meta property=\"og:image:width\" content=\"600\" \/>\n\t<meta property=\"og:image:height\" content=\"600\" \/>\n\t<meta property=\"og:image:type\" content=\"image\/jpeg\" \/>\n<meta name=\"twitter:card\" content=\"summary_large_image\" \/>\n<script type=\"application\/ld+json\" class=\"yoast-schema-graph\">{\"@context\":\"https:\\\/\\\/schema.org\",\"@graph\":[{\"@type\":\"WebPage\",\"@id\":\"https:\\\/\\\/paragaleriedetalborjt.com\\\/boutique\\\/anubis-w-whitening-emulsion-melatrx-50ml\\\/\",\"url\":\"https:\\\/\\\/paragaleriedetalborjt.com\\\/boutique\\\/anubis-w-whitening-emulsion-melatrx-50ml\\\/\",\"name\":\"Anubis W Whitening Emulsion Melatrx 50ml - paragaleriedetalborjt\",\"isPartOf\":{\"@id\":\"https:\\\/\\\/paragaleriedetalborjt.com\\\/#website\"},\"primaryImageOfPage\":{\"@id\":\"https:\\\/\\\/paragaleriedetalborjt.com\\\/boutique\\\/anubis-w-whitening-emulsion-melatrx-50ml\\\/#primaryimage\"},\"image\":{\"@id\":\"https:\\\/\\\/paragaleriedetalborjt.com\\\/boutique\\\/anubis-w-whitening-emulsion-melatrx-50ml\\\/#primaryimage\"},\"thumbnailUrl\":\"https:\\\/\\\/paragaleriedetalborjt.com\\\/wp-content\\\/uploads\\\/2026\\\/01\\\/Anubis-W-whitening-emulsion-Melatrx-50ml-600x600-1.jpg\",\"datePublished\":\"2026-01-03T00:57:20+00:00\",\"dateModified\":\"2026-01-03T15:32:15+00:00\",\"breadcrumb\":{\"@id\":\"https:\\\/\\\/paragaleriedetalborjt.com\\\/boutique\\\/anubis-w-whitening-emulsion-melatrx-50ml\\\/#breadcrumb\"},\"inLanguage\":\"en-US\",\"potentialAction\":[{\"@type\":\"ReadAction\",\"target\":[\"https:\\\/\\\/paragaleriedetalborjt.com\\\/boutique\\\/anubis-w-whitening-emulsion-melatrx-50ml\\\/\"]}]},{\"@type\":\"ImageObject\",\"inLanguage\":\"en-US\",\"@id\":\"https:\\\/\\\/paragaleriedetalborjt.com\\\/boutique\\\/anubis-w-whitening-emulsion-melatrx-50ml\\\/#primaryimage\",\"url\":\"https:\\\/\\\/paragaleriedetalborjt.com\\\/wp-content\\\/uploads\\\/2026\\\/01\\\/Anubis-W-whitening-emulsion-Melatrx-50ml-600x600-1.jpg\",\"contentUrl\":\"https:\\\/\\\/paragaleriedetalborjt.com\\\/wp-content\\\/uploads\\\/2026\\\/01\\\/Anubis-W-whitening-emulsion-Melatrx-50ml-600x600-1.jpg\",\"width\":600,\"height\":600},{\"@type\":\"BreadcrumbList\",\"@id\":\"https:\\\/\\\/paragaleriedetalborjt.com\\\/boutique\\\/anubis-w-whitening-emulsion-melatrx-50ml\\\/#breadcrumb\",\"itemListElement\":[{\"@type\":\"ListItem\",\"position\":1,\"name\":\"Accueil\",\"item\":\"https:\\\/\\\/paragaleriedetalborjt.com\\\/\"},{\"@type\":\"ListItem\",\"position\":2,\"name\":\"Boutique\",\"item\":\"https:\\\/\\\/paragaleriedetalborjt.com\\\/boutique\\\/\"},{\"@type\":\"ListItem\",\"position\":3,\"name\":\"Anubis W Whitening Emulsion Melatrx 50ml\"}]},{\"@type\":\"WebSite\",\"@id\":\"https:\\\/\\\/paragaleriedetalborjt.com\\\/#website\",\"url\":\"https:\\\/\\\/paragaleriedetalborjt.com\\\/\",\"name\":\"paragaleriedetalborjt\",\"description\":\"\",\"potentialAction\":[{\"@type\":\"SearchAction\",\"target\":{\"@type\":\"EntryPoint\",\"urlTemplate\":\"https:\\\/\\\/paragaleriedetalborjt.com\\\/?s={search_term_string}\"},\"query-input\":{\"@type\":\"PropertyValueSpecification\",\"valueRequired\":true,\"valueName\":\"search_term_string\"}}],\"inLanguage\":\"en-US\"}]}<\/script>\n<!-- \/ Yoast SEO plugin. -->","yoast_head_json":{"title":"Anubis W Whitening Emulsion Melatrx 50ml - paragaleriedetalborjt","robots":{"index":"index","follow":"follow","max-snippet":"max-snippet:-1","max-image-preview":"max-image-preview:large","max-video-preview":"max-video-preview:-1"},"canonical":"https:\/\/paragaleriedetalborjt.com\/en\/boutique\/anubis-w-whitening-emulsion-melatrx-50ml\/","og_locale":"en_US","og_type":"article","og_title":"Anubis W Whitening Emulsion Melatrx 50ml - paragaleriedetalborjt","og_description":"Highlights:\u00c9mulsion blanchissante d\u00e9pigmentante.\u00c9mulsion \u00e0 effet ultra-\u00e9claircissant et blanchissant intensif. Inhibe la synth\u00e8se de m\u00e9lanine, r\u00e9duisant et pr\u00e9venant l\u2019apparition de taches au niveau \u00e9pidermique. Corrige les irr\u00e9gularit\u00e9s cutan\u00e9es et unifie le teint.","og_url":"https:\/\/paragaleriedetalborjt.com\/en\/boutique\/anubis-w-whitening-emulsion-melatrx-50ml\/","og_site_name":"paragaleriedetalborjt","article_modified_time":"2026-01-03T15:32:15+00:00","og_image":[{"width":600,"height":600,"url":"https:\/\/paragaleriedetalborjt.com\/wp-content\/uploads\/2026\/01\/Anubis-W-whitening-emulsion-Melatrx-50ml-600x600-1.jpg","type":"image\/jpeg"}],"twitter_card":"summary_large_image","schema":{"@context":"https:\/\/schema.org","@graph":[{"@type":"WebPage","@id":"https:\/\/paragaleriedetalborjt.com\/boutique\/anubis-w-whitening-emulsion-melatrx-50ml\/","url":"https:\/\/paragaleriedetalborjt.com\/boutique\/anubis-w-whitening-emulsion-melatrx-50ml\/","name":"Anubis W Whitening Emulsion Melatrx 50ml - paragaleriedetalborjt","isPartOf":{"@id":"https:\/\/paragaleriedetalborjt.com\/#website"},"primaryImageOfPage":{"@id":"https:\/\/paragaleriedetalborjt.com\/boutique\/anubis-w-whitening-emulsion-melatrx-50ml\/#primaryimage"},"image":{"@id":"https:\/\/paragaleriedetalborjt.com\/boutique\/anubis-w-whitening-emulsion-melatrx-50ml\/#primaryimage"},"thumbnailUrl":"https:\/\/paragaleriedetalborjt.com\/wp-content\/uploads\/2026\/01\/Anubis-W-whitening-emulsion-Melatrx-50ml-600x600-1.jpg","datePublished":"2026-01-03T00:57:20+00:00","dateModified":"2026-01-03T15:32:15+00:00","breadcrumb":{"@id":"https:\/\/paragaleriedetalborjt.com\/boutique\/anubis-w-whitening-emulsion-melatrx-50ml\/#breadcrumb"},"inLanguage":"en-US","potentialAction":[{"@type":"ReadAction","target":["https:\/\/paragaleriedetalborjt.com\/boutique\/anubis-w-whitening-emulsion-melatrx-50ml\/"]}]},{"@type":"ImageObject","inLanguage":"en-US","@id":"https:\/\/paragaleriedetalborjt.com\/boutique\/anubis-w-whitening-emulsion-melatrx-50ml\/#primaryimage","url":"https:\/\/paragaleriedetalborjt.com\/wp-content\/uploads\/2026\/01\/Anubis-W-whitening-emulsion-Melatrx-50ml-600x600-1.jpg","contentUrl":"https:\/\/paragaleriedetalborjt.com\/wp-content\/uploads\/2026\/01\/Anubis-W-whitening-emulsion-Melatrx-50ml-600x600-1.jpg","width":600,"height":600},{"@type":"BreadcrumbList","@id":"https:\/\/paragaleriedetalborjt.com\/boutique\/anubis-w-whitening-emulsion-melatrx-50ml\/#breadcrumb","itemListElement":[{"@type":"ListItem","position":1,"name":"Accueil","item":"https:\/\/paragaleriedetalborjt.com\/"},{"@type":"ListItem","position":2,"name":"Boutique","item":"https:\/\/paragaleriedetalborjt.com\/boutique\/"},{"@type":"ListItem","position":3,"name":"Anubis W Whitening Emulsion Melatrx 50ml"}]},{"@type":"WebSite","@id":"https:\/\/paragaleriedetalborjt.com\/#website","url":"https:\/\/paragaleriedetalborjt.com\/","name":"paragaleriedetalborjt","description":"","potentialAction":[{"@type":"SearchAction","target":{"@type":"EntryPoint","urlTemplate":"https:\/\/paragaleriedetalborjt.com\/?s={search_term_string}"},"query-input":{"@type":"PropertyValueSpecification","valueRequired":true,"valueName":"search_term_string"}}],"inLanguage":"en-US"}]}},"brands":[],"_links":{"self":[{"href":"https:\/\/paragaleriedetalborjt.com\/en\/wp-json\/wp\/v2\/product\/35901","targetHints":{"allow":["GET"]}}],"collection":[{"href":"https:\/\/paragaleriedetalborjt.com\/en\/wp-json\/wp\/v2\/product"}],"about":[{"href":"https:\/\/paragaleriedetalborjt.com\/en\/wp-json\/wp\/v2\/types\/product"}],"replies":[{"embeddable":true,"href":"https:\/\/paragaleriedetalborjt.com\/en\/wp-json\/wp\/v2\/comments?post=35901"}],"version-history":[{"count":1,"href":"https:\/\/paragaleriedetalborjt.com\/en\/wp-json\/wp\/v2\/product\/35901\/revisions"}],"predecessor-version":[{"id":35903,"href":"https:\/\/paragaleriedetalborjt.com\/en\/wp-json\/wp\/v2\/product\/35901\/revisions\/35903"}],"wp:featuredmedia":[{"embeddable":true,"href":"https:\/\/paragaleriedetalborjt.com\/en\/wp-json\/wp\/v2\/media\/35902"}],"wp:attachment":[{"href":"https:\/\/paragaleriedetalborjt.com\/en\/wp-json\/wp\/v2\/media?parent=35901"}],"wp:term":[{"taxonomy":"pwb-brand","embeddable":true,"href":"https:\/\/paragaleriedetalborjt.com\/en\/wp-json\/wp\/v2\/pwb-brand?post=35901"},{"taxonomy":"product_cat","embeddable":true,"href":"https:\/\/paragaleriedetalborjt.com\/en\/wp-json\/wp\/v2\/product_cat?post=35901"},{"taxonomy":"product_tag","embeddable":true,"href":"https:\/\/paragaleriedetalborjt.com\/en\/wp-json\/wp\/v2\/product_tag?post=35901"}],"curies":[{"name":"wp","href":"https:\/\/api.w.org\/{rel}","templated":true}]}}