{"id":35877,"date":"2026-01-03T01:56:39","date_gmt":"2026-01-03T00:56:39","guid":{"rendered":"https:\/\/paragaleriedetalborjt.com\/?post_type=product&#038;p=35877"},"modified":"2026-01-03T16:32:14","modified_gmt":"2026-01-03T15:32:14","slug":"nuggela-sule-hair-regenrator-ampoules-4-unites-pack","status":"publish","type":"product","link":"https:\/\/paragaleriedetalborjt.com\/en\/boutique\/nuggela-sule-hair-regenrator-ampoules-4-unites-pack\/","title":{"rendered":"Nuggela &#038; Sule Hair Regenrator Ampoules 4 Unites Pack"},"content":{"rendered":"<div aria-labelledby=\"tab-title-description\" class=\"woocommerce-Tabs-panel woocommerce-Tabs-panel--description panel entry-content wc-tab\" id=\"tab-description\" role=\"tabpanel\" style=\"\">\n<h2>Description<\/h2>\n<p><span>Un puissant m\u00e9lange d\u2019ingr\u00e9dients actifs, avec des vitamines et des micronutriments enrichis de Maca andine, l\u2019un des meilleurs revitalisants naturels pour la densit\u00e9 et la croissance des cheveux.<\/span><\/p>\n<p>\u00a0<\/p>\n<p><strong><span>\u2013 Ampoule individuelle (10ml) : cure de 1 semaine<\/span><\/strong><\/p>\n<p><strong><span>\u2013 Pack de 4 ampoules unitaires (10 ml) : 1 mois de traitement<\/span><\/strong><\/p>\n<p><strong><span>UTILISATION\u00a0:\u00a0<\/span><\/strong><span>Il est recommand\u00e9 d\u2019appliquer le soin de pr\u00e9f\u00e9rence le soir sur cheveux propres une fois par semaine. Il peut \u00eatre appliqu\u00e9 sur cheveux secs ou humides. R\u00e9sultats visibles dans les 3 semaines suivant son utilisation.<\/span><\/p>\n<p><strong><span>INDICATIONS\u00a0:<\/span><\/strong><span>\u00a0Pour tous les types de cheveux. Surtout pour les cheveux fragiles et cassants avec des zones d\u00e9garnies. Indiqu\u00e9 pour r\u00e9g\u00e9n\u00e9rer les zones chauves ou pour un traitement apr\u00e8s la chute des cheveux.<\/span><\/p>\n<p><strong><span>PARFUM\u00a0:<\/span><\/strong><span>\u00a0Sans odeur.<\/span><\/p>\n<p><strong><span>ATTENTIONS\u00a0:<\/span><\/strong><span>\u00a0Pour usage externe uniquement. Ne pas avaler. Ne pas injecter. Tenir hors de port\u00e9e des enfants. En cas de contact avec les yeux, rincer imm\u00e9diatement et abondamment \u00e0 l\u2019eau.<\/span><\/p>\n<p><strong><span>AUTRES INFORMATIONS\u00a0:<\/span><\/strong>\u00a0<span>Test\u00e9 dermatologiquement \/ Sans danger pour la grossesse.<\/span><\/p>\n<\/div>","protected":false},"excerpt":{"rendered":"<p>Highlights:Ampoules r\u00e9g\u00e9n\u00e9ratrices capillaires, paquets de 4 unit\u00e9sLe plus efficace pour r\u00e9g\u00e9n\u00e9rer les cheveux.<\/p>","protected":false},"featured_media":35878,"comment_status":"open","ping_status":"closed","template":"","meta":[],"pwb-brand":[],"product_cat":[16],"product_tag":[],"class_list":{"0":"post-35877","1":"product","2":"type-product","3":"status-publish","4":"has-post-thumbnail","6":"product_cat-non-classe","7":"pa_brands-nuggela-and-sule","9":"first","10":"instock","11":"sale","12":"shipping-taxable","13":"purchasable","14":"product-type-simple"},"yoast_head":"<!-- This site is optimized with the Yoast SEO plugin v27.5 - https:\/\/yoast.com\/product\/yoast-seo-wordpress\/ -->\n<title>Nuggela &amp; Sule Hair Regenrator Ampoules 4 Unites Pack - paragaleriedetalborjt<\/title>\n<meta name=\"robots\" content=\"index, follow, max-snippet:-1, max-image-preview:large, max-video-preview:-1\" \/>\n<link rel=\"canonical\" href=\"https:\/\/paragaleriedetalborjt.com\/en\/boutique\/nuggela-sule-hair-regenrator-ampoules-4-unites-pack\/\" \/>\n<meta property=\"og:locale\" content=\"en_US\" \/>\n<meta property=\"og:type\" content=\"article\" \/>\n<meta property=\"og:title\" content=\"Nuggela &amp; Sule Hair Regenrator Ampoules 4 Unites Pack - paragaleriedetalborjt\" \/>\n<meta property=\"og:description\" content=\"Highlights:Ampoules r\u00e9g\u00e9n\u00e9ratrices capillaires, paquets de 4 unit\u00e9sLe plus efficace pour r\u00e9g\u00e9n\u00e9rer les cheveux.\" \/>\n<meta property=\"og:url\" content=\"https:\/\/paragaleriedetalborjt.com\/en\/boutique\/nuggela-sule-hair-regenrator-ampoules-4-unites-pack\/\" \/>\n<meta property=\"og:site_name\" content=\"paragaleriedetalborjt\" \/>\n<meta property=\"article:modified_time\" content=\"2026-01-03T15:32:14+00:00\" \/>\n<meta property=\"og:image\" content=\"https:\/\/paragaleriedetalborjt.com\/wp-content\/uploads\/2026\/01\/Nuggela-sule-hair-regenrator-ampoules-4-unites-pack-600x600-1.jpg\" \/>\n\t<meta property=\"og:image:width\" content=\"600\" \/>\n\t<meta property=\"og:image:height\" content=\"600\" \/>\n\t<meta property=\"og:image:type\" content=\"image\/jpeg\" \/>\n<meta name=\"twitter:card\" content=\"summary_large_image\" \/>\n<meta name=\"twitter:label1\" content=\"Est. reading time\" \/>\n\t<meta name=\"twitter:data1\" content=\"1 minute\" \/>\n<script type=\"application\/ld+json\" class=\"yoast-schema-graph\">{\"@context\":\"https:\\\/\\\/schema.org\",\"@graph\":[{\"@type\":\"WebPage\",\"@id\":\"https:\\\/\\\/paragaleriedetalborjt.com\\\/boutique\\\/nuggela-sule-hair-regenrator-ampoules-4-unites-pack\\\/\",\"url\":\"https:\\\/\\\/paragaleriedetalborjt.com\\\/boutique\\\/nuggela-sule-hair-regenrator-ampoules-4-unites-pack\\\/\",\"name\":\"Nuggela & Sule Hair Regenrator Ampoules 4 Unites Pack - paragaleriedetalborjt\",\"isPartOf\":{\"@id\":\"https:\\\/\\\/paragaleriedetalborjt.com\\\/#website\"},\"primaryImageOfPage\":{\"@id\":\"https:\\\/\\\/paragaleriedetalborjt.com\\\/boutique\\\/nuggela-sule-hair-regenrator-ampoules-4-unites-pack\\\/#primaryimage\"},\"image\":{\"@id\":\"https:\\\/\\\/paragaleriedetalborjt.com\\\/boutique\\\/nuggela-sule-hair-regenrator-ampoules-4-unites-pack\\\/#primaryimage\"},\"thumbnailUrl\":\"https:\\\/\\\/paragaleriedetalborjt.com\\\/wp-content\\\/uploads\\\/2026\\\/01\\\/Nuggela-sule-hair-regenrator-ampoules-4-unites-pack-600x600-1.jpg\",\"datePublished\":\"2026-01-03T00:56:39+00:00\",\"dateModified\":\"2026-01-03T15:32:14+00:00\",\"breadcrumb\":{\"@id\":\"https:\\\/\\\/paragaleriedetalborjt.com\\\/boutique\\\/nuggela-sule-hair-regenrator-ampoules-4-unites-pack\\\/#breadcrumb\"},\"inLanguage\":\"en-US\",\"potentialAction\":[{\"@type\":\"ReadAction\",\"target\":[\"https:\\\/\\\/paragaleriedetalborjt.com\\\/boutique\\\/nuggela-sule-hair-regenrator-ampoules-4-unites-pack\\\/\"]}]},{\"@type\":\"ImageObject\",\"inLanguage\":\"en-US\",\"@id\":\"https:\\\/\\\/paragaleriedetalborjt.com\\\/boutique\\\/nuggela-sule-hair-regenrator-ampoules-4-unites-pack\\\/#primaryimage\",\"url\":\"https:\\\/\\\/paragaleriedetalborjt.com\\\/wp-content\\\/uploads\\\/2026\\\/01\\\/Nuggela-sule-hair-regenrator-ampoules-4-unites-pack-600x600-1.jpg\",\"contentUrl\":\"https:\\\/\\\/paragaleriedetalborjt.com\\\/wp-content\\\/uploads\\\/2026\\\/01\\\/Nuggela-sule-hair-regenrator-ampoules-4-unites-pack-600x600-1.jpg\",\"width\":600,\"height\":600},{\"@type\":\"BreadcrumbList\",\"@id\":\"https:\\\/\\\/paragaleriedetalborjt.com\\\/boutique\\\/nuggela-sule-hair-regenrator-ampoules-4-unites-pack\\\/#breadcrumb\",\"itemListElement\":[{\"@type\":\"ListItem\",\"position\":1,\"name\":\"Accueil\",\"item\":\"https:\\\/\\\/paragaleriedetalborjt.com\\\/\"},{\"@type\":\"ListItem\",\"position\":2,\"name\":\"Boutique\",\"item\":\"https:\\\/\\\/paragaleriedetalborjt.com\\\/boutique\\\/\"},{\"@type\":\"ListItem\",\"position\":3,\"name\":\"Nuggela &#038; Sule Hair Regenrator Ampoules 4 Unites Pack\"}]},{\"@type\":\"WebSite\",\"@id\":\"https:\\\/\\\/paragaleriedetalborjt.com\\\/#website\",\"url\":\"https:\\\/\\\/paragaleriedetalborjt.com\\\/\",\"name\":\"paragaleriedetalborjt\",\"description\":\"\",\"potentialAction\":[{\"@type\":\"SearchAction\",\"target\":{\"@type\":\"EntryPoint\",\"urlTemplate\":\"https:\\\/\\\/paragaleriedetalborjt.com\\\/?s={search_term_string}\"},\"query-input\":{\"@type\":\"PropertyValueSpecification\",\"valueRequired\":true,\"valueName\":\"search_term_string\"}}],\"inLanguage\":\"en-US\"}]}<\/script>\n<!-- \/ Yoast SEO plugin. -->","yoast_head_json":{"title":"Nuggela & Sule Hair Regenrator Ampoules 4 Unites Pack - paragaleriedetalborjt","robots":{"index":"index","follow":"follow","max-snippet":"max-snippet:-1","max-image-preview":"max-image-preview:large","max-video-preview":"max-video-preview:-1"},"canonical":"https:\/\/paragaleriedetalborjt.com\/en\/boutique\/nuggela-sule-hair-regenrator-ampoules-4-unites-pack\/","og_locale":"en_US","og_type":"article","og_title":"Nuggela & Sule Hair Regenrator Ampoules 4 Unites Pack - paragaleriedetalborjt","og_description":"Highlights:Ampoules r\u00e9g\u00e9n\u00e9ratrices capillaires, paquets de 4 unit\u00e9sLe plus efficace pour r\u00e9g\u00e9n\u00e9rer les cheveux.","og_url":"https:\/\/paragaleriedetalborjt.com\/en\/boutique\/nuggela-sule-hair-regenrator-ampoules-4-unites-pack\/","og_site_name":"paragaleriedetalborjt","article_modified_time":"2026-01-03T15:32:14+00:00","og_image":[{"width":600,"height":600,"url":"https:\/\/paragaleriedetalborjt.com\/wp-content\/uploads\/2026\/01\/Nuggela-sule-hair-regenrator-ampoules-4-unites-pack-600x600-1.jpg","type":"image\/jpeg"}],"twitter_card":"summary_large_image","twitter_misc":{"Est. reading time":"1 minute"},"schema":{"@context":"https:\/\/schema.org","@graph":[{"@type":"WebPage","@id":"https:\/\/paragaleriedetalborjt.com\/boutique\/nuggela-sule-hair-regenrator-ampoules-4-unites-pack\/","url":"https:\/\/paragaleriedetalborjt.com\/boutique\/nuggela-sule-hair-regenrator-ampoules-4-unites-pack\/","name":"Nuggela & Sule Hair Regenrator Ampoules 4 Unites Pack - paragaleriedetalborjt","isPartOf":{"@id":"https:\/\/paragaleriedetalborjt.com\/#website"},"primaryImageOfPage":{"@id":"https:\/\/paragaleriedetalborjt.com\/boutique\/nuggela-sule-hair-regenrator-ampoules-4-unites-pack\/#primaryimage"},"image":{"@id":"https:\/\/paragaleriedetalborjt.com\/boutique\/nuggela-sule-hair-regenrator-ampoules-4-unites-pack\/#primaryimage"},"thumbnailUrl":"https:\/\/paragaleriedetalborjt.com\/wp-content\/uploads\/2026\/01\/Nuggela-sule-hair-regenrator-ampoules-4-unites-pack-600x600-1.jpg","datePublished":"2026-01-03T00:56:39+00:00","dateModified":"2026-01-03T15:32:14+00:00","breadcrumb":{"@id":"https:\/\/paragaleriedetalborjt.com\/boutique\/nuggela-sule-hair-regenrator-ampoules-4-unites-pack\/#breadcrumb"},"inLanguage":"en-US","potentialAction":[{"@type":"ReadAction","target":["https:\/\/paragaleriedetalborjt.com\/boutique\/nuggela-sule-hair-regenrator-ampoules-4-unites-pack\/"]}]},{"@type":"ImageObject","inLanguage":"en-US","@id":"https:\/\/paragaleriedetalborjt.com\/boutique\/nuggela-sule-hair-regenrator-ampoules-4-unites-pack\/#primaryimage","url":"https:\/\/paragaleriedetalborjt.com\/wp-content\/uploads\/2026\/01\/Nuggela-sule-hair-regenrator-ampoules-4-unites-pack-600x600-1.jpg","contentUrl":"https:\/\/paragaleriedetalborjt.com\/wp-content\/uploads\/2026\/01\/Nuggela-sule-hair-regenrator-ampoules-4-unites-pack-600x600-1.jpg","width":600,"height":600},{"@type":"BreadcrumbList","@id":"https:\/\/paragaleriedetalborjt.com\/boutique\/nuggela-sule-hair-regenrator-ampoules-4-unites-pack\/#breadcrumb","itemListElement":[{"@type":"ListItem","position":1,"name":"Accueil","item":"https:\/\/paragaleriedetalborjt.com\/"},{"@type":"ListItem","position":2,"name":"Boutique","item":"https:\/\/paragaleriedetalborjt.com\/boutique\/"},{"@type":"ListItem","position":3,"name":"Nuggela &#038; Sule Hair Regenrator Ampoules 4 Unites Pack"}]},{"@type":"WebSite","@id":"https:\/\/paragaleriedetalborjt.com\/#website","url":"https:\/\/paragaleriedetalborjt.com\/","name":"paragaleriedetalborjt","description":"","potentialAction":[{"@type":"SearchAction","target":{"@type":"EntryPoint","urlTemplate":"https:\/\/paragaleriedetalborjt.com\/?s={search_term_string}"},"query-input":{"@type":"PropertyValueSpecification","valueRequired":true,"valueName":"search_term_string"}}],"inLanguage":"en-US"}]}},"brands":[],"_links":{"self":[{"href":"https:\/\/paragaleriedetalborjt.com\/en\/wp-json\/wp\/v2\/product\/35877","targetHints":{"allow":["GET"]}}],"collection":[{"href":"https:\/\/paragaleriedetalborjt.com\/en\/wp-json\/wp\/v2\/product"}],"about":[{"href":"https:\/\/paragaleriedetalborjt.com\/en\/wp-json\/wp\/v2\/types\/product"}],"replies":[{"embeddable":true,"href":"https:\/\/paragaleriedetalborjt.com\/en\/wp-json\/wp\/v2\/comments?post=35877"}],"version-history":[{"count":1,"href":"https:\/\/paragaleriedetalborjt.com\/en\/wp-json\/wp\/v2\/product\/35877\/revisions"}],"predecessor-version":[{"id":35879,"href":"https:\/\/paragaleriedetalborjt.com\/en\/wp-json\/wp\/v2\/product\/35877\/revisions\/35879"}],"wp:featuredmedia":[{"embeddable":true,"href":"https:\/\/paragaleriedetalborjt.com\/en\/wp-json\/wp\/v2\/media\/35878"}],"wp:attachment":[{"href":"https:\/\/paragaleriedetalborjt.com\/en\/wp-json\/wp\/v2\/media?parent=35877"}],"wp:term":[{"taxonomy":"pwb-brand","embeddable":true,"href":"https:\/\/paragaleriedetalborjt.com\/en\/wp-json\/wp\/v2\/pwb-brand?post=35877"},{"taxonomy":"product_cat","embeddable":true,"href":"https:\/\/paragaleriedetalborjt.com\/en\/wp-json\/wp\/v2\/product_cat?post=35877"},{"taxonomy":"product_tag","embeddable":true,"href":"https:\/\/paragaleriedetalborjt.com\/en\/wp-json\/wp\/v2\/product_tag?post=35877"}],"curies":[{"name":"wp","href":"https:\/\/api.w.org\/{rel}","templated":true}]}}