{"id":35844,"date":"2026-01-03T01:55:36","date_gmt":"2026-01-03T00:55:36","guid":{"rendered":"https:\/\/paragaleriedetalborjt.com\/?post_type=product&#038;p=35844"},"modified":"2026-01-03T16:32:10","modified_gmt":"2026-01-03T15:32:10","slug":"nuggela-sule-shampoing-premium-polynesie-keratine-250ml","status":"publish","type":"product","link":"https:\/\/paragaleriedetalborjt.com\/en\/boutique\/nuggela-sule-shampoing-premium-polynesie-keratine-250ml\/","title":{"rendered":"Nuggela &#038; Sule Shampoing Premium Polyn\u00e9sie-K\u00e9ratine 250ml"},"content":{"rendered":"<div aria-labelledby=\"tab-title-description\" class=\"woocommerce-Tabs-panel woocommerce-Tabs-panel--description panel entry-content wc-tab\" id=\"tab-description\" role=\"tabpanel\" style=\"\">\n<h2>Description<\/h2>\n<h1><span>Shampooing Premium Polyn\u00e9sie-K\u00e9ratine de Nuggela &amp; Sul\u00e9<\/span><\/h1>\n<h4><strong><span>LE MEILLEUR SHAMPOOING \u00c0 LA K\u00c9RATINE<\/span><\/strong><\/h4>\n<p><span>Le\u00a0<\/span><strong><span>Shampooing Polyn\u00e9sie-K\u00e9ratine<\/span><\/strong><span>\u00a0renforce de la fibre capillaire jusqu\u2019au follicule pileux am\u00e9liorant sa vitalit\u00e9 int\u00e9rieure et ext\u00e9rieure. Un soin riche en prot\u00e9ines destin\u00e9 \u00e0 restaurer et r\u00e9g\u00e9n\u00e9rer la fibre capillaire. Il est fortement recommand\u00e9 apr\u00e8s un traitement \u00e0 la K\u00e9ratine, au Botox capillaire ou \u00e0 l\u2019Acide Hyaluronique.<\/span><\/p>\n<p class=\"title_charasteritcs\"><span>AVANTAGES<\/span><\/p>\n<p class=\"description_charasteritcs\"><span>\u00b7 Reconstruit la fibre capillaire<\/span><br \/>\n<span>\u00b7 Restaure la brillance naturelle<\/span><br \/>\n<span>\u00b7 Scelle la cuticule et les pointes des cheveux<\/span><br \/>\n<span>\u00b7 Volume suppl\u00e9mentaire et contr\u00f4le les frisottis des cheveux<\/span><br \/>\n<span>\u00b7 Action anti-chute<\/span><\/p>\n<\/div>","protected":false},"excerpt":{"rendered":"<p>Highlights:Le meilleur shampooing \u00e0 la k\u00e9ratine-Traitement riche en prot\u00e9ines pour renforcer et revitaliser.Fortement recommand\u00e9 pour un traitement apr\u00e8s k\u00e9ratine, Botox capillaire ou hyaluronique, car il affine et prolonge les effets du traitement.<\/p>","protected":false},"featured_media":35845,"comment_status":"open","ping_status":"closed","template":"","meta":[],"pwb-brand":[],"product_cat":[16],"product_tag":[],"class_list":{"0":"post-35844","1":"product","2":"type-product","3":"status-publish","4":"has-post-thumbnail","6":"product_cat-non-classe","7":"pa_brands-nuggela-and-sule","9":"first","10":"instock","11":"sale","12":"shipping-taxable","13":"purchasable","14":"product-type-simple"},"yoast_head":"<!-- This site is optimized with the Yoast SEO plugin v27.5 - https:\/\/yoast.com\/product\/yoast-seo-wordpress\/ -->\n<title>Nuggela &amp; Sule Shampoing Premium Polyn\u00e9sie-K\u00e9ratine 250ml - paragaleriedetalborjt<\/title>\n<meta name=\"robots\" content=\"index, follow, max-snippet:-1, max-image-preview:large, max-video-preview:-1\" \/>\n<link rel=\"canonical\" href=\"https:\/\/paragaleriedetalborjt.com\/en\/boutique\/nuggela-sule-shampoing-premium-polynesie-keratine-250ml\/\" \/>\n<meta property=\"og:locale\" content=\"en_US\" \/>\n<meta property=\"og:type\" content=\"article\" \/>\n<meta property=\"og:title\" content=\"Nuggela &amp; Sule Shampoing Premium Polyn\u00e9sie-K\u00e9ratine 250ml - paragaleriedetalborjt\" \/>\n<meta property=\"og:description\" content=\"Highlights:Le meilleur shampooing \u00e0 la k\u00e9ratine-Traitement riche en prot\u00e9ines pour renforcer et revitaliser.Fortement recommand\u00e9 pour un traitement apr\u00e8s k\u00e9ratine, Botox capillaire ou hyaluronique, car il affine et prolonge les effets du traitement.\" \/>\n<meta property=\"og:url\" content=\"https:\/\/paragaleriedetalborjt.com\/en\/boutique\/nuggela-sule-shampoing-premium-polynesie-keratine-250ml\/\" \/>\n<meta property=\"og:site_name\" content=\"paragaleriedetalborjt\" \/>\n<meta property=\"article:modified_time\" content=\"2026-01-03T15:32:10+00:00\" \/>\n<meta property=\"og:image\" content=\"https:\/\/paragaleriedetalborjt.com\/wp-content\/uploads\/2026\/01\/Nuggela-sule-shmap-polynesia-premium-250ml-600x600-1.jpg\" \/>\n\t<meta property=\"og:image:width\" content=\"600\" \/>\n\t<meta property=\"og:image:height\" content=\"600\" \/>\n\t<meta property=\"og:image:type\" content=\"image\/jpeg\" \/>\n<meta name=\"twitter:card\" content=\"summary_large_image\" \/>\n<meta name=\"twitter:label1\" content=\"Est. reading time\" \/>\n\t<meta name=\"twitter:data1\" content=\"1 minute\" \/>\n<script type=\"application\/ld+json\" class=\"yoast-schema-graph\">{\"@context\":\"https:\\\/\\\/schema.org\",\"@graph\":[{\"@type\":\"WebPage\",\"@id\":\"https:\\\/\\\/paragaleriedetalborjt.com\\\/boutique\\\/nuggela-sule-shampoing-premium-polynesie-keratine-250ml\\\/\",\"url\":\"https:\\\/\\\/paragaleriedetalborjt.com\\\/boutique\\\/nuggela-sule-shampoing-premium-polynesie-keratine-250ml\\\/\",\"name\":\"Nuggela & Sule Shampoing Premium Polyn\u00e9sie-K\u00e9ratine 250ml - paragaleriedetalborjt\",\"isPartOf\":{\"@id\":\"https:\\\/\\\/paragaleriedetalborjt.com\\\/#website\"},\"primaryImageOfPage\":{\"@id\":\"https:\\\/\\\/paragaleriedetalborjt.com\\\/boutique\\\/nuggela-sule-shampoing-premium-polynesie-keratine-250ml\\\/#primaryimage\"},\"image\":{\"@id\":\"https:\\\/\\\/paragaleriedetalborjt.com\\\/boutique\\\/nuggela-sule-shampoing-premium-polynesie-keratine-250ml\\\/#primaryimage\"},\"thumbnailUrl\":\"https:\\\/\\\/paragaleriedetalborjt.com\\\/wp-content\\\/uploads\\\/2026\\\/01\\\/Nuggela-sule-shmap-polynesia-premium-250ml-600x600-1.jpg\",\"datePublished\":\"2026-01-03T00:55:36+00:00\",\"dateModified\":\"2026-01-03T15:32:10+00:00\",\"breadcrumb\":{\"@id\":\"https:\\\/\\\/paragaleriedetalborjt.com\\\/boutique\\\/nuggela-sule-shampoing-premium-polynesie-keratine-250ml\\\/#breadcrumb\"},\"inLanguage\":\"en-US\",\"potentialAction\":[{\"@type\":\"ReadAction\",\"target\":[\"https:\\\/\\\/paragaleriedetalborjt.com\\\/boutique\\\/nuggela-sule-shampoing-premium-polynesie-keratine-250ml\\\/\"]}]},{\"@type\":\"ImageObject\",\"inLanguage\":\"en-US\",\"@id\":\"https:\\\/\\\/paragaleriedetalborjt.com\\\/boutique\\\/nuggela-sule-shampoing-premium-polynesie-keratine-250ml\\\/#primaryimage\",\"url\":\"https:\\\/\\\/paragaleriedetalborjt.com\\\/wp-content\\\/uploads\\\/2026\\\/01\\\/Nuggela-sule-shmap-polynesia-premium-250ml-600x600-1.jpg\",\"contentUrl\":\"https:\\\/\\\/paragaleriedetalborjt.com\\\/wp-content\\\/uploads\\\/2026\\\/01\\\/Nuggela-sule-shmap-polynesia-premium-250ml-600x600-1.jpg\",\"width\":600,\"height\":600},{\"@type\":\"BreadcrumbList\",\"@id\":\"https:\\\/\\\/paragaleriedetalborjt.com\\\/boutique\\\/nuggela-sule-shampoing-premium-polynesie-keratine-250ml\\\/#breadcrumb\",\"itemListElement\":[{\"@type\":\"ListItem\",\"position\":1,\"name\":\"Accueil\",\"item\":\"https:\\\/\\\/paragaleriedetalborjt.com\\\/\"},{\"@type\":\"ListItem\",\"position\":2,\"name\":\"Boutique\",\"item\":\"https:\\\/\\\/paragaleriedetalborjt.com\\\/boutique\\\/\"},{\"@type\":\"ListItem\",\"position\":3,\"name\":\"Nuggela &#038; Sule Shampoing Premium Polyn\u00e9sie-K\u00e9ratine 250ml\"}]},{\"@type\":\"WebSite\",\"@id\":\"https:\\\/\\\/paragaleriedetalborjt.com\\\/#website\",\"url\":\"https:\\\/\\\/paragaleriedetalborjt.com\\\/\",\"name\":\"paragaleriedetalborjt\",\"description\":\"\",\"potentialAction\":[{\"@type\":\"SearchAction\",\"target\":{\"@type\":\"EntryPoint\",\"urlTemplate\":\"https:\\\/\\\/paragaleriedetalborjt.com\\\/?s={search_term_string}\"},\"query-input\":{\"@type\":\"PropertyValueSpecification\",\"valueRequired\":true,\"valueName\":\"search_term_string\"}}],\"inLanguage\":\"en-US\"}]}<\/script>\n<!-- \/ Yoast SEO plugin. -->","yoast_head_json":{"title":"Nuggela & Sule Shampoing Premium Polyn\u00e9sie-K\u00e9ratine 250ml - paragaleriedetalborjt","robots":{"index":"index","follow":"follow","max-snippet":"max-snippet:-1","max-image-preview":"max-image-preview:large","max-video-preview":"max-video-preview:-1"},"canonical":"https:\/\/paragaleriedetalborjt.com\/en\/boutique\/nuggela-sule-shampoing-premium-polynesie-keratine-250ml\/","og_locale":"en_US","og_type":"article","og_title":"Nuggela & Sule Shampoing Premium Polyn\u00e9sie-K\u00e9ratine 250ml - paragaleriedetalborjt","og_description":"Highlights:Le meilleur shampooing \u00e0 la k\u00e9ratine-Traitement riche en prot\u00e9ines pour renforcer et revitaliser.Fortement recommand\u00e9 pour un traitement apr\u00e8s k\u00e9ratine, Botox capillaire ou hyaluronique, car il affine et prolonge les effets du traitement.","og_url":"https:\/\/paragaleriedetalborjt.com\/en\/boutique\/nuggela-sule-shampoing-premium-polynesie-keratine-250ml\/","og_site_name":"paragaleriedetalborjt","article_modified_time":"2026-01-03T15:32:10+00:00","og_image":[{"width":600,"height":600,"url":"https:\/\/paragaleriedetalborjt.com\/wp-content\/uploads\/2026\/01\/Nuggela-sule-shmap-polynesia-premium-250ml-600x600-1.jpg","type":"image\/jpeg"}],"twitter_card":"summary_large_image","twitter_misc":{"Est. reading time":"1 minute"},"schema":{"@context":"https:\/\/schema.org","@graph":[{"@type":"WebPage","@id":"https:\/\/paragaleriedetalborjt.com\/boutique\/nuggela-sule-shampoing-premium-polynesie-keratine-250ml\/","url":"https:\/\/paragaleriedetalborjt.com\/boutique\/nuggela-sule-shampoing-premium-polynesie-keratine-250ml\/","name":"Nuggela & Sule Shampoing Premium Polyn\u00e9sie-K\u00e9ratine 250ml - paragaleriedetalborjt","isPartOf":{"@id":"https:\/\/paragaleriedetalborjt.com\/#website"},"primaryImageOfPage":{"@id":"https:\/\/paragaleriedetalborjt.com\/boutique\/nuggela-sule-shampoing-premium-polynesie-keratine-250ml\/#primaryimage"},"image":{"@id":"https:\/\/paragaleriedetalborjt.com\/boutique\/nuggela-sule-shampoing-premium-polynesie-keratine-250ml\/#primaryimage"},"thumbnailUrl":"https:\/\/paragaleriedetalborjt.com\/wp-content\/uploads\/2026\/01\/Nuggela-sule-shmap-polynesia-premium-250ml-600x600-1.jpg","datePublished":"2026-01-03T00:55:36+00:00","dateModified":"2026-01-03T15:32:10+00:00","breadcrumb":{"@id":"https:\/\/paragaleriedetalborjt.com\/boutique\/nuggela-sule-shampoing-premium-polynesie-keratine-250ml\/#breadcrumb"},"inLanguage":"en-US","potentialAction":[{"@type":"ReadAction","target":["https:\/\/paragaleriedetalborjt.com\/boutique\/nuggela-sule-shampoing-premium-polynesie-keratine-250ml\/"]}]},{"@type":"ImageObject","inLanguage":"en-US","@id":"https:\/\/paragaleriedetalborjt.com\/boutique\/nuggela-sule-shampoing-premium-polynesie-keratine-250ml\/#primaryimage","url":"https:\/\/paragaleriedetalborjt.com\/wp-content\/uploads\/2026\/01\/Nuggela-sule-shmap-polynesia-premium-250ml-600x600-1.jpg","contentUrl":"https:\/\/paragaleriedetalborjt.com\/wp-content\/uploads\/2026\/01\/Nuggela-sule-shmap-polynesia-premium-250ml-600x600-1.jpg","width":600,"height":600},{"@type":"BreadcrumbList","@id":"https:\/\/paragaleriedetalborjt.com\/boutique\/nuggela-sule-shampoing-premium-polynesie-keratine-250ml\/#breadcrumb","itemListElement":[{"@type":"ListItem","position":1,"name":"Accueil","item":"https:\/\/paragaleriedetalborjt.com\/"},{"@type":"ListItem","position":2,"name":"Boutique","item":"https:\/\/paragaleriedetalborjt.com\/boutique\/"},{"@type":"ListItem","position":3,"name":"Nuggela &#038; Sule Shampoing Premium Polyn\u00e9sie-K\u00e9ratine 250ml"}]},{"@type":"WebSite","@id":"https:\/\/paragaleriedetalborjt.com\/#website","url":"https:\/\/paragaleriedetalborjt.com\/","name":"paragaleriedetalborjt","description":"","potentialAction":[{"@type":"SearchAction","target":{"@type":"EntryPoint","urlTemplate":"https:\/\/paragaleriedetalborjt.com\/?s={search_term_string}"},"query-input":{"@type":"PropertyValueSpecification","valueRequired":true,"valueName":"search_term_string"}}],"inLanguage":"en-US"}]}},"brands":[],"_links":{"self":[{"href":"https:\/\/paragaleriedetalborjt.com\/en\/wp-json\/wp\/v2\/product\/35844","targetHints":{"allow":["GET"]}}],"collection":[{"href":"https:\/\/paragaleriedetalborjt.com\/en\/wp-json\/wp\/v2\/product"}],"about":[{"href":"https:\/\/paragaleriedetalborjt.com\/en\/wp-json\/wp\/v2\/types\/product"}],"replies":[{"embeddable":true,"href":"https:\/\/paragaleriedetalborjt.com\/en\/wp-json\/wp\/v2\/comments?post=35844"}],"version-history":[{"count":1,"href":"https:\/\/paragaleriedetalborjt.com\/en\/wp-json\/wp\/v2\/product\/35844\/revisions"}],"predecessor-version":[{"id":35846,"href":"https:\/\/paragaleriedetalborjt.com\/en\/wp-json\/wp\/v2\/product\/35844\/revisions\/35846"}],"wp:featuredmedia":[{"embeddable":true,"href":"https:\/\/paragaleriedetalborjt.com\/en\/wp-json\/wp\/v2\/media\/35845"}],"wp:attachment":[{"href":"https:\/\/paragaleriedetalborjt.com\/en\/wp-json\/wp\/v2\/media?parent=35844"}],"wp:term":[{"taxonomy":"pwb-brand","embeddable":true,"href":"https:\/\/paragaleriedetalborjt.com\/en\/wp-json\/wp\/v2\/pwb-brand?post=35844"},{"taxonomy":"product_cat","embeddable":true,"href":"https:\/\/paragaleriedetalborjt.com\/en\/wp-json\/wp\/v2\/product_cat?post=35844"},{"taxonomy":"product_tag","embeddable":true,"href":"https:\/\/paragaleriedetalborjt.com\/en\/wp-json\/wp\/v2\/product_tag?post=35844"}],"curies":[{"name":"wp","href":"https:\/\/api.w.org\/{rel}","templated":true}]}}