{"id":35814,"date":"2026-01-03T01:54:43","date_gmt":"2026-01-03T00:54:43","guid":{"rendered":"https:\/\/paragaleriedetalborjt.com\/?post_type=product&#038;p=35814"},"modified":"2026-01-03T16:32:08","modified_gmt":"2026-01-03T15:32:08","slug":"palmers-cocoa-butter-hand-cream-96g","status":"publish","type":"product","link":"https:\/\/paragaleriedetalborjt.com\/en\/boutique\/palmers-cocoa-butter-hand-cream-96g\/","title":{"rendered":"Palmer\u2019s Cocoa Butter Hand Cream 96g"},"content":{"rendered":"<div aria-labelledby=\"tab-title-description\" class=\"woocommerce-Tabs-panel woocommerce-Tabs-panel--description panel entry-content wc-tab\" id=\"tab-description\" role=\"tabpanel\" style=\"\">\n<h2>Description<\/h2>\n<p><span>Avantages:<\/span><\/p>\n<ul>\n<li><span>Gu\u00e9rit et amp; Adoucit la peau rugueuse et s\u00e8che avec du beurre de cacao naturel et de la vitamine E pour une peau d\u2019apparence plus saine.\u00a0<\/span><\/li>\n<li><span>48 heures d\u2019humidit\u00e9<\/span><\/li>\n<li><span>Vegan Friendly \u2013 Aucun ingr\u00e9dient animal ni test<\/span><\/li>\n<li><span>Recommand\u00e9 par les dermatologues, convient aux peaux sujettes \u00e0 l\u2019ecz\u00e9ma<\/span><\/li>\n<li><span>Sans parab\u00e8nes, ni phtalates<\/span><\/li>\n<li><span>La marque am\u00e9ricaine de beurre de cacao n\u00b01<\/span><\/li>\n<li><span>3 dermatologues sur 4 recommandent Palmer\u2019s lorsqu\u2019ils recommandent le beurre de cacao<\/span><\/li>\n<li><span>Parfait \u00e0 utiliser apr\u00e8s la d\u00e9sinfection pour emp\u00eacher les mains de se dess\u00e9cher ou de se fissurer.<\/span><\/li>\n<\/ul>\n<p>\u00a0<\/p>\n<p>\u00a0<\/p>\n<\/div>","protected":false},"excerpt":{"rendered":"<p>Highlights:Gu\u00e9rissez et adoucissez les mains s\u00e8ches et gerc\u00e9es avec la cr\u00e8me pour les mains Palmer\u2019s Cocoa Butter Formula, con\u00e7ue avec du beurre de cacao intens\u00e9ment hydratant et de la vitamine E.<\/p>","protected":false},"featured_media":35815,"comment_status":"open","ping_status":"closed","template":"","meta":[],"pwb-brand":[],"product_cat":[16],"product_tag":[],"class_list":{"0":"post-35814","1":"product","2":"type-product","3":"status-publish","4":"has-post-thumbnail","6":"product_cat-non-classe","7":"pa_brands-palmers","9":"first","10":"instock","11":"sale","12":"shipping-taxable","13":"purchasable","14":"product-type-simple"},"yoast_head":"<!-- This site is optimized with the Yoast SEO plugin v27.5 - https:\/\/yoast.com\/product\/yoast-seo-wordpress\/ -->\n<title>Palmer\u2019s Cocoa Butter Hand Cream 96g - paragaleriedetalborjt<\/title>\n<meta name=\"robots\" content=\"index, follow, max-snippet:-1, max-image-preview:large, max-video-preview:-1\" \/>\n<link rel=\"canonical\" href=\"https:\/\/paragaleriedetalborjt.com\/en\/boutique\/palmers-cocoa-butter-hand-cream-96g\/\" \/>\n<meta property=\"og:locale\" content=\"en_US\" \/>\n<meta property=\"og:type\" content=\"article\" \/>\n<meta property=\"og:title\" content=\"Palmer\u2019s Cocoa Butter Hand Cream 96g - paragaleriedetalborjt\" \/>\n<meta property=\"og:description\" content=\"Highlights:Gu\u00e9rissez et adoucissez les mains s\u00e8ches et gerc\u00e9es avec la cr\u00e8me pour les mains Palmer\u2019s Cocoa Butter Formula, con\u00e7ue avec du beurre de cacao intens\u00e9ment hydratant et de la vitamine E.\" \/>\n<meta property=\"og:url\" content=\"https:\/\/paragaleriedetalborjt.com\/en\/boutique\/palmers-cocoa-butter-hand-cream-96g\/\" \/>\n<meta property=\"og:site_name\" content=\"paragaleriedetalborjt\" \/>\n<meta property=\"article:modified_time\" content=\"2026-01-03T15:32:08+00:00\" \/>\n<meta property=\"og:image\" content=\"https:\/\/paragaleriedetalborjt.com\/wp-content\/uploads\/2026\/01\/Palmers-Hand-cream-au-beurre-de-cacao-Vit-E-96g-600x600-1.jpg\" \/>\n\t<meta property=\"og:image:width\" content=\"600\" \/>\n\t<meta property=\"og:image:height\" content=\"600\" \/>\n\t<meta property=\"og:image:type\" content=\"image\/jpeg\" \/>\n<meta name=\"twitter:card\" content=\"summary_large_image\" \/>\n<script type=\"application\/ld+json\" class=\"yoast-schema-graph\">{\"@context\":\"https:\\\/\\\/schema.org\",\"@graph\":[{\"@type\":\"WebPage\",\"@id\":\"https:\\\/\\\/paragaleriedetalborjt.com\\\/boutique\\\/palmers-cocoa-butter-hand-cream-96g\\\/\",\"url\":\"https:\\\/\\\/paragaleriedetalborjt.com\\\/boutique\\\/palmers-cocoa-butter-hand-cream-96g\\\/\",\"name\":\"Palmer\u2019s Cocoa Butter Hand Cream 96g - paragaleriedetalborjt\",\"isPartOf\":{\"@id\":\"https:\\\/\\\/paragaleriedetalborjt.com\\\/#website\"},\"primaryImageOfPage\":{\"@id\":\"https:\\\/\\\/paragaleriedetalborjt.com\\\/boutique\\\/palmers-cocoa-butter-hand-cream-96g\\\/#primaryimage\"},\"image\":{\"@id\":\"https:\\\/\\\/paragaleriedetalborjt.com\\\/boutique\\\/palmers-cocoa-butter-hand-cream-96g\\\/#primaryimage\"},\"thumbnailUrl\":\"https:\\\/\\\/paragaleriedetalborjt.com\\\/wp-content\\\/uploads\\\/2026\\\/01\\\/Palmers-Hand-cream-au-beurre-de-cacao-Vit-E-96g-600x600-1.jpg\",\"datePublished\":\"2026-01-03T00:54:43+00:00\",\"dateModified\":\"2026-01-03T15:32:08+00:00\",\"breadcrumb\":{\"@id\":\"https:\\\/\\\/paragaleriedetalborjt.com\\\/boutique\\\/palmers-cocoa-butter-hand-cream-96g\\\/#breadcrumb\"},\"inLanguage\":\"en-US\",\"potentialAction\":[{\"@type\":\"ReadAction\",\"target\":[\"https:\\\/\\\/paragaleriedetalborjt.com\\\/boutique\\\/palmers-cocoa-butter-hand-cream-96g\\\/\"]}]},{\"@type\":\"ImageObject\",\"inLanguage\":\"en-US\",\"@id\":\"https:\\\/\\\/paragaleriedetalborjt.com\\\/boutique\\\/palmers-cocoa-butter-hand-cream-96g\\\/#primaryimage\",\"url\":\"https:\\\/\\\/paragaleriedetalborjt.com\\\/wp-content\\\/uploads\\\/2026\\\/01\\\/Palmers-Hand-cream-au-beurre-de-cacao-Vit-E-96g-600x600-1.jpg\",\"contentUrl\":\"https:\\\/\\\/paragaleriedetalborjt.com\\\/wp-content\\\/uploads\\\/2026\\\/01\\\/Palmers-Hand-cream-au-beurre-de-cacao-Vit-E-96g-600x600-1.jpg\",\"width\":600,\"height\":600},{\"@type\":\"BreadcrumbList\",\"@id\":\"https:\\\/\\\/paragaleriedetalborjt.com\\\/boutique\\\/palmers-cocoa-butter-hand-cream-96g\\\/#breadcrumb\",\"itemListElement\":[{\"@type\":\"ListItem\",\"position\":1,\"name\":\"Accueil\",\"item\":\"https:\\\/\\\/paragaleriedetalborjt.com\\\/\"},{\"@type\":\"ListItem\",\"position\":2,\"name\":\"Boutique\",\"item\":\"https:\\\/\\\/paragaleriedetalborjt.com\\\/boutique\\\/\"},{\"@type\":\"ListItem\",\"position\":3,\"name\":\"Palmer\u2019s Cocoa Butter Hand Cream 96g\"}]},{\"@type\":\"WebSite\",\"@id\":\"https:\\\/\\\/paragaleriedetalborjt.com\\\/#website\",\"url\":\"https:\\\/\\\/paragaleriedetalborjt.com\\\/\",\"name\":\"paragaleriedetalborjt\",\"description\":\"\",\"potentialAction\":[{\"@type\":\"SearchAction\",\"target\":{\"@type\":\"EntryPoint\",\"urlTemplate\":\"https:\\\/\\\/paragaleriedetalborjt.com\\\/?s={search_term_string}\"},\"query-input\":{\"@type\":\"PropertyValueSpecification\",\"valueRequired\":true,\"valueName\":\"search_term_string\"}}],\"inLanguage\":\"en-US\"}]}<\/script>\n<!-- \/ Yoast SEO plugin. -->","yoast_head_json":{"title":"Palmer\u2019s Cocoa Butter Hand Cream 96g - paragaleriedetalborjt","robots":{"index":"index","follow":"follow","max-snippet":"max-snippet:-1","max-image-preview":"max-image-preview:large","max-video-preview":"max-video-preview:-1"},"canonical":"https:\/\/paragaleriedetalborjt.com\/en\/boutique\/palmers-cocoa-butter-hand-cream-96g\/","og_locale":"en_US","og_type":"article","og_title":"Palmer\u2019s Cocoa Butter Hand Cream 96g - paragaleriedetalborjt","og_description":"Highlights:Gu\u00e9rissez et adoucissez les mains s\u00e8ches et gerc\u00e9es avec la cr\u00e8me pour les mains Palmer\u2019s Cocoa Butter Formula, con\u00e7ue avec du beurre de cacao intens\u00e9ment hydratant et de la vitamine E.","og_url":"https:\/\/paragaleriedetalborjt.com\/en\/boutique\/palmers-cocoa-butter-hand-cream-96g\/","og_site_name":"paragaleriedetalborjt","article_modified_time":"2026-01-03T15:32:08+00:00","og_image":[{"width":600,"height":600,"url":"https:\/\/paragaleriedetalborjt.com\/wp-content\/uploads\/2026\/01\/Palmers-Hand-cream-au-beurre-de-cacao-Vit-E-96g-600x600-1.jpg","type":"image\/jpeg"}],"twitter_card":"summary_large_image","schema":{"@context":"https:\/\/schema.org","@graph":[{"@type":"WebPage","@id":"https:\/\/paragaleriedetalborjt.com\/boutique\/palmers-cocoa-butter-hand-cream-96g\/","url":"https:\/\/paragaleriedetalborjt.com\/boutique\/palmers-cocoa-butter-hand-cream-96g\/","name":"Palmer\u2019s Cocoa Butter Hand Cream 96g - paragaleriedetalborjt","isPartOf":{"@id":"https:\/\/paragaleriedetalborjt.com\/#website"},"primaryImageOfPage":{"@id":"https:\/\/paragaleriedetalborjt.com\/boutique\/palmers-cocoa-butter-hand-cream-96g\/#primaryimage"},"image":{"@id":"https:\/\/paragaleriedetalborjt.com\/boutique\/palmers-cocoa-butter-hand-cream-96g\/#primaryimage"},"thumbnailUrl":"https:\/\/paragaleriedetalborjt.com\/wp-content\/uploads\/2026\/01\/Palmers-Hand-cream-au-beurre-de-cacao-Vit-E-96g-600x600-1.jpg","datePublished":"2026-01-03T00:54:43+00:00","dateModified":"2026-01-03T15:32:08+00:00","breadcrumb":{"@id":"https:\/\/paragaleriedetalborjt.com\/boutique\/palmers-cocoa-butter-hand-cream-96g\/#breadcrumb"},"inLanguage":"en-US","potentialAction":[{"@type":"ReadAction","target":["https:\/\/paragaleriedetalborjt.com\/boutique\/palmers-cocoa-butter-hand-cream-96g\/"]}]},{"@type":"ImageObject","inLanguage":"en-US","@id":"https:\/\/paragaleriedetalborjt.com\/boutique\/palmers-cocoa-butter-hand-cream-96g\/#primaryimage","url":"https:\/\/paragaleriedetalborjt.com\/wp-content\/uploads\/2026\/01\/Palmers-Hand-cream-au-beurre-de-cacao-Vit-E-96g-600x600-1.jpg","contentUrl":"https:\/\/paragaleriedetalborjt.com\/wp-content\/uploads\/2026\/01\/Palmers-Hand-cream-au-beurre-de-cacao-Vit-E-96g-600x600-1.jpg","width":600,"height":600},{"@type":"BreadcrumbList","@id":"https:\/\/paragaleriedetalborjt.com\/boutique\/palmers-cocoa-butter-hand-cream-96g\/#breadcrumb","itemListElement":[{"@type":"ListItem","position":1,"name":"Accueil","item":"https:\/\/paragaleriedetalborjt.com\/"},{"@type":"ListItem","position":2,"name":"Boutique","item":"https:\/\/paragaleriedetalborjt.com\/boutique\/"},{"@type":"ListItem","position":3,"name":"Palmer\u2019s Cocoa Butter Hand Cream 96g"}]},{"@type":"WebSite","@id":"https:\/\/paragaleriedetalborjt.com\/#website","url":"https:\/\/paragaleriedetalborjt.com\/","name":"paragaleriedetalborjt","description":"","potentialAction":[{"@type":"SearchAction","target":{"@type":"EntryPoint","urlTemplate":"https:\/\/paragaleriedetalborjt.com\/?s={search_term_string}"},"query-input":{"@type":"PropertyValueSpecification","valueRequired":true,"valueName":"search_term_string"}}],"inLanguage":"en-US"}]}},"brands":[],"_links":{"self":[{"href":"https:\/\/paragaleriedetalborjt.com\/en\/wp-json\/wp\/v2\/product\/35814","targetHints":{"allow":["GET"]}}],"collection":[{"href":"https:\/\/paragaleriedetalborjt.com\/en\/wp-json\/wp\/v2\/product"}],"about":[{"href":"https:\/\/paragaleriedetalborjt.com\/en\/wp-json\/wp\/v2\/types\/product"}],"replies":[{"embeddable":true,"href":"https:\/\/paragaleriedetalborjt.com\/en\/wp-json\/wp\/v2\/comments?post=35814"}],"version-history":[{"count":1,"href":"https:\/\/paragaleriedetalborjt.com\/en\/wp-json\/wp\/v2\/product\/35814\/revisions"}],"predecessor-version":[{"id":35816,"href":"https:\/\/paragaleriedetalborjt.com\/en\/wp-json\/wp\/v2\/product\/35814\/revisions\/35816"}],"wp:featuredmedia":[{"embeddable":true,"href":"https:\/\/paragaleriedetalborjt.com\/en\/wp-json\/wp\/v2\/media\/35815"}],"wp:attachment":[{"href":"https:\/\/paragaleriedetalborjt.com\/en\/wp-json\/wp\/v2\/media?parent=35814"}],"wp:term":[{"taxonomy":"pwb-brand","embeddable":true,"href":"https:\/\/paragaleriedetalborjt.com\/en\/wp-json\/wp\/v2\/pwb-brand?post=35814"},{"taxonomy":"product_cat","embeddable":true,"href":"https:\/\/paragaleriedetalborjt.com\/en\/wp-json\/wp\/v2\/product_cat?post=35814"},{"taxonomy":"product_tag","embeddable":true,"href":"https:\/\/paragaleriedetalborjt.com\/en\/wp-json\/wp\/v2\/product_tag?post=35814"}],"curies":[{"name":"wp","href":"https:\/\/api.w.org\/{rel}","templated":true}]}}