{"id":35745,"date":"2026-01-03T01:52:39","date_gmt":"2026-01-03T00:52:39","guid":{"rendered":"https:\/\/paragaleriedetalborjt.com\/?post_type=product&#038;p=35745"},"modified":"2026-01-03T16:32:03","modified_gmt":"2026-01-03T15:32:03","slug":"gph-passiflore-200-gelules","status":"publish","type":"product","link":"https:\/\/paragaleriedetalborjt.com\/en\/boutique\/gph-passiflore-200-gelules\/","title":{"rendered":"GPH Passiflore 200 Gelules"},"content":{"rendered":"<div aria-labelledby=\"tab-title-description\" class=\"woocommerce-Tabs-panel woocommerce-Tabs-panel--description panel entry-content wc-tab\" id=\"tab-description\" role=\"tabpanel\" style=\"\">\n<h2>Description<\/h2>\n<p>La passiflore est une plante vicave dont les tiges sarmenteuses peuvent atteindre 9 m\u00e8tres, elle grimpent gr\u00e2ce \u00e0 ses vrilles. Les magnifiques fleurs de la passiflore, visibles en mai-juin, sont grandes, solitaires, r\u00e9guli\u00e8res, blanches, orn\u00e9es \u00e0 l\u2019int\u00e9rieur d\u2019une couronne de filaments rouges. Le fruit, rouge orang\u00e9, est ovo\u00efde, gros comme une pomme, il contient une pulpe jaune et des graines noires. Originaire d\u2019Am\u00e9rique, la passiflore s\u2019est acclimat\u00e9e en Europe, surtout dans les r\u00e9gions m\u00e9diterran\u00e9ennes.<\/p>\n<p><em>Historique de la Passiflore :<\/em>\u00a0La Passiflore fut d\u00e9couverte au XV\u00e8me si\u00e8cle dans la for\u00eat amazonienne par les conqu\u00e9rants espagnols. Ce nom qui signifie \u00abfleur de la Passion\u00bb leur fut donn\u00e9 par les missionnaires j\u00e9suites qui accompagnaient l\u2019exp\u00e9dition. Ces missionaires consid\u00e9raient qu\u2019il existait une analogie morphologique de cette fleur avec les instruments de la passion du Christ. La double couronne de filaments pourpres de la passiflore rappelait la couronne d\u2019\u00e9pines, les trois stigmates rappelaient les clous, les cinq \u00e9tamines les marteaux, les feuilles \u00e0 trois lobes la lance et les vrilles symbolisaient le fouet de la flagellation. La Passiflore \u00e9tait d\u2019autre part le tranquillisant naturel des Algonquins, tribu indienne du Nord des Etats-Unis.Ce n\u2019est que vers la fin du XIX\u00e8me si\u00e8cle que des m\u00e9decins am\u00e9ricains commenc\u00e8rent \u00e0 mettre \u00e0 profit les propri\u00e9t\u00e9s de la passiflore. Conserv\u00e9e dans la maison, la fleur de passiflore y apporte la paix et la tranquillit\u00e9. Elle attire l\u2019amiti\u00e9 \u00e0 celui qui la porte sur soi.<\/p>\n<p>\u00a0<\/p>\n<p>CONSEILS D\u2019UTILISATION :<\/p>\n<p>\u00a0<\/p>\n<p>2 \u00e0 3 g\u00e9lules par jour avec un grand verre d\u2019eau .<\/p>\n<p>Ne pas utiliser au cours de la grossesse ni de l\u2019allaitement.<\/p>\n<p>Ne peut \u00eatre substitu\u00e9 \u00e0 un r\u00e9gime alimentaire vari\u00e9.<\/p>\n<p>A prendre dans le cadre d\u2019un mode de vie sain.<\/p>\n<p>Tenir hors de port\u00e9e des enfants.<\/p>\n<p>Ne pas d\u00e9passer la dose journali\u00e8re recommand\u00e9e.<\/p>\n<p>A conserver dans un endroit sec et \u00e0 l\u2019abri de la lumi\u00e8re.<\/p>\n<\/div>","protected":false},"excerpt":{"rendered":"<p>Highlights:Participe \u00e0 retrouver un sommeil sain et \u00e0 lutter contre le stress.Egalement, la passiflore favorise la relaxation.<\/p>","protected":false},"featured_media":35746,"comment_status":"open","ping_status":"closed","template":"","meta":[],"pwb-brand":[],"product_cat":[16],"product_tag":[],"class_list":{"0":"post-35745","1":"product","2":"type-product","3":"status-publish","4":"has-post-thumbnail","6":"product_cat-non-classe","7":"pa_brands-gph","9":"first","10":"instock","11":"sale","12":"shipping-taxable","13":"purchasable","14":"product-type-simple"},"yoast_head":"<!-- This site is optimized with the Yoast SEO plugin v27.5 - https:\/\/yoast.com\/product\/yoast-seo-wordpress\/ -->\n<title>GPH Passiflore 200 Gelules - paragaleriedetalborjt<\/title>\n<meta name=\"robots\" content=\"index, follow, max-snippet:-1, max-image-preview:large, max-video-preview:-1\" \/>\n<link rel=\"canonical\" href=\"https:\/\/paragaleriedetalborjt.com\/en\/boutique\/gph-passiflore-200-gelules\/\" \/>\n<meta property=\"og:locale\" content=\"en_US\" \/>\n<meta property=\"og:type\" content=\"article\" \/>\n<meta property=\"og:title\" content=\"GPH Passiflore 200 Gelules - paragaleriedetalborjt\" \/>\n<meta property=\"og:description\" content=\"Highlights:Participe \u00e0 retrouver un sommeil sain et \u00e0 lutter contre le stress.Egalement, la passiflore favorise la relaxation.\" \/>\n<meta property=\"og:url\" content=\"https:\/\/paragaleriedetalborjt.com\/en\/boutique\/gph-passiflore-200-gelules\/\" \/>\n<meta property=\"og:site_name\" content=\"paragaleriedetalborjt\" \/>\n<meta property=\"article:modified_time\" content=\"2026-01-03T15:32:03+00:00\" \/>\n<meta property=\"og:image\" content=\"https:\/\/paragaleriedetalborjt.com\/wp-content\/uploads\/2026\/01\/gph-diffusion-passiflore-250-mg-200-gelules-600x600-1.webp\" \/>\n\t<meta property=\"og:image:width\" content=\"600\" \/>\n\t<meta property=\"og:image:height\" content=\"600\" \/>\n\t<meta property=\"og:image:type\" content=\"image\/webp\" \/>\n<meta name=\"twitter:card\" content=\"summary_large_image\" \/>\n<meta name=\"twitter:label1\" content=\"Est. reading time\" \/>\n\t<meta name=\"twitter:data1\" content=\"2 minutes\" \/>\n<script type=\"application\/ld+json\" class=\"yoast-schema-graph\">{\"@context\":\"https:\\\/\\\/schema.org\",\"@graph\":[{\"@type\":\"WebPage\",\"@id\":\"https:\\\/\\\/paragaleriedetalborjt.com\\\/boutique\\\/gph-passiflore-200-gelules\\\/\",\"url\":\"https:\\\/\\\/paragaleriedetalborjt.com\\\/boutique\\\/gph-passiflore-200-gelules\\\/\",\"name\":\"GPH Passiflore 200 Gelules - paragaleriedetalborjt\",\"isPartOf\":{\"@id\":\"https:\\\/\\\/paragaleriedetalborjt.com\\\/#website\"},\"primaryImageOfPage\":{\"@id\":\"https:\\\/\\\/paragaleriedetalborjt.com\\\/boutique\\\/gph-passiflore-200-gelules\\\/#primaryimage\"},\"image\":{\"@id\":\"https:\\\/\\\/paragaleriedetalborjt.com\\\/boutique\\\/gph-passiflore-200-gelules\\\/#primaryimage\"},\"thumbnailUrl\":\"https:\\\/\\\/paragaleriedetalborjt.com\\\/wp-content\\\/uploads\\\/2026\\\/01\\\/gph-diffusion-passiflore-250-mg-200-gelules-600x600-1.webp\",\"datePublished\":\"2026-01-03T00:52:39+00:00\",\"dateModified\":\"2026-01-03T15:32:03+00:00\",\"breadcrumb\":{\"@id\":\"https:\\\/\\\/paragaleriedetalborjt.com\\\/boutique\\\/gph-passiflore-200-gelules\\\/#breadcrumb\"},\"inLanguage\":\"en-US\",\"potentialAction\":[{\"@type\":\"ReadAction\",\"target\":[\"https:\\\/\\\/paragaleriedetalborjt.com\\\/boutique\\\/gph-passiflore-200-gelules\\\/\"]}]},{\"@type\":\"ImageObject\",\"inLanguage\":\"en-US\",\"@id\":\"https:\\\/\\\/paragaleriedetalborjt.com\\\/boutique\\\/gph-passiflore-200-gelules\\\/#primaryimage\",\"url\":\"https:\\\/\\\/paragaleriedetalborjt.com\\\/wp-content\\\/uploads\\\/2026\\\/01\\\/gph-diffusion-passiflore-250-mg-200-gelules-600x600-1.webp\",\"contentUrl\":\"https:\\\/\\\/paragaleriedetalborjt.com\\\/wp-content\\\/uploads\\\/2026\\\/01\\\/gph-diffusion-passiflore-250-mg-200-gelules-600x600-1.webp\",\"width\":600,\"height\":600},{\"@type\":\"BreadcrumbList\",\"@id\":\"https:\\\/\\\/paragaleriedetalborjt.com\\\/boutique\\\/gph-passiflore-200-gelules\\\/#breadcrumb\",\"itemListElement\":[{\"@type\":\"ListItem\",\"position\":1,\"name\":\"Accueil\",\"item\":\"https:\\\/\\\/paragaleriedetalborjt.com\\\/\"},{\"@type\":\"ListItem\",\"position\":2,\"name\":\"Boutique\",\"item\":\"https:\\\/\\\/paragaleriedetalborjt.com\\\/boutique\\\/\"},{\"@type\":\"ListItem\",\"position\":3,\"name\":\"GPH Passiflore 200 Gelules\"}]},{\"@type\":\"WebSite\",\"@id\":\"https:\\\/\\\/paragaleriedetalborjt.com\\\/#website\",\"url\":\"https:\\\/\\\/paragaleriedetalborjt.com\\\/\",\"name\":\"paragaleriedetalborjt\",\"description\":\"\",\"potentialAction\":[{\"@type\":\"SearchAction\",\"target\":{\"@type\":\"EntryPoint\",\"urlTemplate\":\"https:\\\/\\\/paragaleriedetalborjt.com\\\/?s={search_term_string}\"},\"query-input\":{\"@type\":\"PropertyValueSpecification\",\"valueRequired\":true,\"valueName\":\"search_term_string\"}}],\"inLanguage\":\"en-US\"}]}<\/script>\n<!-- \/ Yoast SEO plugin. -->","yoast_head_json":{"title":"GPH Passiflore 200 Gelules - paragaleriedetalborjt","robots":{"index":"index","follow":"follow","max-snippet":"max-snippet:-1","max-image-preview":"max-image-preview:large","max-video-preview":"max-video-preview:-1"},"canonical":"https:\/\/paragaleriedetalborjt.com\/en\/boutique\/gph-passiflore-200-gelules\/","og_locale":"en_US","og_type":"article","og_title":"GPH Passiflore 200 Gelules - paragaleriedetalborjt","og_description":"Highlights:Participe \u00e0 retrouver un sommeil sain et \u00e0 lutter contre le stress.Egalement, la passiflore favorise la relaxation.","og_url":"https:\/\/paragaleriedetalborjt.com\/en\/boutique\/gph-passiflore-200-gelules\/","og_site_name":"paragaleriedetalborjt","article_modified_time":"2026-01-03T15:32:03+00:00","og_image":[{"width":600,"height":600,"url":"https:\/\/paragaleriedetalborjt.com\/wp-content\/uploads\/2026\/01\/gph-diffusion-passiflore-250-mg-200-gelules-600x600-1.webp","type":"image\/webp"}],"twitter_card":"summary_large_image","twitter_misc":{"Est. reading time":"2 minutes"},"schema":{"@context":"https:\/\/schema.org","@graph":[{"@type":"WebPage","@id":"https:\/\/paragaleriedetalborjt.com\/boutique\/gph-passiflore-200-gelules\/","url":"https:\/\/paragaleriedetalborjt.com\/boutique\/gph-passiflore-200-gelules\/","name":"GPH Passiflore 200 Gelules - paragaleriedetalborjt","isPartOf":{"@id":"https:\/\/paragaleriedetalborjt.com\/#website"},"primaryImageOfPage":{"@id":"https:\/\/paragaleriedetalborjt.com\/boutique\/gph-passiflore-200-gelules\/#primaryimage"},"image":{"@id":"https:\/\/paragaleriedetalborjt.com\/boutique\/gph-passiflore-200-gelules\/#primaryimage"},"thumbnailUrl":"https:\/\/paragaleriedetalborjt.com\/wp-content\/uploads\/2026\/01\/gph-diffusion-passiflore-250-mg-200-gelules-600x600-1.webp","datePublished":"2026-01-03T00:52:39+00:00","dateModified":"2026-01-03T15:32:03+00:00","breadcrumb":{"@id":"https:\/\/paragaleriedetalborjt.com\/boutique\/gph-passiflore-200-gelules\/#breadcrumb"},"inLanguage":"en-US","potentialAction":[{"@type":"ReadAction","target":["https:\/\/paragaleriedetalborjt.com\/boutique\/gph-passiflore-200-gelules\/"]}]},{"@type":"ImageObject","inLanguage":"en-US","@id":"https:\/\/paragaleriedetalborjt.com\/boutique\/gph-passiflore-200-gelules\/#primaryimage","url":"https:\/\/paragaleriedetalborjt.com\/wp-content\/uploads\/2026\/01\/gph-diffusion-passiflore-250-mg-200-gelules-600x600-1.webp","contentUrl":"https:\/\/paragaleriedetalborjt.com\/wp-content\/uploads\/2026\/01\/gph-diffusion-passiflore-250-mg-200-gelules-600x600-1.webp","width":600,"height":600},{"@type":"BreadcrumbList","@id":"https:\/\/paragaleriedetalborjt.com\/boutique\/gph-passiflore-200-gelules\/#breadcrumb","itemListElement":[{"@type":"ListItem","position":1,"name":"Accueil","item":"https:\/\/paragaleriedetalborjt.com\/"},{"@type":"ListItem","position":2,"name":"Boutique","item":"https:\/\/paragaleriedetalborjt.com\/boutique\/"},{"@type":"ListItem","position":3,"name":"GPH Passiflore 200 Gelules"}]},{"@type":"WebSite","@id":"https:\/\/paragaleriedetalborjt.com\/#website","url":"https:\/\/paragaleriedetalborjt.com\/","name":"paragaleriedetalborjt","description":"","potentialAction":[{"@type":"SearchAction","target":{"@type":"EntryPoint","urlTemplate":"https:\/\/paragaleriedetalborjt.com\/?s={search_term_string}"},"query-input":{"@type":"PropertyValueSpecification","valueRequired":true,"valueName":"search_term_string"}}],"inLanguage":"en-US"}]}},"brands":[],"_links":{"self":[{"href":"https:\/\/paragaleriedetalborjt.com\/en\/wp-json\/wp\/v2\/product\/35745","targetHints":{"allow":["GET"]}}],"collection":[{"href":"https:\/\/paragaleriedetalborjt.com\/en\/wp-json\/wp\/v2\/product"}],"about":[{"href":"https:\/\/paragaleriedetalborjt.com\/en\/wp-json\/wp\/v2\/types\/product"}],"replies":[{"embeddable":true,"href":"https:\/\/paragaleriedetalborjt.com\/en\/wp-json\/wp\/v2\/comments?post=35745"}],"version-history":[{"count":1,"href":"https:\/\/paragaleriedetalborjt.com\/en\/wp-json\/wp\/v2\/product\/35745\/revisions"}],"predecessor-version":[{"id":35747,"href":"https:\/\/paragaleriedetalborjt.com\/en\/wp-json\/wp\/v2\/product\/35745\/revisions\/35747"}],"wp:featuredmedia":[{"embeddable":true,"href":"https:\/\/paragaleriedetalborjt.com\/en\/wp-json\/wp\/v2\/media\/35746"}],"wp:attachment":[{"href":"https:\/\/paragaleriedetalborjt.com\/en\/wp-json\/wp\/v2\/media?parent=35745"}],"wp:term":[{"taxonomy":"pwb-brand","embeddable":true,"href":"https:\/\/paragaleriedetalborjt.com\/en\/wp-json\/wp\/v2\/pwb-brand?post=35745"},{"taxonomy":"product_cat","embeddable":true,"href":"https:\/\/paragaleriedetalborjt.com\/en\/wp-json\/wp\/v2\/product_cat?post=35745"},{"taxonomy":"product_tag","embeddable":true,"href":"https:\/\/paragaleriedetalborjt.com\/en\/wp-json\/wp\/v2\/product_tag?post=35745"}],"curies":[{"name":"wp","href":"https:\/\/api.w.org\/{rel}","templated":true}]}}