{"id":35739,"date":"2026-01-03T01:52:27","date_gmt":"2026-01-03T00:52:27","guid":{"rendered":"https:\/\/paragaleriedetalborjt.com\/?post_type=product&#038;p=35739"},"modified":"2026-01-03T16:32:02","modified_gmt":"2026-01-03T15:32:02","slug":"gph-onagre-200-gelules","status":"publish","type":"product","link":"https:\/\/paragaleriedetalborjt.com\/en\/boutique\/gph-onagre-200-gelules\/","title":{"rendered":"GPH Onagre 200 gelules"},"content":{"rendered":"<div aria-labelledby=\"tab-title-description\" class=\"woocommerce-Tabs-panel woocommerce-Tabs-panel--description panel entry-content wc-tab\" id=\"tab-description\" role=\"tabpanel\" style=\"\">\n<h2>Description<\/h2>\n<p>Plante originaire d\u2019Am\u00e9rique du Nord, l\u2019Onagre est une plante qui s\u2019est bien adapt\u00e9e \u00e0 notre climat et pousse \u00e0 l\u2019\u00e9tat sauvage au bord des chemins. Elle se reconna\u00eet gr\u00e2ce \u00e0 ses grandes fleurs jaunes qui donnent une capsule contenant de nombreuses graines. De ces graines, on extrait, par pression \u00e0 froid, une huile riche en Acide Gras Essantiels : l\u2019acide linol\u00e9ique (70%) et l\u2019acide gamma-linol\u00e9nique (9%).<\/p>\n<p>L\u2019utilisation de l\u2019huile d\u2019Onagre est tr\u00e8s r\u00e9pandue et est traditionnellement utilis\u00e9e pour favoriser le maintien d\u2019une peau saine.<\/p>\n<p>L\u2019Onagre, \u00e9galement appel\u00e9e \u00ab\u00a0Primev\u00e8re du soir\u00a0\u00bb, est une plante bisannelle \u00e0 fleur jaune. Son fruit est une capsule contenant de nombreuses graines dont on extrait l\u2019huile contribuant au maintien d\u2019une peau normale.<\/p>\n<p>2 \u00e0 3 capsules par jour \u00e0 avaler avec un grand verre d\u2019eau, de pr\u00e9f\u00e9rence au cours des repas et dans le cadre d\u2019une alimentation \u00e9quilibr\u00e9e.<\/p>\n<p>Compl\u00e9ment alimentaire<\/p>\n<p>Tenir hors de port\u00e9e des enfants. Ne pas d\u00e9passer la dose journali\u00e8re recommand\u00e9e.<\/p>\n<p>A conserver dans un endroit sec \u00e0 l\u2019abris de la lumi\u00e8re.<\/p>\n<\/div>","protected":false},"excerpt":{"rendered":"<p>Highlights:Le compl\u00e9ment alimentaire Fort\u00e9 Pharma Expert Hyaluronic contient 150 mg d\u2019Acide hyaluronique et 100 mg de collag\u00e8ne matin, pour aider \u00e0 combler, repulper et hydrater la peau. Il offre une action anti-\u00e2ge globale \u00e0 la peau.<\/p>","protected":false},"featured_media":35740,"comment_status":"open","ping_status":"closed","template":"","meta":[],"pwb-brand":[],"product_cat":[16],"product_tag":[],"class_list":{"0":"post-35739","1":"product","2":"type-product","3":"status-publish","4":"has-post-thumbnail","6":"product_cat-non-classe","7":"pa_brands-gph","9":"first","10":"instock","11":"sale","12":"shipping-taxable","13":"purchasable","14":"product-type-simple"},"yoast_head":"<!-- This site is optimized with the Yoast SEO plugin v27.5 - https:\/\/yoast.com\/product\/yoast-seo-wordpress\/ -->\n<title>GPH Onagre 200 gelules - paragaleriedetalborjt<\/title>\n<meta name=\"robots\" content=\"index, follow, max-snippet:-1, max-image-preview:large, max-video-preview:-1\" \/>\n<link rel=\"canonical\" href=\"https:\/\/paragaleriedetalborjt.com\/en\/boutique\/gph-onagre-200-gelules\/\" \/>\n<meta property=\"og:locale\" content=\"en_US\" \/>\n<meta property=\"og:type\" content=\"article\" \/>\n<meta property=\"og:title\" content=\"GPH Onagre 200 gelules - paragaleriedetalborjt\" \/>\n<meta property=\"og:description\" content=\"Highlights:Le compl\u00e9ment alimentaire Fort\u00e9 Pharma Expert Hyaluronic contient 150 mg d\u2019Acide hyaluronique et 100 mg de collag\u00e8ne matin, pour aider \u00e0 combler, repulper et hydrater la peau. Il offre une action anti-\u00e2ge globale \u00e0 la peau.\" \/>\n<meta property=\"og:url\" content=\"https:\/\/paragaleriedetalborjt.com\/en\/boutique\/gph-onagre-200-gelules\/\" \/>\n<meta property=\"og:site_name\" content=\"paragaleriedetalborjt\" \/>\n<meta property=\"article:modified_time\" content=\"2026-01-03T15:32:02+00:00\" \/>\n<meta property=\"og:image\" content=\"https:\/\/paragaleriedetalborjt.com\/wp-content\/uploads\/2026\/01\/GPH-Onagre-200-gelules-600x600-1.jpg\" \/>\n\t<meta property=\"og:image:width\" content=\"600\" \/>\n\t<meta property=\"og:image:height\" content=\"600\" \/>\n\t<meta property=\"og:image:type\" content=\"image\/jpeg\" \/>\n<meta name=\"twitter:card\" content=\"summary_large_image\" \/>\n<meta name=\"twitter:label1\" content=\"Est. reading time\" \/>\n\t<meta name=\"twitter:data1\" content=\"1 minute\" \/>\n<script type=\"application\/ld+json\" class=\"yoast-schema-graph\">{\"@context\":\"https:\\\/\\\/schema.org\",\"@graph\":[{\"@type\":\"WebPage\",\"@id\":\"https:\\\/\\\/paragaleriedetalborjt.com\\\/boutique\\\/gph-onagre-200-gelules\\\/\",\"url\":\"https:\\\/\\\/paragaleriedetalborjt.com\\\/boutique\\\/gph-onagre-200-gelules\\\/\",\"name\":\"GPH Onagre 200 gelules - paragaleriedetalborjt\",\"isPartOf\":{\"@id\":\"https:\\\/\\\/paragaleriedetalborjt.com\\\/#website\"},\"primaryImageOfPage\":{\"@id\":\"https:\\\/\\\/paragaleriedetalborjt.com\\\/boutique\\\/gph-onagre-200-gelules\\\/#primaryimage\"},\"image\":{\"@id\":\"https:\\\/\\\/paragaleriedetalborjt.com\\\/boutique\\\/gph-onagre-200-gelules\\\/#primaryimage\"},\"thumbnailUrl\":\"https:\\\/\\\/paragaleriedetalborjt.com\\\/wp-content\\\/uploads\\\/2026\\\/01\\\/GPH-Onagre-200-gelules-600x600-1.jpg\",\"datePublished\":\"2026-01-03T00:52:27+00:00\",\"dateModified\":\"2026-01-03T15:32:02+00:00\",\"breadcrumb\":{\"@id\":\"https:\\\/\\\/paragaleriedetalborjt.com\\\/boutique\\\/gph-onagre-200-gelules\\\/#breadcrumb\"},\"inLanguage\":\"en-US\",\"potentialAction\":[{\"@type\":\"ReadAction\",\"target\":[\"https:\\\/\\\/paragaleriedetalborjt.com\\\/boutique\\\/gph-onagre-200-gelules\\\/\"]}]},{\"@type\":\"ImageObject\",\"inLanguage\":\"en-US\",\"@id\":\"https:\\\/\\\/paragaleriedetalborjt.com\\\/boutique\\\/gph-onagre-200-gelules\\\/#primaryimage\",\"url\":\"https:\\\/\\\/paragaleriedetalborjt.com\\\/wp-content\\\/uploads\\\/2026\\\/01\\\/GPH-Onagre-200-gelules-600x600-1.jpg\",\"contentUrl\":\"https:\\\/\\\/paragaleriedetalborjt.com\\\/wp-content\\\/uploads\\\/2026\\\/01\\\/GPH-Onagre-200-gelules-600x600-1.jpg\",\"width\":600,\"height\":600},{\"@type\":\"BreadcrumbList\",\"@id\":\"https:\\\/\\\/paragaleriedetalborjt.com\\\/boutique\\\/gph-onagre-200-gelules\\\/#breadcrumb\",\"itemListElement\":[{\"@type\":\"ListItem\",\"position\":1,\"name\":\"Accueil\",\"item\":\"https:\\\/\\\/paragaleriedetalborjt.com\\\/\"},{\"@type\":\"ListItem\",\"position\":2,\"name\":\"Boutique\",\"item\":\"https:\\\/\\\/paragaleriedetalborjt.com\\\/boutique\\\/\"},{\"@type\":\"ListItem\",\"position\":3,\"name\":\"GPH Onagre 200 gelules\"}]},{\"@type\":\"WebSite\",\"@id\":\"https:\\\/\\\/paragaleriedetalborjt.com\\\/#website\",\"url\":\"https:\\\/\\\/paragaleriedetalborjt.com\\\/\",\"name\":\"paragaleriedetalborjt\",\"description\":\"\",\"potentialAction\":[{\"@type\":\"SearchAction\",\"target\":{\"@type\":\"EntryPoint\",\"urlTemplate\":\"https:\\\/\\\/paragaleriedetalborjt.com\\\/?s={search_term_string}\"},\"query-input\":{\"@type\":\"PropertyValueSpecification\",\"valueRequired\":true,\"valueName\":\"search_term_string\"}}],\"inLanguage\":\"en-US\"}]}<\/script>\n<!-- \/ Yoast SEO plugin. -->","yoast_head_json":{"title":"GPH Onagre 200 gelules - paragaleriedetalborjt","robots":{"index":"index","follow":"follow","max-snippet":"max-snippet:-1","max-image-preview":"max-image-preview:large","max-video-preview":"max-video-preview:-1"},"canonical":"https:\/\/paragaleriedetalborjt.com\/en\/boutique\/gph-onagre-200-gelules\/","og_locale":"en_US","og_type":"article","og_title":"GPH Onagre 200 gelules - paragaleriedetalborjt","og_description":"Highlights:Le compl\u00e9ment alimentaire Fort\u00e9 Pharma Expert Hyaluronic contient 150 mg d\u2019Acide hyaluronique et 100 mg de collag\u00e8ne matin, pour aider \u00e0 combler, repulper et hydrater la peau. Il offre une action anti-\u00e2ge globale \u00e0 la peau.","og_url":"https:\/\/paragaleriedetalborjt.com\/en\/boutique\/gph-onagre-200-gelules\/","og_site_name":"paragaleriedetalborjt","article_modified_time":"2026-01-03T15:32:02+00:00","og_image":[{"width":600,"height":600,"url":"https:\/\/paragaleriedetalborjt.com\/wp-content\/uploads\/2026\/01\/GPH-Onagre-200-gelules-600x600-1.jpg","type":"image\/jpeg"}],"twitter_card":"summary_large_image","twitter_misc":{"Est. reading time":"1 minute"},"schema":{"@context":"https:\/\/schema.org","@graph":[{"@type":"WebPage","@id":"https:\/\/paragaleriedetalborjt.com\/boutique\/gph-onagre-200-gelules\/","url":"https:\/\/paragaleriedetalborjt.com\/boutique\/gph-onagre-200-gelules\/","name":"GPH Onagre 200 gelules - paragaleriedetalborjt","isPartOf":{"@id":"https:\/\/paragaleriedetalborjt.com\/#website"},"primaryImageOfPage":{"@id":"https:\/\/paragaleriedetalborjt.com\/boutique\/gph-onagre-200-gelules\/#primaryimage"},"image":{"@id":"https:\/\/paragaleriedetalborjt.com\/boutique\/gph-onagre-200-gelules\/#primaryimage"},"thumbnailUrl":"https:\/\/paragaleriedetalborjt.com\/wp-content\/uploads\/2026\/01\/GPH-Onagre-200-gelules-600x600-1.jpg","datePublished":"2026-01-03T00:52:27+00:00","dateModified":"2026-01-03T15:32:02+00:00","breadcrumb":{"@id":"https:\/\/paragaleriedetalborjt.com\/boutique\/gph-onagre-200-gelules\/#breadcrumb"},"inLanguage":"en-US","potentialAction":[{"@type":"ReadAction","target":["https:\/\/paragaleriedetalborjt.com\/boutique\/gph-onagre-200-gelules\/"]}]},{"@type":"ImageObject","inLanguage":"en-US","@id":"https:\/\/paragaleriedetalborjt.com\/boutique\/gph-onagre-200-gelules\/#primaryimage","url":"https:\/\/paragaleriedetalborjt.com\/wp-content\/uploads\/2026\/01\/GPH-Onagre-200-gelules-600x600-1.jpg","contentUrl":"https:\/\/paragaleriedetalborjt.com\/wp-content\/uploads\/2026\/01\/GPH-Onagre-200-gelules-600x600-1.jpg","width":600,"height":600},{"@type":"BreadcrumbList","@id":"https:\/\/paragaleriedetalborjt.com\/boutique\/gph-onagre-200-gelules\/#breadcrumb","itemListElement":[{"@type":"ListItem","position":1,"name":"Accueil","item":"https:\/\/paragaleriedetalborjt.com\/"},{"@type":"ListItem","position":2,"name":"Boutique","item":"https:\/\/paragaleriedetalborjt.com\/boutique\/"},{"@type":"ListItem","position":3,"name":"GPH Onagre 200 gelules"}]},{"@type":"WebSite","@id":"https:\/\/paragaleriedetalborjt.com\/#website","url":"https:\/\/paragaleriedetalborjt.com\/","name":"paragaleriedetalborjt","description":"","potentialAction":[{"@type":"SearchAction","target":{"@type":"EntryPoint","urlTemplate":"https:\/\/paragaleriedetalborjt.com\/?s={search_term_string}"},"query-input":{"@type":"PropertyValueSpecification","valueRequired":true,"valueName":"search_term_string"}}],"inLanguage":"en-US"}]}},"brands":[],"_links":{"self":[{"href":"https:\/\/paragaleriedetalborjt.com\/en\/wp-json\/wp\/v2\/product\/35739","targetHints":{"allow":["GET"]}}],"collection":[{"href":"https:\/\/paragaleriedetalborjt.com\/en\/wp-json\/wp\/v2\/product"}],"about":[{"href":"https:\/\/paragaleriedetalborjt.com\/en\/wp-json\/wp\/v2\/types\/product"}],"replies":[{"embeddable":true,"href":"https:\/\/paragaleriedetalborjt.com\/en\/wp-json\/wp\/v2\/comments?post=35739"}],"version-history":[{"count":1,"href":"https:\/\/paragaleriedetalborjt.com\/en\/wp-json\/wp\/v2\/product\/35739\/revisions"}],"predecessor-version":[{"id":35741,"href":"https:\/\/paragaleriedetalborjt.com\/en\/wp-json\/wp\/v2\/product\/35739\/revisions\/35741"}],"wp:featuredmedia":[{"embeddable":true,"href":"https:\/\/paragaleriedetalborjt.com\/en\/wp-json\/wp\/v2\/media\/35740"}],"wp:attachment":[{"href":"https:\/\/paragaleriedetalborjt.com\/en\/wp-json\/wp\/v2\/media?parent=35739"}],"wp:term":[{"taxonomy":"pwb-brand","embeddable":true,"href":"https:\/\/paragaleriedetalborjt.com\/en\/wp-json\/wp\/v2\/pwb-brand?post=35739"},{"taxonomy":"product_cat","embeddable":true,"href":"https:\/\/paragaleriedetalborjt.com\/en\/wp-json\/wp\/v2\/product_cat?post=35739"},{"taxonomy":"product_tag","embeddable":true,"href":"https:\/\/paragaleriedetalborjt.com\/en\/wp-json\/wp\/v2\/product_tag?post=35739"}],"curies":[{"name":"wp","href":"https:\/\/api.w.org\/{rel}","templated":true}]}}