{"id":35712,"date":"2026-01-03T01:51:30","date_gmt":"2026-01-03T00:51:30","guid":{"rendered":"https:\/\/paragaleriedetalborjt.com\/?post_type=product&#038;p=35712"},"modified":"2026-01-03T16:32:01","modified_gmt":"2026-01-03T15:32:01","slug":"gph-harpagophytum-bio-200-comprimes","status":"publish","type":"product","link":"https:\/\/paragaleriedetalborjt.com\/en\/boutique\/gph-harpagophytum-bio-200-comprimes\/","title":{"rendered":"GPH Harpagophytum Bio 200 comprim\u00e9s"},"content":{"rendered":"<div aria-labelledby=\"tab-title-description\" class=\"woocommerce-Tabs-panel woocommerce-Tabs-panel--description panel entry-content wc-tab\" id=\"tab-description\" role=\"tabpanel\" style=\"\">\n<h2>Description<\/h2>\n<p>Harpagophytum racine bio de GPH DIFFUSION est un compl\u00e9ment alimentaire \u00e0 base de racines d\u2019harpagophytum bio.<\/p>\n<p>Dot\u00e9 de vertus analg\u00e9siques et apaisantes, l\u2019harpagophytum intervient dans le soulagement des troubles inflammatoires.<\/p>\n<p>Enrichie en harpagosides, sa racine contribue \u00e9galement \u00e0 \u00e9liminer les substances acidifiantes et les toxines pr\u00e9sentes dans le corps. Elle s\u2019impose donc comme une solution naturelle de choix pour les cures de d\u00e9puration, les cures de printemps et d\u2019automne.<\/p>\n<\/div>","protected":false},"excerpt":{"rendered":"<p>Highlights:l\u2019harpagophytum est dot\u00e9 notamment d\u2019harpagosides, de glucosides, de phytost\u00e9rols et de flavono\u00efdes vari\u00e9s.Cette plante est id\u00e9ale pour d\u00e9tendre les muscles entre autres, les Africains ont confi\u00e9 aux Europ\u00e9ens qu\u2019elle \u00e9tait id\u00e9ale pour les probl\u00e8mes li\u00e9s aux articulations, ce qui explique pourquoi on l\u2019utilise encore \u00e9norm\u00e9ment, notamment en comprim\u00e9s.<\/p>","protected":false},"featured_media":35713,"comment_status":"open","ping_status":"closed","template":"","meta":[],"pwb-brand":[],"product_cat":[16],"product_tag":[],"class_list":{"0":"post-35712","1":"product","2":"type-product","3":"status-publish","4":"has-post-thumbnail","6":"product_cat-non-classe","7":"pa_brands-gph","9":"first","10":"instock","11":"sale","12":"shipping-taxable","13":"purchasable","14":"product-type-simple"},"yoast_head":"<!-- This site is optimized with the Yoast SEO plugin v27.5 - https:\/\/yoast.com\/product\/yoast-seo-wordpress\/ -->\n<title>GPH Harpagophytum Bio 200 comprim\u00e9s - paragaleriedetalborjt<\/title>\n<meta name=\"robots\" content=\"index, follow, max-snippet:-1, max-image-preview:large, max-video-preview:-1\" \/>\n<link rel=\"canonical\" href=\"https:\/\/paragaleriedetalborjt.com\/en\/boutique\/gph-harpagophytum-bio-200-comprimes\/\" \/>\n<meta property=\"og:locale\" content=\"en_US\" \/>\n<meta property=\"og:type\" content=\"article\" \/>\n<meta property=\"og:title\" content=\"GPH Harpagophytum Bio 200 comprim\u00e9s - paragaleriedetalborjt\" \/>\n<meta property=\"og:description\" content=\"Highlights:l\u2019harpagophytum est dot\u00e9 notamment d\u2019harpagosides, de glucosides, de phytost\u00e9rols et de flavono\u00efdes vari\u00e9s.Cette plante est id\u00e9ale pour d\u00e9tendre les muscles entre autres, les Africains ont confi\u00e9 aux Europ\u00e9ens qu\u2019elle \u00e9tait id\u00e9ale pour les probl\u00e8mes li\u00e9s aux articulations, ce qui explique pourquoi on l\u2019utilise encore \u00e9norm\u00e9ment, notamment en comprim\u00e9s.\" \/>\n<meta property=\"og:url\" content=\"https:\/\/paragaleriedetalborjt.com\/en\/boutique\/gph-harpagophytum-bio-200-comprimes\/\" \/>\n<meta property=\"og:site_name\" content=\"paragaleriedetalborjt\" \/>\n<meta property=\"article:modified_time\" content=\"2026-01-03T15:32:01+00:00\" \/>\n<meta property=\"og:image\" content=\"https:\/\/paragaleriedetalborjt.com\/wp-content\/uploads\/2026\/01\/GPH-Harpagophytum-Bio-200cps-600x600-1.jpg\" \/>\n\t<meta property=\"og:image:width\" content=\"600\" \/>\n\t<meta property=\"og:image:height\" content=\"600\" \/>\n\t<meta property=\"og:image:type\" content=\"image\/jpeg\" \/>\n<meta name=\"twitter:card\" content=\"summary_large_image\" \/>\n<script type=\"application\/ld+json\" class=\"yoast-schema-graph\">{\"@context\":\"https:\\\/\\\/schema.org\",\"@graph\":[{\"@type\":\"WebPage\",\"@id\":\"https:\\\/\\\/paragaleriedetalborjt.com\\\/boutique\\\/gph-harpagophytum-bio-200-comprimes\\\/\",\"url\":\"https:\\\/\\\/paragaleriedetalborjt.com\\\/boutique\\\/gph-harpagophytum-bio-200-comprimes\\\/\",\"name\":\"GPH Harpagophytum Bio 200 comprim\u00e9s - paragaleriedetalborjt\",\"isPartOf\":{\"@id\":\"https:\\\/\\\/paragaleriedetalborjt.com\\\/#website\"},\"primaryImageOfPage\":{\"@id\":\"https:\\\/\\\/paragaleriedetalborjt.com\\\/boutique\\\/gph-harpagophytum-bio-200-comprimes\\\/#primaryimage\"},\"image\":{\"@id\":\"https:\\\/\\\/paragaleriedetalborjt.com\\\/boutique\\\/gph-harpagophytum-bio-200-comprimes\\\/#primaryimage\"},\"thumbnailUrl\":\"https:\\\/\\\/paragaleriedetalborjt.com\\\/wp-content\\\/uploads\\\/2026\\\/01\\\/GPH-Harpagophytum-Bio-200cps-600x600-1.jpg\",\"datePublished\":\"2026-01-03T00:51:30+00:00\",\"dateModified\":\"2026-01-03T15:32:01+00:00\",\"breadcrumb\":{\"@id\":\"https:\\\/\\\/paragaleriedetalborjt.com\\\/boutique\\\/gph-harpagophytum-bio-200-comprimes\\\/#breadcrumb\"},\"inLanguage\":\"en-US\",\"potentialAction\":[{\"@type\":\"ReadAction\",\"target\":[\"https:\\\/\\\/paragaleriedetalborjt.com\\\/boutique\\\/gph-harpagophytum-bio-200-comprimes\\\/\"]}]},{\"@type\":\"ImageObject\",\"inLanguage\":\"en-US\",\"@id\":\"https:\\\/\\\/paragaleriedetalborjt.com\\\/boutique\\\/gph-harpagophytum-bio-200-comprimes\\\/#primaryimage\",\"url\":\"https:\\\/\\\/paragaleriedetalborjt.com\\\/wp-content\\\/uploads\\\/2026\\\/01\\\/GPH-Harpagophytum-Bio-200cps-600x600-1.jpg\",\"contentUrl\":\"https:\\\/\\\/paragaleriedetalborjt.com\\\/wp-content\\\/uploads\\\/2026\\\/01\\\/GPH-Harpagophytum-Bio-200cps-600x600-1.jpg\",\"width\":600,\"height\":600},{\"@type\":\"BreadcrumbList\",\"@id\":\"https:\\\/\\\/paragaleriedetalborjt.com\\\/boutique\\\/gph-harpagophytum-bio-200-comprimes\\\/#breadcrumb\",\"itemListElement\":[{\"@type\":\"ListItem\",\"position\":1,\"name\":\"Accueil\",\"item\":\"https:\\\/\\\/paragaleriedetalborjt.com\\\/\"},{\"@type\":\"ListItem\",\"position\":2,\"name\":\"Boutique\",\"item\":\"https:\\\/\\\/paragaleriedetalborjt.com\\\/boutique\\\/\"},{\"@type\":\"ListItem\",\"position\":3,\"name\":\"GPH Harpagophytum Bio 200 comprim\u00e9s\"}]},{\"@type\":\"WebSite\",\"@id\":\"https:\\\/\\\/paragaleriedetalborjt.com\\\/#website\",\"url\":\"https:\\\/\\\/paragaleriedetalborjt.com\\\/\",\"name\":\"paragaleriedetalborjt\",\"description\":\"\",\"potentialAction\":[{\"@type\":\"SearchAction\",\"target\":{\"@type\":\"EntryPoint\",\"urlTemplate\":\"https:\\\/\\\/paragaleriedetalborjt.com\\\/?s={search_term_string}\"},\"query-input\":{\"@type\":\"PropertyValueSpecification\",\"valueRequired\":true,\"valueName\":\"search_term_string\"}}],\"inLanguage\":\"en-US\"}]}<\/script>\n<!-- \/ Yoast SEO plugin. -->","yoast_head_json":{"title":"GPH Harpagophytum Bio 200 comprim\u00e9s - paragaleriedetalborjt","robots":{"index":"index","follow":"follow","max-snippet":"max-snippet:-1","max-image-preview":"max-image-preview:large","max-video-preview":"max-video-preview:-1"},"canonical":"https:\/\/paragaleriedetalborjt.com\/en\/boutique\/gph-harpagophytum-bio-200-comprimes\/","og_locale":"en_US","og_type":"article","og_title":"GPH Harpagophytum Bio 200 comprim\u00e9s - paragaleriedetalborjt","og_description":"Highlights:l\u2019harpagophytum est dot\u00e9 notamment d\u2019harpagosides, de glucosides, de phytost\u00e9rols et de flavono\u00efdes vari\u00e9s.Cette plante est id\u00e9ale pour d\u00e9tendre les muscles entre autres, les Africains ont confi\u00e9 aux Europ\u00e9ens qu\u2019elle \u00e9tait id\u00e9ale pour les probl\u00e8mes li\u00e9s aux articulations, ce qui explique pourquoi on l\u2019utilise encore \u00e9norm\u00e9ment, notamment en comprim\u00e9s.","og_url":"https:\/\/paragaleriedetalborjt.com\/en\/boutique\/gph-harpagophytum-bio-200-comprimes\/","og_site_name":"paragaleriedetalborjt","article_modified_time":"2026-01-03T15:32:01+00:00","og_image":[{"width":600,"height":600,"url":"https:\/\/paragaleriedetalborjt.com\/wp-content\/uploads\/2026\/01\/GPH-Harpagophytum-Bio-200cps-600x600-1.jpg","type":"image\/jpeg"}],"twitter_card":"summary_large_image","schema":{"@context":"https:\/\/schema.org","@graph":[{"@type":"WebPage","@id":"https:\/\/paragaleriedetalborjt.com\/boutique\/gph-harpagophytum-bio-200-comprimes\/","url":"https:\/\/paragaleriedetalborjt.com\/boutique\/gph-harpagophytum-bio-200-comprimes\/","name":"GPH Harpagophytum Bio 200 comprim\u00e9s - paragaleriedetalborjt","isPartOf":{"@id":"https:\/\/paragaleriedetalborjt.com\/#website"},"primaryImageOfPage":{"@id":"https:\/\/paragaleriedetalborjt.com\/boutique\/gph-harpagophytum-bio-200-comprimes\/#primaryimage"},"image":{"@id":"https:\/\/paragaleriedetalborjt.com\/boutique\/gph-harpagophytum-bio-200-comprimes\/#primaryimage"},"thumbnailUrl":"https:\/\/paragaleriedetalborjt.com\/wp-content\/uploads\/2026\/01\/GPH-Harpagophytum-Bio-200cps-600x600-1.jpg","datePublished":"2026-01-03T00:51:30+00:00","dateModified":"2026-01-03T15:32:01+00:00","breadcrumb":{"@id":"https:\/\/paragaleriedetalborjt.com\/boutique\/gph-harpagophytum-bio-200-comprimes\/#breadcrumb"},"inLanguage":"en-US","potentialAction":[{"@type":"ReadAction","target":["https:\/\/paragaleriedetalborjt.com\/boutique\/gph-harpagophytum-bio-200-comprimes\/"]}]},{"@type":"ImageObject","inLanguage":"en-US","@id":"https:\/\/paragaleriedetalborjt.com\/boutique\/gph-harpagophytum-bio-200-comprimes\/#primaryimage","url":"https:\/\/paragaleriedetalborjt.com\/wp-content\/uploads\/2026\/01\/GPH-Harpagophytum-Bio-200cps-600x600-1.jpg","contentUrl":"https:\/\/paragaleriedetalborjt.com\/wp-content\/uploads\/2026\/01\/GPH-Harpagophytum-Bio-200cps-600x600-1.jpg","width":600,"height":600},{"@type":"BreadcrumbList","@id":"https:\/\/paragaleriedetalborjt.com\/boutique\/gph-harpagophytum-bio-200-comprimes\/#breadcrumb","itemListElement":[{"@type":"ListItem","position":1,"name":"Accueil","item":"https:\/\/paragaleriedetalborjt.com\/"},{"@type":"ListItem","position":2,"name":"Boutique","item":"https:\/\/paragaleriedetalborjt.com\/boutique\/"},{"@type":"ListItem","position":3,"name":"GPH Harpagophytum Bio 200 comprim\u00e9s"}]},{"@type":"WebSite","@id":"https:\/\/paragaleriedetalborjt.com\/#website","url":"https:\/\/paragaleriedetalborjt.com\/","name":"paragaleriedetalborjt","description":"","potentialAction":[{"@type":"SearchAction","target":{"@type":"EntryPoint","urlTemplate":"https:\/\/paragaleriedetalborjt.com\/?s={search_term_string}"},"query-input":{"@type":"PropertyValueSpecification","valueRequired":true,"valueName":"search_term_string"}}],"inLanguage":"en-US"}]}},"brands":[],"_links":{"self":[{"href":"https:\/\/paragaleriedetalborjt.com\/en\/wp-json\/wp\/v2\/product\/35712","targetHints":{"allow":["GET"]}}],"collection":[{"href":"https:\/\/paragaleriedetalborjt.com\/en\/wp-json\/wp\/v2\/product"}],"about":[{"href":"https:\/\/paragaleriedetalborjt.com\/en\/wp-json\/wp\/v2\/types\/product"}],"replies":[{"embeddable":true,"href":"https:\/\/paragaleriedetalborjt.com\/en\/wp-json\/wp\/v2\/comments?post=35712"}],"version-history":[{"count":1,"href":"https:\/\/paragaleriedetalborjt.com\/en\/wp-json\/wp\/v2\/product\/35712\/revisions"}],"predecessor-version":[{"id":35714,"href":"https:\/\/paragaleriedetalborjt.com\/en\/wp-json\/wp\/v2\/product\/35712\/revisions\/35714"}],"wp:featuredmedia":[{"embeddable":true,"href":"https:\/\/paragaleriedetalborjt.com\/en\/wp-json\/wp\/v2\/media\/35713"}],"wp:attachment":[{"href":"https:\/\/paragaleriedetalborjt.com\/en\/wp-json\/wp\/v2\/media?parent=35712"}],"wp:term":[{"taxonomy":"pwb-brand","embeddable":true,"href":"https:\/\/paragaleriedetalborjt.com\/en\/wp-json\/wp\/v2\/pwb-brand?post=35712"},{"taxonomy":"product_cat","embeddable":true,"href":"https:\/\/paragaleriedetalborjt.com\/en\/wp-json\/wp\/v2\/product_cat?post=35712"},{"taxonomy":"product_tag","embeddable":true,"href":"https:\/\/paragaleriedetalborjt.com\/en\/wp-json\/wp\/v2\/product_tag?post=35712"}],"curies":[{"name":"wp","href":"https:\/\/api.w.org\/{rel}","templated":true}]}}