{"id":35694,"date":"2026-01-03T01:50:55","date_gmt":"2026-01-03T00:50:55","guid":{"rendered":"https:\/\/paragaleriedetalborjt.com\/?post_type=product&#038;p=35694"},"modified":"2026-01-03T16:31:59","modified_gmt":"2026-01-03T15:31:59","slug":"bjorn-axen-color-seal-shampooing-250ml","status":"publish","type":"product","link":"https:\/\/paragaleriedetalborjt.com\/en\/boutique\/bjorn-axen-color-seal-shampooing-250ml\/","title":{"rendered":"Bjorn Axen Color Seal Shampooing 250ml"},"content":{"rendered":"<div aria-labelledby=\"tab-title-description\" class=\"woocommerce-Tabs-panel woocommerce-Tabs-panel--description panel entry-content wc-tab\" id=\"tab-description\" role=\"tabpanel\" style=\"\">\n<h2>Description<\/h2>\n<p><span>Un shampooing doux pour cheveux color\u00e9s, enrichi du Color Seal Complex qui prot\u00e8ge la couleur de la d\u00e9coloration.\u00a0Laisse les cheveux hydrat\u00e9s et doux, tout en am\u00e9liorant leur brillance.\u00a0Pour les cheveux d\u00e9color\u00e9s, nous recommandons d\u2019utiliser Repair \u00e0 la place.<\/span><\/p>\n<p><strong><span>Complexe Color Seal<\/span><\/strong><span>\u00a0\u2013 Maintient la couleur et prot\u00e8ge la couleur de la d\u00e9coloration.<\/span><\/p>\n<p><strong><span>Mol\u00e9cule lisse et antistatique<\/span><\/strong><span>\u00a0\u2013 Emp\u00eache les frisottis et facile \u00e0 d\u00e9m\u00ealer apr\u00e8s le lavage.<\/span><\/p>\n<p><strong><span>Provitamine B5 fortifiante<\/span><\/strong><span>\u00a0\u2013 Fournit une hydratation longue dur\u00e9e et pr\u00e9vient les dommages.<\/span><\/p>\n<p><span>Apr\u00e8s avoir utilis\u00e9 la routine Color Seal\u2026<\/span><\/p>\n<ul>\n<li><span>94 % constatent que leurs cheveux deviennent plus brillants et plus beaux*<\/span><\/li>\n<li><span>91% constatent que la routine nourrit et rajeunit les cheveux sans les alourdir*<\/span><\/li>\n<li><span>89 % des personnes interrog\u00e9es constatent que l\u2019intensit\u00e9 de la couleur est maintenue plus longtemps*<\/span>\n<p><span>*montre un effet test\u00e9 par les consommateurs apr\u00e8s 28 jours d\u2019utilisation.<\/span><\/p>\n<\/li>\n<\/ul>\n<p><strong>Conseils d\u2019utilisation :<\/strong><\/p>\n<p>Appliquer sur cheveux et cuir chevelu mouill\u00e9s. Massez pour cr\u00e9er une mousse riche et rincez abondamment. Combinez-le avec le conditionneur Color Seal pour am\u00e9liorer l\u2019effet de pr\u00e9servation de la couleur.<\/p>\n<\/div>","protected":false},"excerpt":{"rendered":"<p>Highlights:Un shampooing doux pour cheveux color\u00e9s, enrichi du Color Seal Complex qui prot\u00e8ge la couleur de la d\u00e9coloration.\u00a0Laisse les cheveux hydrat\u00e9s et doux, tout en am\u00e9liorant leur brillance.\u00a0Pour les cheveux d\u00e9color\u00e9s, nous recommandons d\u2019utiliser Repair \u00e0 la place.<\/p>","protected":false},"featured_media":35695,"comment_status":"open","ping_status":"closed","template":"","meta":[],"pwb-brand":[],"product_cat":[16],"product_tag":[],"class_list":{"0":"post-35694","1":"product","2":"type-product","3":"status-publish","4":"has-post-thumbnail","6":"product_cat-non-classe","7":"pa_brands-bjorn-axen","9":"first","10":"instock","11":"sale","12":"shipping-taxable","13":"purchasable","14":"product-type-simple"},"yoast_head":"<!-- This site is optimized with the Yoast SEO plugin v27.5 - https:\/\/yoast.com\/product\/yoast-seo-wordpress\/ -->\n<title>Bjorn Axen Color Seal Shampooing 250ml - paragaleriedetalborjt<\/title>\n<meta name=\"robots\" content=\"index, follow, max-snippet:-1, max-image-preview:large, max-video-preview:-1\" \/>\n<link rel=\"canonical\" href=\"https:\/\/paragaleriedetalborjt.com\/en\/boutique\/bjorn-axen-color-seal-shampooing-250ml\/\" \/>\n<meta property=\"og:locale\" content=\"en_US\" \/>\n<meta property=\"og:type\" content=\"article\" \/>\n<meta property=\"og:title\" content=\"Bjorn Axen Color Seal Shampooing 250ml - paragaleriedetalborjt\" \/>\n<meta property=\"og:description\" content=\"Highlights:Un shampooing doux pour cheveux color\u00e9s, enrichi du Color Seal Complex qui prot\u00e8ge la couleur de la d\u00e9coloration.\u00a0Laisse les cheveux hydrat\u00e9s et doux, tout en am\u00e9liorant leur brillance.\u00a0Pour les cheveux d\u00e9color\u00e9s, nous recommandons d\u2019utiliser Repair \u00e0 la place.\" \/>\n<meta property=\"og:url\" content=\"https:\/\/paragaleriedetalborjt.com\/en\/boutique\/bjorn-axen-color-seal-shampooing-250ml\/\" \/>\n<meta property=\"og:site_name\" content=\"paragaleriedetalborjt\" \/>\n<meta property=\"article:modified_time\" content=\"2026-01-03T15:31:59+00:00\" \/>\n<meta property=\"og:image\" content=\"https:\/\/paragaleriedetalborjt.com\/wp-content\/uploads\/2026\/01\/bjorn-axen-color-seal-shampooing-250ml-parapharmacie-prix-maroc.jpg\" \/>\n\t<meta property=\"og:image:width\" content=\"595\" \/>\n\t<meta property=\"og:image:height\" content=\"655\" \/>\n\t<meta property=\"og:image:type\" content=\"image\/jpeg\" \/>\n<meta name=\"twitter:card\" content=\"summary_large_image\" \/>\n<meta name=\"twitter:label1\" content=\"Est. reading time\" \/>\n\t<meta name=\"twitter:data1\" content=\"1 minute\" \/>\n<script type=\"application\/ld+json\" class=\"yoast-schema-graph\">{\"@context\":\"https:\\\/\\\/schema.org\",\"@graph\":[{\"@type\":\"WebPage\",\"@id\":\"https:\\\/\\\/paragaleriedetalborjt.com\\\/boutique\\\/bjorn-axen-color-seal-shampooing-250ml\\\/\",\"url\":\"https:\\\/\\\/paragaleriedetalborjt.com\\\/boutique\\\/bjorn-axen-color-seal-shampooing-250ml\\\/\",\"name\":\"Bjorn Axen Color Seal Shampooing 250ml - paragaleriedetalborjt\",\"isPartOf\":{\"@id\":\"https:\\\/\\\/paragaleriedetalborjt.com\\\/#website\"},\"primaryImageOfPage\":{\"@id\":\"https:\\\/\\\/paragaleriedetalborjt.com\\\/boutique\\\/bjorn-axen-color-seal-shampooing-250ml\\\/#primaryimage\"},\"image\":{\"@id\":\"https:\\\/\\\/paragaleriedetalborjt.com\\\/boutique\\\/bjorn-axen-color-seal-shampooing-250ml\\\/#primaryimage\"},\"thumbnailUrl\":\"https:\\\/\\\/paragaleriedetalborjt.com\\\/wp-content\\\/uploads\\\/2026\\\/01\\\/bjorn-axen-color-seal-shampooing-250ml-parapharmacie-prix-maroc.jpg\",\"datePublished\":\"2026-01-03T00:50:55+00:00\",\"dateModified\":\"2026-01-03T15:31:59+00:00\",\"breadcrumb\":{\"@id\":\"https:\\\/\\\/paragaleriedetalborjt.com\\\/boutique\\\/bjorn-axen-color-seal-shampooing-250ml\\\/#breadcrumb\"},\"inLanguage\":\"en-US\",\"potentialAction\":[{\"@type\":\"ReadAction\",\"target\":[\"https:\\\/\\\/paragaleriedetalborjt.com\\\/boutique\\\/bjorn-axen-color-seal-shampooing-250ml\\\/\"]}]},{\"@type\":\"ImageObject\",\"inLanguage\":\"en-US\",\"@id\":\"https:\\\/\\\/paragaleriedetalborjt.com\\\/boutique\\\/bjorn-axen-color-seal-shampooing-250ml\\\/#primaryimage\",\"url\":\"https:\\\/\\\/paragaleriedetalborjt.com\\\/wp-content\\\/uploads\\\/2026\\\/01\\\/bjorn-axen-color-seal-shampooing-250ml-parapharmacie-prix-maroc.jpg\",\"contentUrl\":\"https:\\\/\\\/paragaleriedetalborjt.com\\\/wp-content\\\/uploads\\\/2026\\\/01\\\/bjorn-axen-color-seal-shampooing-250ml-parapharmacie-prix-maroc.jpg\",\"width\":595,\"height\":655},{\"@type\":\"BreadcrumbList\",\"@id\":\"https:\\\/\\\/paragaleriedetalborjt.com\\\/boutique\\\/bjorn-axen-color-seal-shampooing-250ml\\\/#breadcrumb\",\"itemListElement\":[{\"@type\":\"ListItem\",\"position\":1,\"name\":\"Accueil\",\"item\":\"https:\\\/\\\/paragaleriedetalborjt.com\\\/\"},{\"@type\":\"ListItem\",\"position\":2,\"name\":\"Boutique\",\"item\":\"https:\\\/\\\/paragaleriedetalborjt.com\\\/boutique\\\/\"},{\"@type\":\"ListItem\",\"position\":3,\"name\":\"Bjorn Axen Color Seal Shampooing 250ml\"}]},{\"@type\":\"WebSite\",\"@id\":\"https:\\\/\\\/paragaleriedetalborjt.com\\\/#website\",\"url\":\"https:\\\/\\\/paragaleriedetalborjt.com\\\/\",\"name\":\"paragaleriedetalborjt\",\"description\":\"\",\"potentialAction\":[{\"@type\":\"SearchAction\",\"target\":{\"@type\":\"EntryPoint\",\"urlTemplate\":\"https:\\\/\\\/paragaleriedetalborjt.com\\\/?s={search_term_string}\"},\"query-input\":{\"@type\":\"PropertyValueSpecification\",\"valueRequired\":true,\"valueName\":\"search_term_string\"}}],\"inLanguage\":\"en-US\"}]}<\/script>\n<!-- \/ Yoast SEO plugin. -->","yoast_head_json":{"title":"Bjorn Axen Color Seal Shampooing 250ml - paragaleriedetalborjt","robots":{"index":"index","follow":"follow","max-snippet":"max-snippet:-1","max-image-preview":"max-image-preview:large","max-video-preview":"max-video-preview:-1"},"canonical":"https:\/\/paragaleriedetalborjt.com\/en\/boutique\/bjorn-axen-color-seal-shampooing-250ml\/","og_locale":"en_US","og_type":"article","og_title":"Bjorn Axen Color Seal Shampooing 250ml - paragaleriedetalborjt","og_description":"Highlights:Un shampooing doux pour cheveux color\u00e9s, enrichi du Color Seal Complex qui prot\u00e8ge la couleur de la d\u00e9coloration.\u00a0Laisse les cheveux hydrat\u00e9s et doux, tout en am\u00e9liorant leur brillance.\u00a0Pour les cheveux d\u00e9color\u00e9s, nous recommandons d\u2019utiliser Repair \u00e0 la place.","og_url":"https:\/\/paragaleriedetalborjt.com\/en\/boutique\/bjorn-axen-color-seal-shampooing-250ml\/","og_site_name":"paragaleriedetalborjt","article_modified_time":"2026-01-03T15:31:59+00:00","og_image":[{"width":595,"height":655,"url":"https:\/\/paragaleriedetalborjt.com\/wp-content\/uploads\/2026\/01\/bjorn-axen-color-seal-shampooing-250ml-parapharmacie-prix-maroc.jpg","type":"image\/jpeg"}],"twitter_card":"summary_large_image","twitter_misc":{"Est. reading time":"1 minute"},"schema":{"@context":"https:\/\/schema.org","@graph":[{"@type":"WebPage","@id":"https:\/\/paragaleriedetalborjt.com\/boutique\/bjorn-axen-color-seal-shampooing-250ml\/","url":"https:\/\/paragaleriedetalborjt.com\/boutique\/bjorn-axen-color-seal-shampooing-250ml\/","name":"Bjorn Axen Color Seal Shampooing 250ml - paragaleriedetalborjt","isPartOf":{"@id":"https:\/\/paragaleriedetalborjt.com\/#website"},"primaryImageOfPage":{"@id":"https:\/\/paragaleriedetalborjt.com\/boutique\/bjorn-axen-color-seal-shampooing-250ml\/#primaryimage"},"image":{"@id":"https:\/\/paragaleriedetalborjt.com\/boutique\/bjorn-axen-color-seal-shampooing-250ml\/#primaryimage"},"thumbnailUrl":"https:\/\/paragaleriedetalborjt.com\/wp-content\/uploads\/2026\/01\/bjorn-axen-color-seal-shampooing-250ml-parapharmacie-prix-maroc.jpg","datePublished":"2026-01-03T00:50:55+00:00","dateModified":"2026-01-03T15:31:59+00:00","breadcrumb":{"@id":"https:\/\/paragaleriedetalborjt.com\/boutique\/bjorn-axen-color-seal-shampooing-250ml\/#breadcrumb"},"inLanguage":"en-US","potentialAction":[{"@type":"ReadAction","target":["https:\/\/paragaleriedetalborjt.com\/boutique\/bjorn-axen-color-seal-shampooing-250ml\/"]}]},{"@type":"ImageObject","inLanguage":"en-US","@id":"https:\/\/paragaleriedetalborjt.com\/boutique\/bjorn-axen-color-seal-shampooing-250ml\/#primaryimage","url":"https:\/\/paragaleriedetalborjt.com\/wp-content\/uploads\/2026\/01\/bjorn-axen-color-seal-shampooing-250ml-parapharmacie-prix-maroc.jpg","contentUrl":"https:\/\/paragaleriedetalborjt.com\/wp-content\/uploads\/2026\/01\/bjorn-axen-color-seal-shampooing-250ml-parapharmacie-prix-maroc.jpg","width":595,"height":655},{"@type":"BreadcrumbList","@id":"https:\/\/paragaleriedetalborjt.com\/boutique\/bjorn-axen-color-seal-shampooing-250ml\/#breadcrumb","itemListElement":[{"@type":"ListItem","position":1,"name":"Accueil","item":"https:\/\/paragaleriedetalborjt.com\/"},{"@type":"ListItem","position":2,"name":"Boutique","item":"https:\/\/paragaleriedetalborjt.com\/boutique\/"},{"@type":"ListItem","position":3,"name":"Bjorn Axen Color Seal Shampooing 250ml"}]},{"@type":"WebSite","@id":"https:\/\/paragaleriedetalborjt.com\/#website","url":"https:\/\/paragaleriedetalborjt.com\/","name":"paragaleriedetalborjt","description":"","potentialAction":[{"@type":"SearchAction","target":{"@type":"EntryPoint","urlTemplate":"https:\/\/paragaleriedetalborjt.com\/?s={search_term_string}"},"query-input":{"@type":"PropertyValueSpecification","valueRequired":true,"valueName":"search_term_string"}}],"inLanguage":"en-US"}]}},"brands":[],"_links":{"self":[{"href":"https:\/\/paragaleriedetalborjt.com\/en\/wp-json\/wp\/v2\/product\/35694","targetHints":{"allow":["GET"]}}],"collection":[{"href":"https:\/\/paragaleriedetalborjt.com\/en\/wp-json\/wp\/v2\/product"}],"about":[{"href":"https:\/\/paragaleriedetalborjt.com\/en\/wp-json\/wp\/v2\/types\/product"}],"replies":[{"embeddable":true,"href":"https:\/\/paragaleriedetalborjt.com\/en\/wp-json\/wp\/v2\/comments?post=35694"}],"version-history":[{"count":1,"href":"https:\/\/paragaleriedetalborjt.com\/en\/wp-json\/wp\/v2\/product\/35694\/revisions"}],"predecessor-version":[{"id":35696,"href":"https:\/\/paragaleriedetalborjt.com\/en\/wp-json\/wp\/v2\/product\/35694\/revisions\/35696"}],"wp:featuredmedia":[{"embeddable":true,"href":"https:\/\/paragaleriedetalborjt.com\/en\/wp-json\/wp\/v2\/media\/35695"}],"wp:attachment":[{"href":"https:\/\/paragaleriedetalborjt.com\/en\/wp-json\/wp\/v2\/media?parent=35694"}],"wp:term":[{"taxonomy":"pwb-brand","embeddable":true,"href":"https:\/\/paragaleriedetalborjt.com\/en\/wp-json\/wp\/v2\/pwb-brand?post=35694"},{"taxonomy":"product_cat","embeddable":true,"href":"https:\/\/paragaleriedetalborjt.com\/en\/wp-json\/wp\/v2\/product_cat?post=35694"},{"taxonomy":"product_tag","embeddable":true,"href":"https:\/\/paragaleriedetalborjt.com\/en\/wp-json\/wp\/v2\/product_tag?post=35694"}],"curies":[{"name":"wp","href":"https:\/\/api.w.org\/{rel}","templated":true}]}}