{"id":35652,"date":"2026-01-03T01:42:56","date_gmt":"2026-01-03T00:42:56","guid":{"rendered":"https:\/\/paragaleriedetalborjt.com\/?post_type=product&#038;p=35652"},"modified":"2026-01-03T16:31:57","modified_gmt":"2026-01-03T15:31:57","slug":"physialis-50-opaque-30ml","status":"publish","type":"product","link":"https:\/\/paragaleriedetalborjt.com\/en\/boutique\/physialis-50-opaque-30ml\/","title":{"rendered":"PHYSIALIS 50+ Opaque 30ML"},"content":{"rendered":"<div aria-labelledby=\"tab-title-description\" class=\"woocommerce-Tabs-panel woocommerce-Tabs-panel--description panel entry-content wc-tab\" id=\"tab-description\" role=\"tabpanel\" style=\"\">\n<h2>Description<\/h2>\n<p>Le PHYSIALIS 50+ Opaque est une cr\u00e8me solaire \u00e0 haute protection solaire sp\u00e9cialement con\u00e7ue pour les peaux sensibles et expos\u00e9es au soleil. Cette cr\u00e8me solaire a une texture opaque, offrant une couverture intense et durable.<br \/>\nChaque flacon contient 30 ml de produit, ce qui le rend pratique pour une utilisation quotidienne ou en d\u00e9placement. Il est \u00e9quip\u00e9 d\u2019un applicateur pour une application facile et pr\u00e9cise sur la peau.<br \/>\nLe PHYSIALIS 50+ Opaque offre une protection puissante contre les rayons UVA et UVB nocifs du soleil. Sa formule avanc\u00e9e aide \u00e0 pr\u00e9venir les coups de soleil, les dommages cutan\u00e9s \u00e0 long terme et le vieillissement pr\u00e9matur\u00e9 de la peau caus\u00e9s par l\u2019exposition au soleil.<\/p>\n<\/div>","protected":false},"excerpt":{"rendered":"<p>Highlights:Cr\u00e8me solaire \u00e0 haute protection solaire sp\u00e9cialement con\u00e7ue pour les peaux sensibles et expos\u00e9es au soleil. Cette cr\u00e8me solaire a une texture opaque, offrant une couverture intense et durable.<\/p>","protected":false},"featured_media":35653,"comment_status":"open","ping_status":"closed","template":"","meta":[],"pwb-brand":[],"product_cat":[16],"product_tag":[],"class_list":{"0":"post-35652","1":"product","2":"type-product","3":"status-publish","4":"has-post-thumbnail","6":"product_cat-non-classe","7":"pa_brands-physialis","9":"first","10":"instock","11":"sale","12":"shipping-taxable","13":"purchasable","14":"product-type-simple"},"yoast_head":"<!-- This site is optimized with the Yoast SEO plugin v26.9 - https:\/\/yoast.com\/product\/yoast-seo-wordpress\/ -->\n<title>PHYSIALIS 50+ Opaque 30ML - paragaleriedetalborjt<\/title>\n<meta name=\"robots\" content=\"index, follow, max-snippet:-1, max-image-preview:large, max-video-preview:-1\" \/>\n<link rel=\"canonical\" href=\"https:\/\/paragaleriedetalborjt.com\/en\/boutique\/physialis-50-opaque-30ml\/\" \/>\n<meta property=\"og:locale\" content=\"en_US\" \/>\n<meta property=\"og:type\" content=\"article\" \/>\n<meta property=\"og:title\" content=\"PHYSIALIS 50+ Opaque 30ML - paragaleriedetalborjt\" \/>\n<meta property=\"og:description\" content=\"Highlights:Cr\u00e8me solaire \u00e0 haute protection solaire sp\u00e9cialement con\u00e7ue pour les peaux sensibles et expos\u00e9es au soleil. Cette cr\u00e8me solaire a une texture opaque, offrant une couverture intense et durable.\" \/>\n<meta property=\"og:url\" content=\"https:\/\/paragaleriedetalborjt.com\/en\/boutique\/physialis-50-opaque-30ml\/\" \/>\n<meta property=\"og:site_name\" content=\"paragaleriedetalborjt\" \/>\n<meta property=\"article:modified_time\" content=\"2026-01-03T15:31:57+00:00\" \/>\n<meta property=\"og:image\" content=\"https:\/\/paragaleriedetalborjt.com\/wp-content\/uploads\/2026\/01\/Physialis-50-Opaque-30ml-600x722-1.jpg\" \/>\n\t<meta property=\"og:image:width\" content=\"600\" \/>\n\t<meta property=\"og:image:height\" content=\"722\" \/>\n\t<meta property=\"og:image:type\" content=\"image\/jpeg\" \/>\n<meta name=\"twitter:card\" content=\"summary_large_image\" \/>\n<meta name=\"twitter:label1\" content=\"Est. reading time\" \/>\n\t<meta name=\"twitter:data1\" content=\"1 minute\" \/>\n<script type=\"application\/ld+json\" class=\"yoast-schema-graph\">{\"@context\":\"https:\/\/schema.org\",\"@graph\":[{\"@type\":\"WebPage\",\"@id\":\"https:\/\/paragaleriedetalborjt.com\/boutique\/physialis-50-opaque-30ml\/\",\"url\":\"https:\/\/paragaleriedetalborjt.com\/boutique\/physialis-50-opaque-30ml\/\",\"name\":\"PHYSIALIS 50+ Opaque 30ML - paragaleriedetalborjt\",\"isPartOf\":{\"@id\":\"https:\/\/paragaleriedetalborjt.com\/#website\"},\"primaryImageOfPage\":{\"@id\":\"https:\/\/paragaleriedetalborjt.com\/boutique\/physialis-50-opaque-30ml\/#primaryimage\"},\"image\":{\"@id\":\"https:\/\/paragaleriedetalborjt.com\/boutique\/physialis-50-opaque-30ml\/#primaryimage\"},\"thumbnailUrl\":\"https:\/\/paragaleriedetalborjt.com\/wp-content\/uploads\/2026\/01\/Physialis-50-Opaque-30ml-600x722-1.jpg\",\"datePublished\":\"2026-01-03T00:42:56+00:00\",\"dateModified\":\"2026-01-03T15:31:57+00:00\",\"breadcrumb\":{\"@id\":\"https:\/\/paragaleriedetalborjt.com\/boutique\/physialis-50-opaque-30ml\/#breadcrumb\"},\"inLanguage\":\"en-US\",\"potentialAction\":[{\"@type\":\"ReadAction\",\"target\":[\"https:\/\/paragaleriedetalborjt.com\/boutique\/physialis-50-opaque-30ml\/\"]}]},{\"@type\":\"ImageObject\",\"inLanguage\":\"en-US\",\"@id\":\"https:\/\/paragaleriedetalborjt.com\/boutique\/physialis-50-opaque-30ml\/#primaryimage\",\"url\":\"https:\/\/paragaleriedetalborjt.com\/wp-content\/uploads\/2026\/01\/Physialis-50-Opaque-30ml-600x722-1.jpg\",\"contentUrl\":\"https:\/\/paragaleriedetalborjt.com\/wp-content\/uploads\/2026\/01\/Physialis-50-Opaque-30ml-600x722-1.jpg\",\"width\":600,\"height\":722},{\"@type\":\"BreadcrumbList\",\"@id\":\"https:\/\/paragaleriedetalborjt.com\/boutique\/physialis-50-opaque-30ml\/#breadcrumb\",\"itemListElement\":[{\"@type\":\"ListItem\",\"position\":1,\"name\":\"Accueil\",\"item\":\"https:\/\/paragaleriedetalborjt.com\/\"},{\"@type\":\"ListItem\",\"position\":2,\"name\":\"Boutique\",\"item\":\"https:\/\/paragaleriedetalborjt.com\/boutique\/\"},{\"@type\":\"ListItem\",\"position\":3,\"name\":\"PHYSIALIS 50+ Opaque 30ML\"}]},{\"@type\":\"WebSite\",\"@id\":\"https:\/\/paragaleriedetalborjt.com\/#website\",\"url\":\"https:\/\/paragaleriedetalborjt.com\/\",\"name\":\"paragaleriedetalborjt\",\"description\":\"\",\"potentialAction\":[{\"@type\":\"SearchAction\",\"target\":{\"@type\":\"EntryPoint\",\"urlTemplate\":\"https:\/\/paragaleriedetalborjt.com\/?s={search_term_string}\"},\"query-input\":{\"@type\":\"PropertyValueSpecification\",\"valueRequired\":true,\"valueName\":\"search_term_string\"}}],\"inLanguage\":\"en-US\"}]}<\/script>\n<!-- \/ Yoast SEO plugin. -->","yoast_head_json":{"title":"PHYSIALIS 50+ Opaque 30ML - paragaleriedetalborjt","robots":{"index":"index","follow":"follow","max-snippet":"max-snippet:-1","max-image-preview":"max-image-preview:large","max-video-preview":"max-video-preview:-1"},"canonical":"https:\/\/paragaleriedetalborjt.com\/en\/boutique\/physialis-50-opaque-30ml\/","og_locale":"en_US","og_type":"article","og_title":"PHYSIALIS 50+ Opaque 30ML - paragaleriedetalborjt","og_description":"Highlights:Cr\u00e8me solaire \u00e0 haute protection solaire sp\u00e9cialement con\u00e7ue pour les peaux sensibles et expos\u00e9es au soleil. Cette cr\u00e8me solaire a une texture opaque, offrant une couverture intense et durable.","og_url":"https:\/\/paragaleriedetalborjt.com\/en\/boutique\/physialis-50-opaque-30ml\/","og_site_name":"paragaleriedetalborjt","article_modified_time":"2026-01-03T15:31:57+00:00","og_image":[{"width":600,"height":722,"url":"https:\/\/paragaleriedetalborjt.com\/wp-content\/uploads\/2026\/01\/Physialis-50-Opaque-30ml-600x722-1.jpg","type":"image\/jpeg"}],"twitter_card":"summary_large_image","twitter_misc":{"Est. reading time":"1 minute"},"schema":{"@context":"https:\/\/schema.org","@graph":[{"@type":"WebPage","@id":"https:\/\/paragaleriedetalborjt.com\/boutique\/physialis-50-opaque-30ml\/","url":"https:\/\/paragaleriedetalborjt.com\/boutique\/physialis-50-opaque-30ml\/","name":"PHYSIALIS 50+ Opaque 30ML - paragaleriedetalborjt","isPartOf":{"@id":"https:\/\/paragaleriedetalborjt.com\/#website"},"primaryImageOfPage":{"@id":"https:\/\/paragaleriedetalborjt.com\/boutique\/physialis-50-opaque-30ml\/#primaryimage"},"image":{"@id":"https:\/\/paragaleriedetalborjt.com\/boutique\/physialis-50-opaque-30ml\/#primaryimage"},"thumbnailUrl":"https:\/\/paragaleriedetalborjt.com\/wp-content\/uploads\/2026\/01\/Physialis-50-Opaque-30ml-600x722-1.jpg","datePublished":"2026-01-03T00:42:56+00:00","dateModified":"2026-01-03T15:31:57+00:00","breadcrumb":{"@id":"https:\/\/paragaleriedetalborjt.com\/boutique\/physialis-50-opaque-30ml\/#breadcrumb"},"inLanguage":"en-US","potentialAction":[{"@type":"ReadAction","target":["https:\/\/paragaleriedetalborjt.com\/boutique\/physialis-50-opaque-30ml\/"]}]},{"@type":"ImageObject","inLanguage":"en-US","@id":"https:\/\/paragaleriedetalborjt.com\/boutique\/physialis-50-opaque-30ml\/#primaryimage","url":"https:\/\/paragaleriedetalborjt.com\/wp-content\/uploads\/2026\/01\/Physialis-50-Opaque-30ml-600x722-1.jpg","contentUrl":"https:\/\/paragaleriedetalborjt.com\/wp-content\/uploads\/2026\/01\/Physialis-50-Opaque-30ml-600x722-1.jpg","width":600,"height":722},{"@type":"BreadcrumbList","@id":"https:\/\/paragaleriedetalborjt.com\/boutique\/physialis-50-opaque-30ml\/#breadcrumb","itemListElement":[{"@type":"ListItem","position":1,"name":"Accueil","item":"https:\/\/paragaleriedetalborjt.com\/"},{"@type":"ListItem","position":2,"name":"Boutique","item":"https:\/\/paragaleriedetalborjt.com\/boutique\/"},{"@type":"ListItem","position":3,"name":"PHYSIALIS 50+ Opaque 30ML"}]},{"@type":"WebSite","@id":"https:\/\/paragaleriedetalborjt.com\/#website","url":"https:\/\/paragaleriedetalborjt.com\/","name":"paragaleriedetalborjt","description":"","potentialAction":[{"@type":"SearchAction","target":{"@type":"EntryPoint","urlTemplate":"https:\/\/paragaleriedetalborjt.com\/?s={search_term_string}"},"query-input":{"@type":"PropertyValueSpecification","valueRequired":true,"valueName":"search_term_string"}}],"inLanguage":"en-US"}]}},"brands":[],"_links":{"self":[{"href":"https:\/\/paragaleriedetalborjt.com\/en\/wp-json\/wp\/v2\/product\/35652","targetHints":{"allow":["GET"]}}],"collection":[{"href":"https:\/\/paragaleriedetalborjt.com\/en\/wp-json\/wp\/v2\/product"}],"about":[{"href":"https:\/\/paragaleriedetalborjt.com\/en\/wp-json\/wp\/v2\/types\/product"}],"replies":[{"embeddable":true,"href":"https:\/\/paragaleriedetalborjt.com\/en\/wp-json\/wp\/v2\/comments?post=35652"}],"version-history":[{"count":1,"href":"https:\/\/paragaleriedetalborjt.com\/en\/wp-json\/wp\/v2\/product\/35652\/revisions"}],"predecessor-version":[{"id":35654,"href":"https:\/\/paragaleriedetalborjt.com\/en\/wp-json\/wp\/v2\/product\/35652\/revisions\/35654"}],"wp:featuredmedia":[{"embeddable":true,"href":"https:\/\/paragaleriedetalborjt.com\/en\/wp-json\/wp\/v2\/media\/35653"}],"wp:attachment":[{"href":"https:\/\/paragaleriedetalborjt.com\/en\/wp-json\/wp\/v2\/media?parent=35652"}],"wp:term":[{"taxonomy":"pwb-brand","embeddable":true,"href":"https:\/\/paragaleriedetalborjt.com\/en\/wp-json\/wp\/v2\/pwb-brand?post=35652"},{"taxonomy":"product_cat","embeddable":true,"href":"https:\/\/paragaleriedetalborjt.com\/en\/wp-json\/wp\/v2\/product_cat?post=35652"},{"taxonomy":"product_tag","embeddable":true,"href":"https:\/\/paragaleriedetalborjt.com\/en\/wp-json\/wp\/v2\/product_tag?post=35652"}],"curies":[{"name":"wp","href":"https:\/\/api.w.org\/{rel}","templated":true}]}}