{"id":35643,"date":"2026-01-03T01:42:41","date_gmt":"2026-01-03T00:42:41","guid":{"rendered":"https:\/\/paragaleriedetalborjt.com\/?post_type=product&#038;p=35643"},"modified":"2026-01-03T16:31:56","modified_gmt":"2026-01-03T15:31:56","slug":"puressentiel-gommes-menthe-eucalyptus-respiratoire-45gr","status":"publish","type":"product","link":"https:\/\/paragaleriedetalborjt.com\/en\/boutique\/puressentiel-gommes-menthe-eucalyptus-respiratoire-45gr\/","title":{"rendered":"PURESSENTIEL  Gommes Menthe-Eucalyptus Respiratoire 45gr"},"content":{"rendered":"<div aria-labelledby=\"tab-title-description\" class=\"woocommerce-Tabs-panel woocommerce-Tabs-panel--description panel entry-content wc-tab\" id=\"tab-description\" role=\"tabpanel\" style=\"\">\n<h2>Description<\/h2>\n<p>Les gommes menthe eucalyptus Respiratoire Puressentiel contiennent de l\u2019huile essentielle de menthe \u00e0 l\u2019effet apaisant sur la gorge, le pharynx et les cordes vocales.<\/p>\n<p>Sans sucres, ces gommes ont un go\u00fbt agr\u00e9able et rafraichissant.<\/p>\n<p>Sans colorant \u2013 Sans conservateur \u2013 Sans g\u00e9latine animale \u2013 Sans ar\u00f4me de synth\u00e8se<\/p>\n<p>Conseils :<br \/>\nComment utiliser les Gommes Menthe Eucalyptus Respiratoire ?<\/p>\n<p>Il est conseill\u00e9 de prendre 3 \u00e0 6 gommes par jour pendant 5 jours maximum pour les adultes et enfants de plus de 7 ans.<\/p>\n<p>Pr\u00e9cautions d\u2019emploi :<br \/>\nCes gommes sont d\u00e9conseill\u00e9es aux femmes enceintes ou allaitant, et aux enfants de moins de 7 ans. Ne pas d\u00e9passer la dose journali\u00e8re recommand\u00e9e. Tenir hors de port\u00e9e des jeunes enfants. Ne se substitue pas \u00e0 une alimentation vari\u00e9e et \u00e9quilibr\u00e9e et \u00e0 un mode de vie sain. Une consommation excessive peut avoir des effets laxatifs.<br \/>\nA conserver dans un endroit sec et frais.<\/p>\n<\/div>","protected":false},"excerpt":{"rendered":"<p>Highlights:Les gommes menthe eucalyptus Respiratoire Puressentiel contiennent de l\u2019huile essentielle de menthe \u00e0 l\u2019effet apaisant sur la gorge, le pharynx et les cordes vocales.<\/p>","protected":false},"featured_media":35644,"comment_status":"open","ping_status":"closed","template":"","meta":[],"pwb-brand":[],"product_cat":[16],"product_tag":[],"class_list":{"0":"post-35643","1":"product","2":"type-product","3":"status-publish","4":"has-post-thumbnail","6":"product_cat-non-classe","7":"pa_brands-puressentiel","9":"first","10":"instock","11":"sale","12":"shipping-taxable","13":"purchasable","14":"product-type-simple"},"yoast_head":"<!-- This site is optimized with the Yoast SEO plugin v27.5 - https:\/\/yoast.com\/product\/yoast-seo-wordpress\/ -->\n<title>PURESSENTIEL Gommes Menthe-Eucalyptus Respiratoire 45gr - paragaleriedetalborjt<\/title>\n<meta name=\"robots\" content=\"index, follow, max-snippet:-1, max-image-preview:large, max-video-preview:-1\" \/>\n<link rel=\"canonical\" href=\"https:\/\/paragaleriedetalborjt.com\/en\/boutique\/puressentiel-gommes-menthe-eucalyptus-respiratoire-45gr\/\" \/>\n<meta property=\"og:locale\" content=\"en_US\" \/>\n<meta property=\"og:type\" content=\"article\" \/>\n<meta property=\"og:title\" content=\"PURESSENTIEL Gommes Menthe-Eucalyptus Respiratoire 45gr - paragaleriedetalborjt\" \/>\n<meta property=\"og:description\" content=\"Highlights:Les gommes menthe eucalyptus Respiratoire Puressentiel contiennent de l\u2019huile essentielle de menthe \u00e0 l\u2019effet apaisant sur la gorge, le pharynx et les cordes vocales.\" \/>\n<meta property=\"og:url\" content=\"https:\/\/paragaleriedetalborjt.com\/en\/boutique\/puressentiel-gommes-menthe-eucalyptus-respiratoire-45gr\/\" \/>\n<meta property=\"og:site_name\" content=\"paragaleriedetalborjt\" \/>\n<meta property=\"article:modified_time\" content=\"2026-01-03T15:31:56+00:00\" \/>\n<meta property=\"og:image\" content=\"https:\/\/paragaleriedetalborjt.com\/wp-content\/uploads\/2026\/01\/Puressentiel-Respiratoire-Gommes-Adoucissantes-45gr.jpg\" \/>\n\t<meta property=\"og:image:width\" content=\"595\" \/>\n\t<meta property=\"og:image:height\" content=\"655\" \/>\n\t<meta property=\"og:image:type\" content=\"image\/jpeg\" \/>\n<meta name=\"twitter:card\" content=\"summary_large_image\" \/>\n<meta name=\"twitter:label1\" content=\"Est. reading time\" \/>\n\t<meta name=\"twitter:data1\" content=\"1 minute\" \/>\n<script type=\"application\/ld+json\" class=\"yoast-schema-graph\">{\"@context\":\"https:\\\/\\\/schema.org\",\"@graph\":[{\"@type\":\"WebPage\",\"@id\":\"https:\\\/\\\/paragaleriedetalborjt.com\\\/boutique\\\/puressentiel-gommes-menthe-eucalyptus-respiratoire-45gr\\\/\",\"url\":\"https:\\\/\\\/paragaleriedetalborjt.com\\\/boutique\\\/puressentiel-gommes-menthe-eucalyptus-respiratoire-45gr\\\/\",\"name\":\"PURESSENTIEL Gommes Menthe-Eucalyptus Respiratoire 45gr - paragaleriedetalborjt\",\"isPartOf\":{\"@id\":\"https:\\\/\\\/paragaleriedetalborjt.com\\\/#website\"},\"primaryImageOfPage\":{\"@id\":\"https:\\\/\\\/paragaleriedetalborjt.com\\\/boutique\\\/puressentiel-gommes-menthe-eucalyptus-respiratoire-45gr\\\/#primaryimage\"},\"image\":{\"@id\":\"https:\\\/\\\/paragaleriedetalborjt.com\\\/boutique\\\/puressentiel-gommes-menthe-eucalyptus-respiratoire-45gr\\\/#primaryimage\"},\"thumbnailUrl\":\"https:\\\/\\\/paragaleriedetalborjt.com\\\/wp-content\\\/uploads\\\/2026\\\/01\\\/Puressentiel-Respiratoire-Gommes-Adoucissantes-45gr.jpg\",\"datePublished\":\"2026-01-03T00:42:41+00:00\",\"dateModified\":\"2026-01-03T15:31:56+00:00\",\"breadcrumb\":{\"@id\":\"https:\\\/\\\/paragaleriedetalborjt.com\\\/boutique\\\/puressentiel-gommes-menthe-eucalyptus-respiratoire-45gr\\\/#breadcrumb\"},\"inLanguage\":\"en-US\",\"potentialAction\":[{\"@type\":\"ReadAction\",\"target\":[\"https:\\\/\\\/paragaleriedetalborjt.com\\\/boutique\\\/puressentiel-gommes-menthe-eucalyptus-respiratoire-45gr\\\/\"]}]},{\"@type\":\"ImageObject\",\"inLanguage\":\"en-US\",\"@id\":\"https:\\\/\\\/paragaleriedetalborjt.com\\\/boutique\\\/puressentiel-gommes-menthe-eucalyptus-respiratoire-45gr\\\/#primaryimage\",\"url\":\"https:\\\/\\\/paragaleriedetalborjt.com\\\/wp-content\\\/uploads\\\/2026\\\/01\\\/Puressentiel-Respiratoire-Gommes-Adoucissantes-45gr.jpg\",\"contentUrl\":\"https:\\\/\\\/paragaleriedetalborjt.com\\\/wp-content\\\/uploads\\\/2026\\\/01\\\/Puressentiel-Respiratoire-Gommes-Adoucissantes-45gr.jpg\",\"width\":595,\"height\":655},{\"@type\":\"BreadcrumbList\",\"@id\":\"https:\\\/\\\/paragaleriedetalborjt.com\\\/boutique\\\/puressentiel-gommes-menthe-eucalyptus-respiratoire-45gr\\\/#breadcrumb\",\"itemListElement\":[{\"@type\":\"ListItem\",\"position\":1,\"name\":\"Accueil\",\"item\":\"https:\\\/\\\/paragaleriedetalborjt.com\\\/\"},{\"@type\":\"ListItem\",\"position\":2,\"name\":\"Boutique\",\"item\":\"https:\\\/\\\/paragaleriedetalborjt.com\\\/boutique\\\/\"},{\"@type\":\"ListItem\",\"position\":3,\"name\":\"PURESSENTIEL Gommes Menthe-Eucalyptus Respiratoire 45gr\"}]},{\"@type\":\"WebSite\",\"@id\":\"https:\\\/\\\/paragaleriedetalborjt.com\\\/#website\",\"url\":\"https:\\\/\\\/paragaleriedetalborjt.com\\\/\",\"name\":\"paragaleriedetalborjt\",\"description\":\"\",\"potentialAction\":[{\"@type\":\"SearchAction\",\"target\":{\"@type\":\"EntryPoint\",\"urlTemplate\":\"https:\\\/\\\/paragaleriedetalborjt.com\\\/?s={search_term_string}\"},\"query-input\":{\"@type\":\"PropertyValueSpecification\",\"valueRequired\":true,\"valueName\":\"search_term_string\"}}],\"inLanguage\":\"en-US\"}]}<\/script>\n<!-- \/ Yoast SEO plugin. -->","yoast_head_json":{"title":"PURESSENTIEL Gommes Menthe-Eucalyptus Respiratoire 45gr - paragaleriedetalborjt","robots":{"index":"index","follow":"follow","max-snippet":"max-snippet:-1","max-image-preview":"max-image-preview:large","max-video-preview":"max-video-preview:-1"},"canonical":"https:\/\/paragaleriedetalborjt.com\/en\/boutique\/puressentiel-gommes-menthe-eucalyptus-respiratoire-45gr\/","og_locale":"en_US","og_type":"article","og_title":"PURESSENTIEL Gommes Menthe-Eucalyptus Respiratoire 45gr - paragaleriedetalborjt","og_description":"Highlights:Les gommes menthe eucalyptus Respiratoire Puressentiel contiennent de l\u2019huile essentielle de menthe \u00e0 l\u2019effet apaisant sur la gorge, le pharynx et les cordes vocales.","og_url":"https:\/\/paragaleriedetalborjt.com\/en\/boutique\/puressentiel-gommes-menthe-eucalyptus-respiratoire-45gr\/","og_site_name":"paragaleriedetalborjt","article_modified_time":"2026-01-03T15:31:56+00:00","og_image":[{"width":595,"height":655,"url":"https:\/\/paragaleriedetalborjt.com\/wp-content\/uploads\/2026\/01\/Puressentiel-Respiratoire-Gommes-Adoucissantes-45gr.jpg","type":"image\/jpeg"}],"twitter_card":"summary_large_image","twitter_misc":{"Est. reading time":"1 minute"},"schema":{"@context":"https:\/\/schema.org","@graph":[{"@type":"WebPage","@id":"https:\/\/paragaleriedetalborjt.com\/boutique\/puressentiel-gommes-menthe-eucalyptus-respiratoire-45gr\/","url":"https:\/\/paragaleriedetalborjt.com\/boutique\/puressentiel-gommes-menthe-eucalyptus-respiratoire-45gr\/","name":"PURESSENTIEL Gommes Menthe-Eucalyptus Respiratoire 45gr - paragaleriedetalborjt","isPartOf":{"@id":"https:\/\/paragaleriedetalborjt.com\/#website"},"primaryImageOfPage":{"@id":"https:\/\/paragaleriedetalborjt.com\/boutique\/puressentiel-gommes-menthe-eucalyptus-respiratoire-45gr\/#primaryimage"},"image":{"@id":"https:\/\/paragaleriedetalborjt.com\/boutique\/puressentiel-gommes-menthe-eucalyptus-respiratoire-45gr\/#primaryimage"},"thumbnailUrl":"https:\/\/paragaleriedetalborjt.com\/wp-content\/uploads\/2026\/01\/Puressentiel-Respiratoire-Gommes-Adoucissantes-45gr.jpg","datePublished":"2026-01-03T00:42:41+00:00","dateModified":"2026-01-03T15:31:56+00:00","breadcrumb":{"@id":"https:\/\/paragaleriedetalborjt.com\/boutique\/puressentiel-gommes-menthe-eucalyptus-respiratoire-45gr\/#breadcrumb"},"inLanguage":"en-US","potentialAction":[{"@type":"ReadAction","target":["https:\/\/paragaleriedetalborjt.com\/boutique\/puressentiel-gommes-menthe-eucalyptus-respiratoire-45gr\/"]}]},{"@type":"ImageObject","inLanguage":"en-US","@id":"https:\/\/paragaleriedetalborjt.com\/boutique\/puressentiel-gommes-menthe-eucalyptus-respiratoire-45gr\/#primaryimage","url":"https:\/\/paragaleriedetalborjt.com\/wp-content\/uploads\/2026\/01\/Puressentiel-Respiratoire-Gommes-Adoucissantes-45gr.jpg","contentUrl":"https:\/\/paragaleriedetalborjt.com\/wp-content\/uploads\/2026\/01\/Puressentiel-Respiratoire-Gommes-Adoucissantes-45gr.jpg","width":595,"height":655},{"@type":"BreadcrumbList","@id":"https:\/\/paragaleriedetalborjt.com\/boutique\/puressentiel-gommes-menthe-eucalyptus-respiratoire-45gr\/#breadcrumb","itemListElement":[{"@type":"ListItem","position":1,"name":"Accueil","item":"https:\/\/paragaleriedetalborjt.com\/"},{"@type":"ListItem","position":2,"name":"Boutique","item":"https:\/\/paragaleriedetalborjt.com\/boutique\/"},{"@type":"ListItem","position":3,"name":"PURESSENTIEL Gommes Menthe-Eucalyptus Respiratoire 45gr"}]},{"@type":"WebSite","@id":"https:\/\/paragaleriedetalborjt.com\/#website","url":"https:\/\/paragaleriedetalborjt.com\/","name":"paragaleriedetalborjt","description":"","potentialAction":[{"@type":"SearchAction","target":{"@type":"EntryPoint","urlTemplate":"https:\/\/paragaleriedetalborjt.com\/?s={search_term_string}"},"query-input":{"@type":"PropertyValueSpecification","valueRequired":true,"valueName":"search_term_string"}}],"inLanguage":"en-US"}]}},"brands":[],"_links":{"self":[{"href":"https:\/\/paragaleriedetalborjt.com\/en\/wp-json\/wp\/v2\/product\/35643","targetHints":{"allow":["GET"]}}],"collection":[{"href":"https:\/\/paragaleriedetalborjt.com\/en\/wp-json\/wp\/v2\/product"}],"about":[{"href":"https:\/\/paragaleriedetalborjt.com\/en\/wp-json\/wp\/v2\/types\/product"}],"replies":[{"embeddable":true,"href":"https:\/\/paragaleriedetalborjt.com\/en\/wp-json\/wp\/v2\/comments?post=35643"}],"version-history":[{"count":1,"href":"https:\/\/paragaleriedetalborjt.com\/en\/wp-json\/wp\/v2\/product\/35643\/revisions"}],"predecessor-version":[{"id":35645,"href":"https:\/\/paragaleriedetalborjt.com\/en\/wp-json\/wp\/v2\/product\/35643\/revisions\/35645"}],"wp:featuredmedia":[{"embeddable":true,"href":"https:\/\/paragaleriedetalborjt.com\/en\/wp-json\/wp\/v2\/media\/35644"}],"wp:attachment":[{"href":"https:\/\/paragaleriedetalborjt.com\/en\/wp-json\/wp\/v2\/media?parent=35643"}],"wp:term":[{"taxonomy":"pwb-brand","embeddable":true,"href":"https:\/\/paragaleriedetalborjt.com\/en\/wp-json\/wp\/v2\/pwb-brand?post=35643"},{"taxonomy":"product_cat","embeddable":true,"href":"https:\/\/paragaleriedetalborjt.com\/en\/wp-json\/wp\/v2\/product_cat?post=35643"},{"taxonomy":"product_tag","embeddable":true,"href":"https:\/\/paragaleriedetalborjt.com\/en\/wp-json\/wp\/v2\/product_tag?post=35643"}],"curies":[{"name":"wp","href":"https:\/\/api.w.org\/{rel}","templated":true}]}}