{"id":35589,"date":"2026-01-03T01:41:09","date_gmt":"2026-01-03T00:41:09","guid":{"rendered":"https:\/\/paragaleriedetalborjt.com\/?post_type=product&#038;p=35589"},"modified":"2026-01-03T16:31:51","modified_gmt":"2026-01-03T15:31:51","slug":"derma-bebe-100-maman-lait-frais-raffermissant-150ml","status":"publish","type":"product","link":"https:\/\/paragaleriedetalborjt.com\/en\/boutique\/derma-bebe-100-maman-lait-frais-raffermissant-150ml\/","title":{"rendered":"DERMA B\u00e9b\u00e9 100% MAMAN Lait Frais Raffermissant 150ml"},"content":{"rendered":"<div aria-labelledby=\"tab-title-description\" class=\"woocommerce-Tabs-panel woocommerce-Tabs-panel--description panel entry-content wc-tab\" id=\"tab-description\" role=\"tabpanel\" style=\"\">\n<h2>Description<\/h2>\n<div class=\"product attribute description\">\n<div class=\"value\">\n<p>Le lait frais raffermissant des Laboratoires T\u00e9ane est certifi\u00e9 BIO. C\u2019est un soin naturel pour les mamans qui souhaitent tonifier et raffermir leur peau apr\u00e8s un accouchement. Ce soin est compos\u00e9 d\u2019huile de Rosier Muscat, d\u2019extraits de Tr\u00e8fle d\u2019Eau et d\u2019Algue Brune offrant ainsi une action r\u00e9g\u00e9n\u00e9rante et raffermissante. Appr\u00e9ci\u00e9 pour son odeur, sa texture gel non-grasse, sa p\u00e9n\u00e9tration ultra-rapide poss\u00e8de une efficacit\u00e9 prouv\u00e9e dans la mesure o\u00f9 il a \u00e9t\u00e9 \u00e9lu N\u00b01 des produits raffermissants par l\u2019Observatoire des Cosm\u00e9tiques, parmi 66 produits raffermissants.<\/p>\n<ul>\n<li>88% des femmes montrent une peau plus lisse<\/li>\n<li>76% des femmes montrent une peau plus tonique<\/li>\n<li>70% des femmes montrent une peau plus ferme<\/li>\n<\/ul>\n<p>Caution s\u00e9curit\u00e9\u00a0:\u00a0Produit certifi\u00e9 BIO par ECOCERT, 100% d\u2019actifs naturels, sans parab\u00e8nes, sans alcool, sans huiles essentielles, sans phenoxyethanol, hypoallerg\u00e9nique, test\u00e9 sous contr\u00f4le dermatologique. Parfum doux et l\u00e9ger d\u2019origine naturelle. Compatible grossesse et allaitement. 100\/100 sur YUKA. 2015-2016 Tests d\u2019efficacit\u00e9 men\u00e9s sous contr\u00f4le dermatologique sur 33 femmes \u00e2g\u00e9es de 20 \u00e0 40 ans pr\u00e9sentant une perte de fermet\u00e9 de la peau.<\/p>\n<\/div>\n<\/div>\n<div class=\"benefits\">\n<p class=\"title\"><strong>Conseils d\u2019utilisation :<\/strong><\/p>\n<ul>\n<li><span class=\"text\">Appliquer sur l\u2019ensemble du corps, matin et soir<\/span><\/li>\n<li><span class=\"text\">Ne pas appliquer sur une cicatrice de c\u00e9sarienne r\u00e9cente<\/span><\/li>\n<li><span class=\"text\">Avant la t\u00e9t\u00e9e, veiller \u00e0 nettoyer les mamelons<\/span><\/li>\n<\/ul>\n<\/div>\n<\/div>","protected":false},"excerpt":{"rendered":"<p>Highlights:Gel nettoyant doux pour toilette intime<\/p>","protected":false},"featured_media":35590,"comment_status":"open","ping_status":"closed","template":"","meta":[],"pwb-brand":[],"product_cat":[16],"product_tag":[],"class_list":{"0":"post-35589","1":"product","2":"type-product","3":"status-publish","4":"has-post-thumbnail","6":"product_cat-non-classe","7":"pa_brands-derma-bebe","9":"first","10":"instock","11":"sale","12":"shipping-taxable","13":"purchasable","14":"product-type-simple"},"yoast_head":"<!-- This site is optimized with the Yoast SEO plugin v26.9 - https:\/\/yoast.com\/product\/yoast-seo-wordpress\/ -->\n<title>DERMA B\u00e9b\u00e9 100% MAMAN Lait Frais Raffermissant 150ml - paragaleriedetalborjt<\/title>\n<meta name=\"robots\" content=\"index, follow, max-snippet:-1, max-image-preview:large, max-video-preview:-1\" \/>\n<link rel=\"canonical\" href=\"https:\/\/paragaleriedetalborjt.com\/en\/boutique\/derma-bebe-100-maman-lait-frais-raffermissant-150ml\/\" \/>\n<meta property=\"og:locale\" content=\"en_US\" \/>\n<meta property=\"og:type\" content=\"article\" \/>\n<meta property=\"og:title\" content=\"DERMA B\u00e9b\u00e9 100% MAMAN Lait Frais Raffermissant 150ml - paragaleriedetalborjt\" \/>\n<meta property=\"og:description\" content=\"Highlights:Gel nettoyant doux pour toilette intime\" \/>\n<meta property=\"og:url\" content=\"https:\/\/paragaleriedetalborjt.com\/en\/boutique\/derma-bebe-100-maman-lait-frais-raffermissant-150ml\/\" \/>\n<meta property=\"og:site_name\" content=\"paragaleriedetalborjt\" \/>\n<meta property=\"article:modified_time\" content=\"2026-01-03T15:31:51+00:00\" \/>\n<meta property=\"og:image\" content=\"https:\/\/paragaleriedetalborjt.com\/wp-content\/uploads\/2026\/01\/lait-frais-raffermissant-150ml-600x600-1.jpg\" \/>\n\t<meta property=\"og:image:width\" content=\"600\" \/>\n\t<meta property=\"og:image:height\" content=\"600\" \/>\n\t<meta property=\"og:image:type\" content=\"image\/jpeg\" \/>\n<meta name=\"twitter:card\" content=\"summary_large_image\" \/>\n<meta name=\"twitter:label1\" content=\"Est. reading time\" \/>\n\t<meta name=\"twitter:data1\" content=\"1 minute\" \/>\n<script type=\"application\/ld+json\" class=\"yoast-schema-graph\">{\"@context\":\"https:\/\/schema.org\",\"@graph\":[{\"@type\":\"WebPage\",\"@id\":\"https:\/\/paragaleriedetalborjt.com\/boutique\/derma-bebe-100-maman-lait-frais-raffermissant-150ml\/\",\"url\":\"https:\/\/paragaleriedetalborjt.com\/boutique\/derma-bebe-100-maman-lait-frais-raffermissant-150ml\/\",\"name\":\"DERMA B\u00e9b\u00e9 100% MAMAN Lait Frais Raffermissant 150ml - paragaleriedetalborjt\",\"isPartOf\":{\"@id\":\"https:\/\/paragaleriedetalborjt.com\/#website\"},\"primaryImageOfPage\":{\"@id\":\"https:\/\/paragaleriedetalborjt.com\/boutique\/derma-bebe-100-maman-lait-frais-raffermissant-150ml\/#primaryimage\"},\"image\":{\"@id\":\"https:\/\/paragaleriedetalborjt.com\/boutique\/derma-bebe-100-maman-lait-frais-raffermissant-150ml\/#primaryimage\"},\"thumbnailUrl\":\"https:\/\/paragaleriedetalborjt.com\/wp-content\/uploads\/2026\/01\/lait-frais-raffermissant-150ml-600x600-1.jpg\",\"datePublished\":\"2026-01-03T00:41:09+00:00\",\"dateModified\":\"2026-01-03T15:31:51+00:00\",\"breadcrumb\":{\"@id\":\"https:\/\/paragaleriedetalborjt.com\/boutique\/derma-bebe-100-maman-lait-frais-raffermissant-150ml\/#breadcrumb\"},\"inLanguage\":\"en-US\",\"potentialAction\":[{\"@type\":\"ReadAction\",\"target\":[\"https:\/\/paragaleriedetalborjt.com\/boutique\/derma-bebe-100-maman-lait-frais-raffermissant-150ml\/\"]}]},{\"@type\":\"ImageObject\",\"inLanguage\":\"en-US\",\"@id\":\"https:\/\/paragaleriedetalborjt.com\/boutique\/derma-bebe-100-maman-lait-frais-raffermissant-150ml\/#primaryimage\",\"url\":\"https:\/\/paragaleriedetalborjt.com\/wp-content\/uploads\/2026\/01\/lait-frais-raffermissant-150ml-600x600-1.jpg\",\"contentUrl\":\"https:\/\/paragaleriedetalborjt.com\/wp-content\/uploads\/2026\/01\/lait-frais-raffermissant-150ml-600x600-1.jpg\",\"width\":600,\"height\":600},{\"@type\":\"BreadcrumbList\",\"@id\":\"https:\/\/paragaleriedetalborjt.com\/boutique\/derma-bebe-100-maman-lait-frais-raffermissant-150ml\/#breadcrumb\",\"itemListElement\":[{\"@type\":\"ListItem\",\"position\":1,\"name\":\"Accueil\",\"item\":\"https:\/\/paragaleriedetalborjt.com\/\"},{\"@type\":\"ListItem\",\"position\":2,\"name\":\"Boutique\",\"item\":\"https:\/\/paragaleriedetalborjt.com\/boutique\/\"},{\"@type\":\"ListItem\",\"position\":3,\"name\":\"DERMA B\u00e9b\u00e9 100% MAMAN Lait Frais Raffermissant 150ml\"}]},{\"@type\":\"WebSite\",\"@id\":\"https:\/\/paragaleriedetalborjt.com\/#website\",\"url\":\"https:\/\/paragaleriedetalborjt.com\/\",\"name\":\"paragaleriedetalborjt\",\"description\":\"\",\"potentialAction\":[{\"@type\":\"SearchAction\",\"target\":{\"@type\":\"EntryPoint\",\"urlTemplate\":\"https:\/\/paragaleriedetalborjt.com\/?s={search_term_string}\"},\"query-input\":{\"@type\":\"PropertyValueSpecification\",\"valueRequired\":true,\"valueName\":\"search_term_string\"}}],\"inLanguage\":\"en-US\"}]}<\/script>\n<!-- \/ Yoast SEO plugin. -->","yoast_head_json":{"title":"DERMA B\u00e9b\u00e9 100% MAMAN Lait Frais Raffermissant 150ml - paragaleriedetalborjt","robots":{"index":"index","follow":"follow","max-snippet":"max-snippet:-1","max-image-preview":"max-image-preview:large","max-video-preview":"max-video-preview:-1"},"canonical":"https:\/\/paragaleriedetalborjt.com\/en\/boutique\/derma-bebe-100-maman-lait-frais-raffermissant-150ml\/","og_locale":"en_US","og_type":"article","og_title":"DERMA B\u00e9b\u00e9 100% MAMAN Lait Frais Raffermissant 150ml - paragaleriedetalborjt","og_description":"Highlights:Gel nettoyant doux pour toilette intime","og_url":"https:\/\/paragaleriedetalborjt.com\/en\/boutique\/derma-bebe-100-maman-lait-frais-raffermissant-150ml\/","og_site_name":"paragaleriedetalborjt","article_modified_time":"2026-01-03T15:31:51+00:00","og_image":[{"width":600,"height":600,"url":"https:\/\/paragaleriedetalborjt.com\/wp-content\/uploads\/2026\/01\/lait-frais-raffermissant-150ml-600x600-1.jpg","type":"image\/jpeg"}],"twitter_card":"summary_large_image","twitter_misc":{"Est. reading time":"1 minute"},"schema":{"@context":"https:\/\/schema.org","@graph":[{"@type":"WebPage","@id":"https:\/\/paragaleriedetalborjt.com\/boutique\/derma-bebe-100-maman-lait-frais-raffermissant-150ml\/","url":"https:\/\/paragaleriedetalborjt.com\/boutique\/derma-bebe-100-maman-lait-frais-raffermissant-150ml\/","name":"DERMA B\u00e9b\u00e9 100% MAMAN Lait Frais Raffermissant 150ml - paragaleriedetalborjt","isPartOf":{"@id":"https:\/\/paragaleriedetalborjt.com\/#website"},"primaryImageOfPage":{"@id":"https:\/\/paragaleriedetalborjt.com\/boutique\/derma-bebe-100-maman-lait-frais-raffermissant-150ml\/#primaryimage"},"image":{"@id":"https:\/\/paragaleriedetalborjt.com\/boutique\/derma-bebe-100-maman-lait-frais-raffermissant-150ml\/#primaryimage"},"thumbnailUrl":"https:\/\/paragaleriedetalborjt.com\/wp-content\/uploads\/2026\/01\/lait-frais-raffermissant-150ml-600x600-1.jpg","datePublished":"2026-01-03T00:41:09+00:00","dateModified":"2026-01-03T15:31:51+00:00","breadcrumb":{"@id":"https:\/\/paragaleriedetalborjt.com\/boutique\/derma-bebe-100-maman-lait-frais-raffermissant-150ml\/#breadcrumb"},"inLanguage":"en-US","potentialAction":[{"@type":"ReadAction","target":["https:\/\/paragaleriedetalborjt.com\/boutique\/derma-bebe-100-maman-lait-frais-raffermissant-150ml\/"]}]},{"@type":"ImageObject","inLanguage":"en-US","@id":"https:\/\/paragaleriedetalborjt.com\/boutique\/derma-bebe-100-maman-lait-frais-raffermissant-150ml\/#primaryimage","url":"https:\/\/paragaleriedetalborjt.com\/wp-content\/uploads\/2026\/01\/lait-frais-raffermissant-150ml-600x600-1.jpg","contentUrl":"https:\/\/paragaleriedetalborjt.com\/wp-content\/uploads\/2026\/01\/lait-frais-raffermissant-150ml-600x600-1.jpg","width":600,"height":600},{"@type":"BreadcrumbList","@id":"https:\/\/paragaleriedetalborjt.com\/boutique\/derma-bebe-100-maman-lait-frais-raffermissant-150ml\/#breadcrumb","itemListElement":[{"@type":"ListItem","position":1,"name":"Accueil","item":"https:\/\/paragaleriedetalborjt.com\/"},{"@type":"ListItem","position":2,"name":"Boutique","item":"https:\/\/paragaleriedetalborjt.com\/boutique\/"},{"@type":"ListItem","position":3,"name":"DERMA B\u00e9b\u00e9 100% MAMAN Lait Frais Raffermissant 150ml"}]},{"@type":"WebSite","@id":"https:\/\/paragaleriedetalborjt.com\/#website","url":"https:\/\/paragaleriedetalborjt.com\/","name":"paragaleriedetalborjt","description":"","potentialAction":[{"@type":"SearchAction","target":{"@type":"EntryPoint","urlTemplate":"https:\/\/paragaleriedetalborjt.com\/?s={search_term_string}"},"query-input":{"@type":"PropertyValueSpecification","valueRequired":true,"valueName":"search_term_string"}}],"inLanguage":"en-US"}]}},"brands":[],"_links":{"self":[{"href":"https:\/\/paragaleriedetalborjt.com\/en\/wp-json\/wp\/v2\/product\/35589","targetHints":{"allow":["GET"]}}],"collection":[{"href":"https:\/\/paragaleriedetalborjt.com\/en\/wp-json\/wp\/v2\/product"}],"about":[{"href":"https:\/\/paragaleriedetalborjt.com\/en\/wp-json\/wp\/v2\/types\/product"}],"replies":[{"embeddable":true,"href":"https:\/\/paragaleriedetalborjt.com\/en\/wp-json\/wp\/v2\/comments?post=35589"}],"version-history":[{"count":1,"href":"https:\/\/paragaleriedetalborjt.com\/en\/wp-json\/wp\/v2\/product\/35589\/revisions"}],"predecessor-version":[{"id":35591,"href":"https:\/\/paragaleriedetalborjt.com\/en\/wp-json\/wp\/v2\/product\/35589\/revisions\/35591"}],"wp:featuredmedia":[{"embeddable":true,"href":"https:\/\/paragaleriedetalborjt.com\/en\/wp-json\/wp\/v2\/media\/35590"}],"wp:attachment":[{"href":"https:\/\/paragaleriedetalborjt.com\/en\/wp-json\/wp\/v2\/media?parent=35589"}],"wp:term":[{"taxonomy":"pwb-brand","embeddable":true,"href":"https:\/\/paragaleriedetalborjt.com\/en\/wp-json\/wp\/v2\/pwb-brand?post=35589"},{"taxonomy":"product_cat","embeddable":true,"href":"https:\/\/paragaleriedetalborjt.com\/en\/wp-json\/wp\/v2\/product_cat?post=35589"},{"taxonomy":"product_tag","embeddable":true,"href":"https:\/\/paragaleriedetalborjt.com\/en\/wp-json\/wp\/v2\/product_tag?post=35589"}],"curies":[{"name":"wp","href":"https:\/\/api.w.org\/{rel}","templated":true}]}}