{"id":35504,"date":"2026-01-03T01:38:41","date_gmt":"2026-01-03T00:38:41","guid":{"rendered":"https:\/\/paragaleriedetalborjt.com\/?post_type=product&#038;p=35504"},"modified":"2026-01-03T16:31:44","modified_gmt":"2026-01-03T15:31:44","slug":"gph-diffusion-the-vert-120-comprimes","status":"publish","type":"product","link":"https:\/\/paragaleriedetalborjt.com\/en\/boutique\/gph-diffusion-the-vert-120-comprimes\/","title":{"rendered":"GPH Diffusion Th\u00e9 Vert 120 Comprim\u00e9s"},"content":{"rendered":"<div aria-labelledby=\"tab-title-description\" class=\"woocommerce-Tabs-panel woocommerce-Tabs-panel--description panel entry-content wc-tab\" id=\"tab-description\" role=\"tabpanel\" style=\"\">\n<h2>Description<\/h2>\n<p>De nombreuses l\u00e9gendes entourent la d\u00e9couverte du th\u00e9 vert. L\u2019une d\u2019elle raconte qu\u2019il y a bien longtemps, l\u2019Empereur Shen Nong, apr\u00e8s avoir r\u00e9pondu \u00e0 ses nombreuses obligations, se reposait calmement en buvant de l\u2019eau chaude. Il ne vit pas de suite la feuille de th\u00e9 sauvage qui tomba dans son breuvage, et bu son eau par habitude. La saveur astringente et d\u00e9licieuse qu\u2019il d\u00e9couvrit alors lui procura une v\u00e9ritable sensation de bien-\u00eatre. D\u00e8s lors, il aromatisa son eau avec des feuilles de th\u00e9 vierge pour profiter de toutes ses vertus. La Chine appr\u00e9cie les bienfaits du th\u00e9 vert depuis fort longtemps. Il existe m\u00eame un trait\u00e9 complet d\u00e9crivant pas \u00e0 pas la pr\u00e9paration du th\u00e9, qui constitue tout un art dans ce pays.<\/p>\n<ul>\n<li>Caract\u00e9ristiques du th\u00e9 vert<br \/>\nLe th\u00e9 vert, \u00e9galement appel\u00e9 th\u00e9 vierge car il n\u2019est pas ferment\u00e9, sont les feuilles du th\u00e9ier. Il existe environ 1500 vari\u00e9t\u00e9s de th\u00e9 diff\u00e9rentes \u00e0 travers le monde. Le processus de transformation du th\u00e9, son origine et l\u2019\u00e2ge des feuilles sont aussi des \u00e9l\u00e9ments qui donnent au diff\u00e9rents th\u00e9s une saveur particuli\u00e8re. Le Matcha est, par exemple, compos\u00e9 essentiellement de feuilles en poudre. Tandis que pour le th\u00e9 noir, la technique d\u2019oxydation pour le cr\u00e9\u00e9 f\u00fbt d\u00e9couverte \u00e0 l\u2019\u00e9poque Ming (qui se situe entre le 14 et le 17\u00e8me si\u00e8cle). Le th\u00e9 vert se consomme froid ou bien chaud, avant un bon repas. En Occident, le th\u00e9 est arriv\u00e9 avec le commerce fluvial hollandais et a s\u00e9duit tr\u00e8s vite les anglais qui en ont fait une de leur boisson traditionnelle.<\/li>\n<\/ul>\n<p><strong>CONSEIL D\u2019UTILISATION :<\/strong><br \/>\n2 \u00e0 3 comprim\u00e9s par jour avec un grand verre d\u2019eau, au cours des repas et dans le cadre d\u2019une alimentation \u00e9quilibr\u00e9e. Tenir hors de port\u00e9e des enfants. Ne pas d\u00e9passer la dose journali\u00e8re recommand\u00e9e.<\/p>\n<\/div>","protected":false},"excerpt":{"rendered":"<p>Highlights:Pour profiter de toutes les propri\u00e9t\u00e9s du th\u00e9 vert, il est important dans infuser ses feuilles pendant au moins 2 minutes. C\u2019est pour cela que dans nos compl\u00e9ments alimentaires, nous utilisons de l\u2019extrait aqueux de feuilles de th\u00e9 vert et non simplement des feuilles coup\u00e9es.<\/p>","protected":false},"featured_media":35505,"comment_status":"open","ping_status":"closed","template":"","meta":[],"pwb-brand":[],"product_cat":[16],"product_tag":[],"class_list":{"0":"post-35504","1":"product","2":"type-product","3":"status-publish","4":"has-post-thumbnail","6":"product_cat-non-classe","7":"pa_brands-gph","9":"first","10":"instock","11":"sale","12":"shipping-taxable","13":"purchasable","14":"product-type-simple"},"yoast_head":"<!-- This site is optimized with the Yoast SEO plugin v27.5 - https:\/\/yoast.com\/product\/yoast-seo-wordpress\/ -->\n<title>GPH Diffusion Th\u00e9 Vert 120 Comprim\u00e9s - paragaleriedetalborjt<\/title>\n<meta name=\"robots\" content=\"index, follow, max-snippet:-1, max-image-preview:large, max-video-preview:-1\" \/>\n<link rel=\"canonical\" href=\"https:\/\/paragaleriedetalborjt.com\/en\/boutique\/gph-diffusion-the-vert-120-comprimes\/\" \/>\n<meta property=\"og:locale\" content=\"en_US\" \/>\n<meta property=\"og:type\" content=\"article\" \/>\n<meta property=\"og:title\" content=\"GPH Diffusion Th\u00e9 Vert 120 Comprim\u00e9s - paragaleriedetalborjt\" \/>\n<meta property=\"og:description\" content=\"Highlights:Pour profiter de toutes les propri\u00e9t\u00e9s du th\u00e9 vert, il est important dans infuser ses feuilles pendant au moins 2 minutes. C\u2019est pour cela que dans nos compl\u00e9ments alimentaires, nous utilisons de l\u2019extrait aqueux de feuilles de th\u00e9 vert et non simplement des feuilles coup\u00e9es.\" \/>\n<meta property=\"og:url\" content=\"https:\/\/paragaleriedetalborjt.com\/en\/boutique\/gph-diffusion-the-vert-120-comprimes\/\" \/>\n<meta property=\"og:site_name\" content=\"paragaleriedetalborjt\" \/>\n<meta property=\"article:modified_time\" content=\"2026-01-03T15:31:44+00:00\" \/>\n<meta property=\"og:image\" content=\"https:\/\/paragaleriedetalborjt.com\/wp-content\/uploads\/2026\/01\/gph-comprimes-bio-the-vert-120.jpg\" \/>\n\t<meta property=\"og:image:width\" content=\"595\" \/>\n\t<meta property=\"og:image:height\" content=\"655\" \/>\n\t<meta property=\"og:image:type\" content=\"image\/jpeg\" \/>\n<meta name=\"twitter:card\" content=\"summary_large_image\" \/>\n<meta name=\"twitter:label1\" content=\"Est. reading time\" \/>\n\t<meta name=\"twitter:data1\" content=\"2 minutes\" \/>\n<script type=\"application\/ld+json\" class=\"yoast-schema-graph\">{\"@context\":\"https:\\\/\\\/schema.org\",\"@graph\":[{\"@type\":\"WebPage\",\"@id\":\"https:\\\/\\\/paragaleriedetalborjt.com\\\/boutique\\\/gph-diffusion-the-vert-120-comprimes\\\/\",\"url\":\"https:\\\/\\\/paragaleriedetalborjt.com\\\/boutique\\\/gph-diffusion-the-vert-120-comprimes\\\/\",\"name\":\"GPH Diffusion Th\u00e9 Vert 120 Comprim\u00e9s - paragaleriedetalborjt\",\"isPartOf\":{\"@id\":\"https:\\\/\\\/paragaleriedetalborjt.com\\\/#website\"},\"primaryImageOfPage\":{\"@id\":\"https:\\\/\\\/paragaleriedetalborjt.com\\\/boutique\\\/gph-diffusion-the-vert-120-comprimes\\\/#primaryimage\"},\"image\":{\"@id\":\"https:\\\/\\\/paragaleriedetalborjt.com\\\/boutique\\\/gph-diffusion-the-vert-120-comprimes\\\/#primaryimage\"},\"thumbnailUrl\":\"https:\\\/\\\/paragaleriedetalborjt.com\\\/wp-content\\\/uploads\\\/2026\\\/01\\\/gph-comprimes-bio-the-vert-120.jpg\",\"datePublished\":\"2026-01-03T00:38:41+00:00\",\"dateModified\":\"2026-01-03T15:31:44+00:00\",\"breadcrumb\":{\"@id\":\"https:\\\/\\\/paragaleriedetalborjt.com\\\/boutique\\\/gph-diffusion-the-vert-120-comprimes\\\/#breadcrumb\"},\"inLanguage\":\"en-US\",\"potentialAction\":[{\"@type\":\"ReadAction\",\"target\":[\"https:\\\/\\\/paragaleriedetalborjt.com\\\/boutique\\\/gph-diffusion-the-vert-120-comprimes\\\/\"]}]},{\"@type\":\"ImageObject\",\"inLanguage\":\"en-US\",\"@id\":\"https:\\\/\\\/paragaleriedetalborjt.com\\\/boutique\\\/gph-diffusion-the-vert-120-comprimes\\\/#primaryimage\",\"url\":\"https:\\\/\\\/paragaleriedetalborjt.com\\\/wp-content\\\/uploads\\\/2026\\\/01\\\/gph-comprimes-bio-the-vert-120.jpg\",\"contentUrl\":\"https:\\\/\\\/paragaleriedetalborjt.com\\\/wp-content\\\/uploads\\\/2026\\\/01\\\/gph-comprimes-bio-the-vert-120.jpg\",\"width\":595,\"height\":655},{\"@type\":\"BreadcrumbList\",\"@id\":\"https:\\\/\\\/paragaleriedetalborjt.com\\\/boutique\\\/gph-diffusion-the-vert-120-comprimes\\\/#breadcrumb\",\"itemListElement\":[{\"@type\":\"ListItem\",\"position\":1,\"name\":\"Accueil\",\"item\":\"https:\\\/\\\/paragaleriedetalborjt.com\\\/\"},{\"@type\":\"ListItem\",\"position\":2,\"name\":\"Boutique\",\"item\":\"https:\\\/\\\/paragaleriedetalborjt.com\\\/boutique\\\/\"},{\"@type\":\"ListItem\",\"position\":3,\"name\":\"GPH Diffusion Th\u00e9 Vert 120 Comprim\u00e9s\"}]},{\"@type\":\"WebSite\",\"@id\":\"https:\\\/\\\/paragaleriedetalborjt.com\\\/#website\",\"url\":\"https:\\\/\\\/paragaleriedetalborjt.com\\\/\",\"name\":\"paragaleriedetalborjt\",\"description\":\"\",\"potentialAction\":[{\"@type\":\"SearchAction\",\"target\":{\"@type\":\"EntryPoint\",\"urlTemplate\":\"https:\\\/\\\/paragaleriedetalborjt.com\\\/?s={search_term_string}\"},\"query-input\":{\"@type\":\"PropertyValueSpecification\",\"valueRequired\":true,\"valueName\":\"search_term_string\"}}],\"inLanguage\":\"en-US\"}]}<\/script>\n<!-- \/ Yoast SEO plugin. -->","yoast_head_json":{"title":"GPH Diffusion Th\u00e9 Vert 120 Comprim\u00e9s - paragaleriedetalborjt","robots":{"index":"index","follow":"follow","max-snippet":"max-snippet:-1","max-image-preview":"max-image-preview:large","max-video-preview":"max-video-preview:-1"},"canonical":"https:\/\/paragaleriedetalborjt.com\/en\/boutique\/gph-diffusion-the-vert-120-comprimes\/","og_locale":"en_US","og_type":"article","og_title":"GPH Diffusion Th\u00e9 Vert 120 Comprim\u00e9s - paragaleriedetalborjt","og_description":"Highlights:Pour profiter de toutes les propri\u00e9t\u00e9s du th\u00e9 vert, il est important dans infuser ses feuilles pendant au moins 2 minutes. C\u2019est pour cela que dans nos compl\u00e9ments alimentaires, nous utilisons de l\u2019extrait aqueux de feuilles de th\u00e9 vert et non simplement des feuilles coup\u00e9es.","og_url":"https:\/\/paragaleriedetalborjt.com\/en\/boutique\/gph-diffusion-the-vert-120-comprimes\/","og_site_name":"paragaleriedetalborjt","article_modified_time":"2026-01-03T15:31:44+00:00","og_image":[{"width":595,"height":655,"url":"https:\/\/paragaleriedetalborjt.com\/wp-content\/uploads\/2026\/01\/gph-comprimes-bio-the-vert-120.jpg","type":"image\/jpeg"}],"twitter_card":"summary_large_image","twitter_misc":{"Est. reading time":"2 minutes"},"schema":{"@context":"https:\/\/schema.org","@graph":[{"@type":"WebPage","@id":"https:\/\/paragaleriedetalborjt.com\/boutique\/gph-diffusion-the-vert-120-comprimes\/","url":"https:\/\/paragaleriedetalborjt.com\/boutique\/gph-diffusion-the-vert-120-comprimes\/","name":"GPH Diffusion Th\u00e9 Vert 120 Comprim\u00e9s - paragaleriedetalborjt","isPartOf":{"@id":"https:\/\/paragaleriedetalborjt.com\/#website"},"primaryImageOfPage":{"@id":"https:\/\/paragaleriedetalborjt.com\/boutique\/gph-diffusion-the-vert-120-comprimes\/#primaryimage"},"image":{"@id":"https:\/\/paragaleriedetalborjt.com\/boutique\/gph-diffusion-the-vert-120-comprimes\/#primaryimage"},"thumbnailUrl":"https:\/\/paragaleriedetalborjt.com\/wp-content\/uploads\/2026\/01\/gph-comprimes-bio-the-vert-120.jpg","datePublished":"2026-01-03T00:38:41+00:00","dateModified":"2026-01-03T15:31:44+00:00","breadcrumb":{"@id":"https:\/\/paragaleriedetalborjt.com\/boutique\/gph-diffusion-the-vert-120-comprimes\/#breadcrumb"},"inLanguage":"en-US","potentialAction":[{"@type":"ReadAction","target":["https:\/\/paragaleriedetalborjt.com\/boutique\/gph-diffusion-the-vert-120-comprimes\/"]}]},{"@type":"ImageObject","inLanguage":"en-US","@id":"https:\/\/paragaleriedetalborjt.com\/boutique\/gph-diffusion-the-vert-120-comprimes\/#primaryimage","url":"https:\/\/paragaleriedetalborjt.com\/wp-content\/uploads\/2026\/01\/gph-comprimes-bio-the-vert-120.jpg","contentUrl":"https:\/\/paragaleriedetalborjt.com\/wp-content\/uploads\/2026\/01\/gph-comprimes-bio-the-vert-120.jpg","width":595,"height":655},{"@type":"BreadcrumbList","@id":"https:\/\/paragaleriedetalborjt.com\/boutique\/gph-diffusion-the-vert-120-comprimes\/#breadcrumb","itemListElement":[{"@type":"ListItem","position":1,"name":"Accueil","item":"https:\/\/paragaleriedetalborjt.com\/"},{"@type":"ListItem","position":2,"name":"Boutique","item":"https:\/\/paragaleriedetalborjt.com\/boutique\/"},{"@type":"ListItem","position":3,"name":"GPH Diffusion Th\u00e9 Vert 120 Comprim\u00e9s"}]},{"@type":"WebSite","@id":"https:\/\/paragaleriedetalborjt.com\/#website","url":"https:\/\/paragaleriedetalborjt.com\/","name":"paragaleriedetalborjt","description":"","potentialAction":[{"@type":"SearchAction","target":{"@type":"EntryPoint","urlTemplate":"https:\/\/paragaleriedetalborjt.com\/?s={search_term_string}"},"query-input":{"@type":"PropertyValueSpecification","valueRequired":true,"valueName":"search_term_string"}}],"inLanguage":"en-US"}]}},"brands":[],"_links":{"self":[{"href":"https:\/\/paragaleriedetalborjt.com\/en\/wp-json\/wp\/v2\/product\/35504","targetHints":{"allow":["GET"]}}],"collection":[{"href":"https:\/\/paragaleriedetalborjt.com\/en\/wp-json\/wp\/v2\/product"}],"about":[{"href":"https:\/\/paragaleriedetalborjt.com\/en\/wp-json\/wp\/v2\/types\/product"}],"replies":[{"embeddable":true,"href":"https:\/\/paragaleriedetalborjt.com\/en\/wp-json\/wp\/v2\/comments?post=35504"}],"version-history":[{"count":1,"href":"https:\/\/paragaleriedetalborjt.com\/en\/wp-json\/wp\/v2\/product\/35504\/revisions"}],"predecessor-version":[{"id":35506,"href":"https:\/\/paragaleriedetalborjt.com\/en\/wp-json\/wp\/v2\/product\/35504\/revisions\/35506"}],"wp:featuredmedia":[{"embeddable":true,"href":"https:\/\/paragaleriedetalborjt.com\/en\/wp-json\/wp\/v2\/media\/35505"}],"wp:attachment":[{"href":"https:\/\/paragaleriedetalborjt.com\/en\/wp-json\/wp\/v2\/media?parent=35504"}],"wp:term":[{"taxonomy":"pwb-brand","embeddable":true,"href":"https:\/\/paragaleriedetalborjt.com\/en\/wp-json\/wp\/v2\/pwb-brand?post=35504"},{"taxonomy":"product_cat","embeddable":true,"href":"https:\/\/paragaleriedetalborjt.com\/en\/wp-json\/wp\/v2\/product_cat?post=35504"},{"taxonomy":"product_tag","embeddable":true,"href":"https:\/\/paragaleriedetalborjt.com\/en\/wp-json\/wp\/v2\/product_tag?post=35504"}],"curies":[{"name":"wp","href":"https:\/\/api.w.org\/{rel}","templated":true}]}}