{"id":35387,"date":"2026-01-03T01:34:11","date_gmt":"2026-01-03T00:34:11","guid":{"rendered":"https:\/\/paragaleriedetalborjt.com\/?post_type=product&#038;p=35387"},"modified":"2026-01-03T16:31:35","modified_gmt":"2026-01-03T15:31:35","slug":"gph-harpagophytum-bio-100-gelules","status":"publish","type":"product","link":"https:\/\/paragaleriedetalborjt.com\/en\/boutique\/gph-harpagophytum-bio-100-gelules\/","title":{"rendered":"GPH Harpagophytum Bio 100 Gelules"},"content":{"rendered":"<div aria-labelledby=\"tab-title-description\" class=\"woocommerce-Tabs-panel woocommerce-Tabs-panel--description panel entry-content wc-tab\" id=\"tab-description\" role=\"tabpanel\" style=\"\">\n<h2>Description<\/h2>\n<p>Les origines de l\u2019harpagophytum, une plante tr\u00e8s active<\/p>\n<p>L\u2019harpagophytum est une plante qui pousse naturellement au sud du continent<br \/>\nafricain. On pourra ainsi la trouver en Namibie, au Bostwana ou en Afrique du<br \/>\nSud. L\u2019harpagophytum est \u00e9galement cultiv\u00e9 depuis longtemps \u00e0 Madagascar,<br \/>\nentre autres. Ainsi, il s\u2019agit d\u2019une plante de la m\u00eame famille que le s\u00e9same,<br \/>\nune esp\u00e8ce bien connue en occident. Elle est pourvue d\u2019une forme tr\u00e8s<br \/>\nparticuli\u00e8re, qui la caract\u00e9rise, au niveau de ses racines. Cellesci<br \/>\nressemblent \u00e0 des griffes, et cela lui a valu de nombreux surnoms vari\u00e9s, en<br \/>\nrapport direct avec son apparence.<\/p>\n<p>De nombreux surnoms pour l\u2019harpagophytum<\/p>\n<p>On appelle ainsi l\u2019harpagophytum la griffe du diable ou la racine de Windhoek,<br \/>\nen r\u00e9f\u00e9rence \u00e0 cette forme qu\u2019elle d\u00e9crit au ras du sol. Cette racine<br \/>\nsecondaire est celle que l\u2019on utilise lorsque l\u2019on r\u00e9alise des compl\u00e9ments<br \/>\nalimentaires. Il s\u2019agit d\u2019un tubercule particuli\u00e8rement important, pesant<br \/>\nsouvent plus d\u2019un kilogramme. Ces bulbes sont donc assez imposants. On utilise<br \/>\ndepuis tr\u00e8s longtemps l\u2019harpagophytum notamment au sein de certaines<br \/>\ncivilisations africaines. Ses vertus sont reconnues depuis des si\u00e8cles sur ce<br \/>\ncontinent, et cellesci ont \u00e9t\u00e9 confi\u00e9es aux occidentaux par les Africains.<\/p>\n<p>Une plante pleine de principes actifs<\/p>\n<p>Parmi les diff\u00e9rents principes actifs que l\u2019on trouve au sein de<br \/>\nl\u2019harpagophytum, on pourra par exemple citer les glucosides, les phytost\u00e9rols,<br \/>\nles flavono\u00efdes, mais aussi un compos\u00e9 qui lui est propre, l\u2019harpagoside. Les<br \/>\ncroyances et habitudes li\u00e9es \u00e0 cette plante en font un rem\u00e8de efficace.<\/p>\n<p>Conseils d\u2019utilisation : Prendre 2 \u00e0 3 g\u00e9lules par jour durant les repas, avec<br \/>\nun grand verre d\u2019eau, dans le cadre d\u2019une alimentation saine et \u00e9quilibr\u00e9e.<br \/>\nRespecter les doses recommand\u00e9es.<\/p>\n<p>D\u00e9conseill\u00e9 en cas d\u2019ulc\u00e8res ou de calculs biliaires.<\/p>\n<\/div>","protected":false},"excerpt":{"rendered":"<p>Highlights:Harpagophytumdela marque GPHest le produit id\u00e9al pour lutter contre lesdouleurs articulaires, avec une pl\u00e9thore de vitamines et de min\u00e9raux, dont le fer, le magn\u00e9sium, la vitamine A et la vitamine C. Ce compl\u00e9ment alimentaire favorise la relaxation tout en am\u00e9liorantla mobilit\u00e9etla souplesse des articulations.<\/p>","protected":false},"featured_media":35388,"comment_status":"open","ping_status":"closed","template":"","meta":[],"pwb-brand":[],"product_cat":[16],"product_tag":[],"class_list":{"0":"post-35387","1":"product","2":"type-product","3":"status-publish","4":"has-post-thumbnail","6":"product_cat-non-classe","7":"pa_brands-gph","9":"first","10":"instock","11":"sale","12":"shipping-taxable","13":"purchasable","14":"product-type-simple"},"yoast_head":"<!-- This site is optimized with the Yoast SEO plugin v27.5 - https:\/\/yoast.com\/product\/yoast-seo-wordpress\/ -->\n<title>GPH Harpagophytum Bio 100 Gelules - paragaleriedetalborjt<\/title>\n<meta name=\"robots\" content=\"index, follow, max-snippet:-1, max-image-preview:large, max-video-preview:-1\" \/>\n<link rel=\"canonical\" href=\"https:\/\/paragaleriedetalborjt.com\/en\/boutique\/gph-harpagophytum-bio-100-gelules\/\" \/>\n<meta property=\"og:locale\" content=\"en_US\" \/>\n<meta property=\"og:type\" content=\"article\" \/>\n<meta property=\"og:title\" content=\"GPH Harpagophytum Bio 100 Gelules - paragaleriedetalborjt\" \/>\n<meta property=\"og:description\" content=\"Highlights:Harpagophytumdela marque GPHest le produit id\u00e9al pour lutter contre lesdouleurs articulaires, avec une pl\u00e9thore de vitamines et de min\u00e9raux, dont le fer, le magn\u00e9sium, la vitamine A et la vitamine C. Ce compl\u00e9ment alimentaire favorise la relaxation tout en am\u00e9liorantla mobilit\u00e9etla souplesse des articulations.\" \/>\n<meta property=\"og:url\" content=\"https:\/\/paragaleriedetalborjt.com\/en\/boutique\/gph-harpagophytum-bio-100-gelules\/\" \/>\n<meta property=\"og:site_name\" content=\"paragaleriedetalborjt\" \/>\n<meta property=\"article:modified_time\" content=\"2026-01-03T15:31:35+00:00\" \/>\n<meta property=\"og:image\" content=\"https:\/\/paragaleriedetalborjt.com\/wp-content\/uploads\/2026\/01\/GPH-Harpagophytum-Bio-100-gelules-600x600-1.jpg\" \/>\n\t<meta property=\"og:image:width\" content=\"600\" \/>\n\t<meta property=\"og:image:height\" content=\"600\" \/>\n\t<meta property=\"og:image:type\" content=\"image\/jpeg\" \/>\n<meta name=\"twitter:card\" content=\"summary_large_image\" \/>\n<meta name=\"twitter:label1\" content=\"Est. reading time\" \/>\n\t<meta name=\"twitter:data1\" content=\"2 minutes\" \/>\n<script type=\"application\/ld+json\" class=\"yoast-schema-graph\">{\"@context\":\"https:\\\/\\\/schema.org\",\"@graph\":[{\"@type\":\"WebPage\",\"@id\":\"https:\\\/\\\/paragaleriedetalborjt.com\\\/boutique\\\/gph-harpagophytum-bio-100-gelules\\\/\",\"url\":\"https:\\\/\\\/paragaleriedetalborjt.com\\\/boutique\\\/gph-harpagophytum-bio-100-gelules\\\/\",\"name\":\"GPH Harpagophytum Bio 100 Gelules - paragaleriedetalborjt\",\"isPartOf\":{\"@id\":\"https:\\\/\\\/paragaleriedetalborjt.com\\\/#website\"},\"primaryImageOfPage\":{\"@id\":\"https:\\\/\\\/paragaleriedetalborjt.com\\\/boutique\\\/gph-harpagophytum-bio-100-gelules\\\/#primaryimage\"},\"image\":{\"@id\":\"https:\\\/\\\/paragaleriedetalborjt.com\\\/boutique\\\/gph-harpagophytum-bio-100-gelules\\\/#primaryimage\"},\"thumbnailUrl\":\"https:\\\/\\\/paragaleriedetalborjt.com\\\/wp-content\\\/uploads\\\/2026\\\/01\\\/GPH-Harpagophytum-Bio-100-gelules-600x600-1.jpg\",\"datePublished\":\"2026-01-03T00:34:11+00:00\",\"dateModified\":\"2026-01-03T15:31:35+00:00\",\"breadcrumb\":{\"@id\":\"https:\\\/\\\/paragaleriedetalborjt.com\\\/boutique\\\/gph-harpagophytum-bio-100-gelules\\\/#breadcrumb\"},\"inLanguage\":\"en-US\",\"potentialAction\":[{\"@type\":\"ReadAction\",\"target\":[\"https:\\\/\\\/paragaleriedetalborjt.com\\\/boutique\\\/gph-harpagophytum-bio-100-gelules\\\/\"]}]},{\"@type\":\"ImageObject\",\"inLanguage\":\"en-US\",\"@id\":\"https:\\\/\\\/paragaleriedetalborjt.com\\\/boutique\\\/gph-harpagophytum-bio-100-gelules\\\/#primaryimage\",\"url\":\"https:\\\/\\\/paragaleriedetalborjt.com\\\/wp-content\\\/uploads\\\/2026\\\/01\\\/GPH-Harpagophytum-Bio-100-gelules-600x600-1.jpg\",\"contentUrl\":\"https:\\\/\\\/paragaleriedetalborjt.com\\\/wp-content\\\/uploads\\\/2026\\\/01\\\/GPH-Harpagophytum-Bio-100-gelules-600x600-1.jpg\",\"width\":600,\"height\":600},{\"@type\":\"BreadcrumbList\",\"@id\":\"https:\\\/\\\/paragaleriedetalborjt.com\\\/boutique\\\/gph-harpagophytum-bio-100-gelules\\\/#breadcrumb\",\"itemListElement\":[{\"@type\":\"ListItem\",\"position\":1,\"name\":\"Accueil\",\"item\":\"https:\\\/\\\/paragaleriedetalborjt.com\\\/\"},{\"@type\":\"ListItem\",\"position\":2,\"name\":\"Boutique\",\"item\":\"https:\\\/\\\/paragaleriedetalborjt.com\\\/boutique\\\/\"},{\"@type\":\"ListItem\",\"position\":3,\"name\":\"GPH Harpagophytum Bio 100 Gelules\"}]},{\"@type\":\"WebSite\",\"@id\":\"https:\\\/\\\/paragaleriedetalborjt.com\\\/#website\",\"url\":\"https:\\\/\\\/paragaleriedetalborjt.com\\\/\",\"name\":\"paragaleriedetalborjt\",\"description\":\"\",\"potentialAction\":[{\"@type\":\"SearchAction\",\"target\":{\"@type\":\"EntryPoint\",\"urlTemplate\":\"https:\\\/\\\/paragaleriedetalborjt.com\\\/?s={search_term_string}\"},\"query-input\":{\"@type\":\"PropertyValueSpecification\",\"valueRequired\":true,\"valueName\":\"search_term_string\"}}],\"inLanguage\":\"en-US\"}]}<\/script>\n<!-- \/ Yoast SEO plugin. -->","yoast_head_json":{"title":"GPH Harpagophytum Bio 100 Gelules - paragaleriedetalborjt","robots":{"index":"index","follow":"follow","max-snippet":"max-snippet:-1","max-image-preview":"max-image-preview:large","max-video-preview":"max-video-preview:-1"},"canonical":"https:\/\/paragaleriedetalborjt.com\/en\/boutique\/gph-harpagophytum-bio-100-gelules\/","og_locale":"en_US","og_type":"article","og_title":"GPH Harpagophytum Bio 100 Gelules - paragaleriedetalborjt","og_description":"Highlights:Harpagophytumdela marque GPHest le produit id\u00e9al pour lutter contre lesdouleurs articulaires, avec une pl\u00e9thore de vitamines et de min\u00e9raux, dont le fer, le magn\u00e9sium, la vitamine A et la vitamine C. Ce compl\u00e9ment alimentaire favorise la relaxation tout en am\u00e9liorantla mobilit\u00e9etla souplesse des articulations.","og_url":"https:\/\/paragaleriedetalborjt.com\/en\/boutique\/gph-harpagophytum-bio-100-gelules\/","og_site_name":"paragaleriedetalborjt","article_modified_time":"2026-01-03T15:31:35+00:00","og_image":[{"width":600,"height":600,"url":"https:\/\/paragaleriedetalborjt.com\/wp-content\/uploads\/2026\/01\/GPH-Harpagophytum-Bio-100-gelules-600x600-1.jpg","type":"image\/jpeg"}],"twitter_card":"summary_large_image","twitter_misc":{"Est. reading time":"2 minutes"},"schema":{"@context":"https:\/\/schema.org","@graph":[{"@type":"WebPage","@id":"https:\/\/paragaleriedetalborjt.com\/boutique\/gph-harpagophytum-bio-100-gelules\/","url":"https:\/\/paragaleriedetalborjt.com\/boutique\/gph-harpagophytum-bio-100-gelules\/","name":"GPH Harpagophytum Bio 100 Gelules - paragaleriedetalborjt","isPartOf":{"@id":"https:\/\/paragaleriedetalborjt.com\/#website"},"primaryImageOfPage":{"@id":"https:\/\/paragaleriedetalborjt.com\/boutique\/gph-harpagophytum-bio-100-gelules\/#primaryimage"},"image":{"@id":"https:\/\/paragaleriedetalborjt.com\/boutique\/gph-harpagophytum-bio-100-gelules\/#primaryimage"},"thumbnailUrl":"https:\/\/paragaleriedetalborjt.com\/wp-content\/uploads\/2026\/01\/GPH-Harpagophytum-Bio-100-gelules-600x600-1.jpg","datePublished":"2026-01-03T00:34:11+00:00","dateModified":"2026-01-03T15:31:35+00:00","breadcrumb":{"@id":"https:\/\/paragaleriedetalborjt.com\/boutique\/gph-harpagophytum-bio-100-gelules\/#breadcrumb"},"inLanguage":"en-US","potentialAction":[{"@type":"ReadAction","target":["https:\/\/paragaleriedetalborjt.com\/boutique\/gph-harpagophytum-bio-100-gelules\/"]}]},{"@type":"ImageObject","inLanguage":"en-US","@id":"https:\/\/paragaleriedetalborjt.com\/boutique\/gph-harpagophytum-bio-100-gelules\/#primaryimage","url":"https:\/\/paragaleriedetalborjt.com\/wp-content\/uploads\/2026\/01\/GPH-Harpagophytum-Bio-100-gelules-600x600-1.jpg","contentUrl":"https:\/\/paragaleriedetalborjt.com\/wp-content\/uploads\/2026\/01\/GPH-Harpagophytum-Bio-100-gelules-600x600-1.jpg","width":600,"height":600},{"@type":"BreadcrumbList","@id":"https:\/\/paragaleriedetalborjt.com\/boutique\/gph-harpagophytum-bio-100-gelules\/#breadcrumb","itemListElement":[{"@type":"ListItem","position":1,"name":"Accueil","item":"https:\/\/paragaleriedetalborjt.com\/"},{"@type":"ListItem","position":2,"name":"Boutique","item":"https:\/\/paragaleriedetalborjt.com\/boutique\/"},{"@type":"ListItem","position":3,"name":"GPH Harpagophytum Bio 100 Gelules"}]},{"@type":"WebSite","@id":"https:\/\/paragaleriedetalborjt.com\/#website","url":"https:\/\/paragaleriedetalborjt.com\/","name":"paragaleriedetalborjt","description":"","potentialAction":[{"@type":"SearchAction","target":{"@type":"EntryPoint","urlTemplate":"https:\/\/paragaleriedetalborjt.com\/?s={search_term_string}"},"query-input":{"@type":"PropertyValueSpecification","valueRequired":true,"valueName":"search_term_string"}}],"inLanguage":"en-US"}]}},"brands":[],"_links":{"self":[{"href":"https:\/\/paragaleriedetalborjt.com\/en\/wp-json\/wp\/v2\/product\/35387","targetHints":{"allow":["GET"]}}],"collection":[{"href":"https:\/\/paragaleriedetalborjt.com\/en\/wp-json\/wp\/v2\/product"}],"about":[{"href":"https:\/\/paragaleriedetalborjt.com\/en\/wp-json\/wp\/v2\/types\/product"}],"replies":[{"embeddable":true,"href":"https:\/\/paragaleriedetalborjt.com\/en\/wp-json\/wp\/v2\/comments?post=35387"}],"version-history":[{"count":1,"href":"https:\/\/paragaleriedetalborjt.com\/en\/wp-json\/wp\/v2\/product\/35387\/revisions"}],"predecessor-version":[{"id":35389,"href":"https:\/\/paragaleriedetalborjt.com\/en\/wp-json\/wp\/v2\/product\/35387\/revisions\/35389"}],"wp:featuredmedia":[{"embeddable":true,"href":"https:\/\/paragaleriedetalborjt.com\/en\/wp-json\/wp\/v2\/media\/35388"}],"wp:attachment":[{"href":"https:\/\/paragaleriedetalborjt.com\/en\/wp-json\/wp\/v2\/media?parent=35387"}],"wp:term":[{"taxonomy":"pwb-brand","embeddable":true,"href":"https:\/\/paragaleriedetalborjt.com\/en\/wp-json\/wp\/v2\/pwb-brand?post=35387"},{"taxonomy":"product_cat","embeddable":true,"href":"https:\/\/paragaleriedetalborjt.com\/en\/wp-json\/wp\/v2\/product_cat?post=35387"},{"taxonomy":"product_tag","embeddable":true,"href":"https:\/\/paragaleriedetalborjt.com\/en\/wp-json\/wp\/v2\/product_tag?post=35387"}],"curies":[{"name":"wp","href":"https:\/\/api.w.org\/{rel}","templated":true}]}}