{"id":35357,"date":"2026-01-03T01:32:49","date_gmt":"2026-01-03T00:32:49","guid":{"rendered":"https:\/\/paragaleriedetalborjt.com\/?post_type=product&#038;p=35357"},"modified":"2026-01-03T16:31:33","modified_gmt":"2026-01-03T15:31:33","slug":"addax-biantidol-apaise-et-soulage-50ml","status":"publish","type":"product","link":"https:\/\/paragaleriedetalborjt.com\/en\/boutique\/addax-biantidol-apaise-et-soulage-50ml\/","title":{"rendered":"ADDAX BIANTIDOL APAISE ET SOULAGE 50ml"},"content":{"rendered":"<div aria-labelledby=\"tab-title-description\" class=\"woocommerce-Tabs-panel woocommerce-Tabs-panel--description panel entry-content wc-tab\" id=\"tab-description\" role=\"tabpanel\" style=\"\">\n<h2>Description<\/h2>\n<p>Le 1er apaisant anti-inflammatoire cutan\u00e9 qui agit sur les 3 phases de l\u2019inflammation.<br \/>\n1 R\u00e9gulation de la micro circulation<br \/>\n-Triester de glyc\u00e9rol + Tepescohuite + Calendula<br \/>\n2 Inhibition des substances pro-inflammatoires<br \/>\n\u2013 Modul\u00e8ne =&gt; cytokines<br \/>\n\u2013 Brom\u00e9laine =&gt; histamine<br \/>\n\u2013 Triester de glyc\u00e9rol prostaglandines (PGE2)<br \/>\n3 Stimulation de la cicatrisation<br \/>\n\u2013 Vitamine B5 + Calophyllum Inophyllum<\/p>\n<p>LE + : UNE ACTION APAISANTE IMMEDIATE<br \/>\n\u2013 R\u00f4le apaisant de la camomille.<br \/>\n\u2013 Am\u00e9lioration de l\u2019\u00e9lasticit\u00e9 cutan\u00e9e par un accroissement de l\u2019hydratation.<\/p>\n<p><strong>INDICATIONS :<\/strong><br \/>\n\u2013 Traitement symptomatique des manifestations inflammatoires mod\u00e9r\u00e9es sans surinfection.<br \/>\n\u2013 Traitement d\u2019appoint des dermites irritatives s\u00e8ches, notamment :<br \/>\n\u2022 Crevasses, ger\u00e7ures, br\u00fblures superficielles de petite dimension.<br \/>\n\u2022 Eryth\u00e8me fessier non compliqu\u00e9 du nourrisson<br \/>\n\u2022 Eryth\u00e8mes solaires<br \/>\n\u2022 Prurit, piq\u00fbres d\u2019insectes\u2026<br \/>\n\u2022 Dermites de contact, d\u00e9mangeaisons<\/p>\n<p><strong>POSOLOGIE :<\/strong><br \/>\nUne application matin et soir<\/p>\n<\/div>","protected":false},"excerpt":{"rendered":"<p>Highlights:\u2022 RELIPIDANT\u00a0: pour compenser les effets dess\u00e9chants des traitements m\u00e9dicamenteux.\u2022 NOURRISSANT\u00a0: restaure le confort cutan\u00e9.\u2022 APAISANT\u00a0: pour les peaux fragilis\u00e9es.<\/p>","protected":false},"featured_media":35358,"comment_status":"open","ping_status":"closed","template":"","meta":[],"pwb-brand":[],"product_cat":[16],"product_tag":[],"class_list":{"0":"post-35357","1":"product","2":"type-product","3":"status-publish","4":"has-post-thumbnail","6":"product_cat-non-classe","7":"pa_brands-addax","9":"first","10":"instock","11":"sale","12":"shipping-taxable","13":"purchasable","14":"product-type-simple"},"yoast_head":"<!-- This site is optimized with the Yoast SEO plugin v26.9 - https:\/\/yoast.com\/product\/yoast-seo-wordpress\/ -->\n<title>ADDAX BIANTIDOL APAISE ET SOULAGE 50ml - paragaleriedetalborjt<\/title>\n<meta name=\"robots\" content=\"index, follow, max-snippet:-1, max-image-preview:large, max-video-preview:-1\" \/>\n<link rel=\"canonical\" href=\"https:\/\/paragaleriedetalborjt.com\/en\/boutique\/addax-biantidol-apaise-et-soulage-50ml\/\" \/>\n<meta property=\"og:locale\" content=\"en_US\" \/>\n<meta property=\"og:type\" content=\"article\" \/>\n<meta property=\"og:title\" content=\"ADDAX BIANTIDOL APAISE ET SOULAGE 50ml - paragaleriedetalborjt\" \/>\n<meta property=\"og:description\" content=\"Highlights:\u2022 RELIPIDANT\u00a0: pour compenser les effets dess\u00e9chants des traitements m\u00e9dicamenteux.\u2022 NOURRISSANT\u00a0: restaure le confort cutan\u00e9.\u2022 APAISANT\u00a0: pour les peaux fragilis\u00e9es.\" \/>\n<meta property=\"og:url\" content=\"https:\/\/paragaleriedetalborjt.com\/en\/boutique\/addax-biantidol-apaise-et-soulage-50ml\/\" \/>\n<meta property=\"og:site_name\" content=\"paragaleriedetalborjt\" \/>\n<meta property=\"article:modified_time\" content=\"2026-01-03T15:31:33+00:00\" \/>\n<meta property=\"og:image\" content=\"https:\/\/paragaleriedetalborjt.com\/wp-content\/uploads\/2026\/01\/addax-bientidol-parapharmacie-enligne-casablanca.jpg\" \/>\n\t<meta property=\"og:image:width\" content=\"595\" \/>\n\t<meta property=\"og:image:height\" content=\"655\" \/>\n\t<meta property=\"og:image:type\" content=\"image\/jpeg\" \/>\n<meta name=\"twitter:card\" content=\"summary_large_image\" \/>\n<meta name=\"twitter:label1\" content=\"Est. reading time\" \/>\n\t<meta name=\"twitter:data1\" content=\"1 minute\" \/>\n<script type=\"application\/ld+json\" class=\"yoast-schema-graph\">{\"@context\":\"https:\/\/schema.org\",\"@graph\":[{\"@type\":\"WebPage\",\"@id\":\"https:\/\/paragaleriedetalborjt.com\/boutique\/addax-biantidol-apaise-et-soulage-50ml\/\",\"url\":\"https:\/\/paragaleriedetalborjt.com\/boutique\/addax-biantidol-apaise-et-soulage-50ml\/\",\"name\":\"ADDAX BIANTIDOL APAISE ET SOULAGE 50ml - paragaleriedetalborjt\",\"isPartOf\":{\"@id\":\"https:\/\/paragaleriedetalborjt.com\/#website\"},\"primaryImageOfPage\":{\"@id\":\"https:\/\/paragaleriedetalborjt.com\/boutique\/addax-biantidol-apaise-et-soulage-50ml\/#primaryimage\"},\"image\":{\"@id\":\"https:\/\/paragaleriedetalborjt.com\/boutique\/addax-biantidol-apaise-et-soulage-50ml\/#primaryimage\"},\"thumbnailUrl\":\"https:\/\/paragaleriedetalborjt.com\/wp-content\/uploads\/2026\/01\/addax-bientidol-parapharmacie-enligne-casablanca.jpg\",\"datePublished\":\"2026-01-03T00:32:49+00:00\",\"dateModified\":\"2026-01-03T15:31:33+00:00\",\"breadcrumb\":{\"@id\":\"https:\/\/paragaleriedetalborjt.com\/boutique\/addax-biantidol-apaise-et-soulage-50ml\/#breadcrumb\"},\"inLanguage\":\"en-US\",\"potentialAction\":[{\"@type\":\"ReadAction\",\"target\":[\"https:\/\/paragaleriedetalborjt.com\/boutique\/addax-biantidol-apaise-et-soulage-50ml\/\"]}]},{\"@type\":\"ImageObject\",\"inLanguage\":\"en-US\",\"@id\":\"https:\/\/paragaleriedetalborjt.com\/boutique\/addax-biantidol-apaise-et-soulage-50ml\/#primaryimage\",\"url\":\"https:\/\/paragaleriedetalborjt.com\/wp-content\/uploads\/2026\/01\/addax-bientidol-parapharmacie-enligne-casablanca.jpg\",\"contentUrl\":\"https:\/\/paragaleriedetalborjt.com\/wp-content\/uploads\/2026\/01\/addax-bientidol-parapharmacie-enligne-casablanca.jpg\",\"width\":595,\"height\":655},{\"@type\":\"BreadcrumbList\",\"@id\":\"https:\/\/paragaleriedetalborjt.com\/boutique\/addax-biantidol-apaise-et-soulage-50ml\/#breadcrumb\",\"itemListElement\":[{\"@type\":\"ListItem\",\"position\":1,\"name\":\"Accueil\",\"item\":\"https:\/\/paragaleriedetalborjt.com\/\"},{\"@type\":\"ListItem\",\"position\":2,\"name\":\"Boutique\",\"item\":\"https:\/\/paragaleriedetalborjt.com\/boutique\/\"},{\"@type\":\"ListItem\",\"position\":3,\"name\":\"ADDAX BIANTIDOL APAISE ET SOULAGE 50ml\"}]},{\"@type\":\"WebSite\",\"@id\":\"https:\/\/paragaleriedetalborjt.com\/#website\",\"url\":\"https:\/\/paragaleriedetalborjt.com\/\",\"name\":\"paragaleriedetalborjt\",\"description\":\"\",\"potentialAction\":[{\"@type\":\"SearchAction\",\"target\":{\"@type\":\"EntryPoint\",\"urlTemplate\":\"https:\/\/paragaleriedetalborjt.com\/?s={search_term_string}\"},\"query-input\":{\"@type\":\"PropertyValueSpecification\",\"valueRequired\":true,\"valueName\":\"search_term_string\"}}],\"inLanguage\":\"en-US\"}]}<\/script>\n<!-- \/ Yoast SEO plugin. -->","yoast_head_json":{"title":"ADDAX BIANTIDOL APAISE ET SOULAGE 50ml - paragaleriedetalborjt","robots":{"index":"index","follow":"follow","max-snippet":"max-snippet:-1","max-image-preview":"max-image-preview:large","max-video-preview":"max-video-preview:-1"},"canonical":"https:\/\/paragaleriedetalborjt.com\/en\/boutique\/addax-biantidol-apaise-et-soulage-50ml\/","og_locale":"en_US","og_type":"article","og_title":"ADDAX BIANTIDOL APAISE ET SOULAGE 50ml - paragaleriedetalborjt","og_description":"Highlights:\u2022 RELIPIDANT\u00a0: pour compenser les effets dess\u00e9chants des traitements m\u00e9dicamenteux.\u2022 NOURRISSANT\u00a0: restaure le confort cutan\u00e9.\u2022 APAISANT\u00a0: pour les peaux fragilis\u00e9es.","og_url":"https:\/\/paragaleriedetalborjt.com\/en\/boutique\/addax-biantidol-apaise-et-soulage-50ml\/","og_site_name":"paragaleriedetalborjt","article_modified_time":"2026-01-03T15:31:33+00:00","og_image":[{"width":595,"height":655,"url":"https:\/\/paragaleriedetalborjt.com\/wp-content\/uploads\/2026\/01\/addax-bientidol-parapharmacie-enligne-casablanca.jpg","type":"image\/jpeg"}],"twitter_card":"summary_large_image","twitter_misc":{"Est. reading time":"1 minute"},"schema":{"@context":"https:\/\/schema.org","@graph":[{"@type":"WebPage","@id":"https:\/\/paragaleriedetalborjt.com\/boutique\/addax-biantidol-apaise-et-soulage-50ml\/","url":"https:\/\/paragaleriedetalborjt.com\/boutique\/addax-biantidol-apaise-et-soulage-50ml\/","name":"ADDAX BIANTIDOL APAISE ET SOULAGE 50ml - paragaleriedetalborjt","isPartOf":{"@id":"https:\/\/paragaleriedetalborjt.com\/#website"},"primaryImageOfPage":{"@id":"https:\/\/paragaleriedetalborjt.com\/boutique\/addax-biantidol-apaise-et-soulage-50ml\/#primaryimage"},"image":{"@id":"https:\/\/paragaleriedetalborjt.com\/boutique\/addax-biantidol-apaise-et-soulage-50ml\/#primaryimage"},"thumbnailUrl":"https:\/\/paragaleriedetalborjt.com\/wp-content\/uploads\/2026\/01\/addax-bientidol-parapharmacie-enligne-casablanca.jpg","datePublished":"2026-01-03T00:32:49+00:00","dateModified":"2026-01-03T15:31:33+00:00","breadcrumb":{"@id":"https:\/\/paragaleriedetalborjt.com\/boutique\/addax-biantidol-apaise-et-soulage-50ml\/#breadcrumb"},"inLanguage":"en-US","potentialAction":[{"@type":"ReadAction","target":["https:\/\/paragaleriedetalborjt.com\/boutique\/addax-biantidol-apaise-et-soulage-50ml\/"]}]},{"@type":"ImageObject","inLanguage":"en-US","@id":"https:\/\/paragaleriedetalborjt.com\/boutique\/addax-biantidol-apaise-et-soulage-50ml\/#primaryimage","url":"https:\/\/paragaleriedetalborjt.com\/wp-content\/uploads\/2026\/01\/addax-bientidol-parapharmacie-enligne-casablanca.jpg","contentUrl":"https:\/\/paragaleriedetalborjt.com\/wp-content\/uploads\/2026\/01\/addax-bientidol-parapharmacie-enligne-casablanca.jpg","width":595,"height":655},{"@type":"BreadcrumbList","@id":"https:\/\/paragaleriedetalborjt.com\/boutique\/addax-biantidol-apaise-et-soulage-50ml\/#breadcrumb","itemListElement":[{"@type":"ListItem","position":1,"name":"Accueil","item":"https:\/\/paragaleriedetalborjt.com\/"},{"@type":"ListItem","position":2,"name":"Boutique","item":"https:\/\/paragaleriedetalborjt.com\/boutique\/"},{"@type":"ListItem","position":3,"name":"ADDAX BIANTIDOL APAISE ET SOULAGE 50ml"}]},{"@type":"WebSite","@id":"https:\/\/paragaleriedetalborjt.com\/#website","url":"https:\/\/paragaleriedetalborjt.com\/","name":"paragaleriedetalborjt","description":"","potentialAction":[{"@type":"SearchAction","target":{"@type":"EntryPoint","urlTemplate":"https:\/\/paragaleriedetalborjt.com\/?s={search_term_string}"},"query-input":{"@type":"PropertyValueSpecification","valueRequired":true,"valueName":"search_term_string"}}],"inLanguage":"en-US"}]}},"brands":[],"_links":{"self":[{"href":"https:\/\/paragaleriedetalborjt.com\/en\/wp-json\/wp\/v2\/product\/35357","targetHints":{"allow":["GET"]}}],"collection":[{"href":"https:\/\/paragaleriedetalborjt.com\/en\/wp-json\/wp\/v2\/product"}],"about":[{"href":"https:\/\/paragaleriedetalborjt.com\/en\/wp-json\/wp\/v2\/types\/product"}],"replies":[{"embeddable":true,"href":"https:\/\/paragaleriedetalborjt.com\/en\/wp-json\/wp\/v2\/comments?post=35357"}],"version-history":[{"count":1,"href":"https:\/\/paragaleriedetalborjt.com\/en\/wp-json\/wp\/v2\/product\/35357\/revisions"}],"predecessor-version":[{"id":35359,"href":"https:\/\/paragaleriedetalborjt.com\/en\/wp-json\/wp\/v2\/product\/35357\/revisions\/35359"}],"wp:featuredmedia":[{"embeddable":true,"href":"https:\/\/paragaleriedetalborjt.com\/en\/wp-json\/wp\/v2\/media\/35358"}],"wp:attachment":[{"href":"https:\/\/paragaleriedetalborjt.com\/en\/wp-json\/wp\/v2\/media?parent=35357"}],"wp:term":[{"taxonomy":"pwb-brand","embeddable":true,"href":"https:\/\/paragaleriedetalborjt.com\/en\/wp-json\/wp\/v2\/pwb-brand?post=35357"},{"taxonomy":"product_cat","embeddable":true,"href":"https:\/\/paragaleriedetalborjt.com\/en\/wp-json\/wp\/v2\/product_cat?post=35357"},{"taxonomy":"product_tag","embeddable":true,"href":"https:\/\/paragaleriedetalborjt.com\/en\/wp-json\/wp\/v2\/product_tag?post=35357"}],"curies":[{"name":"wp","href":"https:\/\/api.w.org\/{rel}","templated":true}]}}