{"id":35231,"date":"2026-01-03T01:23:36","date_gmt":"2026-01-03T00:23:36","guid":{"rendered":"https:\/\/paragaleriedetalborjt.com\/?post_type=product&#038;p=35231"},"modified":"2026-01-03T01:23:36","modified_gmt":"2026-01-03T00:23:36","slug":"gph-diffusion-melisse-120-comprimes","status":"publish","type":"product","link":"https:\/\/paragaleriedetalborjt.com\/en\/boutique\/gph-diffusion-melisse-120-comprimes\/","title":{"rendered":"Gph Diffusion M\u00e9lisse 120 Comprim\u00e9s"},"content":{"rendered":"<div aria-labelledby=\"tab-title-description\" class=\"woocommerce-Tabs-panel woocommerce-Tabs-panel--description panel entry-content wc-tab\" id=\"tab-description\" role=\"tabpanel\" style=\"\">\n<h2>Description<\/h2>\n<p>Les comprim\u00e9s de M\u00e9lisse Bio pr\u00e9sentent de gros avantages : Ils sont concentr\u00e9s \u00e0 400mg de plantes Bio par comprim\u00e9, ils sont 100% Bio, et ne contiennent pas de g\u00e9latine (pas de g\u00e9lule).<\/p>\n<p>Les comprim\u00e9s de M\u00e9lisse sont de qualit\u00e9 et de fabrication fran\u00e7aise aux derni\u00e8res normes (ISO 22000), sont \u00e9conomiques, et faciles d\u2019utilisation car leur forme et leur taille, rend la prise ais\u00e9e.<\/p>\n<p>La M\u00e9lisse aide \u00e0 favoriser la digestion et contribue au fonctionnement normal du tube digestif et au bien-\u00eatre physique.<\/p>\n<p>Elle favorise le calme et contribue \u00e0 l\u2019apparition du sommeil en favorisant la relaxation optimale.<\/p>\n<p>La M\u00e9lisse aide \u00e0 un meilleur sommeil, contribue \u00e0 diminuer l\u2019agitation et aide \u00e0 maintenir une humeur positive et un bon fonctionnement cognitif.<\/p>\n<p>La Melisse dans la nature : La M\u00e9lisse est une plante vivace \u00e0 feuilles d\u2019un beau vert fonc\u00e9 dessus, plus p\u00e2les en dessous. Les fleurs, blanches, qui apparaissent de juin \u00e0 septembre, sont dispos\u00e9es \u00e0 l\u2019aisselle des feuilles sup\u00e9rieures. Le fruit, entour\u00e9 par un calice persistant, contient des graines luisantes brun fonc\u00e9. Commune en Europe dans les lieux frais et ombrag\u00e9s, la m\u00e9lisse est rare en altitude.<\/p>\n<p>Historique de la Melisse : Originaire d\u2019Asie Mineure, la M\u00e9lisse a \u00e9t\u00e9 introduite en France au Moyen-Age. Elle \u00e9tait cultiv\u00e9e d\u00e8s la plus haute Antiquit\u00e9 comme plante m\u00e9dicinale. Nombreux sont les \u00e9crivains de cette p\u00e9riode qui mentionnent les divers emplois de la m\u00e9lisse. Ce n\u2019est qu\u2019assez tardivement (XVII\u00e8me si\u00e8cle) que sont lou\u00e9es ses vertus.<\/p>\n<p><strong>CONSEILS D\u2019UTILISATION :<\/strong><\/p>\n<p>2 \u00e0 3 comprim\u00e9s par jour avec un grand verre d\u2019eau.<\/p>\n<\/div>","protected":false},"excerpt":{"rendered":"<p>Highlights:Aide \u00e0 la d\u00e9tente en cas de stress, aide \u00e0 se relaxer pour trouver un sommeil paisible. Facilite la digestion.<\/p>","protected":false},"featured_media":35232,"comment_status":"open","ping_status":"closed","template":"","meta":[],"pwb-brand":[],"product_cat":[16],"product_tag":[],"class_list":{"0":"post-35231","1":"product","2":"type-product","3":"status-publish","4":"has-post-thumbnail","6":"product_cat-non-classe","7":"pa_brands-gph","9":"first","10":"instock","11":"sale","12":"shipping-taxable","13":"purchasable","14":"product-type-simple"},"yoast_head":"<!-- This site is optimized with the Yoast SEO plugin v27.5 - https:\/\/yoast.com\/product\/yoast-seo-wordpress\/ -->\n<title>Gph Diffusion M\u00e9lisse 120 Comprim\u00e9s - paragaleriedetalborjt<\/title>\n<meta name=\"robots\" content=\"index, follow, max-snippet:-1, max-image-preview:large, max-video-preview:-1\" \/>\n<link rel=\"canonical\" href=\"https:\/\/paragaleriedetalborjt.com\/en\/boutique\/gph-diffusion-melisse-120-comprimes\/\" \/>\n<meta property=\"og:locale\" content=\"en_US\" \/>\n<meta property=\"og:type\" content=\"article\" \/>\n<meta property=\"og:title\" content=\"Gph Diffusion M\u00e9lisse 120 Comprim\u00e9s - paragaleriedetalborjt\" \/>\n<meta property=\"og:description\" content=\"Highlights:Aide \u00e0 la d\u00e9tente en cas de stress, aide \u00e0 se relaxer pour trouver un sommeil paisible. Facilite la digestion.\" \/>\n<meta property=\"og:url\" content=\"https:\/\/paragaleriedetalborjt.com\/en\/boutique\/gph-diffusion-melisse-120-comprimes\/\" \/>\n<meta property=\"og:site_name\" content=\"paragaleriedetalborjt\" \/>\n<meta property=\"og:image\" content=\"https:\/\/paragaleriedetalborjt.com\/wp-content\/uploads\/2026\/01\/gph-diffusion-melisse-400-mg-120-comprimes-600x600-1.webp\" \/>\n\t<meta property=\"og:image:width\" content=\"600\" \/>\n\t<meta property=\"og:image:height\" content=\"600\" \/>\n\t<meta property=\"og:image:type\" content=\"image\/webp\" \/>\n<meta name=\"twitter:card\" content=\"summary_large_image\" \/>\n<meta name=\"twitter:label1\" content=\"Est. reading time\" \/>\n\t<meta name=\"twitter:data1\" content=\"1 minute\" \/>\n<script type=\"application\/ld+json\" class=\"yoast-schema-graph\">{\"@context\":\"https:\\\/\\\/schema.org\",\"@graph\":[{\"@type\":\"WebPage\",\"@id\":\"https:\\\/\\\/paragaleriedetalborjt.com\\\/boutique\\\/gph-diffusion-melisse-120-comprimes\\\/\",\"url\":\"https:\\\/\\\/paragaleriedetalborjt.com\\\/boutique\\\/gph-diffusion-melisse-120-comprimes\\\/\",\"name\":\"Gph Diffusion M\u00e9lisse 120 Comprim\u00e9s - paragaleriedetalborjt\",\"isPartOf\":{\"@id\":\"https:\\\/\\\/paragaleriedetalborjt.com\\\/#website\"},\"primaryImageOfPage\":{\"@id\":\"https:\\\/\\\/paragaleriedetalborjt.com\\\/boutique\\\/gph-diffusion-melisse-120-comprimes\\\/#primaryimage\"},\"image\":{\"@id\":\"https:\\\/\\\/paragaleriedetalborjt.com\\\/boutique\\\/gph-diffusion-melisse-120-comprimes\\\/#primaryimage\"},\"thumbnailUrl\":\"https:\\\/\\\/paragaleriedetalborjt.com\\\/wp-content\\\/uploads\\\/2026\\\/01\\\/gph-diffusion-melisse-400-mg-120-comprimes-600x600-1.webp\",\"datePublished\":\"2026-01-03T00:23:36+00:00\",\"breadcrumb\":{\"@id\":\"https:\\\/\\\/paragaleriedetalborjt.com\\\/boutique\\\/gph-diffusion-melisse-120-comprimes\\\/#breadcrumb\"},\"inLanguage\":\"en-US\",\"potentialAction\":[{\"@type\":\"ReadAction\",\"target\":[\"https:\\\/\\\/paragaleriedetalborjt.com\\\/boutique\\\/gph-diffusion-melisse-120-comprimes\\\/\"]}]},{\"@type\":\"ImageObject\",\"inLanguage\":\"en-US\",\"@id\":\"https:\\\/\\\/paragaleriedetalborjt.com\\\/boutique\\\/gph-diffusion-melisse-120-comprimes\\\/#primaryimage\",\"url\":\"https:\\\/\\\/paragaleriedetalborjt.com\\\/wp-content\\\/uploads\\\/2026\\\/01\\\/gph-diffusion-melisse-400-mg-120-comprimes-600x600-1.webp\",\"contentUrl\":\"https:\\\/\\\/paragaleriedetalborjt.com\\\/wp-content\\\/uploads\\\/2026\\\/01\\\/gph-diffusion-melisse-400-mg-120-comprimes-600x600-1.webp\",\"width\":600,\"height\":600},{\"@type\":\"BreadcrumbList\",\"@id\":\"https:\\\/\\\/paragaleriedetalborjt.com\\\/boutique\\\/gph-diffusion-melisse-120-comprimes\\\/#breadcrumb\",\"itemListElement\":[{\"@type\":\"ListItem\",\"position\":1,\"name\":\"Accueil\",\"item\":\"https:\\\/\\\/paragaleriedetalborjt.com\\\/\"},{\"@type\":\"ListItem\",\"position\":2,\"name\":\"Boutique\",\"item\":\"https:\\\/\\\/paragaleriedetalborjt.com\\\/boutique\\\/\"},{\"@type\":\"ListItem\",\"position\":3,\"name\":\"Gph Diffusion M\u00e9lisse 120 Comprim\u00e9s\"}]},{\"@type\":\"WebSite\",\"@id\":\"https:\\\/\\\/paragaleriedetalborjt.com\\\/#website\",\"url\":\"https:\\\/\\\/paragaleriedetalborjt.com\\\/\",\"name\":\"paragaleriedetalborjt\",\"description\":\"\",\"potentialAction\":[{\"@type\":\"SearchAction\",\"target\":{\"@type\":\"EntryPoint\",\"urlTemplate\":\"https:\\\/\\\/paragaleriedetalborjt.com\\\/?s={search_term_string}\"},\"query-input\":{\"@type\":\"PropertyValueSpecification\",\"valueRequired\":true,\"valueName\":\"search_term_string\"}}],\"inLanguage\":\"en-US\"}]}<\/script>\n<!-- \/ Yoast SEO plugin. -->","yoast_head_json":{"title":"Gph Diffusion M\u00e9lisse 120 Comprim\u00e9s - paragaleriedetalborjt","robots":{"index":"index","follow":"follow","max-snippet":"max-snippet:-1","max-image-preview":"max-image-preview:large","max-video-preview":"max-video-preview:-1"},"canonical":"https:\/\/paragaleriedetalborjt.com\/en\/boutique\/gph-diffusion-melisse-120-comprimes\/","og_locale":"en_US","og_type":"article","og_title":"Gph Diffusion M\u00e9lisse 120 Comprim\u00e9s - paragaleriedetalborjt","og_description":"Highlights:Aide \u00e0 la d\u00e9tente en cas de stress, aide \u00e0 se relaxer pour trouver un sommeil paisible. Facilite la digestion.","og_url":"https:\/\/paragaleriedetalborjt.com\/en\/boutique\/gph-diffusion-melisse-120-comprimes\/","og_site_name":"paragaleriedetalborjt","og_image":[{"width":600,"height":600,"url":"https:\/\/paragaleriedetalborjt.com\/wp-content\/uploads\/2026\/01\/gph-diffusion-melisse-400-mg-120-comprimes-600x600-1.webp","type":"image\/webp"}],"twitter_card":"summary_large_image","twitter_misc":{"Est. reading time":"1 minute"},"schema":{"@context":"https:\/\/schema.org","@graph":[{"@type":"WebPage","@id":"https:\/\/paragaleriedetalborjt.com\/boutique\/gph-diffusion-melisse-120-comprimes\/","url":"https:\/\/paragaleriedetalborjt.com\/boutique\/gph-diffusion-melisse-120-comprimes\/","name":"Gph Diffusion M\u00e9lisse 120 Comprim\u00e9s - paragaleriedetalborjt","isPartOf":{"@id":"https:\/\/paragaleriedetalborjt.com\/#website"},"primaryImageOfPage":{"@id":"https:\/\/paragaleriedetalborjt.com\/boutique\/gph-diffusion-melisse-120-comprimes\/#primaryimage"},"image":{"@id":"https:\/\/paragaleriedetalborjt.com\/boutique\/gph-diffusion-melisse-120-comprimes\/#primaryimage"},"thumbnailUrl":"https:\/\/paragaleriedetalborjt.com\/wp-content\/uploads\/2026\/01\/gph-diffusion-melisse-400-mg-120-comprimes-600x600-1.webp","datePublished":"2026-01-03T00:23:36+00:00","breadcrumb":{"@id":"https:\/\/paragaleriedetalborjt.com\/boutique\/gph-diffusion-melisse-120-comprimes\/#breadcrumb"},"inLanguage":"en-US","potentialAction":[{"@type":"ReadAction","target":["https:\/\/paragaleriedetalborjt.com\/boutique\/gph-diffusion-melisse-120-comprimes\/"]}]},{"@type":"ImageObject","inLanguage":"en-US","@id":"https:\/\/paragaleriedetalborjt.com\/boutique\/gph-diffusion-melisse-120-comprimes\/#primaryimage","url":"https:\/\/paragaleriedetalborjt.com\/wp-content\/uploads\/2026\/01\/gph-diffusion-melisse-400-mg-120-comprimes-600x600-1.webp","contentUrl":"https:\/\/paragaleriedetalborjt.com\/wp-content\/uploads\/2026\/01\/gph-diffusion-melisse-400-mg-120-comprimes-600x600-1.webp","width":600,"height":600},{"@type":"BreadcrumbList","@id":"https:\/\/paragaleriedetalborjt.com\/boutique\/gph-diffusion-melisse-120-comprimes\/#breadcrumb","itemListElement":[{"@type":"ListItem","position":1,"name":"Accueil","item":"https:\/\/paragaleriedetalborjt.com\/"},{"@type":"ListItem","position":2,"name":"Boutique","item":"https:\/\/paragaleriedetalborjt.com\/boutique\/"},{"@type":"ListItem","position":3,"name":"Gph Diffusion M\u00e9lisse 120 Comprim\u00e9s"}]},{"@type":"WebSite","@id":"https:\/\/paragaleriedetalborjt.com\/#website","url":"https:\/\/paragaleriedetalborjt.com\/","name":"paragaleriedetalborjt","description":"","potentialAction":[{"@type":"SearchAction","target":{"@type":"EntryPoint","urlTemplate":"https:\/\/paragaleriedetalborjt.com\/?s={search_term_string}"},"query-input":{"@type":"PropertyValueSpecification","valueRequired":true,"valueName":"search_term_string"}}],"inLanguage":"en-US"}]}},"brands":[],"_links":{"self":[{"href":"https:\/\/paragaleriedetalborjt.com\/en\/wp-json\/wp\/v2\/product\/35231","targetHints":{"allow":["GET"]}}],"collection":[{"href":"https:\/\/paragaleriedetalborjt.com\/en\/wp-json\/wp\/v2\/product"}],"about":[{"href":"https:\/\/paragaleriedetalborjt.com\/en\/wp-json\/wp\/v2\/types\/product"}],"replies":[{"embeddable":true,"href":"https:\/\/paragaleriedetalborjt.com\/en\/wp-json\/wp\/v2\/comments?post=35231"}],"version-history":[{"count":1,"href":"https:\/\/paragaleriedetalborjt.com\/en\/wp-json\/wp\/v2\/product\/35231\/revisions"}],"predecessor-version":[{"id":35233,"href":"https:\/\/paragaleriedetalborjt.com\/en\/wp-json\/wp\/v2\/product\/35231\/revisions\/35233"}],"wp:featuredmedia":[{"embeddable":true,"href":"https:\/\/paragaleriedetalborjt.com\/en\/wp-json\/wp\/v2\/media\/35232"}],"wp:attachment":[{"href":"https:\/\/paragaleriedetalborjt.com\/en\/wp-json\/wp\/v2\/media?parent=35231"}],"wp:term":[{"taxonomy":"pwb-brand","embeddable":true,"href":"https:\/\/paragaleriedetalborjt.com\/en\/wp-json\/wp\/v2\/pwb-brand?post=35231"},{"taxonomy":"product_cat","embeddable":true,"href":"https:\/\/paragaleriedetalborjt.com\/en\/wp-json\/wp\/v2\/product_cat?post=35231"},{"taxonomy":"product_tag","embeddable":true,"href":"https:\/\/paragaleriedetalborjt.com\/en\/wp-json\/wp\/v2\/product_tag?post=35231"}],"curies":[{"name":"wp","href":"https:\/\/api.w.org\/{rel}","templated":true}]}}