{"id":35207,"date":"2026-01-03T01:22:47","date_gmt":"2026-01-03T00:22:47","guid":{"rendered":"https:\/\/paragaleriedetalborjt.com\/?post_type=product&#038;p=35207"},"modified":"2026-01-03T01:22:47","modified_gmt":"2026-01-03T00:22:47","slug":"gph-diffusion-pepins-de-courge-100-capsules","status":"publish","type":"product","link":"https:\/\/paragaleriedetalborjt.com\/en\/boutique\/gph-diffusion-pepins-de-courge-100-capsules\/","title":{"rendered":"GPH Diffusion Pepins de Courge 100 Capsules"},"content":{"rendered":"<div aria-labelledby=\"tab-title-description\" class=\"woocommerce-Tabs-panel woocommerce-Tabs-panel--description panel entry-content wc-tab\" id=\"tab-description\" role=\"tabpanel\" style=\"\">\n<h2>Description<\/h2>\n<div class=\"w-post-elm post_content\">\n<p>Les graines (ou p\u00e9pins) de courges sont riches en prot\u00e9ines, en antioxydants, en vitamines, en min\u00e9raux et en fibres alimentaires. Elles ont un index glyc\u00e9mique bas (25) et sont tr\u00e8s riches en acide ol\u00e9ique qui permet d\u2019augmenter le taux de bon cholest\u00e9rol. C\u2019est une graine tr\u00e8s riche en magn\u00e9sium.<\/p>\n<p><strong>Ingr\u00e9dients pour une prise journali\u00e8re de 3 capsules d\u2019Huile de P\u00e9pins de Courge:<\/strong><\/p>\n<p>Huile de p\u00e9pins de courge : 1260 mg Tunique (g\u00e9latine + l\u00e9cithine de soja) : 540 mgPoids net total : 120 g<\/p>\n<p><strong>Action:<\/strong><br \/>\n\u2013 Troubles de la prostate, dont l\u2019hypertrophie b\u00e9nigne de la prostate (HBP)<br \/>\n\u2013 Troubles urinaires, dont les sympt\u00f4mes associ\u00e9s \u00e0 la vessie hyperactive \u2013 Confort urinaire \u2013 Impuissance \u2013 Troubles digestifs \u2013 Douleurs inflammatoires<br \/>\n\u2013 Diab\u00e8te<br \/>\n\u2013 Ath\u00e9roscl\u00e9roseDiur\u00e9tique<br \/>\n\u2013 Antioxydante<br \/>\n\u2013 Anti-inflammatoire<br \/>\n\u2013 Anti-hypertenseur<br \/>\n\u2013 Cardioprotectrice<\/p>\n<p><strong>Conseils d\u2019utilisation:<\/strong><br \/>\n2 \u00e0 3 capsules par jour avec un grand verre d\u2019eau, pendant les repas, et dans le cadre d\u2019une alimentation \u00e9quilibr\u00e9e.<\/p>\n<\/div>\n<\/div>","protected":false},"excerpt":{"rendered":"<p>Highlights:Riches en acide ol\u00e9ique qui permet d\u2019augmenter le taux de bon cholest\u00e9rol. C\u2019est une graine tr\u00e8s riche en magn\u00e9sium.<\/p>","protected":false},"featured_media":35208,"comment_status":"open","ping_status":"closed","template":"","meta":[],"pwb-brand":[],"product_cat":[16],"product_tag":[],"class_list":{"0":"post-35207","1":"product","2":"type-product","3":"status-publish","4":"has-post-thumbnail","6":"product_cat-non-classe","7":"pa_brands-gph","9":"first","10":"instock","11":"sale","12":"shipping-taxable","13":"purchasable","14":"product-type-simple"},"yoast_head":"<!-- This site is optimized with the Yoast SEO plugin v27.5 - https:\/\/yoast.com\/product\/yoast-seo-wordpress\/ -->\n<title>GPH Diffusion Pepins de Courge 100 Capsules - paragaleriedetalborjt<\/title>\n<meta name=\"robots\" content=\"index, follow, max-snippet:-1, max-image-preview:large, max-video-preview:-1\" \/>\n<link rel=\"canonical\" href=\"https:\/\/paragaleriedetalborjt.com\/en\/boutique\/gph-diffusion-pepins-de-courge-100-capsules\/\" \/>\n<meta property=\"og:locale\" content=\"en_US\" \/>\n<meta property=\"og:type\" content=\"article\" \/>\n<meta property=\"og:title\" content=\"GPH Diffusion Pepins de Courge 100 Capsules - paragaleriedetalborjt\" \/>\n<meta property=\"og:description\" content=\"Highlights:Riches en acide ol\u00e9ique qui permet d\u2019augmenter le taux de bon cholest\u00e9rol. C\u2019est une graine tr\u00e8s riche en magn\u00e9sium.\" \/>\n<meta property=\"og:url\" content=\"https:\/\/paragaleriedetalborjt.com\/en\/boutique\/gph-diffusion-pepins-de-courge-100-capsules\/\" \/>\n<meta property=\"og:site_name\" content=\"paragaleriedetalborjt\" \/>\n<meta property=\"og:image\" content=\"https:\/\/paragaleriedetalborjt.com\/wp-content\/uploads\/2026\/01\/pepins-de-courge-420-mg-x-200-gelules-600x600-1.jpg\" \/>\n\t<meta property=\"og:image:width\" content=\"600\" \/>\n\t<meta property=\"og:image:height\" content=\"600\" \/>\n\t<meta property=\"og:image:type\" content=\"image\/jpeg\" \/>\n<meta name=\"twitter:card\" content=\"summary_large_image\" \/>\n<meta name=\"twitter:label1\" content=\"Est. reading time\" \/>\n\t<meta name=\"twitter:data1\" content=\"1 minute\" \/>\n<script type=\"application\/ld+json\" class=\"yoast-schema-graph\">{\"@context\":\"https:\\\/\\\/schema.org\",\"@graph\":[{\"@type\":\"WebPage\",\"@id\":\"https:\\\/\\\/paragaleriedetalborjt.com\\\/boutique\\\/gph-diffusion-pepins-de-courge-100-capsules\\\/\",\"url\":\"https:\\\/\\\/paragaleriedetalborjt.com\\\/boutique\\\/gph-diffusion-pepins-de-courge-100-capsules\\\/\",\"name\":\"GPH Diffusion Pepins de Courge 100 Capsules - paragaleriedetalborjt\",\"isPartOf\":{\"@id\":\"https:\\\/\\\/paragaleriedetalborjt.com\\\/#website\"},\"primaryImageOfPage\":{\"@id\":\"https:\\\/\\\/paragaleriedetalborjt.com\\\/boutique\\\/gph-diffusion-pepins-de-courge-100-capsules\\\/#primaryimage\"},\"image\":{\"@id\":\"https:\\\/\\\/paragaleriedetalborjt.com\\\/boutique\\\/gph-diffusion-pepins-de-courge-100-capsules\\\/#primaryimage\"},\"thumbnailUrl\":\"https:\\\/\\\/paragaleriedetalborjt.com\\\/wp-content\\\/uploads\\\/2026\\\/01\\\/pepins-de-courge-420-mg-x-200-gelules-600x600-1.jpg\",\"datePublished\":\"2026-01-03T00:22:47+00:00\",\"breadcrumb\":{\"@id\":\"https:\\\/\\\/paragaleriedetalborjt.com\\\/boutique\\\/gph-diffusion-pepins-de-courge-100-capsules\\\/#breadcrumb\"},\"inLanguage\":\"en-US\",\"potentialAction\":[{\"@type\":\"ReadAction\",\"target\":[\"https:\\\/\\\/paragaleriedetalborjt.com\\\/boutique\\\/gph-diffusion-pepins-de-courge-100-capsules\\\/\"]}]},{\"@type\":\"ImageObject\",\"inLanguage\":\"en-US\",\"@id\":\"https:\\\/\\\/paragaleriedetalborjt.com\\\/boutique\\\/gph-diffusion-pepins-de-courge-100-capsules\\\/#primaryimage\",\"url\":\"https:\\\/\\\/paragaleriedetalborjt.com\\\/wp-content\\\/uploads\\\/2026\\\/01\\\/pepins-de-courge-420-mg-x-200-gelules-600x600-1.jpg\",\"contentUrl\":\"https:\\\/\\\/paragaleriedetalborjt.com\\\/wp-content\\\/uploads\\\/2026\\\/01\\\/pepins-de-courge-420-mg-x-200-gelules-600x600-1.jpg\",\"width\":600,\"height\":600},{\"@type\":\"BreadcrumbList\",\"@id\":\"https:\\\/\\\/paragaleriedetalborjt.com\\\/boutique\\\/gph-diffusion-pepins-de-courge-100-capsules\\\/#breadcrumb\",\"itemListElement\":[{\"@type\":\"ListItem\",\"position\":1,\"name\":\"Accueil\",\"item\":\"https:\\\/\\\/paragaleriedetalborjt.com\\\/\"},{\"@type\":\"ListItem\",\"position\":2,\"name\":\"Boutique\",\"item\":\"https:\\\/\\\/paragaleriedetalborjt.com\\\/boutique\\\/\"},{\"@type\":\"ListItem\",\"position\":3,\"name\":\"GPH Diffusion Pepins de Courge 100 Capsules\"}]},{\"@type\":\"WebSite\",\"@id\":\"https:\\\/\\\/paragaleriedetalborjt.com\\\/#website\",\"url\":\"https:\\\/\\\/paragaleriedetalborjt.com\\\/\",\"name\":\"paragaleriedetalborjt\",\"description\":\"\",\"potentialAction\":[{\"@type\":\"SearchAction\",\"target\":{\"@type\":\"EntryPoint\",\"urlTemplate\":\"https:\\\/\\\/paragaleriedetalborjt.com\\\/?s={search_term_string}\"},\"query-input\":{\"@type\":\"PropertyValueSpecification\",\"valueRequired\":true,\"valueName\":\"search_term_string\"}}],\"inLanguage\":\"en-US\"}]}<\/script>\n<!-- \/ Yoast SEO plugin. -->","yoast_head_json":{"title":"GPH Diffusion Pepins de Courge 100 Capsules - paragaleriedetalborjt","robots":{"index":"index","follow":"follow","max-snippet":"max-snippet:-1","max-image-preview":"max-image-preview:large","max-video-preview":"max-video-preview:-1"},"canonical":"https:\/\/paragaleriedetalborjt.com\/en\/boutique\/gph-diffusion-pepins-de-courge-100-capsules\/","og_locale":"en_US","og_type":"article","og_title":"GPH Diffusion Pepins de Courge 100 Capsules - paragaleriedetalborjt","og_description":"Highlights:Riches en acide ol\u00e9ique qui permet d\u2019augmenter le taux de bon cholest\u00e9rol. C\u2019est une graine tr\u00e8s riche en magn\u00e9sium.","og_url":"https:\/\/paragaleriedetalborjt.com\/en\/boutique\/gph-diffusion-pepins-de-courge-100-capsules\/","og_site_name":"paragaleriedetalborjt","og_image":[{"width":600,"height":600,"url":"https:\/\/paragaleriedetalborjt.com\/wp-content\/uploads\/2026\/01\/pepins-de-courge-420-mg-x-200-gelules-600x600-1.jpg","type":"image\/jpeg"}],"twitter_card":"summary_large_image","twitter_misc":{"Est. reading time":"1 minute"},"schema":{"@context":"https:\/\/schema.org","@graph":[{"@type":"WebPage","@id":"https:\/\/paragaleriedetalborjt.com\/boutique\/gph-diffusion-pepins-de-courge-100-capsules\/","url":"https:\/\/paragaleriedetalborjt.com\/boutique\/gph-diffusion-pepins-de-courge-100-capsules\/","name":"GPH Diffusion Pepins de Courge 100 Capsules - paragaleriedetalborjt","isPartOf":{"@id":"https:\/\/paragaleriedetalborjt.com\/#website"},"primaryImageOfPage":{"@id":"https:\/\/paragaleriedetalborjt.com\/boutique\/gph-diffusion-pepins-de-courge-100-capsules\/#primaryimage"},"image":{"@id":"https:\/\/paragaleriedetalborjt.com\/boutique\/gph-diffusion-pepins-de-courge-100-capsules\/#primaryimage"},"thumbnailUrl":"https:\/\/paragaleriedetalborjt.com\/wp-content\/uploads\/2026\/01\/pepins-de-courge-420-mg-x-200-gelules-600x600-1.jpg","datePublished":"2026-01-03T00:22:47+00:00","breadcrumb":{"@id":"https:\/\/paragaleriedetalborjt.com\/boutique\/gph-diffusion-pepins-de-courge-100-capsules\/#breadcrumb"},"inLanguage":"en-US","potentialAction":[{"@type":"ReadAction","target":["https:\/\/paragaleriedetalborjt.com\/boutique\/gph-diffusion-pepins-de-courge-100-capsules\/"]}]},{"@type":"ImageObject","inLanguage":"en-US","@id":"https:\/\/paragaleriedetalborjt.com\/boutique\/gph-diffusion-pepins-de-courge-100-capsules\/#primaryimage","url":"https:\/\/paragaleriedetalborjt.com\/wp-content\/uploads\/2026\/01\/pepins-de-courge-420-mg-x-200-gelules-600x600-1.jpg","contentUrl":"https:\/\/paragaleriedetalborjt.com\/wp-content\/uploads\/2026\/01\/pepins-de-courge-420-mg-x-200-gelules-600x600-1.jpg","width":600,"height":600},{"@type":"BreadcrumbList","@id":"https:\/\/paragaleriedetalborjt.com\/boutique\/gph-diffusion-pepins-de-courge-100-capsules\/#breadcrumb","itemListElement":[{"@type":"ListItem","position":1,"name":"Accueil","item":"https:\/\/paragaleriedetalborjt.com\/"},{"@type":"ListItem","position":2,"name":"Boutique","item":"https:\/\/paragaleriedetalborjt.com\/boutique\/"},{"@type":"ListItem","position":3,"name":"GPH Diffusion Pepins de Courge 100 Capsules"}]},{"@type":"WebSite","@id":"https:\/\/paragaleriedetalborjt.com\/#website","url":"https:\/\/paragaleriedetalborjt.com\/","name":"paragaleriedetalborjt","description":"","potentialAction":[{"@type":"SearchAction","target":{"@type":"EntryPoint","urlTemplate":"https:\/\/paragaleriedetalborjt.com\/?s={search_term_string}"},"query-input":{"@type":"PropertyValueSpecification","valueRequired":true,"valueName":"search_term_string"}}],"inLanguage":"en-US"}]}},"brands":[],"_links":{"self":[{"href":"https:\/\/paragaleriedetalborjt.com\/en\/wp-json\/wp\/v2\/product\/35207","targetHints":{"allow":["GET"]}}],"collection":[{"href":"https:\/\/paragaleriedetalborjt.com\/en\/wp-json\/wp\/v2\/product"}],"about":[{"href":"https:\/\/paragaleriedetalborjt.com\/en\/wp-json\/wp\/v2\/types\/product"}],"replies":[{"embeddable":true,"href":"https:\/\/paragaleriedetalborjt.com\/en\/wp-json\/wp\/v2\/comments?post=35207"}],"version-history":[{"count":1,"href":"https:\/\/paragaleriedetalborjt.com\/en\/wp-json\/wp\/v2\/product\/35207\/revisions"}],"predecessor-version":[{"id":35209,"href":"https:\/\/paragaleriedetalborjt.com\/en\/wp-json\/wp\/v2\/product\/35207\/revisions\/35209"}],"wp:featuredmedia":[{"embeddable":true,"href":"https:\/\/paragaleriedetalborjt.com\/en\/wp-json\/wp\/v2\/media\/35208"}],"wp:attachment":[{"href":"https:\/\/paragaleriedetalborjt.com\/en\/wp-json\/wp\/v2\/media?parent=35207"}],"wp:term":[{"taxonomy":"pwb-brand","embeddable":true,"href":"https:\/\/paragaleriedetalborjt.com\/en\/wp-json\/wp\/v2\/pwb-brand?post=35207"},{"taxonomy":"product_cat","embeddable":true,"href":"https:\/\/paragaleriedetalborjt.com\/en\/wp-json\/wp\/v2\/product_cat?post=35207"},{"taxonomy":"product_tag","embeddable":true,"href":"https:\/\/paragaleriedetalborjt.com\/en\/wp-json\/wp\/v2\/product_tag?post=35207"}],"curies":[{"name":"wp","href":"https:\/\/api.w.org\/{rel}","templated":true}]}}