{"id":35204,"date":"2026-01-03T01:22:42","date_gmt":"2026-01-03T00:22:42","guid":{"rendered":"https:\/\/paragaleriedetalborjt.com\/?post_type=product&#038;p=35204"},"modified":"2026-01-03T01:22:42","modified_gmt":"2026-01-03T00:22:42","slug":"renaissance-collagene-marin-poudre-100gr","status":"publish","type":"product","link":"https:\/\/paragaleriedetalborjt.com\/en\/boutique\/renaissance-collagene-marin-poudre-100gr\/","title":{"rendered":"Renaissance Collagene Marin Poudre 100gr"},"content":{"rendered":"<div aria-labelledby=\"tab-title-description\" class=\"woocommerce-Tabs-panel woocommerce-Tabs-panel--description panel entry-content wc-tab\" id=\"tab-description\" role=\"tabpanel\" style=\"\">\n<h2>Description<\/h2>\n<p>L\u2019hydrolysat de collag\u00e8ne marin est fr\u00e9quemment utilis\u00e9 en tant que compl\u00e9ment alimentaire. Celui-ci a la particularit\u00e9 d\u2019\u00eatre d\u2019origine 100% naturelle, et d\u2019\u00eatre donc tout \u00e0 fait profitable pour le corps. C\u2019est g\u00e9n\u00e9ralement au sein du cartilage de la raie, animal marin de r\u00e9f\u00e9rence, que l\u2019on pourra obtenir cet hydrolysat de collag\u00e8ne marin. Cet \u00e9l\u00e9ment fait, \u00e0 la base, partie int\u00e9grante de notre organisme. On retrouve en effet du collag\u00e8ne un peu partout dans notre corps, notamment dans la peau, mais aussi au coeur de nos cartilages, ou dans les os et articulations.<\/p>\n<ul>\n<li>Le collag\u00e8ne marin en cure<\/li>\n<\/ul>\n<p>Le collag\u00e8ne marin est donc un produit sain et naturel, que vous pourrez utiliser par le biais de ce compl\u00e9ment alimentaire, en m\u00e9langeant la poudre directement avec de l\u2019eau, voire m\u00eame avec un aliment de votre choix, en l\u2019int\u00e9grant \u00e0 vos repas par exemple. Le collag\u00e8ne marin a une qualit\u00e9 particuli\u00e8re, notamment quand il est pr\u00e9sent\u00e9 sous la forme d\u2019hydrolysat, il est fortement assimilable par l\u2019organisme, qui pourra donc profiter de tous ses bienfaits d\u00e8s les premi\u00e8res utilisations. Ce compl\u00e9ment alimentaire vous permettra de profiter de tout ce que le collag\u00e8ne marin peut vous apporter.<\/p>\n<p><strong>Une cure de 45 jours<\/strong><\/p>\n<p>G\u00e9n\u00e9ralement, il est conseill\u00e9 de prendre l\u2019hydrolysat de collag\u00e8ne marin au sein d\u2019une cure, d\u2019au moins 45 jours, afin que celui-ci soit efficace. Sur cette p\u00e9riode, vous b\u00e9n\u00e9ficierez d\u2019effets durables et visibles.<\/p>\n<p><strong>Ingr\u00e9dients :<\/strong><\/p>\n<p>100% Collag\u00e8ne marin hydrolysat (extrait de peaux de poissons sauvages de la mer)<\/p>\n<p><strong>Conseil de consommation :<\/strong><\/p>\n<p>2 \u00e0 3 grammes d\u2019 Hydrolysat de collag\u00e8ne marin par jour ( selon besoin) avec un grand verre d\u2019eau et dans le cadre d\u2019une alimentation \u00e9quilibr\u00e9e.<\/p>\n<p><strong>Pr\u00e9cautions d\u2019emploi :<\/strong><\/p>\n<p>Il est fortement conseill\u00e9 de ne pas d\u00e9passer la dose journali\u00e8re recommand\u00e9e de notre collagene marin, sauf sous ordre de votre medecin. Tenir hors de port\u00e9e des enfants. La consommation de compl\u00e9ments alimentaires ne doit pas \u00eatre un substitut d\u2019un r\u00e9gime alimentaire vari\u00e9. A conserver \u00e0 l\u2019abri de la chaleur et de l\u2019humidit\u00e9.<\/p>\n<\/div>","protected":false},"excerpt":{"rendered":"<p>Highlights:Le collag\u00e8ne est connu pour \u00eatre un composant essentiel de la peau, du cartilage, des muscles, des tendons et des os.<\/p>","protected":false},"featured_media":35205,"comment_status":"open","ping_status":"closed","template":"","meta":[],"pwb-brand":[],"product_cat":[16],"product_tag":[],"class_list":{"0":"post-35204","1":"product","2":"type-product","3":"status-publish","4":"has-post-thumbnail","6":"product_cat-non-classe","7":"pa_brands-gph","9":"first","10":"instock","11":"sale","12":"shipping-taxable","13":"purchasable","14":"product-type-simple"},"yoast_head":"<!-- This site is optimized with the Yoast SEO plugin v27.5 - https:\/\/yoast.com\/product\/yoast-seo-wordpress\/ -->\n<title>Renaissance Collagene Marin Poudre 100gr - paragaleriedetalborjt<\/title>\n<meta name=\"robots\" content=\"index, follow, max-snippet:-1, max-image-preview:large, max-video-preview:-1\" \/>\n<link rel=\"canonical\" href=\"https:\/\/paragaleriedetalborjt.com\/en\/boutique\/renaissance-collagene-marin-poudre-100gr\/\" \/>\n<meta property=\"og:locale\" content=\"en_US\" \/>\n<meta property=\"og:type\" content=\"article\" \/>\n<meta property=\"og:title\" content=\"Renaissance Collagene Marin Poudre 100gr - paragaleriedetalborjt\" \/>\n<meta property=\"og:description\" content=\"Highlights:Le collag\u00e8ne est connu pour \u00eatre un composant essentiel de la peau, du cartilage, des muscles, des tendons et des os.\" \/>\n<meta property=\"og:url\" content=\"https:\/\/paragaleriedetalborjt.com\/en\/boutique\/renaissance-collagene-marin-poudre-100gr\/\" \/>\n<meta property=\"og:site_name\" content=\"paragaleriedetalborjt\" \/>\n<meta property=\"og:image\" content=\"https:\/\/paragaleriedetalborjt.com\/wp-content\/uploads\/2026\/01\/collagene_marin_poudre_100g_renaissance-600x500-1.png\" \/>\n\t<meta property=\"og:image:width\" content=\"600\" \/>\n\t<meta property=\"og:image:height\" content=\"500\" \/>\n\t<meta property=\"og:image:type\" content=\"image\/png\" \/>\n<meta name=\"twitter:card\" content=\"summary_large_image\" \/>\n<meta name=\"twitter:label1\" content=\"Est. reading time\" \/>\n\t<meta name=\"twitter:data1\" content=\"2 minutes\" \/>\n<script type=\"application\/ld+json\" class=\"yoast-schema-graph\">{\"@context\":\"https:\\\/\\\/schema.org\",\"@graph\":[{\"@type\":\"WebPage\",\"@id\":\"https:\\\/\\\/paragaleriedetalborjt.com\\\/boutique\\\/renaissance-collagene-marin-poudre-100gr\\\/\",\"url\":\"https:\\\/\\\/paragaleriedetalborjt.com\\\/boutique\\\/renaissance-collagene-marin-poudre-100gr\\\/\",\"name\":\"Renaissance Collagene Marin Poudre 100gr - paragaleriedetalborjt\",\"isPartOf\":{\"@id\":\"https:\\\/\\\/paragaleriedetalborjt.com\\\/#website\"},\"primaryImageOfPage\":{\"@id\":\"https:\\\/\\\/paragaleriedetalborjt.com\\\/boutique\\\/renaissance-collagene-marin-poudre-100gr\\\/#primaryimage\"},\"image\":{\"@id\":\"https:\\\/\\\/paragaleriedetalborjt.com\\\/boutique\\\/renaissance-collagene-marin-poudre-100gr\\\/#primaryimage\"},\"thumbnailUrl\":\"https:\\\/\\\/paragaleriedetalborjt.com\\\/wp-content\\\/uploads\\\/2026\\\/01\\\/collagene_marin_poudre_100g_renaissance-600x500-1.png\",\"datePublished\":\"2026-01-03T00:22:42+00:00\",\"breadcrumb\":{\"@id\":\"https:\\\/\\\/paragaleriedetalborjt.com\\\/boutique\\\/renaissance-collagene-marin-poudre-100gr\\\/#breadcrumb\"},\"inLanguage\":\"en-US\",\"potentialAction\":[{\"@type\":\"ReadAction\",\"target\":[\"https:\\\/\\\/paragaleriedetalborjt.com\\\/boutique\\\/renaissance-collagene-marin-poudre-100gr\\\/\"]}]},{\"@type\":\"ImageObject\",\"inLanguage\":\"en-US\",\"@id\":\"https:\\\/\\\/paragaleriedetalborjt.com\\\/boutique\\\/renaissance-collagene-marin-poudre-100gr\\\/#primaryimage\",\"url\":\"https:\\\/\\\/paragaleriedetalborjt.com\\\/wp-content\\\/uploads\\\/2026\\\/01\\\/collagene_marin_poudre_100g_renaissance-600x500-1.png\",\"contentUrl\":\"https:\\\/\\\/paragaleriedetalborjt.com\\\/wp-content\\\/uploads\\\/2026\\\/01\\\/collagene_marin_poudre_100g_renaissance-600x500-1.png\",\"width\":600,\"height\":500},{\"@type\":\"BreadcrumbList\",\"@id\":\"https:\\\/\\\/paragaleriedetalborjt.com\\\/boutique\\\/renaissance-collagene-marin-poudre-100gr\\\/#breadcrumb\",\"itemListElement\":[{\"@type\":\"ListItem\",\"position\":1,\"name\":\"Accueil\",\"item\":\"https:\\\/\\\/paragaleriedetalborjt.com\\\/\"},{\"@type\":\"ListItem\",\"position\":2,\"name\":\"Boutique\",\"item\":\"https:\\\/\\\/paragaleriedetalborjt.com\\\/boutique\\\/\"},{\"@type\":\"ListItem\",\"position\":3,\"name\":\"Renaissance Collagene Marin Poudre 100gr\"}]},{\"@type\":\"WebSite\",\"@id\":\"https:\\\/\\\/paragaleriedetalborjt.com\\\/#website\",\"url\":\"https:\\\/\\\/paragaleriedetalborjt.com\\\/\",\"name\":\"paragaleriedetalborjt\",\"description\":\"\",\"potentialAction\":[{\"@type\":\"SearchAction\",\"target\":{\"@type\":\"EntryPoint\",\"urlTemplate\":\"https:\\\/\\\/paragaleriedetalborjt.com\\\/?s={search_term_string}\"},\"query-input\":{\"@type\":\"PropertyValueSpecification\",\"valueRequired\":true,\"valueName\":\"search_term_string\"}}],\"inLanguage\":\"en-US\"}]}<\/script>\n<!-- \/ Yoast SEO plugin. -->","yoast_head_json":{"title":"Renaissance Collagene Marin Poudre 100gr - paragaleriedetalborjt","robots":{"index":"index","follow":"follow","max-snippet":"max-snippet:-1","max-image-preview":"max-image-preview:large","max-video-preview":"max-video-preview:-1"},"canonical":"https:\/\/paragaleriedetalborjt.com\/en\/boutique\/renaissance-collagene-marin-poudre-100gr\/","og_locale":"en_US","og_type":"article","og_title":"Renaissance Collagene Marin Poudre 100gr - paragaleriedetalborjt","og_description":"Highlights:Le collag\u00e8ne est connu pour \u00eatre un composant essentiel de la peau, du cartilage, des muscles, des tendons et des os.","og_url":"https:\/\/paragaleriedetalborjt.com\/en\/boutique\/renaissance-collagene-marin-poudre-100gr\/","og_site_name":"paragaleriedetalborjt","og_image":[{"width":600,"height":500,"url":"https:\/\/paragaleriedetalborjt.com\/wp-content\/uploads\/2026\/01\/collagene_marin_poudre_100g_renaissance-600x500-1.png","type":"image\/png"}],"twitter_card":"summary_large_image","twitter_misc":{"Est. reading time":"2 minutes"},"schema":{"@context":"https:\/\/schema.org","@graph":[{"@type":"WebPage","@id":"https:\/\/paragaleriedetalborjt.com\/boutique\/renaissance-collagene-marin-poudre-100gr\/","url":"https:\/\/paragaleriedetalborjt.com\/boutique\/renaissance-collagene-marin-poudre-100gr\/","name":"Renaissance Collagene Marin Poudre 100gr - paragaleriedetalborjt","isPartOf":{"@id":"https:\/\/paragaleriedetalborjt.com\/#website"},"primaryImageOfPage":{"@id":"https:\/\/paragaleriedetalborjt.com\/boutique\/renaissance-collagene-marin-poudre-100gr\/#primaryimage"},"image":{"@id":"https:\/\/paragaleriedetalborjt.com\/boutique\/renaissance-collagene-marin-poudre-100gr\/#primaryimage"},"thumbnailUrl":"https:\/\/paragaleriedetalborjt.com\/wp-content\/uploads\/2026\/01\/collagene_marin_poudre_100g_renaissance-600x500-1.png","datePublished":"2026-01-03T00:22:42+00:00","breadcrumb":{"@id":"https:\/\/paragaleriedetalborjt.com\/boutique\/renaissance-collagene-marin-poudre-100gr\/#breadcrumb"},"inLanguage":"en-US","potentialAction":[{"@type":"ReadAction","target":["https:\/\/paragaleriedetalborjt.com\/boutique\/renaissance-collagene-marin-poudre-100gr\/"]}]},{"@type":"ImageObject","inLanguage":"en-US","@id":"https:\/\/paragaleriedetalborjt.com\/boutique\/renaissance-collagene-marin-poudre-100gr\/#primaryimage","url":"https:\/\/paragaleriedetalborjt.com\/wp-content\/uploads\/2026\/01\/collagene_marin_poudre_100g_renaissance-600x500-1.png","contentUrl":"https:\/\/paragaleriedetalborjt.com\/wp-content\/uploads\/2026\/01\/collagene_marin_poudre_100g_renaissance-600x500-1.png","width":600,"height":500},{"@type":"BreadcrumbList","@id":"https:\/\/paragaleriedetalborjt.com\/boutique\/renaissance-collagene-marin-poudre-100gr\/#breadcrumb","itemListElement":[{"@type":"ListItem","position":1,"name":"Accueil","item":"https:\/\/paragaleriedetalborjt.com\/"},{"@type":"ListItem","position":2,"name":"Boutique","item":"https:\/\/paragaleriedetalborjt.com\/boutique\/"},{"@type":"ListItem","position":3,"name":"Renaissance Collagene Marin Poudre 100gr"}]},{"@type":"WebSite","@id":"https:\/\/paragaleriedetalborjt.com\/#website","url":"https:\/\/paragaleriedetalborjt.com\/","name":"paragaleriedetalborjt","description":"","potentialAction":[{"@type":"SearchAction","target":{"@type":"EntryPoint","urlTemplate":"https:\/\/paragaleriedetalborjt.com\/?s={search_term_string}"},"query-input":{"@type":"PropertyValueSpecification","valueRequired":true,"valueName":"search_term_string"}}],"inLanguage":"en-US"}]}},"brands":[],"_links":{"self":[{"href":"https:\/\/paragaleriedetalborjt.com\/en\/wp-json\/wp\/v2\/product\/35204","targetHints":{"allow":["GET"]}}],"collection":[{"href":"https:\/\/paragaleriedetalborjt.com\/en\/wp-json\/wp\/v2\/product"}],"about":[{"href":"https:\/\/paragaleriedetalborjt.com\/en\/wp-json\/wp\/v2\/types\/product"}],"replies":[{"embeddable":true,"href":"https:\/\/paragaleriedetalborjt.com\/en\/wp-json\/wp\/v2\/comments?post=35204"}],"version-history":[{"count":1,"href":"https:\/\/paragaleriedetalborjt.com\/en\/wp-json\/wp\/v2\/product\/35204\/revisions"}],"predecessor-version":[{"id":35206,"href":"https:\/\/paragaleriedetalborjt.com\/en\/wp-json\/wp\/v2\/product\/35204\/revisions\/35206"}],"wp:featuredmedia":[{"embeddable":true,"href":"https:\/\/paragaleriedetalborjt.com\/en\/wp-json\/wp\/v2\/media\/35205"}],"wp:attachment":[{"href":"https:\/\/paragaleriedetalborjt.com\/en\/wp-json\/wp\/v2\/media?parent=35204"}],"wp:term":[{"taxonomy":"pwb-brand","embeddable":true,"href":"https:\/\/paragaleriedetalborjt.com\/en\/wp-json\/wp\/v2\/pwb-brand?post=35204"},{"taxonomy":"product_cat","embeddable":true,"href":"https:\/\/paragaleriedetalborjt.com\/en\/wp-json\/wp\/v2\/product_cat?post=35204"},{"taxonomy":"product_tag","embeddable":true,"href":"https:\/\/paragaleriedetalborjt.com\/en\/wp-json\/wp\/v2\/product_tag?post=35204"}],"curies":[{"name":"wp","href":"https:\/\/api.w.org\/{rel}","templated":true}]}}